{"id":4079,"date":"2024-02-01T16:01:25","date_gmt":"2024-02-01T16:01:25","guid":{"rendered":"https:\/\/novaiptv.org\/?page_id=4079"},"modified":"2024-02-01T16:01:25","modified_gmt":"2024-02-01T16:01:25","slug":"uslovi","status":"publish","type":"page","link":"https:\/\/novaiptv.to\/bs\/uslovi\/","title":{"rendered":"Terms NOVA IPTV"},"content":{"rendered":"<div data-elementor-type=\"wp-page\" data-elementor-id=\"4079\" class=\"elementor elementor-4079\" data-elementor-post-type=\"page\">\n\t\t\t\t<div class=\"elementor-element elementor-element-604deb6 e-flex e-con-boxed e-con e-parent\" data-id=\"604deb6\" data-element_type=\"container\">\n\t\t\t\t\t<div class=\"e-con-inner\">\n\t\t\t\t\t<\/div>\n\t\t\t\t<\/div>\n\t\t<div class=\"elementor-element elementor-element-a2ddb5b e-flex e-con-boxed e-con e-parent\" data-id=\"a2ddb5b\" data-element_type=\"container\">\n\t\t\t\t\t<div class=\"e-con-inner\">\n\t\t<div class=\"elementor-element elementor-element-de488ed e-con-full e-flex e-con e-child\" data-id=\"de488ed\" data-element_type=\"container\">\n\t\t\t\t<\/div>\n\t\t<div class=\"elementor-element elementor-element-e99c8ad e-con-full e-flex e-con e-child\" data-id=\"e99c8ad\" data-element_type=\"container\">\n\t\t\t\t<div class=\"elementor-element elementor-element-380cf04 elementor-widget elementor-widget-text-editor\" data-id=\"380cf04\" data-element_type=\"widget\" data-widget_type=\"text-editor.default\">\n\t\t\t\t\t\t\t\t\t<h3 style=\"text-align: center;\"><span style=\"color: #333333;\"><strong><p><\/p>\n<\/strong><p><strong><br><\/strong><\/p><p><strong>**Uslovi i odredbe za besplatnu probnu verziju IPTV-a**<\/strong><\/p><\/span><\/h3>\n<p><\/p>\n<h5 style=\"text-align: left;\"><span style=\"color: #333333;\">1. **Ponuda besplatnog probnog perioda**: Na\u0161a IPTV usluga nudi besplatni probni period bez obaveza kako bi korisnici mogli iskusiti funkcije i kvalitet na\u0161e usluge prije nego \u0161to se odlu\u010de za pretplatu.<\/span><\/h5>\n<h5>&nbsp;<\/h5>\n<h5 style=\"text-align: left;\"><span style=\"color: #333333;\">2. **Trajanje**: Besplatni probni period traje 2 sata, tokom kojih \u0107e korisnici imati pristup na\u0161em punom spektru kanala i funkcija.<\/span><\/h5>\n<h5>&nbsp;<\/h5>\n<h5 style=\"text-align: left;\"><span style=\"color: #333333;\">3. **Registracija**: Za pristup besplatnoj probnoj verziji nije potrebna registracija ili podaci o kreditnoj kartici. Jednostavno preuzmite na\u0161u aplikaciju ili pristupite na\u0161oj usluzi putem na\u0161e web stranice da biste zapo\u010deli probnu verziju.<\/span><\/h5>\n<h5>&nbsp;<\/h5>\n<h5 style=\"text-align: left;\"><span style=\"color: #333333;\">4. **Kori\u0161tenje**: Tokom besplatnog probnog perioda, korisnici se podsti\u010du da istra\u017ee funkcije i sadr\u017eaj dostupan na na\u0161oj IPTV usluzi. Me\u0111utim, od korisnika se o\u010dekuje da se u svakom trenutku pridr\u017eavaju na\u0161ih uslova kori\u0161tenja i politike prihvatljivog kori\u0161tenja.<\/span><\/h5>\n<h5>&nbsp;<\/h5>\n<h5 style=\"text-align: left;\"><span style=\"color: #333333;\">5. **Bez obaveze pretplate**: Besplatna probna verzija je odvojena od na\u0161e usluge pretplate i ne zahtijeva od korisnika da se u bilo kojem trenutku obave\u017eu na pretplatu.<\/span><\/h5>\n<h5>&nbsp;<\/h5>\n<h5 style=\"text-align: left;\"><span style=\"color: #333333;\">6. **Nema povrata novca**: Budu\u0107i da je besplatna probna verzija osmi\u0161ljena kako bi korisnicima omogu\u0107ila procjenu usluge prije kupovine, ne nudimo povrat novca za pretplate kupljene nakon isteka probnog perioda.<\/span><\/h5>\n<h5>&nbsp;<\/h5>\n<h5 style=\"text-align: left;\"><span style=\"color: #333333;\">7. **Otkazivanje**: Korisnici mogu slobodno prekinuti kori\u0161tenje besplatne probne verzije u bilo kojem trenutku tokom probnog perioda. Jednostavno prekinite pristup na\u0161oj usluzi i nije potrebna nikakva daljnja radnja.<\/span><\/h5>\n<h5>&nbsp;<\/h5>\n<h5 style=\"text-align: left;\"><span style=\"color: #333333;\">8. **Nastavak usluge**: Na kraju besplatnog probnog perioda, korisnici \u0107e imati mogu\u0107nost kupovine pretplate kako bi nastavili koristiti na\u0161u IPTV uslugu. Ukoliko se pretplata ne kupi, pristup usluzi \u0107e biti prekinut.<\/span><\/h5>\n<h5>&nbsp;<\/h5>\n<h5 style=\"text-align: left;\"><span style=\"color: #333333;\">9. **Izmjene uslova**: Zadr\u017eavamo pravo izmjene ili ukidanja besplatne probne ponude u bilo kojem trenutku bez prethodne najave. Sve promjene ovih uslova i odredbi bit \u0107e saop\u0107ene korisnicima putem na\u0161e web stranice.<\/span><\/h5>\n<h5>&nbsp;<\/h5>\n<h5 style=\"text-align: left;\"><span style=\"color: #333333;\">10. **Prihvatanje**: Pristupom besplatnoj probnoj verziji, korisnici pristaju da se pridr\u017eavaju ovih uslova i odredbi. Nepo\u0161tivanje ovih uslova mo\u017ee rezultirati prekidom besplatne probne verzije i\/ili suspenzijom pristupa na\u0161oj IPTV usluzi.<\/span><\/h5>\n<h5>&nbsp;<\/h5>\n<h5 style=\"text-align: left;\"><span style=\"color: #333333;\">11. **Kontaktirajte nas**: Ako imate bilo kakvih pitanja ili nedoumica u vezi s ponudom besplatnog probnog perioda ili na\u0161om IPTV uslugom, obratite se na\u0161em timu za korisni\u010dku podr\u0161ku.<\/span><\/h5>\n<h5>&nbsp;<\/h5>\n<h5 style=\"text-align: left;\"><span style=\"color: #333333;\">Pristupom besplatnoj probnoj verziji, korisnici potvr\u0111uju da su pro\u010ditali, razumjeli i da se sla\u017eu sa gore navedenim uslovima.<\/span><\/h5><div><br><br><\/div>\t\t\t\t\t\t\t\t<\/div>\n\t\t\t\t<\/div>\n\t\t<div class=\"elementor-element elementor-element-165aced e-con-full e-flex e-con e-child\" data-id=\"165aced\" data-element_type=\"container\">\n\t\t\t\t<\/div>\n\t\t\t\t\t<\/div>\n\t\t\t\t<\/div>\n\t\t\t\t<\/div>","protected":false},"excerpt":{"rendered":"<p>**Terms and Conditions for IPTV Free Trial** 1. **Free Trial Offer**: Our IPTV service offers a no-obligation free trial period to allow users to experience the features and quality of our service before deciding to subscribe. &nbsp; 2. **Duration**: The&#8230;<\/p>","protected":false},"author":1,"featured_media":0,"parent":0,"menu_order":0,"comment_status":"closed","ping_status":"closed","template":"","meta":{"footnotes":""},"class_list":["post-4079","page","type-page","status-publish","hentry"],"_links":{"self":[{"href":"https:\/\/novaiptv.to\/bs\/wp-json\/wp\/v2\/pages\/4079","targetHints":{"allow":["GET"]}}],"collection":[{"href":"https:\/\/novaiptv.to\/bs\/wp-json\/wp\/v2\/pages"}],"about":[{"href":"https:\/\/novaiptv.to\/bs\/wp-json\/wp\/v2\/types\/page"}],"author":[{"embeddable":true,"href":"https:\/\/novaiptv.to\/bs\/wp-json\/wp\/v2\/users\/1"}],"replies":[{"embeddable":true,"href":"https:\/\/novaiptv.to\/bs\/wp-json\/wp\/v2\/comments?post=4079"}],"version-history":[{"count":0,"href":"https:\/\/novaiptv.to\/bs\/wp-json\/wp\/v2\/pages\/4079\/revisions"}],"wp:attachment":[{"href":"https:\/\/novaiptv.to\/bs\/wp-json\/wp\/v2\/media?parent=4079"}],"curies":[{"name":"wp","href":"https:\/\/api.w.org\/{rel}","templated":true}]}}