{"id":7748,"date":"2025-07-19T11:13:10","date_gmt":"2025-07-19T11:13:10","guid":{"rendered":"https:\/\/novaiptv.org\/?page_id=7748"},"modified":"2025-07-19T11:13:10","modified_gmt":"2025-07-19T11:13:10","slug":"vodic-za-iptv","status":"publish","type":"page","link":"https:\/\/novaiptv.to\/bs\/vodic-za-iptv\/","title":{"rendered":"7 Surprising Truths About IPTVs &#038; The Best IPTV Services for 2025"},"content":{"rendered":"<div data-elementor-type=\"wp-page\" data-elementor-id=\"7748\" class=\"elementor elementor-7748\" data-elementor-post-type=\"page\">\n\t\t\t\t<div class=\"elementor-element elementor-element-6676031 e-flex e-con-boxed e-con e-parent\" data-id=\"6676031\" data-element_type=\"container\">\n\t\t\t\t\t<div class=\"e-con-inner\">\n\t\t\t\t\t<\/div>\n\t\t\t\t<\/div>\n\t\t<div class=\"elementor-element elementor-element-c58c47b e-flex e-con-boxed e-con e-parent\" data-id=\"c58c47b\" data-element_type=\"container\">\n\t\t\t\t\t<div class=\"e-con-inner\">\n\t\t\t\t<div class=\"elementor-element elementor-element-eac6538 elementor-widget elementor-widget-html\" data-id=\"eac6538\" data-element_type=\"widget\" data-widget_type=\"html.default\">\n\t\t\t\t\t<section class=\"iptv-article-section\">\n  <style>\n    .iptv-article-section{\n      --iptv-max-width: 960px;\n      --iptv-accent:#2563eb;\n      --iptv-bg:#0f1115;\n      --iptv-surface:#161a20;\n      --iptv-border:#2a3039;\n      --iptv-text:#e5e7eb;\n      --iptv-muted:#94a3b8;\n      --iptv-radius:14px;\n      --iptv-gradient:linear-gradient(135deg,#1e293b 0%,#0f172a 60%,#020617 100%);\n      background:var(--iptv-bg);\n      padding: clamp(2rem,4vw,3.5rem) 1.25rem;\n      font-family: \"Inter\", system-ui, -apple-system, BlinkMacSystemFont, \"Segoe UI\", Roboto, \"Helvetica Neue\", Arial, sans-serif;\n      line-height:1.6;\n      color:var(--iptv-text);\n    }\n    .iptv-article-section .iptv-container{\n      max-width:var(--iptv-max-width);\n      margin:0 auto;\n      background:var(--iptv-surface);\n      border:1px solid var(--iptv-border);\n      padding:clamp(1.75rem,2.5vw,2.5rem) clamp(1.5rem,2.5vw,3rem);\n      border-radius:var(--iptv-radius);\n      box-shadow:0 8px 28px -6px rgba(0,0,0,.55),0 0 0 1px rgba(255,255,255,0.02) inset;\n      background-image:\n        radial-gradient(circle at 15% 10%,rgba(59,130,246,.15),transparent 60%),\n        radial-gradient(circle at 85% 85%,rgba(56,189,248,.1),transparent 55%),\n        var(--iptv-gradient);\n      overflow:hidden;\n    }\n    .iptv-article-section img.logo{\n      display:block;\n      max-width:140px;\n      margin:0 0 1.25rem;\n      filter:drop-shadow(0 4px 10px rgba(0,0,0,.4));\n    }\n    .iptv-article-section h1,\n    .iptv-article-section h2,\n    .iptv-article-section h3{\n      font-weight:600;\n      line-height:1.25;\n      letter-spacing:-.02em;\n      scroll-margin-top:90px;\n    }\n    .iptv-article-section h1{\n      font-size:clamp(2.1rem,4.2vw,3.1rem);\n      background:linear-gradient(90deg,#60a5fa,#38bdf8 40%,#818cf8);\n      -webkit-background-clip:text;\n      color:transparent;\n      margin:0 0 1.2rem;\n    }\n    .iptv-article-section h2{\n      font-size:clamp(1.55rem,2.9vw,2.1rem);\n      margin:2.4rem 0 1rem;\n      color:#f1f5f9;\n      position:relative;\n    }\n    .iptv-article-section h2:after{\n      content:\"\";\n      position:absolute;\n      left:0;\n      bottom:-.55rem;\n      width:68px;\n      height:3px;\n      border-radius:3px;\n      background:linear-gradient(90deg,#3b82f6,#0ea5e9);\n      box-shadow:0 0 0 1px rgba(255,255,255,.05);\n    }\n    .iptv-article-section h3{\n      font-size:clamp(1.25rem,2.2vw,1.5rem);\n      margin:2.1rem 0 .85rem;\n      color:#e2e8f0;\n    }\n    .iptv-article-section p{\n      margin:0 0 1.05rem;\n      font-size:1.01rem;\n    }\n    .iptv-article-section p strong{color:#f8fafc;}\n    .iptv-article-section ul{\n      margin:0 0 1.4rem 1.15rem;\n      padding:0;\n      list-style:none;\n    }\n    .iptv-article-section ul li{\n      position:relative;\n      padding:.4rem .75rem .4rem 1.75rem;\n      margin:.25rem 0;\n      background:rgba(255,255,255,.04);\n      border:1px solid rgba(255,255,255,.07);\n      border-radius:10px;\n      font-size:.97rem;\n      line-height:1.45;\n      backdrop-filter:blur(4px);\n    }\n    .iptv-article-section ul li:before{\n      content:\"\";\n      position:absolute;\n      left:.7rem;\n      top:50%;\n      width:.55rem;\n      height:.55rem;\n      background:linear-gradient(135deg,#3b82f6,#0ea5e9);\n      border-radius:50%;\n      transform:translateY(-50%);\n      box-shadow:0 0 0 3px rgba(59,130,246,.15);\n    }\n    .iptv-article-section a{\n      color:#38bdf8;\n      text-decoration:none;\n      font-weight:500;\n      position:relative;\n    }\n    .iptv-article-section a:after{\n      content:\"\";\n      position:absolute;\n      left:0;\n      bottom:-2px;\n      width:100%;\n      height:2px;\n      background:linear-gradient(90deg,#3b82f6,#06b6d4);\n      transform:scaleX(0);\n      transform-origin:left;\n      transition:.35s cubic-bezier(.65,.05,.36,1);\n    }\n    .iptv-article-section a:hover:after{transform:scaleX(1);}\n    .iptv-article-section blockquote{\n      margin:2rem 0;\n      padding:1.25rem 1.5rem 1.25rem 1.25rem;\n      border-left:5px solid #38bdf8;\n      background:rgba(56,189,248,.08);\n      border-radius:0 14px 14px 0;\n      font-style:italic;\n    }\n    .iptv-article-section code{\n      background:#1e293b;\n      color:#f1f5f9;\n      padding:.2em .5em;\n      border-radius:6px;\n      font-size:.85rem;\n      font-family:ui-monospace, SFMono-Regular, Menlo, Monaco, \"Courier New\", monospace;\n    }\n    .iptv-meta{\n      font-size:.8rem;\n      letter-spacing:.06em;\n      text-transform:uppercase;\n      margin-bottom:1.2rem;\n      color:var(--iptv-muted);\n    }\n    .iptv-article-section hr{\n      border:none;\n      height:1px;\n      background:linear-gradient(90deg,transparent,#334155 20%,#334155 80%,transparent);\n      margin:2.75rem 0;\n    }\n    .iptv-article-section .iptv-grid{\n      display:grid;\n      gap:1.25rem;\n    }\n    .iptv-article-section strong{font-weight:600;}\n    @media (min-width:780px){\n      .iptv-article-section ul li{display:block;}\n    }\n  <\/style>\n  <div class=\"iptv-container\">\n\n    <h1>\u0160ta su IPTV-i? Razumijevanje zbunjuju\u0107eg termina koji stoji iza IPTV usluga<\/h1>\n\n    <meta name=\"description\" content=\"Zanimaju vas &quot;IPTV-i&quot;? Otkrijte pravo zna\u010denje termina i istra\u017eite najbolje IPTV usluge u 2025. godini. Strimujte pametnije uz NovaIPTV.\">\n\n    <h2>Uvod u IPTV \u2013 Pogre\u0161no shva\u0107en termin<\/h2>\n    <p>Ako ste se zatekli kako tra\u017eite &quot;IPTV&quot;, niste sami. Mnogi ljudi nailaze na ovaj termin kada tra\u017ee na\u010dine da pobolj\u0161aju svoje iskustvo streaminga. Ali \u0161ta ta\u010dno... <strong>su IPTV-i<\/strong>, i je li to uop\u0161te ta\u010dno ime za ono \u0161to tra\u017eite?<\/p>\n    <p>Hajde da razjasnimo zabunu:<\/p>\n    <ul>\n      <li>Ispravan termin je <strong>IPTV<\/strong>, \u0161to zna\u010di <em>Internet protokol televizije<\/em>.<\/li>\n      <li>\u201c&quot;IPTV&quot; u mno\u017eini je uobi\u010dajena zabuna, \u010desto kori\u0161tena na forumima i tr\u017ei\u0161tima. Obi\u010dno zna\u010di da ljudi tra\u017ee <strong><a href=\"https:\/\/novaiptv.to\/bs\/strategije-za-iptv-odiseju\/\">IPTV usluge<\/strong>, <strong>IPTV provajderi<\/strong>, ili \u010dak odre\u0111ene ure\u0111aje koji omogu\u0107avaju IPTV streaming<\/a>.<\/li>\n      <li>Mno\u017eina &quot;IPTV&quot; ne odnosi se na vrstu proizvoda. Umjesto toga, vi\u0161e se odnosi na <a href=\"https:\/\/novaiptv.to\/bs\/nova-iptv-pricing\/\">IPTV pretplate<\/a>, streaming platforme ili ponekad ure\u0111aji koji podr\u017eavaju IPTV.<\/li>\n    <\/ul>\n    <p>\u010citaju\u0107i dalje, ne samo da \u0107ete razumjeti pravo zna\u010denje pojma &quot;IPTV&quot;, ve\u0107 \u0107ete otkriti i kako NovaIPTV mo\u017ee u\u010diniti va\u0161e iskustvo streaminga daleko boljim od tradicionalne televizije.<\/p>\n\n    <h2>\u0160ta je IPTV?<\/h2>\n    <p>Da bismo zaista shvatili \u0161ta ljudi podrazumijevaju pod pojmom &quot;IPTV&quot;, prvo \u0107emo razjasniti \u0161ta... <a href=\"https:\/\/en.wikipedia.org\/wiki\/Internet_Protocol_television\" target=\"_blank\" rel=\"noopener\"> IPTV <\/a> sve se vrti oko.<\/p>\n\n    <h3>Kako IPTV funkcioni\u0161e<\/h3>\n    <p>Umjesto konvencionalnih kablovskih ili satelitskih signala, <strong>IPTV (Internet protokol televizije)<\/strong> pru\u017ea TV u\u017eivo <a href=\"https:\/\/novaiptv.to\/bs\/kanali\/\">kanali<\/a> i sadr\u017eaj na zahtjev putem interneta. Zamislite to kao Netflix ili YouTube, ali za sve va\u0161e potrebe za televizijom u\u017eivo.<\/p>\n    <p>Evo kako funkcioni\u0161e:<\/p>\n    <ul>\n      <li>Jedan <a href=\"https:\/\/novaiptv.to\/bs\/5-reasons-nova-iptv-is-the-top-streaming-service-now\/\" title=\"5 razloga za\u0161to je Nova IPTV trenutno najbolja streaming usluga!\" data-wpil-monitor-id=\"189\">IPTV provajder hostuje televizijske kanale i streamove<\/a> na sigurnim serverima.<\/li>\n      <li>Kada ti <a href=\"https:\/\/novaiptv.to\/bs\/kupite-iptv-pretplatu-u-sad-u-2025\/\">kupite IPTV pretplatu<\/a>, dobit \u0107ete pristupne podatke ili link za playlistu.<\/li>\n      <li>Jednostavno koristite <a href=\"https:\/\/novaiptv.to\/bs\/najbolji-iptv-plejer-za-firestick\/\">IPTV aplikacija<\/a> (na va\u0161em Smart TV-u, Firesticku ili telefonu) za pristup hiljadama kanala i emisija u\u017eivo putem internet veze.<\/li>\n    <\/ul>\n    <p>Zamislite da zamijenite svoju staru TV antenu za brzu Wi-Fi vezu - bez kablova, prijemnika ili geografskih ograni\u010denja.<\/p>\n\n    <h3>Prednosti u odnosu na tradicionalnu kablovsku\/satelitsku televiziju<\/h3>\n    <p>Ljudi prelaze s kablovske na <a href=\"https:\/\/novaiptv.to\/bs\/vodic-za-xtream-iptv-kanada-za-2025-godinu\/\">IPTV usluge<\/a> iz veoma dobrih razloga:<\/p>\n    <ul>\n      <li><strong>\u0160iri izbor<\/strong>Pristup hiljadama globalnih kanala i sadr\u017eaja na zahtjev.<\/li>\n      <li><strong>Za ponijeti<\/strong>Koristi <a href=\"https:\/\/novaiptv.to\/bs\/iptv\/canada\/\" title=\"IPTV Kanada 2025 \u2013 Ultimativni vodi\u010d za Nova IPTV (Planovi, ure\u0111aji i besplatna probna verzija)\" data-wpil-monitor-id=\"152\">IPTV na gotovo svakom ure\u0111aju<\/a>, bilo gdje s internetom.<\/li>\n      <li><strong>Fleksibilnost<\/strong>Birajte izme\u0111u kratkoro\u010dnih ili dugoro\u010dnih planova, a ne krutih godi\u0161njih ugovora.<\/li>\n      <li><strong>U\u0161teda tro\u0161kova<\/strong>: <a href=\"https:\/\/novaiptv.to\/bs\/najbolja-iptv-pretplata-2025\/\">IPTV pretplate<\/a> \u010desto su daleko jeftiniji od tradicionalnih kablovskih ili satelitskih paketa.<\/li>\n      <li><strong>Bogate funkcije<\/strong>U\u017eivajte u HD\/4K kvaliteti, elektronskim programskim vodi\u010dima (EPG), pa \u010dak i funkcijama pra\u0107enja\/ponovne reprodukcije.<\/li>\n    <\/ul>\n\n    <h3>\u0160ta vam je potrebno za kori\u0161tenje IPTV-a<\/h3>\n    <p>Po\u010detak kori\u0161tenja IPTV-a je jednostavniji nego \u0161to mislite. Evo \u0161ta vam je potrebno:<\/p>\n    <ul>\n      <li><strong>Pouzdan IPTV provajder<\/strong> (kao NovaIPTV)<\/li>\n      <li><strong>Stabilna internet veza velike brzine<\/strong> (preporu\u010duje se najmanje 10 Mbps)<\/li>\n      <li><strong>Kompatibilan ure\u0111aj<\/strong> \u2013 Pametni televizor, <a href=\"https:\/\/novaiptv.to\/bs\/instalirajte-protonvpn-na-svoj-fire-stick-2025\/\">Fire TV Stick<\/a>, MAG box, Android telefon, tablet, iOS ure\u0111aj ili ra\u010dunar.<\/li>\n      <li><strong>Jedan <\/strong><a href=\"https:\/\/novaiptv.to\/bs\/iptv-pametniji-lg-pametni-televizori-2025\/\">IPTV aplikacija \u2013 opcije uklju\u010duju Smart IPTV, IPTV Smarters<\/a>, TiviMate ili drugi.<\/li>\n    <\/ul>\n    <p>\u017delite znati koji je ure\u0111aj najbolji? Pogledajte na\u0161u <a href=\"\/bs\/smart-tv-2025\/\">Vodi\u010d za pametne televizore za 2025. godinu<\/a>.<\/p>\n\n    <h2>Za\u0161to ljudi pretra\u017euju &quot;IPTV&quot;?<\/h2>\n    <p>Mo\u017eda se pitate za\u0161to toliko ljudi tra\u017ei \u201ciptvs\u201d umjesto \u201cIPTV\u201d. Evo za\u0161to:<\/p>\n    <ul>\n      <li><strong>Uobi\u010dajene tipografske gre\u0161ke i automatski prijedlozi<\/strong>Tra\u017eilice \u010desto automatski dovr\u0161avaju upite za &quot;iptvs&quot; jer to mnogi korisnici upisuju gre\u0161kom ili iz navike.<\/li>\n      <li><strong>Generi\u010dke reference<\/strong>Na online tr\u017ei\u0161tima i forumima, ljudi se pozivaju na <a href=\"https:\/\/novaiptv.to\/bs\/\">IPTV usluge<\/a> zajedni\u010dki nazvani \u201cIPTV-i\u201d.\u201d<\/li>\n      <li><strong>Trendovi u pretra\u017eivanju<\/strong>Kako sve vi\u0161e korisnika eksperimenti\u0161e sa ku\u0107nim streamingom, termini poput \u201cnajbolji <a href=\"https:\/\/novaiptv.to\/bs\/kupite-iptv-pretplatu-u-sad-u-2025\/\">IPTV-ovi<\/a> za Firestick\u201d, \u201cjeftini IPTV-i\u201d ili \u201cfunkcionalni IPTV-i u 2025.\u201d trend u analitici pretrage.<\/li>\n    <\/ul>\n    <p>Ako ste ovdje, sigurno tra\u017eite najnovije i <a class=\"wpil_keyword_link\" href=\"https:\/\/novaiptv.to\/bs\/\" title=\"najbolji IPTV\" data-wpil-keyword-link=\"linked\">najbolji IPTV<\/a> usluge, bez obzira na pravopis.<\/p>\n\n    <h2>IPTV vs IPTV pretplate: \u0160ta je zapravo bitno?<\/h2>\n    <p>Da pojasnimo: \u201cIPTV\u201d se ne odnosi na ure\u0111aje ili druga\u010diji nivo usluge \u2014 sve se svodi na <a href=\"https:\/\/novaiptv.to\/bs\/nova-iptv-uk-premium-iptv-pretplata\/\">IPTV pretplate<\/a> i pru\u017eatelji usluga.<\/p>\n    <p><a href=\"https:\/\/novaiptv.to\/bs\/besplatna-probna-verzija-iptv-a-u-kanadi-2025\/\"><\/a><a href=\"https:\/\/novaiptv.to\/bs\/besplatna-probna-verzija-iptv-a-u-kanadi-2025\/\"><\/a><strong>Evo \u0161ta je va\u017eno kada tra\u017eite pouzdane IPTV usluge:<\/strong><\/p>\n    <ul>\n      <li><strong>Veliki izbor kanala:<\/strong> Me\u0111unarodni, lokalni, sportski, zabavni, PPV, dje\u010dji, filmovi.<\/li>\n      <li><strong>Visokokvalitetni streamovi:<\/strong> Nudi HD ili 4K opcije, minimalno baferovanje.<\/li>\n      <li><strong>Jednostavno pode\u0161avanje:<\/strong> Jednostavna URL lista za reprodukciju ili portala radi na ve\u0107ini ure\u0111aja.<\/li>\n      <li><strong>Podr\u0161ka 24\/7:<\/strong> Pomo\u0107 putem chata ili e-po\u0161te za bezbri\u017ean streaming.<\/li>\n    <\/ul>\n\n    <h3>Ponude NovaIPTV-a<\/h3>\n    <p>NovaIPTV je prepoznat po:<\/p>\n    <ul>\n      <li><strong>Stabilni, visokokvalitetni streamovi<\/strong> sa preko 20.000 kanala.<\/li>\n      <li><strong>Ultrabrzi serveri<\/strong> za nesmetano strimovanje, \u010dak i tokom vrhunskih sportskih doga\u0111aja.<\/li>\n      <li><strong>Fleksibilni planovi<\/strong> za sve bud\u017eete. Istra\u017eite sada na na\u0161em <a href=\"\/bs\/plans\/\">Stranica s planovima<\/a>.<\/li>\n      <li><strong>Jednostavno za kori\u0161tenje <\/strong><a href=\"https:\/\/novaiptv.to\/bs\/iptv-smarters-pro-podesavanje-2025\/\" title=\"IPTV Smarters Pro pode\u0161avanje za NovaIPTV \u2014 Instalacija, EPG i savjeti\" data-wpil-monitor-id=\"10\">podr\u0161ka za instalaciju \u2014 od pode\u0161avanja<\/a> vodi\u010di za pomo\u0107 putem chata u\u017eivo.<\/li>\n    <\/ul>\n    <p>Tra\u017eite &quot;iptvs&quot;? Stigli ste do jednog od najpouzdanijih IPTV provajdera u 2025. godini.<\/p>\n\n    <h2>Kako odabrati najbolju IPTV uslugu u 2025. godini<\/h2>\n    <p>S toliko dostupnih opcija, kako znate koja <a class=\"wpil_keyword_link\" href=\"https:\/\/novaiptv.to\/bs\/\" title=\"IPTV pretplata\" data-wpil-keyword-link=\"linked\">IPTV pretplata<\/a> je pravo za vas? Imajte na umu ove faktore:<\/p>\n    <ul>\n      <li><strong>Stabilnost i vrijeme rada:<\/strong> Konzistentna usluga je bitna \u2014 ne \u017eelite baferovanje tokom va\u017ene utakmice.<\/li>\n      <li><strong>Elektronski programski vodi\u010d (EPG):<\/strong> Ugra\u0111eni TV vodi\u010d olak\u0161ava pregledavanje kanala.<\/li>\n      <li><strong>Opse\u017ena biblioteka sadr\u017eaja:<\/strong> Vi\u0161e kanala, ve\u0107i izbor \u2014 potra\u017eite globalnu pokrivenost.<\/li>\n      <li><strong>Podr\u0161ka korisnicima:<\/strong> Brza pomo\u0107 kada vam zatreba.<\/li>\n      <li><strong>HD i 4K Steamovi:<\/strong> Za najo\u0161triju sliku, zahtijevajte visokokvalitetne opcije.<\/li>\n      <li><strong>Kompatibilnost:<\/strong> Provjerite da li provajder radi s va\u0161im ure\u0111ajima - Firestick, Smart TV, Android itd.<\/li>\n    <\/ul>\n\n    <h3>Za\u0161to odabrati NovaIPTV?<\/h3>\n    <ul>\n      <li><strong>Nepokolebljivo vrijeme rada<\/strong> i vode\u0107u pouzdanost u industriji.<\/li>\n      <li><strong>Potpuni EPG i funkcije nadokna\u0111ivanja propu\u0161tenog vremena<\/strong> \u2014 tako da nikada ne propustite omiljenu emisiju.<\/li>\n      <li><strong>Strimujte na svim glavnim platformama<\/strong> \u2014 uklju\u010duju\u0107i <a href=\"\/bs\/smart-tv-2025\/\">Pametni televizori<\/a>, <a href=\"\/bs\/smart-tv-2025\/\">Vatreni \u0161tapi\u0107<\/a>, <a href=\"\/bs\/ios-apple-2025\/\">Android\/iOS<\/a>.<\/li>\n      <li><strong>Transparentne, pristupa\u010dne cijene<\/strong> \u2014 bez ikakvih skrivenih tro\u0161kova.<\/li>\n      <li><strong>Probno razdoblje bez rizika<\/strong> pa i sami mo\u017eete vidjeti razliku.<\/li>\n    <\/ul>\n    <p>Otkrijte na\u0161e najnovije <a href=\"\/bs\/plans\/\">planovi i ponude<\/a> sada.<\/p>\n\n    <h2>Je li kori\u0161tenje IPTV-a sigurno i legalno?<\/h2>\n    <p>\u201c&quot;Je li <a href=\"https:\/\/novaiptv.to\/bs\/je-li-iptv-legalan-u-kanadi\/\">IPTV<\/a> &quot;Legalno?&quot; je sljede\u0107e veliko pitanje nakon pronalaska pravog IPTV provajdera.<\/p>\n    <ul>\n      <li><strong>Legalnost zavisi od usluge<\/strong>Ne svi <a href=\"https:\/\/novaiptv.to\/bs\/najbolje-iptv-reddit-usluge-u-kanadi-za-2025-godinu\/\">IPTV usluge<\/a> su legitimni. Pobrinite se da odaberete dobro ocijenjenog i uskla\u0111enog IPTV provajdera.<\/li>\n      <li><strong>Privatnost li\u010dnih podataka<\/strong>Strimovanje sadr\u017eaja, posebno iz me\u0111unarodnih izvora, mo\u017ee pove\u0107ati ograni\u010denja privatnosti ili geografska ograni\u010denja.<\/li>\n    <\/ul>\n\n    <h3>Za\u0161titite se VPN-om<\/h3>\n    <p>VPN (virtualna privatna mre\u017ea) \u0161ifrira va\u0161u aktivnost i poma\u017ee vam da izbjegnete regionalne blokade ili ograni\u010davanje internet provajdera. Ostanite sigurni slijede\u0107i na\u0161e <a href=\"\/bs\/vpn-setup\/\">Vodi\u010d za pode\u0161avanje VPN-a<\/a>.<\/p>\n    <p><strong>Profesionalni savjet:<\/strong> Uvijek kombinujte svoje <a class=\"wpil_keyword_link\" href=\"https:\/\/novaiptv.to\/bs\/blog\/poredenje-cijena-iptv-a-i-kablovske-televizije-u-2025-godini\/\" title=\"IPTV pretplata\" data-wpil-keyword-link=\"linked\">IPTV pretplata<\/a> sa solidnim VPN-om za sigurnost i bezbri\u017enost.<\/p>\n\n    <h2>Kompatibilni ure\u0111aji za IPTV<\/h2>\n    <p>Pitate se mo\u017eete li koristiti svoje &quot;IPTV-e&quot; na trenutnoj postavci? IPTV usluge su danas izuzetno fleksibilne.<\/p>\n\n    <h3>Podr\u017eani ure\u0111aji uklju\u010duju:<\/h3>\n    <ul>\n      <li><strong>Pametni televizori<\/strong> (LG, Samsung, Sony i drugi)<\/li>\n      <li><strong>Amazon Firestick<\/strong> i Vatrogasna televizija<\/li>\n      <li><strong>Android telefoni i tableti<\/strong><\/li>\n      <li><strong>iPhone, iPad, Apple TV<\/strong><\/li>\n      <li><strong>MAG kutije, Enigma2<\/strong><\/li>\n      <li><strong>Windows i Mac ra\u010dunari<\/strong><\/li>\n    <\/ul>\n    <p>Za detalje o najboljem pode\u0161avanju ure\u0111aja, pogledajte na\u0161e vodi\u010de za <a href=\"\/bs\/smart-tv-2025\/\">Pametni televizori<\/a> i <a href=\"\/bs\/ios-apple-2025\/\">Apple ure\u0111aji<\/a>.<\/p>\n\n    <h2>Zavr\u0161ne misli \u2013 IPTV mo\u017eda nije pravi termin, ali ste na pravom mjestu.<\/h2>\n    <p>Iako &quot;IPTV&quot; tehni\u010dki nije ta\u010dno, va\u0161a pretraga vas je dovela na pravo mjesto. Bez obzira da li istra\u017eujete IPTV za Firestick, tra\u017eite novo iskustvo streaminga ili \u017eelite da uporedite... <a href=\"https:\/\/novaiptv.to\/bs\/najbolje-iptv-usluge-u-velikoj-britaniji-2025\/\">vrhunske IPTV usluge<\/a> 2025. godine, <strong>NovaIPTV<\/strong> je va\u0161 pouzdani partner u svijetu IPTV-a.<\/p>\n    <p><strong>Spremni da podignete svoje streamanje na vi\u0161i nivo?<\/strong><\/p>\n    <ul>\n      <li>Istra\u017eite na\u0161e fleksibilne <a href=\"\/bs\/plans\/\">IPTV planovi<\/a>.<\/li>\n      <li>Pro\u010ditajte korisno <a href=\"https:\/\/novaiptv.to\/bs\/iptv\/usa\/\" title=\"IPTV SAD 2025 \u2013 Ultimativni vodi\u010d za Nova IPTV (Najbolji planovi, ure\u0111aji i pode\u0161avanja)\" data-wpil-monitor-id=\"118\">vodi\u010di za pode\u0161avanje va\u0161eg ure\u0111aja<\/a>.<\/li>\n      <li>U\u017eivajte u IPTV-u bez rizika uz garanciju povrata novca.<\/li>\n    <\/ul>\n    <p>Prestanite tra\u017eiti &quot;iptvs&quot; i po\u010dnite pametnije strimovati uz NovaIPTV. Budu\u0107nost televizije je stigla - zgrabite svoj <a href=\"\/bs\/plans\/\">IPTV pretplata<\/a> danas!<\/p>\n\n    <p><strong>Interni linkovi u ovom \u010dlanku:<\/strong><\/p>\n    <ul>\n      <li><a href=\"\/bs\/plans\/\">Planovi<\/a><\/li>\n      <li><a href=\"\/bs\/vpn-setup\/\">Postavljanje VPN-a<\/a><\/li>\n      <li><a href=\"\/bs\/smart-tv-2025\/\">Vodi\u010d za pametne televizore za 2025. godinu<\/a><\/li>\n      <li><a href=\"\/bs\/ios-apple-2025\/\">Vodi\u010d za iOS \/ Apple za 2025. godinu<\/a><\/li>\n    <\/ul>\n  <\/div>\n<\/section>\t\t\t\t<\/div>\n\t\t\t\t\t<\/div>\n\t\t\t\t<\/div>\n\t\t\t\t<\/div>","protected":false},"excerpt":{"rendered":"<p>What Are IPTVs? Understanding the Confusing Term Behind IPTV Services Introduction to IPTVs \u2013 A Misunderstood Term If you\u2019ve found yourself searching for \u201cIPTVs,\u201d you\u2019re not alone. Many people stumble across this term when looking for ways to upgrade their&#8230;<\/p>","protected":false},"author":1,"featured_media":7752,"parent":0,"menu_order":0,"comment_status":"closed","ping_status":"closed","template":"","meta":{"footnotes":""},"class_list":["post-7748","page","type-page","status-publish","has-post-thumbnail","hentry"],"_links":{"self":[{"href":"https:\/\/novaiptv.to\/bs\/wp-json\/wp\/v2\/pages\/7748","targetHints":{"allow":["GET"]}}],"collection":[{"href":"https:\/\/novaiptv.to\/bs\/wp-json\/wp\/v2\/pages"}],"about":[{"href":"https:\/\/novaiptv.to\/bs\/wp-json\/wp\/v2\/types\/page"}],"author":[{"embeddable":true,"href":"https:\/\/novaiptv.to\/bs\/wp-json\/wp\/v2\/users\/1"}],"replies":[{"embeddable":true,"href":"https:\/\/novaiptv.to\/bs\/wp-json\/wp\/v2\/comments?post=7748"}],"version-history":[{"count":0,"href":"https:\/\/novaiptv.to\/bs\/wp-json\/wp\/v2\/pages\/7748\/revisions"}],"wp:featuredmedia":[{"embeddable":true,"href":"https:\/\/novaiptv.to\/bs\/wp-json\/wp\/v2\/media\/7752"}],"wp:attachment":[{"href":"https:\/\/novaiptv.to\/bs\/wp-json\/wp\/v2\/media?parent=7748"}],"curies":[{"name":"wp","href":"https:\/\/api.w.org\/{rel}","templated":true}]}}