{"id":7773,"date":"2025-07-29T09:45:37","date_gmt":"2025-07-29T09:45:37","guid":{"rendered":"https:\/\/novaiptv.org\/?page_id=7773"},"modified":"2025-07-29T09:45:37","modified_gmt":"2025-07-29T09:45:37","slug":"iptv-nova-2025","status":"publish","type":"page","link":"https:\/\/novaiptv.to\/bs\/iptv-nova-2025\/","title":{"rendered":"IPTV Nova &#8211; Stream Your World in Stunning Clarity 2025"},"content":{"rendered":"<div data-elementor-type=\"wp-page\" data-elementor-id=\"7773\" class=\"elementor elementor-7773\" data-elementor-post-type=\"page\">\n\t\t\t\t<div class=\"elementor-element elementor-element-60fad05 e-flex e-con-boxed e-con e-parent\" data-id=\"60fad05\" data-element_type=\"container\">\n\t\t\t\t\t<div class=\"e-con-inner\">\n\t\t\t\t<div class=\"elementor-element elementor-element-1e03b46 elementor-widget elementor-widget-html\" data-id=\"1e03b46\" data-element_type=\"widget\" data-widget_type=\"html.default\">\n\t\t\t\t\t<style>\n    * {\n      margin: 0;\n      padding: 0;\n      box-sizing: border-box;\n      font-family: 'Montserrat', sans-serif;\n    }\n    body {\n      background: #f0f4f8;\n      color: #1a202c;\n      line-height: 1.8;\n      overflow-x: hidden;\n    }\n    header {\n      background: linear-gradient(135deg, #6b46c1, #00c4b4);\n      color: white;\n      text-align: center;\n      padding: 5rem 1rem;\n      position: relative;\n      overflow: hidden;\n    }\n    header::before {\n      content: '';\n      position: absolute;\n      top: -20%;\n      left: -20%;\n      width: 140%;\n      height: 140%;\n      background: radial-gradient(circle, rgba(255,255,255,0.3), transparent);\n      transform: rotate(30deg);\n      z-index: 0;\n    }\n    h1 {\n      font-family: 'Playfair Display', serif;\n      font-size: 3.5rem;\n      font-weight: 700;\n      margin-bottom: 1.5rem;\n      position: relative;\n      z-index: 1;\n      text-shadow: 0 3px 6px rgba(0,0,0,0.3);\n    }\n    h2 {\n      font-family: 'Playfair Display', serif;\n      font-size: 2.3rem;\n      font-weight: 600;\n      color: #2d3748;\n      margin: 3.5rem 0 1.5rem;\n      text-align: center;\n      position: relative;\n    }\n    h2::after {\n      content: '';\n      display: block;\n      width: 60px;\n      height: 4px;\n      background: #00c4b4;\n      margin: 0.5rem auto;\n      border-radius: 2px;\n    }\n    h3 {\n      font-size: 1.6rem;\n      font-weight: 600;\n      color: #2d3748;\n      margin: 2rem 0 1rem;\n    }\n    section {\n      max-width: 1300px;\n      margin: 3rem auto;\n      padding: 0 2rem;\n    }\n    p {\n      font-size: 1.15rem;\n      margin-bottom: 1.3rem;\n      color: #4a5568;\n    }\n\n\n  \n\n    .cta-button {\n      display: inline-block;\n      background: linear-gradient(45deg, #ed8936, #f56565);\n      color: white;\n      padding: 1.2rem 3rem;\n      border-radius: 50px;\n      text-decoration: none;\n      font-weight: 600;\n      font-size: 1.2rem;\n      transition: transform 0.3s ease, box-shadow 0.3s ease;\n      box-shadow: 0 5px 15px rgba(0,0,0,0.2);\n      position: relative;\n      z-index: 1;\n    }\n    .cta-button:hover {\n      transform: translateY(-5px);\n      box-shadow: 0 8px 20px rgba(0,0,0,0.3);\n      background: linear-gradient(45deg, #f56565, #ed8936);\n    }\n    .pricing-grid {\n      display: grid;\n      grid-template-columns: repeat(auto-fit, minmax(300px, 1fr));\n      gap: 2rem;\n      margin-top: 2rem;\n    }\n    .pricing-card {\n      background: white;\n      padding: 2.5rem;\n      border-radius: 20px;\n      box-shadow: 0 8px 16px rgba(0,0,0,0.1);\n      text-align: center;\n      transition: transform 0.3s ease, box-shadow 0.3s ease;\n      position: relative;\n      overflow: hidden;\n    }\n    .pricing-card::before {\n      content: '';\n      position: absolute;\n      top: 0;\n      left: 0;\n      width: 100%;\n      height: 5px;\n      background: linear-gradient(90deg, #6b46c1, #00c4b4);\n    }\n    .pricing-card:hover {\n      transform: translateY(-8px);\n      box-shadow: 0 12px 24px rgba(0,0,0,0.2);\n    }\n    .pricing-card h3 {\n      font-size: 1.8rem;\n      color: #2d3748;\n    }\n    .pricing-card p {\n      font-size: 2rem;\n      font-weight: 700;\n      color: #2d3748;\n      margin: 1.2rem 0;\n    }\n    .highlight {\n      background: #e6fffa;\n      padding: 0.4rem 1rem;\n      border-radius: 20px;\n      font-size: 0.95rem;\n      color: #2d3748;\n      display: inline-block;\n      margin-bottom: 1.2rem;\n      font-weight: 600;\n    }\n    .feature-box {\n      display: flex;\n      align-items: center;\n      gap: 1rem;\n      margin-bottom: 1.5rem;\n    }\n    .feature-icon {\n      font-size: 2.5rem;\n      color: #00c4b4;\n    }\n    footer {\n      background: linear-gradient(135deg, #2d3748, #6b46c1);\n      color: white;\n      text-align: center;\n      padding: 2.5rem 1rem;\n      margin-top: 4rem;\n      font-size: 1.1rem;\n    }\n    .social-links a {\n      color: white;\n      margin: 0 0.5rem;\n      text-decoration: none;\n      font-size: 1.2rem;\n      transition: color 0.3s ease;\n    }\n    .social-links a:hover {\n      color: #00c4b4;\n    }\n    a.outbound {\n      color: #6b46c1;\n      text-decoration: underline;\n      transition: color 0.3s ease;\n    }\n    a.outbound:hover {\n      color: #00c4b4;\n    }\n    @media (max-width: 768px) {\n      h1 {\n        font-size: 2.5rem;\n      }\n      h2 {\n        font-size: 1.8rem;\n      }\n      h3 {\n        font-size: 1.4rem;\n      }\n      section {\n        padding: 0 1.5rem;\n      }\n      .pricing-grid {\n        grid-template-columns: 1fr;\n      }\n      .cta-button {\n        padding: 1rem 2rem;\n        font-size: 1rem;\n      }\n    }\n  <\/style>\n<\/head>\n<body>\n  <header>\n    <h1>IPTV Nova - Va\u0161a streaming revolucija u 2025. godini<\/h1>\n    <p>Do\u017eivite \u017eivahnu i besprijekornu zabavu uz vrhunsku uslugu streaminga!<\/p>\n    <a href=\"https:\/\/panel.novaiptv.org\/\" class=\"cta-button\" target=\"_blank\" rel=\"noopener\">Pokrenite svoju 36-satnu besplatnu probnu verziju<\/a>\n  <\/header>\n\n  <section>\n    <h2>\u0160ta je IPTV Nova?<\/h2>\n    <p>IPTV Nova je va\u0161a kapija u bezgrani\u010dni univerzum zabave, pru\u017eaju\u0107i preko 18.000 TV kanala u\u017eivo i vi\u0161e od 50.000 filmova, serija i specijala direktno na va\u0161e ure\u0111aje. Koriste\u0107i najsavremeniju tehnologiju Internet Protocol Television, ova usluga eliminira potrebu za skupim kablovskim pretplatama, nude\u0107i isplativ na\u010din u\u017eivanja u vrhunskom sadr\u017eaju. Saznajte vi\u0161e o <a href=\"https:\/\/www.techradar.com\/news\/what-is-iptv\" class=\"outbound\" target=\"_blank\" rel=\"noopener\">kako IPTV funkcioni\u0161e<\/a> da bi se razumjele njegove prednosti u odnosu na tradicionalnu televiziju.<\/p>\n    <p>Od blokbaster hitova do sportskih doga\u0111aja u\u017eivo i me\u0111unarodnih vijesti, <a href=\"https:\/\/novaiptv.to\/bs\/kupite-iptv-pretplatu-u-sad-u-2025\/\">IPTV Nova<\/a> zadovoljava strasti svakog gledaoca. Njegov elegantni interfejs i robusna tehnologija streaminga osiguravaju da su vam omiljene emisije uvijek nadohvat ruke, transformiraju\u0107i na\u010din na koji do\u017eivljavate televiziju u 2025. godini.<\/p>\n    <p>Bez obzira da li ste filmofil, sportski fanatik ili roditelj koji tra\u017ei program prilago\u0111en djeci, ova usluga se prilago\u0111ava va\u0161im potrebama. Sa fleksibilnim planovima i jednostavnim pode\u0161avanjem, <a href=\"https:\/\/novaiptv.to\/bs\/kupite-iptv-pretplatu-u-sad-u-2025\/\">IPTV Nova<\/a> \u010dini rezanje kabela jednostavnim i korisnim.<\/p>\n  <\/section>\n\n  <section>\n    <h2>Za\u0161to odabrati ovu streaming uslugu?<\/h2>\n    <p>IPTV Nova redefinira na\u010din na koji u\u017eivate u televiziji spajaju\u0107i inovaciju s prakti\u010dno\u0161\u0107u. Evo \u0161to je izdvaja u svijetu streaminga.<\/p>\n    <div class=\"feature-box\">\n      <span class=\"feature-icon\">\ud83d\udcfa<\/span>\n      <p><strong>Pro\u0161irena biblioteka sadr\u017eaja<\/strong>Pristupite vi\u0161e od 18.000 u\u017eivo <a href=\"https:\/\/novaiptv.to\/bs\/kanali\/\">kanali<\/a>, koji pokriva sport, globalne vijesti i specijalizirane me\u0111unarodne programe za beskrajnu raznolikost.<\/p>\n    <\/div>\n    <div class=\"feature-box\">\n      <span class=\"feature-icon\">\ud83c\udfa5<\/span>\n      <p><strong>Bla\u017eenstvo na zahtjev<\/strong>Gledajte preko 50.000 filmova i serija, koje se svakodnevno a\u017euriraju hitovima poput *Wicked* i *Silo Season 2*.<\/p>\n    <\/div>\n    <div class=\"feature-box\">\n      <span class=\"feature-icon\">\u26a1<\/span>\n      <p><strong>Glatko strujanje<\/strong>U\u017eivajte u 4K, FHD i HD kvaliteti s tehnologijom protiv smrzavanja, \u010dak i na standardnoj Wi-Fi mre\u017ei.<\/p>\n    <\/div>\n    <div class=\"feature-box\">\n      <span class=\"feature-icon\">\ud83d\udce1<\/span>\n      <p><strong>Pametna navigacija<\/strong>Koristite intuitivni EPG i cloud DVR za snimanje i gledanje pod va\u0161im uvjetima.<\/p>\n    <\/div>\n    <div class=\"feature-box\">\n      <span class=\"feature-icon\">\ud83d\udee0\ufe0f<\/span>\n      <p><strong>Podr\u0161ka 24\/7<\/strong>: Dobijte trenutnu pomo\u0107 putem chata u\u017eivo, e-po\u0161te ili vodi\u010da za besprijekorno iskustvo.<\/p>\n    <\/div>\n    <p>S naprednom tehnologijom koja minimizira baferovanje i dizajnom koji daje prioritet jednostavnosti kori\u0161tenja, IPTV Nova pru\u017ea vrhunsko iskustvo gledanja. Zanimaju vas trendovi streaminga? Pogledajte ovo. <a href=\"https:\/\/www.cnet.com\/tech\/services-and-software\/best-iptv-services-2023\/\" class=\"outbound\" target=\"_blank\" rel=\"noopener\">Vodi\u010d za najbolje IPTV usluge<\/a> za uvide u industriju.<\/p>\n    <a href=\"https:\/\/panel.novaiptv.org\/\" class=\"cta-button\" target=\"_blank\" rel=\"noopener\">Otkrijte razliku<\/a>\n  <\/section>\n\n  <section>\n    <h2>Strimujte na svakom ure\u0111aju<\/h2>\n    <p>Va\u0161a zabava vas prati svugdje uz univerzalnu kompatibilnost IPTV Nova. Od ku\u0107nih kina do mobilnih ure\u0111aja, u\u017eivajte. <a href=\"https:\/\/novaiptv.to\/bs\/embarking-on-the-iptv-odyssey\/\">besprijekorno strujanje<\/a> gdje god te \u017eivot odvede.<\/p>\n    <h3>Podr\u017eani ure\u0111aji<\/h3>\n    <ul>\n      <li><a href=\"https:\/\/novaiptv.to\/bs\/best-iptv-players-2025\/\"><strong>Pametni televizori<\/strong>:<\/a> Samsung, LG, Android TV i mnogi drugi za zapanjuju\u0107i prikaz na velikom ekranu.<\/li>\n      <li><strong>Ure\u0111aji za strimovanje<\/strong>: <a href=\"https:\/\/novaiptv.to\/bs\/instalirajte-protonvpn-na-svoj-fire-stick-2025\/\">Vatreni \u0161tap<\/a>, Roku, Nvidia Shield i Formuler Z8 za prenosivost.<\/li>\n      <li><strong>Mobilni ure\u0111aji<\/strong>Android i iOS za zabavu u pokretu.<\/li>\n      <li><strong>Ra\u010dunari<\/strong>Windows i Mac za fleksibilnost streaminga putem preglednika.<\/li>\n      <li><a href=\"https:\/\/novaiptv.to\/bs\/android-tv-2025\/\"><strong>IPTV aplikacije<\/strong>:<\/a> Radi sa IPTV Smarters Pro, TiviMate i drugim vode\u0107im platformama.<\/li>\n    <\/ul>\n    <p>Postavljanje je jednostavno - preuzmite aplikaciju, unesite svoj kod i po\u010dnite gledati za nekoliko minuta. Nisu potrebne komplicirane instalacije ili tehni\u010dari. Za savjete o optimizaciji postavki streaminga, istra\u017eite ovo <a href=\"https:\/\/www.lifewire.com\/how-to-set-up-iptv-4173240\" class=\"outbound\" target=\"_blank\" rel=\"noopener\">Vodi\u010d za pode\u0161avanje IPTV-a<\/a>.<\/p>\n  <\/section>\n\n  <section>\n    <h2>Pristupa\u010dni planovi za svakog gledaoca<\/h2>\n    <p>IPTV Nova nudi fleksibilne cijene koje odgovaraju svakom bud\u017eetu, \u010dine\u0107i vrhunsku zabavu dostupnom. Isprobajte bez rizika uz 36-satnu probnu verziju prije nego \u0161to se odlu\u010dite.<\/p>\n    <div class=\"pricing-grid\">\n      <div class=\"pricing-card\">\n        <h3>1 mjesec<\/h3>\n        <p>$7.99<\/p>\n        <span class=\"highlight\">Isprobajte<\/span>\n        <p>Savr\u0161eno za istra\u017eivanje ogromne biblioteke sadr\u017eaja i nesmetano strujanje.<\/p>\n        <a href=\"https:\/\/panel.novaiptv.org\/\" class=\"cta-button\" target=\"_blank\" rel=\"noopener\">Odaberite plan<\/a>\n      <\/div>\n      <div class=\"pricing-card\">\n        <h3>3 mjeseca<\/h3>\n        <p>$22.99<\/p>\n        <span class=\"highlight\">Sa\u010duvaj 40%<\/span>\n        <p>Idealno za povremene gledaoce koji tra\u017ee u\u0161tedu i fleksibilnost.<\/p>\n        <a href=\"https:\/\/panel.novaiptv.org\/\" class=\"cta-button\" target=\"_blank\" rel=\"noopener\">Odaberite plan<\/a>\n      <\/div>\n      <div class=\"pricing-card\">\n        <h3>6 mjeseci<\/h3>\n        <p>$49.99<\/p>\n        <span class=\"highlight\">Odli\u010dna vrijednost<\/span>\n        <p>Du\u017ea obaveza za ve\u0107e u\u0161tede i neprekidnu zabavu.<\/p>\n        <a href=\"https:\/\/panel.novaiptv.org\/\" class=\"cta-button\" target=\"_blank\" rel=\"noopener\">Odaberite plan<\/a>\n      <\/div>\n      <div class=\"pricing-card\">\n        <h3>12 mjeseci<\/h3>\n        <p>$69.99<\/p>\n        <span class=\"highlight\">Najbolja ponuda<\/span>\n        <p>Osigurajte najni\u017eu cijenu za godinu premium streaminga.<\/p>\n        <a href=\"https:\/\/panel.novaiptv.org\/\" class=\"cta-button\" target=\"_blank\" rel=\"noopener\">Odaberite plan<\/a>\n      <\/div>\n    <\/div>\n    <p style=\"text-align: center; margin-top: 2rem;\">Niste spremni da se obave\u017eete? Po\u010dnite s na\u0161im <strong>36 sati besplatno <\/strong><a href=\"https:\/\/novaiptv.to\/bs\/besplatna-probna-verzija-iptv-a-u-kanadi-2025\/\">probno kori\u0161tenje i iskustvo za\u0161to milioni biraju IPTV<\/a> Nova.<\/p>\n    <a href=\"https:\/\/panel.novaiptv.org\/\" class=\"cta-button\" style=\"display: block; text-align: center;\" target=\"_blank\" rel=\"noopener\">Isprobajte besplatno odmah<\/a>\n  <\/section>\n\n  <section>\n    <h2>Da li je streaming sa IPTV Nova siguran?<\/h2>\n    <p>Sigurnost i pouzdanost su u sr\u017ei ove usluge. <a href=\"https:\/\/novaiptv.to\/bs\/strategije-za-iptv-odiseju\/\">IPTV Nova vam osigurava streaming<\/a> sa potpunim povjerenjem.<\/p>\n    <ul>\n      <li><strong>Pravni sadr\u017eaj<\/strong>U potpunosti uskla\u0111eno s pravima distribucije sadr\u017eaja za bezbri\u017eno gledanje.<\/li>\n      <li><strong>Siguran streaming<\/strong>AES-256-bitna enkripcija \u0161titi va\u0161e podatke i transakcije.<\/li>\n      <li><strong>Za\u0161tita privatnosti<\/strong>Opcionalna VPN podr\u0161ka \u0161titi va\u0161u aktivnost od internet provajdera.<\/li>\n      <li><strong>Pouzdane performanse<\/strong>Vrijeme rada od 99,91 TP3T sa Tier-1 serverima na tri kontinenta.<\/li>\n    <\/ul>\n    <p>Za razliku od neprovjerenih provajdera, IPTV Nova nudi sigurno, legalno i stabilno iskustvo. Na\u0161a globalna mre\u017ea servera osigurava konzistentne performanse, \u010dak i tokom vr\u0161nih perioda, tako da nikada ne\u0107ete propustiti nijedan trenutak. Za vi\u0161e informacija o sigurnom streamingu, pro\u010ditajte ovo <a href=\"https:\/\/www.pcmag.com\/how-to\/how-to-safely-stream-content-with-iptv\" class=\"outbound\" target=\"_blank\" rel=\"noopener\">Vodi\u010d za sigurno IPTV streaming<\/a>.<\/p>\n  <\/section>\n\n  <section>\n    <h2>Zapo\u010dnite svoje streaming putovanje<\/h2>\n    <p>Pridru\u017eite se streaming revoluciji u tri jednostavna koraka:<\/p>\n    <ol>\n      <li><strong>Posjetite na\u0161u stranicu<\/strong>Idi na <a href=\"https:\/\/novaiptv.to\/bs\/\">novaiptv.org<\/a> i odaberite plan ili besplatnu probnu verziju.<\/li>\n      <li><strong>Preuzmite aplikaciju<\/strong>Instaliraj <a href=\"https:\/\/novaiptv.to\/bs\/iptv-smarters-pro-lite-2025\/\">IPTV Smarters Pro<\/a>, TiviMate ili kompatibilni plejer.<\/li>\n      <li><strong>Aktiviraj i gledaj<\/strong>Unesite svoj kod da biste otklju\u010dali vi\u0161e od 18.000 kanala i vi\u0161e od 50.000 naslova.<\/li>\n    <\/ol>\n    <p>Sa IPTV Nova, stvarate nezaboravne trenutke - porodi\u010dne filmske ve\u010deri, <a href=\"https:\/\/novaiptv.to\/bs\/najbolja-iptv-pretplata-za-sportske-prenose-uzivo\/\">u\u017eivo sport<\/a> uzbu\u0111enja ili pra\u0107enje globalnih vijesti. Na\u0161 intuitivni dizajn osigurava da \u010dak i korisnici koji prvi put koriste uslugu mogu bez napora zapo\u010deti streaming. Pridru\u017eite se milionima koji su prihvatili uklanjanje kablovske televizije uz IPTV Nova u 2025. godini.<\/p>\n    <a href=\"https:\/\/panel.novaiptv.org\/\" class=\"cta-button\" target=\"_blank\" rel=\"noopener\">Pridru\u017eite se revoluciji<\/a>\n  <\/section>\t\t\t\t<\/div>\n\t\t\t\t\t<\/div>\n\t\t\t\t<\/div>\n\t\t\t\t<\/div>","protected":false},"excerpt":{"rendered":"<p>IPTV Nova &#8211; Your 2025 Streaming Revolution Experience vibrant, seamless entertainment with a top-rated streaming service! Launch Your 36-Hour Free Trial What is IPTV Nova? IPTV Nova is your gateway to a boundless entertainment universe, delivering over 18,000 live TV&#8230;<\/p>","protected":false},"author":1,"featured_media":7782,"parent":0,"menu_order":0,"comment_status":"closed","ping_status":"closed","template":"","meta":{"footnotes":""},"class_list":["post-7773","page","type-page","status-publish","has-post-thumbnail","hentry"],"_links":{"self":[{"href":"https:\/\/novaiptv.to\/bs\/wp-json\/wp\/v2\/pages\/7773","targetHints":{"allow":["GET"]}}],"collection":[{"href":"https:\/\/novaiptv.to\/bs\/wp-json\/wp\/v2\/pages"}],"about":[{"href":"https:\/\/novaiptv.to\/bs\/wp-json\/wp\/v2\/types\/page"}],"author":[{"embeddable":true,"href":"https:\/\/novaiptv.to\/bs\/wp-json\/wp\/v2\/users\/1"}],"replies":[{"embeddable":true,"href":"https:\/\/novaiptv.to\/bs\/wp-json\/wp\/v2\/comments?post=7773"}],"version-history":[{"count":0,"href":"https:\/\/novaiptv.to\/bs\/wp-json\/wp\/v2\/pages\/7773\/revisions"}],"wp:featuredmedia":[{"embeddable":true,"href":"https:\/\/novaiptv.to\/bs\/wp-json\/wp\/v2\/media\/7782"}],"wp:attachment":[{"href":"https:\/\/novaiptv.to\/bs\/wp-json\/wp\/v2\/media?parent=7773"}],"curies":[{"name":"wp","href":"https:\/\/api.w.org\/{rel}","templated":true}]}}