{"id":10073,"date":"2025-12-10T12:44:38","date_gmt":"2025-12-10T12:44:38","guid":{"rendered":"https:\/\/novaiptv.to\/?page_id=10073"},"modified":"2026-04-04T10:57:12","modified_gmt":"2026-04-04T10:57:12","slug":"nejlepsi-iptv-sluzba-2026","status":"publish","type":"page","link":"https:\/\/novaiptv.to\/cs\/nejlepsi-iptv-sluzba-2026\/","title":{"rendered":"Nejlep\u0161\u00ed IPTV slu\u017eba 2026 \u2013 Poctiv\u00fd pr\u016fvodce v\u00fdb\u011brem spr\u00e1vn\u00e9ho poskytovatele"},"content":{"rendered":"<div data-elementor-type=\"wp-page\" data-elementor-id=\"10073\" class=\"elementor elementor-10073\" data-elementor-post-type=\"page\">\n\t\t\t\t<div class=\"elementor-element elementor-element-d807554 e-flex e-con-boxed e-con e-parent\" data-id=\"d807554\" data-element_type=\"container\" data-e-type=\"container\">\n\t\t\t\t\t<div class=\"e-con-inner\">\n\t\t\t\t<div class=\"elementor-element elementor-element-87b02b5 elementor-widget elementor-widget-html\" data-id=\"87b02b5\" data-element_type=\"widget\" data-e-type=\"widget\" data-widget_type=\"html.default\">\n\t\t\t\t\t<div class=\"nova-best-iptv-2026\" style=\"max-width:1080px; margin:40px auto; padding:0 20px 60px; font-family:system-ui,-apple-system,BlinkMacSystemFont,'Segoe UI',sans-serif; color:#f5f5f5;\">\n\n  <!-- Hero \/ Intro -->\n  <section style=\"margin-bottom:40px;\">\n    <div style=\"display:inline-block; padding:6px 14px; border-radius:999px; background:rgba(255,255,255,0.05); font-size:13px; letter-spacing:0.08em; text-transform:uppercase; margin-bottom:14px;\">\n      Pr\u016fvodce IPTV \u00b7 2026\n    <\/div>\n    <h1 style=\"font-size:32px; line-height:1.2; margin:0 0 16px; font-weight:800;\">\n      Nejlep\u0161\u00ed IPTV slu\u017eba 2026 \u2013 Poctiv\u00fd pr\u016fvodce v\u00fdb\u011brem spr\u00e1vn\u00e9ho poskytovatele\n    <\/h1>\n    <p style=\"font-size:15px; line-height:1.8; color:#c9cada; max-width:780px;\">\n      Ten\/Ta\/To <strong>nejlep\u0161\u00ed IPTV slu\u017eba 2026<\/strong> nen\u00ed jen nejlevn\u011bj\u0161\u00ed p\u0159edplatn\u00e9, ale tak\u00e9 takov\u00e9, kter\u00e9 v\u00e1m poskytuje stabiln\u00ed streamy, dobr\u00fd obsah a plynul\u00fd ka\u017edodenn\u00ed z\u00e1\u017eitek. Pokud hled\u00e1te <strong>nejlep\u0161\u00ed IPTV slu\u017eba 2026<\/strong> a c\u00edt\u00edte se ztraceni mezi r\u016fzn\u00fdmi poskytovateli? Tato p\u0159\u00edru\u010dka v\u00e1m pom\u016f\u017ee pochopit, na \u010dem skute\u010dn\u011b z\u00e1le\u017e\u00ed a jak do toho zapad\u00e1 NOVA IPTV.\n    <\/p>\n\n    <div style=\"margin-top:22px; display:flex; flex-wrap:wrap; gap:12px;\">\n      <a href=\"https:\/\/novaiptv.to\/cs\/pricing\/\" style=\"display:inline-flex; align-items:center; justify-content:center; padding:13px 24px; border-radius:999px; background:#ffb800; color:#111; font-weight:700; font-size:14px; text-decoration:none; box-shadow:0 12px 30px rgba(0,0,0,0.45);\">\n        Zobrazit tarify NOVA IPTV\n      <\/a>\n      <a href=\"https:\/\/novaiptv.to\/cs\/what-is-nova-iptv\/\" style=\"display:inline-flex; align-items:center; justify-content:center; padding:12px 20px; border-radius:999px; border:1px solid rgba(255,255,255,0.18); color:#f5f5f5; font-size:14px; text-decoration:none;\">\n        Zjist\u011bte v\u00edce o NOVA IPTV \u2192\n      <\/a>\n    <\/div>\n  <\/section>\n\n  <!-- What does \"best IPTV service\" mean -->\n  <section style=\"margin-bottom:40px;\">\n    <h2 style=\"font-size:24px; margin:0 0 14px; font-weight:700;\">Co doopravdy znamen\u00e1 \u201cNejlep\u0161\u00ed IPTV slu\u017eba roku 2026\u201d?<\/h2>\n    <p style=\"font-size:15px; line-height:1.8; color:#d0d1dd;\">\n      Mnoho webov\u00fdch str\u00e1nek tvrd\u00ed, \u017ee <a href=\"https:\/\/novaiptv.to\/cs\/predplatne-iptv-v-kanade-2025\/\" title=\"V\u00fdb\u011br p\u0159edplatn\u00e9ho IPTV Co by Kana\u010fan\u00e9 m\u011bli v\u011bd\u011bt v roce 2025\"  data-wpil-monitor-id=\"150\">Zjist\u011bte, kter\u00e1 IPTV je nejlep\u0161\u00ed<\/a><strong> slu\u017eba 2026<\/strong>, ale v\u011bt\u0161ina z nich jsou jen seznamy s n\u00e1hodn\u00fdmi jm\u00e9ny a affiliate odkazy. Ve skute\u010dnosti z\u00e1vis\u00ed pojem \u201cnejlep\u0161\u00ed\u201d na n\u011bkolika kl\u00ed\u010dov\u00fdch faktorech, kter\u00e9 ovliv\u0148uj\u00ed v\u00e1\u0161 ka\u017edodenn\u00ed z\u00e1\u017eitek ze sledov\u00e1n\u00ed:\n    <\/p>\n    <ul style=\"list-style:none; padding:0; margin:14px 0 0; font-size:15px; color:#d0d1dd;\">\n      <li style=\"margin-bottom:8px;\">\u2022 <strong>Stabilita:<\/strong> m\u00e9n\u011b zamrznut\u00ed, na\u010d\u00edt\u00e1n\u00ed do vyrovn\u00e1vac\u00ed pam\u011bti nebo v\u00fdpadk\u016f kan\u00e1l\u016f.<\/li>\n      <li style=\"margin-bottom:8px;\">\u2022 <strong>Kvalita obsahu:<\/strong> dobr\u00e1 kombinace \u017eiv\u00e9ho vys\u00edl\u00e1n\u00ed, sportu, film\u016f a VOD.<\/li>\n      <li style=\"margin-bottom:8px;\">\u2022 <strong>Rychlost a v\u00fdkon:<\/strong> optimalizovan\u00e9 servery a rychl\u00e9 p\u0159ep\u00edn\u00e1n\u00ed.<\/li>\n      <li style=\"margin-bottom:8px;\">\u2022 <a href=\"https:\/\/novaiptv.to\/cs\/iptv\/\" title=\"IPTV 2025 \u2013 Ultim\u00e1tn\u00ed pr\u016fvodce Nova IPTV (nejlep\u0161\u00ed tarify, za\u0159\u00edzen\u00ed a nastaven\u00ed)\"  data-wpil-monitor-id=\"139\">Kompatibilita za\u0159\u00edzen\u00ed: IPTV<\/a> funguje dob\u0159e na va\u0161em obl\u00edben\u00e9m za\u0159\u00edzen\u00ed.<\/li>\n      <li style=\"margin-bottom:8px;\">\u2022 <strong>Podpora:<\/strong> n\u011bkdo ti skute\u010dn\u011b pom\u016f\u017ee, kdy\u017e to pot\u0159ebuje\u0161.<\/li>\n      <li style=\"margin-bottom:8px;\">\u2022 <strong>Pr\u016fhlednost:<\/strong> Jasn\u00e9 ceny, ofici\u00e1ln\u00ed webov\u00e9 str\u00e1nky a poctiv\u00e1 komunikace.<\/li>\n    <\/ul>\n    <p style=\"font-size:14px; line-height:1.8; color:#a9abba; margin-top:14px;\">\n      Na t\u00e9to str\u00e1nce se nesna\u017e\u00edme b\u00fdt \u201cneutr\u00e1ln\u00edmi recenzenty\u201d. Otev\u0159en\u011b vysv\u011btlujeme, pro\u010d si mnoho u\u017eivatel\u016f vyb\u00edr\u00e1 pr\u00e1v\u011b n\u00e1s. \n      <strong>NOVA IPTV<\/strong> jako jejich hlavn\u00edho poskytovatele IPTV v roce 2026 a jak\u00e1 krit\u00e9ria m\u016f\u017eete pou\u017e\u00edt, i kdy\u017e <a href=\"https:\/\/novaiptv.to\/cs\/bezplatna-zkusebni-verze-iptv-v-kanade-2025\/\" title=\"Nejlep\u0161\u00ed bezplatn\u00e9 zku\u0161ebn\u00ed slu\u017eby IPTV v Kanad\u011b 2025 | Nejlep\u0161\u00ed v\u00fdb\u011br\"  data-wpil-monitor-id=\"149\">vybrat si jinou slu\u017ebu<\/a> jako va\u0161i nejlep\u0161\u00ed IPTV slu\u017ebu roku 2026.\n    <\/p>\n  <\/section>\n\n  <!-- Quick summary \/ Why users choose NOVA -->\n  <section style=\"margin-bottom:40px; border-radius:18px; background:#0b0d15; padding:24px 20px; border:1px solid rgba(255,255,255,0.08);\">\n    <h2 style=\"font-size:22px; margin:0 0 12px; font-weight:700;\">Stru\u010dn\u00e9 shrnut\u00ed \u2013 Pro\u010d si mnoho u\u017eivatel\u016f vyb\u00edr\u00e1 NOVA IPTV<\/h2>\n    <p style=\"font-size:15px; line-height:1.8; color:#d5d6e4;\">\n      NOVA IPTV se zam\u011b\u0159uje na stabiln\u00ed, realistick\u00e9 a dlouhodob\u00e9 IPTV \u0159e\u0161en\u00ed \u2013 nikoli na \u201clevn\u00fd m\u011bs\u00ed\u010dn\u00ed test\u201d, kter\u00fd zmiz\u00ed. Kdy\u017e lid\u00e9 hledaj\u00ed\u2026 <strong>nejlep\u0161\u00ed IPTV slu\u017eba 2026<\/strong>, obvykle cht\u011bj\u00ed n\u011bco, co funguje ka\u017ed\u00fd ve\u010der, nejen prvn\u00ed den. Zde je to, co \u010dast\u00ed u\u017eivatel\u00e9 obvykle zd\u016fraz\u0148uj\u00ed, kdy\u017e s na\u0161\u00ed slu\u017ebou z\u016fstanou:\n    <\/p>\n    <ul style=\"list-style:none; padding:0; margin:14px 0 0; font-size:14px; color:#e1e2f0;\">\n      <li style=\"margin-bottom:8px;\">\u2714 Optimalizovan\u00e9 servery pro plynulej\u0161\u00ed streamov\u00e1n\u00ed a men\u0161\u00ed ukl\u00e1d\u00e1n\u00ed do vyrovn\u00e1vac\u00ed pam\u011bti.<\/li>\n      <li style=\"margin-bottom:8px;\">\u2714 \u0160irok\u00e1 \u0161k\u00e1la \u017eiv\u00fdch kan\u00e1l\u016f a VOD obsahu v r\u016fzn\u00fdch regionech.<\/li>\n      <li style=\"margin-bottom:8px;\">\u2714 Funguje s popul\u00e1rn\u00edmi <a href=\"https:\/\/novaiptv.to\/cs\/android-tv-2025\/\" title=\"Android TV\"  data-wpil-monitor-id=\"141\">IPTV aplikace, kter\u00e9 podporuj\u00ed M3U<\/a> \/ Xtream k\u00f3dy.<\/li>\n      <li style=\"margin-bottom:8px;\">\u2714 Jasn\u00e9 a jednoduch\u00e9 ceny na na\u0161ich <a data-wpil=\"url\" href=\"https:\/\/novaiptv.to\/cs\/ceny-nova-iptv\/\" style=\"color:#ffb800; text-decoration:none;\">Cenov\u00e1 str\u00e1nka<\/a>.<\/li>\n      <li style=\"margin-bottom:8px;\">\u2714 Podpora p\u0159es Telegram, WhatsApp a e-mail, pokud m\u00e1te dotazy.<\/li>\n    <\/ul>\n  <\/section>\n<p>\nMnoho u\u017eivatel\u016f, kte\u0159\u00ed hledaj\u00ed <strong>Pl\u00e1ny televize Nova<\/strong> hledaj\u00ed p\u0159edev\u0161\u00edm stabiln\u00ed cenov\u00e9 mo\u017enosti IPTV s rychlou aktivac\u00ed a kompatibilitou za\u0159\u00edzen\u00ed. Zjist\u011bte, jak si ji nastavit, pomoc\u00ed na\u0161ich <a href=\"\/cs\/nova-iptv-app\/\">Pr\u016fvodce aplikac\u00ed IPTV<\/a>.\n<\/p>\n\n\n  <!-- Comparison style block (no competitor names) -->\n  <section style=\"margin-bottom:40px;\">\n    <h2 style=\"font-size:24px; margin:0 0 14px; font-weight:700;\">Porovn\u00e1n\u00ed typick\u00e9ho poskytovatele IPTV s NOVA IPTV<\/h2>\n    <p style=\"font-size:15px; line-height:1.8; color:#cfd0dd;\">\n      M\u00edsto vyjmenov\u00e1v\u00e1n\u00ed n\u00e1hodn\u00fdch zna\u010dek porovnejme, co obvykle z\u00edsk\u00e1te u \u201cobecn\u00e9ho poskytovatele IPTV\u201d oproti stabiln\u00edmu a dlouhodob\u00e9mu poskytovateli IPTV. <a href=\"https:\/\/novaiptv.to\/cs\/pruvodce-nova-iptv\/\" title=\"5 d\u016fvod\u016f, pro\u010d je Nova IPTV v sou\u010dasnosti nejlep\u0161\u00ed streamovac\u00ed slu\u017ebou!\"  data-wpil-monitor-id=\"129\">slu\u017eby jako NOVA<\/a><strong> IPTV<\/strong> Pokud se sna\u017e\u00edte vybrat nejlep\u0161\u00ed IPTV slu\u017ebu pro rok 2026:\n    <\/p>\n    <div style=\"overflow-x:auto; margin-top:14px;\">\n      <table style=\"width:100%; border-collapse:collapse; font-size:14px; min-width:640px;\">\n        <thead>\n          <tr>\n            <th style=\"text-align:left; padding:10px; border-bottom:1px solid rgba(255,255,255,0.18);\">Krit\u00e9ria<\/th>\n            <th style=\"text-align:left; padding:10px; border-bottom:1px solid rgba(255,255,255,0.18);\">Generick\u00fd poskytovatel IPTV<\/th>\n            <th style=\"text-align:left; padding:10px; border-bottom:1px solid rgba(255,255,255,0.18);\">NOVA IPTV<\/th>\n          <\/tr>\n        <\/thead>\n        <tbody>\n          <tr>\n            <td style=\"padding:10px; border-bottom:1px solid rgba(255,255,255,0.06);\"><a href=\"https:\/\/novaiptv.to\/cs\/aktualizace-domeny-novaiptv\/\" title=\"Ofici\u00e1ln\u00ed str\u00e1nky NovaIPTV: novaiptv.to (Migrace dom\u00e9ny)\"  data-wpil-monitor-id=\"143\">Ofici\u00e1ln\u00ed webov\u00e9 str\u00e1nky a dom\u00e9na<\/a><\/td>\n            <td style=\"padding:10px; border-bottom:1px solid rgba(255,255,255,0.06);\">N\u011bkdy nejasn\u00e9, \u010dasto se m\u011bn\u00edc\u00ed<\/td>\n            <td style=\"padding:10px; border-bottom:1px solid rgba(255,255,255,0.06);\"><strong>Pouze novaiptv.to \u2013 ofici\u00e1ln\u00ed a ov\u011b\u0159en\u00e9<\/strong><\/td>\n          <\/tr>\n          <tr>\n            <td style=\"padding:10px; border-bottom:1px solid rgba(255,255,255,0.06);\">Stabilita<\/td>\n            <td style=\"padding:10px; border-bottom:1px solid rgba(255,255,255,0.06);\">M\u016f\u017ee se to st\u00e1t n\u00e1hodou, \u010dast\u00e9 zamrznut\u00ed<\/td>\n            <td style=\"padding:10px; border-bottom:1px solid rgba(255,255,255,0.06);\">Optimalizov\u00e1no pro plynulej\u0161\u00ed ka\u017edodenn\u00ed pou\u017e\u00edv\u00e1n\u00ed<\/td>\n          <\/tr>\n          <tr>\n            <td style=\"padding:10px; border-bottom:1px solid rgba(255,255,255,0.06);\">Podpora<\/td>\n            <td style=\"padding:10px; border-bottom:1px solid rgba(255,255,255,0.06);\">Pomal\u00e9 odpov\u011bdi nebo \u017e\u00e1dn\u00e1 skute\u010dn\u00e1 podpora<\/td>\n            <td style=\"padding:10px; border-bottom:1px solid rgba(255,255,255,0.06);\">Podpora p\u0159es Telegram, WhatsApp a e-mail<\/td>\n          <\/tr>\n          <tr>\n            <td style=\"padding:10px; border-bottom:1px solid rgba(255,255,255,0.06);\">Sd\u011blen\u00ed<\/td>\n            <td style=\"padding:10px; border-bottom:1px solid rgba(255,255,255,0.06);\">\u017d\u00e1dn\u00e9 jasn\u00e9 informace o zm\u011bn\u00e1ch<\/td>\n            <td style=\"padding:10px; border-bottom:1px solid rgba(255,255,255,0.06);\">Vyhrazen\u00e9 str\u00e1nky pro <a href=\"https:\/\/novaiptv.to\/cs\/o-nova-iptv\/\" style=\"color:#ffb800; text-decoration:none;\">ofici\u00e1ln\u00ed aktualizace a migrace<\/a><\/td>\n          <\/tr>\n          <tr>\n            <td style=\"padding:10px;\">Kompatibilita za\u0159\u00edzen\u00ed<\/td>\n            <td style=\"padding:10px;\">N\u011bkdy omezen\u00e9 nebo nestabiln\u00ed v n\u011bkter\u00fdch aplikac\u00edch<\/td>\n            <td style=\"padding:10px;\">Spolupracuje s mnoha <a href=\"https:\/\/novaiptv.to\/cs\/chytre-telefony-s-androidboxem-2025\/\" title=\"IPTV na chytr\u00fdch telefonech a Androidboxech\"  data-wpil-monitor-id=\"151\">IPTV aplikace a za\u0159\u00edzen\u00ed p\u0159es M3U<\/a> \/ K\u00f3dy Xtream<\/td>\n          <\/tr>\n        <\/tbody>\n      <\/table>\n    <\/div>\n  <\/section>\n\n  <!-- What to look for in best IPTV service -->\n  <section style=\"margin-bottom:40px;\">\n    <h2 style=\"font-size:24px; margin:0 0 14px; font-weight:700;\">Jak se rozhodnout, kter\u00e1 IPTV slu\u017eba je pro v\u00e1s nejlep\u0161\u00ed<\/h2>\n    <p style=\"font-size:15px; line-height:1.8; color:#d1d2e0;\">\n      I kdy\u017e si nevyberete NOVA IPTV, zde jsou hlavn\u00ed v\u011bci, kter\u00e9 doporu\u010dujeme zkontrolovat, kdy\u017e se sna\u017e\u00edte naj\u00edt... \n      <strong>nejlep\u0161\u00ed IPTV slu\u017eba 2026<\/strong> pro va\u0161e pot\u0159eby:\n    <\/p>\n    <ul style=\"list-style:none; padding:0; margin:14px 0 0; font-size:15px; color:#d1d2e0;\">\n      <li style=\"margin-bottom:10px;\"><strong>1. Ofici\u00e1ln\u00ed webov\u00e9 str\u00e1nky a komunikace:<\/strong> M\u00e1 poskytovatel p\u0159ehledn\u00e9, aktivn\u00ed a aktualizovan\u00e9 webov\u00e9 str\u00e1nky, jako nap\u0159. <a href=\"https:\/\/novaiptv.to\/cs\/\" style=\"color:#ffb800; text-decoration:none;\">novaiptv.to<\/a>?<\/li>\n      <li style=\"margin-bottom:10px;\"><strong>2. Skute\u010dn\u00e1 podpora:<\/strong> M\u016f\u017eete snadno kontaktovat podporu p\u0159es Telegram, WhatsApp nebo e-mail?<\/li>\n      <li style=\"margin-bottom:10px;\"><strong>3. Transparentn\u00ed ceny:<\/strong> jsou ceny viditeln\u00e9 na <a data-wpil=\"url\" href=\"https:\/\/novaiptv.to\/cs\/ceny-nova-iptv\/\" style=\"color:#ffb800; text-decoration:none;\">cen\u00edk<\/a> bez n\u011bjak\u00fdch trik\u016f?<\/li>\n      <li style=\"margin-bottom:10px;\"><strong>4. Rozmanitost obsahu:<\/strong> Sledujete, jak\u00e9 kan\u00e1ly, sporty a filmy skute\u010dn\u011b sledujete?<\/li>\n      <li style=\"margin-bottom:10px;\"><strong>5. Zku\u0161ebn\u00ed nebo kr\u00e1tkodob\u00fd pl\u00e1n:<\/strong> M\u016f\u017eete za\u010d\u00edt s kr\u00e1tk\u00fdm pl\u00e1nem, jak otestovat kvalitu bez velk\u00e9ho rizika?<\/li>\n    <\/ul>\n    <p style=\"font-size:14px; line-height:1.8; color:#a9abba; margin-top:14px;\">\n      Pokud poskytovatel nespl\u0148uje v\u0161echny tyto body, pravd\u011bpodobn\u011b to nen\u00ed pro v\u00e1s nejlep\u0161\u00ed IPTV slu\u017eba \u2013 zvl\u00e1\u0161t\u011b pokud ji pl\u00e1nujete pou\u017e\u00edvat denn\u011b s rodinou.\n    <\/p>\n  <\/section>\n\n  <!-- Is NOVA IPTV right for you -->\n  <section style=\"margin-bottom:40px;\">\n    <h2 style=\"font-size:24px; margin:0 0 14px; font-weight:700;\">Je NOVA IPTV nejlep\u0161\u00ed IPTV slu\u017ebou pro va\u0161i situaci?<\/h2>\n    <p style=\"font-size:15px; line-height:1.8; color:#d1d2df;\">\n      NOVA IPTV m\u016f\u017ee b\u00fdt pro v\u00e1s dobrou volbou, pokud:\n    <\/p>\n    <ul style=\"list-style:none; padding:0; margin:14px 0 0; font-size:15px; color:#d1d2df;\">\n      <li style=\"margin-bottom:8px;\">\u2022 Chcete stabiln\u00edho poskytovatele IPTV s jasnou komunikac\u00ed.<\/li>\n      <li style=\"margin-bottom:8px;\">\u2022 Pravideln\u011b sledujete s rodinou \u017eiv\u00e9 televizn\u00ed vys\u00edl\u00e1n\u00ed, sportovn\u00ed p\u0159enosy a filmy.<\/li>\n      <li style=\"margin-bottom:8px;\">\u2022 D\u00e1v\u00e1te p\u0159ednost online spr\u00e1v\u011b v\u0161eho na jednoduch\u00fdch webov\u00fdch str\u00e1nk\u00e1ch.<\/li>\n      <li style=\"margin-bottom:8px;\">\u2022 Pou\u017e\u00edv\u00e1te chytr\u00e9 televizory, Firestick, Android, iOS nebo kombinaci za\u0159\u00edzen\u00ed.<\/li>\n    <\/ul>\n    <p style=\"font-size:14px; line-height:1.8; color:#a9abba; margin-top:14px;\">\n      Pokud chcete podrobn\u011bj\u0161\u00ed vysv\u011btlen\u00ed fungov\u00e1n\u00ed slu\u017eby, p\u0159e\u010dt\u011bte si na\u0161i specializovanou str\u00e1nku:\n      <a href=\"https:\/\/novaiptv.to\/cs\/what-is-nova-iptv\/\" style=\"color:#ffb800; text-decoration:none;\">Co je NOVA IPTV? Ofici\u00e1ln\u00ed pr\u016fvodce (aktualizace 2026)<\/a>.\n    <\/p>\n  <\/section>\n\n  <!-- How to start -->\n  <section style=\"margin-bottom:40px;\">\n    <h2 style=\"font-size:24px; margin:0 0 16px; font-weight:700;\">Jak za\u010d\u00edt s NOVA IPTV ve 3 jednoduch\u00fdch kroc\u00edch<\/h2>\n    <ol style=\"margin:0; padding-left:20px; font-size:15px; color:#d0d2e2;\">\n      <li style=\"margin-bottom:10px;\">\n        <strong>Vyberte si tarif:<\/strong> nav\u0161t\u00edvit <a data-wpil=\"url\" href=\"https:\/\/novaiptv.to\/cs\/ceny-nova-iptv\/\" style=\"color:#ffb800; text-decoration:none;\">Cenov\u00e1 str\u00e1nka NOVA IPTV<\/a> a vyberte si dobu trv\u00e1n\u00ed, kter\u00e1 vyhovuje va\u0161im pot\u0159eb\u00e1m.\n      <\/li>\n      <li style=\"margin-bottom:10px;\">\n        <strong>Z\u00edskejte podrobnosti o sv\u00e9 IPTV:<\/strong> po zaplacen\u00ed obdr\u017e\u00edte <a href=\"https:\/\/novaiptv.to\/cs\/nejlepsi-iptv-prehravac-pro-firestick\/\" title=\"Nejlep\u0161\u00ed IPTV p\u0159ehr\u00e1va\u010d pro Firestick 2025 | 5 nejlep\u0161\u00edch aplikac\u00ed\"  data-wpil-monitor-id=\"152\">P\u0159ihla\u0161ovac\u00ed \u00fadaje IPTV kompatibiln\u00ed s mnoha aplikacemi<\/a> (K\u00f3dy M3U \/ Xtream).\n      <\/li>\n      <li style=\"margin-bottom:10px;\">\n        <strong>Propojte svou aplikaci:<\/strong> nainstalujte si svou obl\u00edbenou IPTV <a href=\"https:\/\/novaiptv.to\/cs\/nejlepsi-mobilni-iptv-aplikace\/\" title=\"7 nejlep\u0161\u00edch IPTV aplikac\u00ed pro mobiln\u00ed za\u0159\u00edzen\u00ed v roce 2025: Plynul\u00e9 streamov\u00e1n\u00ed na Androidu a iOS\"  data-wpil-monitor-id=\"132\">aplikaci, zadejte svou NOVA IPTV<\/a> podrobnosti, obnovte kan\u00e1ly a za\u010dn\u011bte sledovat.\n      <\/li>\n    <\/ol>\n  <\/section>\n\n  <!-- FAQ -->\n  <section style=\"margin-bottom:50px;\">\n    <h2 style=\"font-size:24px; margin:0 0 18px; font-weight:700;\">\u010casto kladen\u00e9 ot\u00e1zky \u2013 Nejlep\u0161\u00ed IPTV slu\u017eba 2026 a NOVA IPTV<\/h2>\n    <div style=\"border-radius:18px; background:#0b0d15; padding:20px 20px; border:1px solid rgba(255,255,255,0.08);\">\n      <h3 style=\"font-size:17px; margin:0 0 8px;\">Je NOVA IPTV nejlep\u0161\u00ed IPTV slu\u017ebou v roce 2026?<\/h3>\n      <p style=\"font-size:14px; line-height:1.8; color:#d5d6e6;\">\n        Neexistuje jedin\u00e1 \u201cnejlep\u0161\u00ed IPTV slu\u017eba pro rok 2026\u201d pro ka\u017ed\u00e9ho, ale mnoho u\u017eivatel\u016f si ji vyb\u00edr\u00e1. <a href=\"https:\/\/novaiptv.to\/cs\/nejlepsi-iptv-sluzba-2025\/\" title=\"Nova IPTV 2025 \u2013 Ofici\u00e1ln\u00ed streamovac\u00ed slu\u017eba IPTV | Sledujte \u017eiv\u00e9 vys\u00edl\u00e1n\u00ed online\"  data-wpil-monitor-id=\"133\">NOVA IPTV d\u00edky stabiln\u00edmu streamov\u00e1n\u00ed<\/a>, podpora v\u00edce za\u0159\u00edzen\u00ed a jasn\u00e1 komunikace. Doporu\u010dujeme v\u00e1m p\u0159e\u010d\u00edst si tuto str\u00e1nku, porovnat r\u016fzn\u00e9 poskytovatele a za\u010d\u00edt s realistick\u00fdm tarifem, kter\u00fd odpov\u00edd\u00e1 va\u0161im div\u00e1ck\u00fdm zvyklostem.\n      <\/p>\n\n      <h3 style=\"font-size:17px; margin:18px 0 8px;\">Je novaiptv.to ofici\u00e1ln\u00ed webov\u00e1 str\u00e1nka a dom\u00e9na?<\/h3>\n      <p style=\"font-size:14px; line-height:1.8; color:#d5d6e6;\">\n        Ano. Jedin\u00fd <a href=\"https:\/\/novaiptv.to\/cs\/online-prehravac-nova-iptv-2025\/\" title=\"Online p\u0159ehr\u00e1va\u010d IPTV Nova\"  data-wpil-monitor-id=\"140\">ofici\u00e1ln\u00ed dom\u00e9na pro NOVA IPTV<\/a> je <strong>novaiptv.to<\/strong>. V\u00edce o migraci na\u0161\u00ed dom\u00e9ny a o tom, pro\u010d jsme v\u0161e slou\u010dili pod tuto dom\u00e9nu, si m\u016f\u017eete p\u0159e\u010d\u00edst zde:\n        <a href=\"https:\/\/novaiptv.to\/cs\/o-nova-iptv\/\" style=\"color:#ffb800; text-decoration:none;\">O NOVA IPTV \u2013 Ofici\u00e1ln\u00ed migrace dom\u00e9n<\/a>.\n      <\/p>\n\n      <h3 style=\"font-size:17px; margin:18px 0 8px;\">Kter\u00e1 za\u0159\u00edzen\u00ed mohu pou\u017e\u00edvat s NOVA IPTV?<\/h3>\n      <p style=\"font-size:14px; line-height:1.8; color:#d5d6e6;\">\n        <a href=\"https:\/\/novaiptv.to\/cs\/aplikace-nova-iptv-pro-android-2025\/\" title=\"Aplikace Nova IPTV pro Android\"  data-wpil-monitor-id=\"130\">NOVA IPTV funguje s mnoha IPTV aplikacemi<\/a> kter\u00e9 podporuj\u00ed k\u00f3dy M3U nebo Xtream. Pat\u0159\u00ed sem chytr\u00e9 televizory (prost\u0159ednictv\u00edm kompatibiln\u00edch aplikac\u00ed), telefony a televizn\u00ed p\u0159ij\u00edma\u010de Android, za\u0159\u00edzen\u00ed Firestick \/ Fire TV, za\u0159\u00edzen\u00ed iOS \/ iPadOS a desktopov\u00e9 aplikace pro <a href=\"https:\/\/novaiptv.to\/cs\/iptv-smarters-pro-lite-2025\/\" title=\"IPTV Smarters Pro 2025 | Nejlep\u0161\u00ed IPTV p\u0159ehr\u00e1va\u010d pro Windows, macOS a Android, iOS\"  data-wpil-monitor-id=\"142\">Windows nebo macOS<\/a>. Pro v\u00edce technick\u00fdch informac\u00ed nav\u0161tivte na\u0161e <a href=\"https:\/\/novaiptv.to\/cs\/nova-iptv-faq\/\" style=\"color:#ffb800; text-decoration:none;\">Str\u00e1nka s \u010dast\u00fdmi dotazy k NOVA IPTV<\/a>.\n      <\/p>\n\n      <h3 style=\"font-size:17px; margin:18px 0 8px;\">Jak mohu kontaktovat podporu NOVA IPTV, pokud m\u00e1m dotazy?<\/h3>\n      <p style=\"font-size:14px; line-height:1.8; color:#d5d6e6;\">\n        Ofici\u00e1ln\u00ed podporu NOVA IPTV m\u016f\u017eete kontaktovat prost\u0159ednictv\u00edm Telegramu, WhatsAppu, e-mailu nebo na\u0161ich\u2026 <a href=\"https:\/\/novaiptv.to\/cs\/kontakt\/\" style=\"color:#ffb800; text-decoration:none;\">Kontaktn\u00ed str\u00e1nka<\/a>. N\u00e1\u0161 t\u00fdm v\u00e1m pom\u016f\u017ee vybrat ten spr\u00e1vn\u00fd pl\u00e1n, <a href=\"https:\/\/novaiptv.to\/cs\/iptv-na-formuleru-z8\/\" title=\"Jak nastavit IPTV na Formuleru Z8 \u2013 Podrobn\u00fd n\u00e1vod pro za\u010d\u00e1te\u010dn\u00edky (aktualizace 2025)\"  data-wpil-monitor-id=\"153\">nastavit si IPTV<\/a> aplikaci a zodpov\u00ed v\u0161echny va\u0161e ot\u00e1zky.\n      <\/p>\n    <\/div>\n  <\/section>\n\n  <!-- Final CTA -->\n  <section style=\"margin-bottom:10px;\">\n    <div style=\"border-radius:20px; background:linear-gradient(135deg,#ffb800,#ff8a00); padding:24px 20px; text-align:center; color:#111;\">\n      <h2 style=\"font-size:22px; margin:0 0 10px; font-weight:800;\">Jste p\u0159ipraveni si sami vyzkou\u0161et NOVA IPTV?<\/h2>\n      <p style=\"font-size:15px; margin:0 0 14px;\">\n        Nejlep\u0161\u00ed IPTV slu\u017eba pro rok 2026 je ta, kter\u00e1 spolehliv\u011b funguje pro v\u00e1s a va\u0161i rodinu. Nav\u0161tivte na\u0161i cen\u00edk, vyberte si tarif a vyzkou\u0161ejte. <a href=\"https:\/\/novaiptv.to\/cs\/pruvodce-nova-iptv\/\" title=\"5 d\u016fvod\u016f, pro\u010d je Nova IPTV v sou\u010dasnosti nejlep\u0161\u00ed streamovac\u00ed slu\u017ebou!\"  data-wpil-monitor-id=\"131\">NOVA IPTV ve vlastn\u00edm nastaven\u00ed<\/a>.\n      <\/p>\n      <a href=\"https:\/\/novaiptv.to\/cs\/pricing\/\" style=\"display:inline-flex; align-items:center; justify-content:center; padding:12px 26px; border-radius:999px; background:#111; color:#ffb800; font-weight:700; font-size:14px; text-decoration:none;\">\n        Zobrazit ceny a tarify NOVA IPTV\n      <\/a>\n    <\/div>\n  <\/section>\n\n<\/div>\t\t\t\t<\/div>\n\t\t\t\t\t<\/div>\n\t\t\t\t<\/div>\n\t\t\t\t<\/div>","protected":false},"excerpt":{"rendered":"<p>IPTV Guide \u00b7 2026 Best IPTV Service 2026 \u2013 Honest Guide for Choosing the Right Provider The best IPTV service 2026 is not just the cheapest subscription, but the one that gives you stable streams, good content and a smooth&#8230;<\/p>","protected":false},"author":1,"featured_media":10081,"parent":0,"menu_order":0,"comment_status":"closed","ping_status":"closed","template":"","meta":{"footnotes":""},"class_list":["post-10073","page","type-page","status-publish","has-post-thumbnail","hentry"],"_links":{"self":[{"href":"https:\/\/novaiptv.to\/cs\/wp-json\/wp\/v2\/pages\/10073","targetHints":{"allow":["GET"]}}],"collection":[{"href":"https:\/\/novaiptv.to\/cs\/wp-json\/wp\/v2\/pages"}],"about":[{"href":"https:\/\/novaiptv.to\/cs\/wp-json\/wp\/v2\/types\/page"}],"author":[{"embeddable":true,"href":"https:\/\/novaiptv.to\/cs\/wp-json\/wp\/v2\/users\/1"}],"replies":[{"embeddable":true,"href":"https:\/\/novaiptv.to\/cs\/wp-json\/wp\/v2\/comments?post=10073"}],"version-history":[{"count":5,"href":"https:\/\/novaiptv.to\/cs\/wp-json\/wp\/v2\/pages\/10073\/revisions"}],"predecessor-version":[{"id":10233,"href":"https:\/\/novaiptv.to\/cs\/wp-json\/wp\/v2\/pages\/10073\/revisions\/10233"}],"wp:featuredmedia":[{"embeddable":true,"href":"https:\/\/novaiptv.to\/cs\/wp-json\/wp\/v2\/media\/10081"}],"wp:attachment":[{"href":"https:\/\/novaiptv.to\/cs\/wp-json\/wp\/v2\/media?parent=10073"}],"curies":[{"name":"wp","href":"https:\/\/api.w.org\/{rel}","templated":true}]}}