{"id":3982,"date":"2024-02-01T14:09:42","date_gmt":"2024-02-01T14:09:42","guid":{"rendered":"https:\/\/novaiptv.org\/?page_id=3982"},"modified":"2024-02-01T14:09:42","modified_gmt":"2024-02-01T14:09:42","slug":"notebooky-a-pocitace-2025","status":"publish","type":"page","link":"https:\/\/novaiptv.to\/cs\/notebooky-a-pocitace-2025\/","title":{"rendered":"IPTV Player on Laptops &amp; PC"},"content":{"rendered":"<div data-elementor-type=\"wp-page\" data-elementor-id=\"3982\" class=\"elementor elementor-3982\" data-elementor-post-type=\"page\">\n\t\t\t\t<div class=\"elementor-element elementor-element-84018bc e-flex e-con-boxed e-con e-parent\" data-id=\"84018bc\" data-element_type=\"container\" data-e-type=\"container\">\n\t\t\t\t\t<div class=\"e-con-inner\">\n\t\t\t\t<div class=\"elementor-element elementor-element-7470269 elementor-widget elementor-widget-html\" data-id=\"7470269\" data-element_type=\"widget\" data-e-type=\"widget\" data-widget_type=\"html.default\">\n\t\t\t\t\t<!DOCTYPE html>\n<html lang=\"en\">\n<head>\n    <meta charset=\"UTF-8\">\n    <meta name=\"viewport\" content=\"width=device-width, initial-scale=1.0\">\n    <title>Pr\u016fvodce nastaven\u00edm IPTV p\u0159ehr\u00e1va\u010de VLC Media Player<\/title>\n    <style>\n        :root {\n            --primary-color: #ff8800;\n            --secondary-color: #ff6600;\n            --dark-color: #333333;\n            --light-color: #F3F3F3;\n            --text-color: #333333;\n            --light-text: #F3F3F3;\n            --success-color: #00c853;\n            --warning-color: #ff9100;\n        }\n        \n        * {\n            margin: 0;\n            padding: 0;\n            box-sizing: border-box;\n            font-family: 'Segoe UI', Tahoma, Geneva, Verdana, sans-serif;\n        }\n        \n        body {\n            background-color: var(--light-color);\n            color: var(--text-color);\n            line-height: 1.6;\n            padding: 20px 0;\n        }\n        \n        .container {\n            max-width: 900px;\n            margin: 0 auto;\n            padding: 20px;\n        }\n        \n        .header {\n            text-align: center;\n            margin-bottom: 40px;\n            position: relative;\n            padding-top: 30px;\n        }\n        \n        .logo-container {\n            display: flex;\n            justify-content: center;\n            align-items: center;\n            margin-bottom: 20px;\n        }\n        \n        .logo {\n            width: 120px;\n            height: 120px;\n            background: linear-gradient(135deg, var(--primary-color), var(--secondary-color));\n            border-radius: 20px;\n            display: flex;\n            justify-content: center;\n            align-items: center;\n            box-shadow: 0 10px 20px rgba(255, 136, 0, 0.3);\n        }\n        \n        .logo svg {\n            width: 70px;\n            height: 70px;\n            fill: white;\n        }\n        \n        h1 {\n            font-size: 2.5rem;\n            margin-bottom: 10px;\n            background: linear-gradient(90deg, var(--primary-color), var(--secondary-color));\n            -webkit-background-clip: text;\n            background-clip: text;\n            color: transparent;\n            display: inline-block;\n        }\n        \n        .subtitle {\n            font-size: 1.2rem;\n            color: #555555;\n            margin-bottom: 20px;\n        }\n        \n        .steps-container {\n            display: flex;\n            flex-direction: column;\n            gap: 30px;\n        }\n        \n        .step {\n            background-color: white;\n            border-radius: 15px;\n            padding: 25px;\n            position: relative;\n            overflow: hidden;\n            box-shadow: 0 5px 15px rgba(0, 0, 0, 0.1);\n            border-left: 4px solid var(--primary-color);\n            transition: transform 0.3s ease, box-shadow 0.3s ease;\n        }\n        \n        .step:hover {\n            transform: translateY(-5px);\n            box-shadow: 0 10px 25px rgba(0, 0, 0, 0.2);\n        }\n        \n        .step-number {\n            position: absolute;\n            top: -10px;\n            right: -10px;\n            width: 60px;\n            height: 60px;\n            background: linear-gradient(135deg, var(--primary-color), var(--secondary-color));\n            border-radius: 50%;\n            display: flex;\n            justify-content: center;\n            align-items: center;\n            font-size: 1.5rem;\n            font-weight: bold;\n            color: white;\n            box-shadow: 0 5px 10px rgba(255, 136, 0, 0.4);\n        }\n        \n        .step-title {\n            font-size: 1.5rem;\n            margin-bottom: 15px;\n            color: var(--primary-color);\n            padding-right: 50px;\n        }\n        \n        .step-content {\n            margin-left: 15px;\n        }\n        \n        .step-content p {\n            margin-bottom: 15px;\n        }\n        \n        ul, ol {\n            margin-left: 30px;\n            margin-bottom: 15px;\n        }\n        \n        li {\n            margin-bottom: 10px;\n        }\n        \n        .highlight {\n            color: var(--primary-color);\n            font-weight: 600;\n        }\n        \n        .note {\n            background-color: rgba(255, 145, 0, 0.1);\n            border-left: 3px solid var(--warning-color);\n            padding: 15px;\n            margin: 20px 0;\n            border-radius: 5px;\n        }\n        \n        .note-title {\n            color: var(--warning-color);\n            font-weight: bold;\n            margin-bottom: 5px;\n        }\n        \n        .tip {\n            background-color: rgba(0, 200, 83, 0.1);\n            border-left: 3px solid var(--success-color);\n            padding: 15px;\n            margin: 20px 0;\n            border-radius: 5px;\n        }\n        \n        .tip-title {\n            color: var(--success-color);\n            font-weight: bold;\n            margin-bottom: 5px;\n        }\n        \n        .illustration {\n            margin: 20px 0;\n            text-align: center;\n        }\n        \n        .illustration img {\n            max-width: 100%;\n            height: auto;\n            border-radius: 10px;\n            box-shadow: 0 5px 15px rgba(0, 0, 0, 0.15);\n        }\n        \n        .footer {\n            text-align: center;\n            margin-top: 50px;\n            padding: 20px;\n            color: #555555;\n            font-size: 0.9rem;\n        }\n        \n        .cta-container {\n            text-align: center;\n            margin: 40px 0;\n            padding: 30px;\n            background: linear-gradient(135deg, rgba(255, 136, 0, 0.1), rgba(255, 102, 0, 0.1));\n            border-radius: 15px;\n        }\n        \n        .cta-title {\n            font-size: 1.8rem;\n            margin-bottom: 15px;\n            color: var(--dark-color);\n        }\n        \n        .cta-description {\n            font-size: 1.1rem;\n            margin-bottom: 25px;\n            color: #555;\n        }\n        \n        .cta-button {\n            display: inline-block;\n            padding: 15px 40px;\n            background: linear-gradient(90deg, var(--primary-color), var(--secondary-color));\n            color: white;\n            text-decoration: none;\n            font-weight: bold;\n            border-radius: 30px;\n            box-shadow: 0 5px 15px rgba(255, 136, 0, 0.4);\n            transition: transform 0.3s ease, box-shadow 0.3s ease;\n        }\n        \n        .cta-button:hover {\n            transform: translateY(-3px);\n            box-shadow: 0 8px 20px rgba(255, 136, 0, 0.6);\n        }\n        \n        @media (max-width: 768px) {\n            .container {\n                padding: 15px;\n            }\n            \n            h1 {\n                font-size: 2rem;\n            }\n            \n            .step {\n                padding: 20px;\n            }\n            \n            .step-number {\n                width: 50px;\n                height: 50px;\n                font-size: 1.2rem;\n            }\n            \n            .step-title {\n                font-size: 1.3rem;\n            }\n        }\n    <\/style>\n<\/head>\n<body>\n    <div class=\"container\">\n        <div class=\"header\">\n            <div class=\"logo-container\">\n                <div class=\"logo\">\n                    <svg viewbox=\"0 0 24 24\" xmlns=\"http:\/\/www.w3.org\/2000\/svg\">\n                        <path d=\"M12,3.5C6.92,3.5 2.75,7 2.75,11.25C2.75,13.25 3.69,15.03 5.18,16.31C4.97,16.67 4.77,17.03 4.67,17.41C4.54,17.89 4.46,18.39 4.46,18.91C4.46,19.31 5.06,19.61 5.36,19.31C6.05,18.71 6.11,18.13 6.87,17.56C8.4,18.34 10.13,18.8 12,18.8C17.07,18.8 21.25,15.31 21.25,11.06C21.25,6.8 17.07,3.5 12,3.5M12,17.5C10.32,17.5 8.73,17.12 7.33,16.5C6.76,16.8 6.23,17.27 5.85,17.85C5.76,18 5.76,18.03 5.75,18.25C5.75,18.26 5.75,18.28 5.75,18.29C6.62,17.74 7.18,17.5 8.01,17.5C8.22,17.5 8.45,17.56 8.64,17.63C9.56,18.05 10.75,18.3 12,18.3C16.34,18.3 19.85,15.31 19.85,11.8C19.85,8.28 16.34,5.29 12,5.29C7.65,5.29 4.15,8.29 4.15,11.8C4.15,13.39 4.86,14.8 6.05,15.89C6.16,16 6.27,16.09 6.39,16.18C8.08,17.14 10,17.5 12,17.5M14.46,10.08L12.87,9.67V7.94C12.87,7.83 12.7,7.7 12.5,7.7C12.31,7.7 12.13,7.83 12.13,7.94V9.67L10.54,10.08C10.39,10.13 10.27,10.23 10.27,10.4C10.27,10.57 10.44,10.71 10.64,10.71H12.13V14.07C12.13,14.18 12.31,14.32 12.5,14.32C12.7,14.32 12.87,14.18 12.87,14.07V10.71H14.36C14.56,10.71 14.73,10.57 14.73,10.4C14.73,10.23 14.61,10.13 14.46,10.08Z\" \/>\n                    <\/svg>\n                <\/div>\n            <\/div>\n            <h1>Pr\u016fvodce nastaven\u00edm IPTV p\u0159ehr\u00e1va\u010de VLC Media Player<\/h1>\n            <p class=\"subtitle\">Streamujte tis\u00edce kan\u00e1l\u016f snadno s VLC Media Player<\/p>\n        <\/div>\n        \n        <div class=\"steps-container\">\n            <!-- Step 1 -->\n            <div class=\"step\">\n                <div class=\"step-number\">1<\/div>\n                <h2 class=\"step-title\">St\u00e1hn\u011bte si p\u0159ehr\u00e1va\u010d m\u00e9di\u00ed VLC<\/h2>\n                <div class=\"step-content\">\n                    <p>Nejprve si mus\u00edte st\u00e1hnout a nainstalovat VLC Media Player, pokud jej je\u0161t\u011b nem\u00e1te nainstalovan\u00fd.<\/p>\n                    \n                    <ol>\n                        <li>Nav\u0161tivte ofici\u00e1ln\u00ed webov\u00e9 str\u00e1nky VLC na adrese <span class=\"highlight\"><a href=\"https:\/\/www.videolan.org\/vlc\/index.html\" target=\"_blank\" rel=\"noopener\">https:\/\/www.videolan.org\/vlc\/index.html<\/a><\/span><\/li>\n                        <li>Klikn\u011bte na tla\u010d\u00edtko sta\u017een\u00ed pro v\u00e1\u0161 opera\u010dn\u00ed syst\u00e9m (Windows, macOS, Linux atd.)<\/li>\n                        <li>Po sta\u017een\u00ed spus\u0165te instala\u010dn\u00ed program a dokon\u010dete instalaci podle pokyn\u016f na obrazovce.<\/li>\n                    <\/ol>\n                    \n                    <div class=\"tip\">\n                        <p class=\"tip-title\">Tip pro profesion\u00e1ly<\/p>\n                        <p>VLC je k dispozici pro t\u00e9m\u011b\u0159 v\u0161echny platformy v\u010detn\u011b Windows, macOS, Linuxu, Androidu a iOS, co\u017e z n\u011bj \u010din\u00ed v\u0161estrannou volbu pro... <a href=\"https:\/\/novaiptv.to\/cs\/iptv\/usa\/\" title=\"IPTV USA 2025 \u2013 Ultim\u00e1tn\u00ed pr\u016fvodce Nova IPTV (nejlep\u0161\u00ed tarify, za\u0159\u00edzen\u00ed a nastaven\u00ed)\" data-wpil-monitor-id=\"112\">Sledov\u00e1n\u00ed IPTV na v\u0161ech va\u0161ich za\u0159\u00edzen\u00edch<\/a>.<\/p>\n                    <\/div>\n                <\/div>\n            <\/div>\n            \n            <!-- Step 2 -->\n            <div class=\"step\">\n                <div class=\"step-number\">2<\/div>\n                <h2 class=\"step-title\">Otev\u0159ete VLC p\u0159ehr\u00e1va\u010d<\/h2>\n                <div class=\"step-content\">\n                    <p>Po dokon\u010den\u00ed instalace spus\u0165te VLC Media Player z plochy nebo ze slo\u017eky aplikac\u00ed.<\/p>\n                    \n                    <div class=\"note\">\n                        <p class=\"note-title\">Pozn\u00e1mka<\/p>\n                        <p>Pro nejlep\u0161\u00ed v\u00fdkon a kompatibilitu s VLC se ujist\u011bte, \u017ee pou\u017e\u00edv\u00e1te nejnov\u011bj\u0161\u00ed verzi. <a href=\"https:\/\/novaiptv.to\/cs\/nova-iptv\/\">IPTV streamy<\/a>.<\/p>\n                    <\/div>\n                <\/div>\n            <\/div>\n            \n            <!-- Step 3 -->\n            <div class=\"step\">\n                <div class=\"step-number\">3<\/div>\n                <h2 class=\"step-title\">P\u0159\u00edstup k s\u00ed\u0165ov\u00e9mu streamu<\/h2>\n                <div class=\"step-content\">\n                    <p>Chcete-li otev\u0159\u00edt sv\u016fj <a href=\"https:\/\/novaiptv.to\/cs\/android-tv-2025\/\">Stream IPTV<\/a>, pot\u0159ebujete p\u0159\u00edstup k funkci s\u00ed\u0165ov\u00e9ho streamov\u00e1n\u00ed:<\/p>\n                    \n                    <ol>\n                        <li>V nab\u00eddce VLC klikn\u011bte na <span class=\"highlight\">M\u00e9dia<\/span><\/li>\n                        <li>Vybrat <span class=\"highlight\">Otev\u0159\u00edt s\u00ed\u0165ov\u00fd stream<\/span> z rozbalovac\u00ed nab\u00eddky<\/li>\n                        <li>P\u0159\u00edpadn\u011b m\u016f\u017eete pou\u017e\u00edt kl\u00e1vesovou zkratku: <span class=\"highlight\">Ctrl+N<\/span> (Windows\/Linux) nebo <span class=\"highlight\">Command+N<\/span> (macOS)<\/li>\n                    <\/ol>\n                <\/div>\n            <\/div>\n            \n            <!-- Step 4 -->\n            <div class=\"step\">\n                <div class=\"step-number\">4<\/div>\n                <h2 class=\"step-title\">Zadejte URL adresu va\u0161\u00ed IPTV<\/h2>\n                <div class=\"step-content\">\n                    <p>V dialogov\u00e9m okn\u011b s\u00ed\u0165ov\u00e9ho streamu:<\/p>\n                    \n                    <ol>\n                        <li>Vlo\u017ete sv\u016fj <a class=\"wpil_keyword_link\" href=\"https:\/\/novaiptv.to\/cs\/\" title=\"P\u0159edplatn\u00e9 IPTV\" data-wpil-keyword-link=\"linked\">P\u0159edplatn\u00e9 IPTV<\/a> URL adresa v dan\u00e9m poli (toto je URL adresa, kter\u00e1 v\u00e1m byla zasl\u00e1na po p\u0159ihl\u00e1\u0161en\u00ed k odb\u011bru)<\/li>\n                        <li>Klikn\u011bte na <span class=\"highlight\">Hr\u00e1t<\/span> tla\u010d\u00edtko pro spu\u0161t\u011bn\u00ed na\u010d\u00edt\u00e1n\u00ed kan\u00e1l\u016f<\/li>\n                    <\/ol>\n                    \n                    <div class=\"tip\">\n                        <p class=\"tip-title\">Tip pro profesion\u00e1ly<\/p>\n                        <p>Pokud pl\u00e1nujete tento seznam skladeb pou\u017e\u00edvat \u010dasto, za\u0161krtn\u011bte p\u0159ed kliknut\u00edm na tla\u010d\u00edtko P\u0159ehr\u00e1t mo\u017enost \"Ulo\u017eit jako seznam skladeb\". To v\u00e1m v budoucnu umo\u017en\u00ed rychl\u00fd p\u0159\u00edstup ke sv\u00fdm IPTV kan\u00e1l\u016fm.<\/p>\n                    <\/div>\n                <\/div>\n            <\/div>\n            \n            <!-- Step 5 -->\n            <div class=\"step\">\n                <div class=\"step-number\">5<\/div>\n                <h2 class=\"step-title\">Po\u010dkejte na na\u010dten\u00ed kan\u00e1l\u016f<\/h2>\n                <div class=\"step-content\">\n                    <p>Po zad\u00e1n\u00ed adresy URL a stisknut\u00ed tla\u010d\u00edtka P\u0159ehr\u00e1t:<\/p>\n                    \n                    <ol>\n                        <li>VLC za\u010dne na\u010d\u00edtat va\u0161e IPTV kan\u00e1ly<\/li>\n                        <li>Tento proces m\u016f\u017ee n\u011bjakou dobu trvat v z\u00e1vislosti na po\u010dtu kan\u00e1l\u016f ve va\u0161em p\u0159edplatn\u00e9m.<\/li>\n                        <li>Bu\u010fte trp\u011bliv\u00ed, playlist se zpracov\u00e1v\u00e1.<\/li>\n                    <\/ol>\n                    \n                    <div class=\"note\">\n                        <p class=\"note-title\">Pozn\u00e1mka<\/p>\n                        <p>Na\u010d\u00edt\u00e1n\u00ed v\u011bt\u0161\u00edch playlist\u016f s tis\u00edci kan\u00e1ly m\u016f\u017ee zpo\u010d\u00e1tku trvat d\u00e9le. To je norm\u00e1ln\u00ed.<\/p>\n                    <\/div>\n                <\/div>\n            <\/div>\n            \n            <!-- Step 6 -->\n            <div class=\"step\">\n                <div class=\"step-number\">6<\/div>\n                <h2 class=\"step-title\">Vyberte kan\u00e1l a u\u017e\u00edvejte si<\/h2>\n                <div class=\"step-content\">\n                    <p>Jakmile se kan\u00e1ly na\u010dtou:<\/p>\n                    \n                    <ol>\n                        <li>Zobraz\u00ed se v\u00e1m seznam skladeb se v\u0161emi dostupn\u00fdmi kan\u00e1ly.<\/li>\n                        <li>Proch\u00e1zejte seznam nebo pou\u017eijte funkci vyhled\u00e1v\u00e1n\u00ed k nalezen\u00ed konkr\u00e9tn\u00edch kan\u00e1l\u016f<\/li>\n                        <li>Klikn\u011bte na kan\u00e1l a za\u010dn\u011bte sledovat<\/li>\n                        <li>U\u017eijte si sv\u016fj <a href=\"https:\/\/novaiptv.to\/cs\/embarking-on-the-iptv-odyssey\/\">Streamov\u00e1n\u00ed IPTV<\/a> za\u017e\u00edt!<\/li>\n                    <\/ol>\n                    \n                    <div class=\"tip\">\n                        <p class=\"tip-title\">Tip pro profesion\u00e1ly<\/p>\n                        <p>Nastaven\u00ed p\u0159ehr\u00e1v\u00e1n\u00ed ve VLC m\u016f\u017eete upravit kliknut\u00edm prav\u00fdm tla\u010d\u00edtkem my\u0161i na video a otev\u0159en\u00edm nab\u00eddky p\u0159ehr\u00e1v\u00e1n\u00ed. To v\u00e1m umo\u017en\u00ed ovl\u00e1dat aspekty, jako je kvalita videa, pom\u011br stran a zvukov\u00e9 stopy.<\/p>\n                    <\/div>\n                <\/div>\n            <\/div>\n        <\/div>\n        \n        <div class=\"cta-container\">\n            <h2 class=\"cta-title\">Jste p\u0159ipraveni vylep\u0161it sv\u016fj z\u00e1bavn\u00ed z\u00e1\u017eitek?<\/h2>\n            <p class=\"cta-description\">Objednejte si na\u0161i \u0161pi\u010dkovou <a href=\"https:\/\/novaiptv.to\/cs\/nejlepsi-iptv-predplatne-pro-zive-sportovni-prenosy\/\">Slu\u017eby IPTV nyn\u00ed a odemkn\u011bte sv\u011bt \u017eiv\u00e9ho<\/a> kan\u00e1ly, VOD, seri\u00e1ly a filmy! S NovaIPTV, <a href=\"https:\/\/novaiptv.to\/cs\/strategie-iptv-odyssey\/\">bezprobl\u00e9mov\u00e9 streamov\u00e1n\u00ed<\/a> a \u010dek\u00e1 na v\u00e1s nekone\u010dn\u00e1 z\u00e1bava.<\/p>\n            <a href=\"#\" class=\"cta-button\">P\u0159idejte se k budoucnosti televize je\u0161t\u011b dnes!<\/a>\n        <\/div>\n        \n        <div class=\"footer\">\n            <p>\u00a9 2025 NovaIPTV | VLC Media <a href=\"https:\/\/novaiptv.to\/cs\/nova-iptv-online-player\/\">P\u0159ehr\u00e1va\u010d IPTV<\/a> Pr\u016fvodce nastaven\u00edm<\/p>\n        <\/div>\n    <\/div>\n<\/body>\n<\/html>\t\t\t\t<\/div>\n\t\t\t\t<div class=\"elementor-element elementor-element-28a3148 elementor-widget elementor-widget-html\" data-id=\"28a3148\" data-element_type=\"widget\" data-e-type=\"widget\" data-widget_type=\"html.default\">\n\t\t\t\t\t<section style=\"max-width: 820px; margin: 54px auto; background: #181820; border-radius: 2.1em; box-shadow: 0 8px 32px rgba(18,17,34,0.13); padding: 3.3rem 3rem 3rem 3rem; text-align: center;\">\n  <h2 style=\"font-size: 2.3rem; margin-bottom: 0.6em; color:#fff; font-weight:800; letter-spacing:-0.5px; font-family: 'Montserrat',Arial,sans-serif;\">\n    Hled\u00e1te exkluzivn\u00ed p\u0159\u00edstup k IPTV?\n  <\/h2>\n  <p style=\"font-size: 1.32rem; margin-bottom: 2em; color:#bdbdbd; font-weight: 400; font-family: 'Montserrat',Arial,sans-serif;\">\n    Objevte sv\u011bt pr\u00e9miov\u00fdch kan\u00e1l\u016f, film\u016f a sportu. <br>\n    Posu\u0148te sv\u016fj div\u00e1ck\u00fd z\u00e1\u017eitek na vy\u0161\u0161\u00ed \u00farove\u0148 \u2013 p\u0159idejte se k elit\u011b.\n  <\/p>\n  <a href=\"https:\/\/panel.novaiptv.org\" style=\"display:inline-block; background: #fff; color:#191820; font-weight:700; font-size:1.25rem; border-radius:1.4em; padding: 1.1em 3.5em; text-decoration:none; box-shadow:0 2px 20px rgba(0,0,0,0.10); transition: box-shadow 0.16s, transform 0.16s; border:none; letter-spacing: 0.5px;\" onmouseover=\"this.style.boxShadow=&#039;0 6px 32px rgba(0,0,0,0.22)&#039;;this.style.transform=&#039;translateY(-2px)&#039;;\" onmouseout=\"this.style.boxShadow=&#039;0 2px 20px rgba(0,0,0,0.10)&#039;;this.style.transform=&#039;none&#039;;\" target=\"_blank\" rel=\"noopener\">\n    Kupte si IPTV hned te\u010f\n  <\/a>\n<\/section>\t\t\t\t<\/div>\n\t\t\t\t\t<\/div>\n\t\t\t\t<\/div>\n\t\t\t\t<\/div>","protected":false},"excerpt":{"rendered":"<p>VLC Media Player IPTV Setup Guide VLC Media Player IPTV Setup Guide Stream thousands of channels easily with VLC Media Player 1 Download VLC Media Player First, you need to download and install VLC Media Player if you don&#8217;t already&#8230;<\/p>","protected":false},"author":1,"featured_media":0,"parent":0,"menu_order":0,"comment_status":"closed","ping_status":"closed","template":"","meta":{"footnotes":""},"class_list":["post-3982","page","type-page","status-publish","hentry"],"_links":{"self":[{"href":"https:\/\/novaiptv.to\/cs\/wp-json\/wp\/v2\/pages\/3982","targetHints":{"allow":["GET"]}}],"collection":[{"href":"https:\/\/novaiptv.to\/cs\/wp-json\/wp\/v2\/pages"}],"about":[{"href":"https:\/\/novaiptv.to\/cs\/wp-json\/wp\/v2\/types\/page"}],"author":[{"embeddable":true,"href":"https:\/\/novaiptv.to\/cs\/wp-json\/wp\/v2\/users\/1"}],"replies":[{"embeddable":true,"href":"https:\/\/novaiptv.to\/cs\/wp-json\/wp\/v2\/comments?post=3982"}],"version-history":[{"count":0,"href":"https:\/\/novaiptv.to\/cs\/wp-json\/wp\/v2\/pages\/3982\/revisions"}],"wp:attachment":[{"href":"https:\/\/novaiptv.to\/cs\/wp-json\/wp\/v2\/media?parent=3982"}],"curies":[{"name":"wp","href":"https:\/\/api.w.org\/{rel}","templated":true}]}}