{"id":4079,"date":"2024-02-01T16:01:25","date_gmt":"2024-02-01T16:01:25","guid":{"rendered":"https:\/\/novaiptv.org\/?page_id=4079"},"modified":"2024-02-01T16:01:25","modified_gmt":"2024-02-01T16:01:25","slug":"podminky","status":"publish","type":"page","link":"https:\/\/novaiptv.to\/cs\/podminky\/","title":{"rendered":"Terms NOVA IPTV"},"content":{"rendered":"<div data-elementor-type=\"wp-page\" data-elementor-id=\"4079\" class=\"elementor elementor-4079\" data-elementor-post-type=\"page\">\n\t\t\t\t<div class=\"elementor-element elementor-element-604deb6 e-flex e-con-boxed e-con e-parent\" data-id=\"604deb6\" data-element_type=\"container\" data-e-type=\"container\">\n\t\t\t\t\t<div class=\"e-con-inner\">\n\t\t\t\t\t<\/div>\n\t\t\t\t<\/div>\n\t\t<div class=\"elementor-element elementor-element-a2ddb5b e-flex e-con-boxed e-con e-parent\" data-id=\"a2ddb5b\" data-element_type=\"container\" data-e-type=\"container\">\n\t\t\t\t\t<div class=\"e-con-inner\">\n\t\t<div class=\"elementor-element elementor-element-de488ed e-con-full e-flex e-con e-child\" data-id=\"de488ed\" data-element_type=\"container\" data-e-type=\"container\">\n\t\t\t\t<\/div>\n\t\t<div class=\"elementor-element elementor-element-e99c8ad e-con-full e-flex e-con e-child\" data-id=\"e99c8ad\" data-element_type=\"container\" data-e-type=\"container\">\n\t\t\t\t<div class=\"elementor-element elementor-element-380cf04 elementor-widget elementor-widget-text-editor\" data-id=\"380cf04\" data-element_type=\"widget\" data-e-type=\"widget\" data-widget_type=\"text-editor.default\">\n\t\t\t\t\t\t\t\t\t<h3 style=\"text-align: center;\"><span style=\"color: #333333;\"><strong><p><\/p>\n<\/strong><p><strong><br><\/strong><\/p><p><strong>**Smluvn\u00ed podm\u00ednky pro bezplatnou zku\u0161ebn\u00ed verzi IPTV**<\/strong><\/p><\/span><\/h3>\n<p><\/p>\n<h5 style=\"text-align: left;\"><span style=\"color: #333333;\">1. **Nab\u00eddka bezplatn\u00e9 zku\u0161ebn\u00ed verze**: Na\u0161e slu\u017eba IPTV nab\u00edz\u00ed nez\u00e1vaznou bezplatnou zku\u0161ebn\u00ed dobu, kter\u00e1 u\u017eivatel\u016fm umo\u017e\u0148uje vyzkou\u0161et funkce a kvalitu na\u0161\u00ed slu\u017eby p\u0159edt\u00edm, ne\u017e se rozhodnou pro p\u0159edplatn\u00e9.<\/span><\/h5>\n<h5>&nbsp;<\/h5>\n<h5 style=\"text-align: left;\"><span style=\"color: #333333;\">2. **Trv\u00e1n\u00ed**: Doba trv\u00e1n\u00ed bezplatn\u00e9 zku\u0161ebn\u00ed verze je 2 hodiny, b\u011bhem nich\u017e budou m\u00edt u\u017eivatel\u00e9 p\u0159\u00edstup k cel\u00e9 na\u0161\u00ed nab\u00eddce kan\u00e1l\u016f a funkc\u00ed.<\/span><\/h5>\n<h5>&nbsp;<\/h5>\n<h5 style=\"text-align: left;\"><span style=\"color: #333333;\">3. **Registrace**: Pro p\u0159\u00edstup k bezplatn\u00e9 zku\u0161ebn\u00ed verzi nen\u00ed vy\u017eadov\u00e1na \u017e\u00e1dn\u00e1 registrace ani informace o kreditn\u00ed kart\u011b. Sta\u010d\u00ed si st\u00e1hnout na\u0161i aplikaci nebo p\u0159istupovat k na\u0161im slu\u017eb\u00e1m prost\u0159ednictv\u00edm na\u0161ich webov\u00fdch str\u00e1nek a zah\u00e1jit zku\u0161ebn\u00ed verzi.<\/span><\/h5>\n<h5>&nbsp;<\/h5>\n<h5 style=\"text-align: left;\"><span style=\"color: #333333;\">4. **Pou\u017e\u00edv\u00e1n\u00ed**: B\u011bhem bezplatn\u00e9 zku\u0161ebn\u00ed doby se u\u017eivatel\u016fm doporu\u010duje prozkoumat funkce a obsah dostupn\u00fd v na\u0161\u00ed slu\u017eb\u011b IPTV. O\u010dek\u00e1v\u00e1 se v\u0161ak, \u017ee u\u017eivatel\u00e9 budou v\u017edy dodr\u017eovat na\u0161e podm\u00ednky slu\u017eby a z\u00e1sady p\u0159ijateln\u00e9ho u\u017e\u00edv\u00e1n\u00ed.<\/span><\/h5>\n<h5>&nbsp;<\/h5>\n<h5 style=\"text-align: left;\"><span style=\"color: #333333;\">5. **Bez z\u00e1vazku k p\u0159edplatn\u00e9mu**: Bezplatn\u00e1 zku\u0161ebn\u00ed verze je odd\u011blen\u00e1 od na\u0161\u00ed slu\u017eby p\u0159edplatn\u00e9ho a nevy\u017eaduje, aby se u\u017eivatel\u00e9 kdykoli zav\u00e1zali k p\u0159edplatn\u00e9mu.<\/span><\/h5>\n<h5>&nbsp;<\/h5>\n<h5 style=\"text-align: left;\"><span style=\"color: #333333;\">6. **\u017d\u00e1dn\u00e9 vr\u00e1cen\u00ed pen\u011bz**: Vzhledem k tomu, \u017ee bezplatn\u00e1 zku\u0161ebn\u00ed verze je navr\u017eena tak, aby u\u017eivatel\u016fm umo\u017enila otestovat slu\u017ebu p\u0159ed proveden\u00edm n\u00e1kupu, nenab\u00edz\u00edme vr\u00e1cen\u00ed pen\u011bz za p\u0159edplatn\u00e9 zakoupen\u00e9 po skon\u010den\u00ed zku\u0161ebn\u00ed doby.<\/span><\/h5>\n<h5>&nbsp;<\/h5>\n<h5 style=\"text-align: left;\"><span style=\"color: #333333;\">7. **Zru\u0161en\u00ed**: U\u017eivatel\u00e9 mohou kdykoli b\u011bhem zku\u0161ebn\u00edho obdob\u00ed ukon\u010dit pou\u017e\u00edv\u00e1n\u00ed bezplatn\u00e9 zku\u0161ebn\u00ed verze. Jednodu\u0161e p\u0159estanete pou\u017e\u00edvat na\u0161i slu\u017ebu a nen\u00ed t\u0159eba podnikat \u017e\u00e1dn\u00e9 dal\u0161\u00ed kroky.<\/span><\/h5>\n<h5>&nbsp;<\/h5>\n<h5 style=\"text-align: left;\"><span style=\"color: #333333;\">8. **Pokra\u010dov\u00e1n\u00ed slu\u017eby**: Na konci bezplatn\u00e9ho zku\u0161ebn\u00edho obdob\u00ed budou m\u00edt u\u017eivatel\u00e9 mo\u017enost zakoupit si p\u0159edplatn\u00e9, aby mohli na\u0161i slu\u017ebu IPTV nad\u00e1le pou\u017e\u00edvat. Pokud si p\u0159edplatn\u00e9 nezakoup\u00ed, bude jim p\u0159\u00edstup ke slu\u017eb\u011b ukon\u010den.<\/span><\/h5>\n<h5>&nbsp;<\/h5>\n<h5 style=\"text-align: left;\"><span style=\"color: #333333;\">9. **Zm\u011bny podm\u00ednek**: Vyhrazujeme si pr\u00e1vo kdykoli bez p\u0159edchoz\u00edho upozorn\u011bn\u00ed zm\u011bnit nebo ukon\u010dit nab\u00eddku bezplatn\u00e9 zku\u0161ebn\u00ed verze. O jak\u00fdchkoli zm\u011bn\u00e1ch t\u011bchto podm\u00ednek budou u\u017eivatel\u00e9 informov\u00e1ni prost\u0159ednictv\u00edm na\u0161ich webov\u00fdch str\u00e1nek.<\/span><\/h5>\n<h5>&nbsp;<\/h5>\n<h5 style=\"text-align: left;\"><span style=\"color: #333333;\">10. **Souhlas**: P\u0159\u00edstupem k bezplatn\u00e9 zku\u0161ebn\u00ed verzi u\u017eivatel\u00e9 souhlas\u00ed s dodr\u017eov\u00e1n\u00edm t\u011bchto podm\u00ednek. Nedodr\u017een\u00ed t\u011bchto podm\u00ednek m\u016f\u017ee v\u00e9st k ukon\u010den\u00ed bezplatn\u00e9 zku\u0161ebn\u00ed verze a\/nebo pozastaven\u00ed p\u0159\u00edstupu k na\u0161\u00ed slu\u017eb\u011b IPTV.<\/span><\/h5>\n<h5>&nbsp;<\/h5>\n<h5 style=\"text-align: left;\"><span style=\"color: #333333;\">11. **Kontaktujte n\u00e1s**: M\u00e1te-li jak\u00e9koli dotazy nebo obavy ohledn\u011b nab\u00eddky bezplatn\u00e9 zku\u0161ebn\u00ed verze nebo na\u0161\u00ed slu\u017eby IPTV, kontaktujte pros\u00edm n\u00e1\u0161 t\u00fdm z\u00e1kaznick\u00e9 podpory.<\/span><\/h5>\n<h5>&nbsp;<\/h5>\n<h5 style=\"text-align: left;\"><span style=\"color: #333333;\">P\u0159\u00edstupem k bezplatn\u00e9 zku\u0161ebn\u00ed verzi u\u017eivatel\u00e9 potvrzuj\u00ed, \u017ee si p\u0159e\u010detli, porozum\u011bli a souhlas\u00ed s v\u00fd\u0161e uveden\u00fdmi podm\u00ednkami.<\/span><\/h5><div><br><br><\/div>\t\t\t\t\t\t\t\t<\/div>\n\t\t\t\t<\/div>\n\t\t<div class=\"elementor-element elementor-element-165aced e-con-full e-flex e-con e-child\" data-id=\"165aced\" data-element_type=\"container\" data-e-type=\"container\">\n\t\t\t\t<\/div>\n\t\t\t\t\t<\/div>\n\t\t\t\t<\/div>\n\t\t\t\t<\/div>","protected":false},"excerpt":{"rendered":"<p>**Terms and Conditions for IPTV Free Trial** 1. **Free Trial Offer**: Our IPTV service offers a no-obligation free trial period to allow users to experience the features and quality of our service before deciding to subscribe. &nbsp; 2. **Duration**: The&#8230;<\/p>","protected":false},"author":1,"featured_media":0,"parent":0,"menu_order":0,"comment_status":"closed","ping_status":"closed","template":"","meta":{"footnotes":""},"class_list":["post-4079","page","type-page","status-publish","hentry"],"_links":{"self":[{"href":"https:\/\/novaiptv.to\/cs\/wp-json\/wp\/v2\/pages\/4079","targetHints":{"allow":["GET"]}}],"collection":[{"href":"https:\/\/novaiptv.to\/cs\/wp-json\/wp\/v2\/pages"}],"about":[{"href":"https:\/\/novaiptv.to\/cs\/wp-json\/wp\/v2\/types\/page"}],"author":[{"embeddable":true,"href":"https:\/\/novaiptv.to\/cs\/wp-json\/wp\/v2\/users\/1"}],"replies":[{"embeddable":true,"href":"https:\/\/novaiptv.to\/cs\/wp-json\/wp\/v2\/comments?post=4079"}],"version-history":[{"count":0,"href":"https:\/\/novaiptv.to\/cs\/wp-json\/wp\/v2\/pages\/4079\/revisions"}],"wp:attachment":[{"href":"https:\/\/novaiptv.to\/cs\/wp-json\/wp\/v2\/media?parent=4079"}],"curies":[{"name":"wp","href":"https:\/\/api.w.org\/{rel}","templated":true}]}}