{"id":5649,"date":"2025-02-01T09:33:15","date_gmt":"2025-02-01T09:33:15","guid":{"rendered":"https:\/\/novaiptv.org\/?page_id=5649"},"modified":"2025-02-01T09:33:15","modified_gmt":"2025-02-01T09:33:15","slug":"premiove-predplatne-iptv-nova-iptv-ve-velke-britanii","status":"publish","type":"page","link":"https:\/\/novaiptv.to\/cs\/premiove-predplatne-iptv-nova-iptv-ve-velke-britanii\/","title":{"rendered":"IPTV Subcription UK | Nova IPTV UK"},"content":{"rendered":"<div data-elementor-type=\"wp-page\" data-elementor-id=\"5649\" class=\"elementor elementor-5649\" data-elementor-post-type=\"page\">\n\t\t\t\t<div class=\"elementor-element elementor-element-d5ed5eb e-flex e-con-boxed e-con e-parent\" data-id=\"d5ed5eb\" data-element_type=\"container\" data-e-type=\"container\">\n\t\t\t\t\t<div class=\"e-con-inner\">\n\t\t\t\t<div class=\"elementor-element elementor-element-056da4b elementor-widget elementor-widget-html\" data-id=\"056da4b\" data-element_type=\"widget\" data-e-type=\"widget\" data-widget_type=\"html.default\">\n\t\t\t\t\t<section id=\"hero\" style=\"background: linear-gradient(135deg, #1e3c72, #2a5298); color: #fff; padding: 100px 20px; text-align: center;\">\n    <div style=\"width: 90%; max-width: 1200px; margin: auto;\">\n      <h1 style=\"font-size: 3em; margin-bottom: 20px; color:white;\">P\u0159edplatn\u00e9 Nova IPTV ve Spojen\u00e9m kr\u00e1lovstv\u00ed<\/h1>\n      <p style=\"font-size: 1.2em; margin-bottom: 30px;\">\n        Objevte revolu\u010dn\u00ed zp\u016fsob sledov\u00e1n\u00ed televize ve Velk\u00e9 Brit\u00e1nii s v\u00edce ne\u017e <strong>34 000 glob\u00e1ln\u00edch kan\u00e1l\u016f<\/strong> a <strong>195 000 film\u016f a seri\u00e1l\u016f<\/strong> v \u00fa\u017easn\u00e9m rozli\u0161en\u00ed 4K \u2013 to v\u0161e zabezpe\u010den\u00e9 na\u0161\u00ed pokro\u010dilou integrovanou VPN.\n      <\/p>\n      <a href=\"#pricing\" style=\"padding: 15px 30px; background: #ffd740; color: #333; text-decoration: none; font-weight: bold; border-radius: 5px;\">Prozkoumejte na\u0161e pl\u00e1ny<\/a>\n      <p style=\"margin-top: 20px; font-size: 1.1em;\">Slevov\u00fd k\u00f3d: firstorder <strong><\/strong> \u2013 Pouze na omezen\u00fd \u010das!<\/p>\n    <\/div>\n  <\/section>\n\n  <!-- About IPTV in the UK -->\n  <section id=\"about\" style=\"padding: 60px 20px; background: #fff;\">\n    <div style=\"width: 90%; max-width: 1200px; margin: auto;\">\n      <h2 style=\"text-align: center; margin-bottom: 40px; font-size: 2.5em; color: #0a0a23;\">Revoluce v IPTV ve Velk\u00e9 Brit\u00e1nii<\/h2>\n      <p style=\"margin-bottom: 20px;\">\n        Tradi\u010dn\u00ed televizi transformuje IPTV \u2013 modern\u00ed streamovac\u00ed \u0159e\u0161en\u00ed, kter\u00e9 poskytuje obsah p\u0159es internet s bezkonkuren\u010dn\u00ed \u010distotou a rozmanitost\u00ed. <a href=\"https:\/\/novaiptv.to\/cs\/koupit-iptv-predplatne-v-usa-2025\/\">Nova IPTV<\/a> UK je v tomto ohledu na \u0161pici a nab\u00edz\u00ed rozs\u00e1hlou knihovnu kan\u00e1l\u016f, film\u016f a seri\u00e1l\u016f, kter\u00e9 uspokoj\u00ed ka\u017ed\u00fd vkus.\n      <\/p>\n      <p style=\"margin-bottom: 20px;\">\n        Ve Spojen\u00e9m kr\u00e1lovstv\u00ed se div\u00e1ci st\u00e1le \u010dast\u011bji obracej\u00ed na IPTV kv\u016fli jej\u00ed flexibilit\u011b, cenov\u00e9 efektivit\u011b a vynikaj\u00edc\u00ed kvalit\u011b. A\u0165 u\u017e sledujete \u017eiv\u00e9 sportovn\u00ed p\u0159enosy, nejnov\u011bj\u0161\u00ed seri\u00e1ly nebo si u\u017e\u00edv\u00e1te mezin\u00e1rodn\u00ed programy, <a href=\"https:\/\/novaiptv.to\/cs\/koupit-iptv-predplatne-v-usa-2025\/\">Nova IPTV<\/a> Spojen\u00e9 kr\u00e1lovstv\u00ed zaji\u0161\u0165uje bezprobl\u00e9mov\u00fd a pohlcuj\u00edc\u00ed z\u00e1\u017eitek.\n      <\/p>\n      <p style=\"margin-bottom: 20px;\">\n        Na\u0161e slu\u017eba je navr\u017eena pro modern\u00edho div\u00e1ka a nab\u00edz\u00ed \u0161pi\u010dkov\u00e9 funkce, jako je vestav\u011bn\u00e9 zabezpe\u010den\u00ed VPN, pravideln\u00e9 aktualizace obsahu a kompatibilita s v\u00edce za\u0159\u00edzen\u00edmi, d\u00edky \u010demu\u017e je Nova\u2026 <a href=\"https:\/\/novaiptv.to\/cs\/strategie-iptv-odyssey\/\">IPTV UK \u2013 dokonal\u00e1 volba<\/a> volba pro digit\u00e1ln\u00ed z\u00e1bavu.\n      <\/p>\n    <\/div>\n  <\/section>\n\n  <!-- Famous UK Channels & Sports Section -->\n  <section id=\"channels-sports\" style=\"padding: 60px 20px; background: #f4f7f9;\">\n    <div style=\"width: 90%; max-width: 1200px; margin: auto;\">\n      <h2 style=\"text-align: center; margin-bottom: 40px; font-size: 2.5em; color: #0a0a23;\">Slavn\u00e9 britsk\u00e9 kan\u00e1ly a sporty<\/h2>\n      <p style=\"margin-bottom: 20px;\">\n        Spojen\u00e9 kr\u00e1lovstv\u00ed je domovem n\u011bkter\u00fdch z nejpresti\u017en\u011bj\u0161\u00edch televizn\u00edch kan\u00e1l\u016f, proslul\u00fdch svou vysoce kvalitn\u00ed programovou tvorbou a komplexn\u00edm sportovn\u00edm pokryt\u00edm. Nova IPTV UK v\u00e1s propoj\u00ed s t\u011bmito ikonick\u00fdmi kan\u00e1ly:\n      <\/p>\n      <ul style=\"margin-bottom: 20px; padding-left: 20px; color: #555;\">\n        <li>BBC One, BBC Two a BBC News \u2013 D\u016fv\u011bryhodn\u00e9 zdroje zpr\u00e1v, dokument\u016f a rodinn\u00e9 z\u00e1bavy.<\/li>\n        <li>ITV \u2013 P\u0159edn\u00ed spole\u010dnost v oblasti dramatick\u00fdch po\u0159ad\u016f, reality show a z\u00e1bavn\u00edch program\u016f.<\/li>\n        <li>Kan\u00e1l 4 a Kan\u00e1l 5 \u2013 Oslavovan\u00e9 pro inovativn\u00ed obsah a rozmanitou \u0161k\u00e1lu program\u016f.<\/li>\n        <li>Sky Sports \u2013 Zt\u011blesn\u011bn\u00ed sportovn\u00edho vys\u00edl\u00e1n\u00ed, kter\u00e9 nab\u00edz\u00ed \u017eiv\u00e9 p\u0159enosy fotbalu, kriketu, tenisu a dal\u0161\u00edch z\u00e1pas\u016f.<\/li>\n        <li>BT Sport \u2013 Exkluzivn\u00ed sportovn\u00ed zpravodajstv\u00ed zahrnuj\u00edc\u00ed hlavn\u00ed ligy a turnaje.<\/li>\n      <\/ul>\n      <p style=\"margin-bottom: 20px;\">\n        Za\u017eijte \u017eiv\u00e9 p\u0159enosy z anglick\u00e9 Premier League, Ligy mistr\u016f UEFA a dal\u0161\u00edch v\u00fdznamn\u00fdch sportovn\u00edch ud\u00e1lost\u00ed v k\u0159i\u0161\u0165\u00e1lov\u011b \u010dist\u00e9m rozli\u0161en\u00ed 4K. Na\u0161e <a class=\"wpil_keyword_link\" href=\"https:\/\/novaiptv.to\/cs\/\"   title=\"Slu\u017eba IPTV\" data-wpil-keyword-link=\"linked\">Slu\u017eba IPTV<\/a> zaji\u0161\u0165uje, \u017ee ka\u017ed\u00fd vzru\u0161uj\u00edc\u00ed okam\u017eik je zachycen v \u017eiv\u00fdch detailech.\n      <\/p>\n      <p style=\"margin-bottom: 20px;\">\n        A\u0165 u\u017e jste nad\u0161en\u00fd sportovn\u00ed nad\u0161enec nebo fanou\u0161ek kvalitn\u00ed televize, Nova IPTV UK v\u00e1m poskytuje bezprobl\u00e9mov\u00fd p\u0159\u00edstup k t\u011bm nejlep\u0161\u00edm kan\u00e1l\u016fm, kter\u00e9 Spojen\u00e9 kr\u00e1lovstv\u00ed nab\u00edz\u00ed.\n      <\/p>\n    <\/div>\n  <\/section>\n\n  <!-- Why Choose Nova IPTV UK -->\n  <section id=\"why-us\" style=\"padding: 60px 20px; background: #fff;\">\n    <div style=\"width: 90%; max-width: 1200px; margin: auto;\">\n      <h2 style=\"text-align: center; margin-bottom: 40px; font-size: 2.5em; color: #0a0a23;\">Pro\u010d si vybrat Nova IPTV UK?<\/h2>\n      <div style=\"display: grid; grid-template-columns: repeat(auto-fit, minmax(250px, 1fr)); gap: 30px;\">\n        <div style=\"background: #fff; padding: 20px; border-radius: 10px; box-shadow: 0 2px 10px rgba(0,0,0,0.1); text-align: center;\">\n          <h3 style=\"color: #1e3c72; margin-bottom: 15px;\">Vestav\u011bn\u00e9 zabezpe\u010den\u00ed VPN<\/h3>\n          <p style=\"color: #555;\">Streamujte s jistotou s na\u0161\u00ed nejmodern\u011bj\u0161\u00ed vestav\u011bnou VPN, kter\u00e1 chr\u00e1n\u00ed va\u0161e data a soukrom\u00ed.<\/p>\n        <\/div>\n        <div style=\"background: #fff; padding: 20px; border-radius: 10px; box-shadow: 0 2px 10px rgba(0,0,0,0.1); text-align: center;\">\n          <h3 style=\"color: #1e3c72; margin-bottom: 15px;\">Rozs\u00e1hl\u00e9 glob\u00e1ln\u00ed kan\u00e1ly<\/h3>\n          <p style=\"color: #555;\">Z\u00edskejte p\u0159\u00edstup k v\u00edce ne\u017e 34 000 \u017eiv\u00fdm kan\u00e1l\u016fm z cel\u00e9ho sv\u011bta, kter\u00e9 nab\u00edzej\u00ed nekone\u010dn\u00e9 mo\u017enosti z\u00e1bavy.<\/p>\n        <\/div>\n        <div style=\"background: #fff; padding: 20px; border-radius: 10px; box-shadow: 0 2px 10px rgba(0,0,0,0.1); text-align: center;\">\n          <h3 style=\"color: #1e3c72; margin-bottom: 15px;\">Knihovna 4K Ultra HD<\/h3>\n          <p style=\"color: #555;\">U\u017eijte si rozs\u00e1hlou sb\u00edrku 195 000 film\u016f a seri\u00e1l\u016f v dechberouc\u00ed kvalit\u011b 4K.<\/p>\n        <\/div>\n        <div style=\"background: #fff; padding: 20px; border-radius: 10px; box-shadow: 0 2px 10px rgba(0,0,0,0.1); text-align: center;\">\n          <h3 style=\"color: #1e3c72; margin-bottom: 15px;\">\u017div\u00e9 sportovn\u00ed p\u0159enosy a ud\u00e1losti<\/h3>\n          <p style=\"color: #555;\">Za\u017e\u00edt <a href=\"https:\/\/novaiptv.to\/cs\/nejlepsi-iptv-predplatne-pro-zive-sportovni-prenosy\/\">ka\u017ed\u00fd vzru\u0161uj\u00edc\u00ed okam\u017eik s \u017eiv\u00fdmi sportovn\u00edmi p\u0159enosy<\/a> a ud\u00e1losti vys\u00edlan\u00e9 v Ultra HD.<\/p>\n        <\/div>\n        <div style=\"background: #fff; padding: 20px; border-radius: 10px; box-shadow: 0 2px 10px rgba(0,0,0,0.1); text-align: center;\">\n          <h3 style=\"color: #1e3c72; margin-bottom: 15px;\">T\u00fddenn\u00ed aktualizace obsahu<\/h3>\n          <p style=\"color: #555;\">Z\u016fsta\u0148te o krok nap\u0159ed s nov\u00fdm obsahem, kter\u00fd ka\u017ed\u00fd t\u00fdden p\u0159id\u00e1v\u00e1me, aby v\u00e1\u0161 z\u00e1\u017eitek ze sledov\u00e1n\u00ed z\u016fstal dynamick\u00fd.<\/p>\n        <\/div>\n        <div style=\"background: #fff; padding: 20px; border-radius: 10px; box-shadow: 0 2px 10px rgba(0,0,0,0.1); text-align: center;\">\n          <h3 style=\"color: #1e3c72; margin-bottom: 15px;\">Kompatibilita s v\u00edce za\u0159\u00edzen\u00edmi<\/h3>\n          <p style=\"color: #555;\">U\u017eijte si neru\u0161en\u00e9 streamov\u00e1n\u00ed na jak\u00e9mkoli za\u0159\u00edzen\u00ed \u2013 od chytr\u00fdch televizor\u016f a chytr\u00fdch telefon\u016f a\u017e po tablety a Firesticky.<\/p>\n        <\/div>\n      <\/div>\n    <\/div>\n  <\/section>\n\n  <!-- Pricing Section -->\n  <section id=\"pricing\" style=\"padding: 60px 20px; background: #f4f7f9;\">\n    <div style=\"width: 90%; max-width: 1200px; margin: auto;\">\n      <h2 style=\"text-align: center; margin-bottom: 40px; font-size: 2.5em; color: #0a0a23;\">P\u0159edplatn\u00e9<\/h2>\n      <div style=\"display: grid; grid-template-columns: repeat(auto-fit, minmax(250px, 1fr)); gap: 30px;\">\n        <!-- 1 Months Plan -->\n        <div style=\"background: #fff; padding: 20px; border-radius: 10px; box-shadow: 0 2px 10px rgba(0,0,0,0.1); text-align: center;\">\n          <h3 style=\"color: #1e3c72;\">1 m\u011bs\u00edc<\/h3>\n          <p style=\"font-size: 2em; margin: 20px 0; color: #0a0a23;\">$7.99<\/p>\n          <p style=\"color: #888;\">U\u0161et\u0159ete 25%<\/p>\n          <ul style=\"list-style: none; padding: 0; margin-bottom: 20px; color: #555;\">\n            <li style=\"margin: 10px 0;\">1 p\u0159ipojen\u00ed<\/li>\n            <li style=\"margin: 10px 0;\">V\u00edce ne\u017e 230 000 kan\u00e1l\u016f<\/li>\n            <li style=\"margin: 10px 0;\">VOD a 4K Ultra HD<\/li>\n            <li style=\"margin: 10px 0;\">Syst\u00e9m proti pufrov\u00e1n\u00ed<\/li>\n          <\/ul>\n          <a href=\"https:\/\/panel.novaiptv.org\/\" style=\"display: inline-block; padding: 10px 20px; background: #1e3c72; color: #fff; text-decoration: none; border-radius: 5px;\" target=\"_blank\" rel=\"noopener\">Vyberte tarif<\/a>\n        <\/div>\n        <!-- 3 Months Plan -->\n        <div style=\"background: #fff; padding: 20px; border-radius: 10px; box-shadow: 0 2px 10px rgba(0,0,0,0.1); text-align: center;\">\n          <h3 style=\"color: #1e3c72;\">3 m\u011bs\u00edce<\/h3>\n          <p style=\"font-size: 2em; margin: 20px 0; color: #0a0a23;\">$22.99<\/p>\n          <p style=\"color: #888;\">U\u0161et\u0159ete 25%<\/p>\n          <ul style=\"list-style: none; padding: 0; margin-bottom: 20px; color: #555;\">\n            <li style=\"margin: 10px 0;\">1 p\u0159ipojen\u00ed<\/li>\n            <li style=\"margin: 10px 0;\">V\u00edce ne\u017e 230 000 kan\u00e1l\u016f<\/li>\n            <li style=\"margin: 10px 0;\">VOD a 4K Ultra HD<\/li>\n            <li style=\"margin: 10px 0;\">Syst\u00e9m proti pufrov\u00e1n\u00ed<\/li>\n          <\/ul>\n          <a href=\"https:\/\/panel.novaiptv.org\/\" style=\"display: inline-block; padding: 10px 20px; background: #1e3c72; color: #fff; text-decoration: none; border-radius: 5px;\" target=\"_blank\" rel=\"noopener\">Vyberte tarif<\/a>\n        <\/div>\n        <!-- 6 Months Plan -->\n        <div style=\"background: #fff; padding: 20px; border-radius: 10px; box-shadow: 0 2px 10px rgba(0,0,0,0.1); text-align: center;\">\n          <h3 style=\"color: #1e3c72;\">6 m\u011bs\u00edc\u016f<\/h3>\n          <p style=\"font-size: 2em; margin: 20px 0; color: #0a0a23;\">$49.99<\/p>\n          <p style=\"color: #888;\">Ulo\u017eit 35%<\/p>\n          <ul style=\"list-style: none; padding: 0; margin-bottom: 20px; color: #555;\">\n            <li style=\"margin: 10px 0;\">1 p\u0159ipojen\u00ed<\/li>\n            <li style=\"margin: 10px 0;\">V\u00edce ne\u017e 230 000 kan\u00e1l\u016f<\/li>\n            <li style=\"margin: 10px 0;\">VOD a 4K Ultra HD<\/li>\n            <li style=\"margin: 10px 0;\">Syst\u00e9m proti pufrov\u00e1n\u00ed<\/li>\n          <\/ul>\n          <a href=\"https:\/\/panel.novaiptv.org\/\" style=\"display: inline-block; padding: 10px 20px; background: #1e3c72; color: #fff; text-decoration: none; border-radius: 5px;\" target=\"_blank\" rel=\"noopener\">Vyberte tarif<\/a>\n        <\/div>\n        <!-- 1 Year Plan -->\n        <div style=\"background: #fff; padding: 20px; border-radius: 10px; box-shadow: 0 2px 10px rgba(0,0,0,0.1); text-align: center;\">\n          <h3 style=\"color: #1e3c72;\">1 rok<\/h3>\n          <p style=\"font-size: 2em; margin: 20px 0; color: #0a0a23;\">$69.99<\/p>\n          <p style=\"color: #888;\">Ulo\u017eit 70%<\/p>\n          <ul style=\"list-style: none; padding: 0; margin-bottom: 20px; color: #555;\">\n            <li style=\"margin: 10px 0;\">1 p\u0159ipojen\u00ed<\/li>\n            <li style=\"margin: 10px 0;\">V\u00edce ne\u017e 230 000 kan\u00e1l\u016f<\/li>\n            <li style=\"margin: 10px 0;\">VOD a 4K Ultra HD<\/li>\n            <li style=\"margin: 10px 0;\">Syst\u00e9m proti pufrov\u00e1n\u00ed<\/li>\n          <\/ul>\n          <a href=\"https:\/\/panel.novaiptv.org\/\" style=\"display: inline-block; padding: 10px 20px; background: #1e3c72; color: #fff; text-decoration: none; border-radius: 5px;\" target=\"_blank\" rel=\"noopener\">Vyberte tarif<\/a>\n        <\/div>\n        <!-- 2 Years Plan -->\n        <div style=\"background: #fff; padding: 20px; border-radius: 10px; box-shadow: 0 2px 10px rgba(0,0,0,0.1); text-align: center;\">\n          <h3 style=\"color: #1e3c72;\">2 roky<\/h3>\n          <p style=\"font-size: 2em; margin: 20px 0; color: #0a0a23;\">$119.99<\/p>\n          <p style=\"color: #888;\">Ulo\u017eit 85%<\/p>\n          <ul style=\"list-style: none; padding: 0; margin-bottom: 20px; color: #555;\">\n            <li style=\"margin: 10px 0;\">1 p\u0159ipojen\u00ed<\/li>\n            <li style=\"margin: 10px 0;\">V\u00edce ne\u017e 230 000 kan\u00e1l\u016f<\/li>\n            <li style=\"margin: 10px 0;\">VOD a 4K Ultra HD<\/li>\n            <li style=\"margin: 10px 0;\">Syst\u00e9m proti pufrov\u00e1n\u00ed<\/li>\n          <\/ul>\n          <a href=\"https:\/\/panel.novaiptv.org\/\" style=\"display: inline-block; padding: 10px 20px; background: #1e3c72; color: #fff; text-decoration: none; border-radius: 5px;\" target=\"_blank\" rel=\"noopener\">Vyberte tarif<\/a>\n        <\/div>\n        <!-- TRIAL Plan -->\n        <div style=\"background: #fff; padding: 20px; border-radius: 10px; box-shadow: 0 2px 10px rgba(0,0,0,0.1); text-align: center;\">\n          <h3 style=\"color: #1e3c72;\">ZKU\u0160EBN\u00cd VERZE<\/h3>\n          <p style=\"font-size: 2em; margin: 20px 0; color: #0a0a23;\">$2.36<\/p>\n          <ul style=\"list-style: none; padding: 0; margin-bottom: 20px; color: #555;\">\n            <li style=\"margin: 10px 0;\">1 p\u0159ipojen\u00ed<\/li>\n            <li style=\"margin: 10px 0;\">V\u00edce ne\u017e 230 000 kan\u00e1l\u016f<\/li>\n            <li style=\"margin: 10px 0;\">VOD a 4K Ultra HD<\/li>\n            <li style=\"margin: 10px 0;\">Syst\u00e9m proti pufrov\u00e1n\u00ed<\/li>\n                        <li style=\"margin: 10px 0;\"><\/li>\n\n            <span><\/span>\n          <\/ul>\n          <a href=\"https:\/\/panel.novaiptv.org\/\" style=\"display: inline-block; padding: 10px 20px; background: #1e3c72; color: #fff; text-decoration: none; border-radius: 5px;\" target=\"_blank\" rel=\"noopener\">Vyberte tarif<\/a>\n        <\/div>\n      <\/div>\n    <\/div>\n  <\/section>\n\n  <!-- Installation Guides Section -->\n  <section id=\"installation-guides\" style=\"padding: 60px 20px; background: #fff;\">\n    <div style=\"width: 90%; max-width: 1200px; margin: auto;\">\n      <h2 style=\"text-align: center; margin-bottom: 40px; font-size: 2.5em; color: #0a0a23;\">Instala\u010dn\u00ed p\u0159\u00edru\u010dky<\/h2>\n      <p style=\"margin-bottom: 20px; text-align: center; color: #555;\">\n        Za\u010dn\u011bte rychle s na\u0161imi podrobn\u00fdmi instala\u010dn\u00edmi pr\u016fvodci. A\u0165 u\u017e pou\u017e\u00edv\u00e1te Firestick, <a href=\"https:\/\/novaiptv.to\/cs\/android-tv-2025\/\">Android TV<\/a>, nebo jak\u00e9koli jin\u00e9 za\u0159\u00edzen\u00ed, na\u0161e snadno srozumiteln\u00e9 pokyny zajist\u00ed bezprobl\u00e9mov\u00e9 nastaven\u00ed.\n      <\/p>\n      <div style=\"text-align: center;\">\n        <a href=\"https:\/\/novaiptv.to\/cs\/konzultace\/\" style=\"display: inline-block; padding: 15px 30px; background: #1e3c72; color: #fff; text-decoration: none; border-radius: 5px;\">Zobrazit instala\u010dn\u00ed pr\u016fvodce<\/a>\n      <\/div>\n    <\/div>\n  <\/section>\n\n  <!-- FAQ Section -->\n  <section id=\"faq\" style=\"padding: 60px 20px; background: #f4f7f9;\">\n    <div style=\"width: 90%; max-width: 1200px; margin: auto;\">\n      <h2 style=\"text-align: center; margin-bottom: 40px; font-size: 2.5em; color: #0a0a23;\">\u010casto kladen\u00e9 ot\u00e1zky<\/h2>\n      <div style=\"background: #fff; padding: 20px; margin: 10px 0; border-radius: 5px; box-shadow: 0 1px 5px rgba(0,0,0,0.1);\">\n        <h3 style=\"margin-bottom: 10px; color: #1e3c72;\">Co je IPTV a jak funguje?<\/h3>\n        <p style=\"color: #555;\">\n          IPTV (Internet Protocol Television) poskytuje televizn\u00ed obsah p\u0159es va\u0161e internetov\u00e9 p\u0159ipojen\u00ed, \u010d\u00edm\u017e eliminuje pot\u0159ebu tradi\u010dn\u00edch kabelov\u00fdch nebo satelitn\u00edch slu\u017eeb. Jednodu\u0161e se p\u0159ihlaste k odb\u011bru, nainstalujte aplikaci a za\u010dn\u011bte streamovat.\n        <\/p>\n      <\/div>\n      <div style=\"background: #fff; padding: 20px; margin: 10px 0; border-radius: 5px; box-shadow: 0 1px 5px rgba(0,0,0,0.1);\">\n        <h3 style=\"margin-bottom: 10px; color: #1e3c72;\">Jak\u00e9 kan\u00e1ly jsou sou\u010d\u00e1st\u00ed va\u0161\u00ed slu\u017eby?<\/h3>\n        <p style=\"color: #555;\">\n          Nova IPTV UK nab\u00edz\u00ed p\u0159\u00edstup k v\u00edce ne\u017e 34 000 \u017eiv\u00fdm kan\u00e1l\u016fm po cel\u00e9m sv\u011bt\u011b, v\u010detn\u011b popul\u00e1rn\u00edch britsk\u00fdch s\u00edt\u00ed pro zpr\u00e1vy, z\u00e1bavu a sport \u2013 pro va\u0161e pohodl\u00ed se\u0159azen\u00fdch podle regionu a \u017e\u00e1nru.\n        <\/p>\n      <\/div>\n      <div style=\"background: #fff; padding: 20px; margin: 10px 0; border-radius: 5px; box-shadow: 0 1px 5px rgba(0,0,0,0.1);\">\n        <h3 style=\"margin-bottom: 10px; color: #1e3c72;\">Je k dispozici obsah na vy\u017e\u00e1d\u00e1n\u00ed?<\/h3>\n        <p style=\"color: #555;\">\n          Ano! U\u017eijte si rozs\u00e1hlou knihovnu 195 000 film\u016f a seri\u00e1l\u016f v \u00fa\u017easn\u00e9m rozli\u0161en\u00ed 4K Ultra HD, kter\u00e1 v\u00e1m zajist\u00ed rozmanit\u00fd v\u00fdb\u011br z\u00e1bavy na vy\u017e\u00e1d\u00e1n\u00ed.\n        <\/p>\n      <\/div>\n      <div style=\"background: #fff; padding: 20px; margin: 10px 0; border-radius: 5px; box-shadow: 0 1px 5px rgba(0,0,0,0.1);\">\n        <h3 style=\"margin-bottom: 10px; color: #1e3c72;\">Jak si m\u00e1m nastavit za\u0159\u00edzen\u00ed?<\/h3>\n        <p style=\"color: #555;\">\n          Po p\u0159ihl\u00e1\u0161en\u00ed k odb\u011bru obdr\u017e\u00edte podrobn\u00e9 pokyny ke sta\u017een\u00ed a instalaci po\u017eadovan\u00e9 aplikace. Jednodu\u0161e se p\u0159ihlaste pomoc\u00ed sv\u00fdch p\u0159ihla\u0161ovac\u00edch \u00fadaj\u016f a ihned za\u010dn\u011bte streamovat.\n        <\/p>\n      <\/div>\n      <div style=\"background: #fff; padding: 20px; margin: 10px 0; border-radius: 5px; box-shadow: 0 1px 5px rgba(0,0,0,0.1);\">\n        <h3 style=\"margin-bottom: 10px; color: #1e3c72;\">Obnovuj\u00ed se p\u0159edplatn\u00e9 automaticky?<\/h3>\n        <p style=\"color: #555;\">\n          Ne, p\u0159edplatn\u00e9 se automaticky neobnovuje. Po vypr\u0161en\u00ed platnosti mus\u00edte sv\u016fj tarif ru\u010dn\u011b obnovit.\n        <\/p>\n      <\/div>\n    <\/div>\n  <\/section>\n\n\t\t\t\t<\/div>\n\t\t\t\t\t<\/div>\n\t\t\t\t<\/div>\n\t\t\t\t<\/div>","protected":false},"excerpt":{"rendered":"<p>Nova IPTV Subscription UK Discover a revolutionary way to watch TV in the UK with over 34,000 global channels and 195,000 movies &#038; series in stunning 4K resolution\u2014all secured by our advanced integrated VPN. Explore Our Plans Promo Code: firstorder&#8230;<\/p>","protected":false},"author":1,"featured_media":0,"parent":0,"menu_order":0,"comment_status":"closed","ping_status":"closed","template":"","meta":{"footnotes":""},"class_list":["post-5649","page","type-page","status-publish","hentry"],"_links":{"self":[{"href":"https:\/\/novaiptv.to\/cs\/wp-json\/wp\/v2\/pages\/5649","targetHints":{"allow":["GET"]}}],"collection":[{"href":"https:\/\/novaiptv.to\/cs\/wp-json\/wp\/v2\/pages"}],"about":[{"href":"https:\/\/novaiptv.to\/cs\/wp-json\/wp\/v2\/types\/page"}],"author":[{"embeddable":true,"href":"https:\/\/novaiptv.to\/cs\/wp-json\/wp\/v2\/users\/1"}],"replies":[{"embeddable":true,"href":"https:\/\/novaiptv.to\/cs\/wp-json\/wp\/v2\/comments?post=5649"}],"version-history":[{"count":0,"href":"https:\/\/novaiptv.to\/cs\/wp-json\/wp\/v2\/pages\/5649\/revisions"}],"wp:attachment":[{"href":"https:\/\/novaiptv.to\/cs\/wp-json\/wp\/v2\/media?parent=5649"}],"curies":[{"name":"wp","href":"https:\/\/api.w.org\/{rel}","templated":true}]}}