{"id":6092,"date":"2025-02-23T08:58:40","date_gmt":"2025-02-23T08:58:40","guid":{"rendered":"https:\/\/novaiptv.org\/?page_id=6092"},"modified":"2025-02-23T08:58:40","modified_gmt":"2025-02-23T08:58:40","slug":"zasady-pro-vraceni-penez","status":"publish","type":"page","link":"https:\/\/novaiptv.to\/cs\/zasady-pro-vraceni-penez\/","title":{"rendered":"Refund Policy &#8211; Nova IPTV"},"content":{"rendered":"<div data-elementor-type=\"wp-page\" data-elementor-id=\"6092\" class=\"elementor elementor-6092\" data-elementor-post-type=\"page\">\n\t\t\t\t<div class=\"elementor-element elementor-element-b9057c0 e-flex e-con-boxed e-con e-parent\" data-id=\"b9057c0\" data-element_type=\"container\" data-e-type=\"container\">\n\t\t\t\t\t<div class=\"e-con-inner\">\n\t\t\t\t<div class=\"elementor-element elementor-element-f6b1437 elementor-widget elementor-widget-html\" data-id=\"f6b1437\" data-element_type=\"widget\" data-e-type=\"widget\" data-widget_type=\"html.default\">\n\t\t\t\t\t<body style=\"font-family: Arial, sans-serif; line-height: 1.8; color: #000; background-color: #111; max-width: 900px; margin: 40px auto; padding: 30px; border-radius: 10px; box-shadow: 0px 0px 20px rgba(255, 255, 255, 0.1);\">\n\n    <h1 style=\"color: #ff0000; text-align: center; font-size: 28px; margin-bottom: 20px; text-transform: uppercase;\">Z\u00e1sady vr\u00e1cen\u00ed pen\u011bz \u2013 Nova IPTV<\/h1>\n\n    <p style=\"font-size: 18px; text-align: justify; color: #000; background-color: #fff; padding: 10px; border-radius: 5px;\">Na <strong>Nova IPTV<\/strong>, Sna\u017e\u00edme se poskytovat nejlep\u0161\u00ed slu\u017eby IPTV. P\u0159ed n\u00e1kupem si pros\u00edm pe\u010dliv\u011b p\u0159e\u010dt\u011bte na\u0161e z\u00e1sady pro vr\u00e1cen\u00ed pen\u011bz.<\/p>\n\n    <h2 style=\"color: #ff0000; font-size: 22px; margin-top: 30px;\">1. Vyzkou\u0161ejte p\u0159ed n\u00e1kupem<\/h2>\n    <p style=\"font-size: 17px; text-align: justify; color: #000; background-color: #fff; padding: 10px; border-radius: 5px;\">V\u0161em nov\u00fdm z\u00e1kazn\u00edk\u016fm d\u016frazn\u011b doporu\u010dujeme, aby si zakoupili <strong>zku\u0161ebn\u00ed bal\u00ed\u010dek<\/strong> ne\u017e se k \u010demu zav\u00e1\u017eete <strong>m\u011bs\u00ed\u010dn\u00ed p\u0159edplatn\u00e9<\/strong>. D\u00edky tomu je zaji\u0161t\u011bno, \u017ee slu\u017eba spln\u00ed va\u0161e o\u010dek\u00e1v\u00e1n\u00ed a bude na va\u0161em za\u0159\u00edzen\u00ed fungovat bez probl\u00e9m\u016f.<\/p>\n\n    <h2 style=\"color: #ff0000; font-size: 22px; margin-top: 30px;\">2. N\u00e1rok na vr\u00e1cen\u00ed pen\u011bz<\/h2>\n    <ul style=\"font-size: 17px; padding-left: 20px; color: #000; background-color: #fff; padding: 10px; border-radius: 5px; list-style-type: square;\">\n        <li>Pokud vy <strong>nekoupil\/a si <\/strong><a href=\"https:\/\/novaiptv.to\/cs\/bezplatna-zkusebni-verze-iptv-v-kanade-2025\/\">probl\u00e9my se zku\u0161ebn\u00ed verz\u00ed a zku\u0161enostmi s na\u0161\u00ed slu\u017ebou<\/a>, m\u016f\u017eete po\u017e\u00e1dat o vr\u00e1cen\u00ed pen\u011bz do <strong>36 hodin od va\u0161eho n\u00e1kupu.<\/li>\n        <li>Vr\u00e1cen\u00ed pen\u011bz je <strong>nen\u00ed k dispozici<\/strong> pro z\u00e1kazn\u00edky, kte\u0159\u00ed vyu\u017eili <a href=\"https:\/\/novaiptv.to\/cs\/iptv\/canada\/\" title=\"IPTV Kanada 2025 \u2013 Ultim\u00e1tn\u00ed pr\u016fvodce Nova IPTV (tarify, za\u0159\u00edzen\u00ed a bezplatn\u00e1 zku\u0161ebn\u00ed verze)\"  data-wpil-monitor-id=\"154\">zku\u0161ebn\u00ed verze p\u0159ed zakoupen\u00edm pln\u00e9ho tarifu<\/a>.<\/li>\n        <li>Vr\u00e1cen\u00ed pen\u011bz bude provedeno pouze v p\u0159\u00edpad\u011b, \u017ee slu\u017eba bude <strong>nefunguje kv\u016fli probl\u00e9m\u016fm na na\u0161\u00ed stran\u011b<\/strong>.<\/li>\n    <\/ul>\n\n    <h2 style=\"color: #ff0000; font-size: 22px; margin-top: 30px;\">3. Situace, kdy nelze vr\u00e1tit pen\u00edze<\/h2>\n    <ul style=\"font-size: 17px; padding-left: 20px; color: #000; background-color: #fff; padding: 10px; border-radius: 5px; list-style-type: square;\">\n        <li><strong>Po 36 hodin\u00e1ch<\/strong> n\u00e1kupu.<\/li>\n        <li>Pokud je probl\u00e9m zp\u016fsoben va\u0161\u00ed <strong>probl\u00e9my s internetov\u00fdm p\u0159ipojen\u00edm, kompatibilitou za\u0159\u00edzen\u00ed nebo aplikacemi t\u0159et\u00edch stran<\/strong>.<\/li>\n        <li>Pokud v\u00e1\u0161 <a href=\"https:\/\/novaiptv.to\/cs\/\">Poskytovatel IPTV blokuje slu\u017ebu<\/a> ve va\u0161em regionu.<\/li>\n        <li>Pokud je slu\u017eba <strong>zneu\u017eito, sd\u00edleno nebo d\u00e1le prod\u00e1no<\/strong>, \u010d\u00edm\u017e poru\u0161ujete na\u0161e podm\u00ednky pou\u017e\u00edv\u00e1n\u00ed.<\/li>\n    <\/ul>\n\n    <h2 style=\"color: #ff0000; font-size: 22px; margin-top: 30px;\">4. Proces vr\u00e1cen\u00ed pen\u011bz<\/h2>\n    <ul style=\"font-size: 17px; padding-left: 20px; color: #000; background-color: #fff; padding: 10px; border-radius: 5px; list-style-type: square;\">\n        <li>Chcete-li po\u017e\u00e1dat o vr\u00e1cen\u00ed pen\u011bz, kontaktujte na\u0161e <strong>t\u00fdm podpory<\/strong> v r\u00e1mci zp\u016fsobil\u00e9ho obdob\u00ed.<\/li>\n        <li>Vr\u00e1cen\u00ed pen\u011bz, pokud bude schv\u00e1leno, bude zpracov\u00e1no do <strong>3\u20137 pracovn\u00edch dn\u016f<\/strong>.<\/li>\n        <li>Vr\u00e1cen\u00e1 \u010d\u00e1stka bude zasl\u00e1na na p\u016fvodn\u00ed platebn\u00ed metodu.<\/li>\n    <\/ul>\n\n    <h2 style=\"color: #ff0000; font-size: 22px; margin-top: 30px;\">5. Servisn\u00ed podpora<\/h2>\n    <p style=\"font-size: 17px; text-align: justify; color: #000; background-color: #fff; padding: 10px; border-radius: 5px;\">Pokud naraz\u00edte na jak\u00e9koli probl\u00e9my, kontaktujte nejprve n\u00e1\u0161 t\u00fdm podpory. R\u00e1di v\u00e1m pom\u016f\u017eeme s \u0159e\u0161en\u00edm probl\u00e9m\u016f, ne\u017e zv\u00e1\u017e\u00edme vr\u00e1cen\u00ed pen\u011bz.<\/p>\n\n    <p style=\"text-align: center; font-size: 18px; margin-top: 30px; color: #000; background-color: #fff; padding: 10px; border-radius: 5px;\"><strong>Zakoupen\u00edm na\u0161\u00ed slu\u017eby souhlas\u00edte s t\u011bmito Z\u00e1sadami vr\u00e1cen\u00ed pen\u011bz.<\/strong><\/p>\n\n    <p style=\"font-size: 18px; margin-top: 30px; color: #000; background-color: #fff; padding: 10px; border-radius: 5px;\"><strong>\ud83d\udce7 Kontakt na podporu:<\/strong> <a href=\"mailto:support@novaiptv.org\" style=\"color: #ff0000; text-decoration: none;\">support@novaiptv.org<\/a><\/p>\n    <p style=\"font-size: 18px; margin-top: 10px; color: #000; background-color: #fff; padding: 10px; border-radius: 5px;\"><strong>\ud83c\udf0d Webov\u00e9 str\u00e1nky:<\/strong> <a href=\"https:\/\/novaiptv.to\/cs\" style=\"color: #ff0000; text-decoration: none;\">https:\/\/novaiptv.to<\/a><\/p>\n\n<\/body>\t\t\t\t<\/div>\n\t\t\t\t\t<\/div>\n\t\t\t\t<\/div>\n\t\t\t\t<\/div>","protected":false},"excerpt":{"rendered":"<p>Refund Policy &#8211; Nova IPTV At Nova IPTV, we strive to provide the best IPTV service experience. Please read our refund policy carefully before purchasing. 1. Trial Before Purchase We highly recommend that all new customers purchase a trial package&#8230;<\/p>","protected":false},"author":1,"featured_media":0,"parent":0,"menu_order":0,"comment_status":"closed","ping_status":"closed","template":"","meta":{"footnotes":""},"class_list":["post-6092","page","type-page","status-publish","hentry"],"_links":{"self":[{"href":"https:\/\/novaiptv.to\/cs\/wp-json\/wp\/v2\/pages\/6092","targetHints":{"allow":["GET"]}}],"collection":[{"href":"https:\/\/novaiptv.to\/cs\/wp-json\/wp\/v2\/pages"}],"about":[{"href":"https:\/\/novaiptv.to\/cs\/wp-json\/wp\/v2\/types\/page"}],"author":[{"embeddable":true,"href":"https:\/\/novaiptv.to\/cs\/wp-json\/wp\/v2\/users\/1"}],"replies":[{"embeddable":true,"href":"https:\/\/novaiptv.to\/cs\/wp-json\/wp\/v2\/comments?post=6092"}],"version-history":[{"count":0,"href":"https:\/\/novaiptv.to\/cs\/wp-json\/wp\/v2\/pages\/6092\/revisions"}],"wp:attachment":[{"href":"https:\/\/novaiptv.to\/cs\/wp-json\/wp\/v2\/media?parent=6092"}],"curies":[{"name":"wp","href":"https:\/\/api.w.org\/{rel}","templated":true}]}}