{"id":7398,"date":"2025-05-28T21:12:47","date_gmt":"2025-05-28T21:12:47","guid":{"rendered":"https:\/\/novaiptv.org\/?page_id=7398"},"modified":"2025-05-28T21:12:47","modified_gmt":"2025-05-28T21:12:47","slug":"zasady-dmca","status":"publish","type":"page","link":"https:\/\/novaiptv.to\/cs\/zasady-dmca\/","title":{"rendered":"DMCA Policy"},"content":{"rendered":"<div data-elementor-type=\"wp-page\" data-elementor-id=\"7398\" class=\"elementor elementor-7398\" data-elementor-post-type=\"page\">\n\t\t\t\t<div class=\"elementor-element elementor-element-7378c412 e-flex e-con-boxed e-con e-parent\" data-id=\"7378c412\" data-element_type=\"container\" data-e-type=\"container\">\n\t\t\t\t\t<div class=\"e-con-inner\">\n\t\t\t\t<div class=\"elementor-element elementor-element-58671ce2 elementor-widget elementor-widget-text-editor\" data-id=\"58671ce2\" data-element_type=\"widget\" data-e-type=\"widget\" data-widget_type=\"text-editor.default\">\n\t\t\t\t\t\t\t\t\t\n<p><br><\/p>\n\n\n\n<p>Tyto z\u00e1sady DMCA (Digital Millennium Copyright Act) popisuj\u00ed, jak nakl\u00e1d\u00e1me s n\u00e1roky na poru\u0161en\u00ed autorsk\u00fdch pr\u00e1v k obsahu publikovan\u00e9mu na <strong>novaiptv.org<\/strong>. Pr\u00e1va du\u0161evn\u00edho vlastnictv\u00ed bereme v\u00e1\u017en\u011b a na opr\u00e1vn\u011bn\u00e1 ozn\u00e1men\u00ed DMCA reagujeme promptn\u011b.<\/p>\n\n\n\n<h2 class=\"wp-block-heading\">Pod\u00e1n\u00ed st\u00ed\u017enosti DMCA<\/h2>\n\n\n\n<p>Pokud jste vlastn\u00edkem autorsk\u00fdch pr\u00e1v nebo jeho z\u00e1stupcem a domn\u00edv\u00e1te se, \u017ee jak\u00fdkoli obsah na na\u0161ich webov\u00fdch str\u00e1nk\u00e1ch poru\u0161uje va\u0161e autorsk\u00e1 pr\u00e1va, m\u016f\u017eete podat p\u00edsemn\u00e9 ozn\u00e1men\u00ed v souladu se z\u00e1konem DMCA. Va\u0161e st\u00ed\u017enost mus\u00ed obsahovat n\u00e1sleduj\u00edc\u00ed informace:<\/p>\n\n\n\n<ol class=\"wp-block-list\">\n<li>Va\u0161e cel\u00e9 jm\u00e9no, po\u0161tovn\u00ed adresa, telefonn\u00ed \u010d\u00edslo a e-mailov\u00e1 adresa.<\/li>\n\n\n\n<li>Jasn\u00fd popis d\u00edla chr\u00e1n\u011bn\u00e9ho autorsk\u00fdmi pr\u00e1vy, u kter\u00e9ho tvrd\u00edte, \u017ee byla poru\u0161ena.<\/li>\n\n\n\n<li>P\u0159esn\u00e1 adresa(y) URL na na\u0161ich str\u00e1nk\u00e1ch, kter\u00e1(\u00e9) obsahuje(j\u00ed) materi\u00e1l poru\u0161uj\u00edc\u00ed autorsk\u00e1 pr\u00e1va.<\/li>\n\n\n\n<li>Prohl\u00e1\u0161en\u00ed, \u017ee se v dobr\u00e9 v\u00ed\u0159e domn\u00edv\u00e1te, \u017ee sporn\u00e9 pou\u017eit\u00ed nen\u00ed povoleno vlastn\u00edkem autorsk\u00fdch pr\u00e1v, jeho z\u00e1stupcem ani z\u00e1konem.<\/li>\n\n\n\n<li>Prohl\u00e1\u0161en\u00ed, \u017ee informace v ozn\u00e1men\u00ed jsou p\u0159esn\u00e9 a \u017ee jste pod trestem k\u0159iv\u00e9 p\u0159\u00edsahy opr\u00e1vn\u011bni jednat jm\u00e9nem vlastn\u00edka autorsk\u00fdch pr\u00e1v.<\/li>\n\n\n\n<li>V\u00e1\u0161 elektronick\u00fd nebo fyzick\u00fd podpis.<\/li>\n<\/ol>\n\n\n\n<p>Za\u0161lete pros\u00edm sv\u00e9 ozn\u00e1men\u00ed DMCA na n\u00e1sleduj\u00edc\u00ed kontaktn\u00ed adresu:<\/p>\n\n\n\n<p>E-mail: <a href=\"mailto:dmca@novaiptv.org\">dmca@novaiptv.org<\/a><br>P\u0159edm\u011bt: Ozn\u00e1men\u00ed o odstran\u011bn\u00ed obsahu podle DMCA<\/p>\n\n\n\n<h2 class=\"wp-block-heading\">Protiozn\u00e1men\u00ed<\/h2>\n\n\n\n<p>Pokud se domn\u00edv\u00e1te, \u017ee v\u00e1mi zve\u0159ejn\u011bn\u00fd materi\u00e1l byl odstran\u011bn omylem nebo chybnou identifikac\u00ed, m\u016f\u017eete podat protiozn\u00e1men\u00ed obsahuj\u00edc\u00ed n\u00e1sleduj\u00edc\u00ed:<\/p>\n\n\n\n<ol class=\"wp-block-list\">\n<li>Va\u0161e jm\u00e9no, adresa a telefonn\u00ed \u010d\u00edslo.<\/li>\n\n\n\n<li>URL adresy odstran\u011bn\u00e9ho obsahu.<\/li>\n\n\n\n<li>Prohl\u00e1\u0161en\u00ed pod trestem k\u0159iv\u00e9 p\u0159\u00edsahy, \u017ee se domn\u00edv\u00e1te, \u017ee obsah byl odstran\u011bn omylem.<\/li>\n\n\n\n<li>Prohl\u00e1\u0161en\u00ed, \u017ee souhlas\u00edte s jurisdikc\u00ed va\u0161eho m\u00edstn\u00edho feder\u00e1ln\u00edho soudu.<\/li>\n\n\n\n<li>V\u00e1\u0161 fyzick\u00fd nebo elektronick\u00fd podpis.<\/li>\n<\/ol>\n\n\n\n<p>Prov\u011b\u0159\u00edme v\u0161echna platn\u00e1 ozn\u00e1men\u00ed DMCA a zareagujeme do 48 hodin, v\u010detn\u011b odstran\u011bn\u00ed sporn\u00e9ho materi\u00e1lu nebo znemo\u017en\u011bn\u00ed p\u0159\u00edstupu k n\u011bmu.<\/p>\n\n\n\n<p>Opakovan\u00fdm poru\u0161ovatel\u016fm m\u016f\u017ee b\u00fdt p\u0159\u00edstup na str\u00e1nky zablokov\u00e1n.<\/p>\n\t\t\t\t\t\t\t\t<\/div>\n\t\t\t\t\t<\/div>\n\t\t\t\t<\/div>\n\t\t\t\t<\/div>","protected":false},"excerpt":{"rendered":"<p>This DMCA (Digital Millennium Copyright Act) Policy describes how we handle copyright infringement claims for content published on novaiptv.org. We take intellectual property rights seriously and respond promptly to legitimate DMCA notices. Filing a DMCA Complaint If you are a&#8230;<\/p>","protected":false},"author":1,"featured_media":0,"parent":0,"menu_order":0,"comment_status":"closed","ping_status":"closed","template":"","meta":{"footnotes":""},"class_list":["post-7398","page","type-page","status-publish","hentry"],"_links":{"self":[{"href":"https:\/\/novaiptv.to\/cs\/wp-json\/wp\/v2\/pages\/7398","targetHints":{"allow":["GET"]}}],"collection":[{"href":"https:\/\/novaiptv.to\/cs\/wp-json\/wp\/v2\/pages"}],"about":[{"href":"https:\/\/novaiptv.to\/cs\/wp-json\/wp\/v2\/types\/page"}],"author":[{"embeddable":true,"href":"https:\/\/novaiptv.to\/cs\/wp-json\/wp\/v2\/users\/1"}],"replies":[{"embeddable":true,"href":"https:\/\/novaiptv.to\/cs\/wp-json\/wp\/v2\/comments?post=7398"}],"version-history":[{"count":0,"href":"https:\/\/novaiptv.to\/cs\/wp-json\/wp\/v2\/pages\/7398\/revisions"}],"wp:attachment":[{"href":"https:\/\/novaiptv.to\/cs\/wp-json\/wp\/v2\/media?parent=7398"}],"curies":[{"name":"wp","href":"https:\/\/api.w.org\/{rel}","templated":true}]}}