{"id":7467,"date":"2025-06-07T15:35:10","date_gmt":"2025-06-07T15:35:10","guid":{"rendered":"https:\/\/novaiptv.org\/?page_id=7467"},"modified":"2025-06-07T15:35:10","modified_gmt":"2025-06-07T15:35:10","slug":"nova-iptv","status":"publish","type":"page","link":"https:\/\/novaiptv.to\/cs\/nova-iptv\/","title":{"rendered":"Transformujte svou z\u00e1bavu s Nova IPTV \u2013 dokonal\u00fdm streamovac\u00edm \u0159e\u0161en\u00edm pro rok 2025"},"content":{"rendered":"<div data-elementor-type=\"wp-page\" data-elementor-id=\"7467\" class=\"elementor elementor-7467\" data-elementor-post-type=\"page\">\n\t\t\t\t<div class=\"elementor-element elementor-element-c03ed15 e-flex e-con-boxed e-con e-parent\" data-id=\"c03ed15\" data-element_type=\"container\" data-e-type=\"container\">\n\t\t\t\t\t<div class=\"e-con-inner\">\n\t\t\t\t<div class=\"elementor-element elementor-element-bd32176 elementor-widget elementor-widget-html\" data-id=\"bd32176\" data-element_type=\"widget\" data-e-type=\"widget\" data-widget_type=\"html.default\">\n\t\t\t\t\t<style>\n    .pricing-grid {\n  display: grid;\n  grid-template-columns: repeat(auto-fit, minmax(250px,1fr));\n  gap: 30px;\n  margin-top: 30px;\n}\n\n.pricing-card {\n  background: #fff;\n  border-radius: 18px;\n  box-shadow: 0 4px 24px rgba(0,0,0,0.08);\n  text-align: center;\n  padding: 32px 20px 28px 20px;\n  transition: transform 0.2s, box-shadow 0.2s;\n  border: 2px solid transparent;\n  position: relative;\n}\n\n.pricing-card:hover {\n  transform: translateY(-8px) scale(1.03);\n  box-shadow: 0 8px 32px rgba(0,123,255,0.12);\n}\n\n.pricing-card.featured {\n  background: #e6f2ff;\n  border: 2px solid #007bff;\n}\n\n.pricing-card .star {\n  position: absolute;\n  top: 18px;\n  right: 18px;\n  font-size: 26px;\n  color: #ffc107;\n}\n\n.pricing-title {\n  font-size: 2rem;\n  font-weight: 700;\n  margin-bottom: 8px;\n}\n\n.pricing-price {\n  font-size: 1.7rem;\n  color: #007bff;\n  font-weight: 700;\n  margin-bottom: 8px;\n}\n\n.pricing-desc {\n  color: #888;\n  margin-bottom: 18px;\n  font-size: 1.1rem;\n}\n\n.pricing-features {\n  list-style: none;\n  padding: 0;\n  margin: 0;\n  color: #222;\n  font-size: 1.05rem;\n  text-align: left;\n  margin-top: 10px;\n}\n\n.pricing-features li {\n  margin-bottom: 8px;\n  padding-left: 18px;\n  position: relative;\n}\n\n.pricing-features li:before {\n  content: '\u2714';\n  color: #007bff;\n  position: absolute;\n  left: 0;\n  font-size: 1rem;\n}\n<\/style>\n<!-- Nova IPTV Elementor Landing Page Template (SEO Optimized - Light Theme - 1200 Words Version) -->\n<section style=\"background:#ffffff; color:#111; font-family:sans-serif; padding:60px 20px;\">\n  <div style=\"max-width:1200px; margin:auto;\">\n\n    <!-- Table of Contents -->\n    \n\n    <!-- Hero Section -->\n    <div id=\"nova-iptv-intro\" style=\"text-align:center; padding-bottom:60px;\">\n      <h1 style=\"font-size:48px; margin-bottom:10px;\">Transformujte svou z\u00e1bavu s Nova IPTV \u2013 dokonal\u00fdm streamovac\u00edm \u0159e\u0161en\u00edm pro rok 2025<\/h1>\n      <h2 style=\"font-size:24px; color:#555;\">Za\u017eijte pr\u00e9miov\u00e9 streamov\u00e1n\u00ed na v\u0161ech sv\u00fdch za\u0159\u00edzen\u00edch \u2013 bleskov\u011b rychl\u00e9 a glob\u00e1ln\u011b dostupn\u00e9<\/h2>\n      <p style=\"max-width:750px; margin:20px auto; font-size:18px; line-height:1.7;\">\n        Objevte revolu\u010dn\u00ed streamovac\u00ed platformu, kter\u00e1 nab\u00edz\u00ed bezkonkuren\u010dn\u00ed z\u00e1bavn\u00ed z\u00e1\u017eitek. S p\u0159\u00edstupem k v\u00edce ne\u017e 18 000 \u017eiv\u00fdm kan\u00e1l\u016fm, 60 000 film\u016fm a 8 400 seri\u00e1l\u016fm nastavuje Nova IPTV nov\u00e9 standardy v digit\u00e1ln\u00ed z\u00e1bav\u011b. Na\u0161e \u0161pi\u010dkov\u00e1 technologie zaji\u0161\u0165uje k\u0159i\u0161\u0165\u00e1lov\u011b \u010distou kvalitu streamov\u00e1n\u00ed a minim\u00e1ln\u00ed na\u010d\u00edt\u00e1n\u00ed, co\u017e z n\u00ed \u010din\u00ed preferovanou volbu milion\u016f div\u00e1k\u016f po cel\u00e9m sv\u011bt\u011b.\n      <\/p>\n      <p style=\"max-width:750px; margin:0 auto 20px; font-size:18px; line-height:1.7;\">\n        A\u0165 u\u017e jste doma nebo na cest\u00e1ch, u\u017eijte si to <a href=\"https:\/\/novaiptv.to\/cs\/embarking-on-the-iptv-odyssey\/\">bezprobl\u00e9mov\u00e9 streamov\u00e1n\u00ed<\/a> na v\u0161ech va\u0161ich za\u0159\u00edzen\u00edch. Na\u0161e platforma je optimalizov\u00e1na pro <a href=\"https:\/\/novaiptv.to\/cs\/nejlepsi-iptv-prehravace-roku-2025\/\">Chytr\u00e9 televizory<\/a>, Android, iOS, FireStick a po\u010d\u00edta\u010de, co\u017e poskytuje bezkonkuren\u010dn\u00ed flexibilitu a pohodl\u00ed. Intuitivn\u00ed ovl\u00e1dac\u00ed panel usnad\u0148uje navigaci a pokro\u010dil\u00e9 funkce, jako je bleskov\u011b rychl\u00e9 vyhled\u00e1v\u00e1n\u00ed a spr\u00e1va obl\u00edben\u00fdch, vylep\u0161uj\u00ed v\u00e1\u0161 z\u00e1\u017eitek ze sledov\u00e1n\u00ed.\n      <\/p>\n      <img decoding=\"async\" src=\"https:\/\/novaiptv.to\/wp-content\/uploads\/2025\/06\/image.webp\" alt=\"Pr\u00e9miov\u00e9 streamovac\u00ed rozhran\u00ed Nova IPTV\" style=\"max-width:100%; border-radius:10px; margin-top:20px;\">\n      <a href=\"http:\/\/panel.novaiptv.org\/\" style=\"padding:14px 28px; background:#007bff; color:#fff; border-radius:6px; font-size:18px; display:inline-block; margin-top:30px;\" target=\"_blank\" rel=\"noopener\">Za\u010dn\u011bte svou cestu pr\u00e9miov\u00e9ho streamov\u00e1n\u00ed<\/a>\n    <\/div>\n\n    <!-- Why Nova IPTV -->\n    <div id=\"why-nova-iptv\">\n      <h2 style=\"font-size:36px; text-align:center; margin-bottom:30px;\">Pro\u010d si vybrat Nova IPTV?<\/h2>\n      <ul style=\"max-width:800px; margin:auto; list-style:none; padding:0;\">\n        <li style=\"margin:12px 0;\">\u2705 Celosv\u011btov\u00fd p\u0159\u00edstup k streamov\u00e1n\u00ed \u2013 bez geografick\u00fdch omezen\u00ed<\/li>\n        <li style=\"margin:12px 0;\">\u2705 Servery podnikov\u00e9 \u00farovn\u011b s garanc\u00ed dostupnosti 99,91 TP3T<\/li>\n        <li style=\"margin:12px 0;\">\u2705 Streamov\u00e1n\u00ed na v\u00edce za\u0159\u00edzen\u00edch \u2013 sledujte na 5 za\u0159\u00edzen\u00edch sou\u010dasn\u011b<\/li>\n        <li style=\"margin:12px 0;\">\u2705 Pr\u00e9miov\u00e1 podpora 24\/7 prost\u0159ednictv\u00edm v\u00edce <a href=\"https:\/\/novaiptv.to\/cs\/kanaly\/\">kan\u00e1ly<\/a><\/li>\n        <li style=\"margin:12px 0;\">\u2705 Inteligentn\u00ed dashboard s automatick\u00fdmi aktualizacemi obsahu<\/li>\n        <li style=\"margin:12px 0;\">\u2705 Pokro\u010dil\u00e1 integrace EPG (elektronick\u00e9ho programov\u00e9ho pr\u016fvodce)<\/li>\n        <li style=\"margin:12px 0;\">\u2705 Funkce Catch-up TV a VOD (video na vy\u017e\u00e1d\u00e1n\u00ed)<\/li>\n      <\/ul>\n      <p style=\"text-align:center; max-width:750px; margin:20px auto; font-size:16px;\">\n        Uzn\u00e1v\u00e1n jako <a href=\"https:\/\/www.techradar.com\/best\/best-iptv\" target=\"_blank\" rel=\"dofollow noopener\" style=\"color:#007bff;\">p\u0159edn\u00ed poskytovatel streamovac\u00edch slu\u017eeb<\/a> odborn\u00edky z oboru.\n      <\/p>\n    <\/div>\n\n    <!-- Content Library -->\n    <div id=\"content-library\" style=\"margin-top:60px;\">\n      <h2 style=\"text-align:center; font-size:32px;\">Rozs\u00e1hl\u00e1 knihovna obsahu<\/h2>\n      <div style=\"max-width:800px; margin:auto;\">\n        <p style=\"margin-bottom:20px;\">Na\u0161e rozs\u00e1hl\u00e1 knihovna obsahu je pe\u010dliv\u011b sestavena, abychom v\u00e1m poskytli co nejlep\u0161\u00ed z\u00e1bavn\u00ed z\u00e1\u017eitek:<\/p>\n        <div style=\"display:grid; grid-template-columns:repeat(auto-fit,minmax(300px,1fr)); gap:20px;\">\n          <div style=\"background:#f9f9f9; padding:20px; border-radius:10px;\">\n            <h3>\u017div\u00e9 televizn\u00ed kan\u00e1ly<\/h3>\n            <ul style=\"list-style:none; padding:0;\">\n              <li>\u2022 Pr\u00e9miov\u00e9 sportovn\u00ed s\u00edt\u011b<\/li>\n              <li>\u2022 Mezin\u00e1rodn\u00ed zpravodajsk\u00e9 kan\u00e1ly<\/li>\n              <li>\u2022 Z\u00e1bava a filmy<\/li>\n              <li>\u2022 Obsah pro d\u011bti a rodiny<\/li>\n              <li>\u2022 Hudba a \u017eivotn\u00ed styl<\/li>\n            <\/ul>\n          <\/div>\n          <div style=\"background:#f9f9f9; padding:20px; border-radius:10px;\">\n            <h3>Filmy a seri\u00e1ly<\/h3>\n            <ul style=\"list-style:none; padding:0;\">\n              <li>\u2022 Nejnov\u011bj\u0161\u00ed trh\u00e1ky<\/li>\n              <li>\u2022 Klasick\u00e9 filmy<\/li>\n              <li>\u2022 Obl\u00edben\u00e9 televizn\u00ed po\u0159ady<\/li>\n              <li>\u2022 Dokumenty<\/li>\n              <li>\u2022 Nez\u00e1visl\u00e9 filmy<\/li>\n            <\/ul>\n          <\/div>\n        <\/div>\n      <\/div>\n    <\/div>\n\n    <!-- Streaming Quality -->\n    <div id=\"streaming-quality\" style=\"margin-top:60px;\">\n      <h2 style=\"text-align:center; font-size:32px;\">Pr\u00e9miov\u00e1 kvalita streamov\u00e1n\u00ed<\/h2>\n      <div style=\"max-width:800px; margin:auto;\">\n        <p style=\"margin-bottom:20px;\">Za\u017eijte k\u0159i\u0161\u0165\u00e1lov\u011b \u010dist\u00fd stream s na\u0161\u00ed pokro\u010dilou technologi\u00ed:<\/p>\n        <div style=\"display:grid; grid-template-columns:repeat(auto-fit,minmax(300px,1fr)); gap:20px;\">\n          <div style=\"background:#f9f9f9; padding:20px; border-radius:10px;\">\n            <h3>Streamovac\u00ed technologie<\/h3>\n            <ul style=\"list-style:none; padding:0;\">\n              <li>\u2022 Adaptivn\u00ed streamov\u00e1n\u00ed s datov\u00fdm tokem<\/li>\n              <li>\u2022 HD a Full HD kvalita<\/li>\n              <li>\u2022 P\u0159ehr\u00e1v\u00e1n\u00ed s n\u00edzkou latenc\u00ed<\/li>\n              <li>\u2022 Technologie proti zamrznut\u00ed<\/li>\n              <li>\u2022 Inteligentn\u00ed spr\u00e1va \u0161\u00ed\u0159ky p\u00e1sma<\/li>\n            <\/ul>\n          <\/div>\n          <div style=\"background:#f9f9f9; padding:20px; border-radius:10px;\">\n            <h3>V\u00fdkonnostn\u00ed funkce<\/h3>\n            <ul style=\"list-style:none; padding:0;\">\n              <li>\u2022 Okam\u017eit\u00e9 p\u0159ep\u00edn\u00e1n\u00ed kan\u00e1l\u016f<\/li>\n              <li>\u2022 Rychl\u00e9 na\u010d\u00edt\u00e1n\u00ed obsahu<\/li>\n              <li>\u2022 Streamov\u00e1n\u00ed bez vyrovn\u00e1vac\u00ed pam\u011bti<\/li>\n              <li>\u2022 Stabiln\u00ed p\u0159ipojen\u00ed<\/li>\n              <li>\u2022 Optimalizovan\u00e1 serverov\u00e1 s\u00ed\u0165<\/li>\n            <\/ul>\n          <\/div>\n        <\/div>\n      <\/div>\n    <\/div>\n\n    <!-- Features Section -->\n    <div id=\"features\" style=\"margin-top:60px;\">\n      <h2 style=\"text-align:center; font-size:32px;\">Pr\u00e9miov\u00e9 funkce, kter\u00e9 n\u00e1s odli\u0161uj\u00ed<\/h2>\n      <div style=\"display:grid; grid-template-columns:repeat(auto-fit,minmax(300px,1fr)); gap:30px; margin-top:30px;\">\n        <div style=\"background:#f9f9f9; padding:20px; border-radius:10px;\">\n          <h3>Pokro\u010dil\u00e1 streamovac\u00ed technologie<\/h3>\n          <p>Za\u017eijte streamov\u00e1n\u00ed bez vyrovn\u00e1vac\u00ed pam\u011bti s na\u0161imi nejmodern\u011bj\u0161\u00edmi servery a technologi\u00ed adaptivn\u00edho datov\u00e9ho toku. N\u00e1\u0161 inteligentn\u00ed syst\u00e9m automaticky upravuje kvalitu na z\u00e1klad\u011b va\u0161eho internetov\u00e9ho p\u0159ipojen\u00ed a zaji\u0161\u0165uje tak plynul\u00e9 p\u0159ehr\u00e1v\u00e1n\u00ed za jak\u00fdchkoli podm\u00ednek.<\/p>\n        <\/div>\n        <div style=\"background:#f9f9f9; padding:20px; border-radius:10px;\">\n          <h3>V\u00edcejazy\u010dn\u00e1 podpora<\/h3>\n          <p>Z\u00edskejte p\u0159\u00edstup k obsahu v n\u011bkolika jazyc\u00edch d\u00edky na\u0161im komplexn\u00edm mo\u017enostem titulk\u016f a zvukov\u00fdch stop. Na\u0161e platforma podporuje v\u00edce ne\u017e 50 jazyk\u016f, tak\u017ee je ide\u00e1ln\u00ed pro mezin\u00e1rodn\u00ed div\u00e1ky a studenty jazyk\u016f.<\/p>\n        <\/div>\n        <div style=\"background:#f9f9f9; padding:20px; border-radius:10px;\">\n          <h3>Rodi\u010dovsk\u00e1 kontrola<\/h3>\n          <p>Zajist\u011bte bezpe\u010dnost sv\u00e9 rodiny pomoc\u00ed p\u0159izp\u016fsobiteln\u00fdch omezen\u00ed obsahu a limit\u016f prohl\u00ed\u017een\u00ed. Nastavte profily pro r\u016fzn\u00e9 \u010dleny rodiny a \u0159i\u010fte, k jak\u00e9mu obsahu maj\u00ed p\u0159\u00edstup.<\/p>\n        <\/div>\n      <\/div>\n    <\/div>\n\n    <!-- Security Section -->\n    <div id=\"security\" style=\"margin-top:60px;\">\n      <h2 style=\"text-align:center; font-size:32px;\">Zabezpe\u010den\u00ed a soukrom\u00ed<\/h2>\n      <div style=\"max-width:800px; margin:auto;\">\n        <p style=\"margin-bottom:20px;\">Va\u0161e bezpe\u010dnost a soukrom\u00ed jsou na\u0161imi nejvy\u0161\u0161\u00edmi prioritami:<\/p>\n        <div style=\"display:grid; grid-template-columns:repeat(auto-fit,minmax(300px,1fr)); gap:20px;\">\n          <div style=\"background:#f9f9f9; padding:20px; border-radius:10px;\">\n            <h3>Bezpe\u010dnostn\u00ed funkce<\/h3>\n            <ul style=\"list-style:none; padding:0;\">\n              <li>\u2022 \u0160ifrovan\u00e1 p\u0159ipojen\u00ed<\/li>\n              <li>\u2022 Bezpe\u010dn\u00e9 zpracov\u00e1n\u00ed plateb<\/li>\n              <li>\u2022 Chr\u00e1n\u011bn\u00e1 u\u017eivatelsk\u00e1 data<\/li>\n              <li>\u2022 Pravideln\u00e9 aktualizace zabezpe\u010den\u00ed<\/li>\n              <li>\u2022 Ochrana p\u0159ed malwarem<\/li>\n            <\/ul>\n          <\/div>\n          <div style=\"background:#f9f9f9; padding:20px; border-radius:10px;\">\n            <h3>Ochrana soukrom\u00ed<\/h3>\n            <ul style=\"list-style:none; padding:0;\">\n              <li>\u2022 \u017d\u00e1dn\u00fd sb\u011br dat<\/li>\n              <li>\u2022 Anonymn\u00ed prohl\u00ed\u017een\u00ed<\/li>\n              <li>\u2022 Kompatibilita s VPN<\/li>\n              <li>\u2022 Soukrom\u00e9 prohl\u00ed\u017een\u00ed<\/li>\n              <li>\u2022 Bezpe\u010dn\u00e9 ov\u011b\u0159ov\u00e1n\u00ed<\/li>\n            <\/ul>\n          <\/div>\n        <\/div>\n      <\/div>\n    <\/div>\n\n    <!-- Support Section -->\n    <div id=\"support\" style=\"margin-top:60px;\">\n      <h2 style=\"text-align:center; font-size:32px;\">Z\u00e1kaznick\u00e1 podpora 24\/7<\/h2>\n      <div style=\"max-width:800px; margin:auto;\">\n        <p style=\"margin-bottom:20px;\">N\u00e1\u0161 specializovan\u00fd t\u00fdm podpory je v\u017edy p\u0159ipraven pomoci:<\/p>\n        <div style=\"display:grid; grid-template-columns:repeat(auto-fit,minmax(300px,1fr)); gap:20px;\">\n          <div style=\"background:#f9f9f9; padding:20px; border-radius:10px;\">\n            <h3>Kan\u00e1ly podpory<\/h3>\n            <ul style=\"list-style:none; padding:0;\">\n              <li>\u2022 Podpora \u017eiv\u00e9ho chatu<\/li>\n              <li>\u2022 Podpora e-mailem<\/li>\n              <li>\u2022 Podpora WhatsAppu<\/li>\n              <li>\u2022 Podpora Telegramu<\/li>\n              <li>\u2022 Znalostn\u00ed b\u00e1ze<\/li>\n            <\/ul>\n          <\/div>\n          <div style=\"background:#f9f9f9; padding:20px; border-radius:10px;\">\n            <h3>Funkce podpory<\/h3>\n            <ul style=\"list-style:none; padding:0;\">\n              <li>\u2022 Rychl\u00e1 doba odezvy<\/li>\n              <li>\u2022 Technick\u00e1 pomoc<\/li>\n              <li>\u2022 Podpora \u00fa\u010dtu<\/li>\n              <li>\u2022 Podpora fakturace<\/li>\n              <li>\u2022 Pokyny k nastaven\u00ed<\/li>\n            <\/ul>\n          <\/div>\n        <\/div>\n      <\/div>\n    <\/div>\n\n    <!-- Devices -->\n    <div id=\"devices\" style=\"margin-top:60px;\">\n      <h2 style=\"text-align:center; font-size:32px;\">Univerz\u00e1ln\u00ed kompatibilita za\u0159\u00edzen\u00ed<\/h2>\n      <p style=\"text-align:center; max-width:800px; margin:10px auto 30px;\">\n        U\u017eijte si <a href=\"https:\/\/novaiptv.to\/cs\/strategie-iptv-odyssey\/\">bezprobl\u00e9mov\u00e9 streamov\u00e1n\u00ed<\/a> na v\u0161ech va\u0161ich obl\u00edben\u00fdch za\u0159\u00edzen\u00edch s na\u0161\u00ed optimalizovanou platformou:\n      <\/p>\n      <ul style=\"max-width:800px; margin:30px auto; list-style:none; padding:0; display:flex; flex-wrap:wrap; justify-content:space-around;\">\n        <li>\ud83d\udcf1 Chytr\u00e9 telefony a tablety s Androidem<\/li>\n        <li>\ud83d\udcfa Chytr\u00e9 televizory (Samsung, LG, Sony)<\/li>\n        <li>\ud83d\udd25 FireStick, Roku &amp; Fire TV<\/li>\n        <li>\ud83d\udcbb Po\u010d\u00edta\u010de s Windows a macOS<\/li>\n        <li>\ud83d\udcf2 iOS s TiviMate nebo Smarters Playerem<\/li>\n        <li>\ud83c\udfae Krabice MAG &amp; <a href=\"https:\/\/novaiptv.to\/cs\/android-tv\/\">Android TV<\/a> Krabice<\/li>\n      <\/ul>\n    <\/div>\n\n    <!-- Plans -->\n    <div id=\"plans\" style=\"margin-top:60px;\">\n      <h2 style=\"text-align:center; font-size:32px;\">Flexibiln\u00ed p\u0159edplatn\u00e9<\/h2>\n      <p style=\"text-align:center; max-width:800px; margin:10px auto 30px;\">\n        Vyberte si perfektn\u00ed tarif pro va\u0161e pot\u0159eby v oblasti z\u00e1bavy, od b\u011b\u017en\u00e9ho sledov\u00e1n\u00ed a\u017e po pr\u00e9miov\u00e9 streamov\u00e1n\u00ed.\n      <\/p>\n      <div class=\"pricing-grid\">\n  <div class=\"pricing-card\">\n    <div class=\"pricing-title\">1 m\u011bs\u00edc<\/div>\n    <div class=\"pricing-price\">$7.99<\/div>\n    <div class=\"pricing-desc\">Ide\u00e1ln\u00ed pro vyzkou\u0161en\u00ed na\u0161ich slu\u017eeb<\/div>\n    <ul class=\"pricing-features\">\n      <li>Okam\u017eit\u00e1 aktivace<\/li>\n      <li>Streamov\u00e1n\u00ed v pln\u00e9m HD rozli\u0161en\u00ed<\/li>\n      <li>P\u0159\u00edstup ke v\u0161em kan\u00e1l\u016fm<\/li>\n      <li>5 za\u0159\u00edzen\u00ed<\/li>\n      <li>Pr\u00e9miov\u00e1 podpora<\/li>\n    <\/ul>\n  <\/div>\n  <div class=\"pricing-card\">\n    <div class=\"pricing-title\">3 m\u011bs\u00edce<\/div>\n    <div class=\"pricing-price\">$22.99<\/div>\n    <div class=\"pricing-desc\">Nejobl\u00edben\u011bj\u0161\u00ed volba<\/div>\n    <ul class=\"pricing-features\">\n              <li>Okam\u017eit\u00e1 aktivace<\/li>\n\n      <li>U\u0161et\u0159ete 15%<\/li>\n      <li>Pr\u00e9miov\u00e1 podpora<\/li>\n      <li>Sledov\u00e1n\u00ed zme\u0161kan\u00fdch po\u0159ad\u016f<\/li>\n      <li>P\u0159\u00edstup k EPG<\/li>\n    <\/ul>\n  <\/div>\n  <div class=\"pricing-card featured\">\n    <span class=\"star\">\u2605<\/span>\n    <div class=\"pricing-title\">12 m\u011bs\u00edc\u016f<\/div>\n    <div class=\"pricing-price\">$69.99<\/div>\n    <div class=\"pricing-desc\">Nejlep\u0161\u00ed pom\u011br ceny a kvality<\/div>\n    <ul class=\"pricing-features\">\n              <li>Okam\u017eit\u00e1 aktivace<\/li>\n\n      <li>Ulo\u017eit 35%<\/li>\n      <li>Pr\u00e9miov\u00e1 podpora<\/li>\n      <li>V\u0161echny pr\u00e9miov\u00e9 funkce<\/li>\n      <li>P\u0159edb\u011b\u017en\u00fd p\u0159\u00edstup<\/li>\n    <\/ul>\n  <\/div>\n  <div class=\"pricing-card\">\n    <div class=\"pricing-title\">24 m\u011bs\u00edc\u016f<\/div>\n    <div class=\"pricing-price\">$119.99<\/div>\n    <div class=\"pricing-desc\">Maxim\u00e1ln\u00ed \u00faspory<\/div>\n    <ul class=\"pricing-features\">\n              <li>Okam\u017eit\u00e1 aktivace<\/li>\n\n      <li>U\u0161et\u0159ete 50%<\/li>\n      <li>Pr\u00e9miov\u00e1 podpora<\/li>\n      <li>V\u0161echny funkce<\/li>\n      <li>Prioritn\u00ed aktualizace<\/li>\n    <\/ul>\n  <\/div>\n<\/div>\n      \n      \n      <\/div>\n    <\/div>\n\n    <!-- APK Download -->\n    <div id=\"apk\" style=\"background:#f0f4fa; padding:40px; border-radius:10px; text-align:center; margin-top:60px;\">\n      <h2>St\u00e1hn\u011bte si na\u0161i pr\u00e9miovou streamovac\u00ed aplikaci<\/h2>\n      <p>Za\u017eijte bleskovou rychlost <a href=\"https:\/\/novaiptv.to\/cs\/android-tv-2025\/\">streamov\u00e1n\u00ed s na\u0161\u00edm optimalizovan\u00fdm syst\u00e9mem Android<\/a> aplikace. Pravideln\u00e9 aktualizace zaji\u0161\u0165uj\u00ed nejlep\u0161\u00ed v\u00fdkon a zabezpe\u010den\u00ed.<\/p>\n      <div style=\"margin:20px 0;\">\n        <p>\u2713 Lehk\u00e1 aplikace (8 MB)<\/p>\n        <p>\u2713 Automatick\u00e9 aktualizace<\/p>\n        <p>\u2713 Vestav\u011bn\u00fd p\u0159ehr\u00e1va\u010d<\/p>\n        <p>\u2713 Podpora elektronick\u00e9ho pr\u016fvodce programem (EPG)<\/p>\n      <\/div>\n      <a href=\"https:\/\/novaiptv.to\/cs\/nova-iptv-android-app\/\" style=\"padding:14px 28px; background:#007bff; color:#fff; border-radius:6px; font-weight:bold;\">\ud83d\udce5 St\u00e1hn\u011bte si pr\u00e9miovou aplikaci<\/a>\n    <\/div>\n\n    <!-- FAQ -->\n    <div id=\"faq\" style=\"margin-top:80px;\">\n      <h2 style=\"text-align:center; font-size:32px;\">\u010casto kladen\u00e9 ot\u00e1zky<\/h2>\n      <div style=\"max-width:800px; margin:auto;\">\n        <p><strong>Je <a href=\"https:\/\/novaiptv.to\/cs\/koupit-iptv-predplatne-v-usa-2025\/\">Nova IPTV<\/a> pr\u00e1vn\u00ed?<\/strong><br>Na\u0161e slu\u017eba poskytuje p\u0159\u00edstup k obsahu, kter\u00fd m\u016f\u017ee b\u00fdt voln\u011b \u0161\u00ed\u0159en. U\u017eivatel\u00e9 jsou zodpov\u011bdn\u00ed za dodr\u017eov\u00e1n\u00ed m\u00edstn\u00edch p\u0159edpis\u016f.<\/p>\n        <p><strong>Pot\u0159ebuji VPN?<\/strong><br>I kdy\u017e to nen\u00ed povinn\u00e9, doporu\u010dujeme pou\u017e\u00edvat <a href=\"https:\/\/nordvpn.com\" rel=\"dofollow noopener\" style=\"color:#007bff;\" target=\"_blank\">NordVPN<\/a> pro v\u011bt\u0161\u00ed soukrom\u00ed a neomezen\u00fd p\u0159\u00edstup.<\/p>\n        <p><strong>Jak se mohu p\u0159ihl\u00e1sit k odb\u011bru?<\/strong><br>N\u00e1v\u0161t\u011bva <a href=\"http:\/\/panel.novaiptv.org\/\" style=\"color:#007bff;\" target=\"_blank\" rel=\"noopener\">n\u00e1\u0161 panel p\u0159edplatn\u00e9ho<\/a> a vyberte si preferovan\u00fd tarif. Nastaven\u00ed trv\u00e1 m\u00e9n\u011b ne\u017e 5 minut.<\/p>\n        <p><strong>Jak\u00e9 platebn\u00ed metody akceptujete?<\/strong><br>Pro va\u0161e pohodl\u00ed p\u0159ij\u00edm\u00e1me v\u0161echny hlavn\u00ed kreditn\u00ed karty, PayPal a platby kryptom\u011bnami.<\/p>\n        <p><strong>Mohu zru\u0161it sv\u00e9 p\u0159edplatn\u00e9?<\/strong><br>Ano, m\u016f\u017eete kdykoli zru\u0161it. Nejsou vy\u017eadov\u00e1ny \u017e\u00e1dn\u00e9 dlouhodob\u00e9 z\u00e1vazky.<\/p>\n        <p><strong>Jakou rychlost internetu pot\u0159ebuji?<\/strong><br>Pro streamov\u00e1n\u00ed v HD kvalit\u011b doporu\u010dujeme minim\u00e1ln\u011b 10 Mb\/s. Na\u0161e adaptivn\u00ed streamovac\u00ed technologie zaji\u0161\u0165uje optim\u00e1ln\u00ed kvalitu na z\u00e1klad\u011b va\u0161eho p\u0159ipojen\u00ed.<\/p>\n        <p><strong>Kolik za\u0159\u00edzen\u00ed mohu pou\u017e\u00edt?<\/strong><br>S jedn\u00edm p\u0159edplatn\u00fdm m\u016f\u017eete streamovat a\u017e na 5 za\u0159\u00edzen\u00edch sou\u010dasn\u011b.<\/p>\n        <p><strong>Nab\u00edz\u00edte bezplatnou zku\u0161ebn\u00ed verzi?<\/strong><br>Ano, nab\u00edz\u00edme 24hodinovou bezplatnou zku\u0161ebn\u00ed verzi, abyste si mohli vyzkou\u0161et na\u0161e <a href=\"https:\/\/novaiptv.to\/cs\/\">slu\u017ebu p\u0159ed uzav\u0159en\u00edm p\u0159edplatn\u00e9ho<\/a>.<\/p>\n      <\/div>\n    <\/div>\n\n    <!-- Final CTA -->\n    <div id=\"cta\" style=\"text-align:center; margin-top:60px;\">\n      <h2>Prom\u011b\u0148te sv\u016fj z\u00e1bavn\u00ed z\u00e1\u017eitek je\u0161t\u011b dnes<\/h2>\n      <p style=\"max-width:700px; margin:auto; font-size:16px;\">\n        P\u0159idejte se k milion\u016fm spokojen\u00fdch u\u017eivatel\u016f, kte\u0159\u00ed si vylep\u0161ili z\u00e1bavu pomoc\u00ed <a href=\"https:\/\/novaiptv.to\/cs\/koupit-iptv-predplatne-v-usa-2025\/\">Nova IPTV<\/a>. Za\u017eijte pr\u00e9miovou kvalitu streamov\u00e1n\u00ed, rozs\u00e1hlou knihovnu obsahu a bezkonkuren\u010dn\u00ed spolehlivost.\n      <\/p>\n      <a href=\"http:\/\/panel.novaiptv.org\/\" style=\"padding:14px 28px; background:#007bff; color:#fff; border-radius:6px; font-size:18px; display:inline-block; margin-top:20px;\" target=\"_blank\" rel=\"noopener\">Za\u010dn\u011bte svou cestu pr\u00e9miov\u00e9ho streamov\u00e1n\u00ed<\/a>\n    <\/div>\n\n<\/section>\n\n\n\n\t\t\t\t<\/div>\n\t\t\t\t\t<\/div>\n\t\t\t\t<\/div>\n\t\t\t\t<\/div>","protected":false},"excerpt":{"rendered":"<p>Transform Your Entertainment with Nova IPTV \u2013 The Ultimate Streaming Solution for 2025 Experience Premium Streaming Across All Your Devices \u2013 Lightning Fast &#038; Globally Accessible Discover a revolutionary streaming platform that delivers an unparalleled entertainment experience. With access to&#8230;<\/p>","protected":false},"author":1,"featured_media":7473,"parent":0,"menu_order":0,"comment_status":"closed","ping_status":"closed","template":"","meta":{"footnotes":""},"class_list":["post-7467","page","type-page","status-publish","has-post-thumbnail","hentry"],"_links":{"self":[{"href":"https:\/\/novaiptv.to\/cs\/wp-json\/wp\/v2\/pages\/7467","targetHints":{"allow":["GET"]}}],"collection":[{"href":"https:\/\/novaiptv.to\/cs\/wp-json\/wp\/v2\/pages"}],"about":[{"href":"https:\/\/novaiptv.to\/cs\/wp-json\/wp\/v2\/types\/page"}],"author":[{"embeddable":true,"href":"https:\/\/novaiptv.to\/cs\/wp-json\/wp\/v2\/users\/1"}],"replies":[{"embeddable":true,"href":"https:\/\/novaiptv.to\/cs\/wp-json\/wp\/v2\/comments?post=7467"}],"version-history":[{"count":0,"href":"https:\/\/novaiptv.to\/cs\/wp-json\/wp\/v2\/pages\/7467\/revisions"}],"wp:featuredmedia":[{"embeddable":true,"href":"https:\/\/novaiptv.to\/cs\/wp-json\/wp\/v2\/media\/7473"}],"wp:attachment":[{"href":"https:\/\/novaiptv.to\/cs\/wp-json\/wp\/v2\/media?parent=7467"}],"curies":[{"name":"wp","href":"https:\/\/api.w.org\/{rel}","templated":true}]}}