{"id":7748,"date":"2025-07-19T11:13:10","date_gmt":"2025-07-19T11:13:10","guid":{"rendered":"https:\/\/novaiptv.org\/?page_id=7748"},"modified":"2025-07-19T11:13:10","modified_gmt":"2025-07-19T11:13:10","slug":"pruvodce-iptv","status":"publish","type":"page","link":"https:\/\/novaiptv.to\/cs\/pruvodce-iptv\/","title":{"rendered":"7 Surprising Truths About IPTVs &#038; The Best IPTV Services for 2025"},"content":{"rendered":"<div data-elementor-type=\"wp-page\" data-elementor-id=\"7748\" class=\"elementor elementor-7748\" data-elementor-post-type=\"page\">\n\t\t\t\t<div class=\"elementor-element elementor-element-6676031 e-flex e-con-boxed e-con e-parent\" data-id=\"6676031\" data-element_type=\"container\" data-e-type=\"container\">\n\t\t\t\t\t<div class=\"e-con-inner\">\n\t\t\t\t\t<\/div>\n\t\t\t\t<\/div>\n\t\t<div class=\"elementor-element elementor-element-c58c47b e-flex e-con-boxed e-con e-parent\" data-id=\"c58c47b\" data-element_type=\"container\" data-e-type=\"container\">\n\t\t\t\t\t<div class=\"e-con-inner\">\n\t\t\t\t<div class=\"elementor-element elementor-element-eac6538 elementor-widget elementor-widget-html\" data-id=\"eac6538\" data-element_type=\"widget\" data-e-type=\"widget\" data-widget_type=\"html.default\">\n\t\t\t\t\t<section class=\"iptv-article-section\">\n  <style>\n    .iptv-article-section{\n      --iptv-max-width: 960px;\n      --iptv-accent:#2563eb;\n      --iptv-bg:#0f1115;\n      --iptv-surface:#161a20;\n      --iptv-border:#2a3039;\n      --iptv-text:#e5e7eb;\n      --iptv-muted:#94a3b8;\n      --iptv-radius:14px;\n      --iptv-gradient:linear-gradient(135deg,#1e293b 0%,#0f172a 60%,#020617 100%);\n      background:var(--iptv-bg);\n      padding: clamp(2rem,4vw,3.5rem) 1.25rem;\n      font-family: \"Inter\", system-ui, -apple-system, BlinkMacSystemFont, \"Segoe UI\", Roboto, \"Helvetica Neue\", Arial, sans-serif;\n      line-height:1.6;\n      color:var(--iptv-text);\n    }\n    .iptv-article-section .iptv-container{\n      max-width:var(--iptv-max-width);\n      margin:0 auto;\n      background:var(--iptv-surface);\n      border:1px solid var(--iptv-border);\n      padding:clamp(1.75rem,2.5vw,2.5rem) clamp(1.5rem,2.5vw,3rem);\n      border-radius:var(--iptv-radius);\n      box-shadow:0 8px 28px -6px rgba(0,0,0,.55),0 0 0 1px rgba(255,255,255,0.02) inset;\n      background-image:\n        radial-gradient(circle at 15% 10%,rgba(59,130,246,.15),transparent 60%),\n        radial-gradient(circle at 85% 85%,rgba(56,189,248,.1),transparent 55%),\n        var(--iptv-gradient);\n      overflow:hidden;\n    }\n    .iptv-article-section img.logo{\n      display:block;\n      max-width:140px;\n      margin:0 0 1.25rem;\n      filter:drop-shadow(0 4px 10px rgba(0,0,0,.4));\n    }\n    .iptv-article-section h1,\n    .iptv-article-section h2,\n    .iptv-article-section h3{\n      font-weight:600;\n      line-height:1.25;\n      letter-spacing:-.02em;\n      scroll-margin-top:90px;\n    }\n    .iptv-article-section h1{\n      font-size:clamp(2.1rem,4.2vw,3.1rem);\n      background:linear-gradient(90deg,#60a5fa,#38bdf8 40%,#818cf8);\n      -webkit-background-clip:text;\n      color:transparent;\n      margin:0 0 1.2rem;\n    }\n    .iptv-article-section h2{\n      font-size:clamp(1.55rem,2.9vw,2.1rem);\n      margin:2.4rem 0 1rem;\n      color:#f1f5f9;\n      position:relative;\n    }\n    .iptv-article-section h2:after{\n      content:\"\";\n      position:absolute;\n      left:0;\n      bottom:-.55rem;\n      width:68px;\n      height:3px;\n      border-radius:3px;\n      background:linear-gradient(90deg,#3b82f6,#0ea5e9);\n      box-shadow:0 0 0 1px rgba(255,255,255,.05);\n    }\n    .iptv-article-section h3{\n      font-size:clamp(1.25rem,2.2vw,1.5rem);\n      margin:2.1rem 0 .85rem;\n      color:#e2e8f0;\n    }\n    .iptv-article-section p{\n      margin:0 0 1.05rem;\n      font-size:1.01rem;\n    }\n    .iptv-article-section p strong{color:#f8fafc;}\n    .iptv-article-section ul{\n      margin:0 0 1.4rem 1.15rem;\n      padding:0;\n      list-style:none;\n    }\n    .iptv-article-section ul li{\n      position:relative;\n      padding:.4rem .75rem .4rem 1.75rem;\n      margin:.25rem 0;\n      background:rgba(255,255,255,.04);\n      border:1px solid rgba(255,255,255,.07);\n      border-radius:10px;\n      font-size:.97rem;\n      line-height:1.45;\n      backdrop-filter:blur(4px);\n    }\n    .iptv-article-section ul li:before{\n      content:\"\";\n      position:absolute;\n      left:.7rem;\n      top:50%;\n      width:.55rem;\n      height:.55rem;\n      background:linear-gradient(135deg,#3b82f6,#0ea5e9);\n      border-radius:50%;\n      transform:translateY(-50%);\n      box-shadow:0 0 0 3px rgba(59,130,246,.15);\n    }\n    .iptv-article-section a{\n      color:#38bdf8;\n      text-decoration:none;\n      font-weight:500;\n      position:relative;\n    }\n    .iptv-article-section a:after{\n      content:\"\";\n      position:absolute;\n      left:0;\n      bottom:-2px;\n      width:100%;\n      height:2px;\n      background:linear-gradient(90deg,#3b82f6,#06b6d4);\n      transform:scaleX(0);\n      transform-origin:left;\n      transition:.35s cubic-bezier(.65,.05,.36,1);\n    }\n    .iptv-article-section a:hover:after{transform:scaleX(1);}\n    .iptv-article-section blockquote{\n      margin:2rem 0;\n      padding:1.25rem 1.5rem 1.25rem 1.25rem;\n      border-left:5px solid #38bdf8;\n      background:rgba(56,189,248,.08);\n      border-radius:0 14px 14px 0;\n      font-style:italic;\n    }\n    .iptv-article-section code{\n      background:#1e293b;\n      color:#f1f5f9;\n      padding:.2em .5em;\n      border-radius:6px;\n      font-size:.85rem;\n      font-family:ui-monospace, SFMono-Regular, Menlo, Monaco, \"Courier New\", monospace;\n    }\n    .iptv-meta{\n      font-size:.8rem;\n      letter-spacing:.06em;\n      text-transform:uppercase;\n      margin-bottom:1.2rem;\n      color:var(--iptv-muted);\n    }\n    .iptv-article-section hr{\n      border:none;\n      height:1px;\n      background:linear-gradient(90deg,transparent,#334155 20%,#334155 80%,transparent);\n      margin:2.75rem 0;\n    }\n    .iptv-article-section .iptv-grid{\n      display:grid;\n      gap:1.25rem;\n    }\n    .iptv-article-section strong{font-weight:600;}\n    @media (min-width:780px){\n      .iptv-article-section ul li{display:block;}\n    }\n  <\/style>\n  <div class=\"iptv-container\">\n\n    <h1>Co jsou IPTV? Pochopen\u00ed matouc\u00edho pojmu za slu\u017ebami IPTV<\/h1>\n\n    <meta name=\"description\" content=\"Zaj\u00edm\u00e1 v\u00e1s \u201cIPTV\u201d? Objevte skute\u010dn\u00fd v\u00fdznam tohoto pojmu a prozkoumejte nejlep\u0161\u00ed slu\u017eby IPTV v roce 2025. Streamujte chyt\u0159eji s NovaIPTV.\">\n\n    <h2>\u00davod do IPTV \u2013 nepochopen\u00fd pojem<\/h2>\n    <p>Pokud jste se ocitli v situaci, kdy hled\u00e1te \u201cIPTV\u201d, nejste sami. Mnoho lid\u00ed na tento term\u00edn naraz\u00ed, kdy\u017e hledaj\u00ed zp\u016fsoby, jak vylep\u0161it sv\u016fj streamovac\u00ed z\u00e1\u017eitek. Ale co p\u0159esn\u011b <strong>jsou IPTV<\/strong>, a je to v\u016fbec spr\u00e1vn\u00fd n\u00e1zev pro to, co hled\u00e1\u0161?<\/p>\n    <p>Poj\u010fme si ujasnit nejasnosti:<\/p>\n    <ul>\n      <li>Spr\u00e1vn\u00fd term\u00edn je <strong>IPTV<\/strong>, co\u017e je zkratka pro <em>Televize s internetov\u00fdm protokolem<\/em>.<\/li>\n      <li>\u201cIPTV\u201d v mno\u017en\u00e9m \u010d\u00edsle je b\u011b\u017en\u00e1 z\u00e1m\u011bna, kter\u00e1 se \u010dasto pou\u017e\u00edv\u00e1 na f\u00f3rech a tr\u017ei\u0161t\u00edch. Obvykle znamen\u00e1, \u017ee lid\u00e9 hledaj\u00ed <strong><a href=\"https:\/\/novaiptv.to\/cs\/strategie-iptv-odyssey\/\">IPTV slu\u017eby<\/strong>, <strong>Poskytovatel\u00e9 IPTV<\/strong>, nebo dokonce specifick\u00e1 za\u0159\u00edzen\u00ed, kter\u00e1 umo\u017e\u0148uj\u00ed streamov\u00e1n\u00ed IPTV<\/a>.<\/li>\n      <li>Mno\u017en\u00e9 \u010d\u00edslo \u201cIPTV\u201d se nevztahuje na typ produktu. M\u00edsto toho se jedn\u00e1 sp\u00ed\u0161e o <a href=\"https:\/\/novaiptv.to\/cs\/ceny-nova-iptv\/\">P\u0159edplatn\u00e9 IPTV<\/a>, streamovac\u00ed platformy nebo n\u011bkdy za\u0159\u00edzen\u00ed, kter\u00e1 podporuj\u00ed IPTV.<\/li>\n    <\/ul>\n    <p>Dal\u0161\u00edm \u010dten\u00edm nejen pochop\u00edte skute\u010dn\u00fd v\u00fdznam slova \u201cIPTV\u201d, ale tak\u00e9 zjist\u00edte, jak v\u00e1m NovaIPTV m\u016f\u017ee streamovac\u00ed z\u00e1\u017eitek mnohem vylep\u0161it oproti tradi\u010dn\u00ed televizi.<\/p>\n\n    <h2>Co je IPTV?<\/h2>\n    <p>Abychom skute\u010dn\u011b pochopili, co si lid\u00e9 mysl\u00ed pod pojmem \u201cIPTV\u201d, poj\u010fme si nejprve rozebrat, co... <a href=\"https:\/\/en.wikipedia.org\/wiki\/Internet_Protocol_television\" target=\"_blank\" rel=\"noopener\"> IPTV <\/a> o tom je v\u0161echno.<\/p>\n\n    <h3>Jak funguje IPTV<\/h3>\n    <p>M\u00edsto konven\u010dn\u00edch kabelov\u00fdch nebo satelitn\u00edch sign\u00e1l\u016f, <strong>IPTV (internetov\u00e1 televize)<\/strong> p\u0159in\u00e1\u0161\u00ed \u017eiv\u00e9 televizn\u00ed vys\u00edl\u00e1n\u00ed <a href=\"https:\/\/novaiptv.to\/cs\/kanaly\/\">kan\u00e1ly<\/a> a obsah na vy\u017e\u00e1d\u00e1n\u00ed p\u0159es internet. P\u0159edstavte si to jako Netflix nebo YouTube, ale pro v\u0161echny va\u0161e pot\u0159eby v oblasti \u017eiv\u00e9ho televizn\u00edho vys\u00edl\u00e1n\u00ed.<\/p>\n    <p>Zde je n\u00e1vod, jak to funguje:<\/p>\n    <ul>\n      <li>An <a href=\"https:\/\/novaiptv.to\/cs\/5-reasons-nova-iptv-is-the-top-streaming-service-now\/\" title=\"5 d\u016fvod\u016f, pro\u010d je Nova IPTV v sou\u010dasnosti nejlep\u0161\u00ed streamovac\u00ed slu\u017ebou!\" data-wpil-monitor-id=\"189\">Poskytovatel IPTV hostuje televizn\u00ed kan\u00e1ly a streamy<\/a> na zabezpe\u010den\u00fdch serverech.<\/li>\n      <li>Kdy\u017e ty <a href=\"https:\/\/novaiptv.to\/cs\/koupit-iptv-predplatne-v-usa-2025\/\">koupit p\u0159edplatn\u00e9 IPTV<\/a>, obdr\u017e\u00edte p\u0159ihla\u0161ovac\u00ed \u00fadaje nebo odkaz na playlist.<\/li>\n      <li>Jednodu\u0161e pou\u017eijte <a href=\"https:\/\/novaiptv.to\/cs\/nejlepsi-iptv-prehravac-pro-firestick\/\">IPTV aplikace<\/a> (na va\u0161\u00ed chytr\u00e9 televizi, Firesticku nebo telefonu) pro p\u0159\u00edstup k tis\u00edc\u016fm \u017eiv\u00fdch kan\u00e1l\u016f a po\u0159ad\u016f prost\u0159ednictv\u00edm internetov\u00e9ho p\u0159ipojen\u00ed.<\/li>\n    <\/ul>\n    <p>P\u0159edstavte si, \u017ee vym\u011bn\u00edte starou televizn\u00ed ant\u00e9nu za vysokorychlostn\u00ed Wi-Fi p\u0159ipojen\u00ed \u2013 \u017e\u00e1dn\u00e9 kabely, p\u0159ij\u00edma\u010de ani geografick\u00e1 omezen\u00ed.<\/p>\n\n    <h3>V\u00fdhody oproti tradi\u010dn\u00ed kabelov\u00e9\/satelitn\u00ed televizi<\/h3>\n    <p>Lid\u00e9 p\u0159ech\u00e1zej\u00ed z kabelov\u00e9 televize na <a href=\"https:\/\/novaiptv.to\/cs\/pruvodce-xtream-iptv-kanada-2025\/\">IPTV slu\u017eby<\/a> z velmi dobr\u00fdch d\u016fvod\u016f:<\/p>\n    <ul>\n      <li><strong>\u0160ir\u0161\u00ed v\u00fdb\u011br<\/strong>P\u0159\u00edstup k tis\u00edc\u016fm glob\u00e1ln\u00edch kan\u00e1l\u016f a obsahu na vy\u017e\u00e1d\u00e1n\u00ed.<\/li>\n      <li><strong>Na cesty<\/strong>Pou\u017eit\u00ed <a href=\"https:\/\/novaiptv.to\/cs\/iptv\/canada\/\" title=\"IPTV Kanada 2025 \u2013 Ultim\u00e1tn\u00ed pr\u016fvodce Nova IPTV (tarify, za\u0159\u00edzen\u00ed a bezplatn\u00e1 zku\u0161ebn\u00ed verze)\" data-wpil-monitor-id=\"152\">IPTV na t\u00e9m\u011b\u0159 jak\u00e9mkoli za\u0159\u00edzen\u00ed<\/a>, kdekoli s internetem.<\/li>\n      <li><strong>Flexibilita<\/strong>Vyberte si z kr\u00e1tkodob\u00fdch nebo dlouhodob\u00fdch pl\u00e1n\u016f, nikoli z pevn\u00fdch ro\u010dn\u00edch smluv.<\/li>\n      <li><strong>\u00daspora n\u00e1klad\u016f<\/strong>: <a href=\"https:\/\/novaiptv.to\/cs\/nejlepsi-iptv-predplatne-2025\/\">P\u0159edplatn\u00e9 IPTV<\/a> jsou \u010dasto mnohem levn\u011bj\u0161\u00ed ne\u017e tradi\u010dn\u00ed kabelov\u00e9 nebo satelitn\u00ed bal\u00ed\u010dky.<\/li>\n      <li><strong>Bohat\u00e9 funkce<\/strong>U\u017eijte si HD\/4K kvalitu, elektronick\u00e9 programov\u00e9 pr\u016fvodce (EPG) a dokonce i funkce dohnat zme\u0161kan\u00fd po\u0159ad\/opakovat.<\/li>\n    <\/ul>\n\n    <h3>Co pot\u0159ebujete k pou\u017e\u00edv\u00e1n\u00ed IPTV<\/h3>\n    <p>Za\u010d\u00edt s IPTV je jednodu\u0161\u0161\u00ed, ne\u017e si mysl\u00edte. Zde je to, co pot\u0159ebujete:<\/p>\n    <ul>\n      <li><strong>Spolehliv\u00fd poskytovatel IPTV<\/strong> (jako NovaIPTV)<\/li>\n      <li><strong>Stabiln\u00ed vysokorychlostn\u00ed internetov\u00e9 p\u0159ipojen\u00ed<\/strong> (doporu\u010deno alespo\u0148 10 Mb\/s)<\/li>\n      <li><strong>Kompatibiln\u00ed za\u0159\u00edzen\u00ed<\/strong> \u2013 Chytr\u00e1 televize, <a href=\"https:\/\/novaiptv.to\/cs\/nainstalujte-si-protonvpn-na-fire-stick-2025\/\">Fire TV Stick<\/a>, MAG box, telefon Android, tablet, za\u0159\u00edzen\u00ed iOS nebo po\u010d\u00edta\u010d.<\/li>\n      <li><strong>An <\/strong><a href=\"https:\/\/novaiptv.to\/cs\/iptv-chytrejsi-lg-chytre-televize-2025\/\">Aplikace IPTV \u2013 mo\u017enosti zahrnuj\u00ed Smart IPTV, IPTV Smarters<\/a>, TiviMate nebo jin\u00e9.<\/li>\n    <\/ul>\n    <p>Chcete v\u011bd\u011bt, kter\u00e9 za\u0159\u00edzen\u00ed je nejlep\u0161\u00ed? Pod\u00edvejte se na na\u0161e <a href=\"\/cs\/smart-tv-2025\/\">Pr\u016fvodce chytr\u00fdmi televizory pro rok 2025<\/a>.<\/p>\n\n    <h2>Pro\u010d lid\u00e9 hledaj\u00ed \u201cIPTV\u201d?<\/h2>\n    <p>Mo\u017en\u00e1 v\u00e1s zaj\u00edm\u00e1, pro\u010d tolik lid\u00ed hled\u00e1 \u201ciptvs\u201d m\u00edsto \u201cIPTV\u201d. Zde je d\u016fvod:<\/p>\n    <ul>\n      <li><strong>\u010cast\u00e9 p\u0159eklepy a automatick\u00e9 n\u00e1vrhy<\/strong>Vyhled\u00e1va\u010de \u010dasto automaticky dopl\u0148uj\u00ed dotazy typu \u201ciptvs\u201d, proto\u017ee to je to, co mnoho u\u017eivatel\u016f zad\u00e1v\u00e1 omylem nebo ze zvyku.<\/li>\n      <li><strong>Obecn\u00e9 reference<\/strong>Na online tr\u017ei\u0161t\u00edch a f\u00f3rech se lid\u00e9 odvol\u00e1vaj\u00ed na <a href=\"https:\/\/novaiptv.to\/cs\/\">IPTV slu\u017eby<\/a> souhrnn\u011b ozna\u010dov\u00e1ny jako \u201cIPTV\u201d.\u201d<\/li>\n      <li><strong>Trendy ve vyhled\u00e1v\u00e1n\u00ed<\/strong>S t\u00edm, jak st\u00e1le v\u00edce u\u017eivatel\u016f experimentuje s dom\u00e1c\u00edm streamov\u00e1n\u00edm, se objevuj\u00ed v\u00fdrazy jako \u201cnejlep\u0161\u00ed <a href=\"https:\/\/novaiptv.to\/cs\/koupit-iptv-predplatne-v-usa-2025\/\">IPTV<\/a> trend \u201dpro Firestick\u201c, \u201dlevn\u00e9 IPTV\u201c nebo \u201dfunguj\u00edc\u00ed IPTV v roce 2025\u201c ve vyhled\u00e1vac\u00ed analytice.<\/li>\n    <\/ul>\n    <p>Pokud jste tady, ur\u010dit\u011b hled\u00e1te nejnov\u011bj\u0161\u00ed a <a class=\"wpil_keyword_link\" href=\"https:\/\/novaiptv.to\/cs\/\" title=\"nejlep\u0161\u00ed IPTV\" data-wpil-keyword-link=\"linked\">nejlep\u0161\u00ed IPTV<\/a> slu\u017eby, bez ohledu na pravopis.<\/p>\n\n    <h2>IPTV vs. p\u0159edplatn\u00e9 IPTV: Jak\u00fd je skute\u010dn\u00fd rozd\u00edl?<\/h2>\n    <p>Ujasn\u011bme si: \u201cIPTV\u201d se nevztahuje na za\u0159\u00edzen\u00ed ani na jinou \u00farove\u0148 slu\u017eeb \u2013 jde o\u2026 <a href=\"https:\/\/novaiptv.to\/cs\/premiove-predplatne-iptv-nova-iptv-ve-velke-britanii\/\">P\u0159edplatn\u00e9 IPTV<\/a> a poskytovatel\u00e9.<\/p>\n    <p><a href=\"https:\/\/novaiptv.to\/cs\/bezplatna-zkusebni-verze-iptv-v-kanade-2025\/\"><\/a><a href=\"https:\/\/novaiptv.to\/cs\/bezplatna-zkusebni-verze-iptv-v-kanade-2025\/\"><\/a><strong>P\u0159i hled\u00e1n\u00ed spolehliv\u00fdch slu\u017eeb IPTV je d\u016fle\u017eit\u00e9:<\/strong><\/p>\n    <ul>\n      <li><strong>\u0160irok\u00fd v\u00fdb\u011br kan\u00e1l\u016f:<\/strong> Mezin\u00e1rodn\u00ed, m\u00edstn\u00ed, sportovn\u00ed, z\u00e1bavn\u00ed, PPV, d\u011btsk\u00e9, filmy.<\/li>\n      <li><strong>Vysoce kvalitn\u00ed streamy:<\/strong> Nab\u00edz\u00ed mo\u017enosti HD nebo 4K, minim\u00e1ln\u00ed ukl\u00e1d\u00e1n\u00ed do vyrovn\u00e1vac\u00ed pam\u011bti.<\/li>\n      <li><strong>Snadn\u00e9 nastaven\u00ed:<\/strong> Jednoduch\u00fd seznam skladeb nebo URL port\u00e1lu funguje na v\u011bt\u0161in\u011b za\u0159\u00edzen\u00ed.<\/li>\n      <li><strong>Podpora 24\/7:<\/strong> Pomoc p\u0159es chat nebo e-mail pro bezprobl\u00e9mov\u00e9 streamov\u00e1n\u00ed.<\/li>\n    <\/ul>\n\n    <h3>Nab\u00eddka NovaIPTV<\/h3>\n    <p>NovaIPTV je uzn\u00e1v\u00e1na za:<\/p>\n    <ul>\n      <li><strong>Stabiln\u00ed, vysoce kvalitn\u00ed streamy<\/strong> z v\u00edce ne\u017e 20 000 kan\u00e1l\u016f.<\/li>\n      <li><strong>Ultrarychl\u00e9 servery<\/strong> pro plynul\u00e9 streamov\u00e1n\u00ed i b\u011bhem vrcholn\u00fdch sportovn\u00edch ud\u00e1lost\u00ed.<\/li>\n      <li><strong>Flexibiln\u00ed pl\u00e1ny<\/strong> pro v\u0161echny rozpo\u010dty. Prozkoumejte nyn\u00ed na\u0161e <a href=\"\/cs\/plans\/\">Str\u00e1nka s pl\u00e1ny<\/a>.<\/li>\n      <li><strong>U\u017eivatelsky p\u0159\u00edv\u011btiv\u00fd <\/strong><a href=\"https:\/\/novaiptv.to\/cs\/nastaveni-iptv-smarters-pro-2025\/\" title=\"Nastaven\u00ed IPTV Smarters Pro pro NovaIPTV \u2014 Instalace, EPG a tipy\" data-wpil-monitor-id=\"10\">podpora instalace \u2013 od nastaven\u00ed<\/a> pr\u016fvodci asistenc\u00ed v \u017eiv\u00e9m chatu.<\/li>\n    <\/ul>\n    <p>Hled\u00e1te \u201ciptvs\u201d? V roce 2025 jste se dostali k jednomu z nejspolehliv\u011bj\u0161\u00edch poskytovatel\u016f IPTV.<\/p>\n\n    <h2>Jak vybrat nejlep\u0161\u00ed IPTV slu\u017ebu v roce 2025<\/h2>\n    <p>S tolika mo\u017enostmi, jak pozn\u00e1te, kter\u00e9 <a class=\"wpil_keyword_link\" href=\"https:\/\/novaiptv.to\/cs\/\" title=\"P\u0159edplatn\u00e9 IPTV\" data-wpil-keyword-link=\"linked\">P\u0159edplatn\u00e9 IPTV<\/a> je pro v\u00e1s to prav\u00e9? M\u011bjte na pam\u011bti tyto faktory:<\/p>\n    <ul>\n      <li><strong>Stabilita a provozuschopnost:<\/strong> Konzistentn\u00ed slu\u017eby jsou d\u016fle\u017eit\u00e9 \u2013 nechcete, aby se b\u011bhem d\u016fle\u017eit\u00e9ho z\u00e1pasu ukl\u00e1daly do vyrovn\u00e1vac\u00ed pam\u011bti.<\/li>\n      <li><strong>Elektronick\u00fd programov\u00fd pr\u016fvodce (EPG):<\/strong> Vestav\u011bn\u00fd televizn\u00ed pr\u016fvodce usnad\u0148uje proch\u00e1zen\u00ed kan\u00e1l\u016f.<\/li>\n      <li><strong>Rozs\u00e1hl\u00e1 knihovna obsahu:<\/strong> V\u00edce kan\u00e1l\u016f, v\u011bt\u0161\u00ed v\u00fdb\u011br \u2013 hledejte glob\u00e1ln\u00ed pokryt\u00ed.<\/li>\n      <li><strong>Z\u00e1kaznick\u00e1 podpora:<\/strong> Rychl\u00e1 pomoc, kdy\u017e ji pot\u0159ebujete.<\/li>\n      <li><strong>HD a 4K Steamy:<\/strong> Pro nejost\u0159ej\u0161\u00ed obraz po\u017eadujte vysoce kvalitn\u00ed mo\u017enosti.<\/li>\n      <li><strong>Kompatibilita:<\/strong> Ujist\u011bte se, \u017ee poskytovatel funguje s va\u0161imi za\u0159\u00edzen\u00edmi \u2013 Firestick, Smart TV, Android atd.<\/li>\n    <\/ul>\n\n    <h3>Pro\u010d si vybrat NovaIPTV?<\/h3>\n    <ul>\n      <li><strong>Stabiln\u00ed provozuschopnost<\/strong> a \u0161pi\u010dkovou spolehlivost v oboru.<\/li>\n      <li><strong>Pln\u011b funk\u010dn\u00ed EPG a funkce doh\u00e1n\u011bn\u00ed zme\u0161kan\u00e9ho \u010dasu<\/strong> \u2013 abyste nikdy nezme\u0161kali \u017e\u00e1dn\u00fd obl\u00edben\u00fd po\u0159ad.<\/li>\n      <li><strong>Streamujte na v\u0161ech hlavn\u00edch platform\u00e1ch<\/strong> \u2014 v\u010detn\u011b <a href=\"\/cs\/smart-tv-2025\/\">Chytr\u00e9 televizory<\/a>, <a href=\"\/cs\/smart-tv-2025\/\">Firestick<\/a>, <a href=\"\/cs\/ios-apple-2025\/\">Android\/iOS<\/a>.<\/li>\n      <li><strong>Transparentn\u00ed, dostupn\u00e9 ceny<\/strong> \u2014 bez skryt\u00fdch poplatk\u016f.<\/li>\n      <li><strong>Bezrizikov\u00e1 zku\u0161ebn\u00ed verze<\/strong> tak\u017ee ten rozd\u00edl uvid\u00edte sami.<\/li>\n    <\/ul>\n    <p>Objevte na\u0161e nejnov\u011bj\u0161\u00ed <a href=\"\/cs\/plans\/\">pl\u00e1ny a nab\u00eddky<\/a> te\u010f.<\/p>\n\n    <h2>Je pou\u017e\u00edv\u00e1n\u00ed IPTV bezpe\u010dn\u00e9 a leg\u00e1ln\u00ed?<\/h2>\n    <p>\u201cJe <a href=\"https:\/\/novaiptv.to\/cs\/je-iptv-v-kanade-legalni\/\">IPTV<\/a> \u201dLeg\u00e1ln\u00ed?\u201c je dal\u0161\u00ed velk\u00e1 ot\u00e1zka po nalezen\u00ed spr\u00e1vn\u00e9ho poskytovatele IPTV.<\/p>\n    <ul>\n      <li><strong>Legalita z\u00e1vis\u00ed na slu\u017eb\u011b<\/strong>Ne v\u0161echny <a href=\"https:\/\/novaiptv.to\/cs\/nejlepsi-sluzby-iptv-reddit-v-kanade-pro-rok-2025\/\">IPTV slu\u017eby<\/a> jsou legitimn\u00ed. Ujist\u011bte se, \u017ee si vyberete dob\u0159e hodnocen\u00e9ho a kompatibiln\u00edho poskytovatele IPTV.<\/li>\n      <li><strong>Osobn\u00ed soukrom\u00ed<\/strong>Streamov\u00e1n\u00ed obsahu, zejm\u00e9na z mezin\u00e1rodn\u00edch zdroj\u016f, m\u016f\u017ee zv\u00fd\u0161it omezen\u00ed soukrom\u00ed nebo geografick\u00e1 omezen\u00ed.<\/li>\n    <\/ul>\n\n    <h3>Chra\u0148te se pomoc\u00ed VPN<\/h3>\n    <p>VPN (virtu\u00e1ln\u00ed priv\u00e1tn\u00ed s\u00ed\u0165) \u0161ifruje va\u0161i aktivitu a pom\u00e1h\u00e1 v\u00e1m vyhnout se region\u00e1ln\u00edm blok\u016fm nebo omezen\u00ed ze strany poskytovatele internetov\u00fdch slu\u017eeb. Zajist\u011bte si bezpe\u010dnost dodr\u017eov\u00e1n\u00edm na\u0161ich pokyn\u016f. <a href=\"\/cs\/vpn-setup\/\">Pr\u016fvodce nastaven\u00edm VPN<\/a>.<\/p>\n    <p><strong>Tip pro profesion\u00e1ly:<\/strong> V\u017edy kombinujte sv\u00e9 <a class=\"wpil_keyword_link\" href=\"https:\/\/novaiptv.to\/cs\/blogu\/porovnani-cen-iptv-a-kabelove-televize-v-roce-2025\/\" title=\"P\u0159edplatn\u00e9 IPTV\" data-wpil-keyword-link=\"linked\">P\u0159edplatn\u00e9 IPTV<\/a> se spolehlivou VPN pro bezpe\u010dnost a klid.<\/p>\n\n    <h2>Kompatibiln\u00ed za\u0159\u00edzen\u00ed pro IPTV<\/h2>\n    <p>Zaj\u00edm\u00e1 v\u00e1s, zda m\u016f\u017eete pou\u017e\u00edvat sv\u00e9 \u201cIPTV\u201d na sv\u00e9m sou\u010dasn\u00e9m nastaven\u00ed? Slu\u017eby IPTV jsou dnes mimo\u0159\u00e1dn\u011b flexibiln\u00ed.<\/p>\n\n    <h3>Mezi podporovan\u00e1 za\u0159\u00edzen\u00ed pat\u0159\u00ed:<\/h3>\n    <ul>\n      <li><strong>Chytr\u00e9 televizory<\/strong> (LG, Samsung, Sony a dal\u0161\u00ed)<\/li>\n      <li><strong>Amazon Firestick<\/strong> a po\u017e\u00e1rn\u00ed televize<\/li>\n      <li><strong>Telefony a tablety s Androidem<\/strong><\/li>\n      <li><strong>iPhone, iPad, Apple TV<\/strong><\/li>\n      <li><strong>Krabice MAG, Enigma2<\/strong><\/li>\n      <li><strong>Po\u010d\u00edta\u010de s Windows a Mac<\/strong><\/li>\n    <\/ul>\n    <p>Podrobnosti o nejlep\u0161\u00edm nastaven\u00ed za\u0159\u00edzen\u00ed naleznete v na\u0161ich pr\u016fvodc\u00edch <a href=\"\/cs\/smart-tv-2025\/\">Chytr\u00e9 televizory<\/a> a <a href=\"\/cs\/ios-apple-2025\/\">Za\u0159\u00edzen\u00ed Apple<\/a>.<\/p>\n\n    <h2>Z\u00e1v\u011bre\u010dn\u00e9 my\u0161lenky \u2013 IPTV m\u016f\u017ee b\u00fdt \u0161patn\u00fd term\u00edn, ale jste na spr\u00e1vn\u00e9m m\u00edst\u011b<\/h2>\n    <p>A\u010dkoliv term\u00edn \u201cIPTV\u201d technicky vzato nen\u00ed spr\u00e1vn\u00fd, va\u0161e hled\u00e1n\u00ed v\u00e1s p\u0159ivedlo na spr\u00e1vn\u00e9 m\u00edsto. A\u0165 u\u017e zkoum\u00e1te IPTV pro Firestick, hled\u00e1te nov\u00fd streamovac\u00ed z\u00e1\u017eitek nebo chcete porovnat\u2026 <a href=\"https:\/\/novaiptv.to\/cs\/nejlepsi-iptv-sluzby-ve-spojenem-kralovstvi-v-roce-2025\/\">\u0161pi\u010dkov\u00e9 slu\u017eby IPTV<\/a> v roce 2025, <strong>NovaIPTV<\/strong> je va\u0161\u00edm d\u016fv\u011bryhodn\u00fdm partnerem ve sv\u011bt\u011b IPTV.<\/p>\n    <p><strong>Jste p\u0159ipraveni posunout sv\u00e9 streamov\u00e1n\u00ed na vy\u0161\u0161\u00ed \u00farove\u0148?<\/strong><\/p>\n    <ul>\n      <li>Prozkoumejte na\u0161e flexibiln\u00ed <a href=\"\/cs\/plans\/\">IPTV tarify<\/a>.<\/li>\n      <li>P\u0159e\u010dt\u011bte si u\u017eite\u010dn\u00e9 <a href=\"https:\/\/novaiptv.to\/cs\/iptv\/usa\/\" title=\"IPTV USA 2025 \u2013 Ultim\u00e1tn\u00ed pr\u016fvodce Nova IPTV (nejlep\u0161\u00ed tarify, za\u0159\u00edzen\u00ed a nastaven\u00ed)\" data-wpil-monitor-id=\"118\">n\u00e1vody k nastaven\u00ed va\u0161eho za\u0159\u00edzen\u00ed<\/a>.<\/li>\n      <li>U\u017eijte si IPTV bez rizika se z\u00e1rukou vr\u00e1cen\u00ed pen\u011bz.<\/li>\n    <\/ul>\n    <p>P\u0159esta\u0148te hledat \u201ciptv\u201d a za\u010dn\u011bte streamovat chyt\u0159eji s NovaIPTV. Budoucnost televize je tady \u2013 popadn\u011bte svou <a href=\"\/cs\/plans\/\">P\u0159edplatn\u00e9 IPTV<\/a> dnes!<\/p>\n\n    <p><strong>Vnit\u0159n\u00ed odkazy v tomto \u010dl\u00e1nku:<\/strong><\/p>\n    <ul>\n      <li><a href=\"\/cs\/plans\/\">Pl\u00e1ny<\/a><\/li>\n      <li><a href=\"\/cs\/vpn-setup\/\">Nastaven\u00ed VPN<\/a><\/li>\n      <li><a href=\"\/cs\/smart-tv-2025\/\">Pr\u016fvodce chytr\u00fdmi televizemi pro rok 2025<\/a><\/li>\n      <li><a href=\"\/cs\/ios-apple-2025\/\">Pr\u016fvodce iOS \/ Apple pro rok 2025<\/a><\/li>\n    <\/ul>\n  <\/div>\n<\/section>\t\t\t\t<\/div>\n\t\t\t\t\t<\/div>\n\t\t\t\t<\/div>\n\t\t\t\t<\/div>","protected":false},"excerpt":{"rendered":"<p>What Are IPTVs? Understanding the Confusing Term Behind IPTV Services Introduction to IPTVs \u2013 A Misunderstood Term If you\u2019ve found yourself searching for \u201cIPTVs,\u201d you\u2019re not alone. Many people stumble across this term when looking for ways to upgrade their&#8230;<\/p>","protected":false},"author":1,"featured_media":7752,"parent":0,"menu_order":0,"comment_status":"closed","ping_status":"closed","template":"","meta":{"footnotes":""},"class_list":["post-7748","page","type-page","status-publish","has-post-thumbnail","hentry"],"_links":{"self":[{"href":"https:\/\/novaiptv.to\/cs\/wp-json\/wp\/v2\/pages\/7748","targetHints":{"allow":["GET"]}}],"collection":[{"href":"https:\/\/novaiptv.to\/cs\/wp-json\/wp\/v2\/pages"}],"about":[{"href":"https:\/\/novaiptv.to\/cs\/wp-json\/wp\/v2\/types\/page"}],"author":[{"embeddable":true,"href":"https:\/\/novaiptv.to\/cs\/wp-json\/wp\/v2\/users\/1"}],"replies":[{"embeddable":true,"href":"https:\/\/novaiptv.to\/cs\/wp-json\/wp\/v2\/comments?post=7748"}],"version-history":[{"count":0,"href":"https:\/\/novaiptv.to\/cs\/wp-json\/wp\/v2\/pages\/7748\/revisions"}],"wp:featuredmedia":[{"embeddable":true,"href":"https:\/\/novaiptv.to\/cs\/wp-json\/wp\/v2\/media\/7752"}],"wp:attachment":[{"href":"https:\/\/novaiptv.to\/cs\/wp-json\/wp\/v2\/media?parent=7748"}],"curies":[{"name":"wp","href":"https:\/\/api.w.org\/{rel}","templated":true}]}}