{"id":7773,"date":"2025-07-29T09:45:37","date_gmt":"2025-07-29T09:45:37","guid":{"rendered":"https:\/\/novaiptv.org\/?page_id=7773"},"modified":"2025-07-29T09:45:37","modified_gmt":"2025-07-29T09:45:37","slug":"iptv-nova-2025","status":"publish","type":"page","link":"https:\/\/novaiptv.to\/cs\/iptv-nova-2025\/","title":{"rendered":"IPTV Nova &#8211; Stream Your World in Stunning Clarity 2025"},"content":{"rendered":"<div data-elementor-type=\"wp-page\" data-elementor-id=\"7773\" class=\"elementor elementor-7773\" data-elementor-post-type=\"page\">\n\t\t\t\t<div class=\"elementor-element elementor-element-60fad05 e-flex e-con-boxed e-con e-parent\" data-id=\"60fad05\" data-element_type=\"container\" data-e-type=\"container\">\n\t\t\t\t\t<div class=\"e-con-inner\">\n\t\t\t\t<div class=\"elementor-element elementor-element-1e03b46 elementor-widget elementor-widget-html\" data-id=\"1e03b46\" data-element_type=\"widget\" data-e-type=\"widget\" data-widget_type=\"html.default\">\n\t\t\t\t\t<style>\n    * {\n      margin: 0;\n      padding: 0;\n      box-sizing: border-box;\n      font-family: 'Montserrat', sans-serif;\n    }\n    body {\n      background: #f0f4f8;\n      color: #1a202c;\n      line-height: 1.8;\n      overflow-x: hidden;\n    }\n    header {\n      background: linear-gradient(135deg, #6b46c1, #00c4b4);\n      color: white;\n      text-align: center;\n      padding: 5rem 1rem;\n      position: relative;\n      overflow: hidden;\n    }\n    header::before {\n      content: '';\n      position: absolute;\n      top: -20%;\n      left: -20%;\n      width: 140%;\n      height: 140%;\n      background: radial-gradient(circle, rgba(255,255,255,0.3), transparent);\n      transform: rotate(30deg);\n      z-index: 0;\n    }\n    h1 {\n      font-family: 'Playfair Display', serif;\n      font-size: 3.5rem;\n      font-weight: 700;\n      margin-bottom: 1.5rem;\n      position: relative;\n      z-index: 1;\n      text-shadow: 0 3px 6px rgba(0,0,0,0.3);\n    }\n    h2 {\n      font-family: 'Playfair Display', serif;\n      font-size: 2.3rem;\n      font-weight: 600;\n      color: #2d3748;\n      margin: 3.5rem 0 1.5rem;\n      text-align: center;\n      position: relative;\n    }\n    h2::after {\n      content: '';\n      display: block;\n      width: 60px;\n      height: 4px;\n      background: #00c4b4;\n      margin: 0.5rem auto;\n      border-radius: 2px;\n    }\n    h3 {\n      font-size: 1.6rem;\n      font-weight: 600;\n      color: #2d3748;\n      margin: 2rem 0 1rem;\n    }\n    section {\n      max-width: 1300px;\n      margin: 3rem auto;\n      padding: 0 2rem;\n    }\n    p {\n      font-size: 1.15rem;\n      margin-bottom: 1.3rem;\n      color: #4a5568;\n    }\n\n\n  \n\n    .cta-button {\n      display: inline-block;\n      background: linear-gradient(45deg, #ed8936, #f56565);\n      color: white;\n      padding: 1.2rem 3rem;\n      border-radius: 50px;\n      text-decoration: none;\n      font-weight: 600;\n      font-size: 1.2rem;\n      transition: transform 0.3s ease, box-shadow 0.3s ease;\n      box-shadow: 0 5px 15px rgba(0,0,0,0.2);\n      position: relative;\n      z-index: 1;\n    }\n    .cta-button:hover {\n      transform: translateY(-5px);\n      box-shadow: 0 8px 20px rgba(0,0,0,0.3);\n      background: linear-gradient(45deg, #f56565, #ed8936);\n    }\n    .pricing-grid {\n      display: grid;\n      grid-template-columns: repeat(auto-fit, minmax(300px, 1fr));\n      gap: 2rem;\n      margin-top: 2rem;\n    }\n    .pricing-card {\n      background: white;\n      padding: 2.5rem;\n      border-radius: 20px;\n      box-shadow: 0 8px 16px rgba(0,0,0,0.1);\n      text-align: center;\n      transition: transform 0.3s ease, box-shadow 0.3s ease;\n      position: relative;\n      overflow: hidden;\n    }\n    .pricing-card::before {\n      content: '';\n      position: absolute;\n      top: 0;\n      left: 0;\n      width: 100%;\n      height: 5px;\n      background: linear-gradient(90deg, #6b46c1, #00c4b4);\n    }\n    .pricing-card:hover {\n      transform: translateY(-8px);\n      box-shadow: 0 12px 24px rgba(0,0,0,0.2);\n    }\n    .pricing-card h3 {\n      font-size: 1.8rem;\n      color: #2d3748;\n    }\n    .pricing-card p {\n      font-size: 2rem;\n      font-weight: 700;\n      color: #2d3748;\n      margin: 1.2rem 0;\n    }\n    .highlight {\n      background: #e6fffa;\n      padding: 0.4rem 1rem;\n      border-radius: 20px;\n      font-size: 0.95rem;\n      color: #2d3748;\n      display: inline-block;\n      margin-bottom: 1.2rem;\n      font-weight: 600;\n    }\n    .feature-box {\n      display: flex;\n      align-items: center;\n      gap: 1rem;\n      margin-bottom: 1.5rem;\n    }\n    .feature-icon {\n      font-size: 2.5rem;\n      color: #00c4b4;\n    }\n    footer {\n      background: linear-gradient(135deg, #2d3748, #6b46c1);\n      color: white;\n      text-align: center;\n      padding: 2.5rem 1rem;\n      margin-top: 4rem;\n      font-size: 1.1rem;\n    }\n    .social-links a {\n      color: white;\n      margin: 0 0.5rem;\n      text-decoration: none;\n      font-size: 1.2rem;\n      transition: color 0.3s ease;\n    }\n    .social-links a:hover {\n      color: #00c4b4;\n    }\n    a.outbound {\n      color: #6b46c1;\n      text-decoration: underline;\n      transition: color 0.3s ease;\n    }\n    a.outbound:hover {\n      color: #00c4b4;\n    }\n    @media (max-width: 768px) {\n      h1 {\n        font-size: 2.5rem;\n      }\n      h2 {\n        font-size: 1.8rem;\n      }\n      h3 {\n        font-size: 1.4rem;\n      }\n      section {\n        padding: 0 1.5rem;\n      }\n      .pricing-grid {\n        grid-template-columns: 1fr;\n      }\n      .cta-button {\n        padding: 1rem 2rem;\n        font-size: 1rem;\n      }\n    }\n  <\/style>\n<\/head>\n<body>\n  <header>\n    <h1>IPTV Nova \u2013 Va\u0161e streamovac\u00ed revoluce v roce 2025<\/h1>\n    <p>Za\u017eijte \u017eivou a bezprobl\u00e9movou z\u00e1bavu s prvot\u0159\u00eddn\u00ed streamovac\u00ed slu\u017ebou!<\/p>\n    <a href=\"https:\/\/panel.novaiptv.org\/\" class=\"cta-button\" target=\"_blank\" rel=\"noopener\">Spus\u0165te svou 36hodinovou bezplatnou zku\u0161ebn\u00ed verzi<\/a>\n  <\/header>\n\n  <section>\n    <h2>Co je IPTV Nova?<\/h2>\n    <p>IPTV Nova je va\u0161\u00ed branou do neomezen\u00e9ho vesm\u00edru z\u00e1bavy a nab\u00edz\u00ed v\u00edce ne\u017e 18 000 \u017eiv\u00fdch televizn\u00edch kan\u00e1l\u016f a v\u00edce ne\u017e 50 000 film\u016f, seri\u00e1l\u016f a speci\u00e1ln\u00edch po\u0159ad\u016f p\u0159\u00edmo do va\u0161ich za\u0159\u00edzen\u00ed. D\u00edky \u0161pi\u010dkov\u00e9 technologii internetov\u00e9ho protokolu (IPT) tato slu\u017eba eliminuje pot\u0159ebu drah\u00e9ho kabelov\u00e9ho p\u0159edplatn\u00e9ho a nab\u00edz\u00ed cenov\u011b dostupn\u00fd zp\u016fsob, jak si u\u017e\u00edt pr\u00e9miov\u00fd obsah. Zjist\u011bte v\u00edce o <a href=\"https:\/\/www.techradar.com\/news\/what-is-iptv\" class=\"outbound\" target=\"_blank\" rel=\"noopener\">jak funguje IPTV<\/a> pochopit jeho v\u00fdhody oproti tradi\u010dn\u00ed televizi.<\/p>\n    <p>Od trh\u00e1k\u016f po \u017eiv\u00e9 sportovn\u00ed p\u0159enosy a mezin\u00e1rodn\u00ed zpr\u00e1vy, <a href=\"https:\/\/novaiptv.to\/cs\/koupit-iptv-predplatne-v-usa-2025\/\">IPTV Nova<\/a> uspokoj\u00ed v\u00e1\u0161n\u011b ka\u017ed\u00e9ho div\u00e1ka. Jeho elegantn\u00ed rozhran\u00ed a robustn\u00ed streamovac\u00ed technologie zaji\u0161\u0165uj\u00ed, \u017ee va\u0161e obl\u00edben\u00e9 po\u0159ady m\u00e1te v\u017edy na dosah ruky, a v roce 2025 tak transformuj\u00ed v\u00e1\u0161 televizn\u00ed z\u00e1\u017eitek.<\/p>\n    <p>A\u0165 u\u017e jste filmov\u00fd fanou\u0161ek, sportovn\u00ed fanatik nebo rodi\u010d hledaj\u00edc\u00ed programy vhodn\u00e9 pro d\u011bti, tato slu\u017eba se p\u0159izp\u016fsob\u00ed va\u0161im pot\u0159eb\u00e1m. D\u00edky flexibiln\u00edm tarif\u016fm a u\u017eivatelsky p\u0159\u00edv\u011btiv\u00e9mu nastaven\u00ed..., <a href=\"https:\/\/novaiptv.to\/cs\/koupit-iptv-predplatne-v-usa-2025\/\">IPTV Nova<\/a> usnad\u0148uje a obohacuje st\u0159\u00edh\u00e1n\u00ed \u0161\u0148\u016fry.<\/p>\n  <\/section>\n\n  <section>\n    <h2>Pro\u010d si vybrat tuto streamovac\u00ed slu\u017ebu?<\/h2>\n    <p>IPTV Nova nov\u011b definuje, jak si u\u017e\u00edv\u00e1te televizi, t\u00edm, \u017ee spojuje inovace s pohodl\u00edm. Zde je to, co ji odli\u0161uje od ostatn\u00edch ve sv\u011bt\u011b streamov\u00e1n\u00ed.<\/p>\n    <div class=\"feature-box\">\n      <span class=\"feature-icon\">\ud83d\udcfa<\/span>\n      <p><strong>Rozs\u00e1hl\u00e1 knihovna obsahu<\/strong>P\u0159\u00edstup k v\u00edce ne\u017e 18 000 \u017eiv\u00fdm p\u0159enos\u016fm <a href=\"https:\/\/novaiptv.to\/cs\/kanaly\/\">kan\u00e1ly<\/a>, kter\u00e9 se zab\u00fdvaj\u00ed sportem, glob\u00e1ln\u00edmi zpr\u00e1vami a specializovan\u00fdmi mezin\u00e1rodn\u00edmi programy pro nekone\u010dnou rozmanitost.<\/p>\n    <\/div>\n    <div class=\"feature-box\">\n      <span class=\"feature-icon\">\ud83c\udfa5<\/span>\n      <p><strong>Bla\u017eenost na vy\u017e\u00e1d\u00e1n\u00ed<\/strong>Streamujte v\u00edce ne\u017e 50 000 film\u016f a po\u0159ad\u016f, denn\u011b aktualizovan\u00fdch o hity jako *Wicked* a *Silo Season 2*.<\/p>\n    <\/div>\n    <div class=\"feature-box\">\n      <span class=\"feature-icon\">\u26a1<\/span>\n      <p><strong>Plynul\u00e9 streamov\u00e1n\u00ed<\/strong>U\u017eijte si kvalitu 4K, FHD a HD s technologi\u00ed proti zamrznut\u00ed, a to i na standardn\u00ed Wi-Fi.<\/p>\n    <\/div>\n    <div class=\"feature-box\">\n      <span class=\"feature-icon\">\ud83d\udce1<\/span>\n      <p><strong>Chytr\u00e1 navigace<\/strong>Pou\u017e\u00edvejte intuitivn\u00ed EPG a cloudov\u00fd DVR pro nahr\u00e1v\u00e1n\u00ed a sledov\u00e1n\u00ed podle va\u0161ich podm\u00ednek.<\/p>\n    <\/div>\n    <div class=\"feature-box\">\n      <span class=\"feature-icon\">\ud83d\udee0\ufe0f<\/span>\n      <p><strong>Podpora 24\/7<\/strong>Z\u00edskejte okam\u017eitou pomoc prost\u0159ednictv\u00edm \u017eiv\u00e9ho chatu, e-mailu nebo pr\u016fvodc\u016f pro bezprobl\u00e9mov\u00fd z\u00e1\u017eitek.<\/p>\n    <\/div>\n    <p>D\u00edky pokro\u010dil\u00e9 technologii minimalizuj\u00edc\u00ed ukl\u00e1d\u00e1n\u00ed do vyrovn\u00e1vac\u00ed pam\u011bti a designu, kter\u00fd up\u0159ednost\u0148uje snadn\u00e9 pou\u017eit\u00ed, nab\u00edz\u00ed IPTV Nova pr\u00e9miov\u00fd z\u00e1\u017eitek ze sledov\u00e1n\u00ed. Zaj\u00edm\u00e1 v\u00e1s, jak\u00e9 jsou trendy ve streamov\u00e1n\u00ed? Pod\u00edvejte se na toto. <a href=\"https:\/\/www.cnet.com\/tech\/services-and-software\/best-iptv-services-2023\/\" class=\"outbound\" target=\"_blank\" rel=\"noopener\">pr\u016fvodce nejlep\u0161\u00edmi slu\u017ebami IPTV<\/a> pro poznatky z oboru.<\/p>\n    <a href=\"https:\/\/panel.novaiptv.org\/\" class=\"cta-button\" target=\"_blank\" rel=\"noopener\">Objevte rozd\u00edl<\/a>\n  <\/section>\n\n  <section>\n    <h2>Streamujte na ka\u017ed\u00e9m za\u0159\u00edzen\u00ed<\/h2>\n    <p>D\u00edky univerz\u00e1ln\u00ed kompatibilit\u011b IPTV Nova v\u00e1s z\u00e1bava prov\u00e1z\u00ed v\u0161ude. U\u017eijte si ji v dom\u00e1c\u00edm kin i na mobiln\u00edch za\u0159\u00edzen\u00edch. <a href=\"https:\/\/novaiptv.to\/cs\/embarking-on-the-iptv-odyssey\/\">bezprobl\u00e9mov\u00e9 streamov\u00e1n\u00ed<\/a> kamkoli t\u011b \u017eivot zavede.<\/p>\n    <h3>Podporovan\u00e1 za\u0159\u00edzen\u00ed<\/h3>\n    <ul>\n      <li><a href=\"https:\/\/novaiptv.to\/cs\/nejlepsi-iptv-prehravace-roku-2025\/\"><strong>Chytr\u00e9 televizory<\/strong>:<\/a> Samsung, LG, Android TV a dal\u0161\u00ed pro \u00fa\u017easn\u00fd obraz na velk\u00e9 obrazovce.<\/li>\n      <li><strong>Streamovac\u00ed za\u0159\u00edzen\u00ed<\/strong>: <a href=\"https:\/\/novaiptv.to\/cs\/nainstalujte-si-protonvpn-na-fire-stick-2025\/\">Ohniv\u00e1 ty\u010d<\/a>, Roku, Nvidia Shield a Formuler Z8 pro p\u0159enositelnost.<\/li>\n      <li><strong>Mobiln\u00ed za\u0159\u00edzen\u00ed<\/strong>Android a iOS pro z\u00e1bavu na cest\u00e1ch.<\/li>\n      <li><strong>Po\u010d\u00edta\u010de<\/strong>Windows a Mac pro flexibilitu streamov\u00e1n\u00ed p\u0159es prohl\u00ed\u017ee\u010d.<\/li>\n      <li><a href=\"https:\/\/novaiptv.to\/cs\/android-tv-2025\/\"><strong>IPTV aplikace<\/strong>:<\/a> Funguje s IPTV Smarters Pro, TiviMate a dal\u0161\u00edmi p\u0159edn\u00edmi poskytovateli.<\/li>\n    <\/ul>\n    <p>Nastaven\u00ed je snadn\u00e9 \u2013 st\u00e1hn\u011bte si aplikaci, zadejte k\u00f3d a za\u010dn\u011bte sledovat b\u011bhem n\u011bkolika minut. Nen\u00ed pot\u0159eba \u017e\u00e1dn\u00e1 slo\u017eit\u00e1 instalace ani technici. Tipy pro optimalizaci nastaven\u00ed streamov\u00e1n\u00ed najdete zde. <a href=\"https:\/\/www.lifewire.com\/how-to-set-up-iptv-4173240\" class=\"outbound\" target=\"_blank\" rel=\"noopener\">Pr\u016fvodce nastaven\u00edm IPTV<\/a>.<\/p>\n  <\/section>\n\n  <section>\n    <h2>Cenov\u011b dostupn\u00e9 tarify pro ka\u017ed\u00e9ho div\u00e1ka<\/h2>\n    <p>IPTV Nova nab\u00edz\u00ed flexibiln\u00ed ceny, kter\u00e9 vyhov\u00ed ka\u017ed\u00e9mu rozpo\u010dtu, a zp\u0159\u00edstup\u0148uje tak pr\u00e9miovou z\u00e1bavu. Vyzkou\u0161ejte si ji bez rizika s 36hodinovou zku\u0161ebn\u00ed dobou, ne\u017e se zav\u00e1\u017eete.<\/p>\n    <div class=\"pricing-grid\">\n      <div class=\"pricing-card\">\n        <h3>1 m\u011bs\u00edc<\/h3>\n        <p>$7.99<\/p>\n        <span class=\"highlight\">Vyzkou\u0161ejte to<\/span>\n        <p>Ide\u00e1ln\u00ed pro prozkoum\u00e1v\u00e1n\u00ed rozs\u00e1hl\u00e9 knihovny obsahu a plynul\u00e9 streamov\u00e1n\u00ed.<\/p>\n        <a href=\"https:\/\/panel.novaiptv.org\/\" class=\"cta-button\" target=\"_blank\" rel=\"noopener\">Vyberte tarif<\/a>\n      <\/div>\n      <div class=\"pricing-card\">\n        <h3>3 m\u011bs\u00edce<\/h3>\n        <p>$22.99<\/p>\n        <span class=\"highlight\">Ulo\u017eit 40%<\/span>\n        <p>Ide\u00e1ln\u00ed pro p\u0159\u00edle\u017eitostn\u00e9 div\u00e1ky, kte\u0159\u00ed hledaj\u00ed \u00faspory a flexibilitu.<\/p>\n        <a href=\"https:\/\/panel.novaiptv.org\/\" class=\"cta-button\" target=\"_blank\" rel=\"noopener\">Vyberte tarif<\/a>\n      <\/div>\n      <div class=\"pricing-card\">\n        <h3>6 m\u011bs\u00edc\u016f<\/h3>\n        <p>$49.99<\/p>\n        <span class=\"highlight\">Skv\u011bl\u00e1 hodnota<\/span>\n        <p>Del\u0161\u00ed z\u00e1vazek pro v\u011bt\u0161\u00ed \u00faspory a neru\u0161enou z\u00e1bavu.<\/p>\n        <a href=\"https:\/\/panel.novaiptv.org\/\" class=\"cta-button\" target=\"_blank\" rel=\"noopener\">Vyberte tarif<\/a>\n      <\/div>\n      <div class=\"pricing-card\">\n        <h3>12 m\u011bs\u00edc\u016f<\/h3>\n        <p>$69.99<\/p>\n        <span class=\"highlight\">Nejlep\u0161\u00ed nab\u00eddka<\/span>\n        <p>Z\u00edskejte nejni\u017e\u0161\u00ed cenu za rok pr\u00e9miov\u00e9ho streamov\u00e1n\u00ed.<\/p>\n        <a href=\"https:\/\/panel.novaiptv.org\/\" class=\"cta-button\" target=\"_blank\" rel=\"noopener\">Vyberte tarif<\/a>\n      <\/div>\n    <\/div>\n    <p style=\"text-align: center; margin-top: 2rem;\">Nejste p\u0159ipraveni se zav\u00e1zat? Za\u010dn\u011bte s na\u0161\u00edm <strong>36 hodin zdarma <\/strong><a href=\"https:\/\/novaiptv.to\/cs\/bezplatna-zkusebni-verze-iptv-v-kanade-2025\/\">zku\u0161ebn\u00ed verze a zku\u0161enosti, pro\u010d miliony lid\u00ed vol\u00ed IPTV<\/a> Nova.<\/p>\n    <a href=\"https:\/\/panel.novaiptv.org\/\" class=\"cta-button\" style=\"display: block; text-align: center;\" target=\"_blank\" rel=\"noopener\">Vyzkou\u0161ejte zdarma nyn\u00ed<\/a>\n  <\/section>\n\n  <section>\n    <h2>Je streamov\u00e1n\u00ed s IPTV Nova bezpe\u010dn\u00e9?<\/h2>\n    <p>Bezpe\u010dnost a spolehlivost jsou st\u011b\u017eejn\u00ed pro tuto slu\u017ebu. <a href=\"https:\/\/novaiptv.to\/cs\/strategie-iptv-odyssey\/\">IPTV Nova v\u00e1m zajist\u00ed streamov\u00e1n\u00ed<\/a> s naprostou d\u016fv\u011brou.<\/p>\n    <ul>\n      <li><strong>Pr\u00e1vn\u00ed obsah<\/strong>Pln\u011b v souladu s pr\u00e1vy na distribuci obsahu pro bezstarostn\u00e9 sledov\u00e1n\u00ed.<\/li>\n      <li><strong>Bezpe\u010dn\u00e9 streamov\u00e1n\u00ed<\/strong>: 256bitov\u00e9 \u0161ifrov\u00e1n\u00ed AES chr\u00e1n\u00ed va\u0161e data a transakce.<\/li>\n      <li><strong>Ochrana soukrom\u00ed<\/strong>Voliteln\u00e1 podpora VPN chr\u00e1n\u00ed va\u0161i aktivitu p\u0159ed poskytovateli internetov\u00fdch slu\u017eeb.<\/li>\n      <li><strong>Spolehliv\u00fd v\u00fdkon<\/strong>Dostupnost 99,91 TP3T se servery Tier-1 na t\u0159ech kontinentech.<\/li>\n    <\/ul>\n    <p>Na rozd\u00edl od neov\u011b\u0159en\u00fdch poskytovatel\u016f nab\u00edz\u00ed IPTV Nova bezpe\u010dn\u00fd, leg\u00e1ln\u00ed a stabiln\u00ed z\u00e1\u017eitek. Na\u0161e glob\u00e1ln\u00ed serverov\u00e1 s\u00ed\u0165 zaji\u0161\u0165uje konzistentn\u00ed v\u00fdkon i ve \u0161pi\u010dce, tak\u017ee v\u00e1m neunikne \u017e\u00e1dn\u00fd okam\u017eik. V\u00edce informac\u00ed o bezpe\u010dn\u00e9m streamov\u00e1n\u00ed naleznete zde. <a href=\"https:\/\/www.pcmag.com\/how-to\/how-to-safely-stream-content-with-iptv\" class=\"outbound\" target=\"_blank\" rel=\"noopener\">Pr\u016fvodce zabezpe\u010den\u00fdm streamov\u00e1n\u00edm IPTV<\/a>.<\/p>\n  <\/section>\n\n  <section>\n    <h2>Za\u010dn\u011bte svou streamovac\u00ed cestu<\/h2>\n    <p>P\u0159ipojte se ke streamovac\u00ed revoluci ve t\u0159ech snadn\u00fdch kroc\u00edch:<\/p>\n    <ol>\n      <li><strong>Nav\u0161tivte na\u0161e str\u00e1nky<\/strong>P\u0159ej\u00edt na <a href=\"https:\/\/novaiptv.to\/cs\/\">novaiptv.org<\/a> a vyberte si tarif nebo bezplatnou zku\u0161ebn\u00ed verzi.<\/li>\n      <li><strong>St\u00e1hnout aplikaci<\/strong>Instalace <a href=\"https:\/\/novaiptv.to\/cs\/iptv-smarters-pro-lite-2025\/\">IPTV Smarters Pro<\/a>, TiviMate nebo kompatibiln\u00ed p\u0159ehr\u00e1va\u010d.<\/li>\n      <li><strong>Aktivovat a sledovat<\/strong>Zadejte sv\u016fj k\u00f3d a odemkn\u011bte v\u00edce ne\u017e 18 000 kan\u00e1l\u016f a v\u00edce ne\u017e 50 000 titul\u016f.<\/li>\n    <\/ol>\n    <p>S IPTV Nova si vytvo\u0159\u00edte nezapomenuteln\u00e9 chv\u00edle \u2013 rodinn\u00e9 filmov\u00e9 ve\u010dery, <a href=\"https:\/\/novaiptv.to\/cs\/nejlepsi-iptv-predplatne-pro-zive-sportovni-prenosy\/\">\u017eiv\u00e9 sportovn\u00ed p\u0159enosy<\/a> vzru\u0161en\u00ed nebo sledov\u00e1n\u00ed glob\u00e1ln\u00edch zpr\u00e1v. N\u00e1\u0161 intuitivn\u00ed design zaji\u0161\u0165uje, \u017ee i nov\u00ed u\u017eivatel\u00e9 mohou za\u010d\u00edt streamovat bez n\u00e1mahy. P\u0159idejte se k milion\u016fm lid\u00ed, kte\u0159\u00ed se v roce 2025 rozhodli pro IPTV Nova, proto\u017ee se od\u0159\u00edzli od kabelov\u00e9 televize.<\/p>\n    <a href=\"https:\/\/panel.novaiptv.org\/\" class=\"cta-button\" target=\"_blank\" rel=\"noopener\">P\u0159ipojte se k revoluci<\/a>\n  <\/section>\t\t\t\t<\/div>\n\t\t\t\t\t<\/div>\n\t\t\t\t<\/div>\n\t\t\t\t<\/div>","protected":false},"excerpt":{"rendered":"<p>IPTV Nova &#8211; Your 2025 Streaming Revolution Experience vibrant, seamless entertainment with a top-rated streaming service! Launch Your 36-Hour Free Trial What is IPTV Nova? IPTV Nova is your gateway to a boundless entertainment universe, delivering over 18,000 live TV&#8230;<\/p>","protected":false},"author":1,"featured_media":7782,"parent":0,"menu_order":0,"comment_status":"closed","ping_status":"closed","template":"","meta":{"footnotes":""},"class_list":["post-7773","page","type-page","status-publish","has-post-thumbnail","hentry"],"_links":{"self":[{"href":"https:\/\/novaiptv.to\/cs\/wp-json\/wp\/v2\/pages\/7773","targetHints":{"allow":["GET"]}}],"collection":[{"href":"https:\/\/novaiptv.to\/cs\/wp-json\/wp\/v2\/pages"}],"about":[{"href":"https:\/\/novaiptv.to\/cs\/wp-json\/wp\/v2\/types\/page"}],"author":[{"embeddable":true,"href":"https:\/\/novaiptv.to\/cs\/wp-json\/wp\/v2\/users\/1"}],"replies":[{"embeddable":true,"href":"https:\/\/novaiptv.to\/cs\/wp-json\/wp\/v2\/comments?post=7773"}],"version-history":[{"count":0,"href":"https:\/\/novaiptv.to\/cs\/wp-json\/wp\/v2\/pages\/7773\/revisions"}],"wp:featuredmedia":[{"embeddable":true,"href":"https:\/\/novaiptv.to\/cs\/wp-json\/wp\/v2\/media\/7782"}],"wp:attachment":[{"href":"https:\/\/novaiptv.to\/cs\/wp-json\/wp\/v2\/media?parent=7773"}],"curies":[{"name":"wp","href":"https:\/\/api.w.org\/{rel}","templated":true}]}}