{"id":4079,"date":"2024-02-01T16:01:25","date_gmt":"2024-02-01T16:01:25","guid":{"rendered":"https:\/\/novaiptv.org\/?page_id=4079"},"modified":"2024-02-01T16:01:25","modified_gmt":"2024-02-01T16:01:25","slug":"bedingungen","status":"publish","type":"page","link":"https:\/\/novaiptv.to\/de\/bedingungen\/","title":{"rendered":"Terms NOVA IPTV"},"content":{"rendered":"<div data-elementor-type=\"wp-page\" data-elementor-id=\"4079\" class=\"elementor elementor-4079\" data-elementor-post-type=\"page\">\n\t\t\t\t<div class=\"elementor-element elementor-element-604deb6 e-flex e-con-boxed e-con e-parent\" data-id=\"604deb6\" data-element_type=\"container\" data-e-type=\"container\">\n\t\t\t\t\t<div class=\"e-con-inner\">\n\t\t\t\t\t<\/div>\n\t\t\t\t<\/div>\n\t\t<div class=\"elementor-element elementor-element-a2ddb5b e-flex e-con-boxed e-con e-parent\" data-id=\"a2ddb5b\" data-element_type=\"container\" data-e-type=\"container\">\n\t\t\t\t\t<div class=\"e-con-inner\">\n\t\t<div class=\"elementor-element elementor-element-de488ed e-con-full e-flex e-con e-child\" data-id=\"de488ed\" data-element_type=\"container\" data-e-type=\"container\">\n\t\t\t\t<\/div>\n\t\t<div class=\"elementor-element elementor-element-e99c8ad e-con-full e-flex e-con e-child\" data-id=\"e99c8ad\" data-element_type=\"container\" data-e-type=\"container\">\n\t\t\t\t<div class=\"elementor-element elementor-element-380cf04 elementor-widget elementor-widget-text-editor\" data-id=\"380cf04\" data-element_type=\"widget\" data-e-type=\"widget\" data-widget_type=\"text-editor.default\">\n\t\t\t\t\t\t\t\t\t<h3 style=\"text-align: center;\"><span style=\"color: #333333;\"><strong><p><\/p>\n<\/strong><p><strong><br><\/strong><\/p><p><strong>**Bedingungen f\u00fcr die kostenlose IPTV-Testversion**<\/strong><\/p><\/span><\/h3>\n<p><\/p>\n<h5 style=\"text-align: left;\"><span style=\"color: #333333;\">1. **Kostenloses Testangebot**: Unser IPTV-Service bietet eine unverbindliche kostenlose Testphase, damit die Nutzer die Funktionen und die Qualit\u00e4t unseres Services erleben k\u00f6nnen, bevor sie sich f\u00fcr ein Abonnement entscheiden.<\/span><\/h5>\n<h5>&nbsp;<\/h5>\n<h5 style=\"text-align: left;\"><span style=\"color: #333333;\">2. **Dauer**: Die Dauer der kostenlosen Testphase betr\u00e4gt 2 Stunden. W\u00e4hrend dieser Zeit haben die Nutzer Zugriff auf unser gesamtes Angebot an Kan\u00e4len und Funktionen.<\/span><\/h5>\n<h5>&nbsp;<\/h5>\n<h5 style=\"text-align: left;\"><span style=\"color: #333333;\">3. **Registrierung**: F\u00fcr die kostenlose Testversion ist keine Registrierung oder Angabe von Kreditkarteninformationen erforderlich. Laden Sie einfach unsere Anwendung herunter oder nutzen Sie unseren Service \u00fcber unsere Website, um die Testversion zu starten.<\/span><\/h5>\n<h5>&nbsp;<\/h5>\n<h5 style=\"text-align: left;\"><span style=\"color: #333333;\">4. **Nutzung**: W\u00e4hrend des kostenlosen Testzeitraums sind Nutzer eingeladen, die Funktionen und Inhalte unseres IPTV-Dienstes zu erkunden. Es wird jedoch erwartet, dass Nutzer unsere Nutzungsbedingungen und Richtlinien zur akzeptablen Nutzung jederzeit einhalten.<\/span><\/h5>\n<h5>&nbsp;<\/h5>\n<h5 style=\"text-align: left;\"><span style=\"color: #333333;\">5. **Keine Abonnementverpflichtung**: Die kostenlose Testphase ist unabh\u00e4ngig von unserem Abonnementdienst und verpflichtet die Nutzer zu keinem Zeitpunkt zum Abschluss eines Abonnements.<\/span><\/h5>\n<h5>&nbsp;<\/h5>\n<h5 style=\"text-align: left;\"><span style=\"color: #333333;\">6. **Keine R\u00fcckerstattungen**: Da die kostenlose Testphase dazu dient, dass Benutzer den Service vor dem Kauf testen k\u00f6nnen, bieten wir keine R\u00fcckerstattungen f\u00fcr Abonnements an, die nach Ablauf der Testphase erworben wurden.<\/span><\/h5>\n<h5>&nbsp;<\/h5>\n<h5 style=\"text-align: left;\"><span style=\"color: #333333;\">7. **K\u00fcndigung**: Nutzer k\u00f6nnen die kostenlose Testphase jederzeit beenden. Stellen Sie einfach die Nutzung unseres Dienstes ein; weitere Schritte sind nicht erforderlich.<\/span><\/h5>\n<h5>&nbsp;<\/h5>\n<h5 style=\"text-align: left;\"><span style=\"color: #333333;\">8. **Fortsetzung des Dienstes**: Nach Ablauf des kostenlosen Testzeitraums haben Nutzer die M\u00f6glichkeit, ein Abonnement zu erwerben, um unseren IPTV-Dienst weiterhin zu nutzen. Wird kein Abonnement erworben, endet der Zugriff auf den Dienst.<\/span><\/h5>\n<h5>&nbsp;<\/h5>\n<h5 style=\"text-align: left;\"><span style=\"color: #333333;\">9. **\u00c4nderungen der Nutzungsbedingungen**: Wir behalten uns das Recht vor, das kostenlose Testangebot jederzeit ohne vorherige Ank\u00fcndigung zu \u00e4ndern oder zu beenden. \u00c4nderungen dieser Nutzungsbedingungen werden den Nutzern \u00fcber unsere Website mitgeteilt.<\/span><\/h5>\n<h5>&nbsp;<\/h5>\n<h5 style=\"text-align: left;\"><span style=\"color: #333333;\">10. **Akzeptanz**: Mit der Nutzung der kostenlosen Testversion erkl\u00e4ren sich die Nutzer mit diesen Nutzungsbedingungen einverstanden. Die Nichteinhaltung dieser Bedingungen kann zur Beendigung der kostenlosen Testversion und\/oder zur Sperrung des Zugangs zu unserem IPTV-Dienst f\u00fchren.<\/span><\/h5>\n<h5>&nbsp;<\/h5>\n<h5 style=\"text-align: left;\"><span style=\"color: #333333;\">11. **Kontaktieren Sie uns**: Sollten Sie Fragen oder Bedenken bez\u00fcglich des kostenlosen Testangebots oder unseres IPTV-Dienstes haben, wenden Sie sich bitte an unser Kundendienstteam.<\/span><\/h5>\n<h5>&nbsp;<\/h5>\n<h5 style=\"text-align: left;\"><span style=\"color: #333333;\">Mit dem Zugriff auf die kostenlose Testversion best\u00e4tigen die Nutzer, dass sie die oben genannten Bedingungen gelesen, verstanden und akzeptiert haben.<\/span><\/h5><div><br><br><\/div>\t\t\t\t\t\t\t\t<\/div>\n\t\t\t\t<\/div>\n\t\t<div class=\"elementor-element elementor-element-165aced e-con-full e-flex e-con e-child\" data-id=\"165aced\" data-element_type=\"container\" data-e-type=\"container\">\n\t\t\t\t<\/div>\n\t\t\t\t\t<\/div>\n\t\t\t\t<\/div>\n\t\t\t\t<\/div>","protected":false},"excerpt":{"rendered":"<p>**Terms and Conditions for IPTV Free Trial** 1. **Free Trial Offer**: Our IPTV service offers a no-obligation free trial period to allow users to experience the features and quality of our service before deciding to subscribe. &nbsp; 2. **Duration**: The&#8230;<\/p>","protected":false},"author":1,"featured_media":0,"parent":0,"menu_order":0,"comment_status":"closed","ping_status":"closed","template":"","meta":{"footnotes":""},"class_list":["post-4079","page","type-page","status-publish","hentry"],"_links":{"self":[{"href":"https:\/\/novaiptv.to\/de\/wp-json\/wp\/v2\/pages\/4079","targetHints":{"allow":["GET"]}}],"collection":[{"href":"https:\/\/novaiptv.to\/de\/wp-json\/wp\/v2\/pages"}],"about":[{"href":"https:\/\/novaiptv.to\/de\/wp-json\/wp\/v2\/types\/page"}],"author":[{"embeddable":true,"href":"https:\/\/novaiptv.to\/de\/wp-json\/wp\/v2\/users\/1"}],"replies":[{"embeddable":true,"href":"https:\/\/novaiptv.to\/de\/wp-json\/wp\/v2\/comments?post=4079"}],"version-history":[{"count":0,"href":"https:\/\/novaiptv.to\/de\/wp-json\/wp\/v2\/pages\/4079\/revisions"}],"wp:attachment":[{"href":"https:\/\/novaiptv.to\/de\/wp-json\/wp\/v2\/media?parent=4079"}],"curies":[{"name":"wp","href":"https:\/\/api.w.org\/{rel}","templated":true}]}}