{"id":7748,"date":"2025-07-19T11:13:10","date_gmt":"2025-07-19T11:13:10","guid":{"rendered":"https:\/\/novaiptv.org\/?page_id=7748"},"modified":"2025-07-19T11:13:10","modified_gmt":"2025-07-19T11:13:10","slug":"iptv-leitfaden","status":"publish","type":"page","link":"https:\/\/novaiptv.to\/de\/iptv-leitfaden\/","title":{"rendered":"7 Surprising Truths About IPTVs &#038; The Best IPTV Services for 2025"},"content":{"rendered":"<div data-elementor-type=\"wp-page\" data-elementor-id=\"7748\" class=\"elementor elementor-7748\" data-elementor-post-type=\"page\">\n\t\t\t\t<div class=\"elementor-element elementor-element-6676031 e-flex e-con-boxed e-con e-parent\" data-id=\"6676031\" data-element_type=\"container\" data-e-type=\"container\">\n\t\t\t\t\t<div class=\"e-con-inner\">\n\t\t\t\t\t<\/div>\n\t\t\t\t<\/div>\n\t\t<div class=\"elementor-element elementor-element-c58c47b e-flex e-con-boxed e-con e-parent\" data-id=\"c58c47b\" data-element_type=\"container\" data-e-type=\"container\">\n\t\t\t\t\t<div class=\"e-con-inner\">\n\t\t\t\t<div class=\"elementor-element elementor-element-eac6538 elementor-widget elementor-widget-html\" data-id=\"eac6538\" data-element_type=\"widget\" data-e-type=\"widget\" data-widget_type=\"html.default\">\n\t\t\t\t\t<section class=\"iptv-article-section\">\n  <style>\n    .iptv-article-section{\n      --iptv-max-width: 960px;\n      --iptv-accent:#2563eb;\n      --iptv-bg:#0f1115;\n      --iptv-surface:#161a20;\n      --iptv-border:#2a3039;\n      --iptv-text:#e5e7eb;\n      --iptv-muted:#94a3b8;\n      --iptv-radius:14px;\n      --iptv-gradient:linear-gradient(135deg,#1e293b 0%,#0f172a 60%,#020617 100%);\n      background:var(--iptv-bg);\n      padding: clamp(2rem,4vw,3.5rem) 1.25rem;\n      font-family: \"Inter\", system-ui, -apple-system, BlinkMacSystemFont, \"Segoe UI\", Roboto, \"Helvetica Neue\", Arial, sans-serif;\n      line-height:1.6;\n      color:var(--iptv-text);\n    }\n    .iptv-article-section .iptv-container{\n      max-width:var(--iptv-max-width);\n      margin:0 auto;\n      background:var(--iptv-surface);\n      border:1px solid var(--iptv-border);\n      padding:clamp(1.75rem,2.5vw,2.5rem) clamp(1.5rem,2.5vw,3rem);\n      border-radius:var(--iptv-radius);\n      box-shadow:0 8px 28px -6px rgba(0,0,0,.55),0 0 0 1px rgba(255,255,255,0.02) inset;\n      background-image:\n        radial-gradient(circle at 15% 10%,rgba(59,130,246,.15),transparent 60%),\n        radial-gradient(circle at 85% 85%,rgba(56,189,248,.1),transparent 55%),\n        var(--iptv-gradient);\n      overflow:hidden;\n    }\n    .iptv-article-section img.logo{\n      display:block;\n      max-width:140px;\n      margin:0 0 1.25rem;\n      filter:drop-shadow(0 4px 10px rgba(0,0,0,.4));\n    }\n    .iptv-article-section h1,\n    .iptv-article-section h2,\n    .iptv-article-section h3{\n      font-weight:600;\n      line-height:1.25;\n      letter-spacing:-.02em;\n      scroll-margin-top:90px;\n    }\n    .iptv-article-section h1{\n      font-size:clamp(2.1rem,4.2vw,3.1rem);\n      background:linear-gradient(90deg,#60a5fa,#38bdf8 40%,#818cf8);\n      -webkit-background-clip:text;\n      color:transparent;\n      margin:0 0 1.2rem;\n    }\n    .iptv-article-section h2{\n      font-size:clamp(1.55rem,2.9vw,2.1rem);\n      margin:2.4rem 0 1rem;\n      color:#f1f5f9;\n      position:relative;\n    }\n    .iptv-article-section h2:after{\n      content:\"\";\n      position:absolute;\n      left:0;\n      bottom:-.55rem;\n      width:68px;\n      height:3px;\n      border-radius:3px;\n      background:linear-gradient(90deg,#3b82f6,#0ea5e9);\n      box-shadow:0 0 0 1px rgba(255,255,255,.05);\n    }\n    .iptv-article-section h3{\n      font-size:clamp(1.25rem,2.2vw,1.5rem);\n      margin:2.1rem 0 .85rem;\n      color:#e2e8f0;\n    }\n    .iptv-article-section p{\n      margin:0 0 1.05rem;\n      font-size:1.01rem;\n    }\n    .iptv-article-section p strong{color:#f8fafc;}\n    .iptv-article-section ul{\n      margin:0 0 1.4rem 1.15rem;\n      padding:0;\n      list-style:none;\n    }\n    .iptv-article-section ul li{\n      position:relative;\n      padding:.4rem .75rem .4rem 1.75rem;\n      margin:.25rem 0;\n      background:rgba(255,255,255,.04);\n      border:1px solid rgba(255,255,255,.07);\n      border-radius:10px;\n      font-size:.97rem;\n      line-height:1.45;\n      backdrop-filter:blur(4px);\n    }\n    .iptv-article-section ul li:before{\n      content:\"\";\n      position:absolute;\n      left:.7rem;\n      top:50%;\n      width:.55rem;\n      height:.55rem;\n      background:linear-gradient(135deg,#3b82f6,#0ea5e9);\n      border-radius:50%;\n      transform:translateY(-50%);\n      box-shadow:0 0 0 3px rgba(59,130,246,.15);\n    }\n    .iptv-article-section a{\n      color:#38bdf8;\n      text-decoration:none;\n      font-weight:500;\n      position:relative;\n    }\n    .iptv-article-section a:after{\n      content:\"\";\n      position:absolute;\n      left:0;\n      bottom:-2px;\n      width:100%;\n      height:2px;\n      background:linear-gradient(90deg,#3b82f6,#06b6d4);\n      transform:scaleX(0);\n      transform-origin:left;\n      transition:.35s cubic-bezier(.65,.05,.36,1);\n    }\n    .iptv-article-section a:hover:after{transform:scaleX(1);}\n    .iptv-article-section blockquote{\n      margin:2rem 0;\n      padding:1.25rem 1.5rem 1.25rem 1.25rem;\n      border-left:5px solid #38bdf8;\n      background:rgba(56,189,248,.08);\n      border-radius:0 14px 14px 0;\n      font-style:italic;\n    }\n    .iptv-article-section code{\n      background:#1e293b;\n      color:#f1f5f9;\n      padding:.2em .5em;\n      border-radius:6px;\n      font-size:.85rem;\n      font-family:ui-monospace, SFMono-Regular, Menlo, Monaco, \"Courier New\", monospace;\n    }\n    .iptv-meta{\n      font-size:.8rem;\n      letter-spacing:.06em;\n      text-transform:uppercase;\n      margin-bottom:1.2rem;\n      color:var(--iptv-muted);\n    }\n    .iptv-article-section hr{\n      border:none;\n      height:1px;\n      background:linear-gradient(90deg,transparent,#334155 20%,#334155 80%,transparent);\n      margin:2.75rem 0;\n    }\n    .iptv-article-section .iptv-grid{\n      display:grid;\n      gap:1.25rem;\n    }\n    .iptv-article-section strong{font-weight:600;}\n    @media (min-width:780px){\n      .iptv-article-section ul li{display:block;}\n    }\n  <\/style>\n  <div class=\"iptv-container\">\n\n    <h1>Was ist IPTV? Den verwirrenden Begriff hinter IPTV-Diensten verstehen<\/h1>\n\n    <meta name=\"description\" content=\"Neugierig auf \u201cIPTV\u201d? Entdecken Sie die wahre Bedeutung hinter dem Begriff und erkunden Sie die besten IPTV-Anbieter im Jahr 2025. Streamen Sie intelligenter mit NovaIPTV.\">\n\n    <h2>Einf\u00fchrung in IPTV \u2013 Ein missverstandener Begriff<\/h2>\n    <p>Wenn Sie schon einmal nach \u201cIPTV\u201d gesucht haben, sind Sie nicht allein. Viele sto\u00dfen auf diesen Begriff, wenn sie ihr Streaming-Erlebnis verbessern m\u00f6chten. Aber was genau ist IPTV? <strong>sind IPTVs<\/strong>, Und ist das \u00fcberhaupt die richtige Bezeichnung f\u00fcr das, was Sie suchen?<\/p>\n    <p>Lasst uns die Verwirrung beseitigen:<\/p>\n    <ul>\n      <li>Der korrekte Begriff ist <strong>IPTV<\/strong>, was f\u00fcr <em>Internet-Protokoll-Fernsehen<\/em>.<\/li>\n      <li>\u201cDie Verwendung von \u201dIPTV\u201c im Plural ist eine h\u00e4ufige Verwechslung, die oft in Foren und auf Marktpl\u00e4tzen vorkommt. Sie bedeutet in der Regel, dass jemand nach \u2026 sucht. <strong><a href=\"https:\/\/novaiptv.to\/de\/iptv-odyssey-strategien\/\">IPTV-Dienste<\/strong>, <strong>IPTV-Anbieter<\/strong>, oder sogar spezielle Ger\u00e4te, die IPTV-Streaming erm\u00f6glichen.<\/a>.<\/li>\n      <li>Der Plural \u201cIPTVs\u201d bezieht sich nicht auf eine bestimmte Produktart. Vielmehr geht es darum\u2026 <a href=\"https:\/\/novaiptv.to\/de\/nova-iptv-preise\/\">IPTV-Abonnements<\/a>, Streaming-Plattformen oder manchmal auch die Ger\u00e4te, die IPTV unterst\u00fctzen.<\/li>\n    <\/ul>\n    <p>Wenn Sie weiterlesen, werden Sie nicht nur die wahre Bedeutung von \u201cIPTVs\u201d verstehen, sondern auch entdecken, wie NovaIPTV Ihr Streaming-Erlebnis deutlich besser machen kann als herk\u00f6mmliches Fernsehen.<\/p>\n\n    <h2>Was ist IPTV?<\/h2>\n    <p>Um wirklich zu verstehen, was die Leute mit \u201cIPTV\u201d meinen, wollen wir zun\u00e4chst aufschl\u00fcsseln, was <a href=\"https:\/\/en.wikipedia.org\/wiki\/Internet_Protocol_television\" target=\"_blank\" rel=\"noopener\"> IPTV <\/a> Worum geht es?.<\/p>\n\n    <h3>So funktioniert IPTV<\/h3>\n    <p>Anstelle herk\u00f6mmlicher Kabel- oder Satellitensignale, <strong>IPTV (Internet Protocol Television)<\/strong> bietet Live-TV <a href=\"https:\/\/novaiptv.to\/de\/kanale\/\">Kan\u00e4le<\/a> und On-Demand-Inhalte \u00fcber das Internet. Stellen Sie es sich wie Netflix oder YouTube vor, aber f\u00fcr all Ihre Live-Fernsehbed\u00fcrfnisse.<\/p>\n    <p>So funktioniert es:<\/p>\n    <ul>\n      <li>Ein <a href=\"https:\/\/novaiptv.to\/de\/5-reasons-nova-iptv-is-the-top-streaming-service-now\/\" title=\"5 Gr\u00fcnde, warum Nova IPTV jetzt der beste Streaming-Dienst ist!\" data-wpil-monitor-id=\"189\">IPTV-Anbieter hostet Fernsehkan\u00e4le und Streams<\/a> auf sicheren Servern.<\/li>\n      <li>Wenn du <a href=\"https:\/\/novaiptv.to\/de\/iptv-abonnement-in-den-usa-kaufen-2025\/\">Kaufen Sie ein IPTV-Abonnement<\/a>, Sie erhalten Anmeldeinformationen oder einen Playlist-Link.<\/li>\n      <li>Verwenden Sie einfach einen <a href=\"https:\/\/novaiptv.to\/de\/bester-iptv-player-fur-fire-tv-stick\/\">IPTV-App<\/a> (auf Ihrem Smart-TV, Firestick oder Smartphone), um \u00fcber Ihre Internetverbindung auf Tausende von Live-Kan\u00e4len und -Sendungen zuzugreifen.<\/li>\n    <\/ul>\n    <p>Stellen Sie sich vor, Sie k\u00f6nnten Ihre alte TV-Antenne gegen eine schnelle WLAN-Verbindung tauschen \u2013 ganz ohne Kabel, Receiver oder geografische Einschr\u00e4nkungen.<\/p>\n\n    <h3>Vorteile gegen\u00fcber herk\u00f6mmlichem Kabel-\/Satellitenfernsehen<\/h3>\n    <p>Die Menschen wechseln vom Kabelfernsehen zu <a href=\"https:\/\/novaiptv.to\/de\/xtream-iptv-kanada-2025-leitfaden\/\">IPTV-Dienste<\/a> aus sehr guten Gr\u00fcnden:<\/p>\n    <ul>\n      <li><strong>Gr\u00f6\u00dfere Auswahl<\/strong>Zugang zu Tausenden von globalen Kan\u00e4len und On-Demand-Inhalten.<\/li>\n      <li><strong>F\u00fcr unterwegs<\/strong>: Verwenden <a href=\"https:\/\/novaiptv.to\/de\/iptv\/canada\/\" title=\"IPTV Kanada 2025 \u2013 Der ultimative Leitfaden zu Nova IPTV (Tarife, Ger\u00e4te &amp; kostenlose Testversion)\" data-wpil-monitor-id=\"152\">IPTV auf nahezu jedem Ger\u00e4t<\/a>, \u00fcberall dort, wo es Internet gibt.<\/li>\n      <li><strong>Flexibilit\u00e4t<\/strong>Sie haben die Wahl zwischen kurzfristigen und langfristigen Vertr\u00e4gen, keine starren Jahresvertr\u00e4ge.<\/li>\n      <li><strong>Kosteneinsparung<\/strong>: <a href=\"https:\/\/novaiptv.to\/de\/bestes-iptv-abonnement-2025\/\">IPTV-Abonnements<\/a> sind oft wesentlich g\u00fcnstiger als herk\u00f6mmliche Kabel- oder Satellitenpakete.<\/li>\n      <li><strong>Reichhaltige Funktionen<\/strong>Genie\u00dfen Sie HD\/4K-Qualit\u00e4t, elektronische Programmf\u00fchrer (EPG) und sogar Catch-up-\/Replay-Funktionen.<\/li>\n    <\/ul>\n\n    <h3>Was Sie f\u00fcr die Nutzung von IPTV ben\u00f6tigen<\/h3>\n    <p>Der Einstieg in IPTV ist einfacher als Sie vielleicht denken. Folgendes ben\u00f6tigen Sie:<\/p>\n    <ul>\n      <li><strong>Ein zuverl\u00e4ssiger IPTV-Anbieter<\/strong> (wie NovaIPTV)<\/li>\n      <li><strong>Eine stabile Hochgeschwindigkeits-Internetverbindung<\/strong> (mindestens 10 Mbit\/s empfohlen)<\/li>\n      <li><strong>Ein kompatibles Ger\u00e4t<\/strong> \u2013 Smart-TV, <a href=\"https:\/\/novaiptv.to\/de\/protonvpn-auf-ihrem-fire-tv-stick-installieren-2025\/\">Fire TV Stick<\/a>, MAG-Box, Android-Telefon, Tablet, iOS-Ger\u00e4t oder PC.<\/li>\n      <li><strong>Ein <\/strong><a href=\"https:\/\/novaiptv.to\/de\/iptv-smarters-lg-smart-tv-2025\/\">IPTV-App \u2013 Optionen umfassen Smart IPTV und IPTV Smarters.<\/a>, TiviMate oder andere.<\/li>\n    <\/ul>\n    <p>Sie m\u00f6chten wissen, welches Ger\u00e4t am besten geeignet ist? Schauen Sie sich unsere <a href=\"\/de\/smart-tv-2025\/\">Smart-TV-Ratgeber 2025<\/a>.<\/p>\n\n    <h2>Warum suchen Menschen nach \u201cIPTVs\u201d?<\/h2>\n    <p>Sie fragen sich vielleicht, warum so viele Menschen nach \u201ciptvs\u201d statt nach \u201cIPTV\u201d suchen. Hier ist der Grund:<\/p>\n    <ul>\n      <li><strong>H\u00e4ufige Tippfehler und automatische Vorschl\u00e4ge<\/strong>Suchmaschinen vervollst\u00e4ndigen Suchanfragen oft automatisch mit \u201ciptvs\u201d, weil viele Nutzer dies versehentlich oder aus Gewohnheit eingeben.<\/li>\n      <li><strong>Allgemeine Verweise<\/strong>In Online-Marktpl\u00e4tzen und Foren beziehen sich die Leute auf <a href=\"https:\/\/novaiptv.to\/de\/\">IPTV-Dienste<\/a> zusammenfassend als \u201cIPTVs\u201d bezeichnet.\u201d<\/li>\n      <li><strong>Trendige Suchmuster<\/strong>Da immer mehr Nutzer mit Heimstreaming experimentieren, werden Begriffe wie \u201cbestes Streaming\u201c immer wichtiger. <a href=\"https:\/\/novaiptv.to\/de\/iptv-abonnement-in-den-usa-kaufen-2025\/\">IPTVs<\/a> Trends in der Suchanalyse: \u201df\u00fcr Firestick\u201c, \u201dg\u00fcnstige IPTVs\u201c oder \u201dfunktionierende IPTVs im Jahr 2025\u201c.<\/li>\n    <\/ul>\n    <p>Wenn Sie hier sind, suchen Sie ganz sicher nach den neuesten und <a class=\"wpil_keyword_link\" href=\"https:\/\/novaiptv.to\/de\/\" title=\"bestes IPTV\" data-wpil-keyword-link=\"linked\">bestes IPTV<\/a> Dienstleistungen, unabh\u00e4ngig von der Schreibweise.<\/p>\n\n    <h2>IPTVs vs. IPTV-Abonnements: Was steckt wirklich dahinter?<\/h2>\n    <p>Zur Klarstellung: \u201cIPTV\u201d bezieht sich nicht auf Ger\u00e4te oder eine andere Tarifstufe \u2013 es geht einzig und allein um \u2026 <a href=\"https:\/\/novaiptv.to\/de\/nova-iptv-uk-premium-iptv-subscription\/\">IPTV-Abonnements<\/a> und Anbieter.<\/p>\n    <p><a href=\"https:\/\/novaiptv.to\/de\/iptv-gratistest-in-kanada-2025\/\"><\/a><a href=\"https:\/\/novaiptv.to\/de\/iptv-gratistest-in-kanada-2025\/\"><\/a><strong>Darauf kommt es bei der Suche nach zuverl\u00e4ssigen IPTV-Diensten an:<\/strong><\/p>\n    <ul>\n      <li><strong>Riesige Kanalauswahl:<\/strong> Internationales, Lokales, Sport, Unterhaltung, Pay-per-View, Kinder, Filme.<\/li>\n      <li><strong>Hochwertige Streams:<\/strong> Bietet HD- oder 4K-Optionen, minimales Puffern.<\/li>\n      <li><strong>Einfache Einrichtung:<\/strong> Eine einfache Playlist oder Portal-URL funktioniert auf den meisten Ger\u00e4ten.<\/li>\n      <li><strong>24\/7-Support:<\/strong> Support per Chat oder E-Mail, damit Sie problemlos streamen k\u00f6nnen.<\/li>\n    <\/ul>\n\n    <h3>Angebote von NovaIPTV<\/h3>\n    <p>NovaIPTV ist bekannt f\u00fcr:<\/p>\n    <ul>\n      <li><strong>Stabile, qualitativ hochwertige Str\u00f6me<\/strong> aus \u00fcber 20.000 Kan\u00e4len.<\/li>\n      <li><strong>Ultraschnelle Server<\/strong> f\u00fcr reibungsloses Streaming, auch w\u00e4hrend Top-Sportveranstaltungen.<\/li>\n      <li><strong>Flexible Tarife<\/strong> F\u00fcr jedes Budget. Jetzt entdecken! <a href=\"\/de\/plans\/\">Planseite<\/a>.<\/li>\n      <li><strong>Benutzerfreundlich <\/strong><a href=\"https:\/\/novaiptv.to\/de\/iptv-smarters-pro-setup-2025\/\" title=\"IPTV Smarters Pro-Einrichtung f\u00fcr NovaIPTV \u2013 Installation, EPG &amp; Tipps\" data-wpil-monitor-id=\"10\">Installationsunterst\u00fctzung \u2013 von der Einrichtung<\/a> Anleitungen zur Live-Chat-Hilfe.<\/li>\n    <\/ul>\n    <p>Sie suchen nach \u201cIPTV\u201d? Dann sind Sie bei einem der zuverl\u00e4ssigsten IPTV-Anbieter im Jahr 2025 gelandet.<\/p>\n\n    <h2>Wie man 2025 den besten IPTV-Anbieter ausw\u00e4hlt<\/h2>\n    <p>Bei so vielen Optionen \u2013 wie findet man die richtige? <a class=\"wpil_keyword_link\" href=\"https:\/\/novaiptv.to\/de\/\" title=\"IPTV-Abonnement\" data-wpil-keyword-link=\"linked\">IPTV-Abonnement<\/a> Ist das Richtige f\u00fcr Sie? Beachten Sie folgende Faktoren:<\/p>\n    <ul>\n      <li><strong>Stabilit\u00e4t und Verf\u00fcgbarkeit:<\/strong> Eine zuverl\u00e4ssige Verbindung ist wichtig \u2013 Sie wollen schlie\u00dflich keine Pufferprobleme w\u00e4hrend des wichtigen Spiels.<\/li>\n      <li><strong>Elektronischer Programmf\u00fchrer (EPG):<\/strong> Ein integrierter Fernsehprogrammf\u00fchrer erleichtert das Zappen.<\/li>\n      <li><strong>Umfangreiche Inhaltsbibliothek:<\/strong> Mehr Kan\u00e4le, mehr Auswahl \u2013 weltweite Abdeckung ist garantiert.<\/li>\n      <li><strong>Kundendienst:<\/strong> Schnelle Hilfe, wenn Sie sie brauchen.<\/li>\n      <li><strong>HD- und 4K-Streams:<\/strong> F\u00fcr ein gestochen scharfes Bild sollten Sie auf hochwertige Optionen setzen.<\/li>\n      <li><strong>Kompatibilit\u00e4t:<\/strong> Stellen Sie sicher, dass der Anbieter mit Ihren Ger\u00e4ten kompatibel ist \u2013 Firestick, Smart-TV, Android usw.<\/li>\n    <\/ul>\n\n    <h3>Warum NovaIPTV w\u00e4hlen?<\/h3>\n    <ul>\n      <li><strong>Absolut zuverl\u00e4ssige Verf\u00fcgbarkeit<\/strong> und branchenf\u00fchrende Zuverl\u00e4ssigkeit.<\/li>\n      <li><strong>Vollst\u00e4ndiger EPG und Mediathek-Funktionen<\/strong> \u2014 damit Sie nie Ihre Lieblingssendung verpassen.<\/li>\n      <li><strong>Streamen Sie auf allen g\u00e4ngigen Plattformen<\/strong> - einschlie\u00dflich <a href=\"\/de\/smart-tv-2025\/\">Smart-TVs<\/a>, <a href=\"\/de\/smart-tv-2025\/\">Firestick<\/a>, <a href=\"\/de\/ios-apple-2025\/\">Android\/iOS<\/a>.<\/li>\n      <li><strong>Transparente und erschwingliche Preise<\/strong> \u2014 ohne versteckte Geb\u00fchren.<\/li>\n      <li><strong>Risikofreie Testversion<\/strong> Damit Sie den Unterschied selbst sehen k\u00f6nnen.<\/li>\n    <\/ul>\n    <p>Entdecken Sie unsere neuesten Produkte <a href=\"\/de\/plans\/\">Pl\u00e4ne und Angebote<\/a> Jetzt.<\/p>\n\n    <h2>Ist die Nutzung von IPTV sicher und legal?<\/h2>\n    <p>\u201c&quot;Ist <a href=\"https:\/\/novaiptv.to\/de\/ist-iptv-in-kanada-legal\/\">IPTV<\/a> \u201dRechtlich?\u201c ist die n\u00e4chste gro\u00dfe Frage, nachdem man den richtigen IPTV-Anbieter gefunden hat.<\/p>\n    <ul>\n      <li><strong>Die Rechtm\u00e4\u00dfigkeit h\u00e4ngt von der Dienstleistung ab.<\/strong>Nicht alle <a href=\"https:\/\/novaiptv.to\/de\/the-best-iptv-reddit-services-in-canada-for-2025\/\">IPTV-Dienste<\/a> sind seri\u00f6s. Achten Sie darauf, einen gut bewerteten, konformen IPTV-Anbieter auszuw\u00e4hlen.<\/li>\n      <li><strong>Datenschutz<\/strong>Das Streamen von Inhalten, insbesondere aus internationalen Quellen, kann zu Datenschutz- oder geografischen Einschr\u00e4nkungen f\u00fchren.<\/li>\n    <\/ul>\n\n    <h3>Sch\u00fctzen Sie sich mit einem VPN<\/h3>\n    <p>Ein VPN (Virtual Private Network) verschl\u00fcsselt Ihre Aktivit\u00e4ten und hilft Ihnen, regionale Sperren oder die Drosselung durch Ihren Internetanbieter zu umgehen. Bleiben Sie sicher, indem Sie unsere Sicherheitshinweise befolgen. <a href=\"\/de\/vpn-setup\/\">VPN-Einrichtungsanleitung<\/a>.<\/p>\n    <p><strong>Profi-Tipp:<\/strong> Kombinieren Sie immer Ihre <a class=\"wpil_keyword_link\" href=\"https:\/\/novaiptv.to\/de\/blog\/iptv-vs-kabelfernsehen-kostenvergleich-2025\/\" title=\"IPTV-Abonnement\" data-wpil-keyword-link=\"linked\">IPTV-Abonnement<\/a> mit einem zuverl\u00e4ssigen VPN f\u00fcr Sicherheit und ein beruhigendes Gef\u00fchl.<\/p>\n\n    <h2>Kompatible Ger\u00e4te f\u00fcr IPTVs<\/h2>\n    <p>Sie fragen sich, ob Sie Ihre IPTV-Dienste mit Ihrer aktuellen Konfiguration nutzen k\u00f6nnen? IPTV-Dienste sind heutzutage \u00e4u\u00dferst flexibel.<\/p>\n\n    <h3>Unterst\u00fctzte Ger\u00e4te umfassen:<\/h3>\n    <ul>\n      <li><strong>Smart-TVs<\/strong> (LG, Samsung, Sony und andere)<\/li>\n      <li><strong>Amazon Firestick<\/strong> und Fire TV<\/li>\n      <li><strong>Android-Smartphones und -Tablets<\/strong><\/li>\n      <li><strong>iPhone, iPad, Apple TV<\/strong><\/li>\n      <li><strong>MAG-Boxen, Enigma2<\/strong><\/li>\n      <li><strong>Windows- und Mac-PCs<\/strong><\/li>\n    <\/ul>\n    <p>F\u00fcr Details zur optimalen Ger\u00e4tekonfiguration lesen Sie bitte unsere Anleitungen zu <a href=\"\/de\/smart-tv-2025\/\">Smart-TVs<\/a> Und <a href=\"\/de\/ios-apple-2025\/\">Apple-Ger\u00e4te<\/a>.<\/p>\n\n    <h2>Schlussbetrachtung \u2013 IPTV ist vielleicht nicht der richtige Begriff, aber Sie sind hier genau richtig<\/h2>\n    <p>Auch wenn \u201cIPTV\u201d technisch nicht ganz korrekt ist, sind Sie hier genau richtig. Egal, ob Sie IPTV f\u00fcr Firestick erkunden, nach einem neuen Streaming-Erlebnis suchen oder vergleichen m\u00f6chten. <a href=\"https:\/\/novaiptv.to\/de\/die-besten-iptv-dienste-in-grosbritannien-2025\/\">Top IPTV-Dienste<\/a> im Jahr 2025, <strong>NovaIPTV<\/strong> ist Ihr vertrauensw\u00fcrdiger Partner in der Welt des IPTV.<\/p>\n    <p><strong>Bereit, Ihr Streaming auf die n\u00e4chste Stufe zu heben?<\/strong><\/p>\n    <ul>\n      <li>Entdecken Sie unsere flexiblen <a href=\"\/de\/plans\/\">IPTV-Pl\u00e4ne<\/a>.<\/li>\n      <li>Lesen Sie hilfreiche Informationen <a href=\"https:\/\/novaiptv.to\/de\/iptv\/usa\/\" title=\"IPTV USA 2025 \u2013 Der ultimative Leitfaden zu Nova IPTV (Beste Tarife, Ger\u00e4te &amp; Einrichtung)\" data-wpil-monitor-id=\"118\">Einrichtungsanleitungen f\u00fcr Ihr Ger\u00e4t<\/a>.<\/li>\n      <li>Genie\u00dfen Sie risikofreies IPTV mit Geld-zur\u00fcck-Garantie.<\/li>\n    <\/ul>\n    <p>H\u00f6ren Sie auf, nach \u201cIPTVs\u201d zu suchen und streamen Sie intelligenter mit NovaIPTV. Die Zukunft des Fernsehens ist da \u2013 sichern Sie sich Ihr Ger\u00e4t! <a href=\"\/de\/plans\/\">IPTV-Abonnement<\/a> Heute!<\/p>\n\n    <p><strong>Interne Links in diesem Artikel:<\/strong><\/p>\n    <ul>\n      <li><a href=\"\/de\/plans\/\">Pl\u00e4ne<\/a><\/li>\n      <li><a href=\"\/de\/vpn-setup\/\">VPN-Einrichtung<\/a><\/li>\n      <li><a href=\"\/de\/smart-tv-2025\/\">Smart-TV-Ratgeber 2025<\/a><\/li>\n      <li><a href=\"\/de\/ios-apple-2025\/\">iOS \/ Apple Leitfaden 2025<\/a><\/li>\n    <\/ul>\n  <\/div>\n<\/section>\t\t\t\t<\/div>\n\t\t\t\t\t<\/div>\n\t\t\t\t<\/div>\n\t\t\t\t<\/div>","protected":false},"excerpt":{"rendered":"<p>What Are IPTVs? Understanding the Confusing Term Behind IPTV Services Introduction to IPTVs \u2013 A Misunderstood Term If you\u2019ve found yourself searching for \u201cIPTVs,\u201d you\u2019re not alone. Many people stumble across this term when looking for ways to upgrade their&#8230;<\/p>","protected":false},"author":1,"featured_media":7752,"parent":0,"menu_order":0,"comment_status":"closed","ping_status":"closed","template":"","meta":{"footnotes":""},"class_list":["post-7748","page","type-page","status-publish","has-post-thumbnail","hentry"],"_links":{"self":[{"href":"https:\/\/novaiptv.to\/de\/wp-json\/wp\/v2\/pages\/7748","targetHints":{"allow":["GET"]}}],"collection":[{"href":"https:\/\/novaiptv.to\/de\/wp-json\/wp\/v2\/pages"}],"about":[{"href":"https:\/\/novaiptv.to\/de\/wp-json\/wp\/v2\/types\/page"}],"author":[{"embeddable":true,"href":"https:\/\/novaiptv.to\/de\/wp-json\/wp\/v2\/users\/1"}],"replies":[{"embeddable":true,"href":"https:\/\/novaiptv.to\/de\/wp-json\/wp\/v2\/comments?post=7748"}],"version-history":[{"count":0,"href":"https:\/\/novaiptv.to\/de\/wp-json\/wp\/v2\/pages\/7748\/revisions"}],"wp:featuredmedia":[{"embeddable":true,"href":"https:\/\/novaiptv.to\/de\/wp-json\/wp\/v2\/media\/7752"}],"wp:attachment":[{"href":"https:\/\/novaiptv.to\/de\/wp-json\/wp\/v2\/media?parent=7748"}],"curies":[{"name":"wp","href":"https:\/\/api.w.org\/{rel}","templated":true}]}}