{"id":5717,"date":"2024-12-02T08:27:00","date_gmt":"2024-12-02T08:27:00","guid":{"rendered":"https:\/\/novaiptv.org\/?page_id=5717"},"modified":"2025-11-04T19:04:10","modified_gmt":"2025-11-04T19:04:10","slug":"aplicacion-nova-iptv-para-android-2025","status":"publish","type":"page","link":"https:\/\/novaiptv.to\/esp\/aplicacion-nova-iptv-para-android-2025\/","title":{"rendered":"Aplicaci\u00f3n Nova IPTV para Android"},"content":{"rendered":"<div data-elementor-type=\"wp-page\" data-elementor-id=\"5717\" class=\"elementor elementor-5717\" data-elementor-post-type=\"page\">\n\t\t\t\t<div class=\"elementor-element elementor-element-daae44d e-flex e-con-boxed e-con e-parent\" data-id=\"daae44d\" data-element_type=\"container\" data-e-type=\"container\">\n\t\t\t\t\t<div class=\"e-con-inner\">\n\t\t\t\t<div class=\"elementor-element elementor-element-fddef31 elementor-widget elementor-widget-html\" data-id=\"fddef31\" data-element_type=\"widget\" data-e-type=\"widget\" data-widget_type=\"html.default\">\n\t\t\t\t\t<div class=\"iptv-tutorial-wrapper\">\n    <style>\n        :root {\n            --primary-color: #00b0ff;\n            --secondary-color: #3d5afe;\n            --dark-color: #333333;\n            --light-color: #F3F3F3;\n            --text-color: #333333;\n            --light-text: #F3F3F3;\n            --success-color: #00c853;\n            --warning-color: #ff9100;\n        }\n        \n        * {\n            margin: 0;\n            padding: 0;\n            box-sizing: border-box;\n            font-family: 'Segoe UI', Tahoma, Geneva, Verdana, sans-serif;\n        }\n        \n        .iptv-tutorial-wrapper {\n            background-color: var(--light-color);\n            color: var(--text-color);\n            line-height: 1.6;\n            padding: 20px 0;\n        }\n        \n        .iptv-container {\n            max-width: 1000px;\n            margin: 0 auto;\n            padding: 20px;\n        }\n        \n        .iptv-header {\n            text-align: center;\n            margin-bottom: 40px;\n            position: relative;\n            padding-top: 30px;\n        }\n        \n        .logo-container {\n            display: flex;\n            justify-content: center;\n            align-items: center;\n            margin-bottom: 20px;\n        }\n        \n        .logo {\n            width: 120px;\n            height: 120px;\n            background: linear-gradient(135deg, var(--primary-color), var(--secondary-color));\n            border-radius: 20px;\n            display: flex;\n            justify-content: center;\n            align-items: center;\n            box-shadow: 0 10px 20px rgba(0, 176, 255, 0.3);\n        }\n        \n        .logo svg {\n            width: 70px;\n            height: 70px;\n            fill: white;\n        }\n        \n        h1 {\n            font-size: 2.5rem;\n            margin-bottom: 10px;\n            background: linear-gradient(90deg, var(--primary-color), var(--secondary-color));\n            -webkit-background-clip: text;\n            background-clip: text;\n            color: transparent;\n            display: inline-block;\n        }\n        \n        .subtitle {\n            font-size: 1.2rem;\n            color: #555555;\n            margin-bottom: 20px;\n        }\n        \n        .steps-container {\n            display: flex;\n            flex-direction: column;\n            gap: 30px;\n        }\n        \n        .step {\n            background-color: white;\n            border-radius: 15px;\n            padding: 25px;\n            position: relative;\n            overflow: hidden;\n            box-shadow: 0 5px 15px rgba(0, 0, 0, 0.1);\n            border-left: 4px solid var(--primary-color);\n            transition: transform 0.3s ease, box-shadow 0.3s ease;\n        }\n        \n        .step:hover {\n            transform: translateY(-5px);\n            box-shadow: 0 10px 25px rgba(0, 0, 0, 0.3);\n        }\n        \n        .step-number {\n            position: absolute;\n            top: -10px;\n            right: -10px;\n            width: 60px;\n            height: 60px;\n            background: linear-gradient(135deg, var(--primary-color), var(--secondary-color));\n            border-radius: 50%;\n            display: flex;\n            justify-content: center;\n            align-items: center;\n            font-size: 1.5rem;\n            font-weight: bold;\n            color: white;\n            box-shadow: 0 5px 10px rgba(0, 176, 255, 0.4);\n        }\n        \n        .step-title {\n            font-size: 1.5rem;\n            margin-bottom: 15px;\n            color: var(--primary-color);\n            padding-right: 50px;\n        }\n        \n        .step-content {\n            margin-left: 15px;\n        }\n        \n        .step-content p {\n            margin-bottom: 15px;\n        }\n        \n        ul, ol {\n            margin-left: 30px;\n            margin-bottom: 15px;\n        }\n        \n        li {\n            margin-bottom: 10px;\n        }\n        \n        .highlight {\n            color: var(--primary-color);\n            font-weight: 600;\n        }\n        \n        .note {\n            background-color: rgba(255, 145, 0, 0.1);\n            border-left: 3px solid var(--warning-color);\n            padding: 15px;\n            margin: 20px 0;\n            border-radius: 5px;\n        }\n        \n        .note-title {\n            color: var(--warning-color);\n            font-weight: bold;\n            margin-bottom: 5px;\n        }\n        \n        .tip {\n            background-color: rgba(0, 200, 83, 0.1);\n            border-left: 3px solid var(--success-color);\n            padding: 15px;\n            margin: 20px 0;\n            border-radius: 5px;\n        }\n        \n        .tip-title {\n            color: var(--success-color);\n            font-weight: bold;\n            margin-bottom: 5px;\n        }\n        \n        .illustration {\n            margin: 20px 0;\n            text-align: center;\n        }\n        \n        .illustration svg {\n            max-width: 100%;\n            height: auto;\n            border-radius: 10px;\n            box-shadow: 0 5px 15px rgba(0, 0, 0, 0.15);\n            background-color: #2D3748;\n        }\n        \n        .iptv-footer {\n            text-align: center;\n            margin-top: 50px;\n            padding: 20px;\n            color: #555555;\n            font-size: 0.9rem;\n        }\n        \n        a {\n            color: var(--primary-color);\n            text-decoration: none;\n            font-weight: 600;\n            transition: color 0.3s ease;\n        }\n        \n        a:hover {\n            color: var(--secondary-color);\n            text-decoration: underline;\n        }\n        \n        @media (max-width: 768px) {\n            .iptv-container {\n                padding: 15px;\n            }\n            \n            h1 {\n                font-size: 2rem;\n            }\n            \n            .step {\n                padding: 20px;\n            }\n            \n            .step-number {\n                width: 50px;\n                height: 50px;\n                font-size: 1.2rem;\n            }\n            \n            .step-title {\n                font-size: 1.3rem;\n            }\n        }\n    <\/style>\n    <div class=\"iptv-container\">\n        <div class=\"iptv-header\">\n            <div class=\"logo-container\">\n                <div class=\"logo\">\n                    <svg viewbox=\"0 0 24 24\" xmlns=\"http:\/\/www.w3.org\/2000\/svg\">\n                        <path d=\"M21,17H3V5H21M21,3H3A2,2 0 0,0 1,5V17A2,2 0 0,0 3,19H8V21H16V19H21A2,2 0 0,0 23,17V5A2,2 0 0,0 21,3M9,7H15V15H9V7M10,8V14H14V8H10Z\" \/>\n                    <\/svg>\n                <\/div>\n            <\/div>\n            <h1>C\u00f3mo usar Nova IPTV en la aplicaci\u00f3n de Android<\/h1>\n            <p class=\"subtitle\">Pasos sencillos para empezar a transmitir en tu dispositivo Android<\/p>\n        <\/div>\n        \n        <div class=\"steps-container\">\n            <!-- Step 1 -->\n            <div class=\"step\">\n                <div class=\"step-number\">1<\/div>\n                <h2 class=\"step-title\">Descarga la aplicaci\u00f3n<\/h2>\n                <div class=\"step-content\">\n                    <p>Instala el <a href=\"https:\/\/novaiptv.to\/esp\/comprar-suscripcion-iptv-en-ee-uu-2025\/\">Nova IPTV<\/a> aplicaci\u00f3n en tu Android TV o tel\u00e9fono.<\/p>\n                    <p>Puedes descargarlo directamente desde: <a href=\"https:\/\/novaiptvreseller.com\/novaiptv.apk\" target=\"_blank\" rel=\"noopener\">https:\/\/novaiptvreseller.com\/novaiptv.apk<\/a><\/p>\n                    \n                    <div class=\"illustration\">\n                        <svg width=\"600\" height=\"250\" viewbox=\"0 0 600 250\" xmlns=\"http:\/\/www.w3.org\/2000\/svg\">\n                            <rect width=\"600\" height=\"250\" fill=\"#1E293B\" rx=\"10\" \/>\n                            \n                            <!-- App Download Screen -->\n                            <rect x=\"150\" y=\"40\" width=\"300\" height=\"170\" rx=\"5\" fill=\"#2D3748\" \/>\n                            \n                            <!-- Phone Outline -->\n                            <rect x=\"230\" y=\"20\" width=\"140\" height=\"210\" rx=\"15\" fill=\"#4A5568\" \/>\n                            <rect x=\"240\" y=\"35\" width=\"120\" height=\"180\" rx=\"5\" fill=\"#1A1A2E\" \/>\n                            \n                            <!-- Download Progress -->\n                            <rect x=\"260\" y=\"115\" width=\"80\" height=\"10\" rx=\"5\" fill=\"#2D3748\" \/>\n                            <rect x=\"260\" y=\"115\" width=\"50\" height=\"10\" rx=\"5\" fill=\"#00b0ff\" \/>\n                            \n                            <!-- Download Icon -->\n                            <circle cx=\"300\" cy=\"90\" r=\"20\" fill=\"#00b0ff\" \/>\n                            <path d=\"M300,75 L300,95 M290,85 L300,95 L310,85\" stroke=\"white\" stroke-width=\"2\" fill=\"none\" \/>\n                            <path d=\"M285,105 L315,105\" stroke=\"white\" stroke-width=\"2\" fill=\"none\" \/>\n                            \n                            <!-- Text -->\n                            <text x=\"280\" y=\"145\" font-family=\"Arial\" font-size=\"12\" fill=\"white\"><a href=\"https:\/\/novaiptv.to\/esp\/comprar-suscripcion-iptv-en-ee-uu-2025\/\">Nova IPTV<\/a><\/text>\n                            <text x=\"265\" y=\"160\" font-family=\"Arial\" font-size=\"10\" fill=\"#A0AEC0\">Descargando...<\/text>\n                        <\/svg>\n                    <\/div>\n                    \n                    <div class=\"tip\">\n                        <p class=\"tip-title\">Consejo profesional<\/p>\n                        <p>Si descargas directamente a tu <a href=\"https:\/\/novaiptv.to\/esp\/android-tv\/\">Android TV<\/a>, Es posible que necesites habilitar la opci\u00f3n &quot;Instalar desde fuentes desconocidas&quot; en la configuraci\u00f3n de tu dispositivo.<\/p>\n                    <\/div>\n                <\/div>\n            <\/div>\n            \n            <!-- Step 2 -->\n            <div class=\"step\">\n                <div class=\"step-number\">2<\/div>\n                <h2 class=\"step-title\">Inicia sesi\u00f3n en la aplicaci\u00f3n<\/h2>\n                <div class=\"step-content\">\n                    <p>Una vez instalado, abre Nova. <a href=\"https:\/\/novaiptv.to\/esp\/android-tv-2025\/\">Aplicaci\u00f3n IPTV<\/a> en tu dispositivo.<\/p>\n                    <ul>\n                        <li>Introduce tu <span class=\"highlight\">nombre de usuario<\/span> y <span class=\"highlight\">contrase\u00f1a<\/span>.<\/li>\n                        <li>Hacer clic <span class=\"highlight\">Acceso<\/span> para acceder a su cuenta.<\/li>\n                    <\/ul>\n                    \n                    <div class=\"illustration\">\n                        <svg width=\"600\" height=\"250\" viewbox=\"0 0 600 250\" xmlns=\"http:\/\/www.w3.org\/2000\/svg\">\n                            <rect width=\"600\" height=\"250\" fill=\"#1E293B\" rx=\"10\" \/>\n                            \n                            <!-- TV\/Phone Screen -->\n                            <rect x=\"150\" y=\"25\" width=\"300\" height=\"200\" rx=\"5\" fill=\"#2D3748\" \/>\n                            <rect x=\"160\" y=\"35\" width=\"280\" height=\"180\" rx=\"2\" fill=\"#1A1A2E\" \/>\n                            \n                            <!-- Login Form -->\n                            <rect x=\"200\" y=\"60\" width=\"200\" height=\"130\" rx=\"5\" fill=\"#2D3748\" \/>\n                            \n                            <!-- <a href=\"https:\/\/novaiptv.to\/buy-iptv-subscription-usa-2025\/\">Nova IPTV<\/a> Logo -->\n                            <circle cx=\"300\" cy=\"85\" r=\"15\" fill=\"#00b0ff\" \/>\n                            <text x=\"265\" y=\"90\" font-family=\"Arial\" font-size=\"12\" fill=\"white\">Nova IPTV<\/text>\n                            \n                            <!-- Username Field -->\n                            <rect x=\"220\" y=\"110\" width=\"160\" height=\"25\" rx=\"5\" fill=\"#1A1A2E\" \/>\n                            <text x=\"230\" y=\"127\" font-family=\"Arial\" font-size=\"10\" fill=\"#A0AEC0\">Nombre de usuario<\/text>\n                            \n                            <!-- Password Field -->\n                            <rect x=\"220\" y=\"145\" width=\"160\" height=\"25\" rx=\"5\" fill=\"#1A1A2E\" \/>\n                            <text x=\"230\" y=\"162\" font-family=\"Arial\" font-size=\"10\" fill=\"#A0AEC0\">Contrase\u00f1a<\/text>\n                            \n                            <!-- Login Button -->\n                            <rect x=\"270\" y=\"180\" width=\"60\" height=\"25\" rx=\"12.5\" fill=\"#00b0ff\" \/>\n                            <text x=\"285\" y=\"197\" font-family=\"Arial\" font-size=\"12\" fill=\"white\">Acceso<\/text>\n                        <\/svg>\n                    <\/div>\n                    \n                    <div class=\"note\">\n                        <p class=\"note-title\">Nota<\/p>\n                        <p>Tus credenciales de inicio de sesi\u00f3n se te proporcionan al comprar tu Nova. <a class=\"wpil_keyword_link\" href=\"https:\/\/novaiptv.to\/esp\/blog\/comparacion-de-costes-entre-iptv-y-cable-en-2025\/\" title=\"suscripci\u00f3n a IPTV\" data-wpil-keyword-link=\"linked\">suscripci\u00f3n a IPTV<\/a>. Si ha olvidado sus datos de acceso, p\u00f3ngase en contacto con nosotros. <a href=\"https:\/\/novaiptv.to\/esp\/comprar-suscripcion-iptv-en-ee-uu-2025\/\">Nova IPTV<\/a> Soporte al cliente.<\/p>\n                    <\/div>\n                <\/div>\n            <\/div>\n            \n            <!-- Step 3 -->\n            <div class=\"step\">\n                <div class=\"step-number\">3<\/div>\n                <h2 class=\"step-title\">Empieza a ver<\/h2>\n                <div class=\"step-content\">\n                    <p>Tras iniciar sesi\u00f3n, tendr\u00e1s acceso a todo el contenido al que te has suscrito:<\/p>\n                    <ul>\n                        <li>Disfruta de un acceso r\u00e1pido y sencillo a tus favoritos <a href=\"https:\/\/novaiptv.to\/esp\/canales\/\">canales<\/a> \u00a1Y contenido!<\/li>\n                        <li>Aseg\u00farate de que tu <a href=\"https:\/\/novaiptv.to\/esp\/guia-de-suscripcion-a-iptv-2025\/\" title=\"Gu\u00eda de suscripci\u00f3n a IPTV 2025: Los mejores servicios de streaming\" data-wpil-monitor-id=\"32\">La suscripci\u00f3n est\u00e1 activa para un servicio ininterrumpido.<\/a>.<\/li>\n                    <\/ul>\n                    \n                    <div class=\"illustration\">\n                        <svg width=\"600\" height=\"250\" viewbox=\"0 0 600 250\" xmlns=\"http:\/\/www.w3.org\/2000\/svg\">\n                            <rect width=\"600\" height=\"250\" fill=\"#1E293B\" rx=\"10\" \/>\n                            \n                            <!-- TV\/Phone Screen -->\n                            <rect x=\"100\" y=\"25\" width=\"400\" height=\"200\" rx=\"5\" fill=\"#2D3748\" \/>\n                            <rect x=\"110\" y=\"35\" width=\"380\" height=\"180\" rx=\"2\" fill=\"#1A1A2E\" \/>\n                            \n                            <!-- Channel List -->\n                            <rect x=\"120\" y=\"45\" width=\"120\" height=\"160\" rx=\"5\" fill=\"#2D3748\" \/>\n                            <text x=\"140\" y=\"65\" font-family=\"Arial\" font-size=\"12\" fill=\"white\">Canales<\/text>\n                            \n                            <!-- Channel Items -->\n                            <rect x=\"130\" y=\"75\" width=\"100\" height=\"20\" rx=\"3\" fill=\"#3d5afe\" \/>\n                            <text x=\"140\" y=\"89\" font-family=\"Arial\" font-size=\"10\" fill=\"white\">Deportes HD<\/text>\n                            \n                            <rect x=\"130\" y=\"105\" width=\"100\" height=\"20\" rx=\"3\" fill=\"#1A1A2E\" \/>\n                            <text x=\"140\" y=\"119\" font-family=\"Arial\" font-size=\"10\" fill=\"#A0AEC0\">Cine<\/text>\n                            \n                            <rect x=\"130\" y=\"135\" width=\"100\" height=\"20\" rx=\"3\" fill=\"#1A1A2E\" \/>\n                            <text x=\"140\" y=\"149\" font-family=\"Arial\" font-size=\"10\" fill=\"#A0AEC0\">Noticias<\/text>\n                            \n                            <rect x=\"130\" y=\"165\" width=\"100\" height=\"20\" rx=\"3\" fill=\"#1A1A2E\" \/>\n                            <text x=\"140\" y=\"179\" font-family=\"Arial\" font-size=\"10\" fill=\"#A0AEC0\">Entretenimiento<\/text>\n                            \n                            <!-- Video Player Area -->\n                            <rect x=\"250\" y=\"45\" width=\"230\" height=\"160\" rx=\"5\" fill=\"#000\" \/>\n                            \n                            <!-- Video Content (Stylized) -->\n                            <rect x=\"250\" y=\"45\" width=\"230\" height=\"160\" rx=\"5\" fill=\"#000\" \/>\n                            <circle cx=\"365\" cy=\"125\" r=\"35\" fill=\"#00b0ff\" opacity=\"0.7\" \/>\n                            <path d=\"M350,110 L390,125 L350,140 Z\" fill=\"white\" \/>\n                            \n                            <!-- Info Banner -->\n                            <rect x=\"250\" y=\"45\" width=\"230\" height=\"25\" rx=\"5\" fill=\"rgba(0,0,0,0.7)\" \/>\n                            <text x=\"260\" y=\"62\" font-family=\"Arial\" font-size=\"12\" fill=\"white\"><a href=\"https:\/\/novaiptv.to\/esp\/la-mejor-suscripcion-de-iptv-para-ver-deportes-en-directo\/\">Deportes HD - Partido en directo<\/a><\/text>\n                        <\/svg>\n                    <\/div>\n                    \n                    <div class=\"tip\">\n                        <p class=\"tip-title\">Consejo profesional<\/p>\n                        <p>Para disfrutar de la mejor experiencia de visualizaci\u00f3n, utilice una conexi\u00f3n a Internet estable con velocidades de al menos 10 Mbps para contenido HD o 25 Mbps para contenido 4K.<\/p>\n                    <\/div>\n                    \n                    <p>Para obtener m\u00e1s informaci\u00f3n o gestionar su suscripci\u00f3n, visite: <a href=\"https:\/\/novaiptv.to\/esp\">https:\/\/novaiptv.to<\/a><\/p>\n                <\/div>\n            <\/div>\n        <\/div>\n        \n        <div class=\"iptv-footer\">\n            <p>\u00a9 2025 Gu\u00eda de configuraci\u00f3n de Nova IPTV | Para obtener ayuda, visite <a href=\"https:\/\/novaiptv.to\/esp\">Nova IPTV<\/a><\/p>\n        <\/div>\n    <\/div>\n<\/div>\t\t\t\t<\/div>\n\t\t\t\t\t<\/div>\n\t\t\t\t<\/div>\n\t\t\t\t<\/div>","protected":false},"excerpt":{"rendered":"<p>How to Use Nova IPTV on Android App Simple steps to start streaming on your Android device 1 Download the App Install the Nova IPTV app on your Android TV or phone. You can download it directly from: https:\/\/novaiptvreseller.com\/novaiptv.apk Nova&#8230;<\/p>","protected":false},"author":1,"featured_media":0,"parent":0,"menu_order":0,"comment_status":"closed","ping_status":"closed","template":"","meta":{"footnotes":""},"class_list":["post-5717","page","type-page","status-publish","hentry"],"_links":{"self":[{"href":"https:\/\/novaiptv.to\/esp\/wp-json\/wp\/v2\/pages\/5717","targetHints":{"allow":["GET"]}}],"collection":[{"href":"https:\/\/novaiptv.to\/esp\/wp-json\/wp\/v2\/pages"}],"about":[{"href":"https:\/\/novaiptv.to\/esp\/wp-json\/wp\/v2\/types\/page"}],"author":[{"embeddable":true,"href":"https:\/\/novaiptv.to\/esp\/wp-json\/wp\/v2\/users\/1"}],"replies":[{"embeddable":true,"href":"https:\/\/novaiptv.to\/esp\/wp-json\/wp\/v2\/comments?post=5717"}],"version-history":[{"count":0,"href":"https:\/\/novaiptv.to\/esp\/wp-json\/wp\/v2\/pages\/5717\/revisions"}],"wp:attachment":[{"href":"https:\/\/novaiptv.to\/esp\/wp-json\/wp\/v2\/media?parent=5717"}],"curies":[{"name":"wp","href":"https:\/\/api.w.org\/{rel}","templated":true}]}}