{"id":7748,"date":"2025-07-19T11:13:10","date_gmt":"2025-07-19T11:13:10","guid":{"rendered":"https:\/\/novaiptv.org\/?page_id=7748"},"modified":"2025-07-19T11:13:10","modified_gmt":"2025-07-19T11:13:10","slug":"guia-de-iptv","status":"publish","type":"page","link":"https:\/\/novaiptv.to\/esp\/guia-de-iptv\/","title":{"rendered":"7 Surprising Truths About IPTVs &#038; The Best IPTV Services for 2025"},"content":{"rendered":"<div data-elementor-type=\"wp-page\" data-elementor-id=\"7748\" class=\"elementor elementor-7748\" data-elementor-post-type=\"page\">\n\t\t\t\t<div class=\"elementor-element elementor-element-6676031 e-flex e-con-boxed e-con e-parent\" data-id=\"6676031\" data-element_type=\"container\">\n\t\t\t\t\t<div class=\"e-con-inner\">\n\t\t\t\t\t<\/div>\n\t\t\t\t<\/div>\n\t\t<div class=\"elementor-element elementor-element-c58c47b e-flex e-con-boxed e-con e-parent\" data-id=\"c58c47b\" data-element_type=\"container\">\n\t\t\t\t\t<div class=\"e-con-inner\">\n\t\t\t\t<div class=\"elementor-element elementor-element-eac6538 elementor-widget elementor-widget-html\" data-id=\"eac6538\" data-element_type=\"widget\" data-widget_type=\"html.default\">\n\t\t\t\t\t<section class=\"iptv-article-section\">\n  <style>\n    .iptv-article-section{\n      --iptv-max-width: 960px;\n      --iptv-accent:#2563eb;\n      --iptv-bg:#0f1115;\n      --iptv-surface:#161a20;\n      --iptv-border:#2a3039;\n      --iptv-text:#e5e7eb;\n      --iptv-muted:#94a3b8;\n      --iptv-radius:14px;\n      --iptv-gradient:linear-gradient(135deg,#1e293b 0%,#0f172a 60%,#020617 100%);\n      background:var(--iptv-bg);\n      padding: clamp(2rem,4vw,3.5rem) 1.25rem;\n      font-family: \"Inter\", system-ui, -apple-system, BlinkMacSystemFont, \"Segoe UI\", Roboto, \"Helvetica Neue\", Arial, sans-serif;\n      line-height:1.6;\n      color:var(--iptv-text);\n    }\n    .iptv-article-section .iptv-container{\n      max-width:var(--iptv-max-width);\n      margin:0 auto;\n      background:var(--iptv-surface);\n      border:1px solid var(--iptv-border);\n      padding:clamp(1.75rem,2.5vw,2.5rem) clamp(1.5rem,2.5vw,3rem);\n      border-radius:var(--iptv-radius);\n      box-shadow:0 8px 28px -6px rgba(0,0,0,.55),0 0 0 1px rgba(255,255,255,0.02) inset;\n      background-image:\n        radial-gradient(circle at 15% 10%,rgba(59,130,246,.15),transparent 60%),\n        radial-gradient(circle at 85% 85%,rgba(56,189,248,.1),transparent 55%),\n        var(--iptv-gradient);\n      overflow:hidden;\n    }\n    .iptv-article-section img.logo{\n      display:block;\n      max-width:140px;\n      margin:0 0 1.25rem;\n      filter:drop-shadow(0 4px 10px rgba(0,0,0,.4));\n    }\n    .iptv-article-section h1,\n    .iptv-article-section h2,\n    .iptv-article-section h3{\n      font-weight:600;\n      line-height:1.25;\n      letter-spacing:-.02em;\n      scroll-margin-top:90px;\n    }\n    .iptv-article-section h1{\n      font-size:clamp(2.1rem,4.2vw,3.1rem);\n      background:linear-gradient(90deg,#60a5fa,#38bdf8 40%,#818cf8);\n      -webkit-background-clip:text;\n      color:transparent;\n      margin:0 0 1.2rem;\n    }\n    .iptv-article-section h2{\n      font-size:clamp(1.55rem,2.9vw,2.1rem);\n      margin:2.4rem 0 1rem;\n      color:#f1f5f9;\n      position:relative;\n    }\n    .iptv-article-section h2:after{\n      content:\"\";\n      position:absolute;\n      left:0;\n      bottom:-.55rem;\n      width:68px;\n      height:3px;\n      border-radius:3px;\n      background:linear-gradient(90deg,#3b82f6,#0ea5e9);\n      box-shadow:0 0 0 1px rgba(255,255,255,.05);\n    }\n    .iptv-article-section h3{\n      font-size:clamp(1.25rem,2.2vw,1.5rem);\n      margin:2.1rem 0 .85rem;\n      color:#e2e8f0;\n    }\n    .iptv-article-section p{\n      margin:0 0 1.05rem;\n      font-size:1.01rem;\n    }\n    .iptv-article-section p strong{color:#f8fafc;}\n    .iptv-article-section ul{\n      margin:0 0 1.4rem 1.15rem;\n      padding:0;\n      list-style:none;\n    }\n    .iptv-article-section ul li{\n      position:relative;\n      padding:.4rem .75rem .4rem 1.75rem;\n      margin:.25rem 0;\n      background:rgba(255,255,255,.04);\n      border:1px solid rgba(255,255,255,.07);\n      border-radius:10px;\n      font-size:.97rem;\n      line-height:1.45;\n      backdrop-filter:blur(4px);\n    }\n    .iptv-article-section ul li:before{\n      content:\"\";\n      position:absolute;\n      left:.7rem;\n      top:50%;\n      width:.55rem;\n      height:.55rem;\n      background:linear-gradient(135deg,#3b82f6,#0ea5e9);\n      border-radius:50%;\n      transform:translateY(-50%);\n      box-shadow:0 0 0 3px rgba(59,130,246,.15);\n    }\n    .iptv-article-section a{\n      color:#38bdf8;\n      text-decoration:none;\n      font-weight:500;\n      position:relative;\n    }\n    .iptv-article-section a:after{\n      content:\"\";\n      position:absolute;\n      left:0;\n      bottom:-2px;\n      width:100%;\n      height:2px;\n      background:linear-gradient(90deg,#3b82f6,#06b6d4);\n      transform:scaleX(0);\n      transform-origin:left;\n      transition:.35s cubic-bezier(.65,.05,.36,1);\n    }\n    .iptv-article-section a:hover:after{transform:scaleX(1);}\n    .iptv-article-section blockquote{\n      margin:2rem 0;\n      padding:1.25rem 1.5rem 1.25rem 1.25rem;\n      border-left:5px solid #38bdf8;\n      background:rgba(56,189,248,.08);\n      border-radius:0 14px 14px 0;\n      font-style:italic;\n    }\n    .iptv-article-section code{\n      background:#1e293b;\n      color:#f1f5f9;\n      padding:.2em .5em;\n      border-radius:6px;\n      font-size:.85rem;\n      font-family:ui-monospace, SFMono-Regular, Menlo, Monaco, \"Courier New\", monospace;\n    }\n    .iptv-meta{\n      font-size:.8rem;\n      letter-spacing:.06em;\n      text-transform:uppercase;\n      margin-bottom:1.2rem;\n      color:var(--iptv-muted);\n    }\n    .iptv-article-section hr{\n      border:none;\n      height:1px;\n      background:linear-gradient(90deg,transparent,#334155 20%,#334155 80%,transparent);\n      margin:2.75rem 0;\n    }\n    .iptv-article-section .iptv-grid{\n      display:grid;\n      gap:1.25rem;\n    }\n    .iptv-article-section strong{font-weight:600;}\n    @media (min-width:780px){\n      .iptv-article-section ul li{display:block;}\n    }\n  <\/style>\n  <div class=\"iptv-container\">\n\n    <h1>\u00bfQu\u00e9 es la IPTV? Entendiendo el t\u00e9rmino confuso detr\u00e1s de los servicios de IPTV.<\/h1>\n\n    <meta name=\"description\" content=\"\u00bfSientes curiosidad por las IPTV? Descubre el verdadero significado del t\u00e9rmino y explora los mejores servicios de IPTV en 2025. Disfruta de una transmisi\u00f3n m\u00e1s inteligente con NovaIPTV.\">\n\n    <h2>Introducci\u00f3n a la IPTV: un t\u00e9rmino malentendido<\/h2>\n    <p>Si te has encontrado buscando &quot;IPTV&quot;, no est\u00e1s solo. Mucha gente se topa con este t\u00e9rmino al buscar maneras de mejorar su experiencia de streaming. Pero, \u00bfqu\u00e9 es exactamente? <strong>son IPTV<\/strong>, \u00bfY es ese siquiera el nombre correcto para lo que buscas?<\/p>\n    <p>Aclaremos la confusi\u00f3n:<\/p>\n    <ul>\n      <li>El t\u00e9rmino correcto es <strong>IPTV<\/strong>, que significa <em>Televisi\u00f3n por protocolo de Internet<\/em>.<\/li>\n      <li>\u201cEl uso del plural \u201dIPTV\u201d es una confusi\u00f3n com\u00fan, frecuente en foros y mercados. Generalmente significa que la gente busca <strong><a href=\"https:\/\/novaiptv.to\/esp\/estrategias-de-odisea-de-iptv\/\">Servicios de IPTV<\/strong>, <strong>proveedores de IPTV<\/strong>, o incluso dispositivos espec\u00edficos que permiten la transmisi\u00f3n de IPTV<\/a>.<\/li>\n      <li>El plural \u201cIPTVs\u201d no hace referencia a un tipo de producto. En cambio, se refiere m\u00e1s bien a <a href=\"https:\/\/novaiptv.to\/esp\/precios-de-nova-iptv\/\">suscripciones a IPTV<\/a>, plataformas de streaming o, en ocasiones, los dispositivos que admiten IPTV.<\/li>\n    <\/ul>\n    <p>Si contin\u00faas leyendo, no solo comprender\u00e1s el verdadero significado de \u201cIPTV\u201d, sino que tambi\u00e9n descubrir\u00e1s c\u00f3mo NovaIPTV puede hacer que tu experiencia de streaming sea mucho mejor que la televisi\u00f3n tradicional.<\/p>\n\n    <h2>\u00bfQu\u00e9 es la IPTV?<\/h2>\n    <p>Para comprender realmente qu\u00e9 entiende la gente por \u201cIPTV\u201d, primero vamos a analizar qu\u00e9 es <a href=\"https:\/\/en.wikipedia.org\/wiki\/Internet_Protocol_television\" target=\"_blank\" rel=\"noopener\"> IPTV <\/a> de eso se trata.<\/p>\n\n    <h3>C\u00f3mo funciona la IPTV<\/h3>\n    <p>En lugar de las se\u00f1ales convencionales de cable o sat\u00e9lite, <strong>IPTV (Televisi\u00f3n por Protocolo de Internet)<\/strong> Ofrece televisi\u00f3n en directo <a href=\"https:\/\/novaiptv.to\/esp\/canales\/\">canales<\/a> y contenido a la carta a trav\u00e9s de internet. Imag\u00ednalo como Netflix o YouTube, pero para todas tus necesidades de televisi\u00f3n en directo.<\/p>\n    <p>As\u00ed es como funciona:<\/p>\n    <ul>\n      <li>Un <a href=\"https:\/\/novaiptv.to\/esp\/5-reasons-nova-iptv-is-the-top-streaming-service-now\/\" title=\"\u00a15 razones por las que Nova IPTV es el mejor servicio de streaming del momento!\" data-wpil-monitor-id=\"189\">El proveedor de IPTV aloja canales de televisi\u00f3n y transmisiones.<\/a> en servidores seguros.<\/li>\n      <li>Cuando t\u00fa <a href=\"https:\/\/novaiptv.to\/esp\/comprar-suscripcion-iptv-en-ee-uu-2025\/\">Compra una suscripci\u00f3n a IPTV<\/a>, recibir\u00e1s las credenciales de inicio de sesi\u00f3n o un enlace a la lista de reproducci\u00f3n.<\/li>\n      <li>Simplemente usa un <a href=\"https:\/\/novaiptv.to\/esp\/el-mejor-reproductor-iptv-para-fire-stick\/\">Aplicaci\u00f3n IPTV<\/a> (en tu Smart TV, Firestick o tel\u00e9fono) para acceder a miles de canales y programas en directo a trav\u00e9s de tu conexi\u00f3n a Internet.<\/li>\n    <\/ul>\n    <p>Imagina cambiar tu vieja antena de televisi\u00f3n por una conexi\u00f3n Wi-Fi de alta velocidad: sin cables, decodificadores ni l\u00edmites geogr\u00e1ficos.<\/p>\n\n    <h3>Ventajas sobre el cable\/sat\u00e9lite tradicional<\/h3>\n    <p>La gente est\u00e1 pasando del cable a <a href=\"https:\/\/novaiptv.to\/esp\/guia-de-xtream-iptv-canada-2025\/\">Servicios de IPTV<\/a> Por muy buenas razones:<\/p>\n    <ul>\n      <li><strong>Mayor variedad de opciones<\/strong>Acceso a miles de canales globales y contenido a la carta.<\/li>\n      <li><strong>Para llevar<\/strong>: Usar <a href=\"https:\/\/novaiptv.to\/esp\/iptv\/canada\/\" title=\"IPTV Canad\u00e1 2025: La gu\u00eda definitiva de Nova IPTV (planes, dispositivos y prueba gratuita)\" data-wpil-monitor-id=\"152\">IPTV en pr\u00e1cticamente cualquier dispositivo<\/a>, en cualquier lugar con conexi\u00f3n a internet.<\/li>\n      <li><strong>Flexibilidad<\/strong>: Elija entre planes a corto o largo plazo, no contratos anuales r\u00edgidos.<\/li>\n      <li><strong>Ahorro de costes<\/strong>: <a href=\"https:\/\/novaiptv.to\/esp\/mejor-suscripcion-de-iptv-2025\/\">suscripciones a IPTV<\/a> Suelen ser mucho m\u00e1s baratos que los paquetes tradicionales de cable o sat\u00e9lite.<\/li>\n      <li><strong>Funciones avanzadas<\/strong>Disfruta de calidad HD\/4K, gu\u00edas electr\u00f3nicas de programaci\u00f3n (EPG) e incluso funciones de reproducci\u00f3n\/repetici\u00f3n.<\/li>\n    <\/ul>\n\n    <h3>\u00bfQu\u00e9 necesitas para usar IPTV?<\/h3>\n    <p>Empezar a usar IPTV es m\u00e1s sencillo de lo que crees. Esto es lo que necesitas:<\/p>\n    <ul>\n      <li><strong>Un proveedor de IPTV confiable<\/strong> (como NovaIPTV)<\/li>\n      <li><strong>Una conexi\u00f3n a internet estable de alta velocidad<\/strong> (Se recomienda una velocidad m\u00ednima de 10 Mbps)<\/li>\n      <li><strong>Un dispositivo compatible<\/strong> \u2013 Televisor inteligente, <a href=\"https:\/\/novaiptv.to\/esp\/instalar-protonvpn-en-tu-fire-stick-2025\/\">Fire TV Stick<\/a>, caja MAG, tel\u00e9fono Android, tableta, dispositivo iOS o PC.<\/li>\n      <li><strong>Un <\/strong><a href=\"https:\/\/novaiptv.to\/esp\/iptv-smarters-lg-smart-tv-2025\/\">Aplicaci\u00f3n IPTV: las opciones incluyen Smart IPTV e IPTV Smarters.<\/a>, TiviMate u otros.<\/li>\n    <\/ul>\n    <p>\u00bfQuieres saber qu\u00e9 dispositivo es el mejor? Consulta nuestra gu\u00eda. <a href=\"\/esp\/smart-tv-2025\/\">Gu\u00eda de Smart TV 2025<\/a>.<\/p>\n\n    <h2>\u00bfPor qu\u00e9 la gente busca \u201cIPTV\u201d?<\/h2>\n    <p>Quiz\u00e1s te preguntes por qu\u00e9 tanta gente busca \u201ciptvs\u201d en lugar de \u201cIPTV\u201d. Aqu\u00ed tienes la respuesta:<\/p>\n    <ul>\n      <li><strong>Errores tipogr\u00e1ficos comunes y autocompletar<\/strong>Los motores de b\u00fasqueda a menudo autocompletan las consultas con \u201ciptvs\u201d porque es lo que muchos usuarios escriben por error o por costumbre.<\/li>\n      <li><strong>Referencias gen\u00e9ricas<\/strong>En los mercados y foros en l\u00ednea, la gente se refiere a <a href=\"https:\/\/novaiptv.to\/esp\/\">Servicios de IPTV<\/a> colectivamente como \u201cIPTV\u201d.\u201d<\/li>\n      <li><strong>Patrones de b\u00fasqueda en tendencia<\/strong>A medida que m\u00e1s usuarios experimentan con la transmisi\u00f3n en casa, surgen t\u00e9rminos como &quot;mejor&quot;. <a href=\"https:\/\/novaiptv.to\/esp\/comprar-suscripcion-iptv-en-ee-uu-2025\/\">IPTV<\/a> En las b\u00fasquedas anal\u00edticas se observan tendencias como \u201dpara Firestick\u201c, \u201diptv baratas\u201c o \u201diptv que funcionen en 2025\u201d.<\/li>\n    <\/ul>\n    <p>Si est\u00e1s aqu\u00ed, sin duda est\u00e1s buscando lo \u00faltimo y <a class=\"wpil_keyword_link\" href=\"https:\/\/novaiptv.to\/esp\/\" title=\"La mejor IPTV\" data-wpil-keyword-link=\"linked\">La mejor IPTV<\/a> servicios, independientemente de la ortograf\u00eda.<\/p>\n\n    <h2>IPTV frente a suscripciones a IPTV: \u00bfCu\u00e1l es la verdadera diferencia?<\/h2>\n    <p>Aclaremos algo: \u201cIPTV\u201d no se refiere a dispositivos ni a un nivel de servicio diferente; se trata simplemente de <a href=\"https:\/\/novaiptv.to\/esp\/suscripcion-iptv-premium-de-nova-iptv-uk\/\">suscripciones a IPTV<\/a> y proveedores.<\/p>\n    <p><a href=\"https:\/\/novaiptv.to\/esp\/iptv-free-trial-canada-2025\/\"><\/a><a href=\"https:\/\/novaiptv.to\/esp\/iptv-free-trial-canada-2025\/\"><\/a><strong>Esto es lo que importa a la hora de buscar servicios de IPTV fiables:<\/strong><\/p>\n    <ul>\n      <li><strong>Amplia selecci\u00f3n de canales:<\/strong> Internacional, local, deportes, entretenimiento, pago por visi\u00f3n, infantil, pel\u00edculas.<\/li>\n      <li><strong>Transmisiones de alta calidad:<\/strong> Ofrece opciones HD o 4K, con un m\u00ednimo de almacenamiento en b\u00fafer.<\/li>\n      <li><strong>F\u00e1cil instalaci\u00f3n:<\/strong> Una simple lista de reproducci\u00f3n o URL de portal funciona en la mayor\u00eda de los dispositivos.<\/li>\n      <li><strong>Soporte 24\/7:<\/strong> Asistencia por chat o correo electr\u00f3nico para que puedas seguir transmitiendo sin problemas.<\/li>\n    <\/ul>\n\n    <h3>Ofertas de NovaIPTV<\/h3>\n    <p>NovaIPTV es reconocida por:<\/p>\n    <ul>\n      <li><strong>Transmisiones estables y de alta calidad<\/strong> de m\u00e1s de 20.000 canales.<\/li>\n      <li><strong>Servidores ultrarr\u00e1pidos<\/strong> para una transmisi\u00f3n fluida, incluso durante los eventos deportivos m\u00e1s importantes.<\/li>\n      <li><strong>Planes flexibles<\/strong> Para todos los presupuestos. Explora ahora en nuestra p\u00e1gina web. <a href=\"\/esp\/plans\/\">P\u00e1gina de planos<\/a>.<\/li>\n      <li><strong>F\u00e1cil de usar <\/strong><a href=\"https:\/\/novaiptv.to\/esp\/configuracion-de-iptv-smarters-pro-2025\/\" title=\"Configuraci\u00f3n de IPTV Smarters Pro para NovaIPTV: instalaci\u00f3n, EPG y consejos\" data-wpil-monitor-id=\"10\">Soporte de instalaci\u00f3n \u2014 desde la configuraci\u00f3n<\/a> Gu\u00edas para la asistencia por chat en vivo.<\/li>\n    <\/ul>\n    <p>\u00bfBuscando \u201ciptvs\u201d? Has llegado a uno de los proveedores de IPTV m\u00e1s fiables de 2025.<\/p>\n\n    <h2>C\u00f3mo elegir el mejor servicio de IPTV en 2025<\/h2>\n    <p>Con tantas opciones disponibles, \u00bfc\u00f3mo saber cu\u00e1l elegir? <a class=\"wpil_keyword_link\" href=\"https:\/\/novaiptv.to\/esp\/\" title=\"suscripci\u00f3n a IPTV\" data-wpil-keyword-link=\"linked\">suscripci\u00f3n a IPTV<\/a> \u00bfEs adecuado para ti? Ten en cuenta estos factores:<\/p>\n    <ul>\n      <li><strong>Estabilidad y tiempo de actividad:<\/strong> La consistencia del servicio es fundamental; no querr\u00e1s interrupciones durante el partido m\u00e1s importante.<\/li>\n      <li><strong>Gu\u00eda electr\u00f3nica de programas (EPG):<\/strong> Una gu\u00eda de televisi\u00f3n integrada facilita el cambio de canales.<\/li>\n      <li><strong>Amplia biblioteca de contenido:<\/strong> M\u00e1s canales, m\u00e1s opciones: busque cobertura global.<\/li>\n      <li><strong>Soporte al cliente:<\/strong> Ayuda r\u00e1pida cuando la necesites.<\/li>\n      <li><strong>Transmisiones en HD y 4K:<\/strong> Para obtener la imagen m\u00e1s n\u00edtida, exija opciones de alta calidad.<\/li>\n      <li><strong>Compatibilidad:<\/strong> Aseg\u00farese de que el proveedor funcione con sus dispositivos: Firestick, Smart TV, Android, etc.<\/li>\n    <\/ul>\n\n    <h3>\u00bfPor qu\u00e9 elegir NovaIPTV?<\/h3>\n    <ul>\n      <li><strong>Tiempo de actividad s\u00f3lido como una roca<\/strong> y una fiabilidad l\u00edder en el sector.<\/li>\n      <li><strong>Gu\u00eda electr\u00f3nica de programas completa y funciones de televisi\u00f3n a la carta<\/strong> \u2014 para que nunca te pierdas tu programa favorito.<\/li>\n      <li><strong>Transmisi\u00f3n en todas las plataformas principales<\/strong> - incluido <a href=\"\/esp\/smart-tv-2025\/\">Televisores inteligentes<\/a>, <a href=\"\/esp\/smart-tv-2025\/\">Firestick<\/a>, <a href=\"\/esp\/ios-de-apple-2025\/\">Android\/iOS<\/a>.<\/li>\n      <li><strong>Precios transparentes y asequibles<\/strong> \u2014 sin cargos ocultos.<\/li>\n      <li><strong>Prueba sin riesgo<\/strong> para que puedas ver la diferencia t\u00fa mismo.<\/li>\n    <\/ul>\n    <p>Descubre nuestras \u00faltimas novedades <a href=\"\/esp\/plans\/\">planes y ofertas<\/a> ahora.<\/p>\n\n    <h2>\u00bfEs seguro y legal el uso de IPTV?<\/h2>\n    <p>\u201c&quot;Es <a href=\"https:\/\/novaiptv.to\/esp\/es-legal-la-iptv-en-canada\/\">IPTV<\/a> \u00bfEs legal?\u201d es la siguiente gran pregunta despu\u00e9s de encontrar el proveedor de IPTV adecuado.<\/p>\n    <ul>\n      <li><strong>La legalidad depende del servicio.<\/strong>No todos <a href=\"https:\/\/novaiptv.to\/esp\/the-best-iptv-reddit-services-in-canada-for-2025\/\">Servicios de IPTV<\/a> son leg\u00edtimos. Aseg\u00farese de elegir un proveedor de IPTV con buenas rese\u00f1as y que cumpla con la normativa.<\/li>\n      <li><strong>privacidad personal<\/strong>La transmisi\u00f3n de contenido, especialmente de fuentes internacionales, puede plantear restricciones de privacidad o geogr\u00e1ficas.<\/li>\n    <\/ul>\n\n    <h3>Prot\u00e9gete con una VPN<\/h3>\n    <p>Una VPN (Red Privada Virtual) encripta tu actividad y te ayuda a evitar bloqueos regionales o la limitaci\u00f3n de velocidad de tu proveedor de internet. Mantente seguro siguiendo nuestras recomendaciones. <a href=\"\/esp\/vpn-setup\/\">Gu\u00eda de configuraci\u00f3n de VPN<\/a>.<\/p>\n    <p><strong>Consejo profesional:<\/strong> Combina siempre tu <a class=\"wpil_keyword_link\" href=\"https:\/\/novaiptv.to\/esp\/blog\/comparacion-de-costes-entre-iptv-y-cable-en-2025\/\" title=\"suscripci\u00f3n a IPTV\" data-wpil-keyword-link=\"linked\">suscripci\u00f3n a IPTV<\/a> Con una VPN s\u00f3lida para mayor seguridad y tranquilidad.<\/p>\n\n    <h2>Dispositivos compatibles con IPTV<\/h2>\n    <p>\u00bfTe preguntas si puedes usar tus servicios de IPTV con tu configuraci\u00f3n actual? Los servicios de IPTV actuales son ultra flexibles.<\/p>\n\n    <h3>Dispositivos compatibles:<\/h3>\n    <ul>\n      <li><strong>Televisores inteligentes<\/strong> (LG, Samsung, Sony y m\u00e1s)<\/li>\n      <li><strong>Amazon Firestick<\/strong> y Fire TV<\/li>\n      <li><strong>Tel\u00e9fonos y tabletas Android<\/strong><\/li>\n      <li><strong>iPhone, iPad, Apple TV<\/strong><\/li>\n      <li><strong>Cajas MAG, Enigma2<\/strong><\/li>\n      <li><strong>PCs con Windows y Mac<\/strong><\/li>\n    <\/ul>\n    <p>Para obtener detalles sobre la mejor configuraci\u00f3n del dispositivo, consulte nuestras gu\u00edas para <a href=\"\/esp\/smart-tv-2025\/\">Televisores inteligentes<\/a> y <a href=\"\/esp\/ios-de-apple-2025\/\">Dispositivos Apple<\/a>.<\/p>\n\n    <h2>Consideraciones finales: Puede que IPTV no sea el t\u00e9rmino m\u00e1s adecuado, pero est\u00e1s en el lugar correcto.<\/h2>\n    <p>Aunque \u201cIPTV\u201d no sea t\u00e9cnicamente correcto, tu b\u00fasqueda te ha tra\u00eddo al lugar indicado. Ya sea que est\u00e9s explorando IPTV para Firestick, buscando una nueva experiencia de streaming o quieras comparar opciones. <a href=\"https:\/\/novaiptv.to\/esp\/los-mejores-servicios-de-iptv-del-reino-unido-en-2025\/\">Servicios IPTV de primera categor\u00eda<\/a> en 2025, <strong>NovaIPTV<\/strong> es su socio de confianza en el mundo de la IPTV.<\/p>\n    <p><strong>\u00bfListo para llevar tu streaming al siguiente nivel?<\/strong><\/p>\n    <ul>\n      <li>Explora nuestra flexibilidad <a href=\"\/esp\/plans\/\">planes de IPTV<\/a>.<\/li>\n      <li>Lee lo \u00fatil <a href=\"https:\/\/novaiptv.to\/esp\/iptv\/usa\/\" title=\"IPTV USA 2025 \u2013 La gu\u00eda definitiva de Nova IPTV (Mejores planes, dispositivos y configuraci\u00f3n)\" data-wpil-monitor-id=\"118\">Gu\u00edas de configuraci\u00f3n para su dispositivo<\/a>.<\/li>\n      <li>Disfruta de IPTV sin riesgos con garant\u00eda de devoluci\u00f3n de dinero.<\/li>\n    <\/ul>\n    <p>Deja de buscar &quot;IPTV&quot; y empieza a disfrutar de una transmisi\u00f3n m\u00e1s inteligente con NovaIPTV. El futuro de la televisi\u00f3n ya est\u00e1 aqu\u00ed: \u00a1consigue la tuya! <a href=\"\/esp\/plans\/\">suscripci\u00f3n a IPTV<\/a> \u00a1hoy!<\/p>\n\n    <p><strong>Enlaces internos en este art\u00edculo:<\/strong><\/p>\n    <ul>\n      <li><a href=\"\/esp\/plans\/\">Planes<\/a><\/li>\n      <li><a href=\"\/esp\/vpn-setup\/\">Configuraci\u00f3n de VPN<\/a><\/li>\n      <li><a href=\"\/esp\/smart-tv-2025\/\">Gu\u00eda de Smart TV 2025<\/a><\/li>\n      <li><a href=\"\/esp\/ios-de-apple-2025\/\">Gu\u00eda de iOS \/ Apple 2025<\/a><\/li>\n    <\/ul>\n  <\/div>\n<\/section>\t\t\t\t<\/div>\n\t\t\t\t\t<\/div>\n\t\t\t\t<\/div>\n\t\t\t\t<\/div>","protected":false},"excerpt":{"rendered":"<p>What Are IPTVs? Understanding the Confusing Term Behind IPTV Services Introduction to IPTVs \u2013 A Misunderstood Term If you\u2019ve found yourself searching for \u201cIPTVs,\u201d you\u2019re not alone. Many people stumble across this term when looking for ways to upgrade their&#8230;<\/p>","protected":false},"author":1,"featured_media":7752,"parent":0,"menu_order":0,"comment_status":"closed","ping_status":"closed","template":"","meta":{"footnotes":""},"class_list":["post-7748","page","type-page","status-publish","has-post-thumbnail","hentry"],"_links":{"self":[{"href":"https:\/\/novaiptv.to\/esp\/wp-json\/wp\/v2\/pages\/7748","targetHints":{"allow":["GET"]}}],"collection":[{"href":"https:\/\/novaiptv.to\/esp\/wp-json\/wp\/v2\/pages"}],"about":[{"href":"https:\/\/novaiptv.to\/esp\/wp-json\/wp\/v2\/types\/page"}],"author":[{"embeddable":true,"href":"https:\/\/novaiptv.to\/esp\/wp-json\/wp\/v2\/users\/1"}],"replies":[{"embeddable":true,"href":"https:\/\/novaiptv.to\/esp\/wp-json\/wp\/v2\/comments?post=7748"}],"version-history":[{"count":0,"href":"https:\/\/novaiptv.to\/esp\/wp-json\/wp\/v2\/pages\/7748\/revisions"}],"wp:featuredmedia":[{"embeddable":true,"href":"https:\/\/novaiptv.to\/esp\/wp-json\/wp\/v2\/media\/7752"}],"wp:attachment":[{"href":"https:\/\/novaiptv.to\/esp\/wp-json\/wp\/v2\/media?parent=7748"}],"curies":[{"name":"wp","href":"https:\/\/api.w.org\/{rel}","templated":true}]}}