{"id":4079,"date":"2024-02-01T16:01:25","date_gmt":"2024-02-01T16:01:25","guid":{"rendered":"https:\/\/novaiptv.org\/?page_id=4079"},"modified":"2024-02-01T16:01:25","modified_gmt":"2024-02-01T16:01:25","slug":"terminid","status":"publish","type":"page","link":"https:\/\/novaiptv.to\/et\/terminid\/","title":{"rendered":"Terms NOVA IPTV"},"content":{"rendered":"<div data-elementor-type=\"wp-page\" data-elementor-id=\"4079\" class=\"elementor elementor-4079\" data-elementor-post-type=\"page\">\n\t\t\t\t<div class=\"elementor-element elementor-element-604deb6 e-flex e-con-boxed e-con e-parent\" data-id=\"604deb6\" data-element_type=\"container\" data-e-type=\"container\">\n\t\t\t\t\t<div class=\"e-con-inner\">\n\t\t\t\t\t<\/div>\n\t\t\t\t<\/div>\n\t\t<div class=\"elementor-element elementor-element-a2ddb5b e-flex e-con-boxed e-con e-parent\" data-id=\"a2ddb5b\" data-element_type=\"container\" data-e-type=\"container\">\n\t\t\t\t\t<div class=\"e-con-inner\">\n\t\t<div class=\"elementor-element elementor-element-de488ed e-con-full e-flex e-con e-child\" data-id=\"de488ed\" data-element_type=\"container\" data-e-type=\"container\">\n\t\t\t\t<\/div>\n\t\t<div class=\"elementor-element elementor-element-e99c8ad e-con-full e-flex e-con e-child\" data-id=\"e99c8ad\" data-element_type=\"container\" data-e-type=\"container\">\n\t\t\t\t<div class=\"elementor-element elementor-element-380cf04 elementor-widget elementor-widget-text-editor\" data-id=\"380cf04\" data-element_type=\"widget\" data-e-type=\"widget\" data-widget_type=\"text-editor.default\">\n\t\t\t\t\t\t\t\t\t<h3 style=\"text-align: center;\"><span style=\"color: #333333;\"><strong><p><\/p>\n<\/strong><p><strong><br><\/strong><\/p><p><strong>**IPTV tasuta prooviperioodi tingimused**<\/strong><\/p><\/span><\/h3>\n<p><\/p>\n<h5 style=\"text-align: left;\"><span style=\"color: #333333;\">1. **Tasuta prooviperiood**: Meie IPTV teenus pakub kohustusteta tasuta prooviperioodi, et kasutajad saaksid enne tellimuse esitamist meie teenuse funktsioone ja kvaliteeti kogeda.<\/span><\/h5>\n<h5>&nbsp;<\/h5>\n<h5 style=\"text-align: left;\"><span style=\"color: #333333;\">2. **Kestus**: Tasuta prooviperiood kestab 2 tundi, mille jooksul on kasutajatel juurdep\u00e4\u00e4s meie k\u00f5igile kanalitele ja funktsioonidele.<\/span><\/h5>\n<h5>&nbsp;<\/h5>\n<h5 style=\"text-align: left;\"><span style=\"color: #333333;\">3. **Registreerimine**: Tasuta prooviperioodiks ei ole vaja registreerida ega krediitkaardi andmeid sisestada. Prooviperioodi alustamiseks laadige lihtsalt alla meie rakendus v\u00f5i avage meie teenus meie veebisaidi kaudu.<\/span><\/h5>\n<h5>&nbsp;<\/h5>\n<h5 style=\"text-align: left;\"><span style=\"color: #333333;\">4. **Kasutamine**: Tasuta prooviperioodi jooksul julgustatakse kasutajaid uurima meie IPTV teenuse funktsioone ja sisu. Siiski eeldatakse, et kasutajad j\u00e4rgivad alati meie teenusetingimusi ja vastuv\u00f5etava kasutamise poliitikat.<\/span><\/h5>\n<h5>&nbsp;<\/h5>\n<h5 style=\"text-align: left;\"><span style=\"color: #333333;\">5. **Tellimuskohustuseta**: Tasuta prooviperiood on meie tellimusteenusest eraldiseisev ega n\u00f5ua kasutajatelt mingil ajal tellimusele p\u00fchendumist.<\/span><\/h5>\n<h5>&nbsp;<\/h5>\n<h5 style=\"text-align: left;\"><span style=\"color: #333333;\">6. **Tagasimakseid ei tehta**: Kuna tasuta prooviperiood on loodud selleks, et kasutajad saaksid teenust enne ostu sooritamist hinnata, ei paku me p\u00e4rast prooviperioodi l\u00f5ppu ostetud tellimuste eest tagasimakseid.<\/span><\/h5>\n<h5>&nbsp;<\/h5>\n<h5 style=\"text-align: left;\"><span style=\"color: #333333;\">7. **T\u00fchistamine**: Kasutajad v\u00f5ivad tasuta prooviperioodi kasutamise igal ajal prooviperioodi jooksul l\u00f5petada. Lihtsalt l\u00f5petage meie teenuse kasutamine ja edasisi toiminguid pole vaja teha.<\/span><\/h5>\n<h5>&nbsp;<\/h5>\n<h5 style=\"text-align: left;\"><span style=\"color: #333333;\">8. **Teenuse j\u00e4tkamine**: Tasuta prooviperioodi l\u00f5pus on kasutajatel v\u00f5imalus osta tellimus, et j\u00e4tkata meie IPTV teenuse kasutamist. Kui tellimust ei osteta, l\u00f5petatakse juurdep\u00e4\u00e4s teenusele.<\/span><\/h5>\n<h5>&nbsp;<\/h5>\n<h5 style=\"text-align: left;\"><span style=\"color: #333333;\">9. **Tingimuste muudatused**: J\u00e4tame endale \u00f5iguse tasuta prooviperioodi pakkumist igal ajal ette teatamata muuta v\u00f5i l\u00f5petada. K\u00f5ikidest nende tingimuste muudatustest teavitatakse kasutajaid meie veebisaidi kaudu.<\/span><\/h5>\n<h5>&nbsp;<\/h5>\n<h5 style=\"text-align: left;\"><span style=\"color: #333333;\">10. **N\u00f5ustumine**: Tasuta prooviperioodile juurdep\u00e4\u00e4suga n\u00f5ustuvad kasutajad j\u00e4rgima neid tingimusi. Nende tingimuste mittet\u00e4itmine v\u00f5ib kaasa tuua tasuta prooviperioodi l\u00f5petamise ja\/v\u00f5i meie IPTV-teenusele juurdep\u00e4\u00e4su peatamise.<\/span><\/h5>\n<h5>&nbsp;<\/h5>\n<h5 style=\"text-align: left;\"><span style=\"color: #333333;\">11. **V\u00f5tke meiega \u00fchendust**: Kui teil on tasuta prooviperioodi pakkumise v\u00f5i meie IPTV teenuse kohta k\u00fcsimusi v\u00f5i muresid, v\u00f5tke abi saamiseks \u00fchendust meie klienditoe meeskonnaga.<\/span><\/h5>\n<h5>&nbsp;<\/h5>\n<h5 style=\"text-align: left;\"><span style=\"color: #333333;\">Tasuta prooviperioodile juurdep\u00e4\u00e4suga kinnitavad kasutajad, et on \u00fclaltoodud tingimused l\u00e4bi lugenud, neist aru saanud ja nendega n\u00f5ustunud.<\/span><\/h5><div><br><br><\/div>\t\t\t\t\t\t\t\t<\/div>\n\t\t\t\t<\/div>\n\t\t<div class=\"elementor-element elementor-element-165aced e-con-full e-flex e-con e-child\" data-id=\"165aced\" data-element_type=\"container\" data-e-type=\"container\">\n\t\t\t\t<\/div>\n\t\t\t\t\t<\/div>\n\t\t\t\t<\/div>\n\t\t\t\t<\/div>","protected":false},"excerpt":{"rendered":"<p>**Terms and Conditions for IPTV Free Trial** 1. **Free Trial Offer**: Our IPTV service offers a no-obligation free trial period to allow users to experience the features and quality of our service before deciding to subscribe. &nbsp; 2. **Duration**: The&#8230;<\/p>","protected":false},"author":1,"featured_media":0,"parent":0,"menu_order":0,"comment_status":"closed","ping_status":"closed","template":"","meta":{"footnotes":""},"class_list":["post-4079","page","type-page","status-publish","hentry"],"_links":{"self":[{"href":"https:\/\/novaiptv.to\/et\/wp-json\/wp\/v2\/pages\/4079","targetHints":{"allow":["GET"]}}],"collection":[{"href":"https:\/\/novaiptv.to\/et\/wp-json\/wp\/v2\/pages"}],"about":[{"href":"https:\/\/novaiptv.to\/et\/wp-json\/wp\/v2\/types\/page"}],"author":[{"embeddable":true,"href":"https:\/\/novaiptv.to\/et\/wp-json\/wp\/v2\/users\/1"}],"replies":[{"embeddable":true,"href":"https:\/\/novaiptv.to\/et\/wp-json\/wp\/v2\/comments?post=4079"}],"version-history":[{"count":0,"href":"https:\/\/novaiptv.to\/et\/wp-json\/wp\/v2\/pages\/4079\/revisions"}],"wp:attachment":[{"href":"https:\/\/novaiptv.to\/et\/wp-json\/wp\/v2\/media?parent=4079"}],"curies":[{"name":"wp","href":"https:\/\/api.w.org\/{rel}","templated":true}]}}