{"id":4300,"date":"2024-05-05T10:23:33","date_gmt":"2024-05-05T10:23:33","guid":{"rendered":"https:\/\/novaiptv.org\/?page_id=4300"},"modified":"2025-12-09T10:24:50","modified_gmt":"2025-12-09T10:24:50","slug":"iptv-nutikamad-pro-2025","status":"publish","type":"page","link":"https:\/\/novaiptv.to\/et\/iptv-nutikamad-pro-2025\/","title":{"rendered":"IPTV Smarters Pro"},"content":{"rendered":"<div data-elementor-type=\"wp-page\" data-elementor-id=\"4300\" class=\"elementor elementor-4300\" data-elementor-post-type=\"page\">\n\t\t\t\t<div class=\"elementor-element elementor-element-86bbb2b e-flex e-con-boxed e-con e-parent\" data-id=\"86bbb2b\" data-element_type=\"container\" data-e-type=\"container\">\n\t\t\t\t\t<div class=\"e-con-inner\">\n\t\t\t\t<div class=\"elementor-element elementor-element-90e6556 elementor-widget elementor-widget-html\" data-id=\"90e6556\" data-element_type=\"widget\" data-e-type=\"widget\" data-widget_type=\"html.default\">\n\t\t\t\t\t<!DOCTYPE html>\n<html lang=\"en\">\n<head>\n    <meta charset=\"UTF-8\">\n    <meta name=\"viewport\" content=\"width=device-width, initial-scale=1.0\">\n    <title>IPTV Smarters Pro - t\u00e4ielik seadistusjuhend<\/title>\n    <style>\n        :root {\n            --primary-color: #00b0ff;\n            --secondary-color: #3d5afe;\n            --dark-color: #333333;\n            --light-color: #F3F3F3;\n            --text-color: #333333;\n            --light-text: #F3F3F3;\n            --success-color: #00c853;\n            --warning-color: #ff9100;\n        }\n        \n        * {\n            margin: 0;\n            padding: 0;\n            box-sizing: border-box;\n            font-family: 'Segoe UI', Tahoma, Geneva, Verdana, sans-serif;\n        }\n        \n        body {\n            background-color: var(--light-color);\n            color: var(--text-color);\n            line-height: 1.6;\n        }\n        \n        .container {\n            max-width: 1000px;\n            margin: 0 auto;\n            padding: 0 20px;\n        }\n        \n        \/* Header Styles *\/\n        .header {\n            background: linear-gradient(135deg, var(--primary-color), var(--secondary-color));\n            color: white;\n            padding: 40px 0;\n            text-align: center;\n            border-bottom-left-radius: 30px;\n            border-bottom-right-radius: 30px;\n            box-shadow: 0 5px 15px rgba(0, 0, 0, 0.2);\n            margin-bottom: 30px;\n        }\n        \n        .logo-container {\n            display: flex;\n            justify-content: center;\n            align-items: center;\n            margin-bottom: 20px;\n        }\n        \n        .logo {\n            width: 120px;\n            height: 120px;\n            background-color: white;\n            border-radius: 20px;\n            display: flex;\n            justify-content: center;\n            align-items: center;\n            box-shadow: 0 10px 20px rgba(0, 0, 0, 0.2);\n        }\n        \n        .logo svg {\n            width: 70px;\n            height: 70px;\n            fill: var(--primary-color);\n        }\n        \n        .header h1 {\n            font-size: 2.5rem;\n            margin-bottom: 10px;\n            text-shadow: 0 2px 4px rgba(0,0,0,0.2);\n        }\n        \n        .header p {\n            font-size: 1.2rem;\n            opacity: 0.9;\n            max-width: 600px;\n            margin: 0 auto;\n        }\n        \n        \/* Main Content Styles *\/\n        .main-content {\n            padding: 20px 0 50px;\n        }\n        \n        .section {\n            background-color: white;\n            border-radius: 15px;\n            padding: 25px;\n            margin-bottom: 30px;\n            box-shadow: 0 5px 15px rgba(0, 0, 0, 0.1);\n            position: relative;\n            border-left: 4px solid var(--primary-color);\n            transition: transform 0.3s ease, box-shadow 0.3s ease;\n        }\n        \n        .section:hover {\n            transform: translateY(-5px);\n            box-shadow: 0 10px 25px rgba(0, 0, 0, 0.15);\n        }\n        \n        .section h2 {\n            color: var(--primary-color);\n            margin-bottom: 20px;\n            font-size: 1.8rem;\n        }\n        \n        .section h3 {\n            color: var(--secondary-color);\n            margin: 25px 0 15px;\n            font-size: 1.4rem;\n        }\n        \n        .section p {\n            margin-bottom: 15px;\n        }\n        \n        .features-grid {\n            display: grid;\n            grid-template-columns: repeat(auto-fill, minmax(300px, 1fr));\n            gap: 20px;\n            margin: 25px 0;\n        }\n        \n        .feature-card {\n            background-color: var(--light-color);\n            padding: 15px;\n            border-radius: 10px;\n            border-left: 3px solid var(--primary-color);\n        }\n        \n        .feature-card h4 {\n            color: var(--secondary-color);\n            margin-bottom: 10px;\n        }\n        \n        \/* Lists *\/\n        ul, ol {\n            margin-left: 25px;\n            margin-bottom: 20px;\n        }\n        \n        li {\n            margin-bottom: 10px;\n        }\n        \n        \/* Callouts *\/\n        .note, .tip {\n            padding: 15px;\n            margin: 20px 0;\n            border-radius: 10px;\n        }\n        \n        .note {\n            background-color: rgba(255, 145, 0, 0.1);\n            border-left: 3px solid var(--warning-color);\n        }\n        \n        .tip {\n            background-color: rgba(0, 200, 83, 0.1);\n            border-left: 3px solid var(--success-color);\n        }\n        \n        .note-title, .tip-title {\n            font-weight: bold;\n            margin-bottom: 5px;\n        }\n        \n        .note-title {\n            color: var(--warning-color);\n        }\n        \n        .tip-title {\n            color: var(--success-color);\n        }\n        \n        \/* Highlight *\/\n        .highlight {\n            color: var(--primary-color);\n            font-weight: 600;\n        }\n        \n        \/* Platform Sections *\/\n        .platform-section {\n            background-color: var(--light-color);\n            padding: 15px;\n            border-radius: 10px;\n            margin: 15px 0;\n        }\n        \n        \/* Footer *\/\n        .footer {\n            text-align: center;\n            padding: 30px 0;\n            color: #666;\n            font-size: 0.9rem;\n            margin-top: 30px;\n            border-top: 1px solid #ddd;\n        }\n        \n        \/* Download Button *\/\n        .download-button {\n            display: inline-block;\n            background: linear-gradient(45deg, var(--primary-color), var(--secondary-color));\n            color: white;\n            padding: 10px 20px;\n            border-radius: 30px;\n            text-decoration: none;\n            margin: 15px 0;\n            box-shadow: 0 4px 10px rgba(0, 0, 0, 0.2);\n            transition: transform 0.3s ease, box-shadow 0.3s ease;\n        }\n        \n        .download-button:hover {\n            transform: translateY(-3px);\n            box-shadow: 0 6px 15px rgba(0, 0, 0, 0.3);\n        }\n        \n        \/* Responsive Design *\/\n        @media (max-width: 768px) {\n            .header {\n                padding: 30px 0;\n            }\n            \n            .logo {\n                width: 100px;\n                height: 100px;\n            }\n            \n            .header h1 {\n                font-size: 2rem;\n            }\n            \n            .section {\n                padding: 20px;\n            }\n            \n            .features-grid {\n                grid-template-columns: 1fr;\n            }\n        }\n    <\/style>\n<\/head>\n<body>\n    <!-- Header Section -->\n    <header class=\"header\">\n        <div class=\"container\">\n            <div class=\"logo-container\">\n                <div class=\"logo\">\n                    <svg viewbox=\"0 0 24 24\" xmlns=\"http:\/\/www.w3.org\/2000\/svg\">\n                        <path d=\"M21,17H3V5H21M21,3H3A2,2 0 0,0 1,5V17A2,2 0 0,0 3,19H8V21H16V19H21A2,2 0 0,0 23,17V5A2,2 0 0,0 21,3M9,7H15V15H9V7M10,8V14H14V8H10Z\" \/>\n                    <\/svg>\n                <\/div>\n            <\/div>\n            <h1>IPTV Smarters Pro<\/h1>\n            <p>Sinu \u00fclim video voogedastuskaaslane<\/p>\n        <\/div>\n    <\/header>\n    \n    <!-- Main Content -->\n    <div class=\"main-content\">\n        <div class=\"container\">\n            <!-- Introduction Section -->\n            <div class=\"section\">\n                <h2>Sissejuhatus<\/h2>\n                <p>IPTV Smarters Pro pole lihtsalt tavaline videopleier; see on teie v\u00e4rav sujuva meelelahutuse maailma. Olenemata sellest, kas teile meeldivad otse\u00fclekanded, filmid, sarjad v\u00f5i raadio, muudab see rakendus teie lemmikseadmetes sisu tarbimise revolutsiooniliselt.<\/p>\n                <p>Smarters Pro \u00fchildub Androidi, iOS-i, Windowsi, macOS-i, veebibrauserite, nutitelerite ja muuga ning tagab teie vaatamiskogemuse, mis j\u00e4\u00e4b erinevatel platvormidel v\u00f5rratuks.<\/p>\n                <div style=\"text-align: center; margin-top: 20px;\">\n                    <a href=\"https:\/\/apps.apple.com\/in\/app\/smarters-player-lite\/id1628995509\" class=\"download-button\" target=\"_blank\" rel=\"noopener\">Laadi alla iOS-ile\/iPadOS-ile<\/a>\n                    <a href=\"https:\/\/www.iptvsmarters.com\/iptv-smarters-4.0.5.apk\" class=\"download-button\" style=\"margin-left: 10px;\" target=\"_blank\" rel=\"noopener\">Laadi alla Androidile<\/a>\n                <\/div>\n            <\/div>\n            \n            <!-- Features Section -->\n            <div class=\"section\">\n                <h2>Peamised omadused<\/h2>\n                <div class=\"features-grid\">\n                    <div class=\"feature-card\">\n                        <h4>Mitmekesine sisu<\/h4>\n                        <p>Nautige otse\u00fclekandeid, filme, sarju ja raadiot \u2013 k\u00f5ik \u00fches rakenduses.<\/p>\n                    <\/div>\n                    \n                    <div class=\"feature-card\">\n                        <h4>Elegantne disain<\/h4>\n                        <p>Kogege v\u00e4rsket paigutust ja kasutajas\u00f5bralikku liidest, mis parandab navigeerimist ja kasutatavust.<\/p>\n                    <\/div>\n                    \n                    <div class=\"feature-card\">\n                        <h4>T\u00f5hus otsing<\/h4>\n                        <p>Leia oma lemmiksisu vaevata p\u00f5hiotsingu funktsiooni abil.<\/p>\n                    <\/div>\n                    \n                    <div class=\"feature-card\">\n                        <h4>T\u00e4iustatud elektrooniline saatekava<\/h4>\n                        <p>Stay <a href=\"https:\/\/novaiptv.to\/et\/what-is-nova-iptv\/\" title=\"Mis on NOVA IPTV? Ametlik juhend (2026. aasta v\u00e4rskendus)\" data-wpil-monitor-id=\"107\">updated with TV Program Guide<\/a> improvements and support for external sources.<\/p>\n                    <\/div>\n                    \n                    <div class=\"feature-card\">\n                        <h4>Kohandatav puhver<\/h4>\n                        <p>Reguleeri videopleieri puhvri suurust vastavalt oma eelistustele.<\/p>\n                    <\/div>\n                    \n                    <div class=\"feature-card\">\n                        <h4>Vanemlik kontroll<\/h4>\n                        <p>Tagage turvaline vaatamiskogemus sisseehitatud vanemliku kontrolli funktsioonidega.<\/p>\n                    <\/div>\n                    \n                    <div class=\"feature-card\">\n                        <h4>Mugav voogedastus<\/h4>\n                        <p>Kasutage \u00e4ra TV-saadete j\u00e4relvaatamise voogedastust, vaatamise j\u00e4tkamist ja hiljuti lisatud filmide ja sarjade tuge.<\/p>\n                    <\/div>\n                    \n                    <div class=\"feature-card\">\n                        <h4>Mitme ekraani kogemus<\/h4>\n                        <p>Nautige mitme ekraani ja mitme kasutaja tuge koos mitmesuguste t\u00e4iustustega.<\/p>\n                    <\/div>\n                    \n                    <div class=\"feature-card\">\n                        <h4>Mitmek\u00fclgne esitusloendite tugi<\/h4>\n                        <p>Laadige h\u00f5lpsalt M3U-faile v\u00f5i URL-e ja esitage sujuvalt kohalikke heli-\/videofaile.<\/p>\n                    <\/div>\n                    \n                    <div class=\"feature-card\">\n                        <h4>Integreeritud VPN<\/h4>\n                        <p>Kaitse oma privaatsust ja turvalisust VPN-integratsiooniga turvalise voogesituse jaoks.<\/p>\n                    <\/div>\n                    \n                    <div class=\"feature-card\">\n                        <h4>V\u00e4lise m\u00e4ngija \u00fchilduvus<\/h4>\n                        <p>Integreeri sujuvalt v\u00e4liseid m\u00e4ngijaid isikup\u00e4rastatud vaatamiskogemuse saamiseks.<\/p>\n                    <\/div>\n                    \n                    <div class=\"feature-card\">\n                        <h4>Pilt pildis<\/h4>\n                        <p>Nautige multitegumt\u00f6\u00f6tlust pilt-pildis toega.<\/p>\n                    <\/div>\n                <\/div>\n            <\/div>\n            \n            <!-- Setup Guide Section -->\n            <div class=\"section\">\n                <h2>Seadistusjuhend<\/h2>\n                \n                <h3>1. samm: looge \u00fchendus internetiga<\/h3>\n                <p>Veenduge, et teie seade oleks internetiga \u00fchendatud kas WiFi v\u00f5i Etherneti kaabli kaudu.<\/p>\n                \n                <div class=\"tip\">\n                    <p class=\"tip-title\">Professionaalne nipp<\/p>\n                    <p>Parima voogedastuskogemuse saamiseks kaaluge stabiilsema kiiruse saavutamiseks Etherneti-\u00fchenduse kasutamist, eriti HD- v\u00f5i 4K-sisu puhul.<\/p>\n                <\/div>\n                \n                <h3>2. samm: installige IPTV Smarters Pro<\/h3>\n                \n                <div class=\"platform-section\">\n                    <h4>iOS-i\/iPadOS-i seadmete puhul:<\/h4>\n                    <ol>\n                        <li>K\u00fclasta App Store&#039;i v\u00f5i kasuta seda otselinki: <a href=\"https:\/\/apps.apple.com\/in\/app\/smarters-player-lite\/id1628995509\" target=\"_blank\" rel=\"noopener\">Laadige alla IPTV Smarters Player Lite<\/a><\/li>\n                        <li>Rakenduse allalaadimiseks ja installimiseks puudutage nuppu \"Hangi\"<\/li>\n                        <li>Oodake installimise l\u00f5ppu ja avage seej\u00e4rel rakendus<\/li>\n                    <\/ol>\n                <\/div>\n                \n                <div class=\"platform-section\">\n                    <h4>Android-seadmetele:<\/h4>\n                    <ol>\n                        <li>Laadige APK otse alla siit: <a href=\"https:\/\/www.iptvsmarters.com\/iptv-smarters-4.0.5.apk\" target=\"_blank\" rel=\"noopener\">IPTV Smarters Pro 4.0.5<\/a><\/li>\n                        <li>Ava <a href=\"https:\/\/novaiptv.to\/et\/nova-iptv\/\">allalaaditud APK<\/a> fail<\/li>\n                        <li>Kui k\u00fcsitakse, lubage seadme seadetes installimine tundmatutest allikatest.<\/li>\n                        <li>Installi l\u00f5puleviimiseks j\u00e4rgige ekraanil kuvatavaid juhiseid<\/li>\n                        <li>Kui installimine on l\u00f5ppenud, avage rakendus<\/li>\n                    <\/ol>\n                <\/div>\n                \n                <div class=\"platform-section\">\n                    <h4>Teiste platvormide puhul:<\/h4>\n                    <p>K\u00fclastage ametlikku <a href=\"https:\/\/novaiptv.to\/et\/iptv\/usa\/\" title=\"IPTV USA 2025 \u2013 Nova IPTV \u00fclim juhend (parimad paketid, seadmed ja seadistus)\" data-wpil-monitor-id=\"105\">IPTV Smarters Pro<\/a> veebisaidilt, et laadida alla oma seadmele sobiv versioon (Windows, macOS jne).<\/p>\n                <\/div>\n                \n                <div class=\"note\">\n                    <p class=\"note-title\">M\u00e4rkus<\/p>\n                    <p>M\u00f5ned versioonid v\u00f5ivad pakkuda tasuta funktsioone piiratud funktsionaalsusega ja premium-versioone t\u00e4iustatud funktsioonidega. Valige vastavalt oma vajadustele.<\/p>\n                <\/div>\n                \n                <h3>3. samm: IPTV Smarters Pro seadistamine<\/h3>\n                <p>Kui rakendus on installitud, peate selle oma seadmega konfigureerima <a class=\"wpil_keyword_link\" href=\"https:\/\/novaiptv.to\/et\/\" title=\"IPTV tellimus\" data-wpil-keyword-link=\"linked\">IPTV tellimus<\/a> \u00fcksikasjad:<\/p>\n                \n                <ol>\n                    <li>K\u00e4ivitage IPTV Smarters Pro<\/li>\n                    <li>Teil palutakse sisestada oma <a class=\"wpil_keyword_link\" href=\"https:\/\/novaiptv.to\/et\/iptv-ja-kaabeltelevisiooni-hinnavordlus-2025-aastal\/\" title=\"IPTV tellimus vs kaabeltelevisioon: hinnav\u00f5rdlus 2025 \u2013 s\u00e4\u00e4stke rohkem\" data-wpil-keyword-link=\"linked\" data-wpil-monitor-id=\"8\">IPTV tellimus<\/a> teave, mis tavaliselt sisaldab:\n                        <ul>\n                            <li><span class=\"highlight\">IPTV teenusepakkuja URL<\/span> (saate selle p\u00e4rast makse tegemist oma postkasti)<\/li>\n                            <li>Kasutajanimi ja parool<\/li>\n                        <\/ul>\n                    <\/li>\n                    <li>Sisestage vajalikud andmed ja j\u00e4rgige ekraanil kuvatavaid juhiseid seadistamise l\u00f5puleviimiseks.<\/li>\n                <\/ol>\n                \n                <div class=\"tip\">\n                    <p class=\"tip-title\">Professionaalne nipp<\/p>\n                    <p>Tehke oma tellimuse andmetest ekraanipilt, kui need k\u00e4tte saate, v\u00f5i salvestage need edaspidiseks kasutamiseks turvalisse m\u00e4rkmete tegemise rakendusse.<\/p>\n                <\/div>\n                \n                <h3>4. samm: lisage IPTV-kanalid<\/h3>\n                <p>P\u00e4rast tellimuse seadistamist peate lisama <a href=\"https:\/\/novaiptv.to\/et\/android-teler-2025\/\">IPTV kanalid rakendusse:<\/a><\/p>\n                \n                <ol>\n                    <li>Rakenduse peamen\u00fc\u00fcst otsige selliseid valikuid nagu <span class=\"highlight\">\"&quot;Lisa esitusloend&quot;\"<\/span> v\u00f5i <span class=\"highlight\">\"&quot;Lisa kanaleid&quot;\"<\/span><\/li>\n                    <li>Sisestage oma IPTV teenusepakkuja antud URL v\u00f5i M3U esitusloendi link<\/li>\n                    <li>Anna esitusloendile \u00e4ratuntav nimi<\/li>\n                    <li>Rakendus laadib kanali teabe alla<\/li>\n                <\/ol>\n                \n                <div class=\"note\">\n                    <p class=\"note-title\">M\u00e4rkus<\/p>\n                    <p>IPTV Smarters Pro toetab mitut esitusloendit, mis v\u00f5imaldab teil kanaleid kategooriate v\u00f5i pakkujate j\u00e4rgi korraldada.<\/p>\n                <\/div>\n                \n                <h3>5. samm: nautige oma sisu<\/h3>\n                <p>P\u00e4rast esitusloendi lisamist saate alustada <a href=\"https:\/\/novaiptv.to\/et\/iptv\/uk\/\" title=\"IPTV UK 2025 \u2013 vaata Premier League&#039;i ja palju muud Nova IPTV-ga\" data-wpil-monitor-id=\"161\">oma IPTV vaatamine<\/a> kanalid:<\/p>\n                \n                <ol>\n                    <li>Navigeeri rakenduse peamen\u00fc\u00fcsse v\u00f5i avakuvale<\/li>\n                    <li>Sirvige kanalite loendit ja valige kanal, mida soovite vaadata<\/li>\n                    <li>Avastage lisafunktsioone, nagu lemmikud, kanalite kategooriad ja elektrooniline saatekava (EPG)<\/li>\n                <\/ol>\n            <\/div>\n            \n            <!-- Advanced Features Section -->\n            <div class=\"section\">\n                <h2>T\u00e4iustatud funktsioonid<\/h2>\n                \n                <h3>Pilt-pildis re\u017eiimi kasutamine<\/h3>\n                <ol>\n                    <li>Alusta mis tahes videosisu esitamist<\/li>\n                    <li>Otsige pleieri juhtnuppudest PiP ikooni v\u00f5i kasutage avakuva nuppu (toetatud seadmetes).<\/li>\n                    <li>Video esitamine j\u00e4tkub v\u00e4ikeses aknas, samal ajal kui kasutate teisi rakendusi<\/li>\n                <\/ol>\n                \n                <h3>Vanemliku kontrolli seadistamine<\/h3>\n                <ol>\n                    <li>Mine rakenduse seadetesse<\/li>\n                    <li>Otsi &quot;Vanemlik kontroll&quot; v\u00f5i &quot;Piirangud&quot;.\"<\/li>\n                    <li>M\u00e4\u00e4rake PIN-kood ja konfigureerige sisupiirangud vastavalt oma eelistustele<\/li>\n                <\/ol>\n                \n                <h3>Chromecasti abil telerisse edastamine<\/h3>\n                <ol>\n                    <li>Veenduge, et teie Chromecasti seade oleks teie seadmega samas WiFi-v\u00f5rgus.<\/li>\n                    <li>Avage mis tahes video IPTV Smarters Pro-s<\/li>\n                    <li>Puudutage pleieris Chromecasti ikooni<\/li>\n                    <li>Valige loendist oma Chromecasti seade<\/li>\n                <\/ol>\n                \n                <h3>Allalaadimiste haldamine<\/h3>\n                <ol>\n                    <li>Leidke sisu, mida soovite alla laadida<\/li>\n                    <li>Otsige allalaadimise ikooni v\u00f5i valikut<\/li>\n                    <li>Valige eelistatud kvaliteet (kui see on saadaval)<\/li>\n                    <li>Ligip\u00e4\u00e4s oma allalaadimistele spetsiaalsest jaotisest \"Allalaadimised\"<\/li>\n                <\/ol>\n            <\/div>\n            \n            <!-- Troubleshooting Section -->\n            <div class=\"section\">\n                <h2>Veaotsingu n\u00e4pun\u00e4ited<\/h2>\n                \n                <h3>Puhverdamisprobleemid<\/h3>\n                <ul>\n                    <li>Kontrollige oma interneti\u00fchenduse kiirust<\/li>\n                    <li>Vajadusel v\u00e4hendage video kvaliteeti<\/li>\n                    <li>Muutke puhvri suurust rakenduse seadetes<\/li>\n                    <li>V\u00f5imalusel kasutage WiFi asemel Etherneti \u00fchendust<\/li>\n                <\/ul>\n                \n                <h3>Sisselogimisprobleemid<\/h3>\n                <ul>\n                    <li>Kinnitage oma kasutajanimi ja parool<\/li>\n                    <li>Kontrollige, kas teie tellimus on aktiivne<\/li>\n                    <li>V\u00f5tke \u00fchendust oma IPTV-teenuse pakkujaga<\/li>\n                <\/ul>\n                \n                <h3>Taasesitusprobleemid<\/h3>\n                <ul>\n                    <li>Rakenduse v\u00e4rskendamine uusimale versioonile<\/li>\n                    <li>T\u00fchjendage rakenduse vahem\u00e4lu<\/li>\n                    <li>Proovige kasutada v\u00e4list m\u00e4ngijat<\/li>\n                    <li>Veenduge, et teie seade vastab miinimumn\u00f5uetele<\/li>\n                <\/ul>\n            <\/div>\n        <\/div>\n    <\/div>\n    \n    <!-- Footer -->\n    <footer class=\"footer\">\n        <div class=\"container\">\n            <p>\u00a9 2025 <a href=\"https:\/\/novaiptv.to\/et\/iptv-smarters-samsung-smart-tv\/\">IPTV nutikamad<\/a> Professionaalne juhend | See juhend on m\u00f5eldud ainult hariduslikul eesm\u00e4rgil<\/p>\n            <p>Palun austage autori\u00f5iguse seadusi ja tingimusi <a href=\"https:\/\/novaiptv.to\/et\/iptv\/hrvatska\/\" title=\"IPTV Hrvatska 2025 \u2013 Parim IPTV teenus Horvaatias\" data-wpil-monitor-id=\"44\">teenus IPTV kasutamisel<\/a> teenused.<\/p>\n        <\/div>\n    <\/footer>\n<\/body>\n<\/html>\t\t\t\t<\/div>\n\t\t\t\t\t<\/div>\n\t\t\t\t<\/div>\n\t\t\t\t<\/div>","protected":false},"excerpt":{"rendered":"<p>IPTV Smarters Pro &#8211; Complete Setup Guide IPTV Smarters Pro Your Ultimate Video Streaming Companion Introduction IPTV Smarters Pro isn&#8217;t just your ordinary video player; it&#8217;s your gateway to a world of seamless entertainment. Whether you&#8217;re into Live TV, Movies,&#8230;<\/p>","protected":false},"author":1,"featured_media":0,"parent":0,"menu_order":0,"comment_status":"closed","ping_status":"closed","template":"","meta":{"footnotes":""},"class_list":["post-4300","page","type-page","status-publish","hentry"],"_links":{"self":[{"href":"https:\/\/novaiptv.to\/et\/wp-json\/wp\/v2\/pages\/4300","targetHints":{"allow":["GET"]}}],"collection":[{"href":"https:\/\/novaiptv.to\/et\/wp-json\/wp\/v2\/pages"}],"about":[{"href":"https:\/\/novaiptv.to\/et\/wp-json\/wp\/v2\/types\/page"}],"author":[{"embeddable":true,"href":"https:\/\/novaiptv.to\/et\/wp-json\/wp\/v2\/users\/1"}],"replies":[{"embeddable":true,"href":"https:\/\/novaiptv.to\/et\/wp-json\/wp\/v2\/comments?post=4300"}],"version-history":[{"count":1,"href":"https:\/\/novaiptv.to\/et\/wp-json\/wp\/v2\/pages\/4300\/revisions"}],"predecessor-version":[{"id":10044,"href":"https:\/\/novaiptv.to\/et\/wp-json\/wp\/v2\/pages\/4300\/revisions\/10044"}],"wp:attachment":[{"href":"https:\/\/novaiptv.to\/et\/wp-json\/wp\/v2\/media?parent=4300"}],"curies":[{"name":"wp","href":"https:\/\/api.w.org\/{rel}","templated":true}]}}