{"id":5649,"date":"2025-02-01T09:33:15","date_gmt":"2025-02-01T09:33:15","guid":{"rendered":"https:\/\/novaiptv.org\/?page_id=5649"},"modified":"2025-02-01T09:33:15","modified_gmt":"2025-02-01T09:33:15","slug":"nova-iptv-uk-premium-iptv-tellimus","status":"publish","type":"page","link":"https:\/\/novaiptv.to\/et\/nova-iptv-uk-premium-iptv-tellimus\/","title":{"rendered":"IPTV Subcription UK | Nova IPTV UK"},"content":{"rendered":"<div data-elementor-type=\"wp-page\" data-elementor-id=\"5649\" class=\"elementor elementor-5649\" data-elementor-post-type=\"page\">\n\t\t\t\t<div class=\"elementor-element elementor-element-d5ed5eb e-flex e-con-boxed e-con e-parent\" data-id=\"d5ed5eb\" data-element_type=\"container\" data-e-type=\"container\">\n\t\t\t\t\t<div class=\"e-con-inner\">\n\t\t\t\t<div class=\"elementor-element elementor-element-056da4b elementor-widget elementor-widget-html\" data-id=\"056da4b\" data-element_type=\"widget\" data-e-type=\"widget\" data-widget_type=\"html.default\">\n\t\t\t\t\t<section id=\"hero\" style=\"background: linear-gradient(135deg, #1e3c72, #2a5298); color: #fff; padding: 100px 20px; text-align: center;\">\n    <div style=\"width: 90%; max-width: 1200px; margin: auto;\">\n      <h1 style=\"font-size: 3em; margin-bottom: 20px; color:white;\">Nova IPTV tellimus \u00dchendkuningriigis<\/h1>\n      <p style=\"font-size: 1.2em; margin-bottom: 30px;\">\n        Avastage revolutsiooniline viis teleri vaatamiseks \u00dchendkuningriigis enam kui ... <strong>34 000 \u00fclemaailmset kanalit<\/strong> ja <strong>195 000 filmi ja sarja<\/strong> vapustava 4K eraldusv\u00f5imega \u2013 k\u00f5ik see on kaitstud meie t\u00e4iustatud integreeritud VPN-iga.\n      <\/p>\n      <a href=\"#pricing\" style=\"padding: 15px 30px; background: #ffd740; color: #333; text-decoration: none; font-weight: bold; border-radius: 5px;\">Tutvu meie plaanidega<\/a>\n      <p style=\"margin-top: 20px; font-size: 1.1em;\">Sooduskood: firstorder <strong><\/strong> \u2013 Ainult piiratud aja jooksul!<\/p>\n    <\/div>\n  <\/section>\n\n  <!-- About IPTV in the UK -->\n  <section id=\"about\" style=\"padding: 60px 20px; background: #fff;\">\n    <div style=\"width: 90%; max-width: 1200px; margin: auto;\">\n      <h2 style=\"text-align: center; margin-bottom: 40px; font-size: 2.5em; color: #0a0a23;\">IPTV revolutsioon \u00dchendkuningriigis<\/h2>\n      <p style=\"margin-bottom: 20px;\">\n        Traditsioonilist televisiooni on muutmas IPTV \u2013 moodne voogedastuslahendus, mis edastab interneti kaudu sisu v\u00f5rratu selguse ja mitmekesisusega. <a href=\"https:\/\/novaiptv.to\/et\/osta-iptv-tellimus-usa-s-2025-aastal\/\">Nova IPTV<\/a> \u00dchendkuningriik on eesotsas, pakkudes ulatuslikku kanalite, filmide ja sarjade kogu, mis rahuldab iga maitse.\n      <\/p>\n      <p style=\"margin-bottom: 20px;\">\n        \u00dchendkuningriigis p\u00f6\u00f6rduvad vaatajad \u00fcha enam IPTV poole selle paindlikkuse, kulut\u00f5hususe ja suurep\u00e4rase kvaliteedi t\u00f5ttu. Olenemata sellest, kas vaatate otse\u00fclekandeid spordist, j\u00f5uate j\u00e4rele uusimatele sarjadele v\u00f5i naudite rahvusvahelist programmi, <a href=\"https:\/\/novaiptv.to\/et\/osta-iptv-tellimus-usa-s-2025-aastal\/\">Nova IPTV<\/a> UK tagab sujuva ja kaasahaarava kogemuse.\n      <\/p>\n      <p style=\"margin-bottom: 20px;\">\n        Meie teenus on loodud t\u00e4nap\u00e4evasele vaatajale, pakkudes tipptasemel funktsioone, nagu sisseehitatud VPN-turvalisus, regulaarsed sisuv\u00e4rskendused ja mitme seadme \u00fchilduvus \u2013 muutes Nova... <a href=\"https:\/\/novaiptv.to\/et\/iptv-odusseia-strateegiad\/\">IPTV UK \u00fclim<\/a> digitaalse meelelahutuse valik.\n      <\/p>\n    <\/div>\n  <\/section>\n\n  <!-- Famous UK Channels & Sports Section -->\n  <section id=\"channels-sports\" style=\"padding: 60px 20px; background: #f4f7f9;\">\n    <div style=\"width: 90%; max-width: 1200px; margin: auto;\">\n      <h2 style=\"text-align: center; margin-bottom: 40px; font-size: 2.5em; color: #0a0a23;\">Kuulsad \u00dchendkuningriigi kanalid ja sport<\/h2>\n      <p style=\"margin-bottom: 20px;\">\n        \u00dchendkuningriik on koduks m\u00f5nele k\u00f5ige prestii\u017esemale telekanalile, mis on tuntud oma kvaliteetse programmi ja ulatusliku spordi\u00fclekannete poolest. Nova IPTV UK \u00fchendab teid nende ikooniliste kanalitega:\n      <\/p>\n      <ul style=\"margin-bottom: 20px; padding-left: 20px; color: #555;\">\n        <li>BBC One, BBC Two ja BBC News \u2013 usaldusv\u00e4\u00e4rsed uudiste, dokumentaalfilmide ja pere meelelahutuse allikad.<\/li>\n        <li>ITV \u2013 Draama, t\u00f5sielusaadete ja meelelahutusprogrammide liider.<\/li>\n        <li>Channel 4 ja Channel 5 \u2013 tuntud uuendusliku sisu ja mitmekesise programmivaliku poolest.<\/li>\n        <li>Sky Sports \u2013 Spordi\u00fclekannete kehastus, pakkudes otse\u00fclekandeid jalgpallist, kriketist, tennisest ja muust.<\/li>\n        <li>BT Sport \u2013 Eksklusiivne spordi\u00fclekanne, mis h\u00f5lmab suurliigasid ja turniire.<\/li>\n      <\/ul>\n      <p style=\"margin-bottom: 20px;\">\n        Kogege Inglismaa Premier League&#039;i, UEFA Meistrite Liiga ja teiste suurte spordi\u00fcrituste otse\u00fclekandeid kristallselges 4K-kvaliteedis. Meie <a class=\"wpil_keyword_link\" href=\"https:\/\/novaiptv.to\/et\/\"   title=\"IPTV-teenus\" data-wpil-keyword-link=\"linked\">IPTV-teenus<\/a> tagab iga p\u00f5neva hetke j\u00e4\u00e4dvustamise erksa detailsusega.\n      <\/p>\n      <p style=\"margin-bottom: 20px;\">\n        Olenemata sellest, kas oled p\u00fchendunud spordihuviline v\u00f5i kvaliteetse televisiooni f\u00e4nn, pakub Nova IPTV UK sulle sujuvat juurdep\u00e4\u00e4su parimatele kanalitele, mida \u00dchendkuningriik pakub.\n      <\/p>\n    <\/div>\n  <\/section>\n\n  <!-- Why Choose Nova IPTV UK -->\n  <section id=\"why-us\" style=\"padding: 60px 20px; background: #fff;\">\n    <div style=\"width: 90%; max-width: 1200px; margin: auto;\">\n      <h2 style=\"text-align: center; margin-bottom: 40px; font-size: 2.5em; color: #0a0a23;\">Miks valida Nova IPTV UK?<\/h2>\n      <div style=\"display: grid; grid-template-columns: repeat(auto-fit, minmax(250px, 1fr)); gap: 30px;\">\n        <div style=\"background: #fff; padding: 20px; border-radius: 10px; box-shadow: 0 2px 10px rgba(0,0,0,0.1); text-align: center;\">\n          <h3 style=\"color: #1e3c72; margin-bottom: 15px;\">Sisseehitatud VPN-i turvalisus<\/h3>\n          <p style=\"color: #555;\">Striimi enesekindlalt meie tipptasemel sisseehitatud VPN-i abil, mis kaitseb sinu andmeid ja privaatsust.<\/p>\n        <\/div>\n        <div style=\"background: #fff; padding: 20px; border-radius: 10px; box-shadow: 0 2px 10px rgba(0,0,0,0.1); text-align: center;\">\n          <h3 style=\"color: #1e3c72; margin-bottom: 15px;\">Ulatuslikud globaalsed kanalid<\/h3>\n          <p style=\"color: #555;\">Ligip\u00e4\u00e4s enam kui 34 000 otse\u00fclekande kanalile \u00fcle maailma, mis pakuvad l\u00f5putult meelelahutusv\u00f5imalusi.<\/p>\n        <\/div>\n        <div style=\"background: #fff; padding: 20px; border-radius: 10px; box-shadow: 0 2px 10px rgba(0,0,0,0.1); text-align: center;\">\n          <h3 style=\"color: #1e3c72; margin-bottom: 15px;\">4K Ultra HD teek<\/h3>\n          <p style=\"color: #555;\">Nautige laia valikut 195 000 filmi ja sarja hingematvas 4K kvaliteedis.<\/p>\n        <\/div>\n        <div style=\"background: #fff; padding: 20px; border-radius: 10px; box-shadow: 0 2px 10px rgba(0,0,0,0.1); text-align: center;\">\n          <h3 style=\"color: #1e3c72; margin-bottom: 15px;\">Otse\u00fclekanded spordist ja \u00fcritustest<\/h3>\n          <p style=\"color: #555;\">Kogemus <a href=\"https:\/\/novaiptv.to\/et\/parim-iptv-tellimus-otseulekannete-spordi-vaatamiseks\/\">iga p\u00f5nev hetk otse\u00fclekannetega spordis<\/a> ja \u00fcritusi edastatakse Ultra HD-kvaliteedis.<\/p>\n        <\/div>\n        <div style=\"background: #fff; padding: 20px; border-radius: 10px; box-shadow: 0 2px 10px rgba(0,0,0,0.1); text-align: center;\">\n          <h3 style=\"color: #1e3c72; margin-bottom: 15px;\">Igan\u00e4dalased sisuv\u00e4rskendused<\/h3>\n          <p style=\"color: #555;\">P\u00fcsige sammu v\u00f5rra ees v\u00e4rske sisuga, mis lisandub igal n\u00e4dalal ja tagab d\u00fcnaamilise vaatamiskogemuse.<\/p>\n        <\/div>\n        <div style=\"background: #fff; padding: 20px; border-radius: 10px; box-shadow: 0 2px 10px rgba(0,0,0,0.1); text-align: center;\">\n          <h3 style=\"color: #1e3c72; margin-bottom: 15px;\">Mitme seadme \u00fchilduvus<\/h3>\n          <p style=\"color: #555;\">Nautige katkematut voogedastust mis tahes seadmes \u2013 nutiteleritest ja nutitelefonidest tahvelarvutite ja Firestickideni.<\/p>\n        <\/div>\n      <\/div>\n    <\/div>\n  <\/section>\n\n  <!-- Pricing Section -->\n  <section id=\"pricing\" style=\"padding: 60px 20px; background: #f4f7f9;\">\n    <div style=\"width: 90%; max-width: 1200px; margin: auto;\">\n      <h2 style=\"text-align: center; margin-bottom: 40px; font-size: 2.5em; color: #0a0a23;\">Tellimusplaanid<\/h2>\n      <div style=\"display: grid; grid-template-columns: repeat(auto-fit, minmax(250px, 1fr)); gap: 30px;\">\n        <!-- 1 Months Plan -->\n        <div style=\"background: #fff; padding: 20px; border-radius: 10px; box-shadow: 0 2px 10px rgba(0,0,0,0.1); text-align: center;\">\n          <h3 style=\"color: #1e3c72;\">1 kuu<\/h3>\n          <p style=\"font-size: 2em; margin: 20px 0; color: #0a0a23;\">$7.99<\/p>\n          <p style=\"color: #888;\">Salvesta 25%<\/p>\n          <ul style=\"list-style: none; padding: 0; margin-bottom: 20px; color: #555;\">\n            <li style=\"margin: 10px 0;\">1 \u00fchendus<\/li>\n            <li style=\"margin: 10px 0;\">230 000+ kanalit<\/li>\n            <li style=\"margin: 10px 0;\">VOD ja 4K Ultra HD<\/li>\n            <li style=\"margin: 10px 0;\">Puhverdusvastane s\u00fcsteem<\/li>\n          <\/ul>\n          <a href=\"https:\/\/panel.novaiptv.org\/\" style=\"display: inline-block; padding: 10px 20px; background: #1e3c72; color: #fff; text-decoration: none; border-radius: 5px;\" target=\"_blank\" rel=\"noopener\">Valige pakett<\/a>\n        <\/div>\n        <!-- 3 Months Plan -->\n        <div style=\"background: #fff; padding: 20px; border-radius: 10px; box-shadow: 0 2px 10px rgba(0,0,0,0.1); text-align: center;\">\n          <h3 style=\"color: #1e3c72;\">3 kuud<\/h3>\n          <p style=\"font-size: 2em; margin: 20px 0; color: #0a0a23;\">$22.99<\/p>\n          <p style=\"color: #888;\">Salvesta 25%<\/p>\n          <ul style=\"list-style: none; padding: 0; margin-bottom: 20px; color: #555;\">\n            <li style=\"margin: 10px 0;\">1 \u00fchendus<\/li>\n            <li style=\"margin: 10px 0;\">230 000+ kanalit<\/li>\n            <li style=\"margin: 10px 0;\">VOD ja 4K Ultra HD<\/li>\n            <li style=\"margin: 10px 0;\">Puhverdusvastane s\u00fcsteem<\/li>\n          <\/ul>\n          <a href=\"https:\/\/panel.novaiptv.org\/\" style=\"display: inline-block; padding: 10px 20px; background: #1e3c72; color: #fff; text-decoration: none; border-radius: 5px;\" target=\"_blank\" rel=\"noopener\">Valige pakett<\/a>\n        <\/div>\n        <!-- 6 Months Plan -->\n        <div style=\"background: #fff; padding: 20px; border-radius: 10px; box-shadow: 0 2px 10px rgba(0,0,0,0.1); text-align: center;\">\n          <h3 style=\"color: #1e3c72;\">6 kuud<\/h3>\n          <p style=\"font-size: 2em; margin: 20px 0; color: #0a0a23;\">$49.99<\/p>\n          <p style=\"color: #888;\">Salvesta 35%<\/p>\n          <ul style=\"list-style: none; padding: 0; margin-bottom: 20px; color: #555;\">\n            <li style=\"margin: 10px 0;\">1 \u00fchendus<\/li>\n            <li style=\"margin: 10px 0;\">230 000+ kanalit<\/li>\n            <li style=\"margin: 10px 0;\">VOD ja 4K Ultra HD<\/li>\n            <li style=\"margin: 10px 0;\">Puhverdusvastane s\u00fcsteem<\/li>\n          <\/ul>\n          <a href=\"https:\/\/panel.novaiptv.org\/\" style=\"display: inline-block; padding: 10px 20px; background: #1e3c72; color: #fff; text-decoration: none; border-radius: 5px;\" target=\"_blank\" rel=\"noopener\">Valige pakett<\/a>\n        <\/div>\n        <!-- 1 Year Plan -->\n        <div style=\"background: #fff; padding: 20px; border-radius: 10px; box-shadow: 0 2px 10px rgba(0,0,0,0.1); text-align: center;\">\n          <h3 style=\"color: #1e3c72;\">1 aasta<\/h3>\n          <p style=\"font-size: 2em; margin: 20px 0; color: #0a0a23;\">$69.99<\/p>\n          <p style=\"color: #888;\">Salvesta 70%<\/p>\n          <ul style=\"list-style: none; padding: 0; margin-bottom: 20px; color: #555;\">\n            <li style=\"margin: 10px 0;\">1 \u00fchendus<\/li>\n            <li style=\"margin: 10px 0;\">230 000+ kanalit<\/li>\n            <li style=\"margin: 10px 0;\">VOD ja 4K Ultra HD<\/li>\n            <li style=\"margin: 10px 0;\">Puhverdusvastane s\u00fcsteem<\/li>\n          <\/ul>\n          <a href=\"https:\/\/panel.novaiptv.org\/\" style=\"display: inline-block; padding: 10px 20px; background: #1e3c72; color: #fff; text-decoration: none; border-radius: 5px;\" target=\"_blank\" rel=\"noopener\">Valige pakett<\/a>\n        <\/div>\n        <!-- 2 Years Plan -->\n        <div style=\"background: #fff; padding: 20px; border-radius: 10px; box-shadow: 0 2px 10px rgba(0,0,0,0.1); text-align: center;\">\n          <h3 style=\"color: #1e3c72;\">2 aastat<\/h3>\n          <p style=\"font-size: 2em; margin: 20px 0; color: #0a0a23;\">$119.99<\/p>\n          <p style=\"color: #888;\">Salvesta 85%<\/p>\n          <ul style=\"list-style: none; padding: 0; margin-bottom: 20px; color: #555;\">\n            <li style=\"margin: 10px 0;\">1 \u00fchendus<\/li>\n            <li style=\"margin: 10px 0;\">230 000+ kanalit<\/li>\n            <li style=\"margin: 10px 0;\">VOD ja 4K Ultra HD<\/li>\n            <li style=\"margin: 10px 0;\">Puhverdusvastane s\u00fcsteem<\/li>\n          <\/ul>\n          <a href=\"https:\/\/panel.novaiptv.org\/\" style=\"display: inline-block; padding: 10px 20px; background: #1e3c72; color: #fff; text-decoration: none; border-radius: 5px;\" target=\"_blank\" rel=\"noopener\">Valige pakett<\/a>\n        <\/div>\n        <!-- TRIAL Plan -->\n        <div style=\"background: #fff; padding: 20px; border-radius: 10px; box-shadow: 0 2px 10px rgba(0,0,0,0.1); text-align: center;\">\n          <h3 style=\"color: #1e3c72;\">PROOV<\/h3>\n          <p style=\"font-size: 2em; margin: 20px 0; color: #0a0a23;\">$2.36<\/p>\n          <ul style=\"list-style: none; padding: 0; margin-bottom: 20px; color: #555;\">\n            <li style=\"margin: 10px 0;\">1 \u00fchendus<\/li>\n            <li style=\"margin: 10px 0;\">230 000+ kanalit<\/li>\n            <li style=\"margin: 10px 0;\">VOD ja 4K Ultra HD<\/li>\n            <li style=\"margin: 10px 0;\">Puhverdusvastane s\u00fcsteem<\/li>\n                        <li style=\"margin: 10px 0;\"><\/li>\n\n            <span><\/span>\n          <\/ul>\n          <a href=\"https:\/\/panel.novaiptv.org\/\" style=\"display: inline-block; padding: 10px 20px; background: #1e3c72; color: #fff; text-decoration: none; border-radius: 5px;\" target=\"_blank\" rel=\"noopener\">Valige pakett<\/a>\n        <\/div>\n      <\/div>\n    <\/div>\n  <\/section>\n\n  <!-- Installation Guides Section -->\n  <section id=\"installation-guides\" style=\"padding: 60px 20px; background: #fff;\">\n    <div style=\"width: 90%; max-width: 1200px; margin: auto;\">\n      <h2 style=\"text-align: center; margin-bottom: 40px; font-size: 2.5em; color: #0a0a23;\">Paigaldusjuhendid<\/h2>\n      <p style=\"margin-bottom: 20px; text-align: center; color: #555;\">\n        Alustage kiiresti meie samm-sammult paigaldusjuhendite abil. Olenemata sellest, kas kasutate Firesticki, <a href=\"https:\/\/novaiptv.to\/et\/android-teler-2025\/\">Android-teler<\/a>, v\u00f5i mis tahes muu seadme puhul tagavad meie h\u00f5lpsasti j\u00e4rgitavad juhised sujuva seadistamise.\n      <\/p>\n      <div style=\"text-align: center;\">\n        <a href=\"https:\/\/novaiptv.to\/et\/tutorial\/\" style=\"display: inline-block; padding: 15px 30px; background: #1e3c72; color: #fff; text-decoration: none; border-radius: 5px;\">Vaata paigaldusjuhendeid<\/a>\n      <\/div>\n    <\/div>\n  <\/section>\n\n  <!-- FAQ Section -->\n  <section id=\"faq\" style=\"padding: 60px 20px; background: #f4f7f9;\">\n    <div style=\"width: 90%; max-width: 1200px; margin: auto;\">\n      <h2 style=\"text-align: center; margin-bottom: 40px; font-size: 2.5em; color: #0a0a23;\">Korduma kippuvad k\u00fcsimused<\/h2>\n      <div style=\"background: #fff; padding: 20px; margin: 10px 0; border-radius: 5px; box-shadow: 0 1px 5px rgba(0,0,0,0.1);\">\n        <h3 style=\"margin-bottom: 10px; color: #1e3c72;\">Mis on IPTV ja kuidas see t\u00f6\u00f6tab?<\/h3>\n        <p style=\"color: #555;\">\n          IPTV (Internet Protocol Television) edastab telesisu interneti\u00fchenduse kaudu, kaotades vajaduse traditsiooniliste kaabel- v\u00f5i satelliitteenuste j\u00e4rele. Lihtsalt tellige, installige rakendus ja alustage voogedastust.\n        <\/p>\n      <\/div>\n      <div style=\"background: #fff; padding: 20px; margin: 10px 0; border-radius: 5px; box-shadow: 0 1px 5px rgba(0,0,0,0.1);\">\n        <h3 style=\"margin-bottom: 10px; color: #1e3c72;\">Millised kanalid teie teenusesse kuuluvad?<\/h3>\n        <p style=\"color: #555;\">\n          Nova IPTV UK pakub juurdep\u00e4\u00e4su enam kui 34 000 otse\u00fclekande kanalile \u00fcle maailma, sealhulgas populaarsetele \u00dchendkuningriigi uudiste, meelelahutuse ja spordi kanalitele \u2013 teie mugavuse huvides on need korraldatud piirkonna ja \u017eanri j\u00e4rgi.\n        <\/p>\n      <\/div>\n      <div style=\"background: #fff; padding: 20px; margin: 10px 0; border-radius: 5px; box-shadow: 0 1px 5px rgba(0,0,0,0.1);\">\n        <h3 style=\"margin-bottom: 10px; color: #1e3c72;\">Kas tellitav sisu on saadaval?<\/h3>\n        <p style=\"color: #555;\">\n          Jah! Nautige laia valikut 195 000 filmi ja sarja vapustava 4K Ultra HD kvaliteediga, mis tagab mitmekesise valiku tellitavat meelelahutust.\n        <\/p>\n      <\/div>\n      <div style=\"background: #fff; padding: 20px; margin: 10px 0; border-radius: 5px; box-shadow: 0 1px 5px rgba(0,0,0,0.1);\">\n        <h3 style=\"margin-bottom: 10px; color: #1e3c72;\">Kuidas ma oma seadet seadistan?<\/h3>\n        <p style=\"color: #555;\">\n          P\u00e4rast tellimist saate \u00fcksikasjalikud juhised vajaliku rakenduse allalaadimiseks ja installimiseks. Lihtsalt logige sisse oma sisselogimisandmetega ja alustage kohe voogedastust.\n        <\/p>\n      <\/div>\n      <div style=\"background: #fff; padding: 20px; margin: 10px 0; border-radius: 5px; box-shadow: 0 1px 5px rgba(0,0,0,0.1);\">\n        <h3 style=\"margin-bottom: 10px; color: #1e3c72;\">Kas tellimused uuenevad automaatselt?<\/h3>\n        <p style=\"color: #555;\">\n          Ei, tellimused ei uuene automaatselt. P\u00e4rast paketi aegumist peate selle k\u00e4sitsi uuendama.\n        <\/p>\n      <\/div>\n    <\/div>\n  <\/section>\n\n\t\t\t\t<\/div>\n\t\t\t\t\t<\/div>\n\t\t\t\t<\/div>\n\t\t\t\t<\/div>","protected":false},"excerpt":{"rendered":"<p>Nova IPTV Subscription UK Discover a revolutionary way to watch TV in the UK with over 34,000 global channels and 195,000 movies &#038; series in stunning 4K resolution\u2014all secured by our advanced integrated VPN. Explore Our Plans Promo Code: firstorder&#8230;<\/p>","protected":false},"author":1,"featured_media":0,"parent":0,"menu_order":0,"comment_status":"closed","ping_status":"closed","template":"","meta":{"footnotes":""},"class_list":["post-5649","page","type-page","status-publish","hentry"],"_links":{"self":[{"href":"https:\/\/novaiptv.to\/et\/wp-json\/wp\/v2\/pages\/5649","targetHints":{"allow":["GET"]}}],"collection":[{"href":"https:\/\/novaiptv.to\/et\/wp-json\/wp\/v2\/pages"}],"about":[{"href":"https:\/\/novaiptv.to\/et\/wp-json\/wp\/v2\/types\/page"}],"author":[{"embeddable":true,"href":"https:\/\/novaiptv.to\/et\/wp-json\/wp\/v2\/users\/1"}],"replies":[{"embeddable":true,"href":"https:\/\/novaiptv.to\/et\/wp-json\/wp\/v2\/comments?post=5649"}],"version-history":[{"count":0,"href":"https:\/\/novaiptv.to\/et\/wp-json\/wp\/v2\/pages\/5649\/revisions"}],"wp:attachment":[{"href":"https:\/\/novaiptv.to\/et\/wp-json\/wp\/v2\/media?parent=5649"}],"curies":[{"name":"wp","href":"https:\/\/api.w.org\/{rel}","templated":true}]}}