{"id":7467,"date":"2025-06-07T15:35:10","date_gmt":"2025-06-07T15:35:10","guid":{"rendered":"https:\/\/novaiptv.org\/?page_id=7467"},"modified":"2025-06-07T15:35:10","modified_gmt":"2025-06-07T15:35:10","slug":"nova-iptv","status":"publish","type":"page","link":"https:\/\/novaiptv.to\/et\/nova-iptv\/","title":{"rendered":"Muutke oma meelelahutust Nova IPTV-ga \u2013 \u00fclim voogedastuslahendus 2025. aastaks"},"content":{"rendered":"<div data-elementor-type=\"wp-page\" data-elementor-id=\"7467\" class=\"elementor elementor-7467\" data-elementor-post-type=\"page\">\n\t\t\t\t<div class=\"elementor-element elementor-element-c03ed15 e-flex e-con-boxed e-con e-parent\" data-id=\"c03ed15\" data-element_type=\"container\" data-e-type=\"container\">\n\t\t\t\t\t<div class=\"e-con-inner\">\n\t\t\t\t<div class=\"elementor-element elementor-element-bd32176 elementor-widget elementor-widget-html\" data-id=\"bd32176\" data-element_type=\"widget\" data-e-type=\"widget\" data-widget_type=\"html.default\">\n\t\t\t\t\t<style>\n    .pricing-grid {\n  display: grid;\n  grid-template-columns: repeat(auto-fit, minmax(250px,1fr));\n  gap: 30px;\n  margin-top: 30px;\n}\n\n.pricing-card {\n  background: #fff;\n  border-radius: 18px;\n  box-shadow: 0 4px 24px rgba(0,0,0,0.08);\n  text-align: center;\n  padding: 32px 20px 28px 20px;\n  transition: transform 0.2s, box-shadow 0.2s;\n  border: 2px solid transparent;\n  position: relative;\n}\n\n.pricing-card:hover {\n  transform: translateY(-8px) scale(1.03);\n  box-shadow: 0 8px 32px rgba(0,123,255,0.12);\n}\n\n.pricing-card.featured {\n  background: #e6f2ff;\n  border: 2px solid #007bff;\n}\n\n.pricing-card .star {\n  position: absolute;\n  top: 18px;\n  right: 18px;\n  font-size: 26px;\n  color: #ffc107;\n}\n\n.pricing-title {\n  font-size: 2rem;\n  font-weight: 700;\n  margin-bottom: 8px;\n}\n\n.pricing-price {\n  font-size: 1.7rem;\n  color: #007bff;\n  font-weight: 700;\n  margin-bottom: 8px;\n}\n\n.pricing-desc {\n  color: #888;\n  margin-bottom: 18px;\n  font-size: 1.1rem;\n}\n\n.pricing-features {\n  list-style: none;\n  padding: 0;\n  margin: 0;\n  color: #222;\n  font-size: 1.05rem;\n  text-align: left;\n  margin-top: 10px;\n}\n\n.pricing-features li {\n  margin-bottom: 8px;\n  padding-left: 18px;\n  position: relative;\n}\n\n.pricing-features li:before {\n  content: '\u2714';\n  color: #007bff;\n  position: absolute;\n  left: 0;\n  font-size: 1rem;\n}\n<\/style>\n<!-- Nova IPTV Elementor Landing Page Template (SEO Optimized - Light Theme - 1200 Words Version) -->\n<section style=\"background:#ffffff; color:#111; font-family:sans-serif; padding:60px 20px;\">\n  <div style=\"max-width:1200px; margin:auto;\">\n\n    <!-- Table of Contents -->\n    \n\n    <!-- Hero Section -->\n    <div id=\"nova-iptv-intro\" style=\"text-align:center; padding-bottom:60px;\">\n      <h1 style=\"font-size:48px; margin-bottom:10px;\">Muutke oma meelelahutust Nova IPTV-ga \u2013 \u00fclim voogedastuslahendus 2025. aastaks<\/h1>\n      <h2 style=\"font-size:24px; color:#555;\">Kogege esmaklassilist voogedastust k\u00f5igis oma seadmetes \u2013 v\u00e4lkkiire ja globaalselt k\u00e4ttesaadav<\/h2>\n      <p style=\"max-width:750px; margin:20px auto; font-size:18px; line-height:1.7;\">\n        Avasta revolutsiooniline voogedastusplatvorm, mis pakub enneolematut meelelahutuskogemust. Juurdep\u00e4\u00e4suga enam kui 18 000 otse\u00fclekande kanalile, 60 000 filmile ja 8400 sarjale seab Nova IPTV digitaalse meelelahutuse valdkonnas uued standardid. Meie tipptasemel tehnoloogia tagab kristallselge voogedastuskvaliteedi ja minimaalse puhverdamise, muutes selle miljonite vaatajate eelistatud valikuks kogu maailmas.\n      <\/p>\n      <p style=\"max-width:750px; margin:0 auto 20px; font-size:18px; line-height:1.7;\">\n        Olenemata sellest, kas oled kodus v\u00f5i liikvel, naudi <a href=\"https:\/\/novaiptv.to\/et\/embarking-on-the-iptv-odyssey\/\">sujuv voogesitus<\/a> k\u00f5igis teie seadmetes. Meie platvorm on optimeeritud <a href=\"https:\/\/novaiptv.to\/et\/parimad-iptv-mangijad-2025-aastal\/\">Nutitelerid<\/a>, Android, iOS, FireStick ja PC, pakkudes v\u00f5rratut paindlikkust ja mugavust. Intuitiivne armatuurlaud muudab navigeerimise vaevatuks, samas kui t\u00e4iustatud funktsioonid, nagu v\u00e4lkkiire otsing ja lemmikute haldamine, parandavad teie vaatamiskogemust.\n      <\/p>\n      <img decoding=\"async\" src=\"https:\/\/novaiptv.to\/wp-content\/uploads\/2025\/06\/image.webp\" alt=\"Nova IPTV esmaklassiline voogedastusliides\" style=\"max-width:100%; border-radius:10px; margin-top:20px;\">\n      <a href=\"http:\/\/panel.novaiptv.org\/\" style=\"padding:14px 28px; background:#007bff; color:#fff; border-radius:6px; font-size:18px; display:inline-block; margin-top:30px;\" target=\"_blank\" rel=\"noopener\">Alusta oma premium-voogedastuse teekonda<\/a>\n    <\/div>\n\n    <!-- Why Nova IPTV -->\n    <div id=\"why-nova-iptv\">\n      <h2 style=\"font-size:36px; text-align:center; margin-bottom:30px;\">Miks valida Nova IPTV?<\/h2>\n      <ul style=\"max-width:800px; margin:auto; list-style:none; padding:0;\">\n        <li style=\"margin:12px 0;\">\u2705 Juurdep\u00e4\u00e4s voogedastusele \u00fcle maailma \u2013 geograafilisi piiranguid pole<\/li>\n        <li style=\"margin:12px 0;\">\u2705 Ettev\u00f5tteklassi serverid 99.9% t\u00f6\u00f6aja garantiiga<\/li>\n        <li style=\"margin:12px 0;\">\u2705 Mitme seadme voogedastus \u2013 vaata korraga viiel seadmel<\/li>\n        <li style=\"margin:12px 0;\">\u2705 24\/7 esmaklassiline tugi mitme <a href=\"https:\/\/novaiptv.to\/et\/kanalid\/\">kanalid<\/a><\/li>\n        <li style=\"margin:12px 0;\">\u2705 Nutikas armatuurlaud automaatsete sisuv\u00e4rskendustega<\/li>\n        <li style=\"margin:12px 0;\">\u2705 T\u00e4iustatud EPG (elektroonilise saatekava) integratsioon<\/li>\n        <li style=\"margin:12px 0;\">\u2705 J\u00e4relevaatamise telesaated ja VOD (Video on Demand) funktsioonid<\/li>\n      <\/ul>\n      <p style=\"text-align:center; max-width:750px; margin:20px auto; font-size:16px;\">\n        Tunnustatud kui <a href=\"https:\/\/www.techradar.com\/best\/best-iptv\" target=\"_blank\" rel=\"dofollow noopener\" style=\"color:#007bff;\">juhtiv voogedastusteenuse pakkuja<\/a> valdkonna ekspertide poolt.\n      <\/p>\n    <\/div>\n\n    <!-- Content Library -->\n    <div id=\"content-library\" style=\"margin-top:60px;\">\n      <h2 style=\"text-align:center; font-size:32px;\">Ulatuslik sisukogu<\/h2>\n      <div style=\"max-width:800px; margin:auto;\">\n        <p style=\"margin-bottom:20px;\">Meie ulatuslik sisukogu on hoolikalt kureeritud, et pakkuda parimat meelelahutuskogemust:<\/p>\n        <div style=\"display:grid; grid-template-columns:repeat(auto-fit,minmax(300px,1fr)); gap:20px;\">\n          <div style=\"background:#f9f9f9; padding:20px; border-radius:10px;\">\n            <h3>Otse\u00fclekanded telekanalitest<\/h3>\n            <ul style=\"list-style:none; padding:0;\">\n              <li>\u2022 Premium-spordiv\u00f5rgud<\/li>\n              <li>\u2022 Rahvusvahelised uudistekanalid<\/li>\n              <li>\u2022 Meelelahutus ja filmid<\/li>\n              <li>\u2022 Lastele ja peredele m\u00f5eldud sisu<\/li>\n              <li>\u2022 Muusika ja elustiil<\/li>\n            <\/ul>\n          <\/div>\n          <div style=\"background:#f9f9f9; padding:20px; border-radius:10px;\">\n            <h3>Filmid ja sarjad<\/h3>\n            <ul style=\"list-style:none; padding:0;\">\n              <li>\u2022 Uusimad kassahitid<\/li>\n              <li>\u2022 Klassikalised filmid<\/li>\n              <li>\u2022 Populaarsed telesaated<\/li>\n              <li>\u2022 Dokumentaalfilmid<\/li>\n              <li>\u2022 S\u00f5ltumatud filmid<\/li>\n            <\/ul>\n          <\/div>\n        <\/div>\n      <\/div>\n    <\/div>\n\n    <!-- Streaming Quality -->\n    <div id=\"streaming-quality\" style=\"margin-top:60px;\">\n      <h2 style=\"text-align:center; font-size:32px;\">Tipptasemel voogedastuskvaliteet<\/h2>\n      <div style=\"max-width:800px; margin:auto;\">\n        <p style=\"margin-bottom:20px;\">Kogege kristallselget voogedastust meie t\u00e4iustatud tehnoloogiaga:<\/p>\n        <div style=\"display:grid; grid-template-columns:repeat(auto-fit,minmax(300px,1fr)); gap:20px;\">\n          <div style=\"background:#f9f9f9; padding:20px; border-radius:10px;\">\n            <h3>Voogesitustehnoloogia<\/h3>\n            <ul style=\"list-style:none; padding:0;\">\n              <li>\u2022 Adaptiivse bitikiirusega voogesitus<\/li>\n              <li>\u2022 HD ja Full HD kvaliteet<\/li>\n              <li>\u2022 Madala latentsusega taasesitus<\/li>\n              <li>\u2022 K\u00fclmumisvastane tehnoloogia<\/li>\n              <li>\u2022 Nutikas ribalaiuse haldamine<\/li>\n            <\/ul>\n          <\/div>\n          <div style=\"background:#f9f9f9; padding:20px; border-radius:10px;\">\n            <h3>J\u00f5udlusfunktsioonid<\/h3>\n            <ul style=\"list-style:none; padding:0;\">\n              <li>\u2022 Kohene kanalite vahetamine<\/li>\n              <li>\u2022 Kiire sisu laadimine<\/li>\n              <li>\u2022 Puhverdamata voogesitus<\/li>\n              <li>\u2022 Stabiilne \u00fchendus<\/li>\n              <li>\u2022 Optimeeritud serveriv\u00f5rk<\/li>\n            <\/ul>\n          <\/div>\n        <\/div>\n      <\/div>\n    <\/div>\n\n    <!-- Features Section -->\n    <div id=\"features\" style=\"margin-top:60px;\">\n      <h2 style=\"text-align:center; font-size:32px;\">Lisafunktsioonid, mis meid eristavad<\/h2>\n      <div style=\"display:grid; grid-template-columns:repeat(auto-fit,minmax(300px,1fr)); gap:30px; margin-top:30px;\">\n        <div style=\"background:#f9f9f9; padding:20px; border-radius:10px;\">\n          <h3>T\u00e4iustatud voogedastustehnoloogia<\/h3>\n          <p>Kogege puhverdamata voogedastust meie tipptasemel serverite ja adaptiivse bitikiiruse tehnoloogiaga. Meie intelligentne s\u00fcsteem reguleerib kvaliteeti automaatselt teie interneti\u00fchenduse p\u00f5hjal, tagades sujuva taasesituse igas olukorras.<\/p>\n        <\/div>\n        <div style=\"background:#f9f9f9; padding:20px; border-radius:10px;\">\n          <h3>Mitme keele tugi<\/h3>\n          <p>Meie ulatuslike subtiitrite ja heliribade valikute abil on sisu saadaval mitmes keeles. Meie platvorm toetab \u00fcle 50 keele, mist\u00f5ttu sobib see ideaalselt rahvusvahelistele vaatajatele ja keele\u00f5ppijatele.<\/p>\n        <\/div>\n        <div style=\"background:#f9f9f9; padding:20px; border-radius:10px;\">\n          <h3>Vanemlik kontroll<\/h3>\n          <p>Hoidke oma pere turvaliselt kohandatavate sisupiirangute ja vaatamislimiitidega. Looge profiilid erinevatele pereliikmetele ja kontrollige, millisele sisule nad juurde p\u00e4\u00e4sevad.<\/p>\n        <\/div>\n      <\/div>\n    <\/div>\n\n    <!-- Security Section -->\n    <div id=\"security\" style=\"margin-top:60px;\">\n      <h2 style=\"text-align:center; font-size:32px;\">Turvalisus ja privaatsus<\/h2>\n      <div style=\"max-width:800px; margin:auto;\">\n        <p style=\"margin-bottom:20px;\">Teie turvalisus ja privaatsus on meie peamised prioriteedid:<\/p>\n        <div style=\"display:grid; grid-template-columns:repeat(auto-fit,minmax(300px,1fr)); gap:20px;\">\n          <div style=\"background:#f9f9f9; padding:20px; border-radius:10px;\">\n            <h3>Turvafunktsioonid<\/h3>\n            <ul style=\"list-style:none; padding:0;\">\n              <li>\u2022 Kr\u00fcpteeritud \u00fchendused<\/li>\n              <li>\u2022 Turvaline maksete t\u00f6\u00f6tlemine<\/li>\n              <li>\u2022 Kaitstud kasutajaandmed<\/li>\n              <li>\u2022 Regulaarsed turvav\u00e4rskendused<\/li>\n              <li>\u2022 Pahavaravastane kaitse<\/li>\n            <\/ul>\n          <\/div>\n          <div style=\"background:#f9f9f9; padding:20px; border-radius:10px;\">\n            <h3>Privaatsuse kaitse<\/h3>\n            <ul style=\"list-style:none; padding:0;\">\n              <li>\u2022 Andmete kogumine puudub<\/li>\n              <li>\u2022 Anon\u00fc\u00fcmne vaatamine<\/li>\n              <li>\u2022 VPN-\u00fchilduvus<\/li>\n              <li>\u2022 Privaatne sirvimine<\/li>\n              <li>\u2022 Turvaline autentimine<\/li>\n            <\/ul>\n          <\/div>\n        <\/div>\n      <\/div>\n    <\/div>\n\n    <!-- Support Section -->\n    <div id=\"support\" style=\"margin-top:60px;\">\n      <h2 style=\"text-align:center; font-size:32px;\">24\/7 klienditugi<\/h2>\n      <div style=\"max-width:800px; margin:auto;\">\n        <p style=\"margin-bottom:20px;\">Meie p\u00fchendunud tugimeeskond on alati valmis teid aitama:<\/p>\n        <div style=\"display:grid; grid-template-columns:repeat(auto-fit,minmax(300px,1fr)); gap:20px;\">\n          <div style=\"background:#f9f9f9; padding:20px; border-radius:10px;\">\n            <h3>Tugikanalid<\/h3>\n            <ul style=\"list-style:none; padding:0;\">\n              <li>\u2022 Reaalajas vestluse tugi<\/li>\n              <li>\u2022 E-posti tugi<\/li>\n              <li>\u2022 WhatsAppi tugi<\/li>\n              <li>\u2022 Telegrami tugi<\/li>\n              <li>\u2022 Teadmusbaas<\/li>\n            <\/ul>\n          <\/div>\n          <div style=\"background:#f9f9f9; padding:20px; border-radius:10px;\">\n            <h3>Tugifunktsioonid<\/h3>\n            <ul style=\"list-style:none; padding:0;\">\n              <li>\u2022 Kiire reageerimisaeg<\/li>\n              <li>\u2022 Tehniline abi<\/li>\n              <li>\u2022 Konto tugi<\/li>\n              <li>\u2022 Arvelduse tugi<\/li>\n              <li>\u2022 Seadistamisjuhised<\/li>\n            <\/ul>\n          <\/div>\n        <\/div>\n      <\/div>\n    <\/div>\n\n    <!-- Devices -->\n    <div id=\"devices\" style=\"margin-top:60px;\">\n      <h2 style=\"text-align:center; font-size:32px;\">Universaalne seadmete \u00fchilduvus<\/h2>\n      <p style=\"text-align:center; max-width:800px; margin:10px auto 30px;\">\n        Nautige <a href=\"https:\/\/novaiptv.to\/et\/iptv-odusseia-strateegiad\/\">sujuv voogesitus<\/a> k\u00f5igis teie lemmikseadmetes meie optimeeritud platvormi abil:\n      <\/p>\n      <ul style=\"max-width:800px; margin:30px auto; list-style:none; padding:0; display:flex; flex-wrap:wrap; justify-content:space-around;\">\n        <li>\ud83d\udcf1 Androidi nutitelefonid ja tahvelarvutid<\/li>\n        <li>\ud83d\udcfa Nutitelerid (Samsung, LG, Sony)<\/li>\n        <li>\ud83d\udd25 FireStick, Roku ja Fire TV<\/li>\n        <li>\ud83d\udcbb Windowsi ja macOS-i arvutid<\/li>\n        <li>\ud83d\udcf2 iOS koos TiviMate&#039;i v\u00f5i Smarters Playeriga<\/li>\n        <li>\ud83c\udfae MAG-karbid ja <a href=\"https:\/\/novaiptv.to\/et\/android-tv\/\">Android-teler<\/a> Kastid<\/li>\n      <\/ul>\n    <\/div>\n\n    <!-- Plans -->\n    <div id=\"plans\" style=\"margin-top:60px;\">\n      <h2 style=\"text-align:center; font-size:32px;\">Paindlikud tellimusplaanid<\/h2>\n      <p style=\"text-align:center; max-width:800px; margin:10px auto 30px;\">\n        Vali oma meelelahutusvajaduste jaoks ideaalne pakett, alates tavalisest vaatamisest kuni premium-voogedastuseni.\n      <\/p>\n      <div class=\"pricing-grid\">\n  <div class=\"pricing-card\">\n    <div class=\"pricing-title\">1 kuu<\/div>\n    <div class=\"pricing-price\">$7.99<\/div>\n    <div class=\"pricing-desc\">Ideaalne meie teenuse proovimiseks<\/div>\n    <ul class=\"pricing-features\">\n      <li>Kohene aktiveerimine<\/li>\n      <li>T\u00e4is-HD voogedastus<\/li>\n      <li>K\u00f5ikide kanalite ligip\u00e4\u00e4s<\/li>\n      <li>5 seadet<\/li>\n      <li>Premium-tugi<\/li>\n    <\/ul>\n  <\/div>\n  <div class=\"pricing-card\">\n    <div class=\"pricing-title\">3 kuud<\/div>\n    <div class=\"pricing-price\">$22.99<\/div>\n    <div class=\"pricing-desc\">K\u00f5ige populaarsem valik<\/div>\n    <ul class=\"pricing-features\">\n              <li>Kohene aktiveerimine<\/li>\n\n      <li>Salvesta 15%<\/li>\n      <li>Premium-tugi<\/li>\n      <li>J\u00e4relevaatamine teles<\/li>\n      <li>Elektroonilise saatekava ligip\u00e4\u00e4s<\/li>\n    <\/ul>\n  <\/div>\n  <div class=\"pricing-card featured\">\n    <span class=\"star\">\u2605<\/span>\n    <div class=\"pricing-title\">12 kuud<\/div>\n    <div class=\"pricing-price\">$69.99<\/div>\n    <div class=\"pricing-desc\">Parim hinna ja kvaliteedi suhe<\/div>\n    <ul class=\"pricing-features\">\n              <li>Kohene aktiveerimine<\/li>\n\n      <li>Salvesta 35%<\/li>\n      <li>Premium-tugi<\/li>\n      <li>K\u00f5ik Premium-funktsioonid<\/li>\n      <li>Varajane juurdep\u00e4\u00e4s<\/li>\n    <\/ul>\n  <\/div>\n  <div class=\"pricing-card\">\n    <div class=\"pricing-title\">24 kuud<\/div>\n    <div class=\"pricing-price\">$119.99<\/div>\n    <div class=\"pricing-desc\">\u00dclim kokkuhoid<\/div>\n    <ul class=\"pricing-features\">\n              <li>Kohene aktiveerimine<\/li>\n\n      <li>Salvesta 50%<\/li>\n      <li>Premium-tugi<\/li>\n      <li>K\u00f5ik funktsioonid<\/li>\n      <li>Prioriteetsed v\u00e4rskendused<\/li>\n    <\/ul>\n  <\/div>\n<\/div>\n      \n      \n      <\/div>\n    <\/div>\n\n    <!-- APK Download -->\n    <div id=\"apk\" style=\"background:#f0f4fa; padding:40px; border-radius:10px; text-align:center; margin-top:60px;\">\n      <h2>Laadige alla meie premium-tasemel voogedastusrakendus<\/h2>\n      <p>Kogege v\u00e4lkkiirelt <a href=\"https:\/\/novaiptv.to\/et\/android-teler-2025\/\">voogedastus meie optimeeritud Androidiga<\/a> rakendus. Regulaarsed uuendused tagavad parima j\u00f5udluse ja turvalisuse.<\/p>\n      <div style=\"margin:20px 0;\">\n        <p>\u2713 Kerge rakendus (8 MB)<\/p>\n        <p>\u2713 Automaatsed v\u00e4rskendused<\/p>\n        <p>\u2713 Sisseehitatud m\u00e4ngija<\/p>\n        <p>\u2713 Elektroonilise saatekava tugi<\/p>\n      <\/div>\n      <a href=\"https:\/\/novaiptv.to\/et\/nova-iptv-android-app\/\" style=\"padding:14px 28px; background:#007bff; color:#fff; border-radius:6px; font-weight:bold;\">\ud83d\udce5 Laadige alla Premium-rakendus<\/a>\n    <\/div>\n\n    <!-- FAQ -->\n    <div id=\"faq\" style=\"margin-top:80px;\">\n      <h2 style=\"text-align:center; font-size:32px;\">Korduma kippuvad k\u00fcsimused<\/h2>\n      <div style=\"max-width:800px; margin:auto;\">\n        <p><strong>On <a href=\"https:\/\/novaiptv.to\/et\/osta-iptv-tellimus-usa-s-2025-aastal\/\">Nova IPTV<\/a> seaduslik?<\/strong><br>Meie teenus pakub juurdep\u00e4\u00e4su sisule, mida v\u00f5ib vabalt levitada. Kasutajad vastutavad kohalike eeskirjade j\u00e4rgimise eest.<\/p>\n        <p><strong>Kas ma vajan VPN-i?<\/strong><br>Kuigi see pole kohustuslik, soovitame kasutada <a href=\"https:\/\/nordvpn.com\" rel=\"dofollow noopener\" style=\"color:#007bff;\" target=\"_blank\">NordVPN<\/a> t\u00e4iustatud privaatsuse ja piiramatu juurdep\u00e4\u00e4su tagamiseks.<\/p>\n        <p><strong>Kuidas ma tellin?<\/strong><br>K\u00fclasta <a href=\"http:\/\/panel.novaiptv.org\/\" style=\"color:#007bff;\" target=\"_blank\" rel=\"noopener\">meie tellimispaneel<\/a> et valida oma eelistatud pakett. Seadistamine v\u00f5tab v\u00e4hem kui 5 minutit.<\/p>\n        <p><strong>Milliseid makseviise te aktsepteerite?<\/strong><br>Teie mugavuse huvides aktsepteerime k\u00f5iki peamisi krediitkaarte, PayPali ja kr\u00fcptovaluutamakseid.<\/p>\n        <p><strong>Kas ma saan oma tellimuse t\u00fchistada?<\/strong><br>Jah, saate igal ajal t\u00fchistada. Pikaajalisi kohustusi pole vaja.<\/p>\n        <p><strong>Millist interneti kiirust ma vajan?<\/strong><br>HD-voogesituse puhul soovitame minimaalset kiirust 10 Mbps. Meie adaptiivne voogedastustehnoloogia tagab teie \u00fchenduse p\u00f5hjal optimaalse kvaliteedi.<\/p>\n        <p><strong>Mitu seadet ma saan kasutada?<\/strong><br>\u00dche tellimusega saad voogesitada samaaegselt kuni viiel seadmel.<\/p>\n        <p><strong>Kas pakute tasuta prooviperioodi?<\/strong><br>Jah, pakume 24-tunnist tasuta prooviperioodi meie teenuste testimiseks <a href=\"https:\/\/novaiptv.to\/et\/\">teenuse enne tellimuse vormistamist<\/a>.<\/p>\n      <\/div>\n    <\/div>\n\n    <!-- Final CTA -->\n    <div id=\"cta\" style=\"text-align:center; margin-top:60px;\">\n      <h2>Muutke oma meelelahutuskogemust juba t\u00e4na<\/h2>\n      <p style=\"max-width:700px; margin:auto; font-size:16px;\">\n        Liitu miljonite rahulolevate kasutajatega, kes on oma meelelahutust t\u00e4iustanud <a href=\"https:\/\/novaiptv.to\/et\/osta-iptv-tellimus-usa-s-2025-aastal\/\">Nova IPTV<\/a>. Kogege esmaklassilist voogedastuskvaliteeti, ulatuslikku sisukogu ja v\u00f5rratut t\u00f6\u00f6kindlust.\n      <\/p>\n      <a href=\"http:\/\/panel.novaiptv.org\/\" style=\"padding:14px 28px; background:#007bff; color:#fff; border-radius:6px; font-size:18px; display:inline-block; margin-top:20px;\" target=\"_blank\" rel=\"noopener\">Alusta oma premium-voogedastuse teekonda<\/a>\n    <\/div>\n\n<\/section>\n\n\n\n\t\t\t\t<\/div>\n\t\t\t\t\t<\/div>\n\t\t\t\t<\/div>\n\t\t\t\t<\/div>","protected":false},"excerpt":{"rendered":"<p>Transform Your Entertainment with Nova IPTV \u2013 The Ultimate Streaming Solution for 2025 Experience Premium Streaming Across All Your Devices \u2013 Lightning Fast &#038; Globally Accessible Discover a revolutionary streaming platform that delivers an unparalleled entertainment experience. With access to&#8230;<\/p>","protected":false},"author":1,"featured_media":7473,"parent":0,"menu_order":0,"comment_status":"closed","ping_status":"closed","template":"","meta":{"footnotes":""},"class_list":["post-7467","page","type-page","status-publish","has-post-thumbnail","hentry"],"_links":{"self":[{"href":"https:\/\/novaiptv.to\/et\/wp-json\/wp\/v2\/pages\/7467","targetHints":{"allow":["GET"]}}],"collection":[{"href":"https:\/\/novaiptv.to\/et\/wp-json\/wp\/v2\/pages"}],"about":[{"href":"https:\/\/novaiptv.to\/et\/wp-json\/wp\/v2\/types\/page"}],"author":[{"embeddable":true,"href":"https:\/\/novaiptv.to\/et\/wp-json\/wp\/v2\/users\/1"}],"replies":[{"embeddable":true,"href":"https:\/\/novaiptv.to\/et\/wp-json\/wp\/v2\/comments?post=7467"}],"version-history":[{"count":0,"href":"https:\/\/novaiptv.to\/et\/wp-json\/wp\/v2\/pages\/7467\/revisions"}],"wp:featuredmedia":[{"embeddable":true,"href":"https:\/\/novaiptv.to\/et\/wp-json\/wp\/v2\/media\/7473"}],"wp:attachment":[{"href":"https:\/\/novaiptv.to\/et\/wp-json\/wp\/v2\/media?parent=7467"}],"curies":[{"name":"wp","href":"https:\/\/api.w.org\/{rel}","templated":true}]}}