{"id":7748,"date":"2025-07-19T11:13:10","date_gmt":"2025-07-19T11:13:10","guid":{"rendered":"https:\/\/novaiptv.org\/?page_id=7748"},"modified":"2025-07-19T11:13:10","modified_gmt":"2025-07-19T11:13:10","slug":"iptv-juhend","status":"publish","type":"page","link":"https:\/\/novaiptv.to\/et\/iptv-juhend\/","title":{"rendered":"7 Surprising Truths About IPTVs &#038; The Best IPTV Services for 2025"},"content":{"rendered":"<div data-elementor-type=\"wp-page\" data-elementor-id=\"7748\" class=\"elementor elementor-7748\" data-elementor-post-type=\"page\">\n\t\t\t\t<div class=\"elementor-element elementor-element-6676031 e-flex e-con-boxed e-con e-parent\" data-id=\"6676031\" data-element_type=\"container\" data-e-type=\"container\">\n\t\t\t\t\t<div class=\"e-con-inner\">\n\t\t\t\t\t<\/div>\n\t\t\t\t<\/div>\n\t\t<div class=\"elementor-element elementor-element-c58c47b e-flex e-con-boxed e-con e-parent\" data-id=\"c58c47b\" data-element_type=\"container\" data-e-type=\"container\">\n\t\t\t\t\t<div class=\"e-con-inner\">\n\t\t\t\t<div class=\"elementor-element elementor-element-eac6538 elementor-widget elementor-widget-html\" data-id=\"eac6538\" data-element_type=\"widget\" data-e-type=\"widget\" data-widget_type=\"html.default\">\n\t\t\t\t\t<section class=\"iptv-article-section\">\n  <style>\n    .iptv-article-section{\n      --iptv-max-width: 960px;\n      --iptv-accent:#2563eb;\n      --iptv-bg:#0f1115;\n      --iptv-surface:#161a20;\n      --iptv-border:#2a3039;\n      --iptv-text:#e5e7eb;\n      --iptv-muted:#94a3b8;\n      --iptv-radius:14px;\n      --iptv-gradient:linear-gradient(135deg,#1e293b 0%,#0f172a 60%,#020617 100%);\n      background:var(--iptv-bg);\n      padding: clamp(2rem,4vw,3.5rem) 1.25rem;\n      font-family: \"Inter\", system-ui, -apple-system, BlinkMacSystemFont, \"Segoe UI\", Roboto, \"Helvetica Neue\", Arial, sans-serif;\n      line-height:1.6;\n      color:var(--iptv-text);\n    }\n    .iptv-article-section .iptv-container{\n      max-width:var(--iptv-max-width);\n      margin:0 auto;\n      background:var(--iptv-surface);\n      border:1px solid var(--iptv-border);\n      padding:clamp(1.75rem,2.5vw,2.5rem) clamp(1.5rem,2.5vw,3rem);\n      border-radius:var(--iptv-radius);\n      box-shadow:0 8px 28px -6px rgba(0,0,0,.55),0 0 0 1px rgba(255,255,255,0.02) inset;\n      background-image:\n        radial-gradient(circle at 15% 10%,rgba(59,130,246,.15),transparent 60%),\n        radial-gradient(circle at 85% 85%,rgba(56,189,248,.1),transparent 55%),\n        var(--iptv-gradient);\n      overflow:hidden;\n    }\n    .iptv-article-section img.logo{\n      display:block;\n      max-width:140px;\n      margin:0 0 1.25rem;\n      filter:drop-shadow(0 4px 10px rgba(0,0,0,.4));\n    }\n    .iptv-article-section h1,\n    .iptv-article-section h2,\n    .iptv-article-section h3{\n      font-weight:600;\n      line-height:1.25;\n      letter-spacing:-.02em;\n      scroll-margin-top:90px;\n    }\n    .iptv-article-section h1{\n      font-size:clamp(2.1rem,4.2vw,3.1rem);\n      background:linear-gradient(90deg,#60a5fa,#38bdf8 40%,#818cf8);\n      -webkit-background-clip:text;\n      color:transparent;\n      margin:0 0 1.2rem;\n    }\n    .iptv-article-section h2{\n      font-size:clamp(1.55rem,2.9vw,2.1rem);\n      margin:2.4rem 0 1rem;\n      color:#f1f5f9;\n      position:relative;\n    }\n    .iptv-article-section h2:after{\n      content:\"\";\n      position:absolute;\n      left:0;\n      bottom:-.55rem;\n      width:68px;\n      height:3px;\n      border-radius:3px;\n      background:linear-gradient(90deg,#3b82f6,#0ea5e9);\n      box-shadow:0 0 0 1px rgba(255,255,255,.05);\n    }\n    .iptv-article-section h3{\n      font-size:clamp(1.25rem,2.2vw,1.5rem);\n      margin:2.1rem 0 .85rem;\n      color:#e2e8f0;\n    }\n    .iptv-article-section p{\n      margin:0 0 1.05rem;\n      font-size:1.01rem;\n    }\n    .iptv-article-section p strong{color:#f8fafc;}\n    .iptv-article-section ul{\n      margin:0 0 1.4rem 1.15rem;\n      padding:0;\n      list-style:none;\n    }\n    .iptv-article-section ul li{\n      position:relative;\n      padding:.4rem .75rem .4rem 1.75rem;\n      margin:.25rem 0;\n      background:rgba(255,255,255,.04);\n      border:1px solid rgba(255,255,255,.07);\n      border-radius:10px;\n      font-size:.97rem;\n      line-height:1.45;\n      backdrop-filter:blur(4px);\n    }\n    .iptv-article-section ul li:before{\n      content:\"\";\n      position:absolute;\n      left:.7rem;\n      top:50%;\n      width:.55rem;\n      height:.55rem;\n      background:linear-gradient(135deg,#3b82f6,#0ea5e9);\n      border-radius:50%;\n      transform:translateY(-50%);\n      box-shadow:0 0 0 3px rgba(59,130,246,.15);\n    }\n    .iptv-article-section a{\n      color:#38bdf8;\n      text-decoration:none;\n      font-weight:500;\n      position:relative;\n    }\n    .iptv-article-section a:after{\n      content:\"\";\n      position:absolute;\n      left:0;\n      bottom:-2px;\n      width:100%;\n      height:2px;\n      background:linear-gradient(90deg,#3b82f6,#06b6d4);\n      transform:scaleX(0);\n      transform-origin:left;\n      transition:.35s cubic-bezier(.65,.05,.36,1);\n    }\n    .iptv-article-section a:hover:after{transform:scaleX(1);}\n    .iptv-article-section blockquote{\n      margin:2rem 0;\n      padding:1.25rem 1.5rem 1.25rem 1.25rem;\n      border-left:5px solid #38bdf8;\n      background:rgba(56,189,248,.08);\n      border-radius:0 14px 14px 0;\n      font-style:italic;\n    }\n    .iptv-article-section code{\n      background:#1e293b;\n      color:#f1f5f9;\n      padding:.2em .5em;\n      border-radius:6px;\n      font-size:.85rem;\n      font-family:ui-monospace, SFMono-Regular, Menlo, Monaco, \"Courier New\", monospace;\n    }\n    .iptv-meta{\n      font-size:.8rem;\n      letter-spacing:.06em;\n      text-transform:uppercase;\n      margin-bottom:1.2rem;\n      color:var(--iptv-muted);\n    }\n    .iptv-article-section hr{\n      border:none;\n      height:1px;\n      background:linear-gradient(90deg,transparent,#334155 20%,#334155 80%,transparent);\n      margin:2.75rem 0;\n    }\n    .iptv-article-section .iptv-grid{\n      display:grid;\n      gap:1.25rem;\n    }\n    .iptv-article-section strong{font-weight:600;}\n    @media (min-width:780px){\n      .iptv-article-section ul li{display:block;}\n    }\n  <\/style>\n  <div class=\"iptv-container\">\n\n    <h1>Mis on IPTV-d? IPTV-teenuste taga peituva segadust tekitava termini m\u00f5istmine<\/h1>\n\n    <meta name=\"description\" content=\"Kas olete huvitatud IPTV-dest? Avastage selle termini tegelik t\u00e4hendus ja tutvuge 2025. aasta parimate IPTV-teenustega. Striimige nutikamalt NovaIPTV-ga.\">\n\n    <h2>Sissejuhatus IPTV-desse \u2013 valesti m\u00f5istetud termin<\/h2>\n    <p>Kui olete otsinud fraasi \u201cIPTV\u201d, pole te ainus. Paljud inimesed komistavad selle termini otsa, kui otsivad v\u00f5imalusi oma voogedastuskogemuse t\u00e4iustamiseks. Aga mis t\u00e4pselt... <strong>on IPTV-d<\/strong>, ja kas see on \u00fcldse \u00f5ige nimi sellele, mida sa otsid?<\/p>\n    <p>Selgitame segadust:<\/p>\n    <ul>\n      <li>\u00d5ige termin on <strong>IPTV<\/strong>, mis t\u00e4histab <em>Internetiprotokolli televisioon<\/em>.<\/li>\n      <li>\u201cIPTV\u201d on mitmusena tavaline segipanek, mida kasutatakse sageli foorumites ja turgudel. Tavaliselt t\u00e4hendab see, et inimesed otsivad <strong><a href=\"https:\/\/novaiptv.to\/et\/iptv-odusseia-strateegiad\/\">IPTV-teenused<\/strong>, <strong>IPTV pakkujad<\/strong>, v\u00f5i isegi konkreetseid seadmeid, mis v\u00f5imaldavad IPTV voogedastust<\/a>.<\/li>\n      <li>Mitmuses olev \u201cIPTV\u201d ei viita tootet\u00fc\u00fcbile. Selle asemel on see pigem seotud... <a href=\"https:\/\/novaiptv.to\/et\/nova-iptv-hinnakujundus\/\">IPTV tellimused<\/a>, voogedastusplatvormid v\u00f5i m\u00f5nikord seadmed, mis toetavad IPTV-d.<\/li>\n    <\/ul>\n    <p>Edasi lugedes saate aru mitte ainult IPTV-de tegelikust t\u00e4hendusest, vaid avastate ka, kuidas NovaIPTV saab teie voogedastuskogemuse traditsioonilisest televisioonist palju paremaks muuta.<\/p>\n\n    <h2>Mis on IPTV?<\/h2>\n    <p>Et t\u00f5eliselt aru saada, mida inimesed IPTV-de all m\u00f5tlevad, anal\u00fc\u00fcsime k\u00f5igepealt, mida <a href=\"https:\/\/en.wikipedia.org\/wiki\/Internet_Protocol_television\" target=\"_blank\" rel=\"noopener\"> IPTV <\/a> on k\u00f5ik seotud.<\/p>\n\n    <h3>Kuidas IPTV t\u00f6\u00f6tab<\/h3>\n    <p>Tavap\u00e4raste kaabel- v\u00f5i satelliitsignaalide asemel, <strong>IPTV (internetiprotokolli televisioon)<\/strong> edastab otse\u00fclekandeid <a href=\"https:\/\/novaiptv.to\/et\/kanalid\/\">kanalid<\/a> ja tellitavat sisu internetis. M\u00f5elge sellest nagu Netflixist v\u00f5i YouTube&#039;ist, aga see on m\u00f5eldud k\u00f5igile teie otse\u00fclekande vajadustele.<\/p>\n    <p>See toimib j\u00e4rgmiselt:<\/p>\n    <ul>\n      <li>\u00dcks <a href=\"https:\/\/novaiptv.to\/et\/5-reasons-nova-iptv-is-the-top-streaming-service-now\/\" title=\"5 p\u00f5hjust, miks Nova IPTV on praegu parim voogedastusteenus!\" data-wpil-monitor-id=\"189\">IPTV pakkuja majutab telekanaleid ja voogedastusi<\/a> turvalistel serveritel.<\/li>\n      <li>Kui sina <a href=\"https:\/\/novaiptv.to\/et\/osta-iptv-tellimus-usa-s-2025-aastal\/\">osta IPTV tellimus<\/a>, saate sisselogimisandmed v\u00f5i esitusloendi lingi.<\/li>\n      <li>Lihtsalt kasutage <a href=\"https:\/\/novaiptv.to\/et\/parim-iptv-mangija-firesticki-jaoks\/\">IPTV rakendus<\/a> (nutiteleris, Firestickis v\u00f5i telefonis), et p\u00e4\u00e4seda ligi tuhandetele otse\u00fclekannetele ja -saadetele interneti\u00fchenduse kaudu.<\/li>\n    <\/ul>\n    <p>Kujutage ette, et vahetate oma vana teleriantenni kiire WiFi-\u00fchenduse vastu \u2013 pole kaableid, seadmeid ega geograafilisi piiranguid.<\/p>\n\n    <h3>Eelised traditsioonilise kaabel-\/satelliittelevisiooni ees<\/h3>\n    <p>Inimesed l\u00e4hevad kaabeltelevisioonilt \u00fcle <a href=\"https:\/\/novaiptv.to\/et\/xtreami-iptv-kanada-2025-aasta-juhend\/\">IPTV-teenused<\/a> v\u00e4ga headel p\u00f5hjustel:<\/p>\n    <ul>\n      <li><strong>Laiem valik<\/strong>Juurdep\u00e4\u00e4s tuhandetele \u00fclemaailmsetele kanalitele ja tellitavale sisule.<\/li>\n      <li><strong>Liikvel olles<\/strong>Kasutamine <a href=\"https:\/\/novaiptv.to\/et\/iptv\/canada\/\" title=\"IPTV Kanada 2025 \u2013 Nova IPTV \u00fclim juhend (paketid, seadmed ja tasuta prooviperiood)\" data-wpil-monitor-id=\"152\">IPTV peaaegu igas seadmes<\/a>, k\u00f5ikjal, kus on internet.<\/li>\n      <li><strong>Paindlikkus<\/strong>Valige l\u00fchiajaliste v\u00f5i pikaajaliste plaanide, mitte j\u00e4ikade aastaste lepingute vahel.<\/li>\n      <li><strong>Kulude kokkuhoid<\/strong>: <a href=\"https:\/\/novaiptv.to\/et\/parim-iptv-tellimus-2025-aastal\/\">IPTV tellimused<\/a> on sageli palju odavamad kui traditsioonilised kaabel- v\u00f5i satelliitpaketid.<\/li>\n      <li><strong>Rikkalikud funktsioonid<\/strong>Nautige HD\/4K kvaliteeti, elektroonilisi saatekavasid (EPG) ja isegi j\u00e4relvaatamise\/kordusfunktsiooni.<\/li>\n    <\/ul>\n\n    <h3>Mida on vaja IPTV kasutamiseks<\/h3>\n    <p>IPTV-ga alustamine on lihtsam, kui arvata oskad. Siin on see, mida vajad:<\/p>\n    <ul>\n      <li><strong>Usaldusv\u00e4\u00e4rne IPTV pakkuja<\/strong> (nagu NovaIPTV)<\/li>\n      <li><strong>Stabiilne kiire interneti\u00fchendus<\/strong> (soovitatav on v\u00e4hemalt 10 Mbps)<\/li>\n      <li><strong>\u00dchilduv seade<\/strong> \u2013 nutiteler, <a href=\"https:\/\/novaiptv.to\/et\/paigaldage-protonvpn-oma-fire-stickile-2025-aastal\/\">Tulekahju TV pulk<\/a>, MAG box, Android-telefon, tahvelarvuti, iOS-seade v\u00f5i arvuti.<\/li>\n      <li><strong>\u00dcks <\/strong><a href=\"https:\/\/novaiptv.to\/et\/iptv-nutikamad-lg-nutitelerid-2025\/\">IPTV rakendus \u2013 valikute hulka kuuluvad nutikas IPTV ja IPTV nutikamad<\/a>, TiviMate v\u00f5i teised.<\/li>\n    <\/ul>\n    <p>Tahad teada, milline seade on parim? Vaata meie <a href=\"\/et\/smart-tv-2025\/\">2025. aasta nutiteleri kava<\/a>.<\/p>\n\n    <h2>Miks inimesed otsivad m\u00e4rks\u00f5na \u201cIPTV\u201d?<\/h2>\n    <p>V\u00f5ite m\u00f5elda, miks nii paljud inimesed otsivad \u201ciptvs\u201d asemel \u201cIPTV\u201d. Siin on p\u00f5hjus:<\/p>\n    <ul>\n      <li><strong>Levinud kirjavead ja automaatsed soovitused<\/strong>Otsimootorid t\u00e4idavad p\u00e4ringud sageli automaatselt, sisestades otsingutermini \u201ciptvs\u201d, sest paljud kasutajad sisestavad selle kogemata v\u00f5i harjumusest.<\/li>\n      <li><strong>\u00dcldised viited<\/strong>Veebiturgudel ja foorumites viitavad inimesed <a href=\"https:\/\/novaiptv.to\/et\/\">IPTV-teenused<\/a> \u00fchiselt \u201cIPTV-deks\u201d.\u201d<\/li>\n      <li><strong>Trendikad otsingumustrid<\/strong>Kuna \u00fcha rohkem kasutajaid katsetab koduse voogesitusega, levivad sellised terminid nagu \u201cparim <a href=\"https:\/\/novaiptv.to\/et\/osta-iptv-tellimus-usa-s-2025-aastal\/\">IPTV-d<\/a> Firesticki jaoks\u201d, \u201codavad IPTV-d\u201d v\u00f5i \u201ctoimivad IPTV-d aastal 2025\u201d otsinguanal\u00fc\u00fctikas.<\/li>\n    <\/ul>\n    <p>Kui sa siin oled, siis otsid kindlasti uusimaid ja <a class=\"wpil_keyword_link\" href=\"https:\/\/novaiptv.to\/et\/\" title=\"parim IPTV\" data-wpil-keyword-link=\"linked\">parim IPTV<\/a> teenused, olenemata \u00f5igekirjast.<\/p>\n\n    <h2>IPTV-d vs IPTV tellimused: mis on tegelik asi?<\/h2>\n    <p>T\u00e4psustagem: \u201cIPTV-d\u201d ei viita seadmetele ega erinevale teenusetasemele \u2013 see k\u00f5ik puudutab <a href=\"https:\/\/novaiptv.to\/et\/nova-iptv-uk-premium-iptv-tellimus\/\">IPTV tellimused<\/a> ja teenusepakkujad.<\/p>\n    <p><a href=\"https:\/\/novaiptv.to\/et\/iptv-tasuta-prooviperiood-kanadas-2025\/\"><\/a><a href=\"https:\/\/novaiptv.to\/et\/iptv-tasuta-prooviperiood-kanadas-2025\/\"><\/a><strong>Usaldusv\u00e4\u00e4rse IPTV-teenuse otsimisel on oluline j\u00e4rgmine:<\/strong><\/p>\n    <ul>\n      <li><strong>Lai kanalite valik:<\/strong> Rahvusvaheline, kohalik, sport, meelelahutus, PPV, lapsed, filmid.<\/li>\n      <li><strong>Kvaliteetsed voogedastused:<\/strong> Pakub HD v\u00f5i 4K valikuid, minimaalset puhverdamist.<\/li>\n      <li><strong>Lihtne seadistamine:<\/strong> Lihtne esitusloend v\u00f5i portaali URL t\u00f6\u00f6tab enamikus seadmetes.<\/li>\n      <li><strong>24\/7 tugi:<\/strong> Vestluse v\u00f5i e-posti teel abi voogedastuse probleemideta j\u00e4tkamiseks.<\/li>\n    <\/ul>\n\n    <h3>NovaIPTV pakkumised<\/h3>\n    <p>NovaIPTV on tuntud j\u00e4rgmiste omaduste poolest:<\/p>\n    <ul>\n      <li><strong>Stabiilsed ja kvaliteetsed voogedastused<\/strong> enam kui 20 000 kanalilt.<\/li>\n      <li><strong>\u00dclikiired serverid<\/strong> sujuva voogedastuse tagamiseks isegi tippspordi\u00fcrituste ajal.<\/li>\n      <li><strong>Paindlikud plaanid<\/strong> igale eelarvele. Avasta kohe meie <a href=\"\/et\/plans\/\">Plaanide leht<\/a>.<\/li>\n      <li><strong>Kasutajas\u00f5bralik <\/strong><a href=\"https:\/\/novaiptv.to\/et\/iptv-smarters-pro-setup-2025\/\" title=\"IPTV Smarters Pro seadistamine NovaIPTV jaoks \u2014 installimine, EPG ja n\u00e4pun\u00e4ited\" data-wpil-monitor-id=\"10\">paigaldustugi \u2013 alates seadistamisest<\/a> juhendid reaalajas vestluse abistamiseks.<\/li>\n    <\/ul>\n    <p>Kas otsid m\u00e4rks\u00f5na \u201ciptv\u201d? Oled j\u00f5udnud \u00fche usaldusv\u00e4\u00e4rsema IPTV pakkuja juurde aastal 2025.<\/p>\n\n    <h2>Kuidas valida parim IPTV-teenus aastal 2025<\/h2>\n    <p>Kui valikuid on nii palju, kuidas sa tead, milline neist on <a class=\"wpil_keyword_link\" href=\"https:\/\/novaiptv.to\/et\/\" title=\"IPTV tellimus\" data-wpil-keyword-link=\"linked\">IPTV tellimus<\/a> Kas see on teie jaoks \u00f5ige? Pidage meeles j\u00e4rgmisi tegureid:<\/p>\n    <ul>\n      <li><strong>Stabiilsus ja t\u00f6\u00f6aeg:<\/strong> J\u00e4rjepidev teenindus on oluline \u2013 te ei soovi suure m\u00e4ngu ajal puhverdamist.<\/li>\n      <li><strong>Elektrooniline saatekava (EPG):<\/strong> Sisseehitatud telekava muudab kanalite vahel sirvimise lihtsamaks.<\/li>\n      <li><strong>Ulatuslik sisukogu:<\/strong> Rohkem kanaleid, rohkem valikuv\u00f5imalusi \u2013 otsi \u00fclemaailmset leviala.<\/li>\n      <li><strong>Klienditugi:<\/strong> Vastutulelik abi siis, kui seda vajate.<\/li>\n      <li><strong>HD ja 4K Steam&#039;id:<\/strong> Teravaima pildi saamiseks n\u00f5udke kvaliteetseid valikuid.<\/li>\n      <li><strong>\u00dchilduvus:<\/strong> Veenduge, et teenusepakkuja t\u00f6\u00f6tab teie seadmetega \u2013 Firestick, nutiteler, Android jne.<\/li>\n    <\/ul>\n\n    <h3>Miks valida NovaIPTV?<\/h3>\n    <ul>\n      <li><strong>Kaljukindel t\u00f6\u00f6aeg<\/strong> ja t\u00f6\u00f6stusharu juhtiv t\u00f6\u00f6kindlus.<\/li>\n      <li><strong>T\u00e4ielik EPG ja j\u00e4relvaatamise funktsioonid<\/strong> \u2014 nii et sa ei j\u00e4\u00e4 kunagi ilma \u00fchestki lemmiksaatest.<\/li>\n      <li><strong>Striimi k\u00f5igil suurematel platvormidel<\/strong> \u2014 sealhulgas <a href=\"\/et\/smart-tv-2025\/\">Nutitelerid<\/a>, <a href=\"\/et\/smart-tv-2025\/\">Tuletikk<\/a>, <a href=\"\/et\/ios-apple-2025\/\">Android\/iOS<\/a>.<\/li>\n      <li><strong>L\u00e4bipaistev ja taskukohane hinnakujundus<\/strong> \u2014 ilma varjatud tasudeta.<\/li>\n      <li><strong>Riskivaba prooviperiood<\/strong> nii et n\u00e4ete ise vahet.<\/li>\n    <\/ul>\n    <p>Avastage meie uusimad <a href=\"\/et\/plans\/\">plaanid ja pakkumised<\/a> n\u00fc\u00fcd.<\/p>\n\n    <h2>Kas IPTV-de kasutamine on ohutu ja seaduslik?<\/h2>\n    <p>\u201c&quot;On <a href=\"https:\/\/novaiptv.to\/et\/kas-iptv-on-kanadas-seaduslik\/\">IPTV<\/a> \u201dKas see on seaduslik?\u201d on j\u00e4rgmine suur k\u00fcsimus p\u00e4rast \u00f5ige IPTV pakkuja leidmist.<\/p>\n    <ul>\n      <li><strong>Seaduslikkus s\u00f5ltub teenusest<\/strong>Mitte k\u00f5ik <a href=\"https:\/\/novaiptv.to\/et\/parimad-iptv-redditi-teenused-kanadas-2025-aastaks\/\">IPTV-teenused<\/a> on seaduslikud. Veenduge, et valite h\u00e4sti hinnatud ja n\u00f5uetele vastava IPTV-pakkuja.<\/li>\n      <li><strong>Isiklik privaatsus<\/strong>Sisu voogedastus, eriti rahvusvahelistest allikatest, v\u00f5ib kaasa tuua privaatsus- v\u00f5i geograafilisi piiranguid.<\/li>\n    <\/ul>\n\n    <h3>Kaitse ennast VPN-iga<\/h3>\n    <p>VPN (virtuaalne privaatv\u00f5rk) kr\u00fcpteerib teie tegevuse ja aitab teil v\u00e4ltida piirkondlikke blokeerimisi v\u00f5i internetiteenuse pakkujate piiramist. Hoidke end turvaliselt, j\u00e4rgides meie <a href=\"\/et\/vpn-setup\/\">VPN-i seadistamise juhend<\/a>.<\/p>\n    <p><strong>Professionaali nipp:<\/strong> Kombineeri alati oma <a class=\"wpil_keyword_link\" href=\"https:\/\/novaiptv.to\/et\/blogi\/iptv-ja-kaabeltelevisiooni-hinnavordlus-2025-aastal\/\" title=\"IPTV tellimus\" data-wpil-keyword-link=\"linked\">IPTV tellimus<\/a> kindla VPN-iga turvalisuse ja meelerahu tagamiseks.<\/p>\n\n    <h2>IPTV-dega \u00fchilduvad seadmed<\/h2>\n    <p>Kas m\u00f5tled, kas saad oma praeguse seadistusega IPTV-sid kasutada? T\u00e4nap\u00e4eva IPTV teenused on \u00fclipaindlikud.<\/p>\n\n    <h3>Toetatud seadmed h\u00f5lmavad j\u00e4rgmist:<\/h3>\n    <ul>\n      <li><strong>Nutitelerid<\/strong> (LG, Samsung, Sony ja teised)<\/li>\n      <li><strong>Amazon Firestick<\/strong> ja tulet\u00f5rjetelevisioon<\/li>\n      <li><strong>Androidi telefonid ja tahvelarvutid<\/strong><\/li>\n      <li><strong>iPhone, iPad, Apple TV<\/strong><\/li>\n      <li><strong>MAG-karbid, Enigma2<\/strong><\/li>\n      <li><strong>Windowsi ja Maci arvutid<\/strong><\/li>\n    <\/ul>\n    <p>Parima seadme seadistamise kohta leiate lisateavet meie juhenditest. <a href=\"\/et\/smart-tv-2025\/\">Nutitelerid<\/a> ja <a href=\"\/et\/ios-apple-2025\/\">Apple&#039;i seadmed<\/a>.<\/p>\n\n    <h2>L\u00f5ppm\u00f5tted \u2013 IPTV-d v\u00f5ivad olla vale termin, aga olete \u00f5iges kohas<\/h2>\n    <p>Kuigi \u201cIPTV-d\u201d pole tehniliselt korrektne, on teie otsing teid \u00f5igesse kohta viinud. Olenemata sellest, kas uurite Firesticki IPTV-d, otsite uut voogedastuskogemust v\u00f5i soovite v\u00f5rrelda... <a href=\"https:\/\/novaiptv.to\/et\/parimad-iptv-teenused-uhendkuningriigis-2025-aastal\/\">parimad IPTV teenused<\/a> aastal 2025, <strong>NovaIPTV<\/strong> on teie usaldusv\u00e4\u00e4rne partner IPTV maailmas.<\/p>\n    <p><strong>Kas oled valmis oma voogedastust uuele tasemele viima?<\/strong><\/p>\n    <ul>\n      <li>Avastage meie paindlikke <a href=\"\/et\/plans\/\">IPTV paketid<\/a>.<\/li>\n      <li>Loe kasulikku <a href=\"https:\/\/novaiptv.to\/et\/iptv\/usa\/\" title=\"IPTV USA 2025 \u2013 Nova IPTV \u00fclim juhend (parimad paketid, seadmed ja seadistus)\" data-wpil-monitor-id=\"118\">teie seadme seadistusjuhendid<\/a>.<\/li>\n      <li>Nautige riskivaba IPTV-d raha tagasi garantiiga.<\/li>\n    <\/ul>\n    <p>L\u00f5peta \u201ciptv\u201d otsimine ja alusta nutikamat voogedastust NovaIPTV-ga. Televisiooni tulevik on k\u00e4es \u2013 haara oma <a href=\"\/et\/plans\/\">IPTV tellimus<\/a> t\u00e4na!<\/p>\n\n    <p><strong>Selle artikli sisemised lingid:<\/strong><\/p>\n    <ul>\n      <li><a href=\"\/et\/plans\/\">Plaanid<\/a><\/li>\n      <li><a href=\"\/et\/vpn-setup\/\">VPN-i seadistamine<\/a><\/li>\n      <li><a href=\"\/et\/smart-tv-2025\/\">Nutiteleri 2025. aasta juhend<\/a><\/li>\n      <li><a href=\"\/et\/ios-apple-2025\/\">iOS-i \/ Apple&#039;i 2025. aasta juhend<\/a><\/li>\n    <\/ul>\n  <\/div>\n<\/section>\t\t\t\t<\/div>\n\t\t\t\t\t<\/div>\n\t\t\t\t<\/div>\n\t\t\t\t<\/div>","protected":false},"excerpt":{"rendered":"<p>What Are IPTVs? Understanding the Confusing Term Behind IPTV Services Introduction to IPTVs \u2013 A Misunderstood Term If you\u2019ve found yourself searching for \u201cIPTVs,\u201d you\u2019re not alone. Many people stumble across this term when looking for ways to upgrade their&#8230;<\/p>","protected":false},"author":1,"featured_media":7752,"parent":0,"menu_order":0,"comment_status":"closed","ping_status":"closed","template":"","meta":{"footnotes":""},"class_list":["post-7748","page","type-page","status-publish","has-post-thumbnail","hentry"],"_links":{"self":[{"href":"https:\/\/novaiptv.to\/et\/wp-json\/wp\/v2\/pages\/7748","targetHints":{"allow":["GET"]}}],"collection":[{"href":"https:\/\/novaiptv.to\/et\/wp-json\/wp\/v2\/pages"}],"about":[{"href":"https:\/\/novaiptv.to\/et\/wp-json\/wp\/v2\/types\/page"}],"author":[{"embeddable":true,"href":"https:\/\/novaiptv.to\/et\/wp-json\/wp\/v2\/users\/1"}],"replies":[{"embeddable":true,"href":"https:\/\/novaiptv.to\/et\/wp-json\/wp\/v2\/comments?post=7748"}],"version-history":[{"count":0,"href":"https:\/\/novaiptv.to\/et\/wp-json\/wp\/v2\/pages\/7748\/revisions"}],"wp:featuredmedia":[{"embeddable":true,"href":"https:\/\/novaiptv.to\/et\/wp-json\/wp\/v2\/media\/7752"}],"wp:attachment":[{"href":"https:\/\/novaiptv.to\/et\/wp-json\/wp\/v2\/media?parent=7748"}],"curies":[{"name":"wp","href":"https:\/\/api.w.org\/{rel}","templated":true}]}}