{"id":7773,"date":"2025-07-29T09:45:37","date_gmt":"2025-07-29T09:45:37","guid":{"rendered":"https:\/\/novaiptv.org\/?page_id=7773"},"modified":"2025-07-29T09:45:37","modified_gmt":"2025-07-29T09:45:37","slug":"iptv-uus-2025","status":"publish","type":"page","link":"https:\/\/novaiptv.to\/et\/iptv-uus-2025\/","title":{"rendered":"IPTV Nova &#8211; Stream Your World in Stunning Clarity 2025"},"content":{"rendered":"<div data-elementor-type=\"wp-page\" data-elementor-id=\"7773\" class=\"elementor elementor-7773\" data-elementor-post-type=\"page\">\n\t\t\t\t<div class=\"elementor-element elementor-element-60fad05 e-flex e-con-boxed e-con e-parent\" data-id=\"60fad05\" data-element_type=\"container\" data-e-type=\"container\">\n\t\t\t\t\t<div class=\"e-con-inner\">\n\t\t\t\t<div class=\"elementor-element elementor-element-1e03b46 elementor-widget elementor-widget-html\" data-id=\"1e03b46\" data-element_type=\"widget\" data-e-type=\"widget\" data-widget_type=\"html.default\">\n\t\t\t\t\t<style>\n    * {\n      margin: 0;\n      padding: 0;\n      box-sizing: border-box;\n      font-family: 'Montserrat', sans-serif;\n    }\n    body {\n      background: #f0f4f8;\n      color: #1a202c;\n      line-height: 1.8;\n      overflow-x: hidden;\n    }\n    header {\n      background: linear-gradient(135deg, #6b46c1, #00c4b4);\n      color: white;\n      text-align: center;\n      padding: 5rem 1rem;\n      position: relative;\n      overflow: hidden;\n    }\n    header::before {\n      content: '';\n      position: absolute;\n      top: -20%;\n      left: -20%;\n      width: 140%;\n      height: 140%;\n      background: radial-gradient(circle, rgba(255,255,255,0.3), transparent);\n      transform: rotate(30deg);\n      z-index: 0;\n    }\n    h1 {\n      font-family: 'Playfair Display', serif;\n      font-size: 3.5rem;\n      font-weight: 700;\n      margin-bottom: 1.5rem;\n      position: relative;\n      z-index: 1;\n      text-shadow: 0 3px 6px rgba(0,0,0,0.3);\n    }\n    h2 {\n      font-family: 'Playfair Display', serif;\n      font-size: 2.3rem;\n      font-weight: 600;\n      color: #2d3748;\n      margin: 3.5rem 0 1.5rem;\n      text-align: center;\n      position: relative;\n    }\n    h2::after {\n      content: '';\n      display: block;\n      width: 60px;\n      height: 4px;\n      background: #00c4b4;\n      margin: 0.5rem auto;\n      border-radius: 2px;\n    }\n    h3 {\n      font-size: 1.6rem;\n      font-weight: 600;\n      color: #2d3748;\n      margin: 2rem 0 1rem;\n    }\n    section {\n      max-width: 1300px;\n      margin: 3rem auto;\n      padding: 0 2rem;\n    }\n    p {\n      font-size: 1.15rem;\n      margin-bottom: 1.3rem;\n      color: #4a5568;\n    }\n\n\n  \n\n    .cta-button {\n      display: inline-block;\n      background: linear-gradient(45deg, #ed8936, #f56565);\n      color: white;\n      padding: 1.2rem 3rem;\n      border-radius: 50px;\n      text-decoration: none;\n      font-weight: 600;\n      font-size: 1.2rem;\n      transition: transform 0.3s ease, box-shadow 0.3s ease;\n      box-shadow: 0 5px 15px rgba(0,0,0,0.2);\n      position: relative;\n      z-index: 1;\n    }\n    .cta-button:hover {\n      transform: translateY(-5px);\n      box-shadow: 0 8px 20px rgba(0,0,0,0.3);\n      background: linear-gradient(45deg, #f56565, #ed8936);\n    }\n    .pricing-grid {\n      display: grid;\n      grid-template-columns: repeat(auto-fit, minmax(300px, 1fr));\n      gap: 2rem;\n      margin-top: 2rem;\n    }\n    .pricing-card {\n      background: white;\n      padding: 2.5rem;\n      border-radius: 20px;\n      box-shadow: 0 8px 16px rgba(0,0,0,0.1);\n      text-align: center;\n      transition: transform 0.3s ease, box-shadow 0.3s ease;\n      position: relative;\n      overflow: hidden;\n    }\n    .pricing-card::before {\n      content: '';\n      position: absolute;\n      top: 0;\n      left: 0;\n      width: 100%;\n      height: 5px;\n      background: linear-gradient(90deg, #6b46c1, #00c4b4);\n    }\n    .pricing-card:hover {\n      transform: translateY(-8px);\n      box-shadow: 0 12px 24px rgba(0,0,0,0.2);\n    }\n    .pricing-card h3 {\n      font-size: 1.8rem;\n      color: #2d3748;\n    }\n    .pricing-card p {\n      font-size: 2rem;\n      font-weight: 700;\n      color: #2d3748;\n      margin: 1.2rem 0;\n    }\n    .highlight {\n      background: #e6fffa;\n      padding: 0.4rem 1rem;\n      border-radius: 20px;\n      font-size: 0.95rem;\n      color: #2d3748;\n      display: inline-block;\n      margin-bottom: 1.2rem;\n      font-weight: 600;\n    }\n    .feature-box {\n      display: flex;\n      align-items: center;\n      gap: 1rem;\n      margin-bottom: 1.5rem;\n    }\n    .feature-icon {\n      font-size: 2.5rem;\n      color: #00c4b4;\n    }\n    footer {\n      background: linear-gradient(135deg, #2d3748, #6b46c1);\n      color: white;\n      text-align: center;\n      padding: 2.5rem 1rem;\n      margin-top: 4rem;\n      font-size: 1.1rem;\n    }\n    .social-links a {\n      color: white;\n      margin: 0 0.5rem;\n      text-decoration: none;\n      font-size: 1.2rem;\n      transition: color 0.3s ease;\n    }\n    .social-links a:hover {\n      color: #00c4b4;\n    }\n    a.outbound {\n      color: #6b46c1;\n      text-decoration: underline;\n      transition: color 0.3s ease;\n    }\n    a.outbound:hover {\n      color: #00c4b4;\n    }\n    @media (max-width: 768px) {\n      h1 {\n        font-size: 2.5rem;\n      }\n      h2 {\n        font-size: 1.8rem;\n      }\n      h3 {\n        font-size: 1.4rem;\n      }\n      section {\n        padding: 0 1.5rem;\n      }\n      .pricing-grid {\n        grid-template-columns: 1fr;\n      }\n      .cta-button {\n        padding: 1rem 2rem;\n        font-size: 1rem;\n      }\n    }\n  <\/style>\n<\/head>\n<body>\n  <header>\n    <h1>IPTV Nova \u2013 teie 2025. aasta voogedastusrevolutsioon<\/h1>\n    <p>Koge elavat ja sujuvat meelelahutust tipptasemel voogedastusteenusega!<\/p>\n    <a href=\"https:\/\/panel.novaiptv.org\/\" class=\"cta-button\" target=\"_blank\" rel=\"noopener\">Alusta oma 36-tunnist tasuta prooviperioodi<\/a>\n  <\/header>\n\n  <section>\n    <h2>Mis on IPTV Nova?<\/h2>\n    <p>IPTV Nova on teie v\u00e4rav piiritule meelelahutusuniversumile, pakkudes otse teie seadmetesse \u00fcle 18 000 otse\u00fclekandega telekanali ja \u00fcle 50 000 filmi, sarja ja erisaate. Kasutades tipptasemel internetiprotokolli televisiooni tehnoloogiat, kaotab see teenus vajaduse kallite kaabeltelevisiooni tellimuste j\u00e4rele, pakkudes kulut\u00f5husat viisi esmaklassilise sisu nautimiseks. Lisateave... <a href=\"https:\/\/www.techradar.com\/news\/what-is-iptv\" class=\"outbound\" target=\"_blank\" rel=\"noopener\">kuidas IPTV t\u00f6\u00f6tab<\/a> et m\u00f5ista selle eeliseid traditsioonilise televisiooni ees.<\/p>\n    <p>Alates kassahittidest kuni otse\u00fclekannete spordi ja rahvusvaheliste uudisteni, <a href=\"https:\/\/novaiptv.to\/et\/osta-iptv-tellimus-usa-s-2025-aastal\/\">IPTV Nova<\/a> rahuldab iga vaataja kirge. Selle elegantne liides ja v\u00f5imas voogedastustehnoloogia tagavad, et teie lemmiksaated on alati k\u00e4eulatuses, muutes teie televiisorikogemust 2025. aastal.<\/p>\n    <p>Olenemata sellest, kas oled kinof\u00e4nn, spordifanaatik v\u00f5i lapsevanem, kes otsib lastele sobivat programmi, kohandub see teenus sinu vajadustega. Paindlike plaanide ja kasutajas\u00f5braliku seadistusega..., <a href=\"https:\/\/novaiptv.to\/et\/osta-iptv-tellimus-usa-s-2025-aastal\/\">IPTV Nova<\/a> muudab n\u00f6\u00f6rist lahtisaamise lihtsaks ja rahuldust pakkuvaks.<\/p>\n  <\/section>\n\n  <section>\n    <h2>Miks valida see voogedastusteenus?<\/h2>\n    <p>IPTV Nova annab innovatsiooni ja mugavuse \u00fchendades televisiooni nautimise uue t\u00e4henduse. Siin on see, mis eristab seda voogedastusmaailmast.<\/p>\n    <div class=\"feature-box\">\n      <span class=\"feature-icon\">\ud83d\udcfa<\/span>\n      <p><strong>Lai sisukogu<\/strong>Juurdep\u00e4\u00e4s enam kui 18 000 otse\u00fclekandele <a href=\"https:\/\/novaiptv.to\/et\/kanalid\/\">kanalid<\/a>, mis h\u00f5lmab l\u00f5putut valikut spordi-, globaalsete uudiste- ja ni\u0161iprogrammide n\u00e4ol.<\/p>\n    <\/div>\n    <div class=\"feature-box\">\n      <span class=\"feature-icon\">\ud83c\udfa5<\/span>\n      <p><strong>N\u00f5udmisel \u00f5ndsus<\/strong>: Vaata \u00fcle 50 000 filmi ja sarja, mida uuendatakse iga p\u00e4ev selliste hittidega nagu *Wicked* ja *Silo 2. hooaeg*.<\/p>\n    <\/div>\n    <div class=\"feature-box\">\n      <span class=\"feature-icon\">\u26a1<\/span>\n      <p><strong>Sujuv voogesitus<\/strong>Nautige 4K, FHD ja HD kvaliteeti k\u00fclmumisvastase tehnoloogiaga isegi tavalise WiFi-\u00fchenduse kaudu.<\/p>\n    <\/div>\n    <div class=\"feature-box\">\n      <span class=\"feature-icon\">\ud83d\udce1<\/span>\n      <p><strong>Nutikas navigeerimine<\/strong>Kasutage intuitiivset EPG-d ja pilvep\u00f5hist DVR-i, et salvestada ja vaadata just teile sobival viisil.<\/p>\n    <\/div>\n    <div class=\"feature-box\">\n      <span class=\"feature-icon\">\ud83d\udee0\ufe0f<\/span>\n      <p><strong>24\/7 tugi<\/strong>Sujuva kogemuse tagamiseks saate kohest abi reaalajas vestluse, e-posti v\u00f5i juhendite kaudu.<\/p>\n    <\/div>\n    <p>T\u00e4nu t\u00e4iustatud tehnoloogiale, mis minimeerib puhverdamist, ja disainile, mis seab esikohale kasutusmugavuse, pakub IPTV Nova esmaklassilist vaatamiskogemust. Kas olete huvitatud voogedastussuundumustest? Vaadake seda. <a href=\"https:\/\/www.cnet.com\/tech\/services-and-software\/best-iptv-services-2023\/\" class=\"outbound\" target=\"_blank\" rel=\"noopener\">Parimad IPTV teenused<\/a> valdkonna\u00fclevaadete saamiseks.<\/p>\n    <a href=\"https:\/\/panel.novaiptv.org\/\" class=\"cta-button\" target=\"_blank\" rel=\"noopener\">Avasta erinevus<\/a>\n  <\/section>\n\n  <section>\n    <h2>Striimi igas seadmes<\/h2>\n    <p>IPTV Nova universaalse \u00fchilduvusega kaasneb meelelahutus teile k\u00f5ikjale. Nautige kodukinodest mobiilseadmeteni. <a href=\"https:\/\/novaiptv.to\/et\/embarking-on-the-iptv-odyssey\/\">sujuv voogesitus<\/a> kuhu iganes elu sind viib.<\/p>\n    <h3>Toetatud seadmed<\/h3>\n    <ul>\n      <li><a href=\"https:\/\/novaiptv.to\/et\/parimad-iptv-mangijad-2025-aastal\/\"><strong>Nutitelerid<\/strong>:<\/a> Samsung, LG, Android TV ja palju muud vapustava suurel ekraanil vaatamise jaoks.<\/li>\n      <li><strong>Voogesitusseadmed<\/strong>: <a href=\"https:\/\/novaiptv.to\/et\/paigaldage-protonvpn-oma-fire-stickile-2025-aastal\/\">Tulekepp<\/a>, Roku, Nvidia Shield ja Formuler Z8 kaasaskantavuse tagamiseks.<\/li>\n      <li><strong>Mobiilseadmed<\/strong>Android ja iOS meelelahutuseks liikvel olles.<\/li>\n      <li><strong>Arvutid<\/strong>Windows ja Mac brauserip\u00f5hise voogesituse paindlikkuse tagamiseks.<\/li>\n      <li><a href=\"https:\/\/novaiptv.to\/et\/android-teler-2025\/\"><strong>IPTV rakendused<\/strong>:<\/a> T\u00f6\u00f6tab IPTV Smarters Pro, TiviMate&#039;i ja teiste juhtivate tegijatega.<\/li>\n    <\/ul>\n    <p>Seadistamine on imelihtne \u2013 laadige alla rakendus, sisestage kood ja hakake minutitega vaatama. Pole vaja keerulisi paigaldust\u00f6id ega tehnikuid. N\u00e4pun\u00e4iteid voogedastuse seadistuse optimeerimiseks uurige seda <a href=\"https:\/\/www.lifewire.com\/how-to-set-up-iptv-4173240\" class=\"outbound\" target=\"_blank\" rel=\"noopener\">IPTV seadistamise juhend<\/a>.<\/p>\n  <\/section>\n\n  <section>\n    <h2>Taskukohased paketid igale vaatajale<\/h2>\n    <p>IPTV Nova pakub paindlikku hinnakujundust, mis sobib igale eelarvele, muutes esmaklassilise meelelahutuse k\u00e4ttesaadavaks. Proovige seda riskivabalt 36-tunnise prooviperioodiga enne tellimuse esitamist.<\/p>\n    <div class=\"pricing-grid\">\n      <div class=\"pricing-card\">\n        <h3>1 kuu<\/h3>\n        <p>$7.99<\/p>\n        <span class=\"highlight\">Proovi j\u00e4rele<\/span>\n        <p>Ideaalne tohutu sisukogu avastamiseks ja sujuvaks voogedastuseks.<\/p>\n        <a href=\"https:\/\/panel.novaiptv.org\/\" class=\"cta-button\" target=\"_blank\" rel=\"noopener\">Valige pakett<\/a>\n      <\/div>\n      <div class=\"pricing-card\">\n        <h3>3 kuud<\/h3>\n        <p>$22.99<\/p>\n        <span class=\"highlight\">Salvesta 40%<\/span>\n        <p>Ideaalne juhuslikele vaatajatele, kes otsivad s\u00e4\u00e4stu ja paindlikkust.<\/p>\n        <a href=\"https:\/\/panel.novaiptv.org\/\" class=\"cta-button\" target=\"_blank\" rel=\"noopener\">Valige pakett<\/a>\n      <\/div>\n      <div class=\"pricing-card\">\n        <h3>6 kuud<\/h3>\n        <p>$49.99<\/p>\n        <span class=\"highlight\">Suurep\u00e4rane v\u00e4\u00e4rtus<\/span>\n        <p>Pikemaegne leping suurema s\u00e4\u00e4stu ja katkematu l\u00f5bu nimel.<\/p>\n        <a href=\"https:\/\/panel.novaiptv.org\/\" class=\"cta-button\" target=\"_blank\" rel=\"noopener\">Valige pakett<\/a>\n      <\/div>\n      <div class=\"pricing-card\">\n        <h3>12 kuud<\/h3>\n        <p>$69.99<\/p>\n        <span class=\"highlight\">Parim pakkumine<\/span>\n        <p>Lukusta madalaim hind terveks aastaks premium-voogedastust.<\/p>\n        <a href=\"https:\/\/panel.novaiptv.org\/\" class=\"cta-button\" target=\"_blank\" rel=\"noopener\">Valige pakett<\/a>\n      <\/div>\n    <\/div>\n    <p style=\"text-align: center; margin-top: 2rem;\">Pole valmis p\u00fchenduma? Alusta meiega <strong>36 tundi tasuta <\/strong><a href=\"https:\/\/novaiptv.to\/et\/iptv-tasuta-prooviperiood-kanadas-2025\/\">Proovige ja kogege, miks miljonid valivad IPTV<\/a> Nova.<\/p>\n    <a href=\"https:\/\/panel.novaiptv.org\/\" class=\"cta-button\" style=\"display: block; text-align: center;\" target=\"_blank\" rel=\"noopener\">Proovi tasuta kohe<\/a>\n  <\/section>\n\n  <section>\n    <h2>Kas IPTV Novaga voogesitus on ohutu?<\/h2>\n    <p>Selle teenuse keskmes on ohutus ja usaldusv\u00e4\u00e4rsus. <a href=\"https:\/\/novaiptv.to\/et\/iptv-odusseia-strateegiad\/\">IPTV Nova tagab voogedastuse<\/a> t\u00e4ieliku kindlustundega.<\/p>\n    <ul>\n      <li><strong>\u00d5iguslik sisu<\/strong>T\u00e4ielikult \u00fchildub sisu levitamise \u00f5igustega muretu vaatamise tagamiseks.<\/li>\n      <li><strong>Turvaline voogesitus<\/strong>AES-256-bitine kr\u00fcpteering kaitseb teie andmeid ja tehinguid.<\/li>\n      <li><strong>Privaatsuse kaitse<\/strong>Valikuline VPN-tugi hoiab teie tegevuse internetiteenuse pakkujate eest privaatsena.<\/li>\n      <li><strong>Usaldusv\u00e4\u00e4rne j\u00f5udlus<\/strong>99,9% k\u00e4ideolekuaeg Tier-1 serveritega kolmel kontinendil.<\/li>\n    <\/ul>\n    <p>Erinevalt kontrollimata pakkujatest pakub IPTV Nova turvalist, seaduslikku ja stabiilset kogemust. Meie globaalne serveriv\u00f5rk tagab j\u00e4rjepideva j\u00f5udluse isegi tipptundidel, nii et te ei j\u00e4\u00e4 kunagi ilma hetkest. Lisateavet turvalise voogesituse kohta leiate sellest. <a href=\"https:\/\/www.pcmag.com\/how-to\/how-to-safely-stream-content-with-iptv\" class=\"outbound\" target=\"_blank\" rel=\"noopener\">juhend turvalise IPTV voogesituse kohta<\/a>.<\/p>\n  <\/section>\n\n  <section>\n    <h2>Alusta oma voogedastusreisi<\/h2>\n    <p>Liitu voogedastusrevolutsiooniga kolme lihtsa sammuga:<\/p>\n    <ol>\n      <li><strong>K\u00fclasta meie saiti<\/strong>: Mine aadressile <a href=\"https:\/\/novaiptv.to\/et\/\">novaiptv.org<\/a> ja valige pakett v\u00f5i tasuta prooviperiood.<\/li>\n      <li><strong>Laadige alla rakendus<\/strong>: Paigalda <a href=\"https:\/\/novaiptv.to\/et\/iptv-smarters-pro-lite-2025\/\">IPTV Smarters Pro<\/a>, TiviMate v\u00f5i \u00fchilduv m\u00e4ngija.<\/li>\n      <li><strong>Aktiveeri ja vaata<\/strong>: Sisesta oma kood, et avada enam kui 18 000 kanalit ja enam kui 50 000 pealkirja.<\/li>\n    <\/ol>\n    <p>IPTV Novaga lood unustamatuid hetki \u2013 perefilmi\u00f5htuid, <a href=\"https:\/\/novaiptv.to\/et\/parim-iptv-tellimus-otseulekannete-spordi-vaatamiseks\/\">otse\u00fclekanded spordist<\/a> p\u00f5nevust v\u00f5i \u00fclemaailmsete uudistega kursis olemist. Meie intuitiivne disain tagab, et isegi esmakasutajad saavad voogedastust vaevata alustada. Liitu miljonitega, kes on 2025. aastal IPTV Nova abil juhtmevaba interneti\u00fchenduse omaks v\u00f5tnud.<\/p>\n    <a href=\"https:\/\/panel.novaiptv.org\/\" class=\"cta-button\" target=\"_blank\" rel=\"noopener\">Liitu revolutsiooniga<\/a>\n  <\/section>\t\t\t\t<\/div>\n\t\t\t\t\t<\/div>\n\t\t\t\t<\/div>\n\t\t\t\t<\/div>","protected":false},"excerpt":{"rendered":"<p>IPTV Nova &#8211; Your 2025 Streaming Revolution Experience vibrant, seamless entertainment with a top-rated streaming service! Launch Your 36-Hour Free Trial What is IPTV Nova? IPTV Nova is your gateway to a boundless entertainment universe, delivering over 18,000 live TV&#8230;<\/p>","protected":false},"author":1,"featured_media":7782,"parent":0,"menu_order":0,"comment_status":"closed","ping_status":"closed","template":"","meta":{"footnotes":""},"class_list":["post-7773","page","type-page","status-publish","has-post-thumbnail","hentry"],"_links":{"self":[{"href":"https:\/\/novaiptv.to\/et\/wp-json\/wp\/v2\/pages\/7773","targetHints":{"allow":["GET"]}}],"collection":[{"href":"https:\/\/novaiptv.to\/et\/wp-json\/wp\/v2\/pages"}],"about":[{"href":"https:\/\/novaiptv.to\/et\/wp-json\/wp\/v2\/types\/page"}],"author":[{"embeddable":true,"href":"https:\/\/novaiptv.to\/et\/wp-json\/wp\/v2\/users\/1"}],"replies":[{"embeddable":true,"href":"https:\/\/novaiptv.to\/et\/wp-json\/wp\/v2\/comments?post=7773"}],"version-history":[{"count":0,"href":"https:\/\/novaiptv.to\/et\/wp-json\/wp\/v2\/pages\/7773\/revisions"}],"wp:featuredmedia":[{"embeddable":true,"href":"https:\/\/novaiptv.to\/et\/wp-json\/wp\/v2\/media\/7782"}],"wp:attachment":[{"href":"https:\/\/novaiptv.to\/et\/wp-json\/wp\/v2\/media?parent=7773"}],"curies":[{"name":"wp","href":"https:\/\/api.w.org\/{rel}","templated":true}]}}