{"id":4079,"date":"2024-02-01T16:01:25","date_gmt":"2024-02-01T16:01:25","guid":{"rendered":"https:\/\/novaiptv.org\/?page_id=4079"},"modified":"2024-02-01T16:01:25","modified_gmt":"2024-02-01T16:01:25","slug":"ehdot","status":"publish","type":"page","link":"https:\/\/novaiptv.to\/fi\/ehdot\/","title":{"rendered":"Terms NOVA IPTV"},"content":{"rendered":"<div data-elementor-type=\"wp-page\" data-elementor-id=\"4079\" class=\"elementor elementor-4079\" data-elementor-post-type=\"page\">\n\t\t\t\t<div class=\"elementor-element elementor-element-604deb6 e-flex e-con-boxed e-con e-parent\" data-id=\"604deb6\" data-element_type=\"container\" data-e-type=\"container\">\n\t\t\t\t\t<div class=\"e-con-inner\">\n\t\t\t\t\t<\/div>\n\t\t\t\t<\/div>\n\t\t<div class=\"elementor-element elementor-element-a2ddb5b e-flex e-con-boxed e-con e-parent\" data-id=\"a2ddb5b\" data-element_type=\"container\" data-e-type=\"container\">\n\t\t\t\t\t<div class=\"e-con-inner\">\n\t\t<div class=\"elementor-element elementor-element-de488ed e-con-full e-flex e-con e-child\" data-id=\"de488ed\" data-element_type=\"container\" data-e-type=\"container\">\n\t\t\t\t<\/div>\n\t\t<div class=\"elementor-element elementor-element-e99c8ad e-con-full e-flex e-con e-child\" data-id=\"e99c8ad\" data-element_type=\"container\" data-e-type=\"container\">\n\t\t\t\t<div class=\"elementor-element elementor-element-380cf04 elementor-widget elementor-widget-text-editor\" data-id=\"380cf04\" data-element_type=\"widget\" data-e-type=\"widget\" data-widget_type=\"text-editor.default\">\n\t\t\t\t\t\t\t\t\t<h3 style=\"text-align: center;\"><span style=\"color: #333333;\"><strong><p><\/p>\n<\/strong><p><strong><br><\/strong><\/p><p><strong>**IPTV:n ilmaisen kokeilujakson ehdot**<\/strong><\/p><\/span><\/h3>\n<p><\/p>\n<h5 style=\"text-align: left;\"><span style=\"color: #333333;\">1. **Ilmainen kokeilu**: IPTV-palvelumme tarjoaa sitoumuksettoman ilmaisen kokeilujakson, jonka aikana k\u00e4ytt\u00e4j\u00e4t voivat kokea palvelumme ominaisuudet ja laadun ennen tilaamista.<\/span><\/h5>\n<h5>&nbsp;<\/h5>\n<h5 style=\"text-align: left;\"><span style=\"color: #333333;\">2. **Kesto**: Ilmaisen kokeilujakson kesto on 2 tuntia, jonka aikana k\u00e4ytt\u00e4jill\u00e4 on p\u00e4\u00e4sy kaikkiin kanaviin ja ominaisuuksiin.<\/span><\/h5>\n<h5>&nbsp;<\/h5>\n<h5 style=\"text-align: left;\"><span style=\"color: #333333;\">3. **Rekister\u00f6ityminen**: Ilmaiseen kokeilujaksoon ei vaadita rekister\u00f6itymist\u00e4 tai luottokorttitietojen antamista. Lataa vain sovelluksemme tai k\u00e4yt\u00e4 palveluamme verkkosivustomme kautta aloittaaksesi kokeilujakson.<\/span><\/h5>\n<h5>&nbsp;<\/h5>\n<h5 style=\"text-align: left;\"><span style=\"color: #333333;\">4. **K\u00e4ytt\u00f6**: Ilmaisen kokeilujakson aikana k\u00e4ytt\u00e4ji\u00e4 kannustetaan tutustumaan IPTV-palvelumme ominaisuuksiin ja sis\u00e4lt\u00f6\u00f6n. K\u00e4ytt\u00e4jien odotetaan kuitenkin noudattavan palveluehtojamme ja hyv\u00e4ksytt\u00e4v\u00e4n k\u00e4yt\u00f6n k\u00e4yt\u00e4nt\u00f6\u00e4mme aina.<\/span><\/h5>\n<h5>&nbsp;<\/h5>\n<h5 style=\"text-align: left;\"><span style=\"color: #333333;\">5. **Ei tilaussitoumusta**: Ilmainen kokeilujakso on erillinen tilauspalvelustamme, eik\u00e4 k\u00e4ytt\u00e4jien tarvitse sitoutua tilaukseen miss\u00e4\u00e4n vaiheessa.<\/span><\/h5>\n<h5>&nbsp;<\/h5>\n<h5 style=\"text-align: left;\"><span style=\"color: #333333;\">6. **Ei hyvityksi\u00e4**: Koska ilmainen kokeilujakso on suunniteltu siten, ett\u00e4 k\u00e4ytt\u00e4j\u00e4t voivat arvioida palvelua ennen ostoa, emme tarjoa hyvityksi\u00e4 kokeilujakson p\u00e4\u00e4ttymisen j\u00e4lkeen ostetuista tilauksista.<\/span><\/h5>\n<h5>&nbsp;<\/h5>\n<h5 style=\"text-align: left;\"><span style=\"color: #333333;\">7. **Peruutus**: K\u00e4ytt\u00e4j\u00e4t voivat vapaasti lopettaa ilmaisen kokeilujakson k\u00e4yt\u00f6n milloin tahansa kokeilujakson aikana. Lopeta vain palvelumme k\u00e4ytt\u00f6, eik\u00e4 lis\u00e4toimia tarvita.<\/span><\/h5>\n<h5>&nbsp;<\/h5>\n<h5 style=\"text-align: left;\"><span style=\"color: #333333;\">8. **Palvelun jatkaminen**: Ilmaisen kokeilujakson lopussa k\u00e4ytt\u00e4jill\u00e4 on mahdollisuus ostaa tilaus IPTV-palvelumme k\u00e4yt\u00f6n jatkamiseksi. Jos tilausta ei osteta, palvelun k\u00e4ytt\u00f6 p\u00e4\u00e4ttyy.<\/span><\/h5>\n<h5>&nbsp;<\/h5>\n<h5 style=\"text-align: left;\"><span style=\"color: #333333;\">9. **Ehtojen muutokset**: Pid\u00e4t\u00e4mme oikeuden muuttaa tai lopettaa ilmaisen kokeilujakson milloin tahansa ilman ennakkoilmoitusta. Kaikista n\u00e4iden ehtojen muutoksista ilmoitetaan k\u00e4ytt\u00e4jille verkkosivustomme kautta.<\/span><\/h5>\n<h5>&nbsp;<\/h5>\n<h5 style=\"text-align: left;\"><span style=\"color: #333333;\">10. **Hyv\u00e4ksynt\u00e4**: K\u00e4ytt\u00e4m\u00e4ll\u00e4 ilmaista kokeilujaksoa k\u00e4ytt\u00e4j\u00e4t sitoutuvat noudattamaan n\u00e4it\u00e4 ehtoja. N\u00e4iden ehtojen noudattamatta j\u00e4tt\u00e4minen voi johtaa ilmaisen kokeilujakson irtisanomiseen ja\/tai IPTV-palvelumme k\u00e4yt\u00f6n keskeytt\u00e4miseen.<\/span><\/h5>\n<h5>&nbsp;<\/h5>\n<h5 style=\"text-align: left;\"><span style=\"color: #333333;\">11. **Ota yhteytt\u00e4**: Jos sinulla on kysytt\u00e4v\u00e4\u00e4 tai huolenaiheita ilmaisesta kokeilutarjouksesta tai IPTV-palvelustamme, ota yhteytt\u00e4 asiakastukitiimiimme.<\/span><\/h5>\n<h5>&nbsp;<\/h5>\n<h5 style=\"text-align: left;\"><span style=\"color: #333333;\">K\u00e4ytt\u00e4m\u00e4ll\u00e4 ilmaista kokeilujaksoa k\u00e4ytt\u00e4j\u00e4t vahvistavat, ett\u00e4 he ovat lukeneet, ymm\u00e4rt\u00e4neet ja hyv\u00e4ksyneet yll\u00e4 esitetyt ehdot.<\/span><\/h5><div><br><br><\/div>\t\t\t\t\t\t\t\t<\/div>\n\t\t\t\t<\/div>\n\t\t<div class=\"elementor-element elementor-element-165aced e-con-full e-flex e-con e-child\" data-id=\"165aced\" data-element_type=\"container\" data-e-type=\"container\">\n\t\t\t\t<\/div>\n\t\t\t\t\t<\/div>\n\t\t\t\t<\/div>\n\t\t\t\t<\/div>","protected":false},"excerpt":{"rendered":"<p>**Terms and Conditions for IPTV Free Trial** 1. **Free Trial Offer**: Our IPTV service offers a no-obligation free trial period to allow users to experience the features and quality of our service before deciding to subscribe. &nbsp; 2. **Duration**: The&#8230;<\/p>","protected":false},"author":1,"featured_media":0,"parent":0,"menu_order":0,"comment_status":"closed","ping_status":"closed","template":"","meta":{"footnotes":""},"class_list":["post-4079","page","type-page","status-publish","hentry"],"_links":{"self":[{"href":"https:\/\/novaiptv.to\/fi\/wp-json\/wp\/v2\/pages\/4079","targetHints":{"allow":["GET"]}}],"collection":[{"href":"https:\/\/novaiptv.to\/fi\/wp-json\/wp\/v2\/pages"}],"about":[{"href":"https:\/\/novaiptv.to\/fi\/wp-json\/wp\/v2\/types\/page"}],"author":[{"embeddable":true,"href":"https:\/\/novaiptv.to\/fi\/wp-json\/wp\/v2\/users\/1"}],"replies":[{"embeddable":true,"href":"https:\/\/novaiptv.to\/fi\/wp-json\/wp\/v2\/comments?post=4079"}],"version-history":[{"count":0,"href":"https:\/\/novaiptv.to\/fi\/wp-json\/wp\/v2\/pages\/4079\/revisions"}],"wp:attachment":[{"href":"https:\/\/novaiptv.to\/fi\/wp-json\/wp\/v2\/media?parent=4079"}],"curies":[{"name":"wp","href":"https:\/\/api.w.org\/{rel}","templated":true}]}}