{"id":7748,"date":"2025-07-19T11:13:10","date_gmt":"2025-07-19T11:13:10","guid":{"rendered":"https:\/\/novaiptv.org\/?page_id=7748"},"modified":"2025-07-19T11:13:10","modified_gmt":"2025-07-19T11:13:10","slug":"iptv-opas","status":"publish","type":"page","link":"https:\/\/novaiptv.to\/fi\/iptv-opas\/","title":{"rendered":"7 Surprising Truths About IPTVs &#038; The Best IPTV Services for 2025"},"content":{"rendered":"<div data-elementor-type=\"wp-page\" data-elementor-id=\"7748\" class=\"elementor elementor-7748\" data-elementor-post-type=\"page\">\n\t\t\t\t<div class=\"elementor-element elementor-element-6676031 e-flex e-con-boxed e-con e-parent\" data-id=\"6676031\" data-element_type=\"container\" data-e-type=\"container\">\n\t\t\t\t\t<div class=\"e-con-inner\">\n\t\t\t\t\t<\/div>\n\t\t\t\t<\/div>\n\t\t<div class=\"elementor-element elementor-element-c58c47b e-flex e-con-boxed e-con e-parent\" data-id=\"c58c47b\" data-element_type=\"container\" data-e-type=\"container\">\n\t\t\t\t\t<div class=\"e-con-inner\">\n\t\t\t\t<div class=\"elementor-element elementor-element-eac6538 elementor-widget elementor-widget-html\" data-id=\"eac6538\" data-element_type=\"widget\" data-e-type=\"widget\" data-widget_type=\"html.default\">\n\t\t\t\t\t<section class=\"iptv-article-section\">\n  <style>\n    .iptv-article-section{\n      --iptv-max-width: 960px;\n      --iptv-accent:#2563eb;\n      --iptv-bg:#0f1115;\n      --iptv-surface:#161a20;\n      --iptv-border:#2a3039;\n      --iptv-text:#e5e7eb;\n      --iptv-muted:#94a3b8;\n      --iptv-radius:14px;\n      --iptv-gradient:linear-gradient(135deg,#1e293b 0%,#0f172a 60%,#020617 100%);\n      background:var(--iptv-bg);\n      padding: clamp(2rem,4vw,3.5rem) 1.25rem;\n      font-family: \"Inter\", system-ui, -apple-system, BlinkMacSystemFont, \"Segoe UI\", Roboto, \"Helvetica Neue\", Arial, sans-serif;\n      line-height:1.6;\n      color:var(--iptv-text);\n    }\n    .iptv-article-section .iptv-container{\n      max-width:var(--iptv-max-width);\n      margin:0 auto;\n      background:var(--iptv-surface);\n      border:1px solid var(--iptv-border);\n      padding:clamp(1.75rem,2.5vw,2.5rem) clamp(1.5rem,2.5vw,3rem);\n      border-radius:var(--iptv-radius);\n      box-shadow:0 8px 28px -6px rgba(0,0,0,.55),0 0 0 1px rgba(255,255,255,0.02) inset;\n      background-image:\n        radial-gradient(circle at 15% 10%,rgba(59,130,246,.15),transparent 60%),\n        radial-gradient(circle at 85% 85%,rgba(56,189,248,.1),transparent 55%),\n        var(--iptv-gradient);\n      overflow:hidden;\n    }\n    .iptv-article-section img.logo{\n      display:block;\n      max-width:140px;\n      margin:0 0 1.25rem;\n      filter:drop-shadow(0 4px 10px rgba(0,0,0,.4));\n    }\n    .iptv-article-section h1,\n    .iptv-article-section h2,\n    .iptv-article-section h3{\n      font-weight:600;\n      line-height:1.25;\n      letter-spacing:-.02em;\n      scroll-margin-top:90px;\n    }\n    .iptv-article-section h1{\n      font-size:clamp(2.1rem,4.2vw,3.1rem);\n      background:linear-gradient(90deg,#60a5fa,#38bdf8 40%,#818cf8);\n      -webkit-background-clip:text;\n      color:transparent;\n      margin:0 0 1.2rem;\n    }\n    .iptv-article-section h2{\n      font-size:clamp(1.55rem,2.9vw,2.1rem);\n      margin:2.4rem 0 1rem;\n      color:#f1f5f9;\n      position:relative;\n    }\n    .iptv-article-section h2:after{\n      content:\"\";\n      position:absolute;\n      left:0;\n      bottom:-.55rem;\n      width:68px;\n      height:3px;\n      border-radius:3px;\n      background:linear-gradient(90deg,#3b82f6,#0ea5e9);\n      box-shadow:0 0 0 1px rgba(255,255,255,.05);\n    }\n    .iptv-article-section h3{\n      font-size:clamp(1.25rem,2.2vw,1.5rem);\n      margin:2.1rem 0 .85rem;\n      color:#e2e8f0;\n    }\n    .iptv-article-section p{\n      margin:0 0 1.05rem;\n      font-size:1.01rem;\n    }\n    .iptv-article-section p strong{color:#f8fafc;}\n    .iptv-article-section ul{\n      margin:0 0 1.4rem 1.15rem;\n      padding:0;\n      list-style:none;\n    }\n    .iptv-article-section ul li{\n      position:relative;\n      padding:.4rem .75rem .4rem 1.75rem;\n      margin:.25rem 0;\n      background:rgba(255,255,255,.04);\n      border:1px solid rgba(255,255,255,.07);\n      border-radius:10px;\n      font-size:.97rem;\n      line-height:1.45;\n      backdrop-filter:blur(4px);\n    }\n    .iptv-article-section ul li:before{\n      content:\"\";\n      position:absolute;\n      left:.7rem;\n      top:50%;\n      width:.55rem;\n      height:.55rem;\n      background:linear-gradient(135deg,#3b82f6,#0ea5e9);\n      border-radius:50%;\n      transform:translateY(-50%);\n      box-shadow:0 0 0 3px rgba(59,130,246,.15);\n    }\n    .iptv-article-section a{\n      color:#38bdf8;\n      text-decoration:none;\n      font-weight:500;\n      position:relative;\n    }\n    .iptv-article-section a:after{\n      content:\"\";\n      position:absolute;\n      left:0;\n      bottom:-2px;\n      width:100%;\n      height:2px;\n      background:linear-gradient(90deg,#3b82f6,#06b6d4);\n      transform:scaleX(0);\n      transform-origin:left;\n      transition:.35s cubic-bezier(.65,.05,.36,1);\n    }\n    .iptv-article-section a:hover:after{transform:scaleX(1);}\n    .iptv-article-section blockquote{\n      margin:2rem 0;\n      padding:1.25rem 1.5rem 1.25rem 1.25rem;\n      border-left:5px solid #38bdf8;\n      background:rgba(56,189,248,.08);\n      border-radius:0 14px 14px 0;\n      font-style:italic;\n    }\n    .iptv-article-section code{\n      background:#1e293b;\n      color:#f1f5f9;\n      padding:.2em .5em;\n      border-radius:6px;\n      font-size:.85rem;\n      font-family:ui-monospace, SFMono-Regular, Menlo, Monaco, \"Courier New\", monospace;\n    }\n    .iptv-meta{\n      font-size:.8rem;\n      letter-spacing:.06em;\n      text-transform:uppercase;\n      margin-bottom:1.2rem;\n      color:var(--iptv-muted);\n    }\n    .iptv-article-section hr{\n      border:none;\n      height:1px;\n      background:linear-gradient(90deg,transparent,#334155 20%,#334155 80%,transparent);\n      margin:2.75rem 0;\n    }\n    .iptv-article-section .iptv-grid{\n      display:grid;\n      gap:1.25rem;\n    }\n    .iptv-article-section strong{font-weight:600;}\n    @media (min-width:780px){\n      .iptv-article-section ul li{display:block;}\n    }\n  <\/style>\n  <div class=\"iptv-container\">\n\n    <h1>Mit\u00e4 ovat IPTV:t? IPTV-palveluiden taustalla olevan h\u00e4mment\u00e4v\u00e4n termin ymm\u00e4rt\u00e4minen<\/h1>\n\n    <meta name=\"description\" content=\"Oletko kiinnostunut IPTV:ist\u00e4? Selvit\u00e4 termin todellinen merkitys ja tutustu vuoden 2025 parhaisiin IPTV-palveluihin. Striimaa fiksummin NovaIPTV:n avulla.\">\n\n    <h2>Johdatus IPTV-verkkoihin \u2013 v\u00e4\u00e4rinymm\u00e4rretty termi<\/h2>\n    <p>Jos olet hakenut hakusanoilla \u201cIPTV\u201d, et ole yksin. Monet ihmiset t\u00f6rm\u00e4\u00e4v\u00e4t t\u00e4h\u00e4n termiin etsiess\u00e4\u00e4n tapoja parantaa suoratoistokokemustaan. Mutta mit\u00e4 tarkalleen ottaen <strong>ovat IPTV-laitteita<\/strong>, Ja onko se edes oikea nimi sille, mit\u00e4 etsit?<\/p>\n    <p>Selvitet\u00e4\u00e4np\u00e4 sekaannus:<\/p>\n    <ul>\n      <li>Oikea termi on <strong>IPTV<\/strong>, joka tarkoittaa <em>Internet-protokollatelevisio<\/em>.<\/li>\n      <li>\u201cIPTV\u201d-sanan monikkomuoto on yleinen sekaannus, jota k\u00e4ytet\u00e4\u00e4n usein foorumeilla ja markkinapaikoilla. Se tarkoittaa yleens\u00e4, ett\u00e4 ihmiset etsiv\u00e4t <strong><a href=\"https:\/\/novaiptv.to\/fi\/iptv-odysseiastrategiat\/\">IPTV-palvelut<\/strong>, <strong>IPTV-palveluntarjoajat<\/strong>, tai jopa tiettyj\u00e4 laitteita, jotka mahdollistavat IPTV-suoratoiston<\/a>.<\/li>\n      <li>Monikkomuoto \u201cIPTV\u201d ei viittaa tiettyyn tuotetyyppiin. Sen sijaan se tarkoittaa pikemminkin <a href=\"https:\/\/novaiptv.to\/fi\/nova-iptv-hinnoittelu\/\">IPTV-tilaukset<\/a>, suoratoistoalustoja tai joskus IPTV:t\u00e4 tukevia laitteita.<\/li>\n    <\/ul>\n    <p>Lukemalla eteenp\u00e4in et ainoastaan ymm\u00e4rr\u00e4 &quot;IPTV:iden&quot; todellista merkityst\u00e4, vaan huomaat my\u00f6s, kuinka NovaIPTV voi tehd\u00e4 suoratoistokokemuksestasi paljon paremman kuin perinteinen televisio.<\/p>\n\n    <h2>Mik\u00e4 on IPTV?<\/h2>\n    <p>Jotta todella ymm\u00e4rt\u00e4isimme, mit\u00e4 ihmiset tarkoittavat &quot;IPTV:ill\u00e4&quot;, puretaanpa ensin, mit\u00e4 <a href=\"https:\/\/en.wikipedia.org\/wiki\/Internet_Protocol_television\" target=\"_blank\" rel=\"noopener\"> IPTV <\/a> on kyse kaikesta.<\/p>\n\n    <h3>Miten IPTV toimii<\/h3>\n    <p>Perinteisten kaapeli- tai satelliittisignaalien sijaan, <strong>IPTV (Internet Protocol Television)<\/strong> tarjoaa suoraa televisiota <a href=\"https:\/\/novaiptv.to\/fi\/kanavat\/\">kanavat<\/a> ja internetin kautta tarjottavaa sis\u00e4lt\u00f6\u00e4 tilauksesta. Ajattele sit\u00e4 kuin Netflixi\u00e4 tai YouTubea, mutta kaikkiin live-televisiotarpeisiisi.<\/p>\n    <p>N\u00e4in se toimii:<\/p>\n    <ul>\n      <li>An <a href=\"https:\/\/novaiptv.to\/fi\/5-reasons-nova-iptv-is-the-top-streaming-service-now\/\" title=\"5 syyt\u00e4 miksi Nova IPTV on nyt paras suoratoistopalvelu!\" data-wpil-monitor-id=\"189\">IPTV-palveluntarjoaja is\u00e4nn\u00f6i televisiokanavia ja suoratoistoja<\/a> suojatuilla palvelimilla.<\/li>\n      <li>Kun sin\u00e4 <a href=\"https:\/\/novaiptv.to\/fi\/osta-iptv-tilaus-usa-2025\/\">osta IPTV-tilaus<\/a>, saat kirjautumistiedot tai soittolistalinkin.<\/li>\n      <li>K\u00e4yt\u00e4 vain <a href=\"https:\/\/novaiptv.to\/fi\/paras-iptv-soitin-firestickille\/\">IPTV-sovellus<\/a> (\u00e4lytelevisiossasi, Firestickiss\u00e4si tai puhelimessasi) k\u00e4ytt\u00e4\u00e4ksesi tuhansia live-kanavia ja -ohjelmia internet-yhteytesi kautta.<\/li>\n    <\/ul>\n    <p>Kuvittele vaihtavasi vanhan TV-antennisi nopeaan Wi-Fi-yhteyteen \u2013 ei kaapeleita, laatikoita tai maantieteellisi\u00e4 rajoituksia.<\/p>\n\n    <h3>Edut perinteiseen kaapeli-\/satelliittitelevisioon verrattuna<\/h3>\n    <p>Ihmiset siirtyv\u00e4t kaapelitelevisiosta <a href=\"https:\/\/novaiptv.to\/fi\/xtream-iptv-kanada-2025-opas\/\">IPTV-palvelut<\/a> eritt\u00e4in hyvist\u00e4 syist\u00e4:<\/p>\n    <ul>\n      <li><strong>Laajempi valikoima<\/strong>P\u00e4\u00e4sy tuhansiin maailmanlaajuisiin kanaviin ja tilaussis\u00e4lt\u00f6\u00f6n.<\/li>\n      <li><strong>Liikkeell\u00e4<\/strong>K\u00e4yt\u00e4 <a href=\"https:\/\/novaiptv.to\/fi\/iptv\/canada\/\" title=\"IPTV Kanada 2025 \u2013 Nova IPTV:n perimm\u00e4inen opas (paketit, laitteet ja ilmainen kokeilu)\" data-wpil-monitor-id=\"152\">IPTV l\u00e4hes mill\u00e4 tahansa laitteella<\/a>, miss\u00e4 tahansa, miss\u00e4 on internet.<\/li>\n      <li><strong>Joustavuus<\/strong>Valitse lyhyt- tai pitk\u00e4aikaisia sopimuksia, \u00e4l\u00e4 j\u00e4ykki\u00e4 vuosisopimuksia.<\/li>\n      <li><strong>Kustannuss\u00e4\u00e4st\u00f6t<\/strong>: <a href=\"https:\/\/novaiptv.to\/fi\/paras-iptv-tilaus-2025\/\">IPTV-tilaukset<\/a> ovat usein paljon halvempia kuin perinteiset kaapeli- tai satelliittipaketit.<\/li>\n      <li><strong>Runsaat ominaisuudet<\/strong>Nauti HD\/4K-laadusta, s\u00e4hk\u00f6isist\u00e4 ohjelmaoppaista (EPG) ja jopa uusintatoistotoiminnoista.<\/li>\n    <\/ul>\n\n    <h3>Mit\u00e4 tarvitset IPTV:n k\u00e4ytt\u00e4miseen<\/h3>\n    <p>IPTV:n k\u00e4yt\u00f6n aloittaminen on helpompaa kuin luuletkaan. T\u00e4ss\u00e4 mit\u00e4 tarvitset:<\/p>\n    <ul>\n      <li><strong>Luotettava IPTV-palveluntarjoaja<\/strong> (kuten NovaIPTV)<\/li>\n      <li><strong>Vakaa ja nopea internetyhteys<\/strong> (suositus v\u00e4hint\u00e4\u00e4n 10 Mbps)<\/li>\n      <li><strong>Yhteensopiva laite<\/strong> \u2013 \u00c4lytelevisio, <a href=\"https:\/\/novaiptv.to\/fi\/asenna-protonvpn-fire-stickiin-2025\/\">Fire TV -tikku<\/a>, MAG-laatikko, Android-puhelin, -tabletti, iOS-laite tai PC.<\/li>\n      <li><strong>An <\/strong><a href=\"https:\/\/novaiptv.to\/fi\/iptv-alykkaammat-lg-alytelevisiot-2025\/\">IPTV-sovellus \u2013 vaihtoehtoihin kuuluvat Smart IPTV, IPTV Smarters<\/a>, TiviMate tai muut.<\/li>\n    <\/ul>\n    <p>Haluatko tiet\u00e4\u00e4, mik\u00e4 laite on paras? Tutustu valikoimaamme <a href=\"\/fi\/smart-tv-2025\/\">\u00c4lytelevisio-opas vuodelle 2025<\/a>.<\/p>\n\n    <h2>Miksi ihmiset etsiv\u00e4t &quot;IPTV:it\u00e4&quot;?<\/h2>\n    <p>Saatat ihmetell\u00e4, miksi niin monet ihmiset etsiv\u00e4t hakusanoilla \u201ciptvs\u201d \u201cIPTV\u201d:n sijaan. T\u00e4ss\u00e4 syy:<\/p>\n    <ul>\n      <li><strong>Yleisi\u00e4 kirjoitusvirheit\u00e4 ja automaattisia ehdotuksia<\/strong>Hakukoneet t\u00e4ydent\u00e4v\u00e4t usein kyselyit\u00e4 automaattisesti hakusanalla \u201ciptvs\u201d, koska monet k\u00e4ytt\u00e4j\u00e4t kirjoittavat sen vahingossa tai tottumuksesta.<\/li>\n      <li><strong>Yleiset viitteet<\/strong>Verkkokauppapaikoilla ja -foorumeilla ihmiset viittaavat <a href=\"https:\/\/novaiptv.to\/fi\/\">IPTV-palvelut<\/a> yhteisesti nimell\u00e4 \u201cIPTV\u201d.\u201d<\/li>\n      <li><strong>Trendikk\u00e4\u00e4t hakumallit<\/strong>Kun yh\u00e4 useammat k\u00e4ytt\u00e4j\u00e4t kokeilevat suoratoistoa kotona, termit, kuten &quot;paras <a href=\"https:\/\/novaiptv.to\/fi\/osta-iptv-tilaus-usa-2025\/\">IPTV:t<\/a> Firestickille\u201d, \u201chalvat iptv:t\u201d tai \u201ctoimivat iptv:t vuonna 2025\u201d -trendi hakuanalytiikassa.<\/li>\n    <\/ul>\n    <p>Jos olet t\u00e4\u00e4ll\u00e4, etsit ehdottomasti uusimpia ja <a class=\"wpil_keyword_link\" href=\"https:\/\/novaiptv.to\/fi\/\" title=\"paras IPTV\" data-wpil-keyword-link=\"linked\">paras IPTV<\/a> palvelut, kirjoitusasusta riippumatta.<\/p>\n\n    <h2>IPTV:t vs. IPTV-tilaukset: Mik\u00e4 on todellinen ero?<\/h2>\n    <p>Selvennet\u00e4\u00e4np\u00e4: \u201cIPTV\u201d ei viittaa laitteisiin tai eri palvelutasoon \u2013 kyse on vain <a href=\"https:\/\/novaiptv.to\/fi\/nova-iptv-uk-premium-iptv-tilaus\/\">IPTV-tilaukset<\/a> ja palveluntarjoajat.<\/p>\n    <p><a href=\"https:\/\/novaiptv.to\/fi\/iptv-ilmainen-kokeilujakso-kanadassa-2025\/\"><\/a><a href=\"https:\/\/novaiptv.to\/fi\/iptv-ilmainen-kokeilujakso-kanadassa-2025\/\"><\/a><strong>T\u00e4ss\u00e4 on t\u00e4rkeit\u00e4 asioita luotettavia IPTV-palveluita etsiess\u00e4:<\/strong><\/p>\n    <ul>\n      <li><strong>Laaja kanavavalikoima:<\/strong> Kansainv\u00e4liset, paikalliset, urheilu, viihde, PPV, lapset, elokuvat.<\/li>\n      <li><strong>Korkealaatuiset striimit:<\/strong> Tarjoaa HD- tai 4K-vaihtoehtoja, minimaalinen puskurointi.<\/li>\n      <li><strong>Helppo asennus:<\/strong> Yksinkertainen soittolista tai portaalin URL-osoite toimii useimmilla laitteilla.<\/li>\n      <li><strong>24\/7-tuki:<\/strong> Chat- tai s\u00e4hk\u00f6postituki, jotta voit jatkaa suoratoistoa vaivattomasti.<\/li>\n    <\/ul>\n\n    <h3>NovaIPTV:n tarjonta<\/h3>\n    <p>NovaIPTV on tunnustettu seuraavista ominaisuuksista:<\/p>\n    <ul>\n      <li><strong>Vakaat, korkealaatuiset suoratoistot<\/strong> yli 20 000 kanavalta.<\/li>\n      <li><strong>Eritt\u00e4in nopeat palvelimet<\/strong> sujuvaa suoratoistoa varten jopa huippu-urheilutapahtumien aikana.<\/li>\n      <li><strong>Joustavat sopimukset<\/strong> kaikille budjeteille. Tutustu nyt sivustoomme <a href=\"\/fi\/plans\/\">Suunnitelmat-sivu<\/a>.<\/li>\n      <li><strong>K\u00e4ytt\u00e4j\u00e4yst\u00e4v\u00e4llinen <\/strong><a href=\"https:\/\/novaiptv.to\/fi\/iptv-smarters-pro-asennus-2025\/\" title=\"IPTV Smarters Pro -asennus NovaIPTV:lle \u2014 Asennus, EPG ja vinkkej\u00e4\" data-wpil-monitor-id=\"10\">asennustuki \u2014 asennuksesta alkaen<\/a> oppaita live-chat-tukeen.<\/li>\n    <\/ul>\n    <p>Etsitk\u00f6 hakusanalla \u201ciptv\u201d? Olet l\u00f6yt\u00e4nyt yhden vuoden 2025 luotettavimmista IPTV-palveluntarjoajista.<\/p>\n\n    <h2>Kuinka valita paras IPTV-palvelu vuonna 2025<\/h2>\n    <p>Kun vaihtoehtoja on niin paljon, mist\u00e4 tied\u00e4t, mik\u00e4 <a class=\"wpil_keyword_link\" href=\"https:\/\/novaiptv.to\/fi\/\" title=\"IPTV-tilaus\" data-wpil-keyword-link=\"linked\">IPTV-tilaus<\/a> sopii sinulle? Pid\u00e4 n\u00e4m\u00e4 tekij\u00e4t mieless\u00e4:<\/p>\n    <ul>\n      <li><strong>Vakaus ja k\u00e4ytt\u00f6aika:<\/strong> Tasainen palvelu on t\u00e4rke\u00e4\u00e4 \u2013 et halua ruuhkaa ison pelin aikana.<\/li>\n      <li><strong>Elektroninen ohjelmaopas (EPG):<\/strong> Sis\u00e4\u00e4nrakennettu TV-opas helpottaa kanavien selaamista.<\/li>\n      <li><strong>Laaja sis\u00e4lt\u00f6kirjasto:<\/strong> Enemm\u00e4n kanavia, enemm\u00e4n valinnanvaraa \u2013 etsi globaalia kattavuutta.<\/li>\n      <li><strong>Asiakastuki:<\/strong> Apua saatavilla tarvittaessa.<\/li>\n      <li><strong>HD- ja 4K-h\u00f6yryt:<\/strong> Ter\u00e4vimm\u00e4n kuvan saamiseksi vaadi korkealaatuisia vaihtoehtoja.<\/li>\n      <li><strong>Yhteensopivuus:<\/strong> Varmista, ett\u00e4 palveluntarjoaja toimii laitteidesi kanssa \u2013 Firestick, Smart TV, Android jne.<\/li>\n    <\/ul>\n\n    <h3>Miksi valita NovaIPTV?<\/h3>\n    <ul>\n      <li><strong>Kallionvarma k\u00e4ytt\u00f6aika<\/strong> ja alan johtavaa luotettavuutta.<\/li>\n      <li><strong>T\u00e4ydellinen EPG ja catch-up-ominaisuudet<\/strong> \u2013 joten et koskaan missaa suosikkiohjelmaasi.<\/li>\n      <li><strong>Striimaa kaikilla t\u00e4rkeimmill\u00e4 alustoilla<\/strong> \u2014 mukaan lukien <a href=\"\/fi\/smart-tv-2025\/\">\u00c4lytelevisiot<\/a>, <a href=\"\/fi\/smart-tv-2025\/\">Tulitikku<\/a>, <a href=\"\/fi\/ios-apple-2025\/\">Android\/iOS<\/a>.<\/li>\n      <li><strong>L\u00e4pin\u00e4kyv\u00e4 ja edullinen hinnoittelu<\/strong> \u2014 ilman piilokuluja.<\/li>\n      <li><strong>Riskit\u00f6n kokeilu<\/strong> niin n\u00e4et eron itse.<\/li>\n    <\/ul>\n    <p>Tutustu uusimpiin <a href=\"\/fi\/plans\/\">suunnitelmat ja tarjoukset<\/a> nyt.<\/p>\n\n    <h2>Onko IPTV:iden k\u00e4ytt\u00f6 turvallista ja laillista?<\/h2>\n    <p>\u201c&quot;Onko <a href=\"https:\/\/novaiptv.to\/fi\/onko-iptv-laillista-kanadassa\/\">IPTV<\/a> laillista?\u201d on seuraava suuri kysymys oikean IPTV-palveluntarjoajan l\u00f6yt\u00e4misen j\u00e4lkeen.<\/p>\n    <ul>\n      <li><strong>Laillisuus riippuu palvelusta<\/strong>Ei kaikki <a href=\"https:\/\/novaiptv.to\/fi\/the-best-iptv-reddit-services-in-canada-for-2025\/\">IPTV-palvelut<\/a> ovat laillisia. Varmista, ett\u00e4 valitset hyvin arvioidun ja s\u00e4\u00e4nn\u00f6sten mukaisen IPTV-palveluntarjoajan.<\/li>\n      <li><strong>Henkil\u00f6kohtainen yksityisyys<\/strong>Sis\u00e4ll\u00f6n suoratoisto, erityisesti kansainv\u00e4lisist\u00e4 l\u00e4hteist\u00e4, voi aiheuttaa yksityisyyden suojaa tai maantieteellisi\u00e4 rajoituksia.<\/li>\n    <\/ul>\n\n    <h3>Suojaa itsesi VPN:ll\u00e4<\/h3>\n    <p>VPN (Virtual Private Network) salaa toimintasi ja auttaa v\u00e4ltt\u00e4m\u00e4\u00e4n alueellisia estot tai internet-palveluntarjoajien rajoituksia. Pysy turvassa noudattamalla ohjeitamme. <a href=\"\/fi\/vpn-setup\/\">VPN-asennusopas<\/a>.<\/p>\n    <p><strong>Ammattilaisen vinkki:<\/strong> Yhdist\u00e4 aina omasi <a class=\"wpil_keyword_link\" href=\"https:\/\/novaiptv.to\/fi\/blogi\/iptv-vs-kaapeli-tvn-kustannusvertailu-2025\/\" title=\"IPTV-tilaus\" data-wpil-keyword-link=\"linked\">IPTV-tilaus<\/a> vankan VPN:n avulla turvallisuutta ja mielenrauhaa varten.<\/p>\n\n    <h2>Yhteensopivat laitteet IPTV-televisioille<\/h2>\n    <p>Mietitk\u00f6, voitko k\u00e4ytt\u00e4\u00e4 IPTV:it\u00e4si nykyisess\u00e4 j\u00e4rjestelm\u00e4ss\u00e4si? Nykyp\u00e4iv\u00e4n IPTV-palvelut ovat eritt\u00e4in joustavia.<\/p>\n\n    <h3>Tuetut laitteet sis\u00e4lt\u00e4v\u00e4t:<\/h3>\n    <ul>\n      <li><strong>\u00c4lytelevisiot<\/strong> (LG, Samsung, Sony ja muut)<\/li>\n      <li><strong>Amazon Firestick<\/strong> ja Fire TV<\/li>\n      <li><strong>Android-puhelimet ja -tabletit<\/strong><\/li>\n      <li><strong>iPhone, iPad, Apple TV<\/strong><\/li>\n      <li><strong>MAG-laatikot, Enigma2<\/strong><\/li>\n      <li><strong>Windows- ja Mac-tietokoneet<\/strong><\/li>\n    <\/ul>\n    <p>Katso lis\u00e4tietoja parhaasta laiteasetuksesta oppaistamme <a href=\"\/fi\/smart-tv-2025\/\">\u00c4lytelevisiot<\/a> ja <a href=\"\/fi\/ios-apple-2025\/\">Apple-laitteet<\/a>.<\/p>\n\n    <h2>Loppusanat \u2013 IPTV:t saattavat olla v\u00e4\u00e4r\u00e4 termi, mutta olet oikeassa paikassa<\/h2>\n    <p>Vaikka \u201cIPTV:t\u201d ei ole teknisesti oikein, hakusi on tuonut sinut oikeaan paikkaan. Etsitp\u00e4 sitten Firestickille IPTV:t\u00e4, uutta suoratoistokokemusta tai haluat vertailla... <a href=\"https:\/\/novaiptv.to\/fi\/parhaat-iptv-palvelut-uk-2025\/\">parhaat IPTV-palvelut<\/a> vuonna 2025, <strong>NovaIPTV<\/strong> on luotettu kumppanisi IPTV-maailmassa.<\/p>\n    <p><strong>Oletko valmis nostamaan striimauksesi uudelle tasolle?<\/strong><\/p>\n    <ul>\n      <li>Tutustu joustaviin <a href=\"\/fi\/plans\/\">IPTV-paketit<\/a>.<\/li>\n      <li>Lue hy\u00f6dyllisi\u00e4 <a href=\"https:\/\/novaiptv.to\/fi\/iptv\/usa\/\" title=\"IPTV USA 2025 \u2013 T\u00e4ydellinen opas Nova IPTV:hen (parhaat paketit, laitteet ja asennus)\" data-wpil-monitor-id=\"118\">laitteen asennusoppaat<\/a>.<\/li>\n      <li>Nauti riskitt\u00f6m\u00e4st\u00e4 IPTV:st\u00e4 rahat takaisin -takuulla.<\/li>\n    <\/ul>\n    <p>Lopeta &quot;iptv&quot;-haku ja aloita fiksumpi suoratoisto NovaIPTV:n avulla. Television tulevaisuus on t\u00e4\u00e4ll\u00e4 \u2013 nappaa omasi. <a href=\"\/fi\/plans\/\">IPTV-tilaus<\/a> t\u00e4n\u00e4\u00e4n!<\/p>\n\n    <p><strong>Sis\u00e4iset linkit t\u00e4ss\u00e4 artikkelissa:<\/strong><\/p>\n    <ul>\n      <li><a href=\"\/fi\/plans\/\">Suunnitelmat<\/a><\/li>\n      <li><a href=\"\/fi\/vpn-setup\/\">VPN-asetukset<\/a><\/li>\n      <li><a href=\"\/fi\/smart-tv-2025\/\">\u00c4lytelevisioiden opas vuodelle 2025<\/a><\/li>\n      <li><a href=\"\/fi\/ios-apple-2025\/\">iOS \/ Apple 2025 -opas<\/a><\/li>\n    <\/ul>\n  <\/div>\n<\/section>\t\t\t\t<\/div>\n\t\t\t\t\t<\/div>\n\t\t\t\t<\/div>\n\t\t\t\t<\/div>","protected":false},"excerpt":{"rendered":"<p>What Are IPTVs? Understanding the Confusing Term Behind IPTV Services Introduction to IPTVs \u2013 A Misunderstood Term If you\u2019ve found yourself searching for \u201cIPTVs,\u201d you\u2019re not alone. Many people stumble across this term when looking for ways to upgrade their&#8230;<\/p>","protected":false},"author":1,"featured_media":7752,"parent":0,"menu_order":0,"comment_status":"closed","ping_status":"closed","template":"","meta":{"footnotes":""},"class_list":["post-7748","page","type-page","status-publish","has-post-thumbnail","hentry"],"_links":{"self":[{"href":"https:\/\/novaiptv.to\/fi\/wp-json\/wp\/v2\/pages\/7748","targetHints":{"allow":["GET"]}}],"collection":[{"href":"https:\/\/novaiptv.to\/fi\/wp-json\/wp\/v2\/pages"}],"about":[{"href":"https:\/\/novaiptv.to\/fi\/wp-json\/wp\/v2\/types\/page"}],"author":[{"embeddable":true,"href":"https:\/\/novaiptv.to\/fi\/wp-json\/wp\/v2\/users\/1"}],"replies":[{"embeddable":true,"href":"https:\/\/novaiptv.to\/fi\/wp-json\/wp\/v2\/comments?post=7748"}],"version-history":[{"count":0,"href":"https:\/\/novaiptv.to\/fi\/wp-json\/wp\/v2\/pages\/7748\/revisions"}],"wp:featuredmedia":[{"embeddable":true,"href":"https:\/\/novaiptv.to\/fi\/wp-json\/wp\/v2\/media\/7752"}],"wp:attachment":[{"href":"https:\/\/novaiptv.to\/fi\/wp-json\/wp\/v2\/media?parent=7748"}],"curies":[{"name":"wp","href":"https:\/\/api.w.org\/{rel}","templated":true}]}}