{"id":7998,"date":"2025-08-25T11:42:06","date_gmt":"2025-08-25T11:42:06","guid":{"rendered":"https:\/\/novaiptv.to\/?page_id=7998"},"modified":"2025-11-04T19:00:53","modified_gmt":"2025-11-04T19:00:53","slug":"osta-iptv-tilaus-usa-2025","status":"publish","type":"page","link":"https:\/\/novaiptv.to\/fi\/osta-iptv-tilaus-usa-2025\/","title":{"rendered":"Osta IPTV-tilaus USA 2025: Avaa Premium-suoratoisto jo t\u00e4n\u00e4\u00e4n"},"content":{"rendered":"<section class=\"nova-typo nova-typo--light\">\n <style>\n    \/* ========= TYPOGRAPHY-ONLY FIX (Scoped & Strong) ========= *\/\n    .nova-fix-typo{\n  \n      --h:#0f172a;        \/* headings *\/\n      --p:#111827;        \/* paragraph *\/\n      --muted:#475569;    \n      --link:#0b6bff;    \n      --link-h:#084ec8;   \n      font-family: system-ui,-apple-system,Segoe UI,Roboto,Inter,Arial,sans-serif;\n    }\n    .nova-fix-typo--dark{\n      --h:#ffffff; --p:#e5efff; --muted:#c6d3ea; --link:#3ea6ff; --link-h:#7fc5ff;\n    }\n\n    .nova-fix-typo :is(h1,h2,h3,h4,h5,h6,p,span,a,li,ul,ol,em,strong,small,table,td,th,figcaption){\n      color: inherit !important;\n      opacity: 1 !important;\n      filter: none !important;\n      text-shadow: none !important;\n    }\n\n    .nova-fix-typo :is(.wp-block-heading,h1,h2,h3,h4,h5,h6){\n      color: var(--h) !important;\n      line-height: 1.2 !important;\n      margin: .8em 0 .35em !important;\n      letter-spacing: .2px;\n      font-weight: 800 !important;\n    }\n    .nova-fix-typo h1{ font-size: clamp(28px,4vw,42px) !important; }\n    .nova-fix-typo h2{ font-size: clamp(22px,3vw,32px) !important; font-weight: 800 !important;}\n    .nova-fix-typo h3{ font-size: clamp(18px,2.2vw,22px) !important; font-weight: 750 !important;}\n\n    .nova-fix-typo p,\n    .nova-fix-typo .wp-block-paragraph{\n      color: var(--p) !important;\n      font-size: clamp(15.5px,1.1vw,17px) !important;\n      line-height: 1.75 !important;\n      margin: .5em 0 .9em !important;\n      font-weight: 500 !important;\n    }\n\n    .nova-fix-typo small,\n    .nova-fix-typo .has-small-font-size,\n    .nova-fix-typo .is-style-subtle,\n    .nova-fix-typo .wp-block-heading + p:first-of-type{\n      color: var(--muted) !important;\n    }\n\n    .nova-fix-typo a{\n      color: var(--link) !important;\n      text-decoration: none !important;\n      font-weight: 700 !important;\n    }\n    .nova-fix-typo a:hover,\n    .nova-fix-typo a:focus{\n      color: var(--link-h) !important;\n      text-decoration: underline !important;\n    }\n    .nova-fix-typo a:visited{ color: var(--link) !important; }\n\n    .nova-fix-typo :is(ul,ol){\n      color: var(--p) !important;\n      margin: .5em 0 .9em 1.2em !important;\n    }\n    .nova-fix-typo li{ margin: .35em 0 !important; }\n    .nova-fix-typo li::marker{ color: var(--muted) !important; }\n\n    .nova-fix-typo table,\n    .nova-fix-typo th,\n    .nova-fix-typo td{\n      color: var(--p) !important;\n      font-size: clamp(14.5px,1vw,16px) !important;\n      line-height: 1.6 !important;\n      font-weight: 600 !important;\n    }\n\n    .nova-fix-typo p img{ display:block; margin:.6em 0; height:auto; }\n\n    .nova-fix-typo [class*=\"has-text-color\"]{ color: var(--p) !important; }\n    .nova-fix-typo .has-link-color{ color: var(--link) !important; }\n  <\/style>\n\n\n\n  \n  <h1 class=\"wp-block-heading\"><\/h1>\n  \n\n  \n  <p>Ota selv\u00e4\u00e4, miksi miljoonat ihmiset valitsevat IPTV-tilauksen USA 2025 -palvelussa ly\u00f6m\u00e4tt\u00f6m\u00e4n viihteen saamiseksi. Aloita Nova IPTV:n k\u00e4ytt\u00f6 \u2013 nopea, edullinen ja yhteensopiva kaikkien laitteidesi kanssa.<\/p>\n  \n\n\n<\/section>\n\n  <!-- ===== Your content (unchanged) ===== -->\n\n  \n  <h1 class=\"wp-block-heading\"><\/h1>\n  \n\n  \n\n  \n\n  \n  <p><a href=\"https:\/\/subpanel.me\" target=\"_blank\" rel=\"noopener\">\ud83d\udc49 Osta IPTV-tilaus nyt<\/a><a href=\"https:\/\/novaiptv.to\/fi\/nova-iptv-pricing\/\" data-type=\"page\" data-id=\"5796\">\ud83d\udcb2 Katso hinnoittelusuunnitelmat<\/a><\/p>\n  \n\n  \n  <ul class=\"wp-block-list\">\n  <li><a href=\"\/fi\/#why-iptv-usa-2025\">Miksi IPTV Yhdysvalloissa vuonna 2025<\/a><\/li>\n  \n\n  \n  <li><a href=\"\/fi\/#benefits-iptv-usa\">Edut<\/a><\/li>\n  \n\n  \n  <li><a href=\"\/fi\/#nova-features\">Nova IPTV -ominaisuudet<\/a><\/li>\n  \n\n  \n  <li><a href=\"\/fi\/#install-guides\">Asennusoppaat<\/a><\/li>\n  \n\n  \n  <li><a href=\"\/fi\/#pricing-usa-2025\">Hinnoittelu<\/a><\/li>\n  \n\n  \n  <li><a href=\"\/fi\/#testimonials\">Suositukset<\/a><\/li>\n  \n\n  \n  <li><a href=\"\/fi\/#comparison-2025\">Vertailu<\/a><\/li>\n  \n\n  \n  <li><a href=\"\/fi\/#faq-iptv-usa-2025\">Usein kysytyt kysymykset<\/a><\/li>\n  <\/ul>\n  \n\n  \n  <h2 class=\"wp-block-heading\">Miksi IPTV on trendik\u00e4s Yhdysvalloissa vuonna 2025: Television tulevaisuus<\/h2>\n  \n\n  \n  <p>Vuonna 2025 amerikkalaisten television kulutus on valtavassa muutoksessa. Perinteinen kaapelitelevisio on vanhentumassa, kun yh\u00e4 useammat ihmiset ostavat sit\u00e4. <a class=\"wpil_keyword_link\" href=\"https:\/\/novaiptv.to\/fi\/\" title=\"IPTV-tilaus\" data-wpil-keyword-link=\"linked\">IPTV-tilaus<\/a> USA 2025. T\u00e4t\u00e4 muutosta ajaa joustavan, nykyaikaiseen el\u00e4m\u00e4ntyyliin sopivan tilaussis\u00e4ll\u00f6n kysynt\u00e4. Nousevien kaapelikustannusten ja rajoitettujen vaihtoehtojen my\u00f6t\u00e4 IPTV tarjoaa virkist\u00e4v\u00e4n vaihtoehdon.<\/p>\n  \n\n  \n  <p><a href=\"https:\/\/novaiptv.to\/fi\/paras-iptv-palvelu-2025\/\" title=\"Nova IPTV 2025 \u2013 Virallinen IPTV-suoratoistopalvelu | Katso suoraa televisiota verkossa\" data-wpil-monitor-id=\"27\">IPTV-toimitus<\/a>rs suorana l\u00e4hetett\u00e4v\u00e4t TV-kanavat, elokuvat ja ohjelmat internetin kautta \u2013 ei k\u00f6mpel\u00f6it\u00e4 kaapeleita tai kalliita laitteita. Kaapelien v\u00e4hent\u00e4misen yleistyess\u00e4 l\u00e4hteet, kuten <a href=\"https:\/\/www.cordcuttersnews.com\/\" target=\"_blank\" rel=\"noreferrer noopener\">CordCutters-uutiset<\/a> korostavat, miten IPTV muuttaa kotiviihdett\u00e4. Yhdysvalloissa, miss\u00e4 nopea internet on laajalle levinnyt, television ostaminen <a class=\"wpil_keyword_link\" href=\"https:\/\/novaiptv.to\/fi\/iptv-vs-kaapeli-tvn-kustannusvertailu-2025\/\" title=\"IPTV-tilaus\" data-wpil-keyword-link=\"linked\">IPTV-tilaus<\/a> vuonna 2025 tarkoittaa helppoa p\u00e4\u00e4sy\u00e4 maailmanlaajuiseen sis\u00e4lt\u00f6\u00f6n.<\/p>\n  \n\n  \n  <p>Trendi\u00e4 vauhdittavat \u00e4lytelevisioiden, FireStick-, Android- ja iOS-sovellusten kehitys. Jos etsit edullista IPTV-tilausta, Nova IPTV erottuu edukseen luotettavuudellaan ja kanavavalikoimansa laajuudellaan. Rakastitpa sitten urheilua, elokuvia tai uutisia, IPTV tarjoaa sinulle kaiken tarvitsemasi.<\/p>\n  \n\n  \n  <p>Haluatko vaiheittaiset asennusohjeet? Katso <a href=\"https:\/\/novaiptv.to\/fi\/iptv-nova-2025\/\" data-type=\"page\" data-id=\"7773\">IPTV:n asentaminen<\/a> opas ja tarkista uusimmat <a href=\"https:\/\/novaiptv.to\/fi\/nova-iptv-pricing\/\" data-type=\"page\" data-id=\"5796\">hinnoittelu<\/a> ennen kuin tilaat.<\/p>\n  \n\n  \n  <h2 class=\"wp-block-heading\">IPTV-tilauksen ostamisen edut Yhdysvalloissa vuonna 2025<\/h2>\n  \n\n  \n  <p><img fetchpriority=\"high\" decoding=\"async\" src=\"https:\/\/novaiptv.to\/wp-content\/uploads\/2025\/08\/benefit.webp\" alt=\"IPTV-tilauksen edut Yhdysvalloissa vuonna 2025\" width=\"1200\" height=\"600\"><\/p>\n  \n\n  \n  <p>Kun p\u00e4\u00e4t\u00e4t ostaa <a href=\"https:\/\/novaiptv.to\/fi\/paras-iptv-tilaus-live-urheilua-varten\/\">IPTV-tilaus<\/a> USA 2025 -ohjelmassa saat k\u00e4ytt\u00f6\u00f6si etuja, jotka p\u00e4ihitt\u00e4v\u00e4t perinteisen television.<\/p>\n  \n\n  \n  <h3 class=\"wp-block-heading\">Kustannustehokasta viihdett\u00e4<\/h3>\n  \n\n  \n  <p>Kaapelilasku voi ylitt\u00e4\u00e4 $100\/kk. Halpa IPTV <a href=\"https:\/\/novaiptv.to\/fi\/paras-ilmainen-iptv-kokeilutilaus-isossa-britanniassa-2025\/\">tilaus<\/a> kuten Nova IPTV maksaa murto-osan siit\u00e4 \u2013 ei piilokuluja tai pitk\u00e4aikaisia sopimuksia.<\/p>\n  \n\n  \n  <h3 class=\"wp-block-heading\">Laaja kanavavalikoima<\/h3>\n  \n\n  \n  <p>Nauti kansainv\u00e4lisist\u00e4 kanavista, premium-urheilusta ja tilaussis\u00e4ll\u00f6st\u00e4. Nova IPTV tarjoaa laajan valikoiman HD-vaihtoehtoja, jotka sopivat erilaisille yleis\u00f6ille.<\/p>\n  \n\n  \n  <h3 class=\"wp-block-heading\">Korkealaatuinen suoratoisto<\/h3>\n  \n\n  \n  <p>Odota 4K- ja HD-suoratoistoa minimaalisella puskuroinnilla \u2013 etenkin Yhdysvaltojen nopeilla yhteyksill\u00e4.<\/p>\n  \n\n  \n  <h3 class=\"wp-block-heading\">Usean laitteen yhteensopivuus<\/h3>\n  \n\n  \n  <p>Toimii saumattomasti \u00e4lytelevisioissa, FireStickiss\u00e4, Android TV:ss\u00e4 ja iOS:ss\u00e4. Perheet voivat suoratoistaa haluamillaan laitteilla.<\/p>\n  \n\n  \n  <h3 class=\"wp-block-heading\">Joustavuutta tarpeen mukaan<\/h3>\n  \n\n  \n  <p>VOD-kirjastot, tauko- ja uusintatoistotoiminnot auttavat sinua katsomaan omaan aikatauluusi sopivasti.<\/p>\n  \n\n  \n  <ul class=\"wp-block-list\">\n  <li>S\u00e4\u00e4st\u00e4 jopa 80%:ss\u00e4 kaapelitelevisioon verrattuna<\/li>\n  \n\n  \n  <li>K\u00e4yt\u00e4 yli 10 000 kanavaa ja yli 50 000 VOD-sis\u00e4lt\u00f6\u00e4<\/li>\n  \n\n  \n  <li>Striimaa useilla laitteilla<\/li>\n  \n\n  \n  <li>24\/7 asiakastuki<\/li>\n  <\/ul>\n  \n\n  \n  <p><a href=\"https:\/\/subpanel.me\" target=\"_blank\" rel=\"noopener\">Aloita katselu minuuteissa<\/a><\/p>\n  \n\n  \n  <h2 class=\"wp-block-heading\">Nova IPTV:n ominaisuudet: Nopea, edullinen ja monipuolinen vuodelle 2025<\/h2>\n  \n\n  \n  <p><img decoding=\"async\" src=\"https:\/\/novaiptv.to\/wp-content\/uploads\/2025\/08\/features.webp\" alt=\"Nova IPTV:n ominaisuudet Yhdysvaltain katsojille vuonna 2025\" width=\"1200\" height=\"600\"><\/p>\n  \n\n  \n  <p>Haluatko ostaa IPTV-tilauksen Yhdysvalloissa vuodelle 2025? T\u00e4ss\u00e4 on Nova IPTV:n etuja.<\/p>\n  \n\n  \n  <h3 class=\"wp-block-heading\">Salamannopea suoratoisto<\/h3>\n  \n\n  \n  <p>Yhdysvaltain liikenteelle optimoidut reitit tarjoavat puskurittomia suoratoistoja \u2013 jopa ruuhka-aikoina.<\/p>\n  \n\n  \n  <h3 class=\"wp-block-heading\">Edullinen hinnoittelu<\/h3>\n  \n\n  \n  <p>Suunnitellut paketit jokaiseen budjettiin laadusta tinkim\u00e4tt\u00e4. Katso <a href=\"https:\/\/novaiptv.to\/fi\/nova-iptv-pricing\/\" data-type=\"page\" data-id=\"5796\">uusimmat hinnat<\/a> ja kausitarjouksia.<\/p>\n  \n\n  \n  <h3 class=\"wp-block-heading\">Laiteyhteensopivuus<\/h3>\n  \n\n  \n  <p><a class=\"wpil_keyword_link\" href=\"https:\/\/novaiptv.to\/fi\/\" title=\"Paras IPTV\" data-wpil-keyword-link=\"linked\">Paras IPTV<\/a> FireStick 2025:lle ja t\u00e4ysin yhteensopiva \u00e4lytelevisioiden, Android TV -boksien ja iOS-laitteiden kanssa.<\/p>\n  \n\n  \n  <h3 class=\"wp-block-heading\">Laaja sis\u00e4lt\u00f6kirjasto<\/h3>\n  \n\n  \n  <p>Uutisista ja urheilusta viihteeseen ja VOD-sis\u00e4lt\u00f6\u00f6n \u2013 kaikki yhdell\u00e4 tilauksella. Lue <a href=\"\/fi\/opetusohjelma\/\">asiakasarvostelut<\/a> oppiaksesi lis\u00e4\u00e4.<\/p>\n  \n\n  \n  <h3 class=\"wp-block-heading\">Turvallinen ja luotettava<\/h3>\n  \n\n  \n  <p>Vakaat suoratoistot ja VPN-yst\u00e4v\u00e4llinen kokoonpano yksityisyytt\u00e4 tiedostaville k\u00e4ytt\u00e4jille. Tarvitsetko apua? K\u00e4y sivustollamme <a href=\"https:\/\/novaiptv.to\/fi\/iptv-opas\/\" data-type=\"page\" data-id=\"7748\">Usein kysytyt kysymykset<\/a>.<\/p>\n  \n\n  \n  <h2 class=\"wp-block-heading\">Nova IPTV:n asentaminen eri laitteille (2025)<\/h2>\n  \n\n  \n  <p>Noudata n\u00e4it\u00e4 pikaoppaita ja siirry sitten kohtaan <a href=\"https:\/\/subpanel.me\" target=\"_blank\" rel=\"noopener\">Tilaa<\/a> aktivoidaksesi tilisi. T\u00e4ydelliset ohjeet l\u00f6ytyv\u00e4t osoitteesta <a href=\"https:\/\/novaiptv.to\/fi\/paras-iptv-tilaus-2025\/\" data-type=\"page\" data-id=\"7427\">IPTV:n asentaminen<\/a>.<\/p>\n  \n\n  \n  <h3 class=\"wp-block-heading\">\u00c4lytelevisio (Samsung\/LG)<\/h3>\n  \n\n  \n  <ol class=\"wp-block-list\">\n  <li>Avaa televisiosi sovelluskauppa.<\/li>\n  \n\n  \n  <li>Hae hakusanalla \u201cIPTV Smarters Pro\u201d.<\/li>\n  \n\n  \n  <li>Asenna ja k\u00e4ynnist\u00e4 sovellus.<\/li>\n  \n\n  \n  <li>Anna Nova IPTV -tunnistetietosi (k\u00e4ytt\u00e4j\u00e4tunnus, salasana, palvelimen URL-osoite).<\/li>\n  \n\n  \n  <li>Aloita suoratoisto.<\/li>\n  <\/ol>\n  \n\n  \n  <h3 class=\"wp-block-heading\">FireStick<\/h3>\n  \n\n  \n  <ol class=\"wp-block-list\">\n  <li>Ota k\u00e4ytt\u00f6\u00f6n &quot;Sovellukset tuntemattomista l\u00e4hteist\u00e4&quot;.<\/li>\n  \n\n  \n  <li>Asenna \u201cDownloader\u201d Amazon Appstoresta.<\/li>\n  \n\n  \n  <li>Sy\u00f6t\u00e4 Nova IPTV APK:n URL-osoite.<\/li>\n  \n\n  \n  <li>Asenna ja kirjaudu sis\u00e4\u00e4n.<\/li>\n  <\/ol>\n  \n\n  \n  <h3 class=\"wp-block-heading\">Android (puhelin\/TV-boksi)<\/h3>\n  \n\n  \n  <p><img decoding=\"async\" src=\"https:\/\/novaiptv.to\/wp-content\/uploads\/2025\/08\/android.webp\" alt=\"Asenna Nova IPTV Android TV:hen ja Android-puhelimiin\" width=\"1200\" height=\"600\"><\/p>\n  \n\n  \n  <ol class=\"wp-block-list\">\n  <li>Lataa APK viralliselta verkkosivustoltamme.<\/li>\n  \n\n  \n  <li>Ota k\u00e4ytt\u00f6\u00f6n &quot;Asenna tuntemattomia sovelluksia&quot;.<\/li>\n  \n\n  \n  <li>Asenna ja kirjaudu sis\u00e4\u00e4n.<\/li>\n  <\/ol>\n  \n\n  \n  <h3 class=\"wp-block-heading\">iOS (iPhone\/iPad)<\/h3>\n  \n\n  \n  <ol class=\"wp-block-list\">\n  <li>Asenna yhteensopiva <a href=\"https:\/\/novaiptv.to\/fi\/paras-iptv-soitin-firestickille\/\">IPTV-soitin sovelluksesta<\/a> Kauppa.<\/li>\n  \n\n  \n  <li>Lis\u00e4\u00e4 et\u00e4soittolistasi (M3U URL).<\/li>\n  \n\n  \n  <li>Tallenna ja aloita suoratoisto.<\/li>\n  <\/ol>\n  \n\n  \n  <p><a href=\"https:\/\/subpanel.me\" target=\"_blank\" rel=\"noopener\">\ud83d\udc49 Osta IPTV-tilaus nyt<\/a><\/p>\n  \n\n  \n  <h2 class=\"wp-block-heading\">Nova IPTV -hinnoittelusuunnitelmat Yhdysvalloille vuodelle 2025<\/h2>\n  \n\n  \n  <p>Valitse tarpeisiisi sopiva paketti. Kaikkiin paketteihin sis\u00e4ltyy p\u00e4\u00e4sy live-kanaville ja VOD-sis\u00e4lt\u00f6\u00f6n.<\/p>\n  \n\n  \n  <ul class=\"wp-block-list\">\n  <li><strong>Kuukausittain:<\/strong> $15 \u2013 Kokeile ennen pitk\u00e4aikaista sitoutumista.<\/li>\n  \n\n  \n  <li><strong>Nelj\u00e4nnesvuosittain:<\/strong> $40 \u2013 S\u00e4\u00e4st\u00e4 10% pidemm\u00e4ll\u00e4 sopimuksella.<\/li>\n  \n\n  \n  <li><strong>Vuosittain:<\/strong> $120 \u2013 Paras hinta-laatusuhde.<\/li>\n  <\/ul>\n  \n\n  \n  <p>Tarvitsetko lis\u00e4tietoja? Katso koko sivu <a href=\"https:\/\/novaiptv.to\/fi\/nova-iptv-pricing\/\" data-type=\"page\" data-id=\"5796\">\ud83d\udcb2 Hinnastosivu<\/a> tai tarkista meid\u00e4n <a href=\"https:\/\/novaiptv.to\/fi\/iptv-opas\/\" data-type=\"page\" data-id=\"7748\">Usein kysytyt kysymykset<\/a>.<\/p>\n  \n\n  \n  <h2 class=\"wp-block-heading\">Asiakaspalautteet: Nova IPTV -arvostelut<\/h2>\n  \n\n  \n  <p>Aitoa palautetta k\u00e4ytt\u00e4jilt\u00e4, jotka p\u00e4\u00e4ttiv\u00e4t ostaa <a href=\"https:\/\/novaiptv.to\/fi\/ilmainen-iptv-kokeilujakso-2025\/\" title=\"Ilmainen IPTV-kokeilujakso 2025 \u2013 Aloita 36 tunnin testisi Nova IPTV:ll\u00e4\" data-wpil-monitor-id=\"52\">IPTV-tilaus USA 2025 Novan kanssa<\/a>.<\/p>\n  \n\n  \n  <p><img loading=\"lazy\" decoding=\"async\" src=\"https:\/\/novaiptv.to\/wp-content\/uploads\/2025\/08\/dan.webp\" alt=\"John D. arvostelu Nova IPTV:st\u00e4 FireStickiss\u00e4\" width=\"96\" height=\"96\"><\/p>\n  \n\n  \n  <p>\u201c&quot;Nova <a href=\"https:\/\/novaiptv.to\/fi\/paras-iptv-soitin-firestickille\/\">IPTV on paras IPTV FireStickille<\/a> &quot;2025! Kristallinkirkkaita virtoja ja loistava hinta.&quot; \u2014 John D., New York<\/p>\n  \n\n  \n  <p><img loading=\"lazy\" decoding=\"async\" src=\"https:\/\/novaiptv.to\/wp-content\/uploads\/2025\/08\/sarah.webp\" alt=\"Sarah L. arvostelu Nova IPTV:st\u00e4 Android TV:ss\u00e4\" width=\"96\" height=\"96\"><\/p>\n  \n\n  \n  <p>\u201cVirheet\u00f6n Android TV:ss\u00e4ni. Helppo asennus ja paljon kanavia.\u201d \u2013 Sarah L., Kalifornia<\/p>\n  \n\n  \n  <p><img loading=\"lazy\" decoding=\"async\" src=\"https:\/\/novaiptv.to\/wp-content\/uploads\/2025\/08\/mike.webp\" alt=\"Mike R. ylist\u00e4\u00e4 halpaa IPTV-tilausta arvostelussa\" width=\"96\" height=\"96\"><\/p>\n  \n\n  \n  <p>\u201cEdullinen ja luotettava. T\u00e4ydellinen urheiluun ja elokuviin.\u201d \u2013 Mike R., Texas<\/p>\n  \n\n  \n  <p><a href=\"https:\/\/novaiptv.to\/fi\/paras-iptv-tilaus-2025\/\" data-type=\"page\" data-id=\"7427\">Lue lis\u00e4\u00e4 arvosteluja<\/a><\/p>\n  \n\n  \n  <h2 class=\"wp-block-heading\">Nova IPTV vs. kilpailijat: Miksi valita Nova vuonna 2025<\/h2>\n  \n\n  \n  <p>Vertaile ominaisuuksia ennen kuin ostat IPTV-tilauksen USA 2025.<\/p>\n  \n\n  \n  <figure class=\"wp-block-table\"><table class=\"has-fixed-layout\"><thead><tr><th>Ominaisuus<\/th><th>Nova IPTV<\/th><th>Kilpailija A<\/th><th>Kilpailija B<\/th><\/tr><\/thead><tbody><tr><td>Hinta (kuukausittain)<\/td><td>$15<\/td><td>$20<\/td><td>$18<\/td><\/tr><tr><td>Kanavat<\/td><td>10,000+<\/td><td>8,000<\/td><td>9,000<\/td><\/tr><tr><td>Laitetuki<\/td><td>FireStick, \u00e4lytelevisio, Android, iOS<\/td><td>Rajoitettu<\/td><td>Useimmat<\/td><\/tr><tr><td>Suoratoiston laatu<\/td><td>4K\/HD<\/td><td>HD<\/td><td>HD<\/td><\/tr><tr><td>Asiakastuki<\/td><td>24\/7<\/td><td>Aukioloajat<\/td><td>24\/7<\/td><\/tr><\/tbody><\/table><\/figure>\n  \n\n  \n  <p>Laajemman johtojen katkaisemisen kontekstin osalta katso <a href=\"https:\/\/www.techradar.com\/\" target=\"_blank\" rel=\"noreferrer noopener\">TechRadar IPTV-opas<\/a>.<\/p>\n  \n\n  \n  <p><a href=\"https:\/\/subpanel.me\" target=\"_blank\" rel=\"noopener\">Vaihda Nova IPTV:hen<\/a><\/p>\n  \n\n  \n  <h2 class=\"wp-block-heading\">Usein kysytyt kysymykset: Osta IPTV-tilaus USA 2025<\/h2>\n  \n\n  \n  <p>Onko sinulla kysytt\u00e4v\u00e4\u00e4? K\u00e4y katsomassa <a href=\"https:\/\/novaiptv.to\/fi\/iptv-opas\/\" data-type=\"page\" data-id=\"7748\">Usein kysytyt kysymykset -sivu<\/a> tai <a href=\"https:\/\/novaiptv.to\/fi\/opetusohjelma\/\" data-type=\"page\" data-id=\"3860\">asennusoppaat<\/a>.<\/p>\n  \n\n  \n  <h3 class=\"wp-block-heading\">Mik\u00e4 on paras tapa ostaa IPTV-tilaus Yhdysvalloissa vuonna 2025?<\/h3>\n  \n\n  \n  <p>Valitse luotettava toimittaja, kuten <a href=\"https:\/\/novaiptv.to\/fi\/iptv\/usa\/\" title=\"IPTV USA 2025 \u2013 T\u00e4ydellinen opas Nova IPTV:hen (parhaat paketit, laitteet ja asennus)\" data-wpil-monitor-id=\"103\">Nova IPTV vahvalla laitteella<\/a> tuki ja nopea aktivointi. Tilaa virallisella sivulla ja aloita suoratoisto muutamassa minuutissa.<\/p>\n  \n\n  \n  <h3 class=\"wp-block-heading\">Onko Nova IPTV paras IPTV FireStick 2025:lle?<\/h3>\n  \n\n  \n  <p>Nova IPTV:t\u00e4 suositellaan laajalti FireStickille helpon asennuksen ja vakaan suorituskyvyn vuoksi.<\/p>\n  \n\n  \n  <h3 class=\"wp-block-heading\">Paljonko halpa IPTV-tilaus maksaa?<\/h3>\n  \n\n  \n  <p>Tyypilliset liittym\u00e4t vaihtelevat $10:n ja $15:n v\u00e4lill\u00e4 kuukaudessa, ja ne tarjoavat kaapelipalveluihin verrattuna ensiluokkaista vastinetta rahalle.<\/p>\n  \n\n  \n  <h3 class=\"wp-block-heading\">Voinko k\u00e4ytt\u00e4\u00e4 IPTV:t\u00e4 Android TV:ss\u00e4 ja \u00e4lytelevisiossa?<\/h3>\n  \n\n  \n  <p>Kyll\u00e4 \u2013 Nova IPTV tukee Android TV -bokseja ja yleisimpi\u00e4 \u00e4lytelevisiomerkkej\u00e4 yhteensopivien sovellusten kautta.<\/p>\n  \n\n  \n  <h3 class=\"wp-block-heading\">Mit\u00e4 k\u00e4ytt\u00e4j\u00e4t sanovat Nova IPTV -arvosteluissa?<\/h3>\n  \n\n  \n  <p>K\u00e4ytt\u00e4j\u00e4t korostavat luotettavuutta, edullista hinnoittelua ja yhteensopivuutta eri laitteiden v\u00e4lill\u00e4. Katso <a href=\"https:\/\/novaiptv.to\/fi\/ehdot\/\" data-type=\"page\" data-id=\"4079\">asiakasarvostelut<\/a>.<\/p>\n  \n\n  \n  <h3 class=\"wp-block-heading\">Onko IPTV saatavilla iOS:lle?<\/h3>\n  \n\n  \n  <p>Kyll\u00e4 \u2013 k\u00e4yt\u00e4 iOS-yhteensopivaa IPTV-soitinta ja lis\u00e4\u00e4 soittolistasi URL-osoite aloittaaksesi katselun.<\/p>\n  \n\n  \n  <h3 class=\"wp-block-heading\">Mist\u00e4 voin vertailla sopimuksia tai pyyt\u00e4\u00e4 apua?<\/h3>\n  \n\n  \n  <p>Katso meid\u00e4n <a href=\"https:\/\/novaiptv.to\/fi\/nova-iptv-pricing\/\" data-type=\"page\" data-id=\"5796\">hinnoittelu<\/a>, k\u00e4y osoitteessa <a href=\"https:\/\/novaiptv.to\/fi\/ehdot\/\" data-type=\"page\" data-id=\"4079\">Usein kysytyt kysymykset<\/a>, tai ota yhteytt\u00e4 tukeen.<\/p>\n  \n\n  \n  <p><a href=\"https:\/\/subpanel.me\" target=\"_blank\" rel=\"noopener\">\ud83d\udc49 Osta IPTV-tilaus nyt<\/a><a href=\"https:\/\/novaiptv.to\/fi\/nova-iptv-pricing\/\" data-type=\"page\" data-id=\"5796\">\ud83d\udcb2 Katso hinnoittelusuunnitelmat<\/a><\/p>\n  \n\n  \n  <h2 class=\"wp-block-heading\">Oletko valmis ostamaan IPTV-tilauksen Yhdysvalloissa 2025?<\/h2>\n  \n\n  \n  <p>Liity tuhansien Nova IPTV:hen vaihtaneiden joukkoon. Nauti nopeasta, edullisesta ja luotettavasta suoratoistosta Smart TV:ll\u00e4, FireStickill\u00e4, Androidilla ja iOS:ll\u00e4.<a href=\"https:\/\/subpanel.me\" target=\"_blank\" rel=\"noopener\"> Osta IPTV-tilaus nyt<\/a><\/p>\n  \n<\/section>","protected":false},"excerpt":{"rendered":"<p>Discover why millions are choosing to buy IPTV subscription USA 2025 for unbeatable entertainment. Get started with Nova IPTV \u2013 fast, affordable, and compatible with all your devices. \ud83d\udc49 Buy IPTV Subscription Now\ud83d\udcb2 View Pricing Plans Why IPTV in USA&#8230;<\/p>","protected":false},"author":1,"featured_media":8001,"parent":0,"menu_order":0,"comment_status":"closed","ping_status":"closed","template":"","meta":{"footnotes":""},"class_list":["post-7998","page","type-page","status-publish","has-post-thumbnail","hentry"],"_links":{"self":[{"href":"https:\/\/novaiptv.to\/fi\/wp-json\/wp\/v2\/pages\/7998","targetHints":{"allow":["GET"]}}],"collection":[{"href":"https:\/\/novaiptv.to\/fi\/wp-json\/wp\/v2\/pages"}],"about":[{"href":"https:\/\/novaiptv.to\/fi\/wp-json\/wp\/v2\/types\/page"}],"author":[{"embeddable":true,"href":"https:\/\/novaiptv.to\/fi\/wp-json\/wp\/v2\/users\/1"}],"replies":[{"embeddable":true,"href":"https:\/\/novaiptv.to\/fi\/wp-json\/wp\/v2\/comments?post=7998"}],"version-history":[{"count":0,"href":"https:\/\/novaiptv.to\/fi\/wp-json\/wp\/v2\/pages\/7998\/revisions"}],"wp:featuredmedia":[{"embeddable":true,"href":"https:\/\/novaiptv.to\/fi\/wp-json\/wp\/v2\/media\/8001"}],"wp:attachment":[{"href":"https:\/\/novaiptv.to\/fi\/wp-json\/wp\/v2\/media?parent=7998"}],"curies":[{"name":"wp","href":"https:\/\/api.w.org\/{rel}","templated":true}]}}