{"id":4079,"date":"2024-02-01T16:01:25","date_gmt":"2024-02-01T16:01:25","guid":{"rendered":"https:\/\/novaiptv.org\/?page_id=4079"},"modified":"2024-02-01T16:01:25","modified_gmt":"2024-02-01T16:01:25","slug":"termes","status":"publish","type":"page","link":"https:\/\/novaiptv.to\/fr\/termes\/","title":{"rendered":"Terms NOVA IPTV"},"content":{"rendered":"<div data-elementor-type=\"wp-page\" data-elementor-id=\"4079\" class=\"elementor elementor-4079\" data-elementor-post-type=\"page\">\n\t\t\t\t<div class=\"elementor-element elementor-element-604deb6 e-flex e-con-boxed e-con e-parent\" data-id=\"604deb6\" data-element_type=\"container\" data-e-type=\"container\">\n\t\t\t\t\t<div class=\"e-con-inner\">\n\t\t\t\t\t<\/div>\n\t\t\t\t<\/div>\n\t\t<div class=\"elementor-element elementor-element-a2ddb5b e-flex e-con-boxed e-con e-parent\" data-id=\"a2ddb5b\" data-element_type=\"container\" data-e-type=\"container\">\n\t\t\t\t\t<div class=\"e-con-inner\">\n\t\t<div class=\"elementor-element elementor-element-de488ed e-con-full e-flex e-con e-child\" data-id=\"de488ed\" data-element_type=\"container\" data-e-type=\"container\">\n\t\t\t\t<\/div>\n\t\t<div class=\"elementor-element elementor-element-e99c8ad e-con-full e-flex e-con e-child\" data-id=\"e99c8ad\" data-element_type=\"container\" data-e-type=\"container\">\n\t\t\t\t<div class=\"elementor-element elementor-element-380cf04 elementor-widget elementor-widget-text-editor\" data-id=\"380cf04\" data-element_type=\"widget\" data-e-type=\"widget\" data-widget_type=\"text-editor.default\">\n\t\t\t\t\t\t\t\t\t<h3 style=\"text-align: center;\"><span style=\"color: #333333;\"><strong><p><\/p>\n<\/strong><p><strong><br><\/strong><\/p><p><strong>**Conditions g\u00e9n\u00e9rales de l&#039;essai gratuit d&#039;IPTV**<\/strong><\/p><\/span><\/h3>\n<p><\/p>\n<h5 style=\"text-align: left;\"><span style=\"color: #333333;\">1. **Offre d&#039;essai gratuit**\u00a0: Notre service IPTV offre une p\u00e9riode d&#039;essai gratuite et sans engagement pour permettre aux utilisateurs de d\u00e9couvrir les fonctionnalit\u00e9s et la qualit\u00e9 de notre service avant de d\u00e9cider de s&#039;abonner.<\/span><\/h5>\n<h5>&nbsp;<\/h5>\n<h5 style=\"text-align: left;\"><span style=\"color: #333333;\">2. **Dur\u00e9e** : La dur\u00e9e de la p\u00e9riode d&#039;essai gratuite est de 2 heures, pendant lesquelles les utilisateurs auront acc\u00e8s \u00e0 l&#039;ensemble de nos cha\u00eenes et fonctionnalit\u00e9s.<\/span><\/h5>\n<h5>&nbsp;<\/h5>\n<h5 style=\"text-align: left;\"><span style=\"color: #333333;\">3. **Inscription**\u00a0: Aucune inscription ni information de carte de cr\u00e9dit n\u2019est requise pour acc\u00e9der \u00e0 l\u2019essai gratuit. Il vous suffit de t\u00e9l\u00e9charger notre application ou d\u2019acc\u00e9der \u00e0 notre service via notre site web pour d\u00e9marrer l\u2019essai.<\/span><\/h5>\n<h5>&nbsp;<\/h5>\n<h5 style=\"text-align: left;\"><span style=\"color: #333333;\">4. **Utilisation**\u00a0: Pendant la p\u00e9riode d\u2019essai gratuite, les utilisateurs sont invit\u00e9s \u00e0 d\u00e9couvrir les fonctionnalit\u00e9s et le contenu disponibles sur notre service IPTV. Toutefois, ils sont tenus de respecter nos conditions d\u2019utilisation et notre politique d\u2019utilisation acceptable en tout temps.<\/span><\/h5>\n<h5>&nbsp;<\/h5>\n<h5 style=\"text-align: left;\"><span style=\"color: #333333;\">5. **Aucun engagement d&#039;abonnement**\u00a0: L&#039;essai gratuit est distinct de notre service d&#039;abonnement et n&#039;oblige pas les utilisateurs \u00e0 s&#039;engager \u00e0 un abonnement \u00e0 aucun moment.<\/span><\/h5>\n<h5>&nbsp;<\/h5>\n<h5 style=\"text-align: left;\"><span style=\"color: #333333;\">6. **Aucun remboursement** : L&#039;essai gratuit \u00e9tant con\u00e7u pour permettre aux utilisateurs d&#039;\u00e9valuer le service avant de proc\u00e9der \u00e0 un achat, nous n&#039;offrons aucun remboursement pour les abonnements achet\u00e9s apr\u00e8s la fin de la p\u00e9riode d&#039;essai.<\/span><\/h5>\n<h5>&nbsp;<\/h5>\n<h5 style=\"text-align: left;\"><span style=\"color: #333333;\">7. **Annulation**\u00a0: Vous pouvez interrompre votre essai gratuit \u00e0 tout moment pendant la p\u00e9riode d\u2019essai. Il vous suffit de cesser d\u2019acc\u00e9der \u00e0 notre service\u00a0; aucune autre action n\u2019est requise.<\/span><\/h5>\n<h5>&nbsp;<\/h5>\n<h5 style=\"text-align: left;\"><span style=\"color: #333333;\">8. **Poursuite du service**\u00a0: \u00c0 la fin de la p\u00e9riode d\u2019essai gratuite, les utilisateurs auront la possibilit\u00e9 de souscrire un abonnement pour continuer \u00e0 utiliser notre service IPTV. Sans souscription, l\u2019acc\u00e8s au service sera interrompu.<\/span><\/h5>\n<h5>&nbsp;<\/h5>\n<h5 style=\"text-align: left;\"><span style=\"color: #333333;\">9. **Modifications des conditions**\u00a0: Nous nous r\u00e9servons le droit de modifier ou de mettre fin \u00e0 l\u2019offre d\u2019essai gratuit \u00e0 tout moment et sans pr\u00e9avis. Toute modification des pr\u00e9sentes conditions g\u00e9n\u00e9rales sera communiqu\u00e9e aux utilisateurs via notre site web.<\/span><\/h5>\n<h5>&nbsp;<\/h5>\n<h5 style=\"text-align: left;\"><span style=\"color: #333333;\">10. **Acceptation**\u00a0: En acc\u00e9dant \u00e0 l\u2019essai gratuit, les utilisateurs acceptent de respecter les pr\u00e9sentes conditions g\u00e9n\u00e9rales. Le non-respect de ces conditions peut entra\u00eener la r\u00e9siliation de l\u2019essai gratuit et\/ou la suspension de l\u2019acc\u00e8s \u00e0 notre service IPTV.<\/span><\/h5>\n<h5>&nbsp;<\/h5>\n<h5 style=\"text-align: left;\"><span style=\"color: #333333;\">11. **Contactez-nous**\u00a0: Si vous avez des questions ou des pr\u00e9occupations concernant l\u2019offre d\u2019essai gratuit ou notre service IPTV, veuillez contacter notre service client\u00e8le pour obtenir de l\u2019aide.<\/span><\/h5>\n<h5>&nbsp;<\/h5>\n<h5 style=\"text-align: left;\"><span style=\"color: #333333;\">En acc\u00e9dant \u00e0 l&#039;essai gratuit, les utilisateurs reconnaissent avoir lu, compris et accept\u00e9 d&#039;\u00eatre li\u00e9s par les conditions d\u00e9crites ci-dessus.<\/span><\/h5><div><br><br><\/div>\t\t\t\t\t\t\t\t<\/div>\n\t\t\t\t<\/div>\n\t\t<div class=\"elementor-element elementor-element-165aced e-con-full e-flex e-con e-child\" data-id=\"165aced\" data-element_type=\"container\" data-e-type=\"container\">\n\t\t\t\t<\/div>\n\t\t\t\t\t<\/div>\n\t\t\t\t<\/div>\n\t\t\t\t<\/div>","protected":false},"excerpt":{"rendered":"<p>**Terms and Conditions for IPTV Free Trial** 1. **Free Trial Offer**: Our IPTV service offers a no-obligation free trial period to allow users to experience the features and quality of our service before deciding to subscribe. &nbsp; 2. **Duration**: The&#8230;<\/p>","protected":false},"author":1,"featured_media":0,"parent":0,"menu_order":0,"comment_status":"closed","ping_status":"closed","template":"","meta":{"footnotes":""},"class_list":["post-4079","page","type-page","status-publish","hentry"],"_links":{"self":[{"href":"https:\/\/novaiptv.to\/fr\/wp-json\/wp\/v2\/pages\/4079","targetHints":{"allow":["GET"]}}],"collection":[{"href":"https:\/\/novaiptv.to\/fr\/wp-json\/wp\/v2\/pages"}],"about":[{"href":"https:\/\/novaiptv.to\/fr\/wp-json\/wp\/v2\/types\/page"}],"author":[{"embeddable":true,"href":"https:\/\/novaiptv.to\/fr\/wp-json\/wp\/v2\/users\/1"}],"replies":[{"embeddable":true,"href":"https:\/\/novaiptv.to\/fr\/wp-json\/wp\/v2\/comments?post=4079"}],"version-history":[{"count":0,"href":"https:\/\/novaiptv.to\/fr\/wp-json\/wp\/v2\/pages\/4079\/revisions"}],"wp:attachment":[{"href":"https:\/\/novaiptv.to\/fr\/wp-json\/wp\/v2\/media?parent=4079"}],"curies":[{"name":"wp","href":"https:\/\/api.w.org\/{rel}","templated":true}]}}