{"id":6205,"date":"2025-04-26T20:16:34","date_gmt":"2025-04-26T20:16:34","guid":{"rendered":"https:\/\/novaiptv.org\/?page_id=6205"},"modified":"2026-05-07T05:41:48","modified_gmt":"2026-05-07T05:41:48","slug":"installez-protonvpn-sur-votre-fire-stick-en-2025","status":"publish","type":"page","link":"https:\/\/novaiptv.to\/fr\/installez-protonvpn-sur-votre-fire-stick-en-2025\/","title":{"rendered":"Installez ProtonVPN sur votre Fire Stick"},"content":{"rendered":"<div data-elementor-type=\"wp-page\" data-elementor-id=\"6205\" class=\"elementor elementor-6205\" data-elementor-post-type=\"page\">\n\t\t\t\t<div class=\"elementor-element elementor-element-9971542 e-flex e-con-boxed e-con e-parent\" data-id=\"9971542\" data-element_type=\"container\" data-e-type=\"container\">\n\t\t\t\t\t<div class=\"e-con-inner\">\n\t\t\t\t<div class=\"elementor-element elementor-element-925d3b2 elementor-widget elementor-widget-html\" data-id=\"925d3b2\" data-element_type=\"widget\" data-e-type=\"widget\" data-widget_type=\"html.default\">\n\t\t\t\t\t<section style=\"background:#f7f9fc;padding:30px 0;font-family:Inter, sans-serif;\">\n\n<div style=\"max-width:1000px;margin:auto;padding:20px;\">\n\n<!-- HERO -->\n<div style=\"background:linear-gradient(135deg,#0f172a,#1e293b);color:#fff;padding:30px;border-radius:14px;margin-bottom:30px;box-shadow:0 10px 30px rgba(0,0,0,0.2);\">\n\n<h1 style=\"color:#fff !important;font-size:32px;margin-bottom:10px;\">\nCode de t\u00e9l\u00e9chargement Proton VPN pour Firestick (Guide 2026)\n<\/h1>\n\n<p style=\"color:#cbd5f5;font-size:16px;\">\nInstallez Proton VPN en moins de 2 minutes et streamez en toute s\u00e9curit\u00e9 sur Firestick sans mise en m\u00e9moire tampon.\n<\/p>\n\n<div style=\"display:flex;gap:10px;flex-wrap:wrap;margin-top:15px;\">\n<span style=\"background:#111827;padding:6px 12px;border-radius:20px;\">\u2714 Dernier code<\/span>\n<span style=\"background:#111827;padding:6px 12px;border-radius:20px;\">\u2714 Compatible Firestick<\/span>\n<span style=\"background:#111827;padding:6px 12px;border-radius:20px;\">\u2714 Installation rapide<\/span>\n<\/div>\n\n<\/div>\n\n<!-- CODE BOX -->\n<div style=\"background:#fff;padding:25px;border-radius:12px;margin-bottom:25px;box-shadow:0 5px 15px rgba(0,0,0,0.05);text-align:center;\">\n\n<h2 style=\"margin-bottom:10px;\">Dernier code de t\u00e9l\u00e9chargement<\/h2>\n\n<div style=\"background:#111;color:#00b0ff;padding:15px;border-radius:10px;font-size:22px;font-weight:bold;\">\n1784104\n<\/div>\n\n<p style=\"margin-top:10px;color:#666;\">\nSaisissez ce code dans l&#039;application Downloader pour installer Proton VPN.\n<\/p>\n\n<\/div>\n\n<!-- INTRO -->\n<div style=\"background:#fff;padding:20px;border-radius:12px;margin-bottom:25px;box-shadow:0 5px 15px rgba(0,0,0,0.05);\">\n\n<p>\nJe recherche <strong>Code de t\u00e9l\u00e9chargement Proton VPN pour Firestick<\/strong>Ce guide vous montre la m\u00e9thode la plus rapide pour installer Proton VPN et streamer en toute s\u00e9curit\u00e9.\n<\/p>\n\n<p style=\"background:#f1f5f9;padding:12px;border-radius:8px;\">\n\ud83d\udc49 L&#039;utilisation d&#039;un VPN vous permet d&#039;\u00e9viter la limitation de bande passante impos\u00e9e par votre FAI et de d\u00e9bloquer le contenu IPTV mondial.\n<\/p>\n\n<\/div>\n\n<!-- STEPS -->\n<div style=\"background:#fff;padding:25px;border-radius:12px;margin-bottom:25px;box-shadow:0 5px 15px rgba(0,0,0,0.05);\">\n\n<h2>Comment installer Proton VPN sur Firestick<\/h2>\n\n<ol style=\"line-height:2;\">\n<li>Installez l&#039;application Downloader<\/li>\n<li>Ouvrir le t\u00e9l\u00e9chargeur<\/li>\n<li>Saisissez le code ci-dessus<\/li>\n<li>Installez Proton VPN<\/li>\n<li>Connectez-vous et connectez-vous<\/li>\n<\/ol>\n\n<\/div>\n\n<!-- BENEFITS -->\n<div style=\"background:#fff;padding:25px;border-radius:12px;margin-bottom:25px;box-shadow:0 5px 15px rgba(0,0,0,0.05);\">\n\n<h2>Pourquoi utiliser Proton VPN ?<\/h2>\n\n<ul style=\"line-height:2;\">\n<li>\u2714\ufe0f Prot\u00e9gez votre vie priv\u00e9e<\/li>\n<li>\u2714\ufe0f \u00c9vitez la limitation de bande passante par votre FAI<\/li>\n<li>\u2714\ufe0f Acc\u00e9dez au contenu mondial<\/li>\n<\/ul>\n\n<\/div>\n\n<!-- CTA -->\n<div style=\"background:linear-gradient(135deg,#111,#1e293b);color:#fff;padding:30px;border-radius:14px;text-align:center;margin-top:30px;\">\n\n<h2 style=\"color:#fff !important;\">Regardez la t\u00e9l\u00e9vision sur IP sans limites \ud83d\ude80<\/h2>\n\n<p style=\"color:#ccc;\">\nVotre VPN est pr\u00eat \u2014 d\u00e9bloquez maintenant l&#039;acc\u00e8s complet \u00e0 l&#039;IPTV.\n<\/p>\n\n<a href=\"\/fr\/pricing\/\" style=\"background:#00b0ff;color:#fff;padding:12px 20px;border-radius:8px;text-decoration:none;font-weight:bold;display:inline-block;margin-top:10px;\">\nConsultez les forfaits IPTV\n<\/a>\n\n<\/div>\n\n<\/div>\n<\/section>\t\t\t\t<\/div>\n\t\t\t\t\t<\/div>\n\t\t\t\t<\/div>\n\t\t<div class=\"elementor-element elementor-element-3c4f5a3 e-flex e-con-boxed e-con e-parent\" data-id=\"3c4f5a3\" data-element_type=\"container\" data-e-type=\"container\">\n\t\t\t\t\t<div class=\"e-con-inner\">\n\t\t\t\t<div class=\"elementor-element elementor-element-59d2acb elementor-widget elementor-widget-pix-animated-heading\" data-id=\"59d2acb\" data-element_type=\"widget\" data-e-type=\"widget\" data-widget_type=\"pix-animated-heading.default\">\n\t\t\t\t<div class=\"elementor-widget-container\">\n\t\t\t\t\t<div class=\"text-center\"><div><h1 class=\"pix-headline my-3  slide-inverse text-heading-default font-weight-bold\" style=\"\"><span> <\/span><span class=\"pix-words-wrapper is-last\"><\/span><\/h1><\/div><\/div>\t\t\t\t<\/div>\n\t\t\t\t<\/div>\n\t\t\t\t\t<\/div>\n\t\t\t\t<\/div>\n\t\t\t\t<\/div>","protected":false},"excerpt":{"rendered":"<p>Proton VPN Downloader Code for Firestick (2026 Guide) Install Proton VPN in under 2 minutes and stream safely on Firestick without buffering. \u2714 Latest Code \u2714 Firestick Ready \u2714 Fast Setup Latest Downloader Code 1784104 Enter this code in the&#8230;<\/p>","protected":false},"author":1,"featured_media":0,"parent":0,"menu_order":0,"comment_status":"closed","ping_status":"closed","template":"","meta":{"footnotes":""},"class_list":["post-6205","page","type-page","status-publish","hentry"],"_links":{"self":[{"href":"https:\/\/novaiptv.to\/fr\/wp-json\/wp\/v2\/pages\/6205","targetHints":{"allow":["GET"]}}],"collection":[{"href":"https:\/\/novaiptv.to\/fr\/wp-json\/wp\/v2\/pages"}],"about":[{"href":"https:\/\/novaiptv.to\/fr\/wp-json\/wp\/v2\/types\/page"}],"author":[{"embeddable":true,"href":"https:\/\/novaiptv.to\/fr\/wp-json\/wp\/v2\/users\/1"}],"replies":[{"embeddable":true,"href":"https:\/\/novaiptv.to\/fr\/wp-json\/wp\/v2\/comments?post=6205"}],"version-history":[{"count":5,"href":"https:\/\/novaiptv.to\/fr\/wp-json\/wp\/v2\/pages\/6205\/revisions"}],"predecessor-version":[{"id":10399,"href":"https:\/\/novaiptv.to\/fr\/wp-json\/wp\/v2\/pages\/6205\/revisions\/10399"}],"wp:attachment":[{"href":"https:\/\/novaiptv.to\/fr\/wp-json\/wp\/v2\/media?parent=6205"}],"curies":[{"name":"wp","href":"https:\/\/api.w.org\/{rel}","templated":true}]}}