{"id":7467,"date":"2025-06-07T15:35:10","date_gmt":"2025-06-07T15:35:10","guid":{"rendered":"https:\/\/novaiptv.org\/?page_id=7467"},"modified":"2025-06-07T15:35:10","modified_gmt":"2025-06-07T15:35:10","slug":"nova-iptv","status":"publish","type":"page","link":"https:\/\/novaiptv.to\/fr\/nova-iptv\/","title":{"rendered":"Transformez votre divertissement avec Nova IPTV \u2013 La solution de streaming ultime pour 2025"},"content":{"rendered":"<div data-elementor-type=\"wp-page\" data-elementor-id=\"7467\" class=\"elementor elementor-7467\" data-elementor-post-type=\"page\">\n\t\t\t\t<div class=\"elementor-element elementor-element-c03ed15 e-flex e-con-boxed e-con e-parent\" data-id=\"c03ed15\" data-element_type=\"container\" data-e-type=\"container\">\n\t\t\t\t\t<div class=\"e-con-inner\">\n\t\t\t\t<div class=\"elementor-element elementor-element-bd32176 elementor-widget elementor-widget-html\" data-id=\"bd32176\" data-element_type=\"widget\" data-e-type=\"widget\" data-widget_type=\"html.default\">\n\t\t\t\t\t<style>\n    .pricing-grid {\n  display: grid;\n  grid-template-columns: repeat(auto-fit, minmax(250px,1fr));\n  gap: 30px;\n  margin-top: 30px;\n}\n\n.pricing-card {\n  background: #fff;\n  border-radius: 18px;\n  box-shadow: 0 4px 24px rgba(0,0,0,0.08);\n  text-align: center;\n  padding: 32px 20px 28px 20px;\n  transition: transform 0.2s, box-shadow 0.2s;\n  border: 2px solid transparent;\n  position: relative;\n}\n\n.pricing-card:hover {\n  transform: translateY(-8px) scale(1.03);\n  box-shadow: 0 8px 32px rgba(0,123,255,0.12);\n}\n\n.pricing-card.featured {\n  background: #e6f2ff;\n  border: 2px solid #007bff;\n}\n\n.pricing-card .star {\n  position: absolute;\n  top: 18px;\n  right: 18px;\n  font-size: 26px;\n  color: #ffc107;\n}\n\n.pricing-title {\n  font-size: 2rem;\n  font-weight: 700;\n  margin-bottom: 8px;\n}\n\n.pricing-price {\n  font-size: 1.7rem;\n  color: #007bff;\n  font-weight: 700;\n  margin-bottom: 8px;\n}\n\n.pricing-desc {\n  color: #888;\n  margin-bottom: 18px;\n  font-size: 1.1rem;\n}\n\n.pricing-features {\n  list-style: none;\n  padding: 0;\n  margin: 0;\n  color: #222;\n  font-size: 1.05rem;\n  text-align: left;\n  margin-top: 10px;\n}\n\n.pricing-features li {\n  margin-bottom: 8px;\n  padding-left: 18px;\n  position: relative;\n}\n\n.pricing-features li:before {\n  content: '\u2714';\n  color: #007bff;\n  position: absolute;\n  left: 0;\n  font-size: 1rem;\n}\n<\/style>\n<!-- Nova IPTV Elementor Landing Page Template (SEO Optimized - Light Theme - 1200 Words Version) -->\n<section style=\"background:#ffffff; color:#111; font-family:sans-serif; padding:60px 20px;\">\n  <div style=\"max-width:1200px; margin:auto;\">\n\n    <!-- Table of Contents -->\n    \n\n    <!-- Hero Section -->\n    <div id=\"nova-iptv-intro\" style=\"text-align:center; padding-bottom:60px;\">\n      <h1 style=\"font-size:48px; margin-bottom:10px;\">Transformez votre divertissement avec Nova IPTV \u2013 La solution de streaming ultime pour 2025<\/h1>\n      <h2 style=\"font-size:24px; color:#555;\">Profitez d&#039;un streaming premium sur tous vos appareils \u2013 ultra-rapide et accessible dans le monde entier<\/h2>\n      <p style=\"max-width:750px; margin:20px auto; font-size:18px; line-height:1.7;\">\n        D\u00e9couvrez une plateforme de streaming r\u00e9volutionnaire offrant une exp\u00e9rience de divertissement in\u00e9gal\u00e9e. Avec plus de 18\u00a0000 cha\u00eenes en direct, 60\u00a0000 films et 8\u00a0400 s\u00e9ries, Nova IPTV red\u00e9finit les standards du divertissement num\u00e9rique. Notre technologie de pointe garantit une qualit\u00e9 de streaming exceptionnelle et une mise en m\u00e9moire tampon minimale, ce qui en fait le choix privil\u00e9gi\u00e9 de millions de t\u00e9l\u00e9spectateurs \u00e0 travers le monde.\n      <\/p>\n      <p style=\"max-width:750px; margin:0 auto 20px; font-size:18px; line-height:1.7;\">\n        Que vous soyez chez vous ou en d\u00e9placement, profitez-en <a href=\"https:\/\/novaiptv.to\/fr\/embarking-on-the-iptv-odyssey\/\">streaming sans interruption<\/a> sur tous vos appareils. Notre plateforme est optimis\u00e9e pour <a href=\"https:\/\/novaiptv.to\/fr\/meilleurs-lecteurs-iptv-2025\/\">T\u00e9l\u00e9viseurs intelligents<\/a>, Compatible avec Android, iOS, FireStick et PC, cette application offre une flexibilit\u00e9 et une simplicit\u00e9 d&#039;utilisation in\u00e9gal\u00e9es. Son tableau de bord intuitif facilite la navigation, tandis que des fonctionnalit\u00e9s avanc\u00e9es comme la recherche ultra-rapide et la gestion des favoris optimisent votre exp\u00e9rience utilisateur.\n      <\/p>\n      <img decoding=\"async\" src=\"https:\/\/novaiptv.to\/wp-content\/uploads\/2025\/06\/image.webp\" alt=\"Interface de streaming premium Nova IPTV\" style=\"max-width:100%; border-radius:10px; margin-top:20px;\">\n      <a href=\"http:\/\/panel.novaiptv.org\/\" style=\"padding:14px 28px; background:#007bff; color:#fff; border-radius:6px; font-size:18px; display:inline-block; margin-top:30px;\" target=\"_blank\" rel=\"noopener\">Commencez votre aventure de streaming premium<\/a>\n    <\/div>\n\n    <!-- Why Nova IPTV -->\n    <div id=\"why-nova-iptv\">\n      <h2 style=\"font-size:36px; text-align:center; margin-bottom:30px;\">Pourquoi choisir Nova IPTV ?<\/h2>\n      <ul style=\"max-width:800px; margin:auto; list-style:none; padding:0;\">\n        <li style=\"margin:12px 0;\">\u2705 Acc\u00e8s en streaming mondial \u2013 sans restrictions g\u00e9ographiques<\/li>\n        <li style=\"margin:12px 0;\">\u2705 Serveurs de qualit\u00e9 professionnelle avec une garantie de disponibilit\u00e9 de 99,91 % (TP3T).<\/li>\n        <li style=\"margin:12px 0;\">\u2705 Diffusion multi-appareils \u2013 regardez sur 5 appareils simultan\u00e9ment<\/li>\n        <li style=\"margin:12px 0;\">\u2705 Assistance premium 24h\/24 et 7j\/7 via plusieurs <a href=\"https:\/\/novaiptv.to\/fr\/chaines\/\">cha\u00eenes<\/a><\/li>\n        <li style=\"margin:12px 0;\">\u2705 Tableau de bord intelligent avec mises \u00e0 jour automatiques du contenu<\/li>\n        <li style=\"margin:12px 0;\">\u2705 Int\u00e9gration avanc\u00e9e du guide \u00e9lectronique des programmes (EPG)<\/li>\n        <li style=\"margin:12px 0;\">\u2705 Fonctionnalit\u00e9s de t\u00e9l\u00e9vision de rattrapage et de VOD (vid\u00e9o \u00e0 la demande)<\/li>\n      <\/ul>\n      <p style=\"text-align:center; max-width:750px; margin:20px auto; font-size:16px;\">\n        Reconnu comme un <a href=\"https:\/\/www.techradar.com\/best\/best-iptv\" target=\"_blank\" rel=\"dofollow noopener\" style=\"color:#007bff;\">fournisseur de services de streaming de premier plan<\/a> par des experts du secteur.\n      <\/p>\n    <\/div>\n\n    <!-- Content Library -->\n    <div id=\"content-library\" style=\"margin-top:60px;\">\n      <h2 style=\"text-align:center; font-size:32px;\">Biblioth\u00e8que de contenu \u00e9tendue<\/h2>\n      <div style=\"max-width:800px; margin:auto;\">\n        <p style=\"margin-bottom:20px;\">Notre vaste biblioth\u00e8que de contenus est soigneusement s\u00e9lectionn\u00e9e pour vous offrir la meilleure exp\u00e9rience de divertissement\u00a0:<\/p>\n        <div style=\"display:grid; grid-template-columns:repeat(auto-fit,minmax(300px,1fr)); gap:20px;\">\n          <div style=\"background:#f9f9f9; padding:20px; border-radius:10px;\">\n            <h3>Cha\u00eenes de t\u00e9l\u00e9vision en direct<\/h3>\n            <ul style=\"list-style:none; padding:0;\">\n              <li>\u2022 R\u00e9seaux sportifs premium<\/li>\n              <li>\u2022 Cha\u00eenes d&#039;information internationales<\/li>\n              <li>\u2022 Divertissement et cin\u00e9ma<\/li>\n              <li>\u2022 Contenu pour enfants et familles<\/li>\n              <li>\u2022 Musique et style de vie<\/li>\n            <\/ul>\n          <\/div>\n          <div style=\"background:#f9f9f9; padding:20px; border-radius:10px;\">\n            <h3>Films et s\u00e9ries<\/h3>\n            <ul style=\"list-style:none; padding:0;\">\n              <li>\u2022 Les derniers blockbusters<\/li>\n              <li>\u2022 Films classiques<\/li>\n              <li>\u2022 \u00c9missions de t\u00e9l\u00e9vision populaires<\/li>\n              <li>\u2022 Documentaires<\/li>\n              <li>\u2022 Films ind\u00e9pendants<\/li>\n            <\/ul>\n          <\/div>\n        <\/div>\n      <\/div>\n    <\/div>\n\n    <!-- Streaming Quality -->\n    <div id=\"streaming-quality\" style=\"margin-top:60px;\">\n      <h2 style=\"text-align:center; font-size:32px;\">Qualit\u00e9 de streaming premium<\/h2>\n      <div style=\"max-width:800px; margin:auto;\">\n        <p style=\"margin-bottom:20px;\">Profitez d&#039;une diffusion en continu d&#039;une nettet\u00e9 exceptionnelle gr\u00e2ce \u00e0 notre technologie avanc\u00e9e\u00a0:<\/p>\n        <div style=\"display:grid; grid-template-columns:repeat(auto-fit,minmax(300px,1fr)); gap:20px;\">\n          <div style=\"background:#f9f9f9; padding:20px; border-radius:10px;\">\n            <h3>Technologie de streaming<\/h3>\n            <ul style=\"list-style:none; padding:0;\">\n              <li>\u2022 Diffusion en continu \u00e0 d\u00e9bit adaptatif<\/li>\n              <li>\u2022 Qualit\u00e9 HD et Full HD<\/li>\n              <li>\u2022 Lecture \u00e0 faible latence<\/li>\n              <li>\u2022 Technologie antigel<\/li>\n              <li>\u2022 Gestion intelligente de la bande passante<\/li>\n            <\/ul>\n          <\/div>\n          <div style=\"background:#f9f9f9; padding:20px; border-radius:10px;\">\n            <h3>Fonctionnalit\u00e9s de performance<\/h3>\n            <ul style=\"list-style:none; padding:0;\">\n              <li>\u2022 Changement de cha\u00eene instantan\u00e9<\/li>\n              <li>\u2022 Chargement rapide du contenu<\/li>\n              <li>\u2022 Diffusion en continu sans mise en m\u00e9moire tampon<\/li>\n              <li>\u2022 Connexion stable<\/li>\n              <li>\u2022 R\u00e9seau de serveurs optimis\u00e9<\/li>\n            <\/ul>\n          <\/div>\n        <\/div>\n      <\/div>\n    <\/div>\n\n    <!-- Features Section -->\n    <div id=\"features\" style=\"margin-top:60px;\">\n      <h2 style=\"text-align:center; font-size:32px;\">Des caract\u00e9ristiques haut de gamme qui nous distinguent<\/h2>\n      <div style=\"display:grid; grid-template-columns:repeat(auto-fit,minmax(300px,1fr)); gap:30px; margin-top:30px;\">\n        <div style=\"background:#f9f9f9; padding:20px; border-radius:10px;\">\n          <h3>Technologie de streaming avanc\u00e9e<\/h3>\n          <p>Profitez d&#039;une diffusion en continu sans interruption gr\u00e2ce \u00e0 nos serveurs de pointe et \u00e0 notre technologie de d\u00e9bit adaptatif. Notre syst\u00e8me intelligent ajuste automatiquement la qualit\u00e9 en fonction de votre connexion Internet, garantissant une lecture fluide en toutes circonstances.<\/p>\n        <\/div>\n        <div style=\"background:#f9f9f9; padding:20px; border-radius:10px;\">\n          <h3>Assistance multilingue<\/h3>\n          <p>Acc\u00e9dez \u00e0 du contenu en plusieurs langues gr\u00e2ce \u00e0 nos nombreuses options de sous-titres et de pistes audio. Notre plateforme prend en charge plus de 50 langues, ce qui la rend id\u00e9ale pour les spectateurs internationaux et les apprenants de langues.<\/p>\n        <\/div>\n        <div style=\"background:#f9f9f9; padding:20px; border-radius:10px;\">\n          <h3>Contr\u00f4le parental<\/h3>\n          <p>Prot\u00e9gez votre famille gr\u00e2ce \u00e0 des restrictions de contenu et des limites de visionnage personnalisables. Cr\u00e9ez des profils pour chaque membre de la famille et contr\u00f4lez leur acc\u00e8s au contenu.<\/p>\n        <\/div>\n      <\/div>\n    <\/div>\n\n    <!-- Security Section -->\n    <div id=\"security\" style=\"margin-top:60px;\">\n      <h2 style=\"text-align:center; font-size:32px;\">S\u00e9curit\u00e9 et confidentialit\u00e9<\/h2>\n      <div style=\"max-width:800px; margin:auto;\">\n        <p style=\"margin-bottom:20px;\">Votre s\u00e9curit\u00e9 et votre vie priv\u00e9e sont nos priorit\u00e9s absolues\u00a0:<\/p>\n        <div style=\"display:grid; grid-template-columns:repeat(auto-fit,minmax(300px,1fr)); gap:20px;\">\n          <div style=\"background:#f9f9f9; padding:20px; border-radius:10px;\">\n            <h3>Dispositifs de s\u00e9curit\u00e9<\/h3>\n            <ul style=\"list-style:none; padding:0;\">\n              <li>\u2022 Connexions chiffr\u00e9es<\/li>\n              <li>\u2022 Traitement s\u00e9curis\u00e9 des paiements<\/li>\n              <li>\u2022 Donn\u00e9es utilisateur prot\u00e9g\u00e9es<\/li>\n              <li>\u2022 Mises \u00e0 jour de s\u00e9curit\u00e9 r\u00e9guli\u00e8res<\/li>\n              <li>\u2022 Protection contre les logiciels malveillants<\/li>\n            <\/ul>\n          <\/div>\n          <div style=\"background:#f9f9f9; padding:20px; border-radius:10px;\">\n            <h3>Protection de la vie priv\u00e9e<\/h3>\n            <ul style=\"list-style:none; padding:0;\">\n              <li>\u2022 Aucune collecte de donn\u00e9es<\/li>\n              <li>\u2022 Visionnage anonyme<\/li>\n              <li>\u2022 Compatibilit\u00e9 VPN<\/li>\n              <li>\u2022 Navigation priv\u00e9e<\/li>\n              <li>\u2022 Authentification s\u00e9curis\u00e9e<\/li>\n            <\/ul>\n          <\/div>\n        <\/div>\n      <\/div>\n    <\/div>\n\n    <!-- Support Section -->\n    <div id=\"support\" style=\"margin-top:60px;\">\n      <h2 style=\"text-align:center; font-size:32px;\">Assistance client\u00e8le 24h\/24 et 7j\/7<\/h2>\n      <div style=\"max-width:800px; margin:auto;\">\n        <p style=\"margin-bottom:20px;\">Notre \u00e9quipe d&#039;assistance d\u00e9di\u00e9e est toujours pr\u00eate \u00e0 vous aider\u00a0:<\/p>\n        <div style=\"display:grid; grid-template-columns:repeat(auto-fit,minmax(300px,1fr)); gap:20px;\">\n          <div style=\"background:#f9f9f9; padding:20px; border-radius:10px;\">\n            <h3>Canaux d&#039;assistance<\/h3>\n            <ul style=\"list-style:none; padding:0;\">\n              <li>\u2022 Assistance par chat en direct<\/li>\n              <li>\u2022 Assistance par courriel<\/li>\n              <li>\u2022 Assistance WhatsApp<\/li>\n              <li>\u2022 Assistance Telegram<\/li>\n              <li>\u2022 Base de connaissances<\/li>\n            <\/ul>\n          <\/div>\n          <div style=\"background:#f9f9f9; padding:20px; border-radius:10px;\">\n            <h3>Fonctionnalit\u00e9s de support<\/h3>\n            <ul style=\"list-style:none; padding:0;\">\n              <li>\u2022 Temps de r\u00e9ponse rapide<\/li>\n              <li>\u2022 Assistance technique<\/li>\n              <li>\u2022 Assistance relative aux comptes<\/li>\n              <li>\u2022 Assistance \u00e0 la facturation<\/li>\n              <li>\u2022 Guide d&#039;installation<\/li>\n            <\/ul>\n          <\/div>\n        <\/div>\n      <\/div>\n    <\/div>\n\n    <!-- Devices -->\n    <div id=\"devices\" style=\"margin-top:60px;\">\n      <h2 style=\"text-align:center; font-size:32px;\">Compatibilit\u00e9 universelle des appareils<\/h2>\n      <p style=\"text-align:center; max-width:800px; margin:10px auto 30px;\">\n        Appr\u00e9cier <a href=\"https:\/\/novaiptv.to\/fr\/strategies-iptv-odyssey\/\">streaming sans interruption<\/a> sur tous vos appareils pr\u00e9f\u00e9r\u00e9s gr\u00e2ce \u00e0 notre plateforme optimis\u00e9e\u00a0:\n      <\/p>\n      <ul style=\"max-width:800px; margin:30px auto; list-style:none; padding:0; display:flex; flex-wrap:wrap; justify-content:space-around;\">\n        <li>\ud83d\udcf1 Smartphones et tablettes Android<\/li>\n        <li>\ud83d\udcfa T\u00e9l\u00e9viseurs intelligents (Samsung, LG, Sony)<\/li>\n        <li>\ud83d\udd25 FireStick, Roku et Fire TV<\/li>\n        <li>\ud83d\udcbb Ordinateurs Windows et macOS<\/li>\n        <li>\ud83d\udcf2 iOS avec TiviMate ou Smarters Player<\/li>\n        <li>\ud83c\udfae Bo\u00eetes MAG &amp; <a href=\"https:\/\/novaiptv.to\/fr\/android-tv\/\">Android TV<\/a> Bo\u00eetes<\/li>\n      <\/ul>\n    <\/div>\n\n    <!-- Plans -->\n    <div id=\"plans\" style=\"margin-top:60px;\">\n      <h2 style=\"text-align:center; font-size:32px;\">Formules d&#039;abonnement flexibles<\/h2>\n      <p style=\"text-align:center; max-width:800px; margin:10px auto 30px;\">\n        Choisissez le forfait id\u00e9al pour vos besoins en divertissement, du visionnage occasionnel au streaming premium.\n      <\/p>\n      <div class=\"pricing-grid\">\n  <div class=\"pricing-card\">\n    <div class=\"pricing-title\">1 mois<\/div>\n    <div class=\"pricing-price\">$7.99<\/div>\n    <div class=\"pricing-desc\">Id\u00e9al pour tester notre service<\/div>\n    <ul class=\"pricing-features\">\n      <li>Activation instantan\u00e9e<\/li>\n      <li>Streaming Full HD<\/li>\n      <li>Acc\u00e8s \u00e0 toutes les cha\u00eenes<\/li>\n      <li>5 appareils<\/li>\n      <li>Assistance premium<\/li>\n    <\/ul>\n  <\/div>\n  <div class=\"pricing-card\">\n    <div class=\"pricing-title\">3 mois<\/div>\n    <div class=\"pricing-price\">$22.99<\/div>\n    <div class=\"pricing-desc\">Choix le plus populaire<\/div>\n    <ul class=\"pricing-features\">\n              <li>Activation instantan\u00e9e<\/li>\n\n      <li>\u00c9conomisez 15%<\/li>\n      <li>Assistance premium<\/li>\n      <li>T\u00e9l\u00e9vision de rattrapage<\/li>\n      <li>Acc\u00e8s au guide \u00e9lectronique des programmes<\/li>\n    <\/ul>\n  <\/div>\n  <div class=\"pricing-card featured\">\n    <span class=\"star\">\u2605<\/span>\n    <div class=\"pricing-title\">12 mois<\/div>\n    <div class=\"pricing-price\">$69.99<\/div>\n    <div class=\"pricing-desc\">Meilleur rapport qualit\u00e9-prix<\/div>\n    <ul class=\"pricing-features\">\n              <li>Activation instantan\u00e9e<\/li>\n\n      <li>\u00c9conomisez 35%<\/li>\n      <li>Assistance premium<\/li>\n      <li>Toutes les fonctionnalit\u00e9s premium<\/li>\n      <li>Acc\u00e8s anticip\u00e9<\/li>\n    <\/ul>\n  <\/div>\n  <div class=\"pricing-card\">\n    <div class=\"pricing-title\">24 mois<\/div>\n    <div class=\"pricing-price\">$119.99<\/div>\n    <div class=\"pricing-desc\">\u00c9conomies ultimes<\/div>\n    <ul class=\"pricing-features\">\n              <li>Activation instantan\u00e9e<\/li>\n\n      <li>\u00c9conomisez 50%<\/li>\n      <li>Assistance premium<\/li>\n      <li>Toutes les fonctionnalit\u00e9s<\/li>\n      <li>Mises \u00e0 jour prioritaires<\/li>\n    <\/ul>\n  <\/div>\n<\/div>\n      \n      \n      <\/div>\n    <\/div>\n\n    <!-- APK Download -->\n    <div id=\"apk\" style=\"background:#f0f4fa; padding:40px; border-radius:10px; text-align:center; margin-top:60px;\">\n      <h2>T\u00e9l\u00e9chargez notre application de streaming premium<\/h2>\n      <p>Vivez une exp\u00e9rience ultra-rapide <a href=\"https:\/\/novaiptv.to\/fr\/android-tv-2025\/\">diffusion en continu avec notre Android optimis\u00e9<\/a> L&#039;application. Des mises \u00e0 jour r\u00e9guli\u00e8res garantissent des performances et une s\u00e9curit\u00e9 optimales.<\/p>\n      <div style=\"margin:20px 0;\">\n        <p>\u2713 Application l\u00e9g\u00e8re (8 Mo)<\/p>\n        <p>\u2713 Mises \u00e0 jour automatiques<\/p>\n        <p>\u2713 Lecteur int\u00e9gr\u00e9<\/p>\n        <p>\u2713 Assistance EPG<\/p>\n      <\/div>\n      <a href=\"https:\/\/novaiptv.to\/fr\/nova-iptv-android-app\/\" style=\"padding:14px 28px; background:#007bff; color:#fff; border-radius:6px; font-weight:bold;\">\ud83d\udce5 T\u00e9l\u00e9chargez l&#039;application Premium<\/a>\n    <\/div>\n\n    <!-- FAQ -->\n    <div id=\"faq\" style=\"margin-top:80px;\">\n      <h2 style=\"text-align:center; font-size:32px;\">Foire aux questions<\/h2>\n      <div style=\"max-width:800px; margin:auto;\">\n        <p><strong>Est <a href=\"https:\/\/novaiptv.to\/fr\/acheter-un-abonnement-iptv-aux-etats-unis-en-2025\/\">Nova IPTV<\/a> l\u00e9gal?<\/strong><br>Notre service donne acc\u00e8s \u00e0 des contenus pouvant \u00eatre librement diffus\u00e9s. Il incombe aux utilisateurs de respecter la r\u00e9glementation locale.<\/p>\n        <p><strong>Ai-je besoin d&#039;un VPN ?<\/strong><br>Bien que cela ne soit pas obligatoire, nous recommandons d&#039;utiliser <a href=\"https:\/\/nordvpn.com\" rel=\"dofollow noopener\" style=\"color:#007bff;\" target=\"_blank\">NordVPN<\/a> pour une confidentialit\u00e9 renforc\u00e9e et un acc\u00e8s sans restriction.<\/p>\n        <p><strong>Comment puis-je m&#039;abonner ?<\/strong><br>Visite <a href=\"http:\/\/panel.novaiptv.org\/\" style=\"color:#007bff;\" target=\"_blank\" rel=\"noopener\">notre panel d&#039;abonnement<\/a> Choisissez le forfait qui vous convient. L&#039;installation prend moins de 5 minutes.<\/p>\n        <p><strong>Quels modes de paiement acceptez-vous ?<\/strong><br>Pour votre commodit\u00e9, nous acceptons toutes les principales cartes de cr\u00e9dit, PayPal et les paiements en cryptomonnaie.<\/p>\n        <p><strong>Puis-je annuler mon abonnement\u00a0?<\/strong><br>Oui, vous pouvez annuler \u00e0 tout moment. Aucun engagement \u00e0 long terme n&#039;est requis.<\/p>\n        <p><strong>De quelle vitesse internet ai-je besoin ?<\/strong><br>Nous recommandons un d\u00e9bit minimum de 10 Mbit\/s pour le streaming HD. Notre technologie de streaming adaptatif garantit une qualit\u00e9 optimale en fonction de votre connexion.<\/p>\n        <p><strong>Combien d&#039;appareils puis-je utiliser ?<\/strong><br>Vous pouvez regarder des contenus en streaming sur jusqu&#039;\u00e0 5 appareils simultan\u00e9ment avec un seul abonnement.<\/p>\n        <p><strong>Proposez-vous un essai gratuit\u00a0?<\/strong><br>Oui, nous offrons un essai gratuit de 24 heures pour tester notre service. <a href=\"https:\/\/novaiptv.to\/fr\/\">service avant de souscrire un abonnement<\/a>.<\/p>\n      <\/div>\n    <\/div>\n\n    <!-- Final CTA -->\n    <div id=\"cta\" style=\"text-align:center; margin-top:60px;\">\n      <h2>Transformez votre exp\u00e9rience de divertissement d\u00e8s aujourd&#039;hui<\/h2>\n      <p style=\"max-width:700px; margin:auto; font-size:16px;\">\n        Rejoignez des millions d&#039;utilisateurs satisfaits qui ont am\u00e9lior\u00e9 leur divertissement avec <a href=\"https:\/\/novaiptv.to\/fr\/acheter-un-abonnement-iptv-aux-etats-unis-en-2025\/\">Nova IPTV<\/a>. Profitez d&#039;une qualit\u00e9 de streaming premium, d&#039;une biblioth\u00e8que de contenus exhaustive et d&#039;une fiabilit\u00e9 in\u00e9gal\u00e9e.\n      <\/p>\n      <a href=\"http:\/\/panel.novaiptv.org\/\" style=\"padding:14px 28px; background:#007bff; color:#fff; border-radius:6px; font-size:18px; display:inline-block; margin-top:20px;\" target=\"_blank\" rel=\"noopener\">Commencez votre aventure de streaming premium<\/a>\n    <\/div>\n\n<\/section>\n\n\n\n\t\t\t\t<\/div>\n\t\t\t\t\t<\/div>\n\t\t\t\t<\/div>\n\t\t\t\t<\/div>","protected":false},"excerpt":{"rendered":"<p>Transform Your Entertainment with Nova IPTV \u2013 The Ultimate Streaming Solution for 2025 Experience Premium Streaming Across All Your Devices \u2013 Lightning Fast &#038; Globally Accessible Discover a revolutionary streaming platform that delivers an unparalleled entertainment experience. With access to&#8230;<\/p>","protected":false},"author":1,"featured_media":7473,"parent":0,"menu_order":0,"comment_status":"closed","ping_status":"closed","template":"","meta":{"footnotes":""},"class_list":["post-7467","page","type-page","status-publish","has-post-thumbnail","hentry"],"_links":{"self":[{"href":"https:\/\/novaiptv.to\/fr\/wp-json\/wp\/v2\/pages\/7467","targetHints":{"allow":["GET"]}}],"collection":[{"href":"https:\/\/novaiptv.to\/fr\/wp-json\/wp\/v2\/pages"}],"about":[{"href":"https:\/\/novaiptv.to\/fr\/wp-json\/wp\/v2\/types\/page"}],"author":[{"embeddable":true,"href":"https:\/\/novaiptv.to\/fr\/wp-json\/wp\/v2\/users\/1"}],"replies":[{"embeddable":true,"href":"https:\/\/novaiptv.to\/fr\/wp-json\/wp\/v2\/comments?post=7467"}],"version-history":[{"count":0,"href":"https:\/\/novaiptv.to\/fr\/wp-json\/wp\/v2\/pages\/7467\/revisions"}],"wp:featuredmedia":[{"embeddable":true,"href":"https:\/\/novaiptv.to\/fr\/wp-json\/wp\/v2\/media\/7473"}],"wp:attachment":[{"href":"https:\/\/novaiptv.to\/fr\/wp-json\/wp\/v2\/media?parent=7467"}],"curies":[{"name":"wp","href":"https:\/\/api.w.org\/{rel}","templated":true}]}}