{"id":7748,"date":"2025-07-19T11:13:10","date_gmt":"2025-07-19T11:13:10","guid":{"rendered":"https:\/\/novaiptv.org\/?page_id=7748"},"modified":"2025-07-19T11:13:10","modified_gmt":"2025-07-19T11:13:10","slug":"guide-iptv","status":"publish","type":"page","link":"https:\/\/novaiptv.to\/fr\/guide-iptv\/","title":{"rendered":"7 Surprising Truths About IPTVs &#038; The Best IPTV Services for 2025"},"content":{"rendered":"<div data-elementor-type=\"wp-page\" data-elementor-id=\"7748\" class=\"elementor elementor-7748\" data-elementor-post-type=\"page\">\n\t\t\t\t<div class=\"elementor-element elementor-element-6676031 e-flex e-con-boxed e-con e-parent\" data-id=\"6676031\" data-element_type=\"container\" data-e-type=\"container\">\n\t\t\t\t\t<div class=\"e-con-inner\">\n\t\t\t\t\t<\/div>\n\t\t\t\t<\/div>\n\t\t<div class=\"elementor-element elementor-element-c58c47b e-flex e-con-boxed e-con e-parent\" data-id=\"c58c47b\" data-element_type=\"container\" data-e-type=\"container\">\n\t\t\t\t\t<div class=\"e-con-inner\">\n\t\t\t\t<div class=\"elementor-element elementor-element-eac6538 elementor-widget elementor-widget-html\" data-id=\"eac6538\" data-element_type=\"widget\" data-e-type=\"widget\" data-widget_type=\"html.default\">\n\t\t\t\t\t<section class=\"iptv-article-section\">\n  <style>\n    .iptv-article-section{\n      --iptv-max-width: 960px;\n      --iptv-accent:#2563eb;\n      --iptv-bg:#0f1115;\n      --iptv-surface:#161a20;\n      --iptv-border:#2a3039;\n      --iptv-text:#e5e7eb;\n      --iptv-muted:#94a3b8;\n      --iptv-radius:14px;\n      --iptv-gradient:linear-gradient(135deg,#1e293b 0%,#0f172a 60%,#020617 100%);\n      background:var(--iptv-bg);\n      padding: clamp(2rem,4vw,3.5rem) 1.25rem;\n      font-family: \"Inter\", system-ui, -apple-system, BlinkMacSystemFont, \"Segoe UI\", Roboto, \"Helvetica Neue\", Arial, sans-serif;\n      line-height:1.6;\n      color:var(--iptv-text);\n    }\n    .iptv-article-section .iptv-container{\n      max-width:var(--iptv-max-width);\n      margin:0 auto;\n      background:var(--iptv-surface);\n      border:1px solid var(--iptv-border);\n      padding:clamp(1.75rem,2.5vw,2.5rem) clamp(1.5rem,2.5vw,3rem);\n      border-radius:var(--iptv-radius);\n      box-shadow:0 8px 28px -6px rgba(0,0,0,.55),0 0 0 1px rgba(255,255,255,0.02) inset;\n      background-image:\n        radial-gradient(circle at 15% 10%,rgba(59,130,246,.15),transparent 60%),\n        radial-gradient(circle at 85% 85%,rgba(56,189,248,.1),transparent 55%),\n        var(--iptv-gradient);\n      overflow:hidden;\n    }\n    .iptv-article-section img.logo{\n      display:block;\n      max-width:140px;\n      margin:0 0 1.25rem;\n      filter:drop-shadow(0 4px 10px rgba(0,0,0,.4));\n    }\n    .iptv-article-section h1,\n    .iptv-article-section h2,\n    .iptv-article-section h3{\n      font-weight:600;\n      line-height:1.25;\n      letter-spacing:-.02em;\n      scroll-margin-top:90px;\n    }\n    .iptv-article-section h1{\n      font-size:clamp(2.1rem,4.2vw,3.1rem);\n      background:linear-gradient(90deg,#60a5fa,#38bdf8 40%,#818cf8);\n      -webkit-background-clip:text;\n      color:transparent;\n      margin:0 0 1.2rem;\n    }\n    .iptv-article-section h2{\n      font-size:clamp(1.55rem,2.9vw,2.1rem);\n      margin:2.4rem 0 1rem;\n      color:#f1f5f9;\n      position:relative;\n    }\n    .iptv-article-section h2:after{\n      content:\"\";\n      position:absolute;\n      left:0;\n      bottom:-.55rem;\n      width:68px;\n      height:3px;\n      border-radius:3px;\n      background:linear-gradient(90deg,#3b82f6,#0ea5e9);\n      box-shadow:0 0 0 1px rgba(255,255,255,.05);\n    }\n    .iptv-article-section h3{\n      font-size:clamp(1.25rem,2.2vw,1.5rem);\n      margin:2.1rem 0 .85rem;\n      color:#e2e8f0;\n    }\n    .iptv-article-section p{\n      margin:0 0 1.05rem;\n      font-size:1.01rem;\n    }\n    .iptv-article-section p strong{color:#f8fafc;}\n    .iptv-article-section ul{\n      margin:0 0 1.4rem 1.15rem;\n      padding:0;\n      list-style:none;\n    }\n    .iptv-article-section ul li{\n      position:relative;\n      padding:.4rem .75rem .4rem 1.75rem;\n      margin:.25rem 0;\n      background:rgba(255,255,255,.04);\n      border:1px solid rgba(255,255,255,.07);\n      border-radius:10px;\n      font-size:.97rem;\n      line-height:1.45;\n      backdrop-filter:blur(4px);\n    }\n    .iptv-article-section ul li:before{\n      content:\"\";\n      position:absolute;\n      left:.7rem;\n      top:50%;\n      width:.55rem;\n      height:.55rem;\n      background:linear-gradient(135deg,#3b82f6,#0ea5e9);\n      border-radius:50%;\n      transform:translateY(-50%);\n      box-shadow:0 0 0 3px rgba(59,130,246,.15);\n    }\n    .iptv-article-section a{\n      color:#38bdf8;\n      text-decoration:none;\n      font-weight:500;\n      position:relative;\n    }\n    .iptv-article-section a:after{\n      content:\"\";\n      position:absolute;\n      left:0;\n      bottom:-2px;\n      width:100%;\n      height:2px;\n      background:linear-gradient(90deg,#3b82f6,#06b6d4);\n      transform:scaleX(0);\n      transform-origin:left;\n      transition:.35s cubic-bezier(.65,.05,.36,1);\n    }\n    .iptv-article-section a:hover:after{transform:scaleX(1);}\n    .iptv-article-section blockquote{\n      margin:2rem 0;\n      padding:1.25rem 1.5rem 1.25rem 1.25rem;\n      border-left:5px solid #38bdf8;\n      background:rgba(56,189,248,.08);\n      border-radius:0 14px 14px 0;\n      font-style:italic;\n    }\n    .iptv-article-section code{\n      background:#1e293b;\n      color:#f1f5f9;\n      padding:.2em .5em;\n      border-radius:6px;\n      font-size:.85rem;\n      font-family:ui-monospace, SFMono-Regular, Menlo, Monaco, \"Courier New\", monospace;\n    }\n    .iptv-meta{\n      font-size:.8rem;\n      letter-spacing:.06em;\n      text-transform:uppercase;\n      margin-bottom:1.2rem;\n      color:var(--iptv-muted);\n    }\n    .iptv-article-section hr{\n      border:none;\n      height:1px;\n      background:linear-gradient(90deg,transparent,#334155 20%,#334155 80%,transparent);\n      margin:2.75rem 0;\n    }\n    .iptv-article-section .iptv-grid{\n      display:grid;\n      gap:1.25rem;\n    }\n    .iptv-article-section strong{font-weight:600;}\n    @media (min-width:780px){\n      .iptv-article-section ul li{display:block;}\n    }\n  <\/style>\n  <div class=\"iptv-container\">\n\n    <h1>Que sont les IPTV\u00a0? Comprendre ce terme complexe qui se cache derri\u00e8re les services IPTV<\/h1>\n\n    <meta name=\"description\" content=\"Intrigu\u00e9 par les \u201c\u00a0IPTV\u00a0\u201d\u00a0? D\u00e9couvrez la v\u00e9ritable signification de ce terme et explorez les meilleurs services IPTV de 2025. Regardez vos programmes pr\u00e9f\u00e9r\u00e9s plus intelligemment avec NovaIPTV.\">\n\n    <h2>Introduction \u00e0 la t\u00e9l\u00e9vision sur IP (IPTV) \u2013 Un terme mal compris<\/h2>\n    <p>Si vous vous \u00eates d\u00e9j\u00e0 retrouv\u00e9 \u00e0 rechercher des \u201c\u00a0IPTV\u00a0\u201d, vous n&#039;\u00eates pas seul. Nombreux sont ceux qui tombent sur ce terme en cherchant \u00e0 am\u00e9liorer leur exp\u00e9rience de streaming. Mais de quoi s&#039;agit-il exactement\u00a0? <strong>sont des IPTV<\/strong>, Et est-ce m\u00eame le nom correct pour ce que vous recherchez ?<\/p>\n    <p>Levons le voile sur cette confusion :<\/p>\n    <ul>\n      <li>Le terme correct est <strong>IPTV<\/strong>, qui signifie <em>T\u00e9l\u00e9vision par protocole Internet<\/em>.<\/li>\n      <li>\u201cL&#039;emploi du pluriel \u201d IPTV \u00bb est une confusion fr\u00e9quente, notamment sur les forums et les plateformes de vente en ligne. Cela signifie g\u00e9n\u00e9ralement que les utilisateurs recherchent des services de t\u00e9l\u00e9vision par satellite (IPTV). <strong><a href=\"https:\/\/novaiptv.to\/fr\/strategies-iptv-odyssey\/\">Services IPTV<\/strong>, <strong>fournisseurs IPTV<\/strong>, ou m\u00eame des appareils sp\u00e9cifiques permettant la diffusion IPTV<\/a>.<\/li>\n      <li>Le pluriel \u201c\u00a0IPTV\u00a0\u201d ne d\u00e9signe pas un type de produit. Il s\u2019agit plut\u00f4t de\u2026 <a href=\"https:\/\/novaiptv.to\/fr\/tarifs-de-nova-iptv\/\">abonnements IPTV<\/a>, les plateformes de streaming, ou parfois les appareils qui prennent en charge l&#039;IPTV.<\/li>\n    <\/ul>\n    <p>En poursuivant votre lecture, vous comprendrez non seulement la v\u00e9ritable signification du terme \u201c IPTV \u201d, mais vous d\u00e9couvrirez \u00e9galement comment NovaIPTV peut rendre votre exp\u00e9rience de streaming bien meilleure que la t\u00e9l\u00e9vision traditionnelle.<\/p>\n\n    <h2>Qu&#039;est-ce que l&#039;IPTV\u00a0?<\/h2>\n    <p>Pour bien comprendre ce que les gens entendent par \u201c IPTV \u201d, commen\u00e7ons par analyser ce qu&#039;est une IPTV. <a href=\"https:\/\/en.wikipedia.org\/wiki\/Internet_Protocol_television\" target=\"_blank\" rel=\"noopener\"> IPTV <\/a> c&#039;est tout.<\/p>\n\n    <h3>Comment fonctionne l&#039;IPTV<\/h3>\n    <p>Au lieu des signaux conventionnels par c\u00e2ble ou satellite, <strong>IPTV (T\u00e9l\u00e9vision par protocole Internet)<\/strong> diffuse la t\u00e9l\u00e9vision en direct <a href=\"https:\/\/novaiptv.to\/fr\/chaines\/\">cha\u00eenes<\/a> et du contenu \u00e0 la demande sur Internet. Imaginez un syst\u00e8me similaire \u00e0 Netflix ou YouTube, mais pour tous vos besoins en t\u00e9l\u00e9vision en direct.<\/p>\n    <p>Voici comment cela fonctionne\u00a0:<\/p>\n    <ul>\n      <li>Un <a href=\"https:\/\/novaiptv.to\/fr\/5-reasons-nova-iptv-is-the-top-streaming-service-now\/\" title=\"5 raisons pour lesquelles Nova IPTV est le meilleur service de streaming actuellement !\" data-wpil-monitor-id=\"189\">Le fournisseur IPTV h\u00e9berge des cha\u00eenes de t\u00e9l\u00e9vision et diffuse des flux.<\/a> sur des serveurs s\u00e9curis\u00e9s.<\/li>\n      <li>Quand vous <a href=\"https:\/\/novaiptv.to\/fr\/acheter-un-abonnement-iptv-aux-etats-unis-en-2025\/\">souscrire un abonnement IPTV<\/a>, Vous recevez alors des identifiants de connexion ou un lien vers une liste de lecture.<\/li>\n      <li>Il suffit d&#039;utiliser un <a href=\"https:\/\/novaiptv.to\/fr\/meilleur-lecteur-iptv-pour-firestick\/\">application IPTV<\/a> (sur votre Smart TV, Firestick ou t\u00e9l\u00e9phone) pour acc\u00e9der \u00e0 des milliers de cha\u00eenes et d&#039;\u00e9missions en direct via votre connexion Internet.<\/li>\n    <\/ul>\n    <p>Imaginez remplacer votre vieille antenne TV par une connexion Wi-Fi haut d\u00e9bit \u2014 sans c\u00e2bles, sans bo\u00eetiers et sans limites g\u00e9ographiques.<\/p>\n\n    <h3>Avantages par rapport au c\u00e2ble\/satellite traditionnel<\/h3>\n    <p>Les gens d\u00e9laissent le c\u00e2ble au <a href=\"https:\/\/novaiptv.to\/fr\/guide-xtream-iptv-canada-2025\/\">Services IPTV<\/a> pour de tr\u00e8s bonnes raisons :<\/p>\n    <ul>\n      <li><strong>Un choix plus large<\/strong>Acc\u00e8s \u00e0 des milliers de cha\u00eenes internationales et \u00e0 du contenu \u00e0 la demande.<\/li>\n      <li><strong>En d\u00e9placement<\/strong>: Utiliser <a href=\"https:\/\/novaiptv.to\/fr\/iptv\/canada\/\" title=\"IPTV Canada 2025 \u2013 Le guide ultime de Nova IPTV (Forfaits, appareils et essai gratuit)\" data-wpil-monitor-id=\"152\">La t\u00e9l\u00e9vision IP sur presque tous les appareils<\/a>, partout o\u00f9 il y a internet.<\/li>\n      <li><strong>Flexibilit\u00e9<\/strong>Choisissez entre des formules \u00e0 court ou \u00e0 long terme, sans contrats annuels rigides.<\/li>\n      <li><strong>\u00c9conomies de co\u00fbts<\/strong>: <a href=\"https:\/\/novaiptv.to\/fr\/meilleur-abonnement-iptv-2025\/\">abonnements IPTV<\/a> sont souvent beaucoup moins chers que les abonnements traditionnels au c\u00e2ble ou au satellite.<\/li>\n      <li><strong>Fonctionnalit\u00e9s riches<\/strong>Profitez de la qualit\u00e9 HD\/4K, des guides \u00e9lectroniques des programmes (EPG) et m\u00eame des fonctions de rattrapage\/replay.<\/li>\n    <\/ul>\n\n    <h3>Ce dont vous avez besoin pour utiliser l&#039;IPTV<\/h3>\n    <p>Se lancer dans la t\u00e9l\u00e9vision sur IP (IPTV) est plus simple qu&#039;il n&#039;y para\u00eet. Voici ce dont vous avez besoin\u00a0:<\/p>\n    <ul>\n      <li><strong>Un fournisseur IPTV fiable<\/strong> (comme NovaIPTV)<\/li>\n      <li><strong>Une connexion internet haut d\u00e9bit stable<\/strong> (10 Mbps minimum recommand\u00e9s)<\/li>\n      <li><strong>Un appareil compatible<\/strong> \u2013 T\u00e9l\u00e9viseur intelligent, <a href=\"https:\/\/novaiptv.to\/fr\/installez-protonvpn-sur-votre-fire-stick-en-2025\/\">Fire TV Stick<\/a>, bo\u00eetier MAG, t\u00e9l\u00e9phone Android, tablette, appareil iOS ou PC.<\/li>\n      <li><strong>Un <\/strong><a href=\"https:\/\/novaiptv.to\/fr\/iptv-smarters-lg-smart-tv-2025\/\">Application IPTV \u2013 options disponibles\u00a0: Smart IPTV, IPTV Smarters<\/a>, TiviMate, ou autres.<\/li>\n    <\/ul>\n    <p>Vous voulez savoir quel appareil est le meilleur\u00a0? Consultez notre <a href=\"\/fr\/smart-tv-2025\/\">Guide des t\u00e9l\u00e9viseurs intelligents 2025<\/a>.<\/p>\n\n    <h2>Pourquoi les gens recherchent-ils des \u201c IPTV \u201d ?<\/h2>\n    <p>Vous vous demandez peut-\u00eatre pourquoi tant de gens recherchent \u201c iptvs \u201d au lieu d\u201c\u201d IPTV \u00bb. Voici pourquoi :<\/p>\n    <ul>\n      <li><strong>Fautes de frappe courantes et suggestions automatiques<\/strong>Les moteurs de recherche compl\u00e8tent souvent automatiquement les requ\u00eates par \u201c iptv \u201d car c&#039;est ce que beaucoup d&#039;utilisateurs tapent par erreur ou par habitude.<\/li>\n      <li><strong>R\u00e9f\u00e9rences g\u00e9n\u00e9riques<\/strong>Sur les plateformes et forums en ligne, les gens font r\u00e9f\u00e9rence \u00e0 <a href=\"https:\/\/novaiptv.to\/fr\/\">Services IPTV<\/a> collectivement appel\u00e9es \u201c IPTV \u201d.\u201d<\/li>\n      <li><strong>Tendances de recherche<\/strong>\u00c0 mesure que de plus en plus d&#039;utilisateurs exp\u00e9rimentent le streaming \u00e0 domicile, des termes comme \u201c meilleur \u00bb prennent de l&#039;importance, car ils sont de plus en plus utilis\u00e9s. <a href=\"https:\/\/novaiptv.to\/fr\/acheter-un-abonnement-iptv-aux-etats-unis-en-2025\/\">t\u00e9l\u00e9visions IP<\/a> Les tendances suivantes apparaissent dans les analyses de recherche\u00a0: \u201d\u00a0pour Firestick\u00a0\u201c, \u201d\u00a0IPTV pas ch\u00e8res\u00a0\u201c ou \u201d\u00a0IPTV fonctionnelles en 2025\u00a0\u00bb.<\/li>\n    <\/ul>\n    <p>Si vous \u00eates ici, c&#039;est que vous recherchez certainement les derni\u00e8res nouveaut\u00e9s et <a class=\"wpil_keyword_link\" href=\"https:\/\/novaiptv.to\/fr\/\" title=\"meilleure IPTV\" data-wpil-keyword-link=\"linked\">meilleure IPTV<\/a> services, quelle que soit l&#039;orthographe.<\/p>\n\n    <h2>IPTV ou abonnements IPTV\u00a0: quelle est la vraie diff\u00e9rence\u00a0?<\/h2>\n    <p>Pr\u00e9cisons : \u201c IPTV \u201d ne d\u00e9signe ni des appareils ni un niveau de service diff\u00e9rent ; il s&#039;agit uniquement de <a href=\"https:\/\/novaiptv.to\/fr\/abonnement-iptv-premium-nova-uk\/\">abonnements IPTV<\/a> et les fournisseurs.<\/p>\n    <p><a href=\"https:\/\/novaiptv.to\/fr\/essai-gratuit-diptv-canada-2025\/\"><\/a><a href=\"https:\/\/novaiptv.to\/fr\/essai-gratuit-diptv-canada-2025\/\"><\/a><strong>Voici ce qui compte lorsqu&#039;on recherche des services IPTV fiables\u00a0:<\/strong><\/p>\n    <ul>\n      <li><strong>Vaste choix de cha\u00eenes :<\/strong> International, local, sports, divertissement, PPV, enfants, films.<\/li>\n      <li><strong>Flux de haute qualit\u00e9\u00a0:<\/strong> Offre des options HD ou 4K, avec une mise en m\u00e9moire tampon minimale.<\/li>\n      <li><strong>Installation facile\u00a0:<\/strong> Une simple URL de playlist ou de portail fonctionne sur la plupart des appareils.<\/li>\n      <li><strong>Assistance 24h\/24 et 7j\/7\u00a0:<\/strong> Assistance par chat ou par e-mail pour vous permettre de continuer \u00e0 streamer sans probl\u00e8me.<\/li>\n    <\/ul>\n\n    <h3>Offres de NovaIPTV<\/h3>\n    <p>NovaIPTV est reconnu pour :<\/p>\n    <ul>\n      <li><strong>Flux stables et de haute qualit\u00e9<\/strong> parmi plus de 20 000 cha\u00eenes.<\/li>\n      <li><strong>Serveurs ultra-rapides<\/strong> pour une diffusion fluide, m\u00eame lors des plus grands \u00e9v\u00e9nements sportifs.<\/li>\n      <li><strong>Formules flexibles<\/strong> Pour tous les budgets. D\u00e9couvrez d\u00e8s maintenant notre s\u00e9lection. <a href=\"\/fr\/plans\/\">Page des plans<\/a>.<\/li>\n      <li><strong>Convivial <\/strong><a href=\"https:\/\/novaiptv.to\/fr\/iptv-smarters-pro-setup-2025\/\" title=\"Configuration d&#039;IPTV Smarters Pro pour NovaIPTV\u00a0: installation, guide \u00e9lectronique des programmes (EPG) et conseils\" data-wpil-monitor-id=\"10\">Assistance \u00e0 l&#039;installation \u2014 depuis la configuration<\/a> Guides d&#039;assistance par chat en direct.<\/li>\n    <\/ul>\n    <p>Vous recherchez des services IPTV\u00a0? Vous \u00eates au bon endroit\u00a0: c\u2019est l\u2019un des fournisseurs IPTV les plus fiables de 2025.<\/p>\n\n    <h2>Comment choisir le meilleur service IPTV en 2025<\/h2>\n    <p>Avec autant d&#039;options disponibles, comment savoir laquelle choisir ? <a class=\"wpil_keyword_link\" href=\"https:\/\/novaiptv.to\/fr\/\" title=\"abonnement IPTV\" data-wpil-keyword-link=\"linked\">abonnement IPTV<\/a> Est-ce que cela vous convient\u00a0? Gardez ces facteurs \u00e0 l\u2019esprit\u00a0:<\/p>\n    <ul>\n      <li><strong>Stabilit\u00e9 et disponibilit\u00e9 :<\/strong> Un service stable est essentiel \u2014 vous ne voulez pas de interruptions pendant un match important.<\/li>\n      <li><strong>Guide \u00e9lectronique des programmes (EPG)\u00a0:<\/strong> Un guide TV int\u00e9gr\u00e9 facilite le zapping.<\/li>\n      <li><strong>Biblioth\u00e8que de contenu \u00e9tendue\u00a0:<\/strong> Plus de cha\u00eenes, plus de choix \u2014 recherchez une couverture mondiale.<\/li>\n      <li><strong>Assistance client\u00e8le :<\/strong> Une assistance r\u00e9active quand vous en avez besoin.<\/li>\n      <li><strong>Streams HD et 4K\u00a0:<\/strong> Pour une image d&#039;une nettet\u00e9 optimale, exigez des options de haute qualit\u00e9.<\/li>\n      <li><strong>Compatibilit\u00e9:<\/strong> Assurez-vous que le fournisseur est compatible avec vos appareils (Firestick, Smart TV, Android, etc.).<\/li>\n    <\/ul>\n\n    <h3>Pourquoi choisir NovaIPTV ?<\/h3>\n    <ul>\n      <li><strong>Disponibilit\u00e9 \u00e0 toute \u00e9preuve<\/strong> et une fiabilit\u00e9 \u00e0 la pointe du secteur.<\/li>\n      <li><strong>Guide \u00e9lectronique des programmes complet et fonctions de rattrapage<\/strong> \u2014 pour ne jamais rater votre \u00e9mission pr\u00e9f\u00e9r\u00e9e.<\/li>\n      <li><strong>Diffusion en continu sur toutes les principales plateformes<\/strong> - y compris <a href=\"\/fr\/smart-tv-2025\/\">T\u00e9l\u00e9viseurs intelligents<\/a>, <a href=\"\/fr\/smart-tv-2025\/\">Firestick<\/a>, <a href=\"\/fr\/ios-apple-2025\/\">Android\/iOS<\/a>.<\/li>\n      <li><strong>Tarifs transparents et abordables<\/strong> \u2014 sans frais cach\u00e9s.<\/li>\n      <li><strong>essai sans risque<\/strong> Vous pourrez ainsi constater la diff\u00e9rence par vous-m\u00eame.<\/li>\n    <\/ul>\n    <p>D\u00e9couvrez nos derni\u00e8res nouveaut\u00e9s <a href=\"\/fr\/plans\/\">plans et offres<\/a> maintenant.<\/p>\n\n    <h2>L&#039;utilisation des IPTV est-elle s\u00fbre et l\u00e9gale ?<\/h2>\n    <p>\u201c&quot;Est <a href=\"https:\/\/novaiptv.to\/fr\/liptv-est-elle-legale-au-canada\/\">IPTV<\/a> \u201d L\u00e9gal ? \u00bb est la prochaine grande question apr\u00e8s avoir trouv\u00e9 le bon fournisseur IPTV.<\/p>\n    <ul>\n      <li><strong>La l\u00e9galit\u00e9 d\u00e9pend du service<\/strong>: Pas tous <a href=\"https:\/\/novaiptv.to\/fr\/les-meilleurs-services-iptv-au-canada-selon-reddit-pour-2025\/\">Services IPTV<\/a> sont l\u00e9gitimes. Assurez-vous de choisir un fournisseur IPTV conforme \u00e0 la r\u00e9glementation et b\u00e9n\u00e9ficiant de bons avis.<\/li>\n      <li><strong>vie priv\u00e9e<\/strong>Le streaming de contenu, en particulier provenant de sources internationales, peut soulever des probl\u00e8mes de confidentialit\u00e9 ou des restrictions g\u00e9ographiques.<\/li>\n    <\/ul>\n\n    <h3>Prot\u00e9gez-vous avec un VPN<\/h3>\n    <p>Un VPN (r\u00e9seau priv\u00e9 virtuel) chiffre votre activit\u00e9 et vous aide \u00e0 contourner les blocages r\u00e9gionaux ou la limitation de bande passante de votre fournisseur d&#039;acc\u00e8s Internet. Prot\u00e9gez-vous en suivant nos conseils. <a href=\"\/fr\/vpn-setup\/\">guide d&#039;installation VPN<\/a>.<\/p>\n    <p><strong>Conseil de pro\u00a0:<\/strong> Combinez toujours vos <a class=\"wpil_keyword_link\" href=\"https:\/\/novaiptv.to\/fr\/blog\/comparaison-des-couts-de-liptv-et-du-cable-en-2025\/\" title=\"abonnement IPTV\" data-wpil-keyword-link=\"linked\">abonnement IPTV<\/a> avec un VPN fiable pour plus de s\u00e9curit\u00e9 et de tranquillit\u00e9 d&#039;esprit.<\/p>\n\n    <h2>Appareils compatibles avec les t\u00e9l\u00e9viseurs IP<\/h2>\n    <p>Vous vous demandez si vous pouvez utiliser vos t\u00e9l\u00e9viseurs IP avec votre installation actuelle\u00a0? Les services IPTV actuels sont ultra-flexibles.<\/p>\n\n    <h3>Appareils compatibles\u00a0:<\/h3>\n    <ul>\n      <li><strong>T\u00e9l\u00e9viseurs intelligents<\/strong> (LG, Samsung, Sony et autres)<\/li>\n      <li><strong>Amazon Firestick<\/strong> et Fire TV<\/li>\n      <li><strong>t\u00e9l\u00e9phones et tablettes Android<\/strong><\/li>\n      <li><strong>iPhone, iPad, Apple TV<\/strong><\/li>\n      <li><strong>Bo\u00eetes MAG, Enigma2<\/strong><\/li>\n      <li><strong>PC Windows et Mac<\/strong><\/li>\n    <\/ul>\n    <p>Pour plus de d\u00e9tails sur la configuration optimale de votre appareil, consultez nos guides. <a href=\"\/fr\/smart-tv-2025\/\">T\u00e9l\u00e9viseurs intelligents<\/a> et <a href=\"\/fr\/ios-apple-2025\/\">Appareils Apple<\/a>.<\/p>\n\n    <h2>En conclusion, le terme \u00ab\u00a0IPTV\u00a0\u00bb n\u2019est peut-\u00eatre pas le plus appropri\u00e9, mais vous \u00eates au bon endroit.<\/h2>\n    <p>Bien que \u201c\u00a0IPTV\u00a0\u201d ne soit pas techniquement correct, votre recherche vous a men\u00e9 au bon endroit. Que vous souhaitiez explorer l&#039;IPTV pour Firestick, d\u00e9couvrir une nouvelle exp\u00e9rience de streaming ou comparer diff\u00e9rentes options, vous trouverez votre bonheur. <a href=\"https:\/\/novaiptv.to\/fr\/meilleurs-services-iptv-au-royaume-uni-en-2025\/\">meilleurs services IPTV<\/a> en 2025, <strong>NovaIPTV<\/strong> est votre partenaire de confiance dans le monde de l&#039;IPTV.<\/p>\n    <p><strong>Pr\u00eat \u00e0 passer \u00e0 la vitesse sup\u00e9rieure en mati\u00e8re de streaming ?<\/strong><\/p>\n    <ul>\n      <li>D\u00e9couvrez notre flexibilit\u00e9 <a href=\"\/fr\/plans\/\">forfaits IPTV<\/a>.<\/li>\n      <li>Lire la suite <a href=\"https:\/\/novaiptv.to\/fr\/iptv\/usa\/\" title=\"IPTV USA 2025 \u2013 Le guide ultime de Nova IPTV (Meilleurs forfaits, appareils et configuration)\" data-wpil-monitor-id=\"118\">guides d&#039;installation pour votre appareil<\/a>.<\/li>\n      <li>Profitez d&#039;une IPTV sans risque gr\u00e2ce \u00e0 notre garantie de remboursement.<\/li>\n    <\/ul>\n    <p>Arr\u00eatez de chercher des \u201c\u00a0IPTV\u00a0\u201d et commencez \u00e0 regarder vos programmes pr\u00e9f\u00e9r\u00e9s plus intelligemment avec NovaIPTV. L\u2019avenir de la t\u00e9l\u00e9vision est l\u00e0\u00a0! <a href=\"\/fr\/plans\/\">abonnement IPTV<\/a> aujourd&#039;hui!<\/p>\n\n    <p><strong>Liens internes dans cet article\u00a0:<\/strong><\/p>\n    <ul>\n      <li><a href=\"\/fr\/plans\/\">Plans<\/a><\/li>\n      <li><a href=\"\/fr\/vpn-setup\/\">Configuration du VPN<\/a><\/li>\n      <li><a href=\"\/fr\/smart-tv-2025\/\">Guide des t\u00e9l\u00e9viseurs intelligents 2025<\/a><\/li>\n      <li><a href=\"\/fr\/ios-apple-2025\/\">Guide iOS\/Apple 2025<\/a><\/li>\n    <\/ul>\n  <\/div>\n<\/section>\t\t\t\t<\/div>\n\t\t\t\t\t<\/div>\n\t\t\t\t<\/div>\n\t\t\t\t<\/div>","protected":false},"excerpt":{"rendered":"<p>What Are IPTVs? Understanding the Confusing Term Behind IPTV Services Introduction to IPTVs \u2013 A Misunderstood Term If you\u2019ve found yourself searching for \u201cIPTVs,\u201d you\u2019re not alone. Many people stumble across this term when looking for ways to upgrade their&#8230;<\/p>","protected":false},"author":1,"featured_media":7752,"parent":0,"menu_order":0,"comment_status":"closed","ping_status":"closed","template":"","meta":{"footnotes":""},"class_list":["post-7748","page","type-page","status-publish","has-post-thumbnail","hentry"],"_links":{"self":[{"href":"https:\/\/novaiptv.to\/fr\/wp-json\/wp\/v2\/pages\/7748","targetHints":{"allow":["GET"]}}],"collection":[{"href":"https:\/\/novaiptv.to\/fr\/wp-json\/wp\/v2\/pages"}],"about":[{"href":"https:\/\/novaiptv.to\/fr\/wp-json\/wp\/v2\/types\/page"}],"author":[{"embeddable":true,"href":"https:\/\/novaiptv.to\/fr\/wp-json\/wp\/v2\/users\/1"}],"replies":[{"embeddable":true,"href":"https:\/\/novaiptv.to\/fr\/wp-json\/wp\/v2\/comments?post=7748"}],"version-history":[{"count":0,"href":"https:\/\/novaiptv.to\/fr\/wp-json\/wp\/v2\/pages\/7748\/revisions"}],"wp:featuredmedia":[{"embeddable":true,"href":"https:\/\/novaiptv.to\/fr\/wp-json\/wp\/v2\/media\/7752"}],"wp:attachment":[{"href":"https:\/\/novaiptv.to\/fr\/wp-json\/wp\/v2\/media?parent=7748"}],"curies":[{"name":"wp","href":"https:\/\/api.w.org\/{rel}","templated":true}]}}