{"id":7773,"date":"2025-07-29T09:45:37","date_gmt":"2025-07-29T09:45:37","guid":{"rendered":"https:\/\/novaiptv.org\/?page_id=7773"},"modified":"2025-07-29T09:45:37","modified_gmt":"2025-07-29T09:45:37","slug":"iptv-nova-2025","status":"publish","type":"page","link":"https:\/\/novaiptv.to\/fr\/iptv-nova-2025\/","title":{"rendered":"IPTV Nova &#8211; Stream Your World in Stunning Clarity 2025"},"content":{"rendered":"<div data-elementor-type=\"wp-page\" data-elementor-id=\"7773\" class=\"elementor elementor-7773\" data-elementor-post-type=\"page\">\n\t\t\t\t<div class=\"elementor-element elementor-element-60fad05 e-flex e-con-boxed e-con e-parent\" data-id=\"60fad05\" data-element_type=\"container\" data-e-type=\"container\">\n\t\t\t\t\t<div class=\"e-con-inner\">\n\t\t\t\t<div class=\"elementor-element elementor-element-1e03b46 elementor-widget elementor-widget-html\" data-id=\"1e03b46\" data-element_type=\"widget\" data-e-type=\"widget\" data-widget_type=\"html.default\">\n\t\t\t\t\t<style>\n    * {\n      margin: 0;\n      padding: 0;\n      box-sizing: border-box;\n      font-family: 'Montserrat', sans-serif;\n    }\n    body {\n      background: #f0f4f8;\n      color: #1a202c;\n      line-height: 1.8;\n      overflow-x: hidden;\n    }\n    header {\n      background: linear-gradient(135deg, #6b46c1, #00c4b4);\n      color: white;\n      text-align: center;\n      padding: 5rem 1rem;\n      position: relative;\n      overflow: hidden;\n    }\n    header::before {\n      content: '';\n      position: absolute;\n      top: -20%;\n      left: -20%;\n      width: 140%;\n      height: 140%;\n      background: radial-gradient(circle, rgba(255,255,255,0.3), transparent);\n      transform: rotate(30deg);\n      z-index: 0;\n    }\n    h1 {\n      font-family: 'Playfair Display', serif;\n      font-size: 3.5rem;\n      font-weight: 700;\n      margin-bottom: 1.5rem;\n      position: relative;\n      z-index: 1;\n      text-shadow: 0 3px 6px rgba(0,0,0,0.3);\n    }\n    h2 {\n      font-family: 'Playfair Display', serif;\n      font-size: 2.3rem;\n      font-weight: 600;\n      color: #2d3748;\n      margin: 3.5rem 0 1.5rem;\n      text-align: center;\n      position: relative;\n    }\n    h2::after {\n      content: '';\n      display: block;\n      width: 60px;\n      height: 4px;\n      background: #00c4b4;\n      margin: 0.5rem auto;\n      border-radius: 2px;\n    }\n    h3 {\n      font-size: 1.6rem;\n      font-weight: 600;\n      color: #2d3748;\n      margin: 2rem 0 1rem;\n    }\n    section {\n      max-width: 1300px;\n      margin: 3rem auto;\n      padding: 0 2rem;\n    }\n    p {\n      font-size: 1.15rem;\n      margin-bottom: 1.3rem;\n      color: #4a5568;\n    }\n\n\n  \n\n    .cta-button {\n      display: inline-block;\n      background: linear-gradient(45deg, #ed8936, #f56565);\n      color: white;\n      padding: 1.2rem 3rem;\n      border-radius: 50px;\n      text-decoration: none;\n      font-weight: 600;\n      font-size: 1.2rem;\n      transition: transform 0.3s ease, box-shadow 0.3s ease;\n      box-shadow: 0 5px 15px rgba(0,0,0,0.2);\n      position: relative;\n      z-index: 1;\n    }\n    .cta-button:hover {\n      transform: translateY(-5px);\n      box-shadow: 0 8px 20px rgba(0,0,0,0.3);\n      background: linear-gradient(45deg, #f56565, #ed8936);\n    }\n    .pricing-grid {\n      display: grid;\n      grid-template-columns: repeat(auto-fit, minmax(300px, 1fr));\n      gap: 2rem;\n      margin-top: 2rem;\n    }\n    .pricing-card {\n      background: white;\n      padding: 2.5rem;\n      border-radius: 20px;\n      box-shadow: 0 8px 16px rgba(0,0,0,0.1);\n      text-align: center;\n      transition: transform 0.3s ease, box-shadow 0.3s ease;\n      position: relative;\n      overflow: hidden;\n    }\n    .pricing-card::before {\n      content: '';\n      position: absolute;\n      top: 0;\n      left: 0;\n      width: 100%;\n      height: 5px;\n      background: linear-gradient(90deg, #6b46c1, #00c4b4);\n    }\n    .pricing-card:hover {\n      transform: translateY(-8px);\n      box-shadow: 0 12px 24px rgba(0,0,0,0.2);\n    }\n    .pricing-card h3 {\n      font-size: 1.8rem;\n      color: #2d3748;\n    }\n    .pricing-card p {\n      font-size: 2rem;\n      font-weight: 700;\n      color: #2d3748;\n      margin: 1.2rem 0;\n    }\n    .highlight {\n      background: #e6fffa;\n      padding: 0.4rem 1rem;\n      border-radius: 20px;\n      font-size: 0.95rem;\n      color: #2d3748;\n      display: inline-block;\n      margin-bottom: 1.2rem;\n      font-weight: 600;\n    }\n    .feature-box {\n      display: flex;\n      align-items: center;\n      gap: 1rem;\n      margin-bottom: 1.5rem;\n    }\n    .feature-icon {\n      font-size: 2.5rem;\n      color: #00c4b4;\n    }\n    footer {\n      background: linear-gradient(135deg, #2d3748, #6b46c1);\n      color: white;\n      text-align: center;\n      padding: 2.5rem 1rem;\n      margin-top: 4rem;\n      font-size: 1.1rem;\n    }\n    .social-links a {\n      color: white;\n      margin: 0 0.5rem;\n      text-decoration: none;\n      font-size: 1.2rem;\n      transition: color 0.3s ease;\n    }\n    .social-links a:hover {\n      color: #00c4b4;\n    }\n    a.outbound {\n      color: #6b46c1;\n      text-decoration: underline;\n      transition: color 0.3s ease;\n    }\n    a.outbound:hover {\n      color: #00c4b4;\n    }\n    @media (max-width: 768px) {\n      h1 {\n        font-size: 2.5rem;\n      }\n      h2 {\n        font-size: 1.8rem;\n      }\n      h3 {\n        font-size: 1.4rem;\n      }\n      section {\n        padding: 0 1.5rem;\n      }\n      .pricing-grid {\n        grid-template-columns: 1fr;\n      }\n      .cta-button {\n        padding: 1rem 2rem;\n        font-size: 1rem;\n      }\n    }\n  <\/style>\n<\/head>\n<body>\n  <header>\n    <h1>IPTV Nova - Votre r\u00e9volution du streaming en 2025<\/h1>\n    <p>Vivez une exp\u00e9rience de divertissement dynamique et fluide gr\u00e2ce \u00e0 un service de streaming de premier ordre !<\/p>\n    <a href=\"https:\/\/panel.novaiptv.org\/\" class=\"cta-button\" target=\"_blank\" rel=\"noopener\">D\u00e9marrez votre essai gratuit de 36 heures<\/a>\n  <\/header>\n\n  <section>\n    <h2>Qu&#039;est-ce que IPTV Nova ?<\/h2>\n    <p>IPTV Nova vous ouvre les portes d&#039;un univers de divertissement sans limites, avec plus de 18\u00a0000 cha\u00eenes de t\u00e9l\u00e9vision en direct et plus de 50\u00a0000 films, s\u00e9ries et \u00e9missions sp\u00e9ciales directement sur vos appareils. Gr\u00e2ce \u00e0 la technologie de pointe de t\u00e9l\u00e9vision par protocole Internet (IPTV), ce service vous dispense des abonnements co\u00fbteux au c\u00e2ble et vous offre un acc\u00e8s \u00e9conomique \u00e0 des contenus premium. En savoir plus <a href=\"https:\/\/www.techradar.com\/news\/what-is-iptv\" class=\"outbound\" target=\"_blank\" rel=\"noopener\">Comment fonctionne l&#039;IPTV ?<\/a> pour comprendre ses avantages par rapport \u00e0 la t\u00e9l\u00e9vision traditionnelle.<\/p>\n    <p>Des films \u00e0 succ\u00e8s aux \u00e9v\u00e9nements sportifs en direct et aux actualit\u00e9s internationales, <a href=\"https:\/\/novaiptv.to\/fr\/acheter-un-abonnement-iptv-aux-etats-unis-en-2025\/\">IPTV Nova<\/a> Elle r\u00e9pond aux passions de chaque t\u00e9l\u00e9spectateur. Son interface \u00e9l\u00e9gante et sa technologie de streaming performante garantissent que vos \u00e9missions pr\u00e9f\u00e9r\u00e9es sont toujours \u00e0 port\u00e9e de main, transformant ainsi votre exp\u00e9rience t\u00e9l\u00e9visuelle en 2025.<\/p>\n    <p>Que vous soyez cin\u00e9phile, passionn\u00e9 de sport ou parent \u00e0 la recherche de programmes pour enfants, ce service s&#039;adapte \u00e0 vos besoins. Gr\u00e2ce \u00e0 des formules flexibles et une configuration simple, <a href=\"https:\/\/novaiptv.to\/fr\/acheter-un-abonnement-iptv-aux-etats-unis-en-2025\/\">IPTV Nova<\/a> rend la suppression du c\u00e2ble simple et gratifiante.<\/p>\n  <\/section>\n\n  <section>\n    <h2>Pourquoi choisir ce service de streaming ?<\/h2>\n    <p>IPTV Nova r\u00e9volutionne votre exp\u00e9rience t\u00e9l\u00e9visuelle en alliant innovation et simplicit\u00e9 d&#039;utilisation. Voici ce qui la distingue dans l&#039;univers du streaming.<\/p>\n    <div class=\"feature-box\">\n      <span class=\"feature-icon\">\ud83d\udcfa<\/span>\n      <p><strong>Biblioth\u00e8que de contenu \u00e9tendue<\/strong>Acc\u00e9dez \u00e0 plus de 18\u00a0000 diffusions en direct <a href=\"https:\/\/novaiptv.to\/fr\/chaines\/\">cha\u00eenes<\/a>, couvrant le sport, l&#039;actualit\u00e9 mondiale et des programmes internationaux de niche pour une vari\u00e9t\u00e9 infinie.<\/p>\n    <\/div>\n    <div class=\"feature-box\">\n      <span class=\"feature-icon\">\ud83c\udfa5<\/span>\n      <p><strong>Bonheur \u00e0 la demande<\/strong>: Acc\u00e9dez \u00e0 plus de 50 000 films et s\u00e9ries, mis \u00e0 jour quotidiennement avec des succ\u00e8s comme *Wicked* et *Silo Saison 2*.<\/p>\n    <\/div>\n    <div class=\"feature-box\">\n      <span class=\"feature-icon\">\u26a1<\/span>\n      <p><strong>Streaming fluide<\/strong>Profitez d&#039;une qualit\u00e9 4K, FHD et HD avec une technologie antigel, m\u00eame sur un r\u00e9seau Wi-Fi standard.<\/p>\n    <\/div>\n    <div class=\"feature-box\">\n      <span class=\"feature-icon\">\ud83d\udce1<\/span>\n      <p><strong>Navigation intelligente<\/strong>Utilisez un guide \u00e9lectronique des programmes (EPG) intuitif et un enregistreur num\u00e9rique (DVR) dans le cloud pour enregistrer et regarder vos vid\u00e9os selon vos conditions.<\/p>\n    <\/div>\n    <div class=\"feature-box\">\n      <span class=\"feature-icon\">\ud83d\udee0\ufe0f<\/span>\n      <p><strong>Assistance 24h\/24 et 7j\/7<\/strong>B\u00e9n\u00e9ficiez d&#039;une assistance imm\u00e9diate par chat en direct, e-mail ou guides pour une exp\u00e9rience optimale.<\/p>\n    <\/div>\n    <p>Gr\u00e2ce \u00e0 une technologie avanc\u00e9e minimisant la mise en m\u00e9moire tampon et \u00e0 une conception privil\u00e9giant la simplicit\u00e9 d&#039;utilisation, IPTV Nova offre une exp\u00e9rience de visionnage de qualit\u00e9 sup\u00e9rieure. Curieux de conna\u00eetre les tendances du streaming\u00a0? Jetez un \u0153il ici. <a href=\"https:\/\/www.cnet.com\/tech\/services-and-software\/best-iptv-services-2023\/\" class=\"outbound\" target=\"_blank\" rel=\"noopener\">guide des meilleurs services IPTV<\/a> pour des informations sur le secteur.<\/p>\n    <a href=\"https:\/\/panel.novaiptv.org\/\" class=\"cta-button\" target=\"_blank\" rel=\"noopener\">D\u00e9couvrez la diff\u00e9rence<\/a>\n  <\/section>\n\n  <section>\n    <h2>Diffusion en continu sur tous les appareils<\/h2>\n    <p>Gr\u00e2ce \u00e0 la compatibilit\u00e9 universelle d&#039;IPTV Nova, vos divertissements vous suivent partout. Du home cin\u00e9ma aux appareils mobiles, profitez-en ! <a href=\"https:\/\/novaiptv.to\/fr\/embarking-on-the-iptv-odyssey\/\">streaming sans interruption<\/a> O\u00f9 que la vie vous m\u00e8ne.<\/p>\n    <h3>Appareils compatibles<\/h3>\n    <ul>\n      <li><a href=\"https:\/\/novaiptv.to\/fr\/meilleurs-lecteurs-iptv-2025\/\"><strong>T\u00e9l\u00e9viseurs intelligents<\/strong>:<\/a> Samsung, LG, Android TV et bien plus encore pour une exp\u00e9rience visuelle \u00e9poustouflante sur grand \u00e9cran.<\/li>\n      <li><strong>Appareils de streaming<\/strong>: <a href=\"https:\/\/novaiptv.to\/fr\/installez-protonvpn-sur-votre-fire-stick-en-2025\/\">Fire Stick<\/a>, Roku, Nvidia Shield et Formuler Z8 pour la portabilit\u00e9.<\/li>\n      <li><strong>Appareils mobiles<\/strong>Android et iOS pour le divertissement nomade.<\/li>\n      <li><strong>Ordinateurs<\/strong>Windows et Mac pour une flexibilit\u00e9 de diffusion en continu via navigateur.<\/li>\n      <li><a href=\"https:\/\/novaiptv.to\/fr\/android-tv-2025\/\"><strong>Applications IPTV<\/strong>:<\/a> Compatible avec IPTV Smarters Pro, TiviMate et d&#039;autres acteurs majeurs du secteur.<\/li>\n    <\/ul>\n    <p>L&#039;installation est un jeu d&#039;enfant\u00a0: t\u00e9l\u00e9chargez l&#039;application, saisissez votre code et commencez \u00e0 regarder en quelques minutes. Aucune installation complexe ni technicien n&#039;est n\u00e9cessaire. Pour des conseils sur l&#039;optimisation de votre configuration de streaming, consultez cette page. <a href=\"https:\/\/www.lifewire.com\/how-to-set-up-iptv-4173240\" class=\"outbound\" target=\"_blank\" rel=\"noopener\">Guide d&#039;installation IPTV<\/a>.<\/p>\n  <\/section>\n\n  <section>\n    <h2>Des forfaits abordables pour tous les t\u00e9l\u00e9spectateurs<\/h2>\n    <p>IPTV Nova propose des tarifs flexibles adapt\u00e9s \u00e0 tous les budgets, rendant ainsi le divertissement premium accessible \u00e0 tous. Essayez-le sans risque gr\u00e2ce \u00e0 un essai gratuit de 36 heures avant de vous engager.<\/p>\n    <div class=\"pricing-grid\">\n      <div class=\"pricing-card\">\n        <h3>1 mois<\/h3>\n        <p>$7.99<\/p>\n        <span class=\"highlight\">Essayez-le<\/span>\n        <p>Id\u00e9al pour explorer la vaste biblioth\u00e8que de contenu et profiter d&#039;un streaming fluide.<\/p>\n        <a href=\"https:\/\/panel.novaiptv.org\/\" class=\"cta-button\" target=\"_blank\" rel=\"noopener\">Choisir un forfait<\/a>\n      <\/div>\n      <div class=\"pricing-card\">\n        <h3>3 mois<\/h3>\n        <p>$22.99<\/p>\n        <span class=\"highlight\">\u00c9conomisez 40%<\/span>\n        <p>Id\u00e9al pour les t\u00e9l\u00e9spectateurs occasionnels recherchant des \u00e9conomies et de la flexibilit\u00e9.<\/p>\n        <a href=\"https:\/\/panel.novaiptv.org\/\" class=\"cta-button\" target=\"_blank\" rel=\"noopener\">Choisir un forfait<\/a>\n      <\/div>\n      <div class=\"pricing-card\">\n        <h3>6 mois<\/h3>\n        <p>$49.99<\/p>\n        <span class=\"highlight\">Excellent rapport qualit\u00e9-prix<\/span>\n        <p>Un engagement plus long pour des \u00e9conomies plus importantes et un plaisir sans interruption.<\/p>\n        <a href=\"https:\/\/panel.novaiptv.org\/\" class=\"cta-button\" target=\"_blank\" rel=\"noopener\">Choisir un forfait<\/a>\n      <\/div>\n      <div class=\"pricing-card\">\n        <h3>12 mois<\/h3>\n        <p>$69.99<\/p>\n        <span class=\"highlight\">Meilleure offre<\/span>\n        <p>B\u00e9n\u00e9ficiez du prix le plus bas pour un an d&#039;abonnement premium en streaming.<\/p>\n        <a href=\"https:\/\/panel.novaiptv.org\/\" class=\"cta-button\" target=\"_blank\" rel=\"noopener\">Choisir un forfait<\/a>\n      <\/div>\n    <\/div>\n    <p style=\"text-align: center; margin-top: 2rem;\">Pas encore pr\u00eat \u00e0 vous engager ? Commencez par notre <strong>36 heures gratuites <\/strong><a href=\"https:\/\/novaiptv.to\/fr\/essai-gratuit-diptv-canada-2025\/\">Essayez et d\u00e9couvrez pourquoi des millions de personnes choisissent l&#039;IPTV<\/a> Nova.<\/p>\n    <a href=\"https:\/\/panel.novaiptv.org\/\" class=\"cta-button\" style=\"display: block; text-align: center;\" target=\"_blank\" rel=\"noopener\">Essayez gratuitement d\u00e8s maintenant<\/a>\n  <\/section>\n\n  <section>\n    <h2>Le streaming avec IPTV Nova est-il s\u00fbr\u00a0?<\/h2>\n    <p>La s\u00e9curit\u00e9 et la fiabilit\u00e9 sont au c\u0153ur de ce service. <a href=\"https:\/\/novaiptv.to\/fr\/strategies-iptv-odyssey\/\">IPTV Nova vous permet de regarder en streaming<\/a> en toute confiance.<\/p>\n    <ul>\n      <li><strong>Contenu juridique<\/strong>: Enti\u00e8rement conforme aux droits de distribution de contenu pour un visionnage en toute s\u00e9r\u00e9nit\u00e9.<\/li>\n      <li><strong>Diffusion en continu s\u00e9curis\u00e9e<\/strong>Le chiffrement AES-256 bits prot\u00e8ge vos donn\u00e9es et vos transactions.<\/li>\n      <li><strong>Protection de la vie priv\u00e9e<\/strong>La prise en charge optionnelle d&#039;un VPN permet de prot\u00e9ger votre activit\u00e9 contre les fournisseurs d&#039;acc\u00e8s Internet.<\/li>\n      <li><strong>Performances fiables<\/strong>: Disponibilit\u00e9 de 99,91 % avec des serveurs de niveau 1 r\u00e9partis sur trois continents.<\/li>\n    <\/ul>\n    <p>Contrairement aux fournisseurs non v\u00e9rifi\u00e9s, IPTV Nova vous offre une exp\u00e9rience s\u00e9curis\u00e9e, l\u00e9gale et stable. Notre r\u00e9seau mondial de serveurs garantit des performances constantes, m\u00eame aux heures de pointe, pour que vous ne manquiez rien. Pour en savoir plus sur le streaming s\u00e9curis\u00e9, consultez ce lien. <a href=\"https:\/\/www.pcmag.com\/how-to\/how-to-safely-stream-content-with-iptv\" class=\"outbound\" target=\"_blank\" rel=\"noopener\">guide sur le streaming IPTV s\u00e9curis\u00e9<\/a>.<\/p>\n  <\/section>\n\n  <section>\n    <h2>Commencez votre aventure en streaming<\/h2>\n    <p>Rejoignez la r\u00e9volution du streaming en trois \u00e9tapes faciles\u00a0:<\/p>\n    <ol>\n      <li><strong>Visitez notre site<\/strong>: Allez \u00e0 <a href=\"https:\/\/novaiptv.to\/fr\/\">novaiptv.org<\/a> et choisissez un forfait ou un essai gratuit.<\/li>\n      <li><strong>T\u00e9l\u00e9charger une application<\/strong>: Installer <a href=\"https:\/\/novaiptv.to\/fr\/iptv-smarters-pro-lite-2025\/\">IPTV Smarters Pro<\/a>, TiviMate, ou un lecteur compatible.<\/li>\n      <li><strong>Activer et regarder<\/strong>Saisissez votre code pour d\u00e9bloquer plus de 18\u00a0000 cha\u00eenes et plus de 50\u00a0000 titres.<\/li>\n    <\/ol>\n    <p>Avec IPTV Nova, vous cr\u00e9ez des moments inoubliables : des soir\u00e9es cin\u00e9ma en famille, <a href=\"https:\/\/novaiptv.to\/fr\/meilleur-abonnement-iptv-pour-les-sports-en-direct\/\">sports en direct<\/a> Que vous recherchiez des sensations fortes ou que vous souhaitiez vous tenir au courant de l&#039;actualit\u00e9 internationale, notre interface intuitive permet m\u00eame aux novices de commencer \u00e0 regarder des programmes en streaming sans effort. Rejoignez les millions de personnes qui ont adopt\u00e9 la t\u00e9l\u00e9vision sans fil avec IPTV Nova en 2025.<\/p>\n    <a href=\"https:\/\/panel.novaiptv.org\/\" class=\"cta-button\" target=\"_blank\" rel=\"noopener\">Rejoignez la r\u00e9volution<\/a>\n  <\/section>\t\t\t\t<\/div>\n\t\t\t\t\t<\/div>\n\t\t\t\t<\/div>\n\t\t\t\t<\/div>","protected":false},"excerpt":{"rendered":"<p>IPTV Nova &#8211; Your 2025 Streaming Revolution Experience vibrant, seamless entertainment with a top-rated streaming service! Launch Your 36-Hour Free Trial What is IPTV Nova? IPTV Nova is your gateway to a boundless entertainment universe, delivering over 18,000 live TV&#8230;<\/p>","protected":false},"author":1,"featured_media":7782,"parent":0,"menu_order":0,"comment_status":"closed","ping_status":"closed","template":"","meta":{"footnotes":""},"class_list":["post-7773","page","type-page","status-publish","has-post-thumbnail","hentry"],"_links":{"self":[{"href":"https:\/\/novaiptv.to\/fr\/wp-json\/wp\/v2\/pages\/7773","targetHints":{"allow":["GET"]}}],"collection":[{"href":"https:\/\/novaiptv.to\/fr\/wp-json\/wp\/v2\/pages"}],"about":[{"href":"https:\/\/novaiptv.to\/fr\/wp-json\/wp\/v2\/types\/page"}],"author":[{"embeddable":true,"href":"https:\/\/novaiptv.to\/fr\/wp-json\/wp\/v2\/users\/1"}],"replies":[{"embeddable":true,"href":"https:\/\/novaiptv.to\/fr\/wp-json\/wp\/v2\/comments?post=7773"}],"version-history":[{"count":0,"href":"https:\/\/novaiptv.to\/fr\/wp-json\/wp\/v2\/pages\/7773\/revisions"}],"wp:featuredmedia":[{"embeddable":true,"href":"https:\/\/novaiptv.to\/fr\/wp-json\/wp\/v2\/media\/7782"}],"wp:attachment":[{"href":"https:\/\/novaiptv.to\/fr\/wp-json\/wp\/v2\/media?parent=7773"}],"curies":[{"name":"wp","href":"https:\/\/api.w.org\/{rel}","templated":true}]}}