{"id":9228,"date":"2025-11-02T12:17:08","date_gmt":"2025-11-02T12:17:08","guid":{"rendered":"https:\/\/novaiptv.to\/?page_id=9212"},"modified":"2025-12-09T10:24:58","modified_gmt":"2025-12-09T10:24:58","slug":"contact","status":"publish","type":"page","link":"https:\/\/novaiptv.to\/fr\/contact\/","title":{"rendered":"Contact"},"content":{"rendered":"<div data-elementor-type=\"wp-page\" data-elementor-id=\"9228\" class=\"elementor elementor-9228\" data-elementor-post-type=\"page\">\n\t\t\t\t<div class=\"elementor-element elementor-element-750f18a e-flex e-con-boxed e-con e-parent\" data-id=\"750f18a\" data-element_type=\"container\" data-e-type=\"container\">\n\t\t\t\t\t<div class=\"e-con-inner\">\n\t\t\t\t<div class=\"elementor-element elementor-element-ace0eec elementor-widget elementor-widget-html\" data-id=\"ace0eec\" data-element_type=\"widget\" data-e-type=\"widget\" data-widget_type=\"html.default\">\n\t\t\t\t\t<!DOCTYPE html>\n<html lang=\"en\">\n<head>\n  <meta charset=\"UTF-8\">\n  <title>Contactez le support officiel de NOVA IPTV<\/title>\n  <meta name=\"description\" content=\"Pour toute question relative \u00e0 vos abonnements IPTV, votre facturation, vos comptes ou tout probl\u00e8me technique, veuillez contacter le support officiel de NOVA IPTV. Cette page de contact appartient au domaine officiel novaiptv.to.\">\n  <meta name=\"viewport\" content=\"width=device-width, initial-scale=1.0\">\n\n  <style>\n    body {\n      margin: 0;\n      padding: 0;\n      font-family: system-ui, -apple-system, BlinkMacSystemFont, 'Segoe UI', sans-serif;\n      background: #050509;\n    }\n\n    \/* \u0631\u0648\u062a \u0645\u062e\u0635\u0648\u0635 \u0627\u06cc\u0646 \u0635\u0641\u062d\u0647 \u06a9\u0647 \u0647\u0645\u0647 \u0686\u06cc\u0632 \u0632\u06cc\u0631\u0634 \u06a9\u0646\u062a\u0631\u0644 \u0628\u0634\u0647 *\/\n    #nova-contact-page {\n      color: #ffffff;\n    }\n\n    \/* \u0647\u0645\u0647\u200c\u06cc \u0645\u062a\u0646\u200c\u0647\u0627 \u062f\u0627\u062e\u0644 \u0627\u06cc\u0646 \u0635\u0641\u062d\u0647 \u0631\u0648 \u0633\u0641\u06cc\u062f \u06a9\u0646 *\/\n    #nova-contact-page,\n    #nova-contact-page * {\n      color: #ffffff !important;\n      box-sizing: border-box;\n    }\n\n    \/* \u0644\u06cc\u0646\u06a9\u200c\u0647\u0627\u06cc \u0632\u0631\u062f *\/\n    #nova-contact-page a {\n      color: #ffd447 !important;\n      text-decoration: none;\n    }\n    #nova-contact-page a:hover {\n      text-decoration: underline;\n    }\n\n    \/* \u06a9\u0645\u06a9\u200c\u0645\u062a\u0646\u200c\u0647\u0627\u06cc \u062e\u0627\u06a9\u0633\u062a\u0631\u06cc \u0631\u0648\u0634\u0646 *\/\n    #nova-contact-page .form-helper,\n    #nova-contact-page .small-note {\n      color: #d0d0d0 !important;\n    }\n\n    .contact-page-wrapper {\n      min-height: 100vh;\n      padding: 40px 16px;\n      display: flex;\n      justify-content: center;\n    }\n\n    .contact-container {\n      width: 100%;\n      max-width: 1080px;\n      background:\n        linear-gradient(150deg, rgba(255,212,71,0.10), rgba(0,0,0,0.65) 60%),\n        linear-gradient(40deg, rgba(0,194,255,0.10), rgba(0,0,0,0.50) 70%),\n        #050509;\n      padding: 35px 28px;\n      border-radius: 18px;\n      border: 1px solid rgba(255,255,255,0.10);\n      box-shadow: 0 18px 38px rgba(0,0,0,0.55);\n    }\n\n    .contact-grid {\n      display: grid;\n      grid-template-columns: 1.2fr 1fr;\n      gap: 34px;\n    }\n    @media (max-width: 900px) {\n      .contact-grid {\n        grid-template-columns: 1fr;\n      }\n    }\n\n    .badge {\n      display: inline-block;\n      padding: 4px 12px;\n      background: rgba(255,212,71,0.15);\n      border: 1px solid rgba(255,212,71,0.45);\n      border-radius: 10px;\n      font-size: 12px;\n      text-transform: uppercase;\n      margin-bottom: 12px;\n    }\n\n    h1.contact-heading {\n      font-size: 28px;\n      margin: 0 0 8px;\n      font-weight: 700;\n    }\n\n    .contact-subtitle {\n      font-size: 14px;\n      margin-bottom: 20px;\n    }\n\n    .official-notice-box {\n      padding: 14px 16px;\n      border-radius: 12px;\n      background: rgba(10,12,22,0.9);\n      border: 1px solid rgba(255,255,255,0.12);\n      font-size: 13px;\n      line-height: 1.55;\n      margin-bottom: 22px;\n    }\n\n    .official-notice-box strong {\n      color: #ffd447 !important;\n    }\n\n    .contact-info-block h3 {\n      margin: 0 0 10px;\n      font-size: 17px;\n    }\n\n    .contact-info-list {\n      padding: 0;\n      list-style: none;\n      font-size: 14px;\n    }\n    .contact-info-list li {\n      margin-bottom: 8px;\n    }\n\n    .trust-badges {\n      margin-top: 25px;\n      padding: 18px;\n      background: rgba(255,255,255,0.05);\n      border-radius: 12px;\n      border: 1px solid rgba(255,255,255,0.12);\n      font-size: 14px;\n    }\n    .trust-badges h3 {\n      margin-top: 0;\n      font-size: 16px;\n      font-weight: 600;\n    }\n    .trust-badges ul {\n      list-style: none;\n      padding: 0;\n      margin: 10px 0 0 0;\n      line-height: 1.7;\n    }\n\n    .domain-info-footer {\n      margin-top: 20px;\n      padding-top: 12px;\n      border-top: 1px dashed rgba(255,255,255,0.18);\n      font-size: 12px;\n    }\n\n    \/* \u0641\u0631\u0645 \u0633\u0645\u062a \u0631\u0627\u0633\u062a *\/\n    .contact-form {\n      background: rgba(10,12,26,0.96);\n      padding: 20px;\n      border-radius: 14px;\n      border: 1px solid rgba(255,255,255,0.10);\n    }\n\n    .contact-form h2 {\n      margin: 0 0 10px;\n      font-size: 18px;\n    }\n\n    .form-row {\n      margin-bottom: 12px;\n    }\n\n    .form-label {\n      display: block;\n      font-size: 13px;\n      margin-bottom: 4px;\n    }\n\n    .form-input,\n    .form-textarea,\n    .form-select {\n      width: 100%;\n      padding: 10px;\n      background: rgba(5,6,15,0.95);\n      border: 1px solid rgba(255,255,255,0.16);\n      border-radius: 8px;\n      font-size: 13px;\n      color: #ffffff !important;\n    }\n\n    .form-textarea {\n      height: 110px;\n      resize: vertical;\n    }\n\n    .btn-submit {\n      background: linear-gradient(135deg, #ffd447, #ffb347);\n      color: #000000 !important;\n      padding: 10px 20px;\n      border-radius: 50px;\n      font-weight: 600;\n      border: none;\n      cursor: pointer;\n      font-size: 13px;\n      text-transform: uppercase;\n      letter-spacing: 0.06em;\n      margin-top: 5px;\n    }\n    .btn-submit:hover {\n      opacity: 0.9;\n    }\n  <\/style>\n<\/head>\n\n<body>\n<div id=\"nova-contact-page\">\n\n  <main class=\"contact-page-wrapper\">\n    <div class=\"contact-container\">\n      <div class=\"contact-grid\">\n\n        <!-- \u0633\u062a\u0648\u0646 \u0686\u067e: \u0645\u062a\u0646 + \u0627\u0639\u0644\u0627\u0646 \u062f\u0627\u0645\u0646\u0647 + \u06a9\u0627\u0646\u0627\u0644\u200c\u0647\u0627\u06cc \u062a\u0645\u0627\u0633 + Trust -->\n        <section>\n          <div class=\"badge\">Soutien officiel<\/div>\n\n          <h1 class=\"contact-heading\">Contactez NOVA IPTV<\/h1>\n          <p class=\"contact-subtitle\">\n            Contactez l&#039;\u00e9quipe d&#039;assistance officielle de NOVA IPTV pour toute question relative \u00e0 la facturation, aux probl\u00e8mes techniques, aux renouvellements et aux comptes.\n          <\/p>\n\n          <div class=\"official-notice-box\">\n            <strong>Avis officiel relatif au domaine\u00a0:<\/strong><br>\n            Le seul <a href=\"https:\/\/novaiptv.to\/fr\/what-is-nova-iptv\/\" title=\"Qu&#039;est-ce que NOVA IPTV\u00a0? Guide officiel (mise \u00e0 jour 2026)\"  data-wpil-monitor-id=\"109\">Domaine IPTV officiel et v\u00e9rifi\u00e9 pour NOVA<\/a><strong> IPTV<\/strong> est <strong>novaiptv.to<\/strong>.<br><br>\n            Consultez l&#039;annonce compl\u00e8te concernant la migration de domaine ici\u00a0:<br>\n            <a href=\"https:\/\/novaiptv.to\/fr\/a-propos-de-nova-iptv\/\">https:\/\/novaiptv.to\/about-nova-iptv\/<\/a>\n          <\/div>\n\n          <div class=\"contact-info-block\">\n            <h3>Canaux de contact privil\u00e9gi\u00e9s<\/h3>\n            <ul class=\"contact-info-list\">\n              <li>Telegram (Assistance)\u00a0:  \n                <a href=\"https:\/\/t.me\/HeadSupportcenter\" target=\"_blank\" rel=\"noopener noreferrer\">\n                  @HeadSupportcenter\n                <\/a>\n              <\/li>\n\n              <li>WhatsApp (ligne d&#039;assistance)\u00a0:  \n                <a href=\"https:\/\/wa.me\/447418355739\" target=\"_blank\" rel=\"noopener noreferrer\">\n                  +44 7418 355739\n                <\/a>\n              <\/li>\n\n              <li>Courriel (Assistance)\u00a0:  \n                <a href=\"mailto:support@novaiptv.to\">support@novaiptv.to<\/a>\n              <\/li>\n\n              <li>Courriel (Facturation)\u00a0:  \n                <a href=\"mailto:billing@novaiptv.to\">billing@novaiptv.to<\/a>\n              <\/li>\n            <\/ul>\n\n            <p class=\"form-helper\">\n              Faites confiance uniquement aux communications provenant du domaine <strong>novaiptv.to<\/strong> ou nos comptes Telegram\/WhatsApp v\u00e9rifi\u00e9s mentionn\u00e9s ci-dessus.\n            <\/p>\n          <\/div>\n\n          <!-- Trust Badges -->\n          <div class=\"trust-badges\">\n            <h3>Acc\u00e8s v\u00e9rifi\u00e9 et s\u00e9curis\u00e9<\/h3>\n            <ul>\n              <li>\u2714 Domaine officiel NOVA IPTV\u00a0: <strong>novaiptv.to<\/strong><\/li>\n              <li>\u2714 Assistance Telegram v\u00e9rifi\u00e9e\u00a0: <strong>@HeadSupportcenter<\/strong><\/li>\n              <li>\u2714 Ligne WhatsApp v\u00e9rifi\u00e9e\u00a0: <strong>+44 7418 355739<\/strong><\/li>\n              <li>\u2714 Site Web crypt\u00e9 SSL (HTTPS s\u00e9curis\u00e9)<\/li>\n              <li>\u2714 Protection contre la fraude : Nous n&#039;offrons pas d&#039;assistance via d&#039;autres domaines ou num\u00e9ros de t\u00e9l\u00e9phone.<\/li>\n            <\/ul>\n          <\/div>\n\n          <div class=\"domain-info-footer\">\n            Pour conna\u00eetre l&#039;identit\u00e9 de marque compl\u00e8te et l&#039;historique du domaine, veuillez consulter\u00a0:<br>\n            <a href=\"https:\/\/novaiptv.to\/fr\/a-propos-de-nova-iptv\/\">Informations officielles sur le domaine NOVA IPTV<\/a>\n          <\/div>\n        <\/section>\n\n        <!-- \u0633\u062a\u0648\u0646 \u0631\u0627\u0633\u062a: \u0641\u0631\u0645 \u062a\u0645\u0627\u0633 -->\n        <section>\n          <form class=\"contact-form\" action=\"#\" method=\"post\" data-trp-original-action=\"#\">\n            <h2>Envoyez-nous un message<\/h2>\n            <p class=\"small-note\">Notre \u00e9quipe d&#039;assistance vous r\u00e9pondra dans les plus brefs d\u00e9lais.<\/p>\n\n            <div class=\"form-row\">\n              <label class=\"form-label\">Nom et pr\u00e9nom *<\/label>\n              <input class=\"form-input\" type=\"text\" name=\"name\" required>\n            <\/div>\n\n            <div class=\"form-row\">\n              <label class=\"form-label\">Adresse courriel *<\/label>\n              <input class=\"form-input\" type=\"email\" name=\"email\" required>\n            <\/div>\n\n            <div class=\"form-row\">\n              <label class=\"form-label\">Sujet *<\/label>\n              <select class=\"form-select\" name=\"topic\" required>\n                <option value=\"\">S\u00e9lectionner\u2026<\/option>\n                <option value=\"subscription\">Abonnement \/ Renouvellement<\/option>\n                <option value=\"technical\">Probl\u00e8me technique<\/option>\n                <option value=\"billing\">Question de facturation<\/option>\n                <option value=\"reseller\">Revendeur<\/option>\n                <option value=\"other\">Autre<\/option>\n              <\/select>\n            <\/div>\n\n            <div class=\"form-row\">\n              <label class=\"form-label\">Message *<\/label>\n              <textarea class=\"form-textarea\" name=\"message\" required><\/textarea>\n            <\/div>\n\n            <button class=\"btn-submit\" type=\"submit\">Envoyer un message<\/button>\n          <input type=\"hidden\" name=\"trp-form-language\" value=\"fr\"\/><\/form>\n        <\/section>\n\n      <\/div>\n    <\/div>\n  <\/main>\n\n<\/div>\n<\/body>\n<\/html>\t\t\t\t<\/div>\n\t\t\t\t\t<\/div>\n\t\t\t\t<\/div>\n\t\t<div class=\"elementor-element elementor-element-2656a29b e-flex e-con-boxed e-con e-parent\" data-id=\"2656a29b\" data-element_type=\"container\" data-e-type=\"container\">\n\t\t\t\t\t<div class=\"e-con-inner\">\n\t\t\t\t\t<\/div>\n\t\t\t\t<\/div>\n\t\t\t\t<\/div>","protected":false},"excerpt":{"rendered":"<p>Contact NOVA IPTV \u2013 Official Support Official Support Contact NOVA IPTV Reach the official NOVA IPTV support team for billing, technical issues, renewals, and account questions. Official Domain Notice: The only official and verified IPTV domain for NOVA IPTV is&#8230;<\/p>","protected":false},"author":1,"featured_media":0,"parent":0,"menu_order":0,"comment_status":"closed","ping_status":"closed","template":"","meta":{"footnotes":""},"class_list":["post-9228","page","type-page","status-publish","hentry"],"_links":{"self":[{"href":"https:\/\/novaiptv.to\/fr\/wp-json\/wp\/v2\/pages\/9228","targetHints":{"allow":["GET"]}}],"collection":[{"href":"https:\/\/novaiptv.to\/fr\/wp-json\/wp\/v2\/pages"}],"about":[{"href":"https:\/\/novaiptv.to\/fr\/wp-json\/wp\/v2\/types\/page"}],"author":[{"embeddable":true,"href":"https:\/\/novaiptv.to\/fr\/wp-json\/wp\/v2\/users\/1"}],"replies":[{"embeddable":true,"href":"https:\/\/novaiptv.to\/fr\/wp-json\/wp\/v2\/comments?post=9228"}],"version-history":[{"count":5,"href":"https:\/\/novaiptv.to\/fr\/wp-json\/wp\/v2\/pages\/9228\/revisions"}],"predecessor-version":[{"id":10045,"href":"https:\/\/novaiptv.to\/fr\/wp-json\/wp\/v2\/pages\/9228\/revisions\/10045"}],"wp:attachment":[{"href":"https:\/\/novaiptv.to\/fr\/wp-json\/wp\/v2\/media?parent=9228"}],"curies":[{"name":"wp","href":"https:\/\/api.w.org\/{rel}","templated":true}]}}