{"id":4300,"date":"2024-05-05T10:23:33","date_gmt":"2024-05-05T10:23:33","guid":{"rendered":"https:\/\/novaiptv.org\/?page_id=4300"},"modified":"2025-12-09T10:24:50","modified_gmt":"2025-12-09T10:24:50","slug":"iptv-smarters-pro-2025","status":"publish","type":"page","link":"https:\/\/novaiptv.to\/it\/iptv-smarters-pro-2025\/","title":{"rendered":"IPTV Smarters Pro"},"content":{"rendered":"<div data-elementor-type=\"wp-page\" data-elementor-id=\"4300\" class=\"elementor elementor-4300\" data-elementor-post-type=\"page\">\n\t\t\t\t<div class=\"elementor-element elementor-element-86bbb2b e-flex e-con-boxed e-con e-parent\" data-id=\"86bbb2b\" data-element_type=\"container\" data-e-type=\"container\">\n\t\t\t\t\t<div class=\"e-con-inner\">\n\t\t\t\t<div class=\"elementor-element elementor-element-90e6556 elementor-widget elementor-widget-html\" data-id=\"90e6556\" data-element_type=\"widget\" data-e-type=\"widget\" data-widget_type=\"html.default\">\n\t\t\t\t\t<!DOCTYPE html>\n<html lang=\"en\">\n<head>\n    <meta charset=\"UTF-8\">\n    <meta name=\"viewport\" content=\"width=device-width, initial-scale=1.0\">\n    <title>IPTV Smarters Pro - Guida completa alla configurazione<\/title>\n    <style>\n        :root {\n            --primary-color: #00b0ff;\n            --secondary-color: #3d5afe;\n            --dark-color: #333333;\n            --light-color: #F3F3F3;\n            --text-color: #333333;\n            --light-text: #F3F3F3;\n            --success-color: #00c853;\n            --warning-color: #ff9100;\n        }\n        \n        * {\n            margin: 0;\n            padding: 0;\n            box-sizing: border-box;\n            font-family: 'Segoe UI', Tahoma, Geneva, Verdana, sans-serif;\n        }\n        \n        body {\n            background-color: var(--light-color);\n            color: var(--text-color);\n            line-height: 1.6;\n        }\n        \n        .container {\n            max-width: 1000px;\n            margin: 0 auto;\n            padding: 0 20px;\n        }\n        \n        \/* Header Styles *\/\n        .header {\n            background: linear-gradient(135deg, var(--primary-color), var(--secondary-color));\n            color: white;\n            padding: 40px 0;\n            text-align: center;\n            border-bottom-left-radius: 30px;\n            border-bottom-right-radius: 30px;\n            box-shadow: 0 5px 15px rgba(0, 0, 0, 0.2);\n            margin-bottom: 30px;\n        }\n        \n        .logo-container {\n            display: flex;\n            justify-content: center;\n            align-items: center;\n            margin-bottom: 20px;\n        }\n        \n        .logo {\n            width: 120px;\n            height: 120px;\n            background-color: white;\n            border-radius: 20px;\n            display: flex;\n            justify-content: center;\n            align-items: center;\n            box-shadow: 0 10px 20px rgba(0, 0, 0, 0.2);\n        }\n        \n        .logo svg {\n            width: 70px;\n            height: 70px;\n            fill: var(--primary-color);\n        }\n        \n        .header h1 {\n            font-size: 2.5rem;\n            margin-bottom: 10px;\n            text-shadow: 0 2px 4px rgba(0,0,0,0.2);\n        }\n        \n        .header p {\n            font-size: 1.2rem;\n            opacity: 0.9;\n            max-width: 600px;\n            margin: 0 auto;\n        }\n        \n        \/* Main Content Styles *\/\n        .main-content {\n            padding: 20px 0 50px;\n        }\n        \n        .section {\n            background-color: white;\n            border-radius: 15px;\n            padding: 25px;\n            margin-bottom: 30px;\n            box-shadow: 0 5px 15px rgba(0, 0, 0, 0.1);\n            position: relative;\n            border-left: 4px solid var(--primary-color);\n            transition: transform 0.3s ease, box-shadow 0.3s ease;\n        }\n        \n        .section:hover {\n            transform: translateY(-5px);\n            box-shadow: 0 10px 25px rgba(0, 0, 0, 0.15);\n        }\n        \n        .section h2 {\n            color: var(--primary-color);\n            margin-bottom: 20px;\n            font-size: 1.8rem;\n        }\n        \n        .section h3 {\n            color: var(--secondary-color);\n            margin: 25px 0 15px;\n            font-size: 1.4rem;\n        }\n        \n        .section p {\n            margin-bottom: 15px;\n        }\n        \n        .features-grid {\n            display: grid;\n            grid-template-columns: repeat(auto-fill, minmax(300px, 1fr));\n            gap: 20px;\n            margin: 25px 0;\n        }\n        \n        .feature-card {\n            background-color: var(--light-color);\n            padding: 15px;\n            border-radius: 10px;\n            border-left: 3px solid var(--primary-color);\n        }\n        \n        .feature-card h4 {\n            color: var(--secondary-color);\n            margin-bottom: 10px;\n        }\n        \n        \/* Lists *\/\n        ul, ol {\n            margin-left: 25px;\n            margin-bottom: 20px;\n        }\n        \n        li {\n            margin-bottom: 10px;\n        }\n        \n        \/* Callouts *\/\n        .note, .tip {\n            padding: 15px;\n            margin: 20px 0;\n            border-radius: 10px;\n        }\n        \n        .note {\n            background-color: rgba(255, 145, 0, 0.1);\n            border-left: 3px solid var(--warning-color);\n        }\n        \n        .tip {\n            background-color: rgba(0, 200, 83, 0.1);\n            border-left: 3px solid var(--success-color);\n        }\n        \n        .note-title, .tip-title {\n            font-weight: bold;\n            margin-bottom: 5px;\n        }\n        \n        .note-title {\n            color: var(--warning-color);\n        }\n        \n        .tip-title {\n            color: var(--success-color);\n        }\n        \n        \/* Highlight *\/\n        .highlight {\n            color: var(--primary-color);\n            font-weight: 600;\n        }\n        \n        \/* Platform Sections *\/\n        .platform-section {\n            background-color: var(--light-color);\n            padding: 15px;\n            border-radius: 10px;\n            margin: 15px 0;\n        }\n        \n        \/* Footer *\/\n        .footer {\n            text-align: center;\n            padding: 30px 0;\n            color: #666;\n            font-size: 0.9rem;\n            margin-top: 30px;\n            border-top: 1px solid #ddd;\n        }\n        \n        \/* Download Button *\/\n        .download-button {\n            display: inline-block;\n            background: linear-gradient(45deg, var(--primary-color), var(--secondary-color));\n            color: white;\n            padding: 10px 20px;\n            border-radius: 30px;\n            text-decoration: none;\n            margin: 15px 0;\n            box-shadow: 0 4px 10px rgba(0, 0, 0, 0.2);\n            transition: transform 0.3s ease, box-shadow 0.3s ease;\n        }\n        \n        .download-button:hover {\n            transform: translateY(-3px);\n            box-shadow: 0 6px 15px rgba(0, 0, 0, 0.3);\n        }\n        \n        \/* Responsive Design *\/\n        @media (max-width: 768px) {\n            .header {\n                padding: 30px 0;\n            }\n            \n            .logo {\n                width: 100px;\n                height: 100px;\n            }\n            \n            .header h1 {\n                font-size: 2rem;\n            }\n            \n            .section {\n                padding: 20px;\n            }\n            \n            .features-grid {\n                grid-template-columns: 1fr;\n            }\n        }\n    <\/style>\n<\/head>\n<body>\n    <!-- Header Section -->\n    <header class=\"header\">\n        <div class=\"container\">\n            <div class=\"logo-container\">\n                <div class=\"logo\">\n                    <svg viewbox=\"0 0 24 24\" xmlns=\"http:\/\/www.w3.org\/2000\/svg\">\n                        <path d=\"M21,17H3V5H21M21,3H3A2,2 0 0,0 1,5V17A2,2 0 0,0 3,19H8V21H16V19H21A2,2 0 0,0 23,17V5A2,2 0 0,0 21,3M9,7H15V15H9V7M10,8V14H14V8H10Z\" \/>\n                    <\/svg>\n                <\/div>\n            <\/div>\n            <h1>IPTV Smarters Pro<\/h1>\n            <p>Il tuo compagno definitivo per lo streaming video<\/p>\n        <\/div>\n    <\/header>\n    \n    <!-- Main Content -->\n    <div class=\"main-content\">\n        <div class=\"container\">\n            <!-- Introduction Section -->\n            <div class=\"section\">\n                <h2>Introduzione<\/h2>\n                <p>IPTV Smarters Pro non \u00e8 solo un normale lettore video; \u00e8 la tua porta d&#039;accesso a un mondo di intrattenimento senza interruzioni. Che tu sia appassionato di TV in diretta, film, serie TV o radio, questa app rivoluziona il modo in cui fruisci dei contenuti sui tuoi dispositivi preferiti.<\/p>\n                <p>Compatibile con Android, iOS, Windows, MacOS, browser Web, Smart TV e altro ancora, Smarters Pro garantisce un&#039;esperienza visiva senza pari su diverse piattaforme.<\/p>\n                <div style=\"text-align: center; margin-top: 20px;\">\n                    <a href=\"https:\/\/apps.apple.com\/in\/app\/smarters-player-lite\/id1628995509\" class=\"download-button\" target=\"_blank\" rel=\"noopener\">Scarica per iOS\/iPadOS<\/a>\n                    <a href=\"https:\/\/www.iptvsmarters.com\/iptv-smarters-4.0.5.apk\" class=\"download-button\" style=\"margin-left: 10px;\" target=\"_blank\" rel=\"noopener\">Scarica per Android<\/a>\n                <\/div>\n            <\/div>\n            \n            <!-- Features Section -->\n            <div class=\"section\">\n                <h2>Caratteristiche principali<\/h2>\n                <div class=\"features-grid\">\n                    <div class=\"feature-card\">\n                        <h4>Contenuti diversi<\/h4>\n                        <p>Goditi lo streaming di TV in diretta, film, serie e radio, tutto in un&#039;unica app.<\/p>\n                    <\/div>\n                    \n                    <div class=\"feature-card\">\n                        <h4>Design elegante<\/h4>\n                        <p>Scopri un layout innovativo e un&#039;interfaccia intuitiva che migliora la navigazione e l&#039;usabilit\u00e0.<\/p>\n                    <\/div>\n                    \n                    <div class=\"feature-card\">\n                        <h4>Ricerca efficiente<\/h4>\n                        <p>Trova i tuoi contenuti preferiti senza sforzo grazie alla funzione di ricerca principale.<\/p>\n                    <\/div>\n                    \n                    <div class=\"feature-card\">\n                        <h4>EPG migliorata<\/h4>\n                        <p>Stay <a href=\"https:\/\/novaiptv.to\/it\/cose-nova-iptv\/\" title=\"Cos&#039;\u00e8 NOVA IPTV? Guida ufficiale (aggiornamento 2026)\" data-wpil-monitor-id=\"107\">updated with TV Program Guide<\/a> improvements and support for external sources.<\/p>\n                    <\/div>\n                    \n                    <div class=\"feature-card\">\n                        <h4>Buffer personalizzabile<\/h4>\n                        <p>Regola la dimensione del buffer per il lettore video in base alle tue preferenze.<\/p>\n                    <\/div>\n                    \n                    <div class=\"feature-card\">\n                        <h4>Controllo genitori<\/h4>\n                        <p>Garantisci un&#039;esperienza di visione sicura con le funzionalit\u00e0 di controllo parentale integrate.<\/p>\n                    <\/div>\n                    \n                    <div class=\"feature-card\">\n                        <h4>Streaming conveniente<\/h4>\n                        <p>Approfitta dello streaming TV Catch Up, del supporto Continua a guardare e dei film e serie aggiunti di recente.<\/p>\n                    <\/div>\n                    \n                    <div class=\"feature-card\">\n                        <h4>Esperienza multischermo<\/h4>\n                        <p>Goditi il supporto multischermo e multiutente con vari miglioramenti.<\/p>\n                    <\/div>\n                    \n                    <div class=\"feature-card\">\n                        <h4>Supporto versatile per playlist<\/h4>\n                        <p>Carica facilmente file M3U o URL e riproduci file audio\/video locali senza interruzioni.<\/p>\n                    <\/div>\n                    \n                    <div class=\"feature-card\">\n                        <h4>VPN integrata<\/h4>\n                        <p>Proteggi la tua privacy e la tua sicurezza con l&#039;integrazione VPN per uno streaming sicuro.<\/p>\n                    <\/div>\n                    \n                    <div class=\"feature-card\">\n                        <h4>Compatibilit\u00e0 con lettori esterni<\/h4>\n                        <p>Integra perfettamente i lettori esterni per un&#039;esperienza di visualizzazione personalizzata.<\/p>\n                    <\/div>\n                    \n                    <div class=\"feature-card\">\n                        <h4>Immagine nell&#039;immagine<\/h4>\n                        <p>Sfrutta il multitasking con il supporto picture-in-picture.<\/p>\n                    <\/div>\n                <\/div>\n            <\/div>\n            \n            <!-- Setup Guide Section -->\n            <div class=\"section\">\n                <h2>Guida all&#039;installazione<\/h2>\n                \n                <h3>Passaggio 1: connettersi a Internet<\/h3>\n                <p>Assicurati che il tuo dispositivo sia connesso a Internet, tramite Wi-Fi o cavo Ethernet.<\/p>\n                \n                <div class=\"tip\">\n                    <p class=\"tip-title\">Suggerimento professionale<\/p>\n                    <p>Per un&#039;esperienza di streaming ottimale, si consiglia di utilizzare una connessione Ethernet per ottenere velocit\u00e0 pi\u00f9 stabili, soprattutto per i contenuti HD o 4K.<\/p>\n                <\/div>\n                \n                <h3>Passaggio 2: installa IPTV Smarters Pro<\/h3>\n                \n                <div class=\"platform-section\">\n                    <h4>Per dispositivi iOS\/iPadOS:<\/h4>\n                    <ol>\n                        <li>Visita l&#039;App Store o usa questo link diretto: <a href=\"https:\/\/apps.apple.com\/in\/app\/smarters-player-lite\/id1628995509\" target=\"_blank\" rel=\"noopener\">Scarica IPTV Smarters Player Lite<\/a><\/li>\n                        <li>Tocca &quot;Ottieni&quot; per scaricare e installare l&#039;app<\/li>\n                        <li>Attendi il completamento dell&#039;installazione e poi apri l&#039;app<\/li>\n                    <\/ol>\n                <\/div>\n                \n                <div class=\"platform-section\">\n                    <h4>Per dispositivi Android:<\/h4>\n                    <ol>\n                        <li>Scarica l&#039;APK direttamente da: <a href=\"https:\/\/www.iptvsmarters.com\/iptv-smarters-4.0.5.apk\" target=\"_blank\" rel=\"noopener\">IPTV Smarters Pro 4.0.5<\/a><\/li>\n                        <li>Apri il <a href=\"https:\/\/novaiptv.to\/it\/nuova-iptv\/\">APK scaricato<\/a> file<\/li>\n                        <li>Se richiesto, abilita l&#039;installazione da fonti sconosciute nelle impostazioni del dispositivo<\/li>\n                        <li>Seguire le istruzioni sullo schermo per completare l&#039;installazione<\/li>\n                        <li>Una volta completata l&#039;installazione, apri l&#039;app<\/li>\n                    <\/ol>\n                <\/div>\n                \n                <div class=\"platform-section\">\n                    <h4>Per altre piattaforme:<\/h4>\n                    <p>Visita il sito ufficiale <a href=\"https:\/\/novaiptv.to\/it\/iptv\/usa\/\" title=\"IPTV USA 2025 \u2013 La guida definitiva a Nova IPTV (migliori piani, dispositivi e configurazione)\" data-wpil-monitor-id=\"105\">IPTV Smarters Pro<\/a> sito web per scaricare la versione adatta al tuo dispositivo (Windows, MacOS, ecc.).<\/p>\n                <\/div>\n                \n                <div class=\"note\">\n                    <p class=\"note-title\">Nota<\/p>\n                    <p>Alcune versioni potrebbero offrire funzionalit\u00e0 gratuite con funzionalit\u00e0 limitate e versioni premium con funzionalit\u00e0 avanzate. Scegli in base alle tue esigenze.<\/p>\n                <\/div>\n                \n                <h3>Passaggio 3: configura IPTV Smarters Pro<\/h3>\n                <p>Una volta installata l&#039;app, \u00e8 necessario configurarla con il tuo <a class=\"wpil_keyword_link\" href=\"https:\/\/novaiptv.to\/it\/\" title=\"Abbonamento IPTV\" data-wpil-keyword-link=\"linked\">Abbonamento IPTV<\/a> dettagli:<\/p>\n                \n                <ol>\n                    <li>Avvia IPTV Smarters Pro<\/li>\n                    <li>Ti verr\u00e0 chiesto di inserire il tuo <a class=\"wpil_keyword_link\" href=\"https:\/\/novaiptv.to\/it\/confronto-dei-costi-iptv-vs-cavo-2025\/\" title=\"Abbonamento IPTV vs Cavo: Confronto dei costi 2025 \u2013 Risparmia di pi\u00f9\" data-wpil-keyword-link=\"linked\" data-wpil-monitor-id=\"8\">Abbonamento IPTV<\/a> informazioni, che in genere includono:\n                        <ul>\n                            <li><span class=\"highlight\">URL del fornitore del servizio IPTV<\/span> (lo riceverai nella tua casella di posta dopo il pagamento)<\/li>\n                            <li>Nome utente e password<\/li>\n                        <\/ul>\n                    <\/li>\n                    <li>Inserisci i dettagli richiesti e segui le istruzioni sullo schermo per completare la configurazione<\/li>\n                <\/ol>\n                \n                <div class=\"tip\">\n                    <p class=\"tip-title\">Suggerimento professionale<\/p>\n                    <p>Quando ricevi i dettagli del tuo abbonamento, fai uno screenshot oppure salvali in un&#039;app sicura per prendere appunti per riferimento futuro.<\/p>\n                <\/div>\n                \n                <h3>Passaggio 4: aggiungere canali IPTV<\/h3>\n                <p>Dopo aver impostato l&#039;abbonamento, dovrai aggiungere <a href=\"https:\/\/novaiptv.to\/it\/android-tv-2025\/\">Canali IPTV per l&#039;app:<\/a><\/p>\n                \n                <ol>\n                    <li>Nel menu principale dell&#039;app, cerca opzioni come <span class=\"highlight\">\"&quot;Aggiungi playlist&quot;\"<\/span> O <span class=\"highlight\">\"&quot;Aggiungi canali&quot;\"<\/span><\/li>\n                    <li>Inserisci l&#039;URL o il collegamento alla playlist M3U fornito dal tuo fornitore di servizi IPTV<\/li>\n                    <li>Dai alla playlist un nome riconoscibile<\/li>\n                    <li>L&#039;app recuperer\u00e0 le informazioni del canale<\/li>\n                <\/ol>\n                \n                <div class=\"note\">\n                    <p class=\"note-title\">Nota<\/p>\n                    <p>IPTV Smarters Pro supporta pi\u00f9 playlist, consentendoti di organizzare i canali in base a categorie o provider.<\/p>\n                <\/div>\n                \n                <h3>Fase 5: goditi i tuoi contenuti<\/h3>\n                <p>Dopo aver aggiunto la playlist, puoi iniziare <a href=\"https:\/\/novaiptv.to\/it\/iptv\/uk\/\" title=\"IPTV UK 2025 \u2013 Guarda la Premier League e altro con Nova IPTV\" data-wpil-monitor-id=\"161\">guardando la tua IPTV<\/a> canali:<\/p>\n                \n                <ol>\n                    <li>Vai al menu principale dell&#039;app o alla schermata iniziale<\/li>\n                    <li>Sfoglia l&#039;elenco dei canali e seleziona il canale che desideri guardare<\/li>\n                    <li>Esplora funzionalit\u00e0 aggiuntive come preferiti, categorie di canali e la Guida elettronica ai programmi (EPG)<\/li>\n                <\/ol>\n            <\/div>\n            \n            <!-- Advanced Features Section -->\n            <div class=\"section\">\n                <h2>Funzionalit\u00e0 avanzate<\/h2>\n                \n                <h3>Utilizzo della modalit\u00e0 Picture-in-Picture<\/h3>\n                <ol>\n                    <li>Inizia a riprodurre qualsiasi contenuto video<\/li>\n                    <li>Cerca l&#039;icona PiP nei controlli del lettore o usa il pulsante Home (sui dispositivi supportati)<\/li>\n                    <li>Il video continuer\u00e0 a essere riprodotto in una piccola finestra mentre utilizzi altre app<\/li>\n                <\/ol>\n                \n                <h3>Impostazione del controllo genitori<\/h3>\n                <ol>\n                    <li>Vai alle impostazioni dell&#039;app<\/li>\n                    <li>Cerca &quot;Controllo genitori&quot; o &quot;Restrizioni&quot;\"<\/li>\n                    <li>Imposta un PIN e configura le restrizioni sui contenuti in base alle tue preferenze<\/li>\n                <\/ol>\n                \n                <h3>Trasmissione alla TV con Chromecast<\/h3>\n                <ol>\n                    <li>Assicurati che il tuo dispositivo Chromecast sia sulla stessa rete Wi-Fi del tuo dispositivo<\/li>\n                    <li>Apri qualsiasi video in IPTV Smarters Pro<\/li>\n                    <li>Tocca l&#039;icona Chromecast nel lettore<\/li>\n                    <li>Seleziona il tuo dispositivo Chromecast dall&#039;elenco<\/li>\n                <\/ol>\n                \n                <h3>Gestione dei download<\/h3>\n                <ol>\n                    <li>Trova il contenuto che desideri scaricare<\/li>\n                    <li>Cerca l&#039;icona o l&#039;opzione di download<\/li>\n                    <li>Seleziona la qualit\u00e0 preferita (se disponibile)<\/li>\n                    <li>Accedi ai tuoi download dalla sezione dedicata &quot;Download&quot;<\/li>\n                <\/ol>\n            <\/div>\n            \n            <!-- Troubleshooting Section -->\n            <div class=\"section\">\n                <h2>Suggerimenti per la risoluzione dei problemi<\/h2>\n                \n                <h3>Problemi di buffering<\/h3>\n                <ul>\n                    <li>Controlla la velocit\u00e0 della tua connessione Internet<\/li>\n                    <li>Ridurre la qualit\u00e0 del video se necessario<\/li>\n                    <li>Regola la dimensione del buffer nelle impostazioni dell&#039;app<\/li>\n                    <li>Se possibile, utilizzare una connessione Ethernet anzich\u00e9 Wi-Fi<\/li>\n                <\/ul>\n                \n                <h3>Problemi di accesso<\/h3>\n                <ul>\n                    <li>Verifica il tuo nome utente e password<\/li>\n                    <li>Controlla se il tuo abbonamento \u00e8 attivo<\/li>\n                    <li>Contatta il tuo fornitore di servizi IPTV<\/li>\n                <\/ul>\n                \n                <h3>Problemi di riproduzione<\/h3>\n                <ul>\n                    <li>Aggiorna l&#039;app all&#039;ultima versione<\/li>\n                    <li>Cancella la cache dell&#039;app<\/li>\n                    <li>Prova a usare un lettore esterno<\/li>\n                    <li>Verifica che il tuo dispositivo soddisfi i requisiti minimi<\/li>\n                <\/ul>\n            <\/div>\n        <\/div>\n    <\/div>\n    \n    <!-- Footer -->\n    <footer class=\"footer\">\n        <div class=\"container\">\n            <p>\u00a9 2025 <a href=\"https:\/\/novaiptv.to\/it\/iptv-smarters-samsung-smart-tv\/\">IPTV Smarters<\/a> Guida Pro | Questa guida \u00e8 solo a scopo didattico<\/p>\n            <p>Si prega di rispettare le leggi sul copyright e i termini di <a href=\"https:\/\/novaiptv.to\/it\/iptv\/hrvatska\/\" title=\"IPTV Hrvatska 2025 \u2013 Il miglior servizio IPTV in Croazia\" data-wpil-monitor-id=\"44\">servizio quando si utilizza IPTV<\/a> servizi.<\/p>\n        <\/div>\n    <\/footer>\n<\/body>\n<\/html>\t\t\t\t<\/div>\n\t\t\t\t\t<\/div>\n\t\t\t\t<\/div>\n\t\t\t\t<\/div>","protected":false},"excerpt":{"rendered":"<p>IPTV Smarters Pro &#8211; Complete Setup Guide IPTV Smarters Pro Your Ultimate Video Streaming Companion Introduction IPTV Smarters Pro isn&#8217;t just your ordinary video player; it&#8217;s your gateway to a world of seamless entertainment. Whether you&#8217;re into Live TV, Movies,&#8230;<\/p>","protected":false},"author":1,"featured_media":0,"parent":0,"menu_order":0,"comment_status":"closed","ping_status":"closed","template":"","meta":{"footnotes":""},"class_list":["post-4300","page","type-page","status-publish","hentry"],"_links":{"self":[{"href":"https:\/\/novaiptv.to\/it\/wp-json\/wp\/v2\/pages\/4300","targetHints":{"allow":["GET"]}}],"collection":[{"href":"https:\/\/novaiptv.to\/it\/wp-json\/wp\/v2\/pages"}],"about":[{"href":"https:\/\/novaiptv.to\/it\/wp-json\/wp\/v2\/types\/page"}],"author":[{"embeddable":true,"href":"https:\/\/novaiptv.to\/it\/wp-json\/wp\/v2\/users\/1"}],"replies":[{"embeddable":true,"href":"https:\/\/novaiptv.to\/it\/wp-json\/wp\/v2\/comments?post=4300"}],"version-history":[{"count":1,"href":"https:\/\/novaiptv.to\/it\/wp-json\/wp\/v2\/pages\/4300\/revisions"}],"predecessor-version":[{"id":10044,"href":"https:\/\/novaiptv.to\/it\/wp-json\/wp\/v2\/pages\/4300\/revisions\/10044"}],"wp:attachment":[{"href":"https:\/\/novaiptv.to\/it\/wp-json\/wp\/v2\/media?parent=4300"}],"curies":[{"name":"wp","href":"https:\/\/api.w.org\/{rel}","templated":true}]}}