{"id":4079,"date":"2024-02-01T16:01:25","date_gmt":"2024-02-01T16:01:25","guid":{"rendered":"https:\/\/novaiptv.org\/?page_id=4079"},"modified":"2024-02-01T16:01:25","modified_gmt":"2024-02-01T16:01:25","slug":"vilkar","status":"publish","type":"page","link":"https:\/\/novaiptv.to\/nb\/vilkar\/","title":{"rendered":"Terms NOVA IPTV"},"content":{"rendered":"<div data-elementor-type=\"wp-page\" data-elementor-id=\"4079\" class=\"elementor elementor-4079\" data-elementor-post-type=\"page\">\n\t\t\t\t<div class=\"elementor-element elementor-element-604deb6 e-flex e-con-boxed e-con e-parent\" data-id=\"604deb6\" data-element_type=\"container\" data-e-type=\"container\">\n\t\t\t\t\t<div class=\"e-con-inner\">\n\t\t\t\t\t<\/div>\n\t\t\t\t<\/div>\n\t\t<div class=\"elementor-element elementor-element-a2ddb5b e-flex e-con-boxed e-con e-parent\" data-id=\"a2ddb5b\" data-element_type=\"container\" data-e-type=\"container\">\n\t\t\t\t\t<div class=\"e-con-inner\">\n\t\t<div class=\"elementor-element elementor-element-de488ed e-con-full e-flex e-con e-child\" data-id=\"de488ed\" data-element_type=\"container\" data-e-type=\"container\">\n\t\t\t\t<\/div>\n\t\t<div class=\"elementor-element elementor-element-e99c8ad e-con-full e-flex e-con e-child\" data-id=\"e99c8ad\" data-element_type=\"container\" data-e-type=\"container\">\n\t\t\t\t<div class=\"elementor-element elementor-element-380cf04 elementor-widget elementor-widget-text-editor\" data-id=\"380cf04\" data-element_type=\"widget\" data-e-type=\"widget\" data-widget_type=\"text-editor.default\">\n\t\t\t\t\t\t\t\t\t<h3 style=\"text-align: center;\"><span style=\"color: #333333;\"><strong><p><\/p>\n<\/strong><p><strong><br><\/strong><\/p><p><strong>**Vilk\u00e5r og betingelser for gratis pr\u00f8veperiode p\u00e5 IPTV**<\/strong><\/p><\/span><\/h3>\n<p><\/p>\n<h5 style=\"text-align: left;\"><span style=\"color: #333333;\">1. **Gratis pr\u00f8veperiode**: IPTV-tjenesten v\u00e5r tilbyr en gratis pr\u00f8veperiode uten forpliktelser, slik at brukerne kan oppleve funksjonene og kvaliteten p\u00e5 tjenesten v\u00e5r f\u00f8r de bestemmer seg for \u00e5 abonnere.<\/span><\/h5>\n<h5>&nbsp;<\/h5>\n<h5 style=\"text-align: left;\"><span style=\"color: #333333;\">2. **Varighet**: Varigheten av den gratis pr\u00f8veperioden er 2 timer, og brukerne vil ha tilgang til hele utvalget av kanaler og funksjoner.<\/span><\/h5>\n<h5>&nbsp;<\/h5>\n<h5 style=\"text-align: left;\"><span style=\"color: #333333;\">3. **Registrering**: Ingen registrering eller kredittkortinformasjon er n\u00f8dvendig for \u00e5 f\u00e5 tilgang til den gratis pr\u00f8veperioden. Bare last ned appen v\u00e5r eller f\u00e5 tilgang til tjenesten v\u00e5r via nettstedet v\u00e5rt for \u00e5 starte pr\u00f8veperioden.<\/span><\/h5>\n<h5>&nbsp;<\/h5>\n<h5 style=\"text-align: left;\"><span style=\"color: #333333;\">4. **Bruk**: I l\u00f8pet av den gratis pr\u00f8veperioden oppfordres brukere til \u00e5 utforske funksjonene og innholdet som er tilgjengelig p\u00e5 IPTV-tjenesten v\u00e5r. Brukere forventes imidlertid \u00e5 overholde v\u00e5re tjenestevilk\u00e5r og retningslinjer for akseptabel bruk til enhver tid.<\/span><\/h5>\n<h5>&nbsp;<\/h5>\n<h5 style=\"text-align: left;\"><span style=\"color: #333333;\">5. **Ingen abonnementsbinding**: Den gratis pr\u00f8veperioden er separat fra abonnementstjenesten v\u00e5r og krever ikke at brukerne binder seg til et abonnement n\u00e5r som helst.<\/span><\/h5>\n<h5>&nbsp;<\/h5>\n<h5 style=\"text-align: left;\"><span style=\"color: #333333;\">6. **Ingen refusjon**: Siden den gratis pr\u00f8veperioden er utformet slik at brukerne kan evaluere tjenesten f\u00f8r de foretar et kj\u00f8p, tilbyr vi ikke refusjon for abonnementer kj\u00f8pt etter at pr\u00f8veperioden er avsluttet.<\/span><\/h5>\n<h5>&nbsp;<\/h5>\n<h5 style=\"text-align: left;\"><span style=\"color: #333333;\">7. **Avslutning**: Brukere kan n\u00e5r som helst avslutte bruken av den gratis pr\u00f8veperioden i l\u00f8pet av pr\u00f8veperioden. Bare slutt \u00e5 bruke tjenesten v\u00e5r, s\u00e5 er det ikke n\u00f8dvendig med ytterligere tiltak.<\/span><\/h5>\n<h5>&nbsp;<\/h5>\n<h5 style=\"text-align: left;\"><span style=\"color: #333333;\">8. **Videref\u00f8ring av tjenesten**: Ved slutten av den gratis pr\u00f8veperioden vil brukerne ha muligheten til \u00e5 kj\u00f8pe et abonnement for \u00e5 fortsette \u00e5 bruke IPTV-tjenesten v\u00e5r. Hvis et abonnement ikke kj\u00f8pes, vil tilgangen til tjenesten bli avsluttet.<\/span><\/h5>\n<h5>&nbsp;<\/h5>\n<h5 style=\"text-align: left;\"><span style=\"color: #333333;\">9. **Endringer i vilk\u00e5r**: Vi forbeholder oss retten til \u00e5 endre eller avslutte tilbudet om gratis pr\u00f8veperiode n\u00e5r som helst uten forvarsel. Eventuelle endringer i disse vilk\u00e5rene og betingelsene vil bli kommunisert til brukerne via nettstedet v\u00e5rt.<\/span><\/h5>\n<h5>&nbsp;<\/h5>\n<h5 style=\"text-align: left;\"><span style=\"color: #333333;\">10. **Godkjenning**: Ved \u00e5 bruke den gratis pr\u00f8veperioden godtar brukerne \u00e5 overholde disse vilk\u00e5rene. Brudd p\u00e5 disse vilk\u00e5rene kan f\u00f8re til at den gratis pr\u00f8veperioden avsluttes og\/eller at tilgangen til IPTV-tjenesten v\u00e5r suspenderes.<\/span><\/h5>\n<h5>&nbsp;<\/h5>\n<h5 style=\"text-align: left;\"><span style=\"color: #333333;\">11. **Kontakt oss**: Hvis du har sp\u00f8rsm\u00e5l eller bekymringer ang\u00e5ende tilbudet om gratis pr\u00f8veperiode eller IPTV-tjenesten v\u00e5r, kan du kontakte kundesupportteamet v\u00e5rt for \u00e5 f\u00e5 hjelp.<\/span><\/h5>\n<h5>&nbsp;<\/h5>\n<h5 style=\"text-align: left;\"><span style=\"color: #333333;\">Ved \u00e5 bruke den gratis pr\u00f8veperioden bekrefter brukerne at de har lest, forst\u00e5tt og samtykker i \u00e5 v\u00e6re bundet av vilk\u00e5rene som er beskrevet ovenfor.<\/span><\/h5><div><br><br><\/div>\t\t\t\t\t\t\t\t<\/div>\n\t\t\t\t<\/div>\n\t\t<div class=\"elementor-element elementor-element-165aced e-con-full e-flex e-con e-child\" data-id=\"165aced\" data-element_type=\"container\" data-e-type=\"container\">\n\t\t\t\t<\/div>\n\t\t\t\t\t<\/div>\n\t\t\t\t<\/div>\n\t\t\t\t<\/div>","protected":false},"excerpt":{"rendered":"<p>**Terms and Conditions for IPTV Free Trial** 1. **Free Trial Offer**: Our IPTV service offers a no-obligation free trial period to allow users to experience the features and quality of our service before deciding to subscribe. &nbsp; 2. **Duration**: The&#8230;<\/p>","protected":false},"author":1,"featured_media":0,"parent":0,"menu_order":0,"comment_status":"closed","ping_status":"closed","template":"","meta":{"footnotes":""},"class_list":["post-4079","page","type-page","status-publish","hentry"],"_links":{"self":[{"href":"https:\/\/novaiptv.to\/nb\/wp-json\/wp\/v2\/pages\/4079","targetHints":{"allow":["GET"]}}],"collection":[{"href":"https:\/\/novaiptv.to\/nb\/wp-json\/wp\/v2\/pages"}],"about":[{"href":"https:\/\/novaiptv.to\/nb\/wp-json\/wp\/v2\/types\/page"}],"author":[{"embeddable":true,"href":"https:\/\/novaiptv.to\/nb\/wp-json\/wp\/v2\/users\/1"}],"replies":[{"embeddable":true,"href":"https:\/\/novaiptv.to\/nb\/wp-json\/wp\/v2\/comments?post=4079"}],"version-history":[{"count":0,"href":"https:\/\/novaiptv.to\/nb\/wp-json\/wp\/v2\/pages\/4079\/revisions"}],"wp:attachment":[{"href":"https:\/\/novaiptv.to\/nb\/wp-json\/wp\/v2\/media?parent=4079"}],"curies":[{"name":"wp","href":"https:\/\/api.w.org\/{rel}","templated":true}]}}