{"id":5723,"date":"2024-12-02T09:29:42","date_gmt":"2024-12-02T09:29:42","guid":{"rendered":"https:\/\/novaiptv.org\/?page_id=5723"},"modified":"2024-12-02T09:29:42","modified_gmt":"2024-12-02T09:29:42","slug":"nova-iptv-online-spiller-2025","status":"publish","type":"page","link":"https:\/\/novaiptv.to\/nb\/nova-iptv-online-spiller-2025\/","title":{"rendered":"Nova IPTV Online-spiller"},"content":{"rendered":"<div data-elementor-type=\"wp-page\" data-elementor-id=\"5723\" class=\"elementor elementor-5723\" data-elementor-post-type=\"page\">\n\t\t\t\t<div class=\"elementor-element elementor-element-b9e2257 e-flex e-con-boxed e-con e-parent\" data-id=\"b9e2257\" data-element_type=\"container\" data-e-type=\"container\">\n\t\t\t\t\t<div class=\"e-con-inner\">\n\t\t\t\t<div class=\"elementor-element elementor-element-ed3c694 elementor-widget elementor-widget-html\" data-id=\"ed3c694\" data-element_type=\"widget\" data-e-type=\"widget\" data-widget_type=\"html.default\">\n\t\t\t\t\t<div class=\"iptv-tutorial-wrapper\">\n    <style>\n        :root {\n            --primary-color: #0099ff;\n            --secondary-color: #0066cc;\n            --dark-color: #333333;\n            --light-color: #F3F3F3;\n            --text-color: #333333;\n            --light-text: #F3F3F3;\n            --success-color: #33cc33;\n            --warning-color: #ff9100;\n        }\n        \n        * {\n            margin: 0;\n            padding: 0;\n            box-sizing: border-box;\n            font-family: 'Segoe UI', Tahoma, Geneva, Verdana, sans-serif;\n        }\n        \n        .iptv-tutorial-wrapper {\n            background-color: var(--light-color);\n            color: var(--text-color);\n            line-height: 1.6;\n            padding: 20px 0;\n        }\n        \n        .iptv-container {\n            max-width: 1000px;\n            margin: 0 auto;\n            padding: 20px;\n        }\n        \n        .iptv-header {\n            text-align: center;\n            margin-bottom: 40px;\n            position: relative;\n            padding-top: 30px;\n        }\n        \n        .logo-container {\n            display: flex;\n            justify-content: center;\n            align-items: center;\n            margin-bottom: 20px;\n        }\n        \n        .logo {\n            width: 120px;\n            height: 120px;\n            background: linear-gradient(135deg, var(--primary-color), var(--secondary-color));\n            border-radius: 20px;\n            display: flex;\n            justify-content: center;\n            align-items: center;\n            box-shadow: 0 10px 20px rgba(0, 153, 255, 0.3);\n        }\n        \n        .logo svg {\n            width: 70px;\n            height: 70px;\n            fill: white;\n        }\n        \n        h1 {\n            font-size: 2.5rem;\n            margin-bottom: 10px;\n            background: linear-gradient(90deg, var(--primary-color), var(--secondary-color));\n            -webkit-background-clip: text;\n            background-clip: text;\n            color: transparent;\n            display: inline-block;\n        }\n        \n        .subtitle {\n            font-size: 1.2rem;\n            color: #555555;\n            margin-bottom: 20px;\n        }\n        \n        .steps-container {\n            display: flex;\n            flex-direction: column;\n            gap: 30px;\n        }\n        \n        .step {\n            background-color: white;\n            border-radius: 15px;\n            padding: 25px;\n            position: relative;\n            overflow: hidden;\n            box-shadow: 0 5px 15px rgba(0, 0, 0, 0.1);\n            border-left: 4px solid var(--primary-color);\n            transition: transform 0.3s ease, box-shadow 0.3s ease;\n        }\n        \n        .step:hover {\n            transform: translateY(-5px);\n            box-shadow: 0 10px 25px rgba(0, 0, 0, 0.3);\n        }\n        \n        .step-number {\n            position: absolute;\n            top: -10px;\n            right: -10px;\n            width: 60px;\n            height: 60px;\n            background: linear-gradient(135deg, var(--primary-color), var(--secondary-color));\n            border-radius: 50%;\n            display: flex;\n            justify-content: center;\n            align-items: center;\n            font-size: 1.5rem;\n            font-weight: bold;\n            color: white;\n            box-shadow: 0 5px 10px rgba(0, 153, 255, 0.4);\n        }\n        \n        .step-title {\n            font-size: 1.5rem;\n            margin-bottom: 15px;\n            color: var(--primary-color);\n            padding-right: 50px;\n        }\n        \n        .step-content {\n            margin-left: 15px;\n        }\n        \n        .step-content p {\n            margin-bottom: 15px;\n        }\n        \n        ul, ol {\n            margin-left: 30px;\n            margin-bottom: 15px;\n        }\n        \n        li {\n            margin-bottom: 10px;\n        }\n        \n        .highlight {\n            color: #0099ff;\n            font-weight: 600;\n        }\n        \n        .link {\n            color: #0066cc;\n            text-decoration: underline;\n            font-weight: bold;\n            cursor: pointer;\n        }\n        \n        .note {\n            background-color: rgba(255, 145, 0, 0.1);\n            border-left: 3px solid var(--warning-color);\n            padding: 15px;\n            margin: 20px 0;\n            border-radius: 5px;\n        }\n        \n        .note-title {\n            color: var(--warning-color);\n            font-weight: bold;\n            margin-bottom: 5px;\n        }\n        \n        .tip {\n            background-color: rgba(51, 204, 51, 0.1);\n            border-left: 3px solid var(--success-color);\n            padding: 15px;\n            margin: 20px 0;\n            border-radius: 5px;\n        }\n        \n        .tip-title {\n            color: var(--success-color);\n            font-weight: bold;\n            margin-bottom: 5px;\n        }\n        \n        .illustration {\n            margin: 20px 0;\n            text-align: center;\n        }\n        \n        .illustration svg {\n            max-width: 100%;\n            height: auto;\n            border-radius: 10px;\n            box-shadow: 0 5px 15px rgba(0, 0, 0, 0.15);\n            background-color: #2D3748;\n        }\n        \n        .iptv-footer {\n            text-align: center;\n            margin-top: 50px;\n            padding: 20px;\n            color: #555555;\n            font-size: 0.9rem;\n        }\n        \n        @media (max-width: 768px) {\n            .iptv-container {\n                padding: 15px;\n            }\n            \n            h1 {\n                font-size: 2rem;\n            }\n            \n            .step {\n                padding: 20px;\n            }\n            \n            .step-number {\n                width: 50px;\n                height: 50px;\n                font-size: 1.2rem;\n            }\n            \n            .step-title {\n                font-size: 1.3rem;\n            }\n        }\n    <\/style>\n    <div class=\"iptv-container\">\n        <div class=\"iptv-header\">\n            <div class=\"logo-container\">\n                <div class=\"logo\">\n                    <svg viewbox=\"0 0 24 24\" xmlns=\"http:\/\/www.w3.org\/2000\/svg\">\n                        <path d=\"M9,5V9H21V5M9,19H21V15H9M9,14H21V10H9M4,9H8V5H4M4,19H8V15H4M4,14H8V10H4V14Z\" \/>\n                    <\/svg>\n                <\/div>\n            <\/div>\n            <h1>Slik bruker du Nova IPTV Online Player<\/h1>\n            <p class=\"subtitle\">Str\u00f8m favorittinnholdet ditt direkte fra nettleseren din<\/p>\n        <\/div>\n        \n        <div class=\"steps-container\">\n            <!-- Step 1 -->\n            <div class=\"step\">\n                <div class=\"step-number\">1<\/div>\n                <h2 class=\"step-title\">Logg inn p\u00e5 IPTV-spilleren<\/h2>\n                <div class=\"step-content\">\n                    <p>Det er enkelt og praktisk \u00e5 f\u00e5 tilgang til Nova IPTV via nettleseren din. F\u00f8lg disse trinnene for \u00e5 komme i gang:<\/p>\n                    \n                    <ol>\n                        <li>\u00c5pne din foretrukne nettleser (Chrome, Firefox, Safari, Edge osv.)<\/li>\n                        <li>Bes\u00f8k den offisielle <a href=\"https:\/\/novaiptv.to\/nb\/kjop-iptv-abonnement-i-usa-2025\/\">Nova IPTV<\/a> nettspiller: http:\/\/web.loginurl.xyz\/<\/span><\/li>\n                        <li>Skriv inn din <span class=\"highlight\">brukernavn<\/span> og <span class=\"highlight\">passord<\/span> i innloggingsskjemaet<\/li>\n                        <li>Klikk p\u00e5 <span class=\"highlight\">Logg inn<\/span> knappen for \u00e5 starte str\u00f8mming<\/li>\n                    <\/ol>\n                    \n                    <div class=\"illustration\">\n                        <svg width=\"600\" height=\"250\" viewbox=\"0 0 600 250\" xmlns=\"http:\/\/www.w3.org\/2000\/svg\">\n                            <rect width=\"600\" height=\"250\" fill=\"#1E293B\" rx=\"10\" \/>\n                            \n                            <!-- Browser Window -->\n                            <rect x=\"100\" y=\"30\" width=\"400\" height=\"30\" rx=\"5\" fill=\"#4A5568\" \/>\n                            <circle cx=\"115\" cy=\"45\" r=\"5\" fill=\"#ff3b30\" \/>\n                            <circle cx=\"135\" cy=\"45\" r=\"5\" fill=\"#ffcc00\" \/>\n                            <circle cx=\"155\" cy=\"45\" r=\"5\" fill=\"#34c759\" \/>\n                            <rect x=\"175\" y=\"37\" width=\"250\" height=\"16\" rx=\"8\" fill=\"#2D3748\" \/>\n                            <text x=\"225\" y=\"49\" font-family=\"Arial\" font-size=\"10\" fill=\"#A0AEC0\">spiller.novaiptvplayer.com<\/text>\n                            \n                            <!-- Login Page -->\n                            <rect x=\"100\" y=\"60\" width=\"400\" height=\"170\" rx=\"5\" fill=\"#2D3748\" \/>\n                            \n                            <!-- Login Box -->\n                            <rect x=\"200\" y=\"80\" width=\"200\" height=\"130\" rx=\"10\" fill=\"#1A1A2E\" \/>\n                            \n                            <!-- Logo in Login Box -->\n                            <rect x=\"250\" y=\"90\" width=\"100\" height=\"30\" rx=\"5\" fill=\"none\" stroke=\"#0099ff\" stroke-width=\"2\" \/>\n                            <text x=\"265\" y=\"110\" font-family=\"Arial\" font-size=\"14\" fill=\"#00b0ff\" font-weight=\"bold\"><a href=\"https:\/\/novaiptv.to\/nb\/kjop-iptv-abonnement-i-usa-2025\/\">NOVA IPTV<\/a><\/text>\n                            \n                            <!-- Username field -->\n                            <rect x=\"220\" y=\"130\" width=\"160\" height=\"25\" rx=\"5\" fill=\"#2D3748\" \/>\n                            <text x=\"230\" y=\"147\" font-family=\"Arial\" font-size=\"12\" fill=\"#A0AEC0\">Brukernavn<\/text>\n                            \n                            <!-- Password field -->\n                            <rect x=\"220\" y=\"165\" width=\"160\" height=\"25\" rx=\"5\" fill=\"#2D3748\" \/>\n                            <text x=\"230\" y=\"182\" font-family=\"Arial\" font-size=\"12\" fill=\"#A0AEC0\">Passord<\/text>\n                            \n                            <!-- Login Button -->\n                            <rect x=\"240\" y=\"200\" width=\"120\" height=\"30\" rx=\"15\" fill=\"#00b0ff\" \/>\n                            <text x=\"285\" y=\"220\" font-family=\"Arial\" font-size=\"14\" fill=\"white\" text-anchor=\"middle\">LOGG INN<\/text>\n                        <\/svg>\n                    <\/div>\n                    \n                    <div class=\"tip\">\n                        <p class=\"tip-title\">Profftips<\/p>\n                        <p>Bruk alternativet \"Husk meg\" hvis du er p\u00e5 en personlig enhet for \u00e5 lagre innloggingsdetaljene dine for fremtidige \u00f8kter.<\/p>\n                    <\/div>\n                <\/div>\n            <\/div>\n            \n            <!-- Step 2 -->\n            <div class=\"step\">\n                <div class=\"step-number\">2<\/div>\n                <h2 class=\"step-title\">Sjekk planen og abonnementet ditt<\/h2>\n                <div class=\"step-content\">\n                    <p>Det er viktig \u00e5 holde oversikt over din <a href=\"https:\/\/novaiptv.to\/nb\/nova-iptv-priser\/\">abonnementsstatus og plan<\/a> detaljer. Nova IPTV gj\u00f8r dette enkelt gjennom kundeportalen sin:<\/p>\n                    \n                    <ol>\n                        <li>G\u00e5 til Nova IPTV-kundeportalen p\u00e5: <span class=\"link\">https:\/\/novaiptv.to<\/span><\/li>\n                        <li>Skriv inn kontoinformasjonen din (samme brukernavn og passord som du bruker for str\u00f8mming)<\/li>\n                        <li>Naviger til delen \"Mitt abonnement\" eller \"Konto\"<\/li>\n                        <li>Her kan du se all viktig informasjon, inkludert:\n                            <ul>\n                                <li>N\u00e5v\u00e6rende abonnementsstatus<\/li>\n                                <li>Plandetaljer og funksjoner<\/li>\n                                <li>Utl\u00f8psdato<\/li>\n                                <li>Betalingshistorikk<\/li>\n                                <li>Fornyelsesalternativer<\/li>\n                            <\/ul>\n                        <\/li>\n                    <\/ol>\n                    \n                    <div class=\"illustration\">\n                        <svg width=\"600\" height=\"250\" viewbox=\"0 0 600 250\" xmlns=\"http:\/\/www.w3.org\/2000\/svg\">\n                            <rect width=\"600\" height=\"250\" fill=\"#1E293B\" rx=\"10\" \/>\n                            \n                            <!-- Browser Window -->\n                            <rect x=\"100\" y=\"30\" width=\"400\" height=\"30\" rx=\"5\" fill=\"#4A5568\" \/>\n                            <circle cx=\"115\" cy=\"45\" r=\"5\" fill=\"#ff3b30\" \/>\n                            <circle cx=\"135\" cy=\"45\" r=\"5\" fill=\"#ffcc00\" \/>\n                            <circle cx=\"155\" cy=\"45\" r=\"5\" fill=\"#34c759\" \/>\n                            <rect x=\"175\" y=\"37\" width=\"250\" height=\"16\" rx=\"8\" fill=\"#2D3748\" \/>\n                            <text x=\"260\" y=\"49\" font-family=\"Arial\" font-size=\"10\" fill=\"#A0AEC0\">novaiptv.org<\/text>\n                            \n                            <!-- Account Page -->\n                            <rect x=\"100\" y=\"60\" width=\"400\" height=\"170\" rx=\"5\" fill=\"#2D3748\" \/>\n                            \n                            <!-- Sidebar -->\n                            <rect x=\"100\" y=\"60\" width=\"100\" height=\"170\" fill=\"#1A1A2E\" \/>\n                            <rect x=\"100\" y=\"90\" width=\"100\" height=\"30\" fill=\"#00b0ff\" \/>\n                            <text x=\"110\" y=\"110\" font-family=\"Arial\" font-size=\"12\" fill=\"white\">Mitt abonnement<\/text>\n                            <text x=\"110\" y=\"80\" font-family=\"Arial\" font-size=\"12\" fill=\"#A0AEC0\">Dashbord<\/text>\n                            <text x=\"110\" y=\"140\" font-family=\"Arial\" font-size=\"12\" fill=\"#A0AEC0\">St\u00f8tte<\/text>\n                            <text x=\"110\" y=\"170\" font-family=\"Arial\" font-size=\"12\" fill=\"#A0AEC0\">Innstillinger<\/text>\n                            \n                            <!-- Main Content Area -->\n                            <rect x=\"210\" y=\"70\" width=\"280\" height=\"30\" fill=\"none\" \/>\n                            <text x=\"210\" y=\"90\" font-family=\"Arial\" font-size=\"16\" fill=\"white\">Mine abonnementsdetaljer<\/text>\n                            \n                            <!-- Subscription Info Box -->\n                            <rect x=\"210\" y=\"100\" width=\"280\" height=\"120\" rx=\"5\" fill=\"#1A1A2E\" \/>\n                            \n                            <!-- Subscription Details -->\n                            <text x=\"225\" y=\"120\" font-family=\"Arial\" font-size=\"12\" fill=\"white\">Plan: Premium-pakke<\/text>\n                            <text x=\"225\" y=\"145\" font-family=\"Arial\" font-size=\"12\" fill=\"white\">Status: Aktiv<\/text>\n                            <text x=\"225\" y=\"170\" font-family=\"Arial\" font-size=\"12\" fill=\"white\">Utl\u00f8per: 24.06.2025<\/text>\n                            <text x=\"225\" y=\"195\" font-family=\"Arial\" font-size=\"12\" fill=\"white\">Kanaler: 10 000+<\/text>\n                            \n                            <!-- Renew Button -->\n                            <rect x=\"380\" y=\"175\" width=\"100\" height=\"30\" rx=\"15\" fill=\"#33cc33\" \/>\n                            <text x=\"430\" y=\"195\" font-family=\"Arial\" font-size=\"12\" fill=\"white\" text-anchor=\"middle\">FORNYE<\/text>\n                        <\/svg>\n                    <\/div>\n                    \n                    <div class=\"note\">\n                        <p class=\"note-title\">Note<\/p>\n                        <p>Hvis du merker at abonnementet ditt snart utl\u00f8per, m\u00e5 du s\u00f8rge for \u00e5 fornye det f\u00f8r utl\u00f8psdatoen for \u00e5 unng\u00e5 avbrudd i tjenesten.<\/p>\n                    <\/div>\n                <\/div>\n            <\/div>\n            \n            <!-- Step 3 -->\n            <div class=\"step\">\n                <div class=\"step-number\">3<\/div>\n                <h2 class=\"step-title\">F\u00e5 rask tilgang til tjenesten din<\/h2>\n                <div class=\"step-content\">\n                    <p>N\u00e5r du har logget deg inn p\u00e5 Nova <a href=\"https:\/\/novaiptv.to\/nb\/best-iptv-player-for-firestick\/\">IPTV-spiller p\u00e5 nett<\/a>, f\u00e5r du umiddelbar tilgang til alt favorittinnholdet ditt:<\/p>\n                    \n                    <ul>\n                        <li>Bla gjennom tusenvis av direktesendte TV-kanaler organisert etter kategorier<\/li>\n                        <li>F\u00e5 tilgang til den elektroniske programguiden (EPG) for \u00e5 se hva som spilles av for \u00f8yeblikket og hva som kommer etterp\u00e5<\/li>\n                        <li>Nyte <a href=\"https:\/\/novaiptv.to\/nb\/iptv-odyssey-strategier\/\">s\u00f8ml\u00f8s str\u00f8mming<\/a> p\u00e5 hvilken som helst enhet med en moderne nettleser<\/li>\n                        <li>Ingen ekstra <a href=\"https:\/\/novaiptv.to\/nb\/firestick\/\">app<\/a> installasjoner kreves \u2013 perfekt for visning p\u00e5 offentlige datamaskiner eller enheter der du ikke kan installere apper<\/li>\n                        <li>Bytt raskt og enkelt mellom forskjellige kanaler<\/li>\n                    <\/ul>\n                    \n                    <div class=\"illustration\">\n                        <svg width=\"600\" height=\"250\" viewbox=\"0 0 600 250\" xmlns=\"http:\/\/www.w3.org\/2000\/svg\">\n                            <rect width=\"600\" height=\"250\" fill=\"#1E293B\" rx=\"10\" \/>\n                            \n                            <!-- Browser Window -->\n                            <rect x=\"100\" y=\"30\" width=\"400\" height=\"30\" rx=\"5\" fill=\"#4A5568\" \/>\n                            <circle cx=\"115\" cy=\"45\" r=\"5\" fill=\"#ff3b30\" \/>\n                            <circle cx=\"135\" cy=\"45\" r=\"5\" fill=\"#ffcc00\" \/>\n                            <circle cx=\"155\" cy=\"45\" r=\"5\" fill=\"#34c759\" \/>\n                            <rect x=\"175\" y=\"37\" width=\"250\" height=\"16\" rx=\"8\" fill=\"#2D3748\" \/>\n                            <text x=\"225\" y=\"49\" font-family=\"Arial\" font-size=\"10\" fill=\"#A0AEC0\">spiller.novaiptvplayer.com<\/text>\n                            \n                            <!-- Player Page -->\n                            <rect x=\"100\" y=\"60\" width=\"400\" height=\"170\" rx=\"5\" fill=\"#1A1A2E\" \/>\n                            \n                            <!-- Channel List Sidebar -->\n                            <rect x=\"100\" y=\"60\" width=\"120\" height=\"170\" fill=\"#2D3748\" \/>\n                            <text x=\"110\" y=\"80\" font-family=\"Arial\" font-size=\"12\" fill=\"white\">Kanalkategorier<\/text>\n                            \n                            <!-- Channel Categories -->\n                            <rect x=\"105\" y=\"90\" width=\"110\" height=\"20\" rx=\"3\" fill=\"#00b0ff\" \/>\n                            <text x=\"120\" y=\"105\" font-family=\"Arial\" font-size=\"11\" fill=\"white\">Sport<\/text>\n                            \n                            <rect x=\"105\" y=\"115\" width=\"110\" height=\"20\" rx=\"3\" fill=\"#0066cc\" opacity=\"0.5\" \/>\n                            <text x=\"120\" y=\"130\" font-family=\"Arial\" font-size=\"11\" fill=\"white\">Filmer<\/text>\n                            \n                            <rect x=\"105\" y=\"140\" width=\"110\" height=\"20\" rx=\"3\" fill=\"#3d5afe\" opacity=\"0.5\" \/>\n                            <text x=\"120\" y=\"155\" font-family=\"Arial\" font-size=\"11\" fill=\"white\">Nyheter<\/text>\n                            \n                            <rect x=\"105\" y=\"165\" width=\"110\" height=\"20\" rx=\"3\" fill=\"#3d5afe\" opacity=\"0.5\" \/>\n                            <text x=\"120\" y=\"180\" font-family=\"Arial\" font-size=\"11\" fill=\"white\">Underholdning<\/text>\n                            \n                            <rect x=\"105\" y=\"190\" width=\"110\" height=\"20\" rx=\"3\" fill=\"#3d5afe\" opacity=\"0.5\" \/>\n                            <text x=\"120\" y=\"205\" font-family=\"Arial\" font-size=\"11\" fill=\"white\">Barn<\/text>\n                            \n                            <!-- Video Player Area -->\n                            <rect x=\"230\" y=\"70\" width=\"260\" height=\"150\" rx=\"5\" fill=\"#000\" \/>\n                            <text x=\"340\" y=\"145\" font-family=\"Arial\" font-size=\"14\" fill=\"white\" text-anchor=\"middle\"><a href=\"https:\/\/novaiptv.to\/nb\/android-tv-2025\/\">DIREKTE STR\u00d8MMING<\/a><\/text>\n                            \n                            <!-- Player Controls -->\n                            <rect x=\"230\" y=\"225\" width=\"260\" height=\"5\" rx=\"2.5\" fill=\"#4A5568\" \/>\n                            <rect x=\"230\" y=\"225\" width=\"120\" height=\"5\" rx=\"2.5\" fill=\"#00b0ff\" \/>\n                            \n                            <circle cx=\"280\" cy=\"210\" r=\"10\" fill=\"#4A5568\" \/>\n                            <text x=\"280\" y=\"214\" font-family=\"Arial\" font-size=\"14\" fill=\"white\" text-anchor=\"middle\">\u23ea<\/text>\n                            \n                            <circle cx=\"310\" cy=\"210\" r=\"12\" fill=\"#00b0ff\" \/>\n                            <text x=\"310\" y=\"215\" font-family=\"Arial\" font-size=\"14\" fill=\"white\" text-anchor=\"middle\">\u25b6<\/text>\n                            \n                            <circle cx=\"340\" cy=\"210\" r=\"10\" fill=\"#4A5568\" \/>\n                            <text x=\"340\" y=\"214\" font-family=\"Arial\" font-size=\"14\" fill=\"white\" text-anchor=\"middle\">\u23e9<\/text>\n                            \n                            <circle cx=\"460\" cy=\"210\" r=\"10\" fill=\"#4A5568\" \/>\n                            <text x=\"460\" y=\"214\" font-family=\"Arial\" font-size=\"14\" fill=\"white\" text-anchor=\"middle\">\u2699\ufe0f<\/text>\n                        <\/svg>\n                    <\/div>\n                    \n                    <div class=\"tip\">\n                        <p class=\"tip-title\">Profftips<\/p>\n                        <p>For den beste str\u00f8mmeopplevelsen, bruk en moderne nettleser som Chrome, Firefox eller Edge, og s\u00f8rg for at internettforbindelsen din er stabil med en nedlastingshastighet p\u00e5 minst 10 Mbps.<\/p>\n                    <\/div>\n                <\/div>\n            <\/div>\n        <\/div>\n        \n        <div class=\"iptv-footer\">\n            <p>\u00a9 2025 <a href=\"https:\/\/novaiptv.to\/nb\/vilkar\/\">Nova IPTV<\/a> | Denne veiledningen er kun for pedagogiske form\u00e5l<\/p>\n        <\/div>\n    <\/div>\n<\/div>\t\t\t\t<\/div>\n\t\t\t\t\t<\/div>\n\t\t\t\t<\/div>\n\t\t\t\t<\/div>","protected":false},"excerpt":{"rendered":"<p>How to Use Nova IPTV Online Player Stream your favorite content directly from your browser 1 Login to the IPTV Player Accessing Nova IPTV through your browser is simple and convenient. Follow these steps to get started: Open your preferred&#8230;<\/p>","protected":false},"author":1,"featured_media":0,"parent":0,"menu_order":0,"comment_status":"closed","ping_status":"closed","template":"","meta":{"footnotes":""},"class_list":["post-5723","page","type-page","status-publish","hentry"],"_links":{"self":[{"href":"https:\/\/novaiptv.to\/nb\/wp-json\/wp\/v2\/pages\/5723","targetHints":{"allow":["GET"]}}],"collection":[{"href":"https:\/\/novaiptv.to\/nb\/wp-json\/wp\/v2\/pages"}],"about":[{"href":"https:\/\/novaiptv.to\/nb\/wp-json\/wp\/v2\/types\/page"}],"author":[{"embeddable":true,"href":"https:\/\/novaiptv.to\/nb\/wp-json\/wp\/v2\/users\/1"}],"replies":[{"embeddable":true,"href":"https:\/\/novaiptv.to\/nb\/wp-json\/wp\/v2\/comments?post=5723"}],"version-history":[{"count":0,"href":"https:\/\/novaiptv.to\/nb\/wp-json\/wp\/v2\/pages\/5723\/revisions"}],"wp:attachment":[{"href":"https:\/\/novaiptv.to\/nb\/wp-json\/wp\/v2\/media?parent=5723"}],"curies":[{"name":"wp","href":"https:\/\/api.w.org\/{rel}","templated":true}]}}