{"id":4079,"date":"2024-02-01T16:01:25","date_gmt":"2024-02-01T16:01:25","guid":{"rendered":"https:\/\/novaiptv.org\/?page_id=4079"},"modified":"2024-02-01T16:01:25","modified_gmt":"2024-02-01T16:01:25","slug":"warunki","status":"publish","type":"page","link":"https:\/\/novaiptv.to\/pl\/warunki\/","title":{"rendered":"Terms NOVA IPTV"},"content":{"rendered":"<div data-elementor-type=\"wp-page\" data-elementor-id=\"4079\" class=\"elementor elementor-4079\" data-elementor-post-type=\"page\">\n\t\t\t\t<div class=\"elementor-element elementor-element-604deb6 e-flex e-con-boxed e-con e-parent\" data-id=\"604deb6\" data-element_type=\"container\" data-e-type=\"container\">\n\t\t\t\t\t<div class=\"e-con-inner\">\n\t\t\t\t\t<\/div>\n\t\t\t\t<\/div>\n\t\t<div class=\"elementor-element elementor-element-a2ddb5b e-flex e-con-boxed e-con e-parent\" data-id=\"a2ddb5b\" data-element_type=\"container\" data-e-type=\"container\">\n\t\t\t\t\t<div class=\"e-con-inner\">\n\t\t<div class=\"elementor-element elementor-element-de488ed e-con-full e-flex e-con e-child\" data-id=\"de488ed\" data-element_type=\"container\" data-e-type=\"container\">\n\t\t\t\t<\/div>\n\t\t<div class=\"elementor-element elementor-element-e99c8ad e-con-full e-flex e-con e-child\" data-id=\"e99c8ad\" data-element_type=\"container\" data-e-type=\"container\">\n\t\t\t\t<div class=\"elementor-element elementor-element-380cf04 elementor-widget elementor-widget-text-editor\" data-id=\"380cf04\" data-element_type=\"widget\" data-e-type=\"widget\" data-widget_type=\"text-editor.default\">\n\t\t\t\t\t\t\t\t\t<h3 style=\"text-align: center;\"><span style=\"color: #333333;\"><strong><p><\/p>\n<\/strong><p><strong><br><\/strong><\/p><p><strong>**Warunki i zasady bezp\u0142atnego okresu pr\u00f3bnego IPTV**<\/strong><\/p><\/span><\/h3>\n<p><\/p>\n<h5 style=\"text-align: left;\"><span style=\"color: #333333;\">1. **Oferta bezp\u0142atnego okresu pr\u00f3bnego**: Nasza us\u0142uga IPTV oferuje niezobowi\u0105zuj\u0105cy okres pr\u00f3bny, aby umo\u017cliwi\u0107 u\u017cytkownikom zapoznanie si\u0119 z funkcjami i jako\u015bci\u0105 naszej us\u0142ugi przed podj\u0119ciem decyzji o subskrypcji.<\/span><\/h5>\n<h5>&nbsp;<\/h5>\n<h5 style=\"text-align: left;\"><span style=\"color: #333333;\">2. **Czas trwania**: Czas trwania bezp\u0142atnego okresu pr\u00f3bnego wynosi 2 godziny. W tym czasie u\u017cytkownicy b\u0119d\u0105 mieli dost\u0119p do pe\u0142nej gamy naszych kana\u0142\u00f3w i funkcji.<\/span><\/h5>\n<h5>&nbsp;<\/h5>\n<h5 style=\"text-align: left;\"><span style=\"color: #333333;\">3. **Rejestracja**: Aby uzyska\u0107 dost\u0119p do bezp\u0142atnego okresu pr\u00f3bnego, nie jest wymagana rejestracja ani dane karty kredytowej. Wystarczy pobra\u0107 nasz\u0105 aplikacj\u0119 lub uzyska\u0107 dost\u0119p do us\u0142ugi za po\u015brednictwem naszej strony internetowej, aby rozpocz\u0105\u0107 okres pr\u00f3bny.<\/span><\/h5>\n<h5>&nbsp;<\/h5>\n<h5 style=\"text-align: left;\"><span style=\"color: #333333;\">4. **U\u017cytkowanie**: W okresie pr\u00f3bnym zach\u0119camy u\u017cytkownik\u00f3w do zapoznania si\u0119 z funkcjami i tre\u015bciami dost\u0119pnymi w naszej us\u0142udze IPTV. Oczekujemy jednak, \u017ce u\u017cytkownicy b\u0119d\u0105 zawsze przestrzega\u0107 naszych warunk\u00f3w korzystania z us\u0142ugi i zasad akceptowalnego u\u017cytkowania.<\/span><\/h5>\n<h5>&nbsp;<\/h5>\n<h5 style=\"text-align: left;\"><span style=\"color: #333333;\">5. **Brak zobowi\u0105za\u0144 subskrypcyjnych**: Bezp\u0142atny okres pr\u00f3bny jest niezale\u017cny od naszej us\u0142ugi subskrypcji i nie wymaga od u\u017cytkownik\u00f3w zobowi\u0105zania si\u0119 do wykupienia subskrypcji w \u017cadnym momencie.<\/span><\/h5>\n<h5>&nbsp;<\/h5>\n<h5 style=\"text-align: left;\"><span style=\"color: #333333;\">6. **Brak zwrot\u00f3w**: Poniewa\u017c bezp\u0142atny okres pr\u00f3bny ma na celu umo\u017cliwienie u\u017cytkownikom wypr\u00f3bowania us\u0142ugi przed dokonaniem zakupu, nie oferujemy zwrot\u00f3w za subskrypcje zakupione po zako\u0144czeniu okresu pr\u00f3bnego.<\/span><\/h5>\n<h5>&nbsp;<\/h5>\n<h5 style=\"text-align: left;\"><span style=\"color: #333333;\">7. **Anulowanie**: U\u017cytkownicy mog\u0105 zrezygnowa\u0107 z bezp\u0142atnego okresu pr\u00f3bnego w dowolnym momencie jego trwania. Wystarczy zaprzesta\u0107 korzystania z naszej us\u0142ugi, a dalsze dzia\u0142ania nie b\u0119d\u0105 wymagane.<\/span><\/h5>\n<h5>&nbsp;<\/h5>\n<h5 style=\"text-align: left;\"><span style=\"color: #333333;\">8. **Kontynuacja us\u0142ugi**: Po zako\u0144czeniu bezp\u0142atnego okresu pr\u00f3bnego u\u017cytkownicy b\u0119d\u0105 mieli mo\u017cliwo\u015b\u0107 wykupienia subskrypcji, aby kontynuowa\u0107 korzystanie z naszej us\u0142ugi IPTV. W przypadku braku wykupienia subskrypcji dost\u0119p do us\u0142ugi zostanie zako\u0144czony.<\/span><\/h5>\n<h5>&nbsp;<\/h5>\n<h5 style=\"text-align: left;\"><span style=\"color: #333333;\">9. **Zmiany Warunk\u00f3w**: Zastrzegamy sobie prawo do zmiany lub zako\u0144czenia oferty bezp\u0142atnego okresu pr\u00f3bnego w dowolnym momencie i bez uprzedniego powiadomienia. Wszelkie zmiany niniejszych Warunk\u00f3w zostan\u0105 przekazane u\u017cytkownikom za po\u015brednictwem naszej strony internetowej.<\/span><\/h5>\n<h5>&nbsp;<\/h5>\n<h5 style=\"text-align: left;\"><span style=\"color: #333333;\">10. **Akceptacja**: Korzystaj\u0105c z bezp\u0142atnego okresu pr\u00f3bnego, u\u017cytkownicy zgadzaj\u0105 si\u0119 przestrzega\u0107 niniejszych warunk\u00f3w. Nieprzestrzeganie tych warunk\u00f3w mo\u017ce skutkowa\u0107 zako\u0144czeniem bezp\u0142atnego okresu pr\u00f3bnego i\/lub zawieszeniem dost\u0119pu do naszej us\u0142ugi IPTV.<\/span><\/h5>\n<h5>&nbsp;<\/h5>\n<h5 style=\"text-align: left;\"><span style=\"color: #333333;\">11. **Skontaktuj si\u0119 z nami**: Je\u015bli masz jakiekolwiek pytania lub w\u0105tpliwo\u015bci dotycz\u0105ce oferty bezp\u0142atnego okresu pr\u00f3bnego lub naszej us\u0142ugi IPTV, skontaktuj si\u0119 z naszym zespo\u0142em obs\u0142ugi klienta, aby uzyska\u0107 pomoc.<\/span><\/h5>\n<h5>&nbsp;<\/h5>\n<h5 style=\"text-align: left;\"><span style=\"color: #333333;\">Korzystaj\u0105c z bezp\u0142atnego okresu pr\u00f3bnego, u\u017cytkownicy potwierdzaj\u0105, \u017ce przeczytali, zrozumieli i zgodzili si\u0119 przestrzega\u0107 warunk\u00f3w okre\u015blonych powy\u017cej.<\/span><\/h5><div><br><br><\/div>\t\t\t\t\t\t\t\t<\/div>\n\t\t\t\t<\/div>\n\t\t<div class=\"elementor-element elementor-element-165aced e-con-full e-flex e-con e-child\" data-id=\"165aced\" data-element_type=\"container\" data-e-type=\"container\">\n\t\t\t\t<\/div>\n\t\t\t\t\t<\/div>\n\t\t\t\t<\/div>\n\t\t\t\t<\/div>","protected":false},"excerpt":{"rendered":"<p>**Terms and Conditions for IPTV Free Trial** 1. **Free Trial Offer**: Our IPTV service offers a no-obligation free trial period to allow users to experience the features and quality of our service before deciding to subscribe. &nbsp; 2. **Duration**: The&#8230;<\/p>","protected":false},"author":1,"featured_media":0,"parent":0,"menu_order":0,"comment_status":"closed","ping_status":"closed","template":"","meta":{"footnotes":""},"class_list":["post-4079","page","type-page","status-publish","hentry"],"_links":{"self":[{"href":"https:\/\/novaiptv.to\/pl\/wp-json\/wp\/v2\/pages\/4079","targetHints":{"allow":["GET"]}}],"collection":[{"href":"https:\/\/novaiptv.to\/pl\/wp-json\/wp\/v2\/pages"}],"about":[{"href":"https:\/\/novaiptv.to\/pl\/wp-json\/wp\/v2\/types\/page"}],"author":[{"embeddable":true,"href":"https:\/\/novaiptv.to\/pl\/wp-json\/wp\/v2\/users\/1"}],"replies":[{"embeddable":true,"href":"https:\/\/novaiptv.to\/pl\/wp-json\/wp\/v2\/comments?post=4079"}],"version-history":[{"count":0,"href":"https:\/\/novaiptv.to\/pl\/wp-json\/wp\/v2\/pages\/4079\/revisions"}],"wp:attachment":[{"href":"https:\/\/novaiptv.to\/pl\/wp-json\/wp\/v2\/media?parent=4079"}],"curies":[{"name":"wp","href":"https:\/\/api.w.org\/{rel}","templated":true}]}}