{"id":7398,"date":"2025-05-28T21:12:47","date_gmt":"2025-05-28T21:12:47","guid":{"rendered":"https:\/\/novaiptv.org\/?page_id=7398"},"modified":"2025-05-28T21:12:47","modified_gmt":"2025-05-28T21:12:47","slug":"polityka-dmca","status":"publish","type":"page","link":"https:\/\/novaiptv.to\/pl\/polityka-dmca\/","title":{"rendered":"DMCA Policy"},"content":{"rendered":"<div data-elementor-type=\"wp-page\" data-elementor-id=\"7398\" class=\"elementor elementor-7398\" data-elementor-post-type=\"page\">\n\t\t\t\t<div class=\"elementor-element elementor-element-7378c412 e-flex e-con-boxed e-con e-parent\" data-id=\"7378c412\" data-element_type=\"container\" data-e-type=\"container\">\n\t\t\t\t\t<div class=\"e-con-inner\">\n\t\t\t\t<div class=\"elementor-element elementor-element-58671ce2 elementor-widget elementor-widget-text-editor\" data-id=\"58671ce2\" data-element_type=\"widget\" data-e-type=\"widget\" data-widget_type=\"text-editor.default\">\n\t\t\t\t\t\t\t\t\t\n<p><br><\/p>\n\n\n\n<p>Niniejsza Polityka DMCA (Digital Millennium Copyright Act) opisuje spos\u00f3b, w jaki rozpatrujemy roszczenia dotycz\u0105ce naruszenia praw autorskich w odniesieniu do tre\u015bci publikowanych w serwisie <strong>novaiptv.org<\/strong>. Powa\u017cnie traktujemy prawa w\u0142asno\u015bci intelektualnej i niezw\u0142ocznie reagujemy na uzasadnione powiadomienia DMCA.<\/p>\n\n\n\n<h2 class=\"wp-block-heading\">Z\u0142o\u017cenie skargi DMCA<\/h2>\n\n\n\n<p>Je\u015bli jeste\u015b w\u0142a\u015bcicielem praw autorskich lub jego przedstawicielem i uwa\u017casz, \u017ce jakakolwiek tre\u015b\u0107 na naszej stronie internetowej narusza Twoje prawa autorskie, mo\u017cesz z\u0142o\u017cy\u0107 pisemne zawiadomienie zgodnie z ustaw\u0105 DMCA. Twoja skarga musi zawiera\u0107 nast\u0119puj\u0105ce informacje:<\/p>\n\n\n\n<ol class=\"wp-block-list\">\n<li>Twoje pe\u0142ne imi\u0119 i nazwisko, adres pocztowy, numer telefonu i adres e-mail.<\/li>\n\n\n\n<li>Dok\u0142adny opis dzie\u0142a chronionego prawami autorskimi, kt\u00f3re Twoim zdaniem zosta\u0142y naruszone.<\/li>\n\n\n\n<li>Dok\u0142adny adres(y) URL w naszej witrynie, kt\u00f3ry(e) zawiera(\u0105) materia\u0142 naruszaj\u0105cy prawa.<\/li>\n\n\n\n<li>O\u015bwiadczenie, \u017ce w dobrej wierze uwa\u017casz, i\u017c kwestionowane wykorzystanie nie zosta\u0142o autoryzowane przez w\u0142a\u015bciciela praw autorskich, jego przedstawiciela lub prawo.<\/li>\n\n\n\n<li>O\u015bwiadczenie, \u017ce informacje zawarte w powiadomieniu s\u0105 prawdziwe oraz, pod gro\u017ab\u0105 kary za krzywoprzysi\u0119stwo, \u017ce jeste\u015b upowa\u017cniony do dzia\u0142ania w imieniu w\u0142a\u015bciciela praw autorskich.<\/li>\n\n\n\n<li>Tw\u00f3j podpis elektroniczny lub fizyczny.<\/li>\n<\/ol>\n\n\n\n<p>Prosimy o przes\u0142anie powiadomienia DMCA na nast\u0119puj\u0105cy adres:<\/p>\n\n\n\n<p>E-mail: <a href=\"mailto:dmca@novaiptv.org\">dmca@novaiptv.org<\/a><br>Temat: Zawiadomienie o usuni\u0119ciu tre\u015bci na mocy ustawy DMCA<\/p>\n\n\n\n<h2 class=\"wp-block-heading\">Kontrpowiadomienie<\/h2>\n\n\n\n<p>Je\u017celi uwa\u017casz, \u017ce opublikowany przez Ciebie materia\u0142 zosta\u0142 usuni\u0119ty przez pomy\u0142k\u0119 lub b\u0142\u0119dn\u0105 identyfikacj\u0119, mo\u017cesz z\u0142o\u017cy\u0107 sprzeciw zawieraj\u0105cy nast\u0119puj\u0105ce informacje:<\/p>\n\n\n\n<ol class=\"wp-block-list\">\n<li>Twoje imi\u0119 i nazwisko, adres i numer telefonu.<\/li>\n\n\n\n<li>Adresy URL usuni\u0119tej tre\u015bci.<\/li>\n\n\n\n<li>O\u015bwiadczenie pod gro\u017ab\u0105 kary za krzywoprzysi\u0119stwo, \u017ce uwa\u017casz, \u017ce tre\u015b\u0107 zosta\u0142a usuni\u0119ta przez pomy\u0142k\u0119.<\/li>\n\n\n\n<li>O\u015bwiadczenie, \u017ce wyra\u017casz zgod\u0119 na jurysdykcj\u0119 swojego lokalnego s\u0105du federalnego.<\/li>\n\n\n\n<li>Tw\u00f3j podpis fizyczny lub elektroniczny.<\/li>\n<\/ol>\n\n\n\n<p>Przeanalizujemy wszystkie wa\u017cne powiadomienia DMCA i odpowiemy w ci\u0105gu 48 godzin, co mo\u017ce wi\u0105za\u0107 si\u0119 z usuni\u0119ciem lub zablokowaniem dost\u0119pu do kwestionowanego materia\u0142u.<\/p>\n\n\n\n<p>Osoby dopuszczaj\u0105ce si\u0119 wielokrotnych narusze\u0144 mog\u0105 straci\u0107 dost\u0119p do witryny.<\/p>\n\t\t\t\t\t\t\t\t<\/div>\n\t\t\t\t\t<\/div>\n\t\t\t\t<\/div>\n\t\t\t\t<\/div>","protected":false},"excerpt":{"rendered":"<p>This DMCA (Digital Millennium Copyright Act) Policy describes how we handle copyright infringement claims for content published on novaiptv.org. We take intellectual property rights seriously and respond promptly to legitimate DMCA notices. Filing a DMCA Complaint If you are a&#8230;<\/p>","protected":false},"author":1,"featured_media":0,"parent":0,"menu_order":0,"comment_status":"closed","ping_status":"closed","template":"","meta":{"footnotes":""},"class_list":["post-7398","page","type-page","status-publish","hentry"],"_links":{"self":[{"href":"https:\/\/novaiptv.to\/pl\/wp-json\/wp\/v2\/pages\/7398","targetHints":{"allow":["GET"]}}],"collection":[{"href":"https:\/\/novaiptv.to\/pl\/wp-json\/wp\/v2\/pages"}],"about":[{"href":"https:\/\/novaiptv.to\/pl\/wp-json\/wp\/v2\/types\/page"}],"author":[{"embeddable":true,"href":"https:\/\/novaiptv.to\/pl\/wp-json\/wp\/v2\/users\/1"}],"replies":[{"embeddable":true,"href":"https:\/\/novaiptv.to\/pl\/wp-json\/wp\/v2\/comments?post=7398"}],"version-history":[{"count":0,"href":"https:\/\/novaiptv.to\/pl\/wp-json\/wp\/v2\/pages\/7398\/revisions"}],"wp:attachment":[{"href":"https:\/\/novaiptv.to\/pl\/wp-json\/wp\/v2\/media?parent=7398"}],"curies":[{"name":"wp","href":"https:\/\/api.w.org\/{rel}","templated":true}]}}