{"id":7748,"date":"2025-07-19T11:13:10","date_gmt":"2025-07-19T11:13:10","guid":{"rendered":"https:\/\/novaiptv.org\/?page_id=7748"},"modified":"2025-07-19T11:13:10","modified_gmt":"2025-07-19T11:13:10","slug":"przewodnik-po-iptv","status":"publish","type":"page","link":"https:\/\/novaiptv.to\/pl\/przewodnik-po-iptv\/","title":{"rendered":"7 Surprising Truths About IPTVs &#038; The Best IPTV Services for 2025"},"content":{"rendered":"<div data-elementor-type=\"wp-page\" data-elementor-id=\"7748\" class=\"elementor elementor-7748\" data-elementor-post-type=\"page\">\n\t\t\t\t<div class=\"elementor-element elementor-element-6676031 e-flex e-con-boxed e-con e-parent\" data-id=\"6676031\" data-element_type=\"container\" data-e-type=\"container\">\n\t\t\t\t\t<div class=\"e-con-inner\">\n\t\t\t\t\t<\/div>\n\t\t\t\t<\/div>\n\t\t<div class=\"elementor-element elementor-element-c58c47b e-flex e-con-boxed e-con e-parent\" data-id=\"c58c47b\" data-element_type=\"container\" data-e-type=\"container\">\n\t\t\t\t\t<div class=\"e-con-inner\">\n\t\t\t\t<div class=\"elementor-element elementor-element-eac6538 elementor-widget elementor-widget-html\" data-id=\"eac6538\" data-element_type=\"widget\" data-e-type=\"widget\" data-widget_type=\"html.default\">\n\t\t\t\t\t<section class=\"iptv-article-section\">\n  <style>\n    .iptv-article-section{\n      --iptv-max-width: 960px;\n      --iptv-accent:#2563eb;\n      --iptv-bg:#0f1115;\n      --iptv-surface:#161a20;\n      --iptv-border:#2a3039;\n      --iptv-text:#e5e7eb;\n      --iptv-muted:#94a3b8;\n      --iptv-radius:14px;\n      --iptv-gradient:linear-gradient(135deg,#1e293b 0%,#0f172a 60%,#020617 100%);\n      background:var(--iptv-bg);\n      padding: clamp(2rem,4vw,3.5rem) 1.25rem;\n      font-family: \"Inter\", system-ui, -apple-system, BlinkMacSystemFont, \"Segoe UI\", Roboto, \"Helvetica Neue\", Arial, sans-serif;\n      line-height:1.6;\n      color:var(--iptv-text);\n    }\n    .iptv-article-section .iptv-container{\n      max-width:var(--iptv-max-width);\n      margin:0 auto;\n      background:var(--iptv-surface);\n      border:1px solid var(--iptv-border);\n      padding:clamp(1.75rem,2.5vw,2.5rem) clamp(1.5rem,2.5vw,3rem);\n      border-radius:var(--iptv-radius);\n      box-shadow:0 8px 28px -6px rgba(0,0,0,.55),0 0 0 1px rgba(255,255,255,0.02) inset;\n      background-image:\n        radial-gradient(circle at 15% 10%,rgba(59,130,246,.15),transparent 60%),\n        radial-gradient(circle at 85% 85%,rgba(56,189,248,.1),transparent 55%),\n        var(--iptv-gradient);\n      overflow:hidden;\n    }\n    .iptv-article-section img.logo{\n      display:block;\n      max-width:140px;\n      margin:0 0 1.25rem;\n      filter:drop-shadow(0 4px 10px rgba(0,0,0,.4));\n    }\n    .iptv-article-section h1,\n    .iptv-article-section h2,\n    .iptv-article-section h3{\n      font-weight:600;\n      line-height:1.25;\n      letter-spacing:-.02em;\n      scroll-margin-top:90px;\n    }\n    .iptv-article-section h1{\n      font-size:clamp(2.1rem,4.2vw,3.1rem);\n      background:linear-gradient(90deg,#60a5fa,#38bdf8 40%,#818cf8);\n      -webkit-background-clip:text;\n      color:transparent;\n      margin:0 0 1.2rem;\n    }\n    .iptv-article-section h2{\n      font-size:clamp(1.55rem,2.9vw,2.1rem);\n      margin:2.4rem 0 1rem;\n      color:#f1f5f9;\n      position:relative;\n    }\n    .iptv-article-section h2:after{\n      content:\"\";\n      position:absolute;\n      left:0;\n      bottom:-.55rem;\n      width:68px;\n      height:3px;\n      border-radius:3px;\n      background:linear-gradient(90deg,#3b82f6,#0ea5e9);\n      box-shadow:0 0 0 1px rgba(255,255,255,.05);\n    }\n    .iptv-article-section h3{\n      font-size:clamp(1.25rem,2.2vw,1.5rem);\n      margin:2.1rem 0 .85rem;\n      color:#e2e8f0;\n    }\n    .iptv-article-section p{\n      margin:0 0 1.05rem;\n      font-size:1.01rem;\n    }\n    .iptv-article-section p strong{color:#f8fafc;}\n    .iptv-article-section ul{\n      margin:0 0 1.4rem 1.15rem;\n      padding:0;\n      list-style:none;\n    }\n    .iptv-article-section ul li{\n      position:relative;\n      padding:.4rem .75rem .4rem 1.75rem;\n      margin:.25rem 0;\n      background:rgba(255,255,255,.04);\n      border:1px solid rgba(255,255,255,.07);\n      border-radius:10px;\n      font-size:.97rem;\n      line-height:1.45;\n      backdrop-filter:blur(4px);\n    }\n    .iptv-article-section ul li:before{\n      content:\"\";\n      position:absolute;\n      left:.7rem;\n      top:50%;\n      width:.55rem;\n      height:.55rem;\n      background:linear-gradient(135deg,#3b82f6,#0ea5e9);\n      border-radius:50%;\n      transform:translateY(-50%);\n      box-shadow:0 0 0 3px rgba(59,130,246,.15);\n    }\n    .iptv-article-section a{\n      color:#38bdf8;\n      text-decoration:none;\n      font-weight:500;\n      position:relative;\n    }\n    .iptv-article-section a:after{\n      content:\"\";\n      position:absolute;\n      left:0;\n      bottom:-2px;\n      width:100%;\n      height:2px;\n      background:linear-gradient(90deg,#3b82f6,#06b6d4);\n      transform:scaleX(0);\n      transform-origin:left;\n      transition:.35s cubic-bezier(.65,.05,.36,1);\n    }\n    .iptv-article-section a:hover:after{transform:scaleX(1);}\n    .iptv-article-section blockquote{\n      margin:2rem 0;\n      padding:1.25rem 1.5rem 1.25rem 1.25rem;\n      border-left:5px solid #38bdf8;\n      background:rgba(56,189,248,.08);\n      border-radius:0 14px 14px 0;\n      font-style:italic;\n    }\n    .iptv-article-section code{\n      background:#1e293b;\n      color:#f1f5f9;\n      padding:.2em .5em;\n      border-radius:6px;\n      font-size:.85rem;\n      font-family:ui-monospace, SFMono-Regular, Menlo, Monaco, \"Courier New\", monospace;\n    }\n    .iptv-meta{\n      font-size:.8rem;\n      letter-spacing:.06em;\n      text-transform:uppercase;\n      margin-bottom:1.2rem;\n      color:var(--iptv-muted);\n    }\n    .iptv-article-section hr{\n      border:none;\n      height:1px;\n      background:linear-gradient(90deg,transparent,#334155 20%,#334155 80%,transparent);\n      margin:2.75rem 0;\n    }\n    .iptv-article-section .iptv-grid{\n      display:grid;\n      gap:1.25rem;\n    }\n    .iptv-article-section strong{font-weight:600;}\n    @media (min-width:780px){\n      .iptv-article-section ul li{display:block;}\n    }\n  <\/style>\n  <div class=\"iptv-container\">\n\n    <h1>Czym s\u0105 us\u0142ugi IPTV? Zrozumienie myl\u0105cego terminu zwi\u0105zanego z us\u0142ugami IPTV<\/h1>\n\n    <meta name=\"description\" content=\"Ciekawi Ci\u0119 \u201cIPTV\u201d? Odkryj prawdziwe znaczenie tego terminu i poznaj najlepsze us\u0142ugi IPTV w 2025 roku. Streamuj inteligentniej z NovaIPTV.\">\n\n    <h2>Wprowadzenie do telewizji internetowej \u2013 niezrozumiane poj\u0119cie<\/h2>\n    <p>Je\u015bli szukasz has\u0142a \u201cIPTV\u201d, nie jeste\u015b sam. Wiele os\u00f3b natyka si\u0119 na to has\u0142o, szukaj\u0105c sposob\u00f3w na ulepszenie swoich us\u0142ug streamingowych. Ale co dok\u0142adnie oznaczaj\u0105? <strong>s\u0105 to IPTV<\/strong>, i czy to jest w og\u00f3le poprawna nazwa tego, czego szukasz?<\/p>\n    <p>Rozwiejmy to zamieszanie:<\/p>\n    <ul>\n      <li>Poprawny termin to <strong>Telewizja IP<\/strong>, co oznacza <em>Telewizja internetowa<\/em>.<\/li>\n      <li>\u201cIPTV\u201d w liczbie mnogiej to cz\u0119ste pomy\u0142ki, cz\u0119sto u\u017cywane na forach i platformach handlowych. Zazwyczaj oznacza to, \u017ce ludzie szukaj\u0105 <strong><a href=\"https:\/\/novaiptv.to\/pl\/strategie-iptv-odyssey\/\">Us\u0142ugi IPTV<\/strong>, <strong>Dostawcy IPTV<\/strong>, lub nawet konkretnych urz\u0105dze\u0144 umo\u017cliwiaj\u0105cych strumieniowanie IPTV<\/a>.<\/li>\n      <li>Liczba mnoga \u201cIPTV\u201d nie odnosi si\u0119 do rodzaju produktu. Chodzi raczej o <a href=\"https:\/\/novaiptv.to\/pl\/cennik-nova-iptv\/\">Subskrypcje IPTV<\/a>, platformy streamingowe lub czasami urz\u0105dzenia obs\u0142uguj\u0105ce telewizj\u0119 IPTV.<\/li>\n    <\/ul>\n    <p>Czytaj\u0105c dalej, nie tylko zrozumiesz prawdziwe znaczenie poj\u0119cia \u201cIPTV\u201d, ale odkryjesz r\u00f3wnie\u017c, w jaki spos\u00f3b NovaIPTV mo\u017ce sprawi\u0107, \u017ce Twoje wra\u017cenia ze strumieniowania b\u0119d\u0105 znacznie lepsze ni\u017c w przypadku tradycyjnej telewizji.<\/p>\n\n    <h2>Co to jest IPTV?<\/h2>\n    <p>Aby naprawd\u0119 zrozumie\u0107, co ludzie maj\u0105 na my\u015bli m\u00f3wi\u0105c \u201ctelewizja IPTV\u201d, najpierw przyjrzyjmy si\u0119 bli\u017cej temu, co oznacza <a href=\"https:\/\/en.wikipedia.org\/wiki\/Internet_Protocol_television\" target=\"_blank\" rel=\"noopener\"> Telewizja IP <\/a> chodzi o to.<\/p>\n\n    <h3>Jak dzia\u0142a IPTV<\/h3>\n    <p>Zamiast konwencjonalnych sygna\u0142\u00f3w kablowych lub satelitarnych, <strong>IPTV (telewizja internetowa)<\/strong> dostarcza telewizj\u0119 na \u017cywo <a href=\"https:\/\/novaiptv.to\/pl\/kanaly\/\">kana\u0142y<\/a> i tre\u015bci na \u017c\u0105danie przez internet. Pomy\u015bl o tym jak o Netflixie czy YouTube, ale z uwzgl\u0119dnieniem wszystkich Twoich potrzeb zwi\u0105zanych z telewizj\u0105 na \u017cywo.<\/p>\n    <p>Oto jak to dzia\u0142a:<\/p>\n    <ul>\n      <li>Jaki\u015b <a href=\"https:\/\/novaiptv.to\/pl\/5-reasons-nova-iptv-is-the-top-streaming-service-now\/\" title=\"5 powod\u00f3w, dla kt\u00f3rych Nova IPTV jest obecnie najlepsz\u0105 us\u0142ug\u0105 streamingow\u0105!\" data-wpil-monitor-id=\"189\">Dostawca IPTV hostuje kana\u0142y telewizyjne i transmisje strumieniowe<\/a> na bezpiecznych serwerach.<\/li>\n      <li>Kiedy ty <a href=\"https:\/\/novaiptv.to\/pl\/kup-subskrypcje-iptv-w-usa-2025\/\">kup abonament IPTV<\/a>, otrzymasz dane logowania lub link do listy odtwarzania.<\/li>\n      <li>Po prostu u\u017cyj <a href=\"https:\/\/novaiptv.to\/pl\/najlepszy-odtwarzacz-iptv-dla-fire-stick\/\">Aplikacja IPTV<\/a> (na telewizorze Smart TV, Fire Stick lub telefonie), aby uzyska\u0107 dost\u0119p do tysi\u0119cy kana\u0142\u00f3w i program\u00f3w na \u017cywo za po\u015brednictwem po\u0142\u0105czenia internetowego.<\/li>\n    <\/ul>\n    <p>Wyobra\u017a sobie, \u017ce wymieniasz star\u0105 anten\u0119 telewizyjn\u0105 na szybkie \u0142\u0105cze Wi-Fi \u2014 bez kabli, dekoder\u00f3w i ogranicze\u0144 geograficznych.<\/p>\n\n    <h3>Korzy\u015bci w por\u00f3wnaniu z tradycyjn\u0105 telewizj\u0105 kablow\u0105\/satelitarn\u0105<\/h3>\n    <p>Ludzie przechodz\u0105 z telewizji kablowej na <a href=\"https:\/\/novaiptv.to\/pl\/przewodnik-po-xtream-iptv-kanada-2025\/\">Us\u0142ugi IPTV<\/a> z bardzo dobrych powod\u00f3w:<\/p>\n    <ul>\n      <li><strong>Szerszy wyb\u00f3r<\/strong>:Dost\u0119p do tysi\u0119cy globalnych kana\u0142\u00f3w i tre\u015bci na \u017c\u0105danie.<\/li>\n      <li><strong>W podr\u00f3\u017cy<\/strong>: U\u017cywa\u0107 <a href=\"https:\/\/novaiptv.to\/pl\/iptv\/canada\/\" title=\"IPTV Kanada 2025 \u2013 Kompletny przewodnik po Nova IPTV (plany, urz\u0105dzenia i bezp\u0142atny okres pr\u00f3bny)\" data-wpil-monitor-id=\"152\">IPTV na niemal ka\u017cdym urz\u0105dzeniu<\/a>, wsz\u0119dzie tam, gdzie jest dost\u0119p do Internetu.<\/li>\n      <li><strong>Elastyczno\u015b\u0107<\/strong>:Wybieraj spo\u015br\u00f3d plan\u00f3w kr\u00f3tkoterminowych lub d\u0142ugoterminowych, a nie sztywnych um\u00f3w rocznych.<\/li>\n      <li><strong>Oszcz\u0119dno\u015b\u0107 koszt\u00f3w<\/strong>: <a href=\"https:\/\/novaiptv.to\/pl\/najlepsza-subskrypcja-iptv-2025\/\">Subskrypcje IPTV<\/a> s\u0105 cz\u0119sto du\u017co ta\u0144sze ni\u017c tradycyjne pakiety telewizji kablowej lub satelitarnej.<\/li>\n      <li><strong>Bogate funkcje<\/strong>:Ciesz si\u0119 jako\u015bci\u0105 HD\/4K, elektronicznym przewodnikiem po programach (EPG), a nawet funkcjami powt\u00f3rki\/catch-up.<\/li>\n    <\/ul>\n\n    <h3>Czego potrzebujesz, aby korzysta\u0107 z IPTV<\/h3>\n    <p>Rozpocz\u0119cie korzystania z IPTV jest prostsze, ni\u017c mog\u0142oby si\u0119 wydawa\u0107. Oto, czego potrzebujesz:<\/p>\n    <ul>\n      <li><strong>Niezawodny dostawca IPTV<\/strong> (jak NovaIPTV)<\/li>\n      <li><strong>Stabilne, szybkie po\u0142\u0105czenie internetowe<\/strong> (zalecane co najmniej 10 Mb\/s)<\/li>\n      <li><strong>Kompatybilne urz\u0105dzenie<\/strong> \u2013 Smart TV, <a href=\"https:\/\/novaiptv.to\/pl\/zainstaluj-protonvpn-na-swoim-fire-sticku-2025\/\">Fire TV Stick<\/a>, MAG box, telefon z systemem Android, tablet, urz\u0105dzenie z systemem iOS lub komputer PC.<\/li>\n      <li><strong>Jaki\u015b <\/strong><a href=\"https:\/\/novaiptv.to\/pl\/inteligentniejsze-iptv-lg-smart-tv-2025\/\">Aplikacja IPTV \u2013 opcje obejmuj\u0105 Smart IPTV, IPTV Smarters<\/a>, TiviMate i inne.<\/li>\n    <\/ul>\n    <p>Chcesz wiedzie\u0107, kt\u00f3re urz\u0105dzenie jest najlepsze? Sprawd\u017a nasze <a href=\"\/pl\/smart-tv-2025\/\">Przewodnik po Smart TV 2025<\/a>.<\/p>\n\n    <h2>Dlaczego ludzie szukaj\u0105 \u201ctelewizji IPTV\u201d?<\/h2>\n    <p>Mo\u017cesz si\u0119 zastanawia\u0107, dlaczego tak wiele os\u00f3b wyszukuje \u201ciptvs\u201d zamiast \u201cIPTV\u201d. Oto dlaczego:<\/p>\n    <ul>\n      <li><strong>Typowe liter\u00f3wki i automatyczne sugestie<\/strong>:Wyszukiwarki cz\u0119sto automatycznie uzupe\u0142niaj\u0105 zapytania \u201ciptvs\u201d, poniewa\u017c wielu u\u017cytkownik\u00f3w wpisuje to has\u0142o przez pomy\u0142k\u0119 lub z przyzwyczajenia.<\/li>\n      <li><strong>Odniesienia og\u00f3lne<\/strong>:Na rynkach internetowych i forach ludzie odwo\u0142uj\u0105 si\u0119 do <a href=\"https:\/\/novaiptv.to\/pl\/\">Us\u0142ugi IPTV<\/a> zbiorczo jako \u201ctelewizje IPTV\u201d.\u201d<\/li>\n      <li><strong>Popularne wzorce wyszukiwania<\/strong>:W miar\u0119 jak coraz wi\u0119cej u\u017cytkownik\u00f3w eksperymentuje z przesy\u0142aniem strumieniowym w domu, pojawiaj\u0105 si\u0119 takie okre\u015blenia jak \u201cnajlepszy <a href=\"https:\/\/novaiptv.to\/pl\/kup-subskrypcje-iptv-w-usa-2025\/\">IPTV<\/a> \u201ddla Firestick\u201c, \u201dtanie IPTV\u201c lub \u201ddzia\u0142aj\u0105ce IPTV w 2025 roku\u201d \u2013 to popularne trendy w analityce wyszukiwania.<\/li>\n    <\/ul>\n    <p>Je\u015bli tu jeste\u015b, to na pewno szukasz najnowszych i <a class=\"wpil_keyword_link\" href=\"https:\/\/novaiptv.to\/pl\/\" title=\"najlepsza telewizja IPTV\" data-wpil-keyword-link=\"linked\">najlepsza telewizja IPTV<\/a> us\u0142ugi, bez wzgl\u0119du na pisowni\u0119.<\/p>\n\n    <h2>Telewizja IPTV kontra abonamenty IPTV: o co tak naprawd\u0119 chodzi?<\/h2>\n    <p>Wyja\u015bnijmy: \u201cIPTV\u201d nie odnosi si\u0119 do urz\u0105dze\u0144 ani innego poziomu us\u0142ug \u2014 chodzi tu o <a href=\"https:\/\/novaiptv.to\/pl\/nova-iptv-uk-premium-iptv-subscription\/\">Subskrypcje IPTV<\/a> i dostawc\u00f3w.<\/p>\n    <p><a href=\"https:\/\/novaiptv.to\/pl\/bezplatny-okres-probny-iptv-kanada-2025\/\"><\/a><a href=\"https:\/\/novaiptv.to\/pl\/bezplatny-okres-probny-iptv-kanada-2025\/\"><\/a><strong>Oto, na co nale\u017cy zwr\u00f3ci\u0107 uwag\u0119, szukaj\u0105c niezawodnych us\u0142ug IPTV:<\/strong><\/p>\n    <ul>\n      <li><strong>Szeroki wyb\u00f3r kana\u0142\u00f3w:<\/strong> Mi\u0119dzynarodowe, lokalne, sportowe, rozrywkowe, PPV, dla dzieci, filmy.<\/li>\n      <li><strong>Wysokiej jako\u015bci strumienie:<\/strong> Oferuje opcje HD lub 4K, minimalne buforowanie.<\/li>\n      <li><strong>\u0141atwa konfiguracja:<\/strong> Prosty adres URL playlisty lub portalu dzia\u0142a na wi\u0119kszo\u015bci urz\u0105dze\u0144.<\/li>\n      <li><strong>Wsparcie 24\/7:<\/strong> Pomoc przez czat lub e-mail, dzi\u0119ki kt\u00f3rej b\u0119dziesz m\u00f3g\u0142 bez przeszk\u00f3d przesy\u0142a\u0107 strumieniowo.<\/li>\n    <\/ul>\n\n    <h3>Oferta NovaIPTV<\/h3>\n    <p>NovaIPTV jest rozpoznawana za:<\/p>\n    <ul>\n      <li><strong>Stabilne, wysokiej jako\u015bci strumienie<\/strong> z ponad 20 000 kana\u0142\u00f3w.<\/li>\n      <li><strong>Ultraszybkie serwery<\/strong> dla p\u0142ynnego streamingu, nawet podczas najwa\u017cniejszych wydarze\u0144 sportowych.<\/li>\n      <li><strong>Elastyczne plany<\/strong> dla ka\u017cdego bud\u017cetu. Odkryj teraz na naszej <a href=\"\/pl\/plans\/\">Strona plan\u00f3w<\/a>.<\/li>\n      <li><strong>Przyjazny dla u\u017cytkownika <\/strong><a href=\"https:\/\/novaiptv.to\/pl\/konfiguracja-iptv-smarters-pro-2025\/\" title=\"Konfiguracja IPTV Smarters Pro dla NovaIPTV \u2014 instalacja, EPG i wskaz\u00f3wki\" data-wpil-monitor-id=\"10\">wsparcie instalacji \u2014 od konfiguracji<\/a> przewodniki po pomocy na czacie na \u017cywo.<\/li>\n    <\/ul>\n    <p>Szukasz \u201ciptvs\u201d? Trafi\u0142e\u015b do jednego z najbardziej niezawodnych dostawc\u00f3w IPTV w 2025 roku.<\/p>\n\n    <h2>Jak wybra\u0107 najlepsz\u0105 us\u0142ug\u0119 IPTV w 2025 roku<\/h2>\n    <p>Przy tak wielu dost\u0119pnych opcjach, jak rozpozna\u0107, kt\u00f3ra <a class=\"wpil_keyword_link\" href=\"https:\/\/novaiptv.to\/pl\/\" title=\"Subskrypcja IPTV\" data-wpil-keyword-link=\"linked\">Subskrypcja IPTV<\/a> jest dla Ciebie odpowiedni? Pami\u0119taj o tych czynnikach:<\/p>\n    <ul>\n      <li><strong>Stabilno\u015b\u0107 i dost\u0119pno\u015b\u0107:<\/strong> Wa\u017cne jest, aby us\u0142uga dzia\u0142a\u0142a sp\u00f3jnie \u2014 nie chcesz przecie\u017c buforowania podczas wa\u017cnego meczu.<\/li>\n      <li><strong>Elektroniczny przewodnik po programach (EPG):<\/strong> Wbudowany przewodnik telewizyjny u\u0142atwia prze\u0142\u0105czanie kana\u0142\u00f3w.<\/li>\n      <li><strong>Obszerna biblioteka tre\u015bci:<\/strong> Wi\u0119cej kana\u0142\u00f3w, wi\u0119kszy wyb\u00f3r \u2014 szukaj zasi\u0119gu globalnego.<\/li>\n      <li><strong>Obs\u0142uga klienta:<\/strong> Szybka pomoc, kiedy jej potrzebujesz.<\/li>\n      <li><strong>Streamy HD i 4K:<\/strong> Aby uzyska\u0107 najostrzejszy obraz, wybierz opcje wysokiej jako\u015bci.<\/li>\n      <li><strong>Zgodno\u015b\u0107:<\/strong> Upewnij si\u0119, \u017ce dostawca wsp\u00f3\u0142pracuje z Twoimi urz\u0105dzeniami \u2014 Firestick, Smart TV, Android itp.<\/li>\n    <\/ul>\n\n    <h3>Dlaczego warto wybra\u0107 NovaIPTV?<\/h3>\n    <ul>\n      <li><strong>Niezawodny czas pracy<\/strong> i wiod\u0105c\u0105 w bran\u017cy niezawodno\u015b\u0107.<\/li>\n      <li><strong>Pe\u0142ne funkcje EPG i catch-up<\/strong> \u2014 dzi\u0119ki czemu nigdy nie przegapisz ulubionego programu.<\/li>\n      <li><strong>Transmisja strumieniowa na wszystkich g\u0142\u00f3wnych platformach<\/strong> - w tym <a href=\"\/pl\/smart-tv-2025\/\">Telewizory Smart TV<\/a>, <a href=\"\/pl\/smart-tv-2025\/\">Firestick<\/a>, <a href=\"\/pl\/ios-apple-2025\/\">Android\/iOS<\/a>.<\/li>\n      <li><strong>Przejrzyste, przyst\u0119pne ceny<\/strong> \u2014 bez ukrytych op\u0142at.<\/li>\n      <li><strong>Bezpieczny okres pr\u00f3bny<\/strong> aby\u015b sam m\u00f3g\u0142 zobaczy\u0107 r\u00f3\u017cnic\u0119.<\/li>\n    <\/ul>\n    <p>Odkryj nasze najnowsze <a href=\"\/pl\/plans\/\">plany i oferty<\/a> Teraz.<\/p>\n\n    <h2>Czy korzystanie z telewizji IPTV jest bezpieczne i legalne?<\/h2>\n    <p>\u201c&quot;Jest <a href=\"https:\/\/novaiptv.to\/pl\/czy-iptv-jest-legalne-w-kanadzie\/\">Telewizja IP<\/a> \u201dCzy to legalne?\u201d to kolejne wa\u017cne pytanie, jakie pojawia si\u0119 po znalezieniu odpowiedniego dostawcy IPTV.<\/p>\n    <ul>\n      <li><strong>Legalno\u015b\u0107 zale\u017cy od us\u0142ugi<\/strong>:Nie wszystkie <a href=\"https:\/\/novaiptv.to\/pl\/najlepsze-uslugi-iptv-reddit-w-kanadzie-na-rok-2\/\">Us\u0142ugi IPTV<\/a> S\u0105 legalne. Upewnij si\u0119, \u017ce wybierzesz dostawc\u0119 IPTV z dobr\u0105 opini\u0105 i spe\u0142niaj\u0105cego wymogi.<\/li>\n      <li><strong>Prywatno\u015b\u0107 osobista<\/strong>:Transmisja strumieniowa tre\u015bci, zw\u0142aszcza ze \u017ar\u00f3de\u0142 mi\u0119dzynarodowych, mo\u017ce wi\u0105za\u0107 si\u0119 z wi\u0119kszymi ograniczeniami prywatno\u015bci lub ograniczeniami geograficznymi.<\/li>\n    <\/ul>\n\n    <h3>Chro\u0144 si\u0119 za pomoc\u0105 VPN<\/h3>\n    <p>VPN (wirtualna sie\u0107 prywatna) szyfruje Twoj\u0105 aktywno\u015b\u0107 i pomaga unikn\u0105\u0107 blokad regionalnych lub ogranicze\u0144 przepustowo\u015bci narzucanych przez dostawc\u00f3w us\u0142ug internetowych. Zachowaj bezpiecze\u0144stwo, post\u0119puj\u0105c zgodnie z naszymi wskaz\u00f3wkami. <a href=\"\/pl\/vpn-setup\/\">Przewodnik po konfiguracji VPN<\/a>.<\/p>\n    <p><strong>Wskaz\u00f3wka:<\/strong> Zawsze \u0142\u0105cz swoje <a class=\"wpil_keyword_link\" href=\"https:\/\/novaiptv.to\/pl\/blog\/porownanie-kosztow-iptv-i-telewizji-kablowej-w-2025-roku\/\" title=\"Subskrypcja IPTV\" data-wpil-keyword-link=\"linked\">Subskrypcja IPTV<\/a> z solidn\u0105 sieci\u0105 VPN zapewniaj\u0105c\u0105 bezpiecze\u0144stwo i spok\u00f3j ducha.<\/p>\n\n    <h2>Urz\u0105dzenia kompatybilne z IPTV<\/h2>\n    <p>Zastanawiasz si\u0119, czy mo\u017cesz korzysta\u0107 ze swoich \u201ctelewizji IPTV\u201d w swojej obecnej konfiguracji? Us\u0142ugi IPTV s\u0105 dzi\u015b niezwykle elastyczne.<\/p>\n\n    <h3>Obs\u0142ugiwane urz\u0105dzenia obejmuj\u0105:<\/h3>\n    <ul>\n      <li><strong>Telewizory Smart TV<\/strong> (LG, Samsung, Sony i inne)<\/li>\n      <li><strong>Amazon Firestick<\/strong> i Fire TV<\/li>\n      <li><strong>Telefony i tablety z Androidem<\/strong><\/li>\n      <li><strong>iPhone, iPad, Apple TV<\/strong><\/li>\n      <li><strong>Pude\u0142ka MAG, Enigma2<\/strong><\/li>\n      <li><strong>Komputery z systemem Windows i Mac<\/strong><\/li>\n    <\/ul>\n    <p>Aby uzyska\u0107 szczeg\u00f3\u0142owe informacje na temat najlepszej konfiguracji urz\u0105dzenia, zapoznaj si\u0119 z naszymi przewodnikami <a href=\"\/pl\/smart-tv-2025\/\">Telewizory Smart TV<\/a> I <a href=\"\/pl\/ios-apple-2025\/\">Urz\u0105dzenia Apple<\/a>.<\/p>\n\n    <h2>Podsumowanie \u2013 telewizja internetowa mo\u017ce by\u0107 z\u0142ym okre\u015bleniem, ale jeste\u015b we w\u0142a\u015bciwym miejscu<\/h2>\n    <p>Chocia\u017c \u201cIPTV\u201d technicznie rzecz bior\u0105c nie jest poprawne, Twoje wyszukiwanie doprowadzi\u0142o Ci\u0119 we w\u0142a\u015bciwe miejsce. Niezale\u017cnie od tego, czy szukasz IPTV dla Fire Stick, szukasz nowego do\u015bwiadczenia streamingowego, czy chcesz por\u00f3wna\u0107 <a href=\"https:\/\/novaiptv.to\/pl\/najlepsze-uslugi-iptv-w-wielkiej-brytanii-w-2025-roku\/\">najlepsze us\u0142ugi IPTV<\/a> w 2025 roku, <strong>NovaIPTV<\/strong> jest Twoim zaufanym partnerem w \u015bwiecie IPTV.<\/p>\n    <p><strong>Gotowy na podniesienie poziomu streamingu?<\/strong><\/p>\n    <ul>\n      <li>Odkryj nasz\u0105 elastyczn\u0105 <a href=\"\/pl\/plans\/\">Plany IPTV<\/a>.<\/li>\n      <li>Przeczytaj pomocne <a href=\"https:\/\/novaiptv.to\/pl\/iptv\/usa\/\" title=\"IPTV USA 2025 \u2013 Kompletny przewodnik po Nova IPTV (najlepsze plany, urz\u0105dzenia i konfiguracja)\" data-wpil-monitor-id=\"118\">przewodniki konfiguracji dla Twojego urz\u0105dzenia<\/a>.<\/li>\n      <li>Ciesz si\u0119 bez ryzyka us\u0142ug\u0105 IPTV z gwarancj\u0105 zwrotu pieni\u0119dzy.<\/li>\n    <\/ul>\n    <p>Przesta\u0144 szuka\u0107 \u201ciptvs\u201d i zacznij streamowa\u0107 m\u0105drzej dzi\u0119ki NovaIPTV. Przysz\u0142o\u015b\u0107 telewizji jest ju\u017c tutaj \u2014 chwy\u0107 sw\u00f3j <a href=\"\/pl\/plans\/\">Subskrypcja IPTV<\/a> Dzisiaj!<\/p>\n\n    <p><strong>Linki wewn\u0119trzne w tym artykule:<\/strong><\/p>\n    <ul>\n      <li><a href=\"\/pl\/plans\/\">Plany<\/a><\/li>\n      <li><a href=\"\/pl\/vpn-setup\/\">Konfiguracja VPN<\/a><\/li>\n      <li><a href=\"\/pl\/smart-tv-2025\/\">Przewodnik po Smart TV 2025<\/a><\/li>\n      <li><a href=\"\/pl\/ios-apple-2025\/\">Przewodnik po iOS\/Apple 2025<\/a><\/li>\n    <\/ul>\n  <\/div>\n<\/section>\t\t\t\t<\/div>\n\t\t\t\t\t<\/div>\n\t\t\t\t<\/div>\n\t\t\t\t<\/div>","protected":false},"excerpt":{"rendered":"<p>What Are IPTVs? Understanding the Confusing Term Behind IPTV Services Introduction to IPTVs \u2013 A Misunderstood Term If you\u2019ve found yourself searching for \u201cIPTVs,\u201d you\u2019re not alone. Many people stumble across this term when looking for ways to upgrade their&#8230;<\/p>","protected":false},"author":1,"featured_media":7752,"parent":0,"menu_order":0,"comment_status":"closed","ping_status":"closed","template":"","meta":{"footnotes":""},"class_list":["post-7748","page","type-page","status-publish","has-post-thumbnail","hentry"],"_links":{"self":[{"href":"https:\/\/novaiptv.to\/pl\/wp-json\/wp\/v2\/pages\/7748","targetHints":{"allow":["GET"]}}],"collection":[{"href":"https:\/\/novaiptv.to\/pl\/wp-json\/wp\/v2\/pages"}],"about":[{"href":"https:\/\/novaiptv.to\/pl\/wp-json\/wp\/v2\/types\/page"}],"author":[{"embeddable":true,"href":"https:\/\/novaiptv.to\/pl\/wp-json\/wp\/v2\/users\/1"}],"replies":[{"embeddable":true,"href":"https:\/\/novaiptv.to\/pl\/wp-json\/wp\/v2\/comments?post=7748"}],"version-history":[{"count":0,"href":"https:\/\/novaiptv.to\/pl\/wp-json\/wp\/v2\/pages\/7748\/revisions"}],"wp:featuredmedia":[{"embeddable":true,"href":"https:\/\/novaiptv.to\/pl\/wp-json\/wp\/v2\/media\/7752"}],"wp:attachment":[{"href":"https:\/\/novaiptv.to\/pl\/wp-json\/wp\/v2\/media?parent=7748"}],"curies":[{"name":"wp","href":"https:\/\/api.w.org\/{rel}","templated":true}]}}