{"id":7773,"date":"2025-07-29T09:45:37","date_gmt":"2025-07-29T09:45:37","guid":{"rendered":"https:\/\/novaiptv.org\/?page_id=7773"},"modified":"2025-07-29T09:45:37","modified_gmt":"2025-07-29T09:45:37","slug":"iptv-nowa-2025","status":"publish","type":"page","link":"https:\/\/novaiptv.to\/pl\/iptv-nowa-2025\/","title":{"rendered":"IPTV Nova &#8211; Stream Your World in Stunning Clarity 2025"},"content":{"rendered":"<div data-elementor-type=\"wp-page\" data-elementor-id=\"7773\" class=\"elementor elementor-7773\" data-elementor-post-type=\"page\">\n\t\t\t\t<div class=\"elementor-element elementor-element-60fad05 e-flex e-con-boxed e-con e-parent\" data-id=\"60fad05\" data-element_type=\"container\" data-e-type=\"container\">\n\t\t\t\t\t<div class=\"e-con-inner\">\n\t\t\t\t<div class=\"elementor-element elementor-element-1e03b46 elementor-widget elementor-widget-html\" data-id=\"1e03b46\" data-element_type=\"widget\" data-e-type=\"widget\" data-widget_type=\"html.default\">\n\t\t\t\t\t<style>\n    * {\n      margin: 0;\n      padding: 0;\n      box-sizing: border-box;\n      font-family: 'Montserrat', sans-serif;\n    }\n    body {\n      background: #f0f4f8;\n      color: #1a202c;\n      line-height: 1.8;\n      overflow-x: hidden;\n    }\n    header {\n      background: linear-gradient(135deg, #6b46c1, #00c4b4);\n      color: white;\n      text-align: center;\n      padding: 5rem 1rem;\n      position: relative;\n      overflow: hidden;\n    }\n    header::before {\n      content: '';\n      position: absolute;\n      top: -20%;\n      left: -20%;\n      width: 140%;\n      height: 140%;\n      background: radial-gradient(circle, rgba(255,255,255,0.3), transparent);\n      transform: rotate(30deg);\n      z-index: 0;\n    }\n    h1 {\n      font-family: 'Playfair Display', serif;\n      font-size: 3.5rem;\n      font-weight: 700;\n      margin-bottom: 1.5rem;\n      position: relative;\n      z-index: 1;\n      text-shadow: 0 3px 6px rgba(0,0,0,0.3);\n    }\n    h2 {\n      font-family: 'Playfair Display', serif;\n      font-size: 2.3rem;\n      font-weight: 600;\n      color: #2d3748;\n      margin: 3.5rem 0 1.5rem;\n      text-align: center;\n      position: relative;\n    }\n    h2::after {\n      content: '';\n      display: block;\n      width: 60px;\n      height: 4px;\n      background: #00c4b4;\n      margin: 0.5rem auto;\n      border-radius: 2px;\n    }\n    h3 {\n      font-size: 1.6rem;\n      font-weight: 600;\n      color: #2d3748;\n      margin: 2rem 0 1rem;\n    }\n    section {\n      max-width: 1300px;\n      margin: 3rem auto;\n      padding: 0 2rem;\n    }\n    p {\n      font-size: 1.15rem;\n      margin-bottom: 1.3rem;\n      color: #4a5568;\n    }\n\n\n  \n\n    .cta-button {\n      display: inline-block;\n      background: linear-gradient(45deg, #ed8936, #f56565);\n      color: white;\n      padding: 1.2rem 3rem;\n      border-radius: 50px;\n      text-decoration: none;\n      font-weight: 600;\n      font-size: 1.2rem;\n      transition: transform 0.3s ease, box-shadow 0.3s ease;\n      box-shadow: 0 5px 15px rgba(0,0,0,0.2);\n      position: relative;\n      z-index: 1;\n    }\n    .cta-button:hover {\n      transform: translateY(-5px);\n      box-shadow: 0 8px 20px rgba(0,0,0,0.3);\n      background: linear-gradient(45deg, #f56565, #ed8936);\n    }\n    .pricing-grid {\n      display: grid;\n      grid-template-columns: repeat(auto-fit, minmax(300px, 1fr));\n      gap: 2rem;\n      margin-top: 2rem;\n    }\n    .pricing-card {\n      background: white;\n      padding: 2.5rem;\n      border-radius: 20px;\n      box-shadow: 0 8px 16px rgba(0,0,0,0.1);\n      text-align: center;\n      transition: transform 0.3s ease, box-shadow 0.3s ease;\n      position: relative;\n      overflow: hidden;\n    }\n    .pricing-card::before {\n      content: '';\n      position: absolute;\n      top: 0;\n      left: 0;\n      width: 100%;\n      height: 5px;\n      background: linear-gradient(90deg, #6b46c1, #00c4b4);\n    }\n    .pricing-card:hover {\n      transform: translateY(-8px);\n      box-shadow: 0 12px 24px rgba(0,0,0,0.2);\n    }\n    .pricing-card h3 {\n      font-size: 1.8rem;\n      color: #2d3748;\n    }\n    .pricing-card p {\n      font-size: 2rem;\n      font-weight: 700;\n      color: #2d3748;\n      margin: 1.2rem 0;\n    }\n    .highlight {\n      background: #e6fffa;\n      padding: 0.4rem 1rem;\n      border-radius: 20px;\n      font-size: 0.95rem;\n      color: #2d3748;\n      display: inline-block;\n      margin-bottom: 1.2rem;\n      font-weight: 600;\n    }\n    .feature-box {\n      display: flex;\n      align-items: center;\n      gap: 1rem;\n      margin-bottom: 1.5rem;\n    }\n    .feature-icon {\n      font-size: 2.5rem;\n      color: #00c4b4;\n    }\n    footer {\n      background: linear-gradient(135deg, #2d3748, #6b46c1);\n      color: white;\n      text-align: center;\n      padding: 2.5rem 1rem;\n      margin-top: 4rem;\n      font-size: 1.1rem;\n    }\n    .social-links a {\n      color: white;\n      margin: 0 0.5rem;\n      text-decoration: none;\n      font-size: 1.2rem;\n      transition: color 0.3s ease;\n    }\n    .social-links a:hover {\n      color: #00c4b4;\n    }\n    a.outbound {\n      color: #6b46c1;\n      text-decoration: underline;\n      transition: color 0.3s ease;\n    }\n    a.outbound:hover {\n      color: #00c4b4;\n    }\n    @media (max-width: 768px) {\n      h1 {\n        font-size: 2.5rem;\n      }\n      h2 {\n        font-size: 1.8rem;\n      }\n      h3 {\n        font-size: 1.4rem;\n      }\n      section {\n        padding: 0 1.5rem;\n      }\n      .pricing-grid {\n        grid-template-columns: 1fr;\n      }\n      .cta-button {\n        padding: 1rem 2rem;\n        font-size: 1rem;\n      }\n    }\n  <\/style>\n<\/head>\n<body>\n  <header>\n    <h1>IPTV Nova \u2013 Twoja rewolucja w streamingu w 2025 roku<\/h1>\n    <p>Ciesz si\u0119 \u017cyw\u0105, p\u0142ynn\u0105 rozrywk\u0105 dzi\u0119ki najwy\u017cej ocenianemu serwisowi streamingowemu!<\/p>\n    <a href=\"https:\/\/panel.novaiptv.org\/\" class=\"cta-button\" target=\"_blank\" rel=\"noopener\">Rozpocznij 36-godzinny bezp\u0142atny okres pr\u00f3bny<\/a>\n  <\/header>\n\n  <section>\n    <h2>Czym jest IPTV Nova?<\/h2>\n    <p>IPTV Nova to Twoja brama do nieograniczonego \u015bwiata rozrywki, oferuj\u0105c ponad 18 000 kana\u0142\u00f3w telewizyjnych na \u017cywo oraz ponad 50 000 film\u00f3w, seriali i program\u00f3w specjalnych bezpo\u015brednio na Twoje urz\u0105dzenia. Dzi\u0119ki najnowocze\u015bniejszej technologii telewizji internetowej (IPTV), us\u0142uga ta eliminuje potrzeb\u0119 drogich abonament\u00f3w telewizji kablowej, oferuj\u0105c ekonomiczny spos\u00f3b korzystania z tre\u015bci premium. Dowiedz si\u0119 wi\u0119cej <a href=\"https:\/\/www.techradar.com\/news\/what-is-iptv\" class=\"outbound\" target=\"_blank\" rel=\"noopener\">jak dzia\u0142a IPTV<\/a> aby zrozumie\u0107 jego zalety w por\u00f3wnaniu z tradycyjn\u0105 telewizj\u0105.<\/p>\n    <p>Od kinowych hit\u00f3w po transmisje sportowe na \u017cywo i wiadomo\u015bci mi\u0119dzynarodowe, <a href=\"https:\/\/novaiptv.to\/pl\/kup-subskrypcje-iptv-w-usa-2025\/\">IPTV Nowa<\/a> Odpowiada na pasje ka\u017cdego widza. Elegancki interfejs i zaawansowana technologia streamingu gwarantuj\u0105, \u017ce Twoje ulubione programy s\u0105 zawsze w zasi\u0119gu r\u0119ki, zmieniaj\u0105c spos\u00f3b, w jaki odbierasz telewizj\u0119 w 2025 roku.<\/p>\n    <p>Niezale\u017cnie od tego, czy jeste\u015b kinomaniakiem, fanatykiem sportu, czy rodzicem poszukuj\u0105cym program\u00f3w dla dzieci, ta us\u0142uga dopasuje si\u0119 do Twoich potrzeb. Dzi\u0119ki elastycznym planom i przyjaznej dla u\u017cytkownika konfiguracji, <a href=\"https:\/\/novaiptv.to\/pl\/kup-subskrypcje-iptv-w-usa-2025\/\">IPTV Nowa<\/a> sprawia, \u017ce rezygnacja z telewizji kablowej staje si\u0119 prosta i satysfakcjonuj\u0105ca.<\/p>\n  <\/section>\n\n  <section>\n    <h2>Dlaczego warto wybra\u0107 t\u0119 us\u0142ug\u0119 przesy\u0142ania strumieniowego?<\/h2>\n    <p>IPTV Nova redefiniuje spos\u00f3b, w jaki korzystasz z telewizji, \u0142\u0105cz\u0105c innowacj\u0119 z wygod\u0105. Oto, co wyr\u00f3\u017cnia j\u0105 w \u015bwiecie streamingu.<\/p>\n    <div class=\"feature-box\">\n      <span class=\"feature-icon\">\ud83d\udcfa<\/span>\n      <p><strong>Obszerna biblioteka tre\u015bci<\/strong>: Dost\u0119p do ponad 18 000 transmisji na \u017cywo <a href=\"https:\/\/novaiptv.to\/pl\/kanaly\/\">kana\u0142y<\/a>, obejmuj\u0105ce sport, wiadomo\u015bci ze \u015bwiata i niszowe programy mi\u0119dzynarodowe, zapewniaj\u0105ce nieograniczon\u0105 r\u00f3\u017cnorodno\u015b\u0107.<\/p>\n    <\/div>\n    <div class=\"feature-box\">\n      <span class=\"feature-icon\">\ud83c\udfa5<\/span>\n      <p><strong>Bliss na \u017c\u0105danie<\/strong>: Ogl\u0105daj ponad 50 000 film\u00f3w i program\u00f3w, codziennie aktualizowanych o takie hity jak *Wicked* i *Silo Sezon 2*.<\/p>\n    <\/div>\n    <div class=\"feature-box\">\n      <span class=\"feature-icon\">\u26a1<\/span>\n      <p><strong>P\u0142ynne przesy\u0142anie strumieniowe<\/strong>:Ciesz si\u0119 jako\u015bci\u0105 4K, FHD i HD dzi\u0119ki technologii zapobiegaj\u0105cej zamarzaniu, nawet korzystaj\u0105c ze standardowego Wi-Fi.<\/p>\n    <\/div>\n    <div class=\"feature-box\">\n      <span class=\"feature-icon\">\ud83d\udce1<\/span>\n      <p><strong>Inteligentna nawigacja<\/strong>:U\u017cywaj intuicyjnego EPG i chmurowego rejestratora DVR, aby nagrywa\u0107 i ogl\u0105da\u0107 programy na w\u0142asnych warunkach.<\/p>\n    <\/div>\n    <div class=\"feature-box\">\n      <span class=\"feature-icon\">\ud83d\udee0\ufe0f<\/span>\n      <p><strong>Wsparcie 24\/7<\/strong>: Uzyskaj natychmiastow\u0105 pomoc za po\u015brednictwem czatu na \u017cywo, poczty e-mail lub przewodnik\u00f3w, aby zapewni\u0107 sobie bezproblemow\u0105 obs\u0142ug\u0119.<\/p>\n    <\/div>\n    <p>Dzi\u0119ki zaawansowanej technologii minimalizuj\u0105cej buforowanie i projektowi, kt\u00f3ry stawia na \u0142atwo\u015b\u0107 obs\u0142ugi, IPTV Nova zapewnia doskona\u0142e wra\u017cenia wizualne. Ciekawi Ci\u0119 trendy w streamingu? Sprawd\u017a to. <a href=\"https:\/\/www.cnet.com\/tech\/services-and-software\/best-iptv-services-2023\/\" class=\"outbound\" target=\"_blank\" rel=\"noopener\">przewodnik po najlepszych us\u0142ugach IPTV<\/a> aby uzyska\u0107 informacje bran\u017cowe.<\/p>\n    <a href=\"https:\/\/panel.novaiptv.org\/\" class=\"cta-button\" target=\"_blank\" rel=\"noopener\">Odkryj r\u00f3\u017cnic\u0119<\/a>\n  <\/section>\n\n  <section>\n    <h2>Streamuj na ka\u017cdym urz\u0105dzeniu<\/h2>\n    <p>Twoja rozrywka towarzyszy Ci wsz\u0119dzie dzi\u0119ki uniwersalnej kompatybilno\u015bci IPTV Nova. Od kina domowego po urz\u0105dzenia mobilne \u2013 ciesz si\u0119 ni\u0105. <a href=\"https:\/\/novaiptv.to\/pl\/embarking-on-the-iptv-odyssey\/\">p\u0142ynne przesy\u0142anie strumieniowe<\/a> dok\u0105dkolwiek poprowadzi Ci\u0119 \u017cycie.<\/p>\n    <h3>Obs\u0142ugiwane urz\u0105dzenia<\/h3>\n    <ul>\n      <li><a href=\"https:\/\/novaiptv.to\/pl\/najlepsze-odtwarzacze-iptv-2025\/\"><strong>Telewizory Smart TV<\/strong>:<\/a> Samsung, LG, Android TV i inne \u2013 ciesz si\u0119 niesamowitym ogl\u0105daniem na du\u017cym ekranie.<\/li>\n      <li><strong>Urz\u0105dzenia do strumieniowania<\/strong>: <a href=\"https:\/\/novaiptv.to\/pl\/zainstaluj-protonvpn-na-swoim-fire-sticku-2025\/\">Pa\u0142eczka ogniowa<\/a>, Roku, Nvidia Shield i Formuler Z8 ze wzgl\u0119du na mobilno\u015b\u0107.<\/li>\n      <li><strong>Urz\u0105dzenia mobilne<\/strong>:Android i iOS dla rozrywki w podr\u00f3\u017cy.<\/li>\n      <li><strong>Komputery<\/strong>:Windows i Mac zapewniaj\u0105 elastyczno\u015b\u0107 przesy\u0142ania strumieniowego za po\u015brednictwem przegl\u0105darki.<\/li>\n      <li><a href=\"https:\/\/novaiptv.to\/pl\/telewizor-z-androidem-2025\/\"><strong>Aplikacje IPTV<\/strong>:<\/a> Wsp\u00f3\u0142pracuje z IPTV Smarters Pro, TiviMate i innymi wiod\u0105cymi odtwarzaczami.<\/li>\n    <\/ul>\n    <p>Konfiguracja jest prosta \u2013 pobierz aplikacj\u0119, wpisz kod i zacznij ogl\u0105da\u0107 w kilka minut. Nie potrzebujesz skomplikowanych instalacji ani pomocy technicznej. Wskaz\u00f3wki dotycz\u0105ce optymalizacji konfiguracji streamingu znajdziesz tutaj. <a href=\"https:\/\/www.lifewire.com\/how-to-set-up-iptv-4173240\" class=\"outbound\" target=\"_blank\" rel=\"noopener\">Przewodnik po konfiguracji IPTV<\/a>.<\/p>\n  <\/section>\n\n  <section>\n    <h2>Przyst\u0119pne plany dla ka\u017cdego widza<\/h2>\n    <p>IPTV Nova oferuje elastyczne ceny dopasowane do ka\u017cdego bud\u017cetu, zapewniaj\u0105c dost\u0119p do rozrywki premium. Wypr\u00f3buj bez ryzyka dzi\u0119ki 36-godzinnemu okresowi pr\u00f3bnemu przed podj\u0119ciem decyzji.<\/p>\n    <div class=\"pricing-grid\">\n      <div class=\"pricing-card\">\n        <h3>1 miesi\u0105c<\/h3>\n        <p>$7.99<\/p>\n        <span class=\"highlight\">Wypr\u00f3buj to<\/span>\n        <p>Idealne do przegl\u0105dania bogatej biblioteki tre\u015bci i p\u0142ynnego przesy\u0142ania strumieniowego.<\/p>\n        <a href=\"https:\/\/panel.novaiptv.org\/\" class=\"cta-button\" target=\"_blank\" rel=\"noopener\">Wybierz plan<\/a>\n      <\/div>\n      <div class=\"pricing-card\">\n        <h3>3 miesi\u0105ce<\/h3>\n        <p>$22.99<\/p>\n        <span class=\"highlight\">Zapisz 40%<\/span>\n        <p>Idealne dla widz\u00f3w okazjonalnych, kt\u00f3rzy szukaj\u0105 oszcz\u0119dno\u015bci i elastyczno\u015bci.<\/p>\n        <a href=\"https:\/\/panel.novaiptv.org\/\" class=\"cta-button\" target=\"_blank\" rel=\"noopener\">Wybierz plan<\/a>\n      <\/div>\n      <div class=\"pricing-card\">\n        <h3>6 miesi\u0119cy<\/h3>\n        <p>$49.99<\/p>\n        <span class=\"highlight\">\u015awietna warto\u015b\u0107<\/span>\n        <p>D\u0142u\u017csze zobowi\u0105zanie oznacza wi\u0119ksze oszcz\u0119dno\u015bci i nieprzerwan\u0105 zabaw\u0119.<\/p>\n        <a href=\"https:\/\/panel.novaiptv.org\/\" class=\"cta-button\" target=\"_blank\" rel=\"noopener\">Wybierz plan<\/a>\n      <\/div>\n      <div class=\"pricing-card\">\n        <h3>12 miesi\u0119cy<\/h3>\n        <p>$69.99<\/p>\n        <span class=\"highlight\">Najlepsza oferta<\/span>\n        <p>Zapewnij sobie najni\u017csz\u0105 cen\u0119 za rok dost\u0119pu do streamingu premium.<\/p>\n        <a href=\"https:\/\/panel.novaiptv.org\/\" class=\"cta-button\" target=\"_blank\" rel=\"noopener\">Wybierz plan<\/a>\n      <\/div>\n    <\/div>\n    <p style=\"text-align: center; margin-top: 2rem;\">Nie jeste\u015b gotowy na zobowi\u0105zanie? Zacznij od naszego <strong>36 godzin za darmo <\/strong><a href=\"https:\/\/novaiptv.to\/pl\/bezplatny-okres-probny-iptv-kanada-2025\/\">wypr\u00f3buj i przekonaj si\u0119, dlaczego miliony wybieraj\u0105 IPTV<\/a> Nowa.<\/p>\n    <a href=\"https:\/\/panel.novaiptv.org\/\" class=\"cta-button\" style=\"display: block; text-align: center;\" target=\"_blank\" rel=\"noopener\">Wypr\u00f3buj za darmo teraz<\/a>\n  <\/section>\n\n  <section>\n    <h2>Czy streaming za pomoc\u0105 IPTV Nova jest bezpieczny?<\/h2>\n    <p>Bezpiecze\u0144stwo i niezawodno\u015b\u0107 s\u0105 podstaw\u0105 tej us\u0142ugi. <a href=\"https:\/\/novaiptv.to\/pl\/strategie-iptv-odyssey\/\">IPTV Nova zapewnia mo\u017cliwo\u015b\u0107 strumieniowania<\/a> z pe\u0142nym zaufaniem.<\/p>\n    <ul>\n      <li><strong>Tre\u015b\u0107 prawna<\/strong>: Pe\u0142na zgodno\u015b\u0107 z prawami do dystrybucji tre\u015bci, umo\u017cliwiaj\u0105ca ogl\u0105danie bez obaw.<\/li>\n      <li><strong>Bezpieczne przesy\u0142anie strumieniowe<\/strong>:Szyfrowanie AES-256-bit chroni Twoje dane i transakcje.<\/li>\n      <li><strong>Ochrona prywatno\u015bci<\/strong>:Opcjonalna obs\u0142uga VPN pozwala zachowa\u0107 prywatno\u015b\u0107 Twojej aktywno\u015bci przed dostawcami us\u0142ug internetowych.<\/li>\n      <li><strong>Niezawodna wydajno\u015b\u0107<\/strong>:Czas sprawno\u015bci 99,9% z serwerami Tier-1 na trzech kontynentach.<\/li>\n    <\/ul>\n    <p>W przeciwie\u0144stwie do niezweryfikowanych dostawc\u00f3w, IPTV Nova oferuje bezpieczne, legalne i stabilne us\u0142ugi. Nasza globalna sie\u0107 serwer\u00f3w zapewnia sta\u0142\u0105 wydajno\u015b\u0107, nawet w godzinach szczytu, dzi\u0119ki czemu nie przegapisz ani chwili. Wi\u0119cej informacji na temat bezpiecznego streamingu znajdziesz tutaj. <a href=\"https:\/\/www.pcmag.com\/how-to\/how-to-safely-stream-content-with-iptv\" class=\"outbound\" target=\"_blank\" rel=\"noopener\">przewodnik po bezpiecznym przesy\u0142aniu strumieniowym IPTV<\/a>.<\/p>\n  <\/section>\n\n  <section>\n    <h2>Rozpocznij swoj\u0105 przygod\u0119 ze streamingiem<\/h2>\n    <p>Do\u0142\u0105cz do rewolucji streamingu w trzech prostych krokach:<\/p>\n    <ol>\n      <li><strong>Odwied\u017a nasz\u0105 stron\u0119<\/strong>:Id\u017a do <a href=\"https:\/\/novaiptv.to\/pl\/\">novaiptv.org<\/a> i wybierz plan lub bezp\u0142atny okres pr\u00f3bny.<\/li>\n      <li><strong>Pobierz aplikacj\u0119<\/strong>: Zainstaluj <a href=\"https:\/\/novaiptv.to\/pl\/iptv-smarters-pro-lite-2025\/\">IPTV Smarters Pro<\/a>, TiviMate lub inny kompatybilny odtwarzacz.<\/li>\n      <li><strong>Aktywuj i obserwuj<\/strong>: Wprowad\u017a kod, aby odblokowa\u0107 ponad 18 000 kana\u0142\u00f3w i ponad 50 000 tytu\u0142\u00f3w.<\/li>\n    <\/ol>\n    <p>Dzi\u0119ki IPTV Nova tworzysz niezapomniane chwile \u2014 rodzinne wieczory filmowe, <a href=\"https:\/\/novaiptv.to\/pl\/najlepsza-subskrypcja-iptv-do-transmisji-sportu-na-zywo\/\">sport na \u017cywo<\/a> Emocje, emocje czy nadrabianie zaleg\u0142o\u015bci w \u015bwiatowych wiadomo\u015bciach. Nasz intuicyjny design sprawia, \u017ce nawet pocz\u0105tkuj\u0105cy u\u017cytkownicy mog\u0105 bez problemu rozpocz\u0105\u0107 streaming. Do\u0142\u0105cz do milion\u00f3w os\u00f3b, kt\u00f3re w 2025 roku zrezygnowa\u0142y z telewizji kablowej dzi\u0119ki IPTV Nova.<\/p>\n    <a href=\"https:\/\/panel.novaiptv.org\/\" class=\"cta-button\" target=\"_blank\" rel=\"noopener\">Do\u0142\u0105cz do rewolucji<\/a>\n  <\/section>\t\t\t\t<\/div>\n\t\t\t\t\t<\/div>\n\t\t\t\t<\/div>\n\t\t\t\t<\/div>","protected":false},"excerpt":{"rendered":"<p>IPTV Nova &#8211; Your 2025 Streaming Revolution Experience vibrant, seamless entertainment with a top-rated streaming service! Launch Your 36-Hour Free Trial What is IPTV Nova? IPTV Nova is your gateway to a boundless entertainment universe, delivering over 18,000 live TV&#8230;<\/p>","protected":false},"author":1,"featured_media":7782,"parent":0,"menu_order":0,"comment_status":"closed","ping_status":"closed","template":"","meta":{"footnotes":""},"class_list":["post-7773","page","type-page","status-publish","has-post-thumbnail","hentry"],"_links":{"self":[{"href":"https:\/\/novaiptv.to\/pl\/wp-json\/wp\/v2\/pages\/7773","targetHints":{"allow":["GET"]}}],"collection":[{"href":"https:\/\/novaiptv.to\/pl\/wp-json\/wp\/v2\/pages"}],"about":[{"href":"https:\/\/novaiptv.to\/pl\/wp-json\/wp\/v2\/types\/page"}],"author":[{"embeddable":true,"href":"https:\/\/novaiptv.to\/pl\/wp-json\/wp\/v2\/users\/1"}],"replies":[{"embeddable":true,"href":"https:\/\/novaiptv.to\/pl\/wp-json\/wp\/v2\/comments?post=7773"}],"version-history":[{"count":0,"href":"https:\/\/novaiptv.to\/pl\/wp-json\/wp\/v2\/pages\/7773\/revisions"}],"wp:featuredmedia":[{"embeddable":true,"href":"https:\/\/novaiptv.to\/pl\/wp-json\/wp\/v2\/media\/7782"}],"wp:attachment":[{"href":"https:\/\/novaiptv.to\/pl\/wp-json\/wp\/v2\/media?parent=7773"}],"curies":[{"name":"wp","href":"https:\/\/api.w.org\/{rel}","templated":true}]}}