{"id":3982,"date":"2024-02-01T14:09:42","date_gmt":"2024-02-01T14:09:42","guid":{"rendered":"https:\/\/novaiptv.org\/?page_id=3982"},"modified":"2024-02-01T14:09:42","modified_gmt":"2024-02-01T14:09:42","slug":"laptops-pc-2025","status":"publish","type":"page","link":"https:\/\/novaiptv.to\/pt\/laptops-pc-2025\/","title":{"rendered":"IPTV Player on Laptops &amp; PC"},"content":{"rendered":"<div data-elementor-type=\"wp-page\" data-elementor-id=\"3982\" class=\"elementor elementor-3982\" data-elementor-post-type=\"page\">\n\t\t\t\t<div class=\"elementor-element elementor-element-84018bc e-flex e-con-boxed e-con e-parent\" data-id=\"84018bc\" data-element_type=\"container\" data-e-type=\"container\">\n\t\t\t\t\t<div class=\"e-con-inner\">\n\t\t\t\t<div class=\"elementor-element elementor-element-7470269 elementor-widget elementor-widget-html\" data-id=\"7470269\" data-element_type=\"widget\" data-e-type=\"widget\" data-widget_type=\"html.default\">\n\t\t\t\t\t<!DOCTYPE html>\n<html lang=\"en\">\n<head>\n    <meta charset=\"UTF-8\">\n    <meta name=\"viewport\" content=\"width=device-width, initial-scale=1.0\">\n    <title>Guia de configura\u00e7\u00e3o do VLC Media Player para IPTV<\/title>\n    <style>\n        :root {\n            --primary-color: #ff8800;\n            --secondary-color: #ff6600;\n            --dark-color: #333333;\n            --light-color: #F3F3F3;\n            --text-color: #333333;\n            --light-text: #F3F3F3;\n            --success-color: #00c853;\n            --warning-color: #ff9100;\n        }\n        \n        * {\n            margin: 0;\n            padding: 0;\n            box-sizing: border-box;\n            font-family: 'Segoe UI', Tahoma, Geneva, Verdana, sans-serif;\n        }\n        \n        body {\n            background-color: var(--light-color);\n            color: var(--text-color);\n            line-height: 1.6;\n            padding: 20px 0;\n        }\n        \n        .container {\n            max-width: 900px;\n            margin: 0 auto;\n            padding: 20px;\n        }\n        \n        .header {\n            text-align: center;\n            margin-bottom: 40px;\n            position: relative;\n            padding-top: 30px;\n        }\n        \n        .logo-container {\n            display: flex;\n            justify-content: center;\n            align-items: center;\n            margin-bottom: 20px;\n        }\n        \n        .logo {\n            width: 120px;\n            height: 120px;\n            background: linear-gradient(135deg, var(--primary-color), var(--secondary-color));\n            border-radius: 20px;\n            display: flex;\n            justify-content: center;\n            align-items: center;\n            box-shadow: 0 10px 20px rgba(255, 136, 0, 0.3);\n        }\n        \n        .logo svg {\n            width: 70px;\n            height: 70px;\n            fill: white;\n        }\n        \n        h1 {\n            font-size: 2.5rem;\n            margin-bottom: 10px;\n            background: linear-gradient(90deg, var(--primary-color), var(--secondary-color));\n            -webkit-background-clip: text;\n            background-clip: text;\n            color: transparent;\n            display: inline-block;\n        }\n        \n        .subtitle {\n            font-size: 1.2rem;\n            color: #555555;\n            margin-bottom: 20px;\n        }\n        \n        .steps-container {\n            display: flex;\n            flex-direction: column;\n            gap: 30px;\n        }\n        \n        .step {\n            background-color: white;\n            border-radius: 15px;\n            padding: 25px;\n            position: relative;\n            overflow: hidden;\n            box-shadow: 0 5px 15px rgba(0, 0, 0, 0.1);\n            border-left: 4px solid var(--primary-color);\n            transition: transform 0.3s ease, box-shadow 0.3s ease;\n        }\n        \n        .step:hover {\n            transform: translateY(-5px);\n            box-shadow: 0 10px 25px rgba(0, 0, 0, 0.2);\n        }\n        \n        .step-number {\n            position: absolute;\n            top: -10px;\n            right: -10px;\n            width: 60px;\n            height: 60px;\n            background: linear-gradient(135deg, var(--primary-color), var(--secondary-color));\n            border-radius: 50%;\n            display: flex;\n            justify-content: center;\n            align-items: center;\n            font-size: 1.5rem;\n            font-weight: bold;\n            color: white;\n            box-shadow: 0 5px 10px rgba(255, 136, 0, 0.4);\n        }\n        \n        .step-title {\n            font-size: 1.5rem;\n            margin-bottom: 15px;\n            color: var(--primary-color);\n            padding-right: 50px;\n        }\n        \n        .step-content {\n            margin-left: 15px;\n        }\n        \n        .step-content p {\n            margin-bottom: 15px;\n        }\n        \n        ul, ol {\n            margin-left: 30px;\n            margin-bottom: 15px;\n        }\n        \n        li {\n            margin-bottom: 10px;\n        }\n        \n        .highlight {\n            color: var(--primary-color);\n            font-weight: 600;\n        }\n        \n        .note {\n            background-color: rgba(255, 145, 0, 0.1);\n            border-left: 3px solid var(--warning-color);\n            padding: 15px;\n            margin: 20px 0;\n            border-radius: 5px;\n        }\n        \n        .note-title {\n            color: var(--warning-color);\n            font-weight: bold;\n            margin-bottom: 5px;\n        }\n        \n        .tip {\n            background-color: rgba(0, 200, 83, 0.1);\n            border-left: 3px solid var(--success-color);\n            padding: 15px;\n            margin: 20px 0;\n            border-radius: 5px;\n        }\n        \n        .tip-title {\n            color: var(--success-color);\n            font-weight: bold;\n            margin-bottom: 5px;\n        }\n        \n        .illustration {\n            margin: 20px 0;\n            text-align: center;\n        }\n        \n        .illustration img {\n            max-width: 100%;\n            height: auto;\n            border-radius: 10px;\n            box-shadow: 0 5px 15px rgba(0, 0, 0, 0.15);\n        }\n        \n        .footer {\n            text-align: center;\n            margin-top: 50px;\n            padding: 20px;\n            color: #555555;\n            font-size: 0.9rem;\n        }\n        \n        .cta-container {\n            text-align: center;\n            margin: 40px 0;\n            padding: 30px;\n            background: linear-gradient(135deg, rgba(255, 136, 0, 0.1), rgba(255, 102, 0, 0.1));\n            border-radius: 15px;\n        }\n        \n        .cta-title {\n            font-size: 1.8rem;\n            margin-bottom: 15px;\n            color: var(--dark-color);\n        }\n        \n        .cta-description {\n            font-size: 1.1rem;\n            margin-bottom: 25px;\n            color: #555;\n        }\n        \n        .cta-button {\n            display: inline-block;\n            padding: 15px 40px;\n            background: linear-gradient(90deg, var(--primary-color), var(--secondary-color));\n            color: white;\n            text-decoration: none;\n            font-weight: bold;\n            border-radius: 30px;\n            box-shadow: 0 5px 15px rgba(255, 136, 0, 0.4);\n            transition: transform 0.3s ease, box-shadow 0.3s ease;\n        }\n        \n        .cta-button:hover {\n            transform: translateY(-3px);\n            box-shadow: 0 8px 20px rgba(255, 136, 0, 0.6);\n        }\n        \n        @media (max-width: 768px) {\n            .container {\n                padding: 15px;\n            }\n            \n            h1 {\n                font-size: 2rem;\n            }\n            \n            .step {\n                padding: 20px;\n            }\n            \n            .step-number {\n                width: 50px;\n                height: 50px;\n                font-size: 1.2rem;\n            }\n            \n            .step-title {\n                font-size: 1.3rem;\n            }\n        }\n    <\/style>\n<\/head>\n<body>\n    <div class=\"container\">\n        <div class=\"header\">\n            <div class=\"logo-container\">\n                <div class=\"logo\">\n                    <svg viewbox=\"0 0 24 24\" xmlns=\"http:\/\/www.w3.org\/2000\/svg\">\n                        <path d=\"M12,3.5C6.92,3.5 2.75,7 2.75,11.25C2.75,13.25 3.69,15.03 5.18,16.31C4.97,16.67 4.77,17.03 4.67,17.41C4.54,17.89 4.46,18.39 4.46,18.91C4.46,19.31 5.06,19.61 5.36,19.31C6.05,18.71 6.11,18.13 6.87,17.56C8.4,18.34 10.13,18.8 12,18.8C17.07,18.8 21.25,15.31 21.25,11.06C21.25,6.8 17.07,3.5 12,3.5M12,17.5C10.32,17.5 8.73,17.12 7.33,16.5C6.76,16.8 6.23,17.27 5.85,17.85C5.76,18 5.76,18.03 5.75,18.25C5.75,18.26 5.75,18.28 5.75,18.29C6.62,17.74 7.18,17.5 8.01,17.5C8.22,17.5 8.45,17.56 8.64,17.63C9.56,18.05 10.75,18.3 12,18.3C16.34,18.3 19.85,15.31 19.85,11.8C19.85,8.28 16.34,5.29 12,5.29C7.65,5.29 4.15,8.29 4.15,11.8C4.15,13.39 4.86,14.8 6.05,15.89C6.16,16 6.27,16.09 6.39,16.18C8.08,17.14 10,17.5 12,17.5M14.46,10.08L12.87,9.67V7.94C12.87,7.83 12.7,7.7 12.5,7.7C12.31,7.7 12.13,7.83 12.13,7.94V9.67L10.54,10.08C10.39,10.13 10.27,10.23 10.27,10.4C10.27,10.57 10.44,10.71 10.64,10.71H12.13V14.07C12.13,14.18 12.31,14.32 12.5,14.32C12.7,14.32 12.87,14.18 12.87,14.07V10.71H14.36C14.56,10.71 14.73,10.57 14.73,10.4C14.73,10.23 14.61,10.13 14.46,10.08Z\" \/>\n                    <\/svg>\n                <\/div>\n            <\/div>\n            <h1>Guia de configura\u00e7\u00e3o do VLC Media Player para IPTV<\/h1>\n            <p class=\"subtitle\">Transmita milhares de canais facilmente com o VLC Media Player.<\/p>\n        <\/div>\n        \n        <div class=\"steps-container\">\n            <!-- Step 1 -->\n            <div class=\"step\">\n                <div class=\"step-number\">1<\/div>\n                <h2 class=\"step-title\">Baixe o VLC Media Player<\/h2>\n                <div class=\"step-content\">\n                    <p>Primeiro, voc\u00ea precisa baixar e instalar o VLC Media Player, caso ainda n\u00e3o o tenha instalado.<\/p>\n                    \n                    <ol>\n                        <li>Visite o site oficial do VLC em <span class=\"highlight\"><a href=\"https:\/\/www.videolan.org\/vlc\/index.html\" target=\"_blank\" rel=\"noopener\">https:\/\/www.videolan.org\/vlc\/index.html<\/a><\/span><\/li>\n                        <li>Clique no bot\u00e3o de download correspondente ao seu sistema operacional (Windows, macOS, Linux, etc.).<\/li>\n                        <li>Ap\u00f3s o download, execute o instalador e siga as instru\u00e7\u00f5es na tela para concluir a instala\u00e7\u00e3o.<\/li>\n                    <\/ol>\n                    \n                    <div class=\"tip\">\n                        <p class=\"tip-title\">Dica profissional<\/p>\n                        <p>O VLC est\u00e1 dispon\u00edvel para quase todas as plataformas, incluindo Windows, macOS, Linux, Android e iOS, tornando-o uma escolha vers\u00e1til para <a href=\"https:\/\/novaiptv.to\/pt\/iptv\/usa\/\" title=\"IPTV EUA 2025 \u2013 O Guia Definitivo para Nova IPTV (Melhores Planos, Dispositivos e Configura\u00e7\u00e3o)\" data-wpil-monitor-id=\"112\">Visualiza\u00e7\u00e3o de IPTV em todos os seus dispositivos<\/a>.<\/p>\n                    <\/div>\n                <\/div>\n            <\/div>\n            \n            <!-- Step 2 -->\n            <div class=\"step\">\n                <div class=\"step-number\">2<\/div>\n                <h2 class=\"step-title\">Abra o VLC Player<\/h2>\n                <div class=\"step-content\">\n                    <p>Ap\u00f3s a conclus\u00e3o da instala\u00e7\u00e3o, inicie o VLC Media Player a partir da sua \u00e1rea de trabalho ou da pasta de aplicativos.<\/p>\n                    \n                    <div class=\"note\">\n                        <p class=\"note-title\">Observa\u00e7\u00e3o<\/p>\n                        <p>Certifique-se de estar usando a vers\u00e3o mais recente do VLC para obter o melhor desempenho e compatibilidade com o programa. <a href=\"https:\/\/novaiptv.to\/pt\/nova-iptv\/\">Transmiss\u00f5es IPTV<\/a>.<\/p>\n                    <\/div>\n                <\/div>\n            <\/div>\n            \n            <!-- Step 3 -->\n            <div class=\"step\">\n                <div class=\"step-number\">3<\/div>\n                <h2 class=\"step-title\">Fluxo de rede de acesso<\/h2>\n                <div class=\"step-content\">\n                    <p>Para abrir o seu <a href=\"https:\/\/novaiptv.to\/pt\/android-tv-2025\/\">transmiss\u00e3o IPTV<\/a>, Voc\u00ea precisa acessar o recurso de fluxo de rede:<\/p>\n                    \n                    <ol>\n                        <li>No menu do VLC, clique em <span class=\"highlight\">M\u00eddia<\/span><\/li>\n                        <li>Selecione <span class=\"highlight\">Fluxo de rede aberta<\/span> a partir do menu suspenso<\/li>\n                        <li>Alternativamente, voc\u00ea pode usar o atalho de teclado: <span class=\"highlight\">Ctrl+N<\/span> (Windows\/Linux) ou <span class=\"highlight\">Command+N<\/span> (macOS)<\/li>\n                    <\/ol>\n                <\/div>\n            <\/div>\n            \n            <!-- Step 4 -->\n            <div class=\"step\">\n                <div class=\"step-number\">4<\/div>\n                <h2 class=\"step-title\">Insira seu URL de IPTV<\/h2>\n                <div class=\"step-content\">\n                    <p>Na caixa de di\u00e1logo do fluxo de rede:<\/p>\n                    \n                    <ol>\n                        <li>Cole o seu <a class=\"wpil_keyword_link\" href=\"https:\/\/novaiptv.to\/pt\/\" title=\"assinatura de IPTV\" data-wpil-keyword-link=\"linked\">assinatura de IPTV<\/a> Insira o URL no campo fornecido (este \u00e9 o URL que lhe foi enviado ap\u00f3s a inscri\u00e7\u00e3o).<\/li>\n                        <li>Clique no <span class=\"highlight\">Jogar<\/span> bot\u00e3o para iniciar o carregamento dos seus canais<\/li>\n                    <\/ol>\n                    \n                    <div class=\"tip\">\n                        <p class=\"tip-title\">Dica profissional<\/p>\n                        <p>Se voc\u00ea pretende usar esta lista de reprodu\u00e7\u00e3o com frequ\u00eancia, marque a op\u00e7\u00e3o &quot;Salvar como lista de reprodu\u00e7\u00e3o&quot; antes de clicar em Reproduzir. Isso permitir\u00e1 que voc\u00ea acesse seus canais de IPTV rapidamente no futuro.<\/p>\n                    <\/div>\n                <\/div>\n            <\/div>\n            \n            <!-- Step 5 -->\n            <div class=\"step\">\n                <div class=\"step-number\">5<\/div>\n                <h2 class=\"step-title\">Aguarde o carregamento dos canais.<\/h2>\n                <div class=\"step-content\">\n                    <p>Ap\u00f3s inserir o URL e clicar em Reproduzir:<\/p>\n                    \n                    <ol>\n                        <li>O VLC come\u00e7ar\u00e1 a carregar seus canais de IPTV.<\/li>\n                        <li>Esse processo pode levar algum tempo, dependendo do n\u00famero de canais em sua assinatura.<\/li>\n                        <li>Tenha paci\u00eancia enquanto a lista de reprodu\u00e7\u00e3o est\u00e1 sendo processada.<\/li>\n                    <\/ol>\n                    \n                    <div class=\"note\">\n                        <p class=\"note-title\">Observa\u00e7\u00e3o<\/p>\n                        <p>Listas de reprodu\u00e7\u00e3o maiores, com milhares de canais, podem demorar mais para carregar inicialmente. Isso \u00e9 normal.<\/p>\n                    <\/div>\n                <\/div>\n            <\/div>\n            \n            <!-- Step 6 -->\n            <div class=\"step\">\n                <div class=\"step-number\">6<\/div>\n                <h2 class=\"step-title\">Selecione um canal e aproveite!<\/h2>\n                <div class=\"step-content\">\n                    <p>Assim que os canais carregarem:<\/p>\n                    \n                    <ol>\n                        <li>Voc\u00ea ver\u00e1 uma lista de reprodu\u00e7\u00e3o com todos os canais dispon\u00edveis.<\/li>\n                        <li>Navegue pela lista ou utilize a fun\u00e7\u00e3o de busca para encontrar canais espec\u00edficos.<\/li>\n                        <li>Clique em um canal para come\u00e7ar a assistir.<\/li>\n                        <li>Aproveite o seu <a href=\"https:\/\/novaiptv.to\/pt\/embarking-on-the-iptv-odyssey\/\">Transmiss\u00e3o IPTV<\/a> experi\u00eancia!<\/li>\n                    <\/ol>\n                    \n                    <div class=\"tip\">\n                        <p class=\"tip-title\">Dica profissional<\/p>\n                        <p>Voc\u00ea pode ajustar as configura\u00e7\u00f5es de reprodu\u00e7\u00e3o no VLC clicando com o bot\u00e3o direito do mouse no v\u00eddeo e acessando o menu de reprodu\u00e7\u00e3o. Isso permite controlar aspectos como qualidade de v\u00eddeo, propor\u00e7\u00e3o da tela e faixas de \u00e1udio.<\/p>\n                    <\/div>\n                <\/div>\n            <\/div>\n        <\/div>\n        \n        <div class=\"cta-container\">\n            <h2 class=\"cta-title\">Pronto para elevar sua experi\u00eancia de entretenimento?<\/h2>\n            <p class=\"cta-description\">Encomende o nosso produto de \u00faltima gera\u00e7\u00e3o <a href=\"https:\/\/novaiptv.to\/pt\/melhor-assinatura-de-iptv-para-esportes-ao-vivo\/\">Aproveite os servi\u00e7os de IPTV agora e desbloqueie um mundo de transmiss\u00f5es ao vivo.<\/a> Canais, v\u00eddeos sob demanda, s\u00e9ries e filmes! Com a NovaIPTV, <a href=\"https:\/\/novaiptv.to\/pt\/estrategias-de-odisseia-de-iptv\/\">streaming cont\u00ednuo<\/a> E divers\u00e3o sem fim te espera.<\/p>\n            <a href=\"#\" class=\"cta-button\">Junte-se ao futuro da TV hoje mesmo!<\/a>\n        <\/div>\n        \n        <div class=\"footer\">\n            <p>\u00a9 2025 NovaIPTV | VLC Media <a href=\"https:\/\/novaiptv.to\/pt\/nova-iptv-online-player\/\">Player IPTV<\/a> Guia de Configura\u00e7\u00e3o<\/p>\n        <\/div>\n    <\/div>\n<\/body>\n<\/html>\t\t\t\t<\/div>\n\t\t\t\t<div class=\"elementor-element elementor-element-28a3148 elementor-widget elementor-widget-html\" data-id=\"28a3148\" data-element_type=\"widget\" data-e-type=\"widget\" data-widget_type=\"html.default\">\n\t\t\t\t\t<section style=\"max-width: 820px; margin: 54px auto; background: #181820; border-radius: 2.1em; box-shadow: 0 8px 32px rgba(18,17,34,0.13); padding: 3.3rem 3rem 3rem 3rem; text-align: center;\">\n  <h2 style=\"font-size: 2.3rem; margin-bottom: 0.6em; color:#fff; font-weight:800; letter-spacing:-0.5px; font-family: 'Montserrat',Arial,sans-serif;\">\n    Procurando acesso exclusivo \u00e0 IPTV?\n  <\/h2>\n  <p style=\"font-size: 1.32rem; margin-bottom: 2em; color:#bdbdbd; font-weight: 400; font-family: 'Montserrat',Arial,sans-serif;\">\n    Descubra um mundo de canais premium, filmes e esportes. <br>\n    Aprimore sua experi\u00eancia de visualiza\u00e7\u00e3o \u2014 junte-se \u00e0 elite.\n  <\/p>\n  <a href=\"https:\/\/panel.novaiptv.org\" style=\"display:inline-block; background: #fff; color:#191820; font-weight:700; font-size:1.25rem; border-radius:1.4em; padding: 1.1em 3.5em; text-decoration:none; box-shadow:0 2px 20px rgba(0,0,0,0.10); transition: box-shadow 0.16s, transform 0.16s; border:none; letter-spacing: 0.5px;\" onmouseover=\"this.style.boxShadow=&#039;0 6px 32px rgba(0,0,0,0.22)&#039;;this.style.transform=&#039;translateY(-2px)&#039;;\" onmouseout=\"this.style.boxShadow=&#039;0 2px 20px rgba(0,0,0,0.10)&#039;;this.style.transform=&#039;none&#039;;\" target=\"_blank\" rel=\"noopener\">\n    Compre IPTV agora\n  <\/a>\n<\/section>\t\t\t\t<\/div>\n\t\t\t\t\t<\/div>\n\t\t\t\t<\/div>\n\t\t\t\t<\/div>","protected":false},"excerpt":{"rendered":"<p>VLC Media Player IPTV Setup Guide VLC Media Player IPTV Setup Guide Stream thousands of channels easily with VLC Media Player 1 Download VLC Media Player First, you need to download and install VLC Media Player if you don&#8217;t already&#8230;<\/p>","protected":false},"author":1,"featured_media":0,"parent":0,"menu_order":0,"comment_status":"closed","ping_status":"closed","template":"","meta":{"footnotes":""},"class_list":["post-3982","page","type-page","status-publish","hentry"],"_links":{"self":[{"href":"https:\/\/novaiptv.to\/pt\/wp-json\/wp\/v2\/pages\/3982","targetHints":{"allow":["GET"]}}],"collection":[{"href":"https:\/\/novaiptv.to\/pt\/wp-json\/wp\/v2\/pages"}],"about":[{"href":"https:\/\/novaiptv.to\/pt\/wp-json\/wp\/v2\/types\/page"}],"author":[{"embeddable":true,"href":"https:\/\/novaiptv.to\/pt\/wp-json\/wp\/v2\/users\/1"}],"replies":[{"embeddable":true,"href":"https:\/\/novaiptv.to\/pt\/wp-json\/wp\/v2\/comments?post=3982"}],"version-history":[{"count":0,"href":"https:\/\/novaiptv.to\/pt\/wp-json\/wp\/v2\/pages\/3982\/revisions"}],"wp:attachment":[{"href":"https:\/\/novaiptv.to\/pt\/wp-json\/wp\/v2\/media?parent=3982"}],"curies":[{"name":"wp","href":"https:\/\/api.w.org\/{rel}","templated":true}]}}