{"id":4079,"date":"2024-02-01T16:01:25","date_gmt":"2024-02-01T16:01:25","guid":{"rendered":"https:\/\/novaiptv.org\/?page_id=4079"},"modified":"2024-02-01T16:01:25","modified_gmt":"2024-02-01T16:01:25","slug":"termos","status":"publish","type":"page","link":"https:\/\/novaiptv.to\/pt\/termos\/","title":{"rendered":"Terms NOVA IPTV"},"content":{"rendered":"<div data-elementor-type=\"wp-page\" data-elementor-id=\"4079\" class=\"elementor elementor-4079\" data-elementor-post-type=\"page\">\n\t\t\t\t<div class=\"elementor-element elementor-element-604deb6 e-flex e-con-boxed e-con e-parent\" data-id=\"604deb6\" data-element_type=\"container\" data-e-type=\"container\">\n\t\t\t\t\t<div class=\"e-con-inner\">\n\t\t\t\t\t<\/div>\n\t\t\t\t<\/div>\n\t\t<div class=\"elementor-element elementor-element-a2ddb5b e-flex e-con-boxed e-con e-parent\" data-id=\"a2ddb5b\" data-element_type=\"container\" data-e-type=\"container\">\n\t\t\t\t\t<div class=\"e-con-inner\">\n\t\t<div class=\"elementor-element elementor-element-de488ed e-con-full e-flex e-con e-child\" data-id=\"de488ed\" data-element_type=\"container\" data-e-type=\"container\">\n\t\t\t\t<\/div>\n\t\t<div class=\"elementor-element elementor-element-e99c8ad e-con-full e-flex e-con e-child\" data-id=\"e99c8ad\" data-element_type=\"container\" data-e-type=\"container\">\n\t\t\t\t<div class=\"elementor-element elementor-element-380cf04 elementor-widget elementor-widget-text-editor\" data-id=\"380cf04\" data-element_type=\"widget\" data-e-type=\"widget\" data-widget_type=\"text-editor.default\">\n\t\t\t\t\t\t\t\t\t<h3 style=\"text-align: center;\"><span style=\"color: #333333;\"><strong><p><\/p>\n<\/strong><p><strong><br><\/strong><\/p><p><strong>**Termos e Condi\u00e7\u00f5es para o Teste Gratuito de IPTV**<\/strong><\/p><\/span><\/h3>\n<p><\/p>\n<h5 style=\"text-align: left;\"><span style=\"color: #333333;\">1. **Oferta de Teste Gratuito**: Nosso servi\u00e7o de IPTV oferece um per\u00edodo de teste gratuito sem compromisso para que os usu\u00e1rios possam experimentar os recursos e a qualidade do nosso servi\u00e7o antes de decidir assinar.<\/span><\/h5>\n<h5>&nbsp;<\/h5>\n<h5 style=\"text-align: left;\"><span style=\"color: #333333;\">2. **Dura\u00e7\u00e3o**: O per\u00edodo de teste gratuito tem dura\u00e7\u00e3o de 2 horas, durante as quais os usu\u00e1rios ter\u00e3o acesso a todos os nossos canais e recursos.<\/span><\/h5>\n<h5>&nbsp;<\/h5>\n<h5 style=\"text-align: left;\"><span style=\"color: #333333;\">3. **Cadastro**: N\u00e3o \u00e9 necess\u00e1rio cadastro nem informa\u00e7\u00f5es de cart\u00e3o de cr\u00e9dito para acessar o per\u00edodo de teste gratuito. Basta baixar nosso aplicativo ou acessar nosso servi\u00e7o pelo nosso site para iniciar o teste.<\/span><\/h5>\n<h5>&nbsp;<\/h5>\n<h5 style=\"text-align: left;\"><span style=\"color: #333333;\">4. **Utiliza\u00e7\u00e3o**: Durante o per\u00edodo de teste gratuito, os usu\u00e1rios s\u00e3o incentivados a explorar os recursos e o conte\u00fado dispon\u00edveis em nosso servi\u00e7o de IPTV. No entanto, espera-se que os usu\u00e1rios cumpram nossos termos de servi\u00e7o e pol\u00edtica de uso aceit\u00e1vel em todos os momentos.<\/span><\/h5>\n<h5>&nbsp;<\/h5>\n<h5 style=\"text-align: left;\"><span style=\"color: #333333;\">5. **Sem Compromisso de Assinatura**: O per\u00edodo de teste gratuito \u00e9 independente do nosso servi\u00e7o de assinatura e n\u00e3o exige que os usu\u00e1rios se comprometam com uma assinatura em nenhum momento.<\/span><\/h5>\n<h5>&nbsp;<\/h5>\n<h5 style=\"text-align: left;\"><span style=\"color: #333333;\">6. **Sem reembolsos**: Como o per\u00edodo de teste gratuito foi desenvolvido para permitir que os usu\u00e1rios avaliem o servi\u00e7o antes de efetuar uma compra, n\u00e3o oferecemos reembolsos para assinaturas adquiridas ap\u00f3s o t\u00e9rmino do per\u00edodo de teste.<\/span><\/h5>\n<h5>&nbsp;<\/h5>\n<h5 style=\"text-align: left;\"><span style=\"color: #333333;\">7. **Cancelamento**: Os usu\u00e1rios podem interromper o uso do per\u00edodo de teste gratuito a qualquer momento durante o per\u00edodo de teste. Basta parar de acessar o nosso servi\u00e7o, e nenhuma outra a\u00e7\u00e3o ser\u00e1 necess\u00e1ria.<\/span><\/h5>\n<h5>&nbsp;<\/h5>\n<h5 style=\"text-align: left;\"><span style=\"color: #333333;\">8. **Continuidade do Servi\u00e7o**: Ao final do per\u00edodo de teste gratuito, os usu\u00e1rios ter\u00e3o a op\u00e7\u00e3o de adquirir uma assinatura para continuar utilizando nosso servi\u00e7o de IPTV. Caso a assinatura n\u00e3o seja adquirida, o acesso ao servi\u00e7o ser\u00e1 encerrado.<\/span><\/h5>\n<h5>&nbsp;<\/h5>\n<h5 style=\"text-align: left;\"><span style=\"color: #333333;\">9. **Altera\u00e7\u00f5es nos Termos**: Reservamo-nos o direito de modificar ou encerrar a oferta de teste gratuito a qualquer momento, sem aviso pr\u00e9vio. Quaisquer altera\u00e7\u00f5es a estes termos e condi\u00e7\u00f5es ser\u00e3o comunicadas aos usu\u00e1rios por meio do nosso site.<\/span><\/h5>\n<h5>&nbsp;<\/h5>\n<h5 style=\"text-align: left;\"><span style=\"color: #333333;\">10. **Aceita\u00e7\u00e3o**: Ao acessar o per\u00edodo de teste gratuito, os usu\u00e1rios concordam em cumprir estes termos e condi\u00e7\u00f5es. O n\u00e3o cumprimento destes termos pode resultar no encerramento do per\u00edodo de teste gratuito e\/ou na suspens\u00e3o do acesso ao nosso servi\u00e7o de IPTV.<\/span><\/h5>\n<h5>&nbsp;<\/h5>\n<h5 style=\"text-align: left;\"><span style=\"color: #333333;\">11. **Contacte-nos**: Se tiver alguma d\u00favida ou preocupa\u00e7\u00e3o sobre a oferta de teste gratuito ou sobre o nosso servi\u00e7o de IPTV, entre em contacto com a nossa equipa de apoio ao cliente para obter assist\u00eancia.<\/span><\/h5>\n<h5>&nbsp;<\/h5>\n<h5 style=\"text-align: left;\"><span style=\"color: #333333;\">Ao acessar o per\u00edodo de teste gratuito, os usu\u00e1rios reconhecem que leram, entenderam e concordaram em ficar vinculados aos termos descritos acima.<\/span><\/h5><div><br><br><\/div>\t\t\t\t\t\t\t\t<\/div>\n\t\t\t\t<\/div>\n\t\t<div class=\"elementor-element elementor-element-165aced e-con-full e-flex e-con e-child\" data-id=\"165aced\" data-element_type=\"container\" data-e-type=\"container\">\n\t\t\t\t<\/div>\n\t\t\t\t\t<\/div>\n\t\t\t\t<\/div>\n\t\t\t\t<\/div>","protected":false},"excerpt":{"rendered":"<p>**Terms and Conditions for IPTV Free Trial** 1. **Free Trial Offer**: Our IPTV service offers a no-obligation free trial period to allow users to experience the features and quality of our service before deciding to subscribe. &nbsp; 2. **Duration**: The&#8230;<\/p>","protected":false},"author":1,"featured_media":0,"parent":0,"menu_order":0,"comment_status":"closed","ping_status":"closed","template":"","meta":{"footnotes":""},"class_list":["post-4079","page","type-page","status-publish","hentry"],"_links":{"self":[{"href":"https:\/\/novaiptv.to\/pt\/wp-json\/wp\/v2\/pages\/4079","targetHints":{"allow":["GET"]}}],"collection":[{"href":"https:\/\/novaiptv.to\/pt\/wp-json\/wp\/v2\/pages"}],"about":[{"href":"https:\/\/novaiptv.to\/pt\/wp-json\/wp\/v2\/types\/page"}],"author":[{"embeddable":true,"href":"https:\/\/novaiptv.to\/pt\/wp-json\/wp\/v2\/users\/1"}],"replies":[{"embeddable":true,"href":"https:\/\/novaiptv.to\/pt\/wp-json\/wp\/v2\/comments?post=4079"}],"version-history":[{"count":0,"href":"https:\/\/novaiptv.to\/pt\/wp-json\/wp\/v2\/pages\/4079\/revisions"}],"wp:attachment":[{"href":"https:\/\/novaiptv.to\/pt\/wp-json\/wp\/v2\/media?parent=4079"}],"curies":[{"name":"wp","href":"https:\/\/api.w.org\/{rel}","templated":true}]}}