{"id":7748,"date":"2025-07-19T11:13:10","date_gmt":"2025-07-19T11:13:10","guid":{"rendered":"https:\/\/novaiptv.org\/?page_id=7748"},"modified":"2025-07-19T11:13:10","modified_gmt":"2025-07-19T11:13:10","slug":"guia-de-iptv","status":"publish","type":"page","link":"https:\/\/novaiptv.to\/pt\/guia-de-iptv\/","title":{"rendered":"7 Surprising Truths About IPTVs &#038; The Best IPTV Services for 2025"},"content":{"rendered":"<div data-elementor-type=\"wp-page\" data-elementor-id=\"7748\" class=\"elementor elementor-7748\" data-elementor-post-type=\"page\">\n\t\t\t\t<div class=\"elementor-element elementor-element-6676031 e-flex e-con-boxed e-con e-parent\" data-id=\"6676031\" data-element_type=\"container\" data-e-type=\"container\">\n\t\t\t\t\t<div class=\"e-con-inner\">\n\t\t\t\t\t<\/div>\n\t\t\t\t<\/div>\n\t\t<div class=\"elementor-element elementor-element-c58c47b e-flex e-con-boxed e-con e-parent\" data-id=\"c58c47b\" data-element_type=\"container\" data-e-type=\"container\">\n\t\t\t\t\t<div class=\"e-con-inner\">\n\t\t\t\t<div class=\"elementor-element elementor-element-eac6538 elementor-widget elementor-widget-html\" data-id=\"eac6538\" data-element_type=\"widget\" data-e-type=\"widget\" data-widget_type=\"html.default\">\n\t\t\t\t\t<section class=\"iptv-article-section\">\n  <style>\n    .iptv-article-section{\n      --iptv-max-width: 960px;\n      --iptv-accent:#2563eb;\n      --iptv-bg:#0f1115;\n      --iptv-surface:#161a20;\n      --iptv-border:#2a3039;\n      --iptv-text:#e5e7eb;\n      --iptv-muted:#94a3b8;\n      --iptv-radius:14px;\n      --iptv-gradient:linear-gradient(135deg,#1e293b 0%,#0f172a 60%,#020617 100%);\n      background:var(--iptv-bg);\n      padding: clamp(2rem,4vw,3.5rem) 1.25rem;\n      font-family: \"Inter\", system-ui, -apple-system, BlinkMacSystemFont, \"Segoe UI\", Roboto, \"Helvetica Neue\", Arial, sans-serif;\n      line-height:1.6;\n      color:var(--iptv-text);\n    }\n    .iptv-article-section .iptv-container{\n      max-width:var(--iptv-max-width);\n      margin:0 auto;\n      background:var(--iptv-surface);\n      border:1px solid var(--iptv-border);\n      padding:clamp(1.75rem,2.5vw,2.5rem) clamp(1.5rem,2.5vw,3rem);\n      border-radius:var(--iptv-radius);\n      box-shadow:0 8px 28px -6px rgba(0,0,0,.55),0 0 0 1px rgba(255,255,255,0.02) inset;\n      background-image:\n        radial-gradient(circle at 15% 10%,rgba(59,130,246,.15),transparent 60%),\n        radial-gradient(circle at 85% 85%,rgba(56,189,248,.1),transparent 55%),\n        var(--iptv-gradient);\n      overflow:hidden;\n    }\n    .iptv-article-section img.logo{\n      display:block;\n      max-width:140px;\n      margin:0 0 1.25rem;\n      filter:drop-shadow(0 4px 10px rgba(0,0,0,.4));\n    }\n    .iptv-article-section h1,\n    .iptv-article-section h2,\n    .iptv-article-section h3{\n      font-weight:600;\n      line-height:1.25;\n      letter-spacing:-.02em;\n      scroll-margin-top:90px;\n    }\n    .iptv-article-section h1{\n      font-size:clamp(2.1rem,4.2vw,3.1rem);\n      background:linear-gradient(90deg,#60a5fa,#38bdf8 40%,#818cf8);\n      -webkit-background-clip:text;\n      color:transparent;\n      margin:0 0 1.2rem;\n    }\n    .iptv-article-section h2{\n      font-size:clamp(1.55rem,2.9vw,2.1rem);\n      margin:2.4rem 0 1rem;\n      color:#f1f5f9;\n      position:relative;\n    }\n    .iptv-article-section h2:after{\n      content:\"\";\n      position:absolute;\n      left:0;\n      bottom:-.55rem;\n      width:68px;\n      height:3px;\n      border-radius:3px;\n      background:linear-gradient(90deg,#3b82f6,#0ea5e9);\n      box-shadow:0 0 0 1px rgba(255,255,255,.05);\n    }\n    .iptv-article-section h3{\n      font-size:clamp(1.25rem,2.2vw,1.5rem);\n      margin:2.1rem 0 .85rem;\n      color:#e2e8f0;\n    }\n    .iptv-article-section p{\n      margin:0 0 1.05rem;\n      font-size:1.01rem;\n    }\n    .iptv-article-section p strong{color:#f8fafc;}\n    .iptv-article-section ul{\n      margin:0 0 1.4rem 1.15rem;\n      padding:0;\n      list-style:none;\n    }\n    .iptv-article-section ul li{\n      position:relative;\n      padding:.4rem .75rem .4rem 1.75rem;\n      margin:.25rem 0;\n      background:rgba(255,255,255,.04);\n      border:1px solid rgba(255,255,255,.07);\n      border-radius:10px;\n      font-size:.97rem;\n      line-height:1.45;\n      backdrop-filter:blur(4px);\n    }\n    .iptv-article-section ul li:before{\n      content:\"\";\n      position:absolute;\n      left:.7rem;\n      top:50%;\n      width:.55rem;\n      height:.55rem;\n      background:linear-gradient(135deg,#3b82f6,#0ea5e9);\n      border-radius:50%;\n      transform:translateY(-50%);\n      box-shadow:0 0 0 3px rgba(59,130,246,.15);\n    }\n    .iptv-article-section a{\n      color:#38bdf8;\n      text-decoration:none;\n      font-weight:500;\n      position:relative;\n    }\n    .iptv-article-section a:after{\n      content:\"\";\n      position:absolute;\n      left:0;\n      bottom:-2px;\n      width:100%;\n      height:2px;\n      background:linear-gradient(90deg,#3b82f6,#06b6d4);\n      transform:scaleX(0);\n      transform-origin:left;\n      transition:.35s cubic-bezier(.65,.05,.36,1);\n    }\n    .iptv-article-section a:hover:after{transform:scaleX(1);}\n    .iptv-article-section blockquote{\n      margin:2rem 0;\n      padding:1.25rem 1.5rem 1.25rem 1.25rem;\n      border-left:5px solid #38bdf8;\n      background:rgba(56,189,248,.08);\n      border-radius:0 14px 14px 0;\n      font-style:italic;\n    }\n    .iptv-article-section code{\n      background:#1e293b;\n      color:#f1f5f9;\n      padding:.2em .5em;\n      border-radius:6px;\n      font-size:.85rem;\n      font-family:ui-monospace, SFMono-Regular, Menlo, Monaco, \"Courier New\", monospace;\n    }\n    .iptv-meta{\n      font-size:.8rem;\n      letter-spacing:.06em;\n      text-transform:uppercase;\n      margin-bottom:1.2rem;\n      color:var(--iptv-muted);\n    }\n    .iptv-article-section hr{\n      border:none;\n      height:1px;\n      background:linear-gradient(90deg,transparent,#334155 20%,#334155 80%,transparent);\n      margin:2.75rem 0;\n    }\n    .iptv-article-section .iptv-grid{\n      display:grid;\n      gap:1.25rem;\n    }\n    .iptv-article-section strong{font-weight:600;}\n    @media (min-width:780px){\n      .iptv-article-section ul li{display:block;}\n    }\n  <\/style>\n  <div class=\"iptv-container\">\n\n    <h1>O que s\u00e3o IPTVs? Entendendo o termo confuso por tr\u00e1s dos servi\u00e7os de IPTV.<\/h1>\n\n    <meta name=\"description\" content=\"Curioso sobre &quot;IPTV&quot;? Descubra o verdadeiro significado por tr\u00e1s do termo e explore os melhores servi\u00e7os de IPTV em 2025. Assista a conte\u00fado de forma mais inteligente com a NovaIPTV.\">\n\n    <h2>Introdu\u00e7\u00e3o \u00e0 IPTV \u2013 Um termo mal compreendido<\/h2>\n    <p>Se voc\u00ea se pegou pesquisando por &quot;IPTV&quot;, saiba que n\u00e3o est\u00e1 sozinho. Muitas pessoas se deparam com esse termo ao procurar maneiras de aprimorar sua experi\u00eancia de streaming. Mas o que exatamente \u00e9 isso? <strong>s\u00e3o IPTVs<\/strong>, E ser\u00e1 que esse \u00e9 o nome correto para o que voc\u00ea est\u00e1 procurando?<\/p>\n    <p>Vamos esclarecer a confus\u00e3o:<\/p>\n    <ul>\n      <li>O termo correto \u00e9 <strong>IPTV<\/strong>, que significa <em>Televis\u00e3o por Protocolo de Internet<\/em>.<\/li>\n      <li>\u201cO uso do plural &quot;IPTVs&quot; \u00e9 uma confus\u00e3o comum, frequentemente encontrada em f\u00f3runs e mercados. Geralmente, significa que as pessoas est\u00e3o procurando por... <strong><a href=\"https:\/\/novaiptv.to\/pt\/estrategias-de-odisseia-de-iptv\/\">Servi\u00e7os de IPTV<\/strong>, <strong>provedores de IPTV<\/strong>, ou at\u00e9 mesmo dispositivos espec\u00edficos que permitem o streaming de IPTV<\/a>.<\/li>\n      <li>O plural \u201cIPTVs\u201d n\u00e3o se refere a um tipo de produto. Em vez disso, diz respeito mais a\u2026 <a href=\"https:\/\/novaiptv.to\/pt\/precos-do-nova-iptv\/\">Assinaturas de IPTV<\/a>, plataformas de streaming ou, \u00e0s vezes, dispositivos compat\u00edveis com IPTV.<\/li>\n    <\/ul>\n    <p>Ao continuar a leitura, voc\u00ea n\u00e3o s\u00f3 entender\u00e1 o verdadeiro significado de &quot;IPTV&quot;, como tamb\u00e9m descobrir\u00e1 como a NovaIPTV pode tornar sua experi\u00eancia de streaming muito melhor do que a TV tradicional.<\/p>\n\n    <h2>O que \u00e9 IPTV?<\/h2>\n    <p>Para realmente entender o que as pessoas querem dizer com &quot;IPTVs&quot;, vamos primeiro analisar o que \u00e9. <a href=\"https:\/\/en.wikipedia.org\/wiki\/Internet_Protocol_television\" target=\"_blank\" rel=\"noopener\"> IPTV <\/a> \u00c9 tudo sobre isso.<\/p>\n\n    <h3>Como funciona o IPTV<\/h3>\n    <p>Em vez de sinais convencionais de cabo ou sat\u00e9lite, <strong>IPTV (Televis\u00e3o por Protocolo de Internet)<\/strong> Oferece TV ao vivo <a href=\"https:\/\/novaiptv.to\/pt\/canais\/\">canais<\/a> e conte\u00fado sob demanda pela internet. Pense nisso como a Netflix ou o YouTube, mas para todas as suas necessidades de televis\u00e3o ao vivo.<\/p>\n    <p>Funciona assim:<\/p>\n    <ul>\n      <li>Um <a href=\"https:\/\/novaiptv.to\/pt\/5-reasons-nova-iptv-is-the-top-streaming-service-now\/\" title=\"5 motivos pelos quais a Nova IPTV \u00e9 o melhor servi\u00e7o de streaming do momento!\" data-wpil-monitor-id=\"189\">O provedor de IPTV hospeda canais de televis\u00e3o e transmiss\u00f5es ao vivo.<\/a> Em servidores seguros.<\/li>\n      <li>Quando voc\u00ea <a href=\"https:\/\/novaiptv.to\/pt\/comprar-assinatura-de-iptv-nos-eua-em-2025\/\">comprar uma assinatura de IPTV<\/a>, Voc\u00ea receber\u00e1 as credenciais de login ou um link para a lista de reprodu\u00e7\u00e3o.<\/li>\n      <li>Basta usar um <a href=\"https:\/\/novaiptv.to\/pt\/melhor-reprodutor-de-iptv-para-firestick\/\">aplicativo IPTV<\/a> (na sua Smart TV, Firestick ou celular) para acessar milhares de canais e programas ao vivo atrav\u00e9s da sua conex\u00e3o de internet.<\/li>\n    <\/ul>\n    <p>Imagine trocar sua antiga antena de TV por uma conex\u00e3o Wi-Fi de alta velocidade \u2014 sem cabos, aparelhos ou limites geogr\u00e1ficos.<\/p>\n\n    <h3>Vantagens em rela\u00e7\u00e3o aos servi\u00e7os tradicionais de TV a cabo\/sat\u00e9lite<\/h3>\n    <p>As pessoas est\u00e3o migrando da TV a cabo para... <a href=\"https:\/\/novaiptv.to\/pt\/guia-xtream-iptv-canada-2025\/\">Servi\u00e7os de IPTV<\/a> Por \u00f3timos motivos:<\/p>\n    <ul>\n      <li><strong>Op\u00e7\u00f5es mais amplas<\/strong>Acesso a milhares de canais globais e conte\u00fado sob demanda.<\/li>\n      <li><strong>Em movimento<\/strong>: Usar <a href=\"https:\/\/novaiptv.to\/pt\/iptv\/canada\/\" title=\"IPTV Canad\u00e1 2025 \u2013 O Guia Definitivo para Nova IPTV (Planos, Dispositivos e Teste Gratuito)\" data-wpil-monitor-id=\"152\">IPTV em praticamente qualquer dispositivo<\/a>, em qualquer lugar com internet.<\/li>\n      <li><strong>Flexibilidade<\/strong>Escolha entre planos de curto ou longo prazo, n\u00e3o contratos anuais r\u00edgidos.<\/li>\n      <li><strong>Economia de custos<\/strong>: <a href=\"https:\/\/novaiptv.to\/pt\/melhor-assinatura-de-iptv-de-2025\/\">Assinaturas de IPTV<\/a> costumam ser muito mais baratos do que os pacotes tradicionais de TV a cabo ou via sat\u00e9lite.<\/li>\n      <li><strong>Recursos avan\u00e7ados<\/strong>Desfrute de qualidade HD\/4K, guias eletr\u00f4nicos de programa\u00e7\u00e3o (EPG) e at\u00e9 mesmo recursos de reprise\/replay.<\/li>\n    <\/ul>\n\n    <h3>O que voc\u00ea precisa para usar IPTV<\/h3>\n    <p>Come\u00e7ar a usar IPTV \u00e9 mais simples do que voc\u00ea imagina. Veja o que voc\u00ea precisa:<\/p>\n    <ul>\n      <li><strong>Um provedor de IPTV confi\u00e1vel<\/strong> (como o NovaIPTV)<\/li>\n      <li><strong>Uma conex\u00e3o de internet est\u00e1vel e de alta velocidade<\/strong> (Recomenda-se pelo menos 10 Mbps)<\/li>\n      <li><strong>Um dispositivo compat\u00edvel<\/strong> \u2013 Smart TV, <a href=\"https:\/\/novaiptv.to\/pt\/instale-o-protonvpn-no-seu-fire-stick-em-2025\/\">Fire TV Stick<\/a>, caixa MAG, telefone Android, tablet, dispositivo iOS ou PC.<\/li>\n      <li><strong>Um <\/strong><a href=\"https:\/\/novaiptv.to\/pt\/iptv-smarters-lg-smart-tv-2025\/\">Aplicativo IPTV \u2013 as op\u00e7\u00f5es incluem Smart IPTV e IPTV Smarters.<\/a>, TiviMate, ou outros.<\/li>\n    <\/ul>\n    <p>Quer saber qual dispositivo \u00e9 o melhor? Confira nossa lista. <a href=\"\/pt\/smart-tv-2025\/\">Guia de Smart TVs 2025<\/a>.<\/p>\n\n    <h2>Por que as pessoas pesquisam por &quot;IPTVs&quot;?<\/h2>\n    <p>Voc\u00ea pode estar se perguntando por que tantas pessoas pesquisam por \u201ciptvs\u201d em vez de \u201cIPTV\u201d. Eis o motivo:<\/p>\n    <ul>\n      <li><strong>Erros de digita\u00e7\u00e3o comuns e sugest\u00f5es autom\u00e1ticas<\/strong>Os mecanismos de busca costumam completar automaticamente as consultas com &quot;iptvs&quot; porque muitos usu\u00e1rios digitam isso por engano ou por h\u00e1bito.<\/li>\n      <li><strong>Refer\u00eancias gen\u00e9ricas<\/strong>Em mercados e f\u00f3runs online, as pessoas se referem a <a href=\"https:\/\/novaiptv.to\/pt\/\">Servi\u00e7os de IPTV<\/a> coletivamente como \u201cIPTVs\u201d.\u201d<\/li>\n      <li><strong>Padr\u00f5es de pesquisa em alta<\/strong>\u00c0 medida que mais usu\u00e1rios experimentam o streaming dom\u00e9stico, termos como &quot;melhor&quot; se tornam cada vez mais comuns. <a href=\"https:\/\/novaiptv.to\/pt\/comprar-assinatura-de-iptv-nos-eua-em-2025\/\">IPTVs<\/a> Tend\u00eancias em an\u00e1lises de busca incluem &quot;para Firestick&quot;, &quot;IPTVs baratos&quot; ou &quot;IPTVs funcionando em 2025&quot;.<\/li>\n    <\/ul>\n    <p>Se voc\u00ea est\u00e1 aqui, com certeza est\u00e1 procurando as \u00faltimas novidades e <a class=\"wpil_keyword_link\" href=\"https:\/\/novaiptv.to\/pt\/\" title=\"melhor IPTV\" data-wpil-keyword-link=\"linked\">melhor IPTV<\/a> servi\u00e7os, independentemente da grafia.<\/p>\n\n    <h2>IPTVs vs. Assinaturas de IPTV: Qual \u00e9 a diferen\u00e7a real?<\/h2>\n    <p>Para esclarecer: \u201cIPTV\u201d n\u00e3o se refere a dispositivos ou a um n\u00edvel de servi\u00e7o diferente \u2014 trata-se de... <a href=\"https:\/\/novaiptv.to\/pt\/assinatura-premium-de-iptv-nova-uk\/\">Assinaturas de IPTV<\/a> e fornecedores.<\/p>\n    <p><a href=\"https:\/\/novaiptv.to\/pt\/iptv-free-trial-canada-2025\/\"><\/a><a href=\"https:\/\/novaiptv.to\/pt\/iptv-free-trial-canada-2025\/\"><\/a><strong>Eis o que importa ao procurar servi\u00e7os de IPTV confi\u00e1veis:<\/strong><\/p>\n    <ul>\n      <li><strong>Ampla sele\u00e7\u00e3o de canais:<\/strong> Internacional, local, esportes, entretenimento, PPV, infantil, filmes.<\/li>\n      <li><strong>Transmiss\u00f5es de alta qualidade:<\/strong> Oferece op\u00e7\u00f5es HD ou 4K, com buffering m\u00ednimo.<\/li>\n      <li><strong>Configura\u00e7\u00e3o f\u00e1cil:<\/strong> Uma lista de reprodu\u00e7\u00e3o simples ou um URL de portal funciona na maioria dos dispositivos.<\/li>\n      <li><strong>Suporte 24 horas por dia, 7 dias por semana:<\/strong> Assist\u00eancia por chat ou e-mail para que voc\u00ea possa continuar transmitindo sem complica\u00e7\u00f5es.<\/li>\n    <\/ul>\n\n    <h3>Ofertas da NovaIPTV<\/h3>\n    <p>A NovaIPTV \u00e9 reconhecida por:<\/p>\n    <ul>\n      <li><strong>Fluxos est\u00e1veis e de alta qualidade<\/strong> de mais de 20.000 canais.<\/li>\n      <li><strong>Servidores ultrarr\u00e1pidos<\/strong> Para transmiss\u00f5es fluidas, mesmo durante grandes eventos esportivos.<\/li>\n      <li><strong>Planos flex\u00edveis<\/strong> Para todos os or\u00e7amentos. Explore agora em nosso site. <a href=\"\/pt\/plans\/\">P\u00e1gina de plantas<\/a>.<\/li>\n      <li><strong>Amigo do usu\u00e1rio <\/strong><a href=\"https:\/\/novaiptv.to\/pt\/configuracao-do-iptv-smarters-pro-2025\/\" title=\"Configura\u00e7\u00e3o do IPTV Smarters Pro para NovaIPTV \u2014 Instala\u00e7\u00e3o, Guia Eletr\u00f4nico de Programa\u00e7\u00e3o (EPG) e Dicas\" data-wpil-monitor-id=\"10\">Suporte \u00e0 instala\u00e7\u00e3o \u2014 desde a configura\u00e7\u00e3o<\/a> Guias para assist\u00eancia por chat ao vivo.<\/li>\n    <\/ul>\n    <p>Procurando por &quot;IPTV&quot;? Voc\u00ea chegou a um dos provedores de IPTV mais confi\u00e1veis de 2025.<\/p>\n\n    <h2>Como escolher o melhor servi\u00e7o de IPTV em 2025<\/h2>\n    <p>Com tantas op\u00e7\u00f5es dispon\u00edveis, como saber qual escolher? <a class=\"wpil_keyword_link\" href=\"https:\/\/novaiptv.to\/pt\/\" title=\"assinatura de IPTV\" data-wpil-keyword-link=\"linked\">assinatura de IPTV<\/a> \u00c9 a op\u00e7\u00e3o certa para voc\u00ea? Leve em considera\u00e7\u00e3o estes fatores:<\/p>\n    <ul>\n      <li><strong>Estabilidade e tempo de atividade:<\/strong> Um servi\u00e7o consistente \u00e9 importante \u2014 voc\u00ea n\u00e3o quer interrup\u00e7\u00f5es durante o jogo decisivo.<\/li>\n      <li><strong>Guia Eletr\u00f4nico de Programa\u00e7\u00e3o (EPG):<\/strong> Um guia de programa\u00e7\u00e3o integrado facilita a troca de canais.<\/li>\n      <li><strong>Ampla biblioteca de conte\u00fado:<\/strong> Mais canais, mais op\u00e7\u00f5es \u2014 busque cobertura global.<\/li>\n      <li><strong>Suporte ao cliente:<\/strong> Ajuda r\u00e1pida quando voc\u00ea precisar.<\/li>\n      <li><strong>Transmiss\u00f5es em HD e 4K:<\/strong> Para obter a imagem mais n\u00edtida, exija op\u00e7\u00f5es de alta qualidade.<\/li>\n      <li><strong>Compatibilidade:<\/strong> Certifique-se de que o provedor seja compat\u00edvel com seus dispositivos \u2014 Firestick, Smart TV, Android, etc.<\/li>\n    <\/ul>\n\n    <h3>Por que escolher a NovaIPTV?<\/h3>\n    <ul>\n      <li><strong>Tempo de atividade s\u00f3lido como uma rocha<\/strong> e confiabilidade l\u00edder do setor.<\/li>\n      <li><strong>Guia eletr\u00f4nico de programa\u00e7\u00e3o (EPG) completo e recursos de catch-up.<\/strong> \u2014 para que voc\u00ea nunca perca seu programa favorito.<\/li>\n      <li><strong>Transmita em todas as principais plataformas.<\/strong> \u2014 incluindo <a href=\"\/pt\/smart-tv-2025\/\">Smart TVs<\/a>, <a href=\"\/pt\/smart-tv-2025\/\">Firestick<\/a>, <a href=\"\/pt\/ios-apple-2025\/\">Android\/iOS<\/a>.<\/li>\n      <li><strong>Pre\u00e7os transparentes e acess\u00edveis<\/strong> \u2014 sem taxas ocultas.<\/li>\n      <li><strong>Teste sem riscos<\/strong> Assim voc\u00ea poder\u00e1 ver a diferen\u00e7a por si mesmo.<\/li>\n    <\/ul>\n    <p>Descubra as nossas novidades <a href=\"\/pt\/plans\/\">planos e ofertas<\/a> agora.<\/p>\n\n    <h2>O uso de IPTV \u00e9 seguro e legal?<\/h2>\n    <p>\u201c&quot;\u00c9 <a href=\"https:\/\/novaiptv.to\/pt\/iptv-e-legal-no-canada\/\">IPTV<\/a> A pr\u00f3xima grande quest\u00e3o depois de encontrar o provedor de IPTV certo \u00e9 se ele \u00e9 legal.<\/p>\n    <ul>\n      <li><strong>A legalidade depende do servi\u00e7o.<\/strong>Nem todos <a href=\"https:\/\/novaiptv.to\/pt\/os-melhores-servicos-de-iptv-no-reddit-no-canada-em-2025\/\">Servi\u00e7os de IPTV<\/a> s\u00e3o leg\u00edtimos. Certifique-se de escolher um provedor de IPTV bem avaliado e em conformidade com a lei.<\/li>\n      <li><strong>Privacidade pessoal<\/strong>O streaming de conte\u00fado, especialmente de fontes internacionais, pode acarretar restri\u00e7\u00f5es de privacidade ou geogr\u00e1ficas.<\/li>\n    <\/ul>\n\n    <h3>Proteja-se com uma VPN<\/h3>\n    <p>Uma VPN (Rede Virtual Privada) criptografa sua atividade e ajuda voc\u00ea a evitar bloqueios regionais ou limita\u00e7\u00e3o de velocidade da sua internet. Mantenha-se seguro seguindo nossas recomenda\u00e7\u00f5es. <a href=\"\/pt\/vpn-setup\/\">Guia de configura\u00e7\u00e3o de VPN<\/a>.<\/p>\n    <p><strong>Dica profissional:<\/strong> Sempre combine seus <a class=\"wpil_keyword_link\" href=\"https:\/\/novaiptv.to\/pt\/blog\/comparacao-de-custos-entre-iptv-e-tv-a-cabo-em-2025\/\" title=\"assinatura de IPTV\" data-wpil-keyword-link=\"linked\">assinatura de IPTV<\/a> Com uma VPN robusta para seguran\u00e7a e tranquilidade.<\/p>\n\n    <h2>Dispositivos compat\u00edveis com IPTV<\/h2>\n    <p>Est\u00e1 em d\u00favida se pode usar seus servi\u00e7os de IPTV na sua configura\u00e7\u00e3o atual? Os servi\u00e7os de IPTV hoje em dia s\u00e3o extremamente flex\u00edveis.<\/p>\n\n    <h3>Dispositivos compat\u00edveis incluem:<\/h3>\n    <ul>\n      <li><strong>Smart TVs<\/strong> (LG, Samsung, Sony e outras)<\/li>\n      <li><strong>Amazon Firestick<\/strong> e Fire TV<\/li>\n      <li><strong>Telefones e tablets Android<\/strong><\/li>\n      <li><strong>iPhone, iPad, Apple TV<\/strong><\/li>\n      <li><strong>Caixas MAG, Enigma2<\/strong><\/li>\n      <li><strong>PCs com Windows e Mac<\/strong><\/li>\n    <\/ul>\n    <p>Para obter detalhes sobre a melhor configura\u00e7\u00e3o do dispositivo, consulte nossos guias. <a href=\"\/pt\/smart-tv-2025\/\">Smart TVs<\/a> e <a href=\"\/pt\/ios-apple-2025\/\">Dispositivos Apple<\/a>.<\/p>\n\n    <h2>Considera\u00e7\u00f5es finais \u2013 IPTV talvez n\u00e3o seja o termo mais adequado, mas voc\u00ea est\u00e1 no lugar certo.<\/h2>\n    <p>Embora &quot;IPTVs&quot; n\u00e3o seja tecnicamente correto, sua busca o trouxe ao lugar certo. Seja para explorar IPTV para Firestick, buscar uma nova experi\u00eancia de streaming ou comparar op\u00e7\u00f5es, aqui voc\u00ea encontra tudo o que precisa. <a href=\"https:\/\/novaiptv.to\/pt\/melhores-servicos-de-iptv-no-reino-unido-em-2025\/\">melhores servi\u00e7os de IPTV<\/a> em 2025, <strong>NovaIPTV<\/strong> \u00e9 o seu parceiro de confian\u00e7a no mundo da IPTV.<\/p>\n    <p><strong>Pronto para elevar o n\u00edvel das suas transmiss\u00f5es ao vivo?<\/strong><\/p>\n    <ul>\n      <li>Explore nossa flexibilidade. <a href=\"\/pt\/plans\/\">planos de IPTV<\/a>.<\/li>\n      <li>Leia algo \u00fatil. <a href=\"https:\/\/novaiptv.to\/pt\/iptv\/usa\/\" title=\"IPTV EUA 2025 \u2013 O Guia Definitivo para Nova IPTV (Melhores Planos, Dispositivos e Configura\u00e7\u00e3o)\" data-wpil-monitor-id=\"118\">guias de configura\u00e7\u00e3o para o seu dispositivo<\/a>.<\/li>\n      <li>Desfrute de IPTV sem riscos com garantia de reembolso.<\/li>\n    <\/ul>\n    <p>Pare de procurar por &quot;IPTVs&quot; e comece a assistir de forma mais inteligente com a NovaIPTV. O futuro da televis\u00e3o chegou \u2014 garanta j\u00e1 a sua! <a href=\"\/pt\/plans\/\">assinatura de IPTV<\/a> hoje!<\/p>\n\n    <p><strong>Links internos neste artigo:<\/strong><\/p>\n    <ul>\n      <li><a href=\"\/pt\/plans\/\">Planos<\/a><\/li>\n      <li><a href=\"\/pt\/vpn-setup\/\">Configura\u00e7\u00e3o de VPN<\/a><\/li>\n      <li><a href=\"\/pt\/smart-tv-2025\/\">Guia de Smart TVs 2025<\/a><\/li>\n      <li><a href=\"\/pt\/ios-apple-2025\/\">Guia iOS\/Apple 2025<\/a><\/li>\n    <\/ul>\n  <\/div>\n<\/section>\t\t\t\t<\/div>\n\t\t\t\t\t<\/div>\n\t\t\t\t<\/div>\n\t\t\t\t<\/div>","protected":false},"excerpt":{"rendered":"<p>What Are IPTVs? Understanding the Confusing Term Behind IPTV Services Introduction to IPTVs \u2013 A Misunderstood Term If you\u2019ve found yourself searching for \u201cIPTVs,\u201d you\u2019re not alone. Many people stumble across this term when looking for ways to upgrade their&#8230;<\/p>","protected":false},"author":1,"featured_media":7752,"parent":0,"menu_order":0,"comment_status":"closed","ping_status":"closed","template":"","meta":{"footnotes":""},"class_list":["post-7748","page","type-page","status-publish","has-post-thumbnail","hentry"],"_links":{"self":[{"href":"https:\/\/novaiptv.to\/pt\/wp-json\/wp\/v2\/pages\/7748","targetHints":{"allow":["GET"]}}],"collection":[{"href":"https:\/\/novaiptv.to\/pt\/wp-json\/wp\/v2\/pages"}],"about":[{"href":"https:\/\/novaiptv.to\/pt\/wp-json\/wp\/v2\/types\/page"}],"author":[{"embeddable":true,"href":"https:\/\/novaiptv.to\/pt\/wp-json\/wp\/v2\/users\/1"}],"replies":[{"embeddable":true,"href":"https:\/\/novaiptv.to\/pt\/wp-json\/wp\/v2\/comments?post=7748"}],"version-history":[{"count":0,"href":"https:\/\/novaiptv.to\/pt\/wp-json\/wp\/v2\/pages\/7748\/revisions"}],"wp:featuredmedia":[{"embeddable":true,"href":"https:\/\/novaiptv.to\/pt\/wp-json\/wp\/v2\/media\/7752"}],"wp:attachment":[{"href":"https:\/\/novaiptv.to\/pt\/wp-json\/wp\/v2\/media?parent=7748"}],"curies":[{"name":"wp","href":"https:\/\/api.w.org\/{rel}","templated":true}]}}