{"id":3988,"date":"2024-02-01T14:15:46","date_gmt":"2024-02-01T14:15:46","guid":{"rendered":"https:\/\/novaiptv.org\/?page_id=3988"},"modified":"2024-02-01T14:15:46","modified_gmt":"2024-02-01T14:15:46","slug":"formulerz8-2025","status":"publish","type":"page","link":"https:\/\/novaiptv.to\/sv\/formulerz8-2025\/","title":{"rendered":"FormulerZ8"},"content":{"rendered":"<div data-elementor-type=\"wp-page\" data-elementor-id=\"3988\" class=\"elementor elementor-3988\" data-elementor-post-type=\"page\">\n\t\t\t\t<div class=\"elementor-element elementor-element-9c22580 e-flex e-con-boxed e-con e-parent\" data-id=\"9c22580\" data-element_type=\"container\">\n\t\t\t\t\t<div class=\"e-con-inner\">\n\t\t\t\t<div class=\"elementor-element elementor-element-3cd2ecb elementor-widget elementor-widget-html\" data-id=\"3cd2ecb\" data-element_type=\"widget\" data-widget_type=\"html.default\">\n\t\t\t\t\t<div class=\"iptv-tutorial-wrapper\">\n    <style>\n        :root {\n            --primary-color: #00b0ff;\n            --secondary-color: #3d5afe;\n            --dark-color: #333333;\n            --light-color: #F3F3F3;\n            --text-color: #333333;\n            --light-text: #F3F3F3;\n            --success-color: #00c853;\n            --warning-color: #ff9100;\n        }\n        \n        * {\n            margin: 0;\n            padding: 0;\n            box-sizing: border-box;\n            font-family: 'Segoe UI', Tahoma, Geneva, Verdana, sans-serif;\n        }\n        \n        .iptv-tutorial-wrapper {\n            background-color: var(--light-color);\n            color: var(--text-color);\n            line-height: 1.6;\n            padding: 20px 0;\n        }\n        \n        .iptv-container {\n            max-width: 1000px;\n            margin: 0 auto;\n            padding: 20px;\n        }\n        \n        .iptv-header {\n            text-align: center;\n            margin-bottom: 40px;\n            position: relative;\n            padding-top: 30px;\n        }\n        \n        .logo-container {\n            display: flex;\n            justify-content: center;\n            align-items: center;\n            margin-bottom: 20px;\n        }\n        \n        .logo {\n            width: 120px;\n            height: 120px;\n            background: linear-gradient(135deg, var(--primary-color), var(--secondary-color));\n            border-radius: 20px;\n            display: flex;\n            justify-content: center;\n            align-items: center;\n            box-shadow: 0 10px 20px rgba(0, 176, 255, 0.3);\n        }\n        \n        .logo svg {\n            width: 70px;\n            height: 70px;\n            fill: white;\n        }\n        \n        h1 {\n            font-size: 2.5rem;\n            margin-bottom: 10px;\n            background: linear-gradient(90deg, var(--primary-color), var(--secondary-color));\n            -webkit-background-clip: text;\n            background-clip: text;\n            color: transparent;\n            display: inline-block;\n        }\n        \n        .subtitle {\n            font-size: 1.2rem;\n            color: #555555;\n            margin-bottom: 20px;\n        }\n        \n        .steps-container {\n            display: flex;\n            flex-direction: column;\n            gap: 30px;\n        }\n        \n        .step {\n            background-color: white;\n            border-radius: 15px;\n            padding: 25px;\n            position: relative;\n            overflow: hidden;\n            box-shadow: 0 5px 15px rgba(0, 0, 0, 0.1);\n            border-left: 4px solid var(--primary-color);\n            transition: transform 0.3s ease, box-shadow 0.3s ease;\n        }\n        \n        .step:hover {\n            transform: translateY(-5px);\n            box-shadow: 0 10px 25px rgba(0, 0, 0, 0.3);\n        }\n        \n        .step-number {\n            position: absolute;\n            top: -10px;\n            right: -10px;\n            width: 60px;\n            height: 60px;\n            background: linear-gradient(135deg, var(--primary-color), var(--secondary-color));\n            border-radius: 50%;\n            display: flex;\n            justify-content: center;\n            align-items: center;\n            font-size: 1.5rem;\n            font-weight: bold;\n            color: white;\n            box-shadow: 0 5px 10px rgba(0, 176, 255, 0.4);\n        }\n        \n        .step-title {\n            font-size: 1.5rem;\n            margin-bottom: 15px;\n            color: var(--primary-color);\n            padding-right: 50px;\n        }\n        \n        .step-content {\n            margin-left: 15px;\n        }\n        \n        .step-content p {\n            margin-bottom: 15px;\n        }\n        \n        ul, ol {\n            margin-left: 30px;\n            margin-bottom: 15px;\n        }\n        \n        li {\n            margin-bottom: 10px;\n        }\n        \n        .highlight {\n            color: var(--primary-color);\n            font-weight: 600;\n        }\n        \n        .note {\n            background-color: rgba(255, 145, 0, 0.1);\n            border-left: 3px solid var(--warning-color);\n            padding: 15px;\n            margin: 20px 0;\n            border-radius: 5px;\n        }\n        \n        .note-title {\n            color: var(--warning-color);\n            font-weight: bold;\n            margin-bottom: 5px;\n        }\n        \n        .tip {\n            background-color: rgba(0, 200, 83, 0.1);\n            border-left: 3px solid var(--success-color);\n            padding: 15px;\n            margin: 20px 0;\n            border-radius: 5px;\n        }\n        \n        .tip-title {\n            color: var(--success-color);\n            font-weight: bold;\n            margin-bottom: 5px;\n        }\n        \n        .illustration {\n            margin: 20px 0;\n            text-align: center;\n        }\n        \n        .illustration svg {\n            max-width: 100%;\n            height: auto;\n            border-radius: 10px;\n            box-shadow: 0 5px 15px rgba(0, 0, 0, 0.15);\n            background-color: #2D3748;\n        }\n        \n        .cta-container {\n            background-color: white;\n            border-radius: 15px;\n            padding: 25px;\n            margin-top: 40px;\n            text-align: center;\n            box-shadow: 0 5px 15px rgba(0, 0, 0, 0.1);\n            border-top: 4px solid var(--primary-color);\n        }\n        \n        .cta-title {\n            font-size: 1.8rem;\n            margin-bottom: 15px;\n            color: var(--primary-color);\n        }\n        \n        .cta-button {\n            display: inline-block;\n            background: linear-gradient(135deg, var(--primary-color), var(--secondary-color));\n            color: white;\n            padding: 12px 30px;\n            border-radius: 50px;\n            font-weight: bold;\n            text-decoration: none;\n            margin-top: 15px;\n            box-shadow: 0 5px 15px rgba(0, 176, 255, 0.3);\n            transition: transform 0.3s ease, box-shadow 0.3s ease;\n        }\n        \n        .cta-button:hover {\n            transform: translateY(-3px);\n            box-shadow: 0 8px 20px rgba(0, 176, 255, 0.4);\n        }\n        \n        .iptv-footer {\n            text-align: center;\n            margin-top: 50px;\n            padding: 20px;\n            color: #555555;\n            font-size: 0.9rem;\n        }\n        \n        @media (max-width: 768px) {\n            .iptv-container {\n                padding: 15px;\n            }\n            \n            h1 {\n                font-size: 2rem;\n            }\n            \n            .step {\n                padding: 20px;\n            }\n            \n            .step-number {\n                width: 50px;\n                height: 50px;\n                font-size: 1.2rem;\n            }\n            \n            .step-title {\n                font-size: 1.3rem;\n            }\n        }\n    <\/style>\n    <div class=\"iptv-container\">\n        <div class=\"iptv-header\">\n            <div class=\"logo-container\">\n                <div class=\"logo\">\n                    <svg viewbox=\"0 0 24 24\" xmlns=\"http:\/\/www.w3.org\/2000\/svg\">\n                        <path d=\"M21,17H3V5H21M21,3H3A2,2 0 0,0 1,5V17A2,2 0 0,0 3,19H8V21H16V19H21A2,2 0 0,0 23,17V5A2,2 0 0,0 21,3M9,7H15V15H9V7M10,8V14H14V8H10Z\" \/>\n                    <\/svg>\n                <\/div>\n            <\/div>\n            <h1>Avov Box\/Formuler IPTV Setup Guide<\/h1>\n            <p class=\"subtitle\">Simple setup instructions for your Avov Box or Formuler device<\/p>\n        <\/div>\n        \n        <div class=\"steps-container\">\n            <!-- Step 1 -->\n            <div class=\"step\">\n                <div class=\"step-number\">1<\/div>\n                <h2 class=\"step-title\">Access the Market<\/h2>\n                <div class=\"step-content\">\n                    <p>From the home screen of your Avov Box or Formuler device, locate and click on the <span class=\"highlight\">\"Market\"<\/span> icon.<\/p>\n                    \n                    <div class=\"illustration\">\n                        <svg width=\"600\" height=\"250\" viewbox=\"0 0 600 250\" xmlns=\"http:\/\/www.w3.org\/2000\/svg\">\n                            <rect width=\"600\" height=\"250\" fill=\"#1E293B\" rx=\"10\" \/>\n                            \n                            <!-- TV Screen -->\n                            <rect x=\"100\" y=\"30\" width=\"400\" height=\"220\" rx=\"5\" fill=\"#2D3748\" \/>\n                            <rect x=\"110\" y=\"40\" width=\"380\" height=\"200\" rx=\"2\" fill=\"#1A1A2E\" \/>\n                            \n                            <!-- Home Screen Icons -->\n                            <rect x=\"150\" y=\"70\" width=\"80\" height=\"80\" rx=\"10\" fill=\"#4A5568\" \/>\n                            <text x=\"170\" y=\"115\" font-family=\"Arial\" font-size=\"12\" fill=\"white\">Direkts\u00e4nd TV<\/text>\n                            \n                            <rect x=\"260\" y=\"70\" width=\"80\" height=\"80\" rx=\"10\" fill=\"#3d5afe\" \/>\n                            <text x=\"275\" y=\"115\" font-family=\"Arial\" font-size=\"12\" fill=\"white\">Market<\/text>\n                            \n                            <rect x=\"370\" y=\"70\" width=\"80\" height=\"80\" rx=\"10\" fill=\"#4A5568\" \/>\n                            <text x=\"385\" y=\"115\" font-family=\"Arial\" font-size=\"12\" fill=\"white\">Appar<\/text>\n                            \n                            <rect x=\"150\" y=\"160\" width=\"80\" height=\"80\" rx=\"10\" fill=\"#4A5568\" \/>\n                            <text x=\"165\" y=\"205\" font-family=\"Arial\" font-size=\"12\" fill=\"white\">Filmer<\/text>\n                            \n                            <rect x=\"260\" y=\"160\" width=\"80\" height=\"80\" rx=\"10\" fill=\"#4A5568\" \/>\n                            <text x=\"265\" y=\"205\" font-family=\"Arial\" font-size=\"12\" fill=\"white\">Inst\u00e4llningar<\/text>\n                            \n                            <rect x=\"370\" y=\"160\" width=\"80\" height=\"80\" rx=\"10\" fill=\"#4A5568\" \/>\n                            <text x=\"380\" y=\"205\" font-family=\"Arial\" font-size=\"12\" fill=\"white\">VOD<\/text>\n                            \n                            <!-- Highlight around Market -->\n                            <rect x=\"255\" y=\"65\" width=\"90\" height=\"90\" rx=\"15\" stroke=\"#00b0ff\" stroke-width=\"3\" fill=\"none\" stroke-dasharray=\"5,5\" \/>\n                        <\/svg>\n                    <\/div>\n                    \n                    <div class=\"tip\">\n                        <p class=\"tip-title\">Proffstips<\/p>\n                        <p>If you don't see the Market icon on your home screen, check under the Apps section or use your remote's Menu button to access all applications.<\/p>\n                    <\/div>\n                <\/div>\n            <\/div>\n            \n            <!-- Step 2 -->\n            <div class=\"step\">\n                <div class=\"step-number\">2<\/div>\n                <h2 class=\"step-title\">Find and Install TVOnline App<\/h2>\n                <div class=\"step-content\">\n                    <p>Within the Market, search for and select the \"TVOnline\" app, which is a free media-controlled app used by <a href=\"https:\/\/novaiptv.to\/sv\/basta-iptv-abonnemanget-2025\/\">NOVA IPTV<\/a> service.<\/p>\n                    \n                    <ol>\n                        <li>Navigate through the Market to find the <span class=\"highlight\">TVOnline<\/span> app.<\/li>\n                        <li>Click on the app to select it.<\/li>\n                        <li>Klicka p\u00e5 <span class=\"highlight\">Installera<\/span> button to begin installation.<\/li>\n                        <li>V\u00e4nta tills installationen \u00e4r klar.<\/li>\n                    <\/ol>\n                    \n                    <div class=\"illustration\">\n                        <svg width=\"600\" height=\"250\" viewbox=\"0 0 600 250\" xmlns=\"http:\/\/www.w3.org\/2000\/svg\">\n                            <rect width=\"600\" height=\"250\" fill=\"#1E293B\" rx=\"10\" \/>\n                            \n                            <!-- TV Screen -->\n                            <rect x=\"100\" y=\"30\" width=\"400\" height=\"220\" rx=\"5\" fill=\"#2D3748\" \/>\n                            <rect x=\"110\" y=\"40\" width=\"380\" height=\"200\" rx=\"2\" fill=\"#1A1A2E\" \/>\n                            \n                            <!-- Market Screen -->\n                            <text x=\"280\" y=\"70\" font-family=\"Arial\" font-size=\"18\" fill=\"white\">Market<\/text>\n                            \n                            <!-- App Icons -->\n                            <rect x=\"150\" y=\"90\" width=\"80\" height=\"80\" rx=\"10\" fill=\"#4A5568\" \/>\n                            <text x=\"165\" y=\"135\" font-family=\"Arial\" font-size=\"12\" fill=\"white\">Game<\/text>\n                            \n                            <rect x=\"260\" y=\"90\" width=\"80\" height=\"80\" rx=\"10\" fill=\"#00b0ff\" \/>\n                            <text x=\"265\" y=\"135\" font-family=\"Arial\" font-size=\"12\" fill=\"white\">TVOnline<\/text>\n                            \n                            <rect x=\"370\" y=\"90\" width=\"80\" height=\"80\" rx=\"10\" fill=\"#4A5568\" \/>\n                            <text x=\"380\" y=\"135\" font-family=\"Arial\" font-size=\"12\" fill=\"white\">Musik<\/text>\n                            \n                            <!-- Install Button -->\n                            <rect x=\"240\" y=\"180\" width=\"120\" height=\"40\" rx=\"20\" fill=\"#00c853\" \/>\n                            <text x=\"270\" y=\"205\" font-family=\"Arial\" font-size=\"16\" fill=\"white\">Installera<\/text>\n                            \n                            <!-- Highlight around TVOnline -->\n                            <rect x=\"255\" y=\"85\" width=\"90\" height=\"90\" rx=\"15\" stroke=\"#00b0ff\" stroke-width=\"3\" fill=\"none\" \/>\n                        <\/svg>\n                    <\/div>\n                    \n                    <div class=\"note\">\n                        <p class=\"note-title\">Notera<\/p>\n                        <p>The TVOnline <a href=\"https:\/\/novaiptv.to\/sv\/android-tv\/\">app is specifically designed to work with IPTV<\/a> services on Avov Box and Formuler devices.<\/p>\n                    <\/div>\n                <\/div>\n            <\/div>\n            \n            <!-- Step 3 -->\n            <div class=\"step\">\n                <div class=\"step-number\">3<\/div>\n                <h2 class=\"step-title\">Configure TVOnline App<\/h2>\n                <div class=\"step-content\">\n                    <p>After the TVOnline app is installed, you need to configure it with your <a class=\"wpil_keyword_link\" href=\"https:\/\/novaiptv.to\/sv\/\"   title=\"IPTV-abonnemang\" data-wpil-keyword-link=\"linked\">IPTV-abonnemang<\/a> detaljer:<\/p>\n                    \n                    <ol>\n                        <li>Open the newly <a href=\"https:\/\/novaiptv.to\/sv\/firestick\/\">installed TVOnline app<\/a>.<\/li>\n                        <li>You will be prompted to enter your service details:<\/li>\n                        <ul>\n                            <li>Enter a Server name (for example, <a href=\"https:\/\/novaiptv.to\/sv\/terms\/\">\"NOVA IPTV\")<\/a><\/li>\n                            <li>Enter the <span class=\"highlight\">Portal link<\/span> provided in your activation email<\/li>\n                        <\/ul>\n                        <li>Klick <span class=\"highlight\">Ansluta<\/span> to start watching.<\/li>\n                    <\/ol>\n                    \n                    <div class=\"illustration\">\n                        <svg width=\"600\" height=\"250\" viewbox=\"0 0 600 250\" xmlns=\"http:\/\/www.w3.org\/2000\/svg\">\n                            <rect width=\"600\" height=\"250\" fill=\"#1E293B\" rx=\"10\" \/>\n                            \n                            <!-- TV Screen -->\n                            <rect x=\"100\" y=\"30\" width=\"400\" height=\"220\" rx=\"5\" fill=\"#2D3748\" \/>\n                            <rect x=\"110\" y=\"40\" width=\"380\" height=\"200\" rx=\"2\" fill=\"#1A1A2E\" \/>\n                            \n                            <!-- Config Screen -->\n                            <text x=\"225\" y=\"70\" font-family=\"Arial\" font-size=\"18\" fill=\"white\">TVOnline Setup<\/text>\n                            \n                            <!-- Form Fields -->\n                            <rect x=\"150\" y=\"90\" width=\"320\" height=\"40\" rx=\"5\" fill=\"#1A1A2E\" \/>\n                            <text x=\"160\" y=\"115\" font-family=\"Arial\" font-size=\"14\" fill=\"#A0AEC0\">Server name: <a href=\"https:\/\/novaiptv.to\/sv\/nova-iptv\/\">NOVA IPTV<\/a><\/text>\n                            \n                            <rect x=\"150\" y=\"140\" width=\"320\" height=\"40\" rx=\"5\" fill=\"#1A1A2E\" \/>\n                            <text x=\"160\" y=\"165\" font-family=\"Arial\" font-size=\"14\" fill=\"#A0AEC0\">Portal link: http:\/\/portal.example.com\/tv<\/text>\n                            \n                            <!-- Connect Button -->\n                            <rect x=\"250\" y=\"190\" width=\"120\" height=\"40\" rx=\"20\" fill=\"#00b0ff\" \/>\n                            <text x=\"275\" y=\"215\" font-family=\"Arial\" font-size=\"16\" fill=\"white\">Ansluta<\/text>\n                        <\/svg>\n                    <\/div>\n                    \n                    <div class=\"tip\">\n                        <p class=\"tip-title\">Proffstips<\/p>\n                        <p>Copy the Portal link exactly as provided in your activation email to avoid any connection issues. Make sure to include any special characters or prefixes like \"http:\/\/\" or \"https:\/\/\".<\/p>\n                    <\/div>\n                <\/div>\n            <\/div>\n            \n            <!-- Step 4 -->\n            <div class=\"step\">\n                <div class=\"step-number\">4<\/div>\n                <h2 class=\"step-title\">Fels\u00f6kning<\/h2>\n                <div class=\"step-content\">\n                    <p>If you experience any issues viewing channels on your Avov Box or Formuler device, follow these recommended troubleshooting steps:<\/p>\n                    \n                    <ol>\n                        <li>Restart the TVOnline app by closing and reopening it.<\/li>\n                        <li>Restart your Avov Box or Formuler device by powering it off and on.<\/li>\n                        <li>Restart your Wi-Fi router to ensure a stable internet connection.<\/li>\n                    <\/ol>\n                    \n                    <div class=\"illustration\">\n                        <svg width=\"600\" height=\"250\" viewbox=\"0 0 600 250\" xmlns=\"http:\/\/www.w3.org\/2000\/svg\">\n                            <rect width=\"600\" height=\"250\" fill=\"#1E293B\" rx=\"10\" \/>\n                            \n                            <!-- Three panels for troubleshooting -->\n                            <rect x=\"120\" y=\"70\" width=\"100\" height=\"150\" rx=\"5\" fill=\"#2D3748\" \/>\n                            <rect x=\"250\" y=\"70\" width=\"100\" height=\"150\" rx=\"5\" fill=\"#2D3748\" \/>\n                            <rect x=\"380\" y=\"70\" width=\"100\" height=\"150\" rx=\"5\" fill=\"#2D3748\" \/>\n                            \n                            <!-- Restart App -->\n                            <text x=\"125\" y=\"60\" font-family=\"Arial\" font-size=\"12\" fill=\"white\">1. Restart App<\/text>\n                            <rect x=\"145\" y=\"90\" width=\"50\" height=\"50\" rx=\"10\" fill=\"#00b0ff\" \/>\n                            <text x=\"150\" y=\"125\" font-family=\"Arial\" font-size=\"10\" fill=\"white\">TVOnline<\/text>\n                            <path d=\"M145,155 C145,165 195,165 195,155\" stroke=\"#00c853\" stroke-width=\"2\" fill=\"none\" \/>\n                            <polygon points=\"195,155 190,150 200,150\" fill=\"#00c853\" \/>\n                            \n                            <!-- Restart Device -->\n                            <text x=\"250\" y=\"60\" font-family=\"Arial\" font-size=\"12\" fill=\"white\">2. Restart Device<\/text>\n                            <rect x=\"260\" y=\"90\" width=\"80\" height=\"40\" rx=\"5\" fill=\"#4A5568\" \/>\n                            <rect x=\"270\" y=\"130\" width=\"60\" height=\"60\" rx=\"5\" fill=\"#1A1A2E\" \/>\n                            <circle cx=\"300\" cy=\"110\" r=\"10\" fill=\"#ff9100\" \/>\n                            <path d=\"M250,190 C250,200 350,200 350,190\" stroke=\"#00c853\" stroke-width=\"2\" fill=\"none\" \/>\n                            <polygon points=\"350,190 345,185 355,185\" fill=\"#00c853\" \/>\n                            \n                            <!-- Restart Router -->\n                            <text x=\"380\" y=\"60\" font-family=\"Arial\" font-size=\"12\" fill=\"white\">3. Restart Router<\/text>\n                            <rect x=\"400\" y=\"90\" width=\"60\" height=\"60\" rx=\"5\" fill=\"#4A5568\" \/>\n                            <circle cx=\"415\" cy=\"105\" r=\"5\" fill=\"#00c853\" \/>\n                            <circle cx=\"430\" cy=\"105\" r=\"5\" fill=\"#00c853\" \/>\n                            <circle cx=\"445\" cy=\"105\" r=\"5\" fill=\"#ff9100\" \/>\n                            <path d=\"M380,160 C380,170 480,170 480,160\" stroke=\"#00c853\" stroke-width=\"2\" fill=\"none\" \/>\n                            <polygon points=\"480,160 475,155 485,155\" fill=\"#00c853\" \/>\n                        <\/svg>\n                    <\/div>\n                    \n                    <div class=\"note\">\n                        <p class=\"note-title\">Common Issues<\/p>\n                        <p>If you continue to experience problems after these steps, check:<\/p>\n                        <ul>\n                            <li>Your internet connection speed (minimum 10 Mbps recommended)<\/li>\n                            <li>Verify your subscription is active<\/li>\n                            <li>Ensure the portal URL is entered correctly<\/li>\n                        <\/ul>\n                    <\/div>\n                <\/div>\n            <\/div>\n        <\/div>\n        \n        <!-- Call to Action -->\n        <div class=\"cta-container\">\n            <h2 class=\"cta-title\">Redo att h\u00f6ja din underh\u00e5llningsupplevelse?<\/h2>\n            <p>Best\u00e4ll v\u00e5r toppmoderna <a href=\"https:\/\/novaiptv.to\/sv\/kanaler\/\">IPTV services now and unlock a world of live channels<\/a>, VODs, series, and movies! With NovaIPTV, <a href=\"https:\/\/novaiptv.to\/sv\/embarking-on-the-iptv-odyssey\/\">s\u00f6ml\u00f6s str\u00f6mning<\/a> och o\u00e4ndlig underh\u00e5llning v\u00e4ntar.<\/p>\n            <a href=\"#\" class=\"cta-button\">Best\u00e4ll IPTV nu<\/a>\n        <\/div>\n        \n        <div class=\"iptv-footer\">\n            <p>\u00a9 2025 <a href=\"https:\/\/novaiptv.to\/sv\/nova-iptv-uk-premium-iptv-abonnemang\/\">NOVA IPTV<\/a> Installationsguide | Denna guide \u00e4r endast avsedd f\u00f6r utbildnings\u00e4ndam\u00e5l<\/p>\n        <\/div>\n    <\/div>\n<\/div>\t\t\t\t<\/div>\n\t\t\t\t\t<\/div>\n\t\t\t\t<\/div>\n\t\t\t\t<\/div>","protected":false},"excerpt":{"rendered":"<p>Avov Box\/Formuler IPTV Setup Guide Simple setup instructions for your Avov Box or Formuler device 1 Access the Market From the home screen of your Avov Box or Formuler device, locate and click on the &#8220;Market&#8221; icon. Live TV Market&#8230;<\/p>","protected":false},"author":1,"featured_media":0,"parent":0,"menu_order":0,"comment_status":"closed","ping_status":"closed","template":"","meta":{"footnotes":""},"class_list":["post-3988","page","type-page","status-publish","hentry"],"_links":{"self":[{"href":"https:\/\/novaiptv.to\/sv\/wp-json\/wp\/v2\/pages\/3988","targetHints":{"allow":["GET"]}}],"collection":[{"href":"https:\/\/novaiptv.to\/sv\/wp-json\/wp\/v2\/pages"}],"about":[{"href":"https:\/\/novaiptv.to\/sv\/wp-json\/wp\/v2\/types\/page"}],"author":[{"embeddable":true,"href":"https:\/\/novaiptv.to\/sv\/wp-json\/wp\/v2\/users\/1"}],"replies":[{"embeddable":true,"href":"https:\/\/novaiptv.to\/sv\/wp-json\/wp\/v2\/comments?post=3988"}],"version-history":[{"count":0,"href":"https:\/\/novaiptv.to\/sv\/wp-json\/wp\/v2\/pages\/3988\/revisions"}],"wp:attachment":[{"href":"https:\/\/novaiptv.to\/sv\/wp-json\/wp\/v2\/media?parent=3988"}],"curies":[{"name":"wp","href":"https:\/\/api.w.org\/{rel}","templated":true}]}}