{"id":7692,"date":"2025-06-22T12:09:11","date_gmt":"2025-06-22T12:09:11","guid":{"rendered":"https:\/\/novaiptv.org\/?page_id=7692"},"modified":"2025-06-22T12:09:11","modified_gmt":"2025-06-22T12:09:11","slug":"fixa-kodi-felet-ingen-strom-tillganglig","status":"publish","type":"page","link":"https:\/\/novaiptv.to\/sv\/fixa-kodi-felet-ingen-strom-tillganglig\/","title":{"rendered":"Ultimat guide: \u00c5tg\u00e4rda Kodi No Stream Available-felet direkt (2025) | NOVAIPTV"},"content":{"rendered":"<div data-elementor-type=\"wp-page\" data-elementor-id=\"7692\" class=\"elementor elementor-7692\" data-elementor-post-type=\"page\">\n\t\t\t\t<div class=\"elementor-element elementor-element-a208086 e-flex e-con-boxed e-con e-parent\" data-id=\"a208086\" data-element_type=\"container\" data-e-type=\"container\">\n\t\t\t\t\t<div class=\"e-con-inner\">\n\t\t\t\t<div class=\"elementor-element elementor-element-4548c8a elementor-widget elementor-widget-html\" data-id=\"4548c8a\" data-element_type=\"widget\" data-e-type=\"widget\" data-widget_type=\"html.default\">\n\t\t\t\t\t<!DOCTYPE html>\n<html lang=\"en\">\n<head>\n  <meta charset=\"UTF-8\">\n  <meta name=\"viewport\" content=\"width=device-width, initial-scale=1.0\">\n  <title>Ultimat guide: \u00c5tg\u00e4rda Kodi No Stream Available-felet direkt (2025) | NOVAIPTV<\/title>\n  <meta name=\"description\" content=\"Fels\u00f6k och \u00e5tg\u00e4rda Kodi No Stream Available-felet p\u00e5 vilken enhet som helst \u00e5r 2025 med den h\u00e4r omfattande guiden. Uppt\u00e4ck bepr\u00f6vade l\u00f6sningar, experttips och viktiga verktyg fr\u00e5n NOVAIPTV f\u00f6r att \u00e5terst\u00e4lla s\u00f6ml\u00f6s streaming nu.\">\n  <link rel=\"canonical\" href=\"https:\/\/novaiptv.to\/fix-kodi-no-stream-available-error\">\n  <style>\n    body { font-family: 'Segoe UI', Arial, sans-serif; background: #f7f9fa; color: #222; margin: 0; padding: 0; }\n    .container { max-width: 850px; margin: 2rem auto; background: #fff; padding: 2rem 2.5rem; border-radius: 12px; box-shadow: 0 2px 12px rgba(0,0,0,0.08);}\n    h1, h2, h3 { color: #1a73e8; }\n    h1 { font-size: 2.2rem; margin-bottom: 1.2rem; }\n    h2 { font-size: 1.5rem; margin-top: 2rem; }\n    h3 { font-size: 1.2rem; margin-top: 1.5rem; }\n    ul, ol { margin-left: 2rem; }\n    .highlight { background: #e3f2fd; padding: 0.3em 0.7em; border-radius: 5px; }\n    .note { background: #fffbe7; border-left: 4px solid #ffe082; padding: 1em; margin: 1.5em 0; border-radius: 6px; }\n    .cta { background: #1a73e8; color: #fff; padding: 1.2em; border-radius: 8px; text-align: center; margin: 2em 0; font-size: 1.1rem; }\n    .outbound { color: #1a73e8; text-decoration: underline; }\n    img { display: block; margin: 1.5em auto; max-width: 100%; border-radius: 8px; }\n    .seo-keyword { font-weight: bold; color: #e53935; }\n  <\/style>\n<\/head>\n<body>\n  <div class=\"container\">\n    <h1>Kodi-felet Ingen str\u00f6m tillg\u00e4nglig: Ultimata l\u00f6sningar f\u00f6r 2025<\/h1>\n    <img decoding=\"async\" src=\"https:\/\/novaiptv.to\/wp-content\/uploads\/2025\/06\/stbvekshp81jlaiu9izs.webp\" alt=\"Kodi Ingen str\u00f6m tillg\u00e4nglig fel\" \/>\n    <p>\n      \u00c4r du frustrerad \u00f6ver <span class=\"seo-keyword\">Kodi Ingen str\u00f6m tillg\u00e4nglig fel<\/span> dyker upp p\u00e5 din enhet? Du \u00e4r inte ensam! Den h\u00e4r omfattande guiden fr\u00e5n <strong>NOVAIPTV<\/strong> avsl\u00f6jar varf\u00f6r detta fel uppst\u00e5r och ger bepr\u00f6vade steg-f\u00f6r-steg-l\u00f6sningar s\u00e5 att du kan \u00e5terg\u00e5 till s\u00f6ml\u00f6s streaming \u00e5r 2025.\n    <\/p>\n\n    <div class=\"note\">\n      <strong>Juridisk ansvarsfriskrivning:<\/strong> NOVAIPTV varken utvecklar, driver, \u00e4r v\u00e4rd f\u00f6r eller distribuerar n\u00e5gon streamingapplikation, till\u00e4gg eller tj\u00e4nst. Anv\u00e4nd endast lagliga k\u00e4llor och respektera upphovsr\u00e4ttslagarna i din jurisdiktion. F\u00f6r mer information, bes\u00f6k <a class=\"outbound\" href=\"https:\/\/kodi.wiki\/view\/Legal\" target=\"_blank\" rel=\"noopener\">Kodi Wiki juridisk sida<\/a>.\n    <\/div>\n\n    <h2>Vad orsakar Kodi-felet Ingen str\u00f6m tillg\u00e4nglig?<\/h2>\n    <ul>\n      <li>F\u00f6r\u00e5ldrade eller ost\u00f6dda Kodi-till\u00e4gg och -versioner<\/li>\n      <li>Otillg\u00e4ngliga eller borttagna inneh\u00e5llsk\u00e4llor<\/li>\n      <li>Problem med n\u00e4tverks- eller internetanslutning<\/li>\n      <li>Problem med din debrid-leverant\u00f6r (t.ex. Real-Debrid, Premiumize)<\/li>\n      <li>Cache\u00f6verbelastning eller skadad leverant\u00f6rsdata<\/li>\n    <\/ul>\n\n    <h2>Hur man \u00e5tg\u00e4rdar Kodi No Stream Available-felet direkt<\/h2>\n\n    <h3>1. Anv\u00e4nd en p\u00e5litlig debridtj\u00e4nst<\/h3>\n    <p>\n      De flesta Kodi-anv\u00e4ndare kombinerar sina favorittill\u00e4gg med premiumtj\u00e4nster som Real-Debrid, Premiumize eller AllDebrid f\u00f6r att l\u00e5sa upp kvalitetsstr\u00f6mmar. Om du ser <span class=\"seo-keyword\">Kodi Ingen str\u00f6m tillg\u00e4nglig fel<\/span> och anv\u00e4nder Real-Debrid, kan aktuella juridiska problem vara orsaken. F\u00f6rs\u00f6k att byta till <a class=\"outbound\" href=\"https:\/\/www.premiumize.me\/\" target=\"_blank\" rel=\"noopener\">Premiumisera<\/a> eller <a class=\"outbound\" href=\"https:\/\/alldebrid.com\/\" target=\"_blank\" rel=\"noopener\">AllDebrid<\/a> f\u00f6r mer p\u00e5litliga l\u00e4nkar.\n    <\/p>\n\n    <h3>2. Uppdatera eller ers\u00e4tt felaktiga till\u00e4gg<\/h3>\n    <p>\n      M\u00e5nga fel uppst\u00e5r eftersom till\u00e4gget du anv\u00e4nder \u00e4r f\u00f6r\u00e5ldrat eller inte l\u00e4ngre underh\u00e5lls. Installera nya, uppdaterade till\u00e4gg eller versioner. Beh\u00e5ll flera till\u00e4gg f\u00f6r olika inneh\u00e5llstyper (filmer, TV, sport, live-TV) s\u00e5 att du alltid har alternativ. Om ett till\u00e4gg misslyckas, prova ett annat.\n    <\/p>\n    <ul>\n      <li>Testa olika till\u00e4gg f\u00f6r samma inneh\u00e5ll.<\/li>\n      <li>Lita inte p\u00e5 bara ett till\u00e4gg f\u00f6r alla dina streamingbehov.<\/li>\n    <\/ul>\n\n    <h3>3. Verifiera inneh\u00e5llstillg\u00e4nglighet<\/h3>\n    <p>\n      Ibland \u00e4r filmen eller serien du vill ha helt enkelt inte tillg\u00e4nglig online l\u00e4ngre, s\u00e4rskilt om den \u00e4r \u00e4ldre eller mindre popul\u00e4r. F\u00f6rs\u00f6k att s\u00f6ka efter alternativa versioner eller anv\u00e4nd en debrid-tj\u00e4nst f\u00f6r att ut\u00f6ka dina tillg\u00e4ngliga k\u00e4llor.\n    <\/p>\n\n    <h3>4. Rensa Kodi-cache och leverant\u00f6rer<\/h3>\n    <p>\n      Med tiden samlar Kodi-till\u00e4gg in tillf\u00e4llig data som kan sakta ner saker eller orsaka fel. Att rensa din cache och dina leverant\u00f6rer kan uppdatera ditt till\u00e4gg och \u00e5tg\u00e4rda streamingproblem.\n    <\/p>\n    <ol>\n      <li>Fr\u00e5n till\u00e4ggets huvudmeny v\u00e4ljer du <strong>Verktyg<\/strong>.<\/li>\n      <li>Klick <strong>Cacheinst\u00e4llningar<\/strong>.<\/li>\n      <li>V\u00e4lja <strong>Tydliga leverant\u00f6rer<\/strong> och bekr\u00e4fta.<\/li>\n      <li>Scrolla ner och klicka <strong>Rensa cachen<\/strong>, bekr\u00e4fta sedan.<\/li>\n      <li>Starta om Kodi f\u00f6r b\u00e4sta resultat.<\/li>\n    <\/ol>\n\n    <h3>5. Fels\u00f6k n\u00e4tverksproblem<\/h3>\n    <p>\n      Om du har provat ovanst\u00e5ende och fortfarande f\u00e5r felet kan det vara ditt n\u00e4tverk som \u00e4r problemet.\n    <\/p>\n    <ul>\n      <li><strong>Interna problem:<\/strong> Starta om routern och modemet. Testa enhetens nedladdningshastighet. Flytta enheten n\u00e4rmare routern eller anv\u00e4nd en kabelanslutning om m\u00f6jligt.<\/li>\n      <li><strong>Externa problem:<\/strong> Din internetleverant\u00f6r (ISP) kan blockera \u00e5tkomst till streamingk\u00e4llor. Anv\u00e4nd ett VPN (t.ex. <a class=\"outbound\" href=\"https:\/\/surfshark.com\/\" target=\"_blank\" rel=\"noopener\">Surfshark<\/a>) f\u00f6r att kringg\u00e5 internetleverant\u00f6rsblockeringar och h\u00e5lla din streaming privat och s\u00e4ker.<\/li>\n    <\/ul>\n\n    <h3>6. Justera Kodi-uppspelningsinst\u00e4llningar<\/h3>\n    <ul>\n      <li>S\u00e4nk standardstr\u00f6mningskvaliteten till 480p f\u00f6r j\u00e4mnare uppspelning (Inst\u00e4llningar \u2192 Spelare \u2192 Videor).<\/li>\n      <li>\u00d6ka leverant\u00f6rernas timeout till 60 sekunder f\u00f6r att ge Kodi mer tid att hitta l\u00e4nkar.<\/li>\n      <li>Inaktivera h\u00e5rdvaruacceleration om du upplever hackigheter i uppspelningen.<\/li>\n    <\/ul>\n\n    <h3>7. Prova alternativa streamingappar<\/h3>\n    <p>\n      Lita inte enbart p\u00e5 Kodi. Spara s\u00e4kerhetskopieringsappar som <a class=\"outbound\" href=\"https:\/\/www.stremio.com\/\" target=\"_blank\" rel=\"noopener\">Stremio<\/a>, Syncler eller IPTV Smarters till hands f\u00f6r filmer, TV och liveinneh\u00e5ll.\n    <\/p>\n\n    <h2>F\u00f6rhindra framtida Kodi No Stream Available-fel<\/h2>\n    <ul>\n      <li>Anv\u00e4nd ett VPN f\u00f6r att undvika internetbaserade strypningar och geoblockeringar.<\/li>\n      <li>Uppdatera dina till\u00e4gg och ta bort de som inte anv\u00e4nds regelbundet.<\/li>\n      <li>\u00d6vervaka din debrid-leverant\u00f6rs status f\u00f6r avbrott.<\/li>\n    <\/ul>\n\n    <div class=\"cta\">\n      <strong>Specialerbjudande:<\/strong> F\u00e5 <span class=\"highlight\">20% AV<\/span> NOVAIPTV-abonnemang! Anv\u00e4nd koden <strong>nova10<\/strong> i kassan.<br>\n      <a class=\"outbound\" href=\"http:\/\/panel.novaiptv.org\/\" target=\"_blank\" rel=\"noopener\" style=\"color:#fff;text-decoration:underline;\">Bes\u00f6k NOVAIPTV nu<\/a>\n    <\/div>\n\n    <h2>Slutliga tankar fr\u00e5n NOVAIPTV<\/h2>\n    <p>\n      De <span class=\"seo-keyword\">Kodi Ingen str\u00f6m tillg\u00e4nglig fel<\/span> \u00e4r irriterande, men det g\u00e5r n\u00e4stan alltid att \u00e5tg\u00e4rda genom att uppdatera till\u00e4gg, byta debrid-leverant\u00f6r, rensa cachen eller kontrollera ditt n\u00e4tverk. F\u00f6r fler streamingtips och <a class=\"wpil_keyword_link\" href=\"https:\/\/novaiptv.to\/sv\/\" title=\"b\u00e4sta IPTV\" data-wpil-keyword-link=\"linked\">b\u00e4sta IPTV<\/a> upplev, bes\u00f6k <a class=\"outbound\" href=\"https:\/\/novaiptv.to\/sv\/\" target=\"_blank\" rel=\"noopener\">NOVAIPTV<\/a>.\n    <\/p>\n    <p>\n      Trevlig streaming!\n    <\/p>\n  <\/div>\n<\/body>\n<\/html>\n\t\t\t\t<\/div>\n\t\t\t\t\t<\/div>\n\t\t\t\t<\/div>\n\t\t\t\t<\/div>","protected":false},"excerpt":{"rendered":"<p>Ultimate Guide: Fix Kodi No Stream Available Error Instantly (2025) | NOVAIPTV Kodi No Stream Available Error: Ultimate Fixes for 2025 Are you frustrated by the Kodi No Stream Available Error popping up on your device? You&#8217;re not alone! This&#8230;<\/p>","protected":false},"author":1,"featured_media":7694,"parent":0,"menu_order":0,"comment_status":"closed","ping_status":"closed","template":"","meta":{"footnotes":""},"class_list":["post-7692","page","type-page","status-publish","has-post-thumbnail","hentry"],"_links":{"self":[{"href":"https:\/\/novaiptv.to\/sv\/wp-json\/wp\/v2\/pages\/7692","targetHints":{"allow":["GET"]}}],"collection":[{"href":"https:\/\/novaiptv.to\/sv\/wp-json\/wp\/v2\/pages"}],"about":[{"href":"https:\/\/novaiptv.to\/sv\/wp-json\/wp\/v2\/types\/page"}],"author":[{"embeddable":true,"href":"https:\/\/novaiptv.to\/sv\/wp-json\/wp\/v2\/users\/1"}],"replies":[{"embeddable":true,"href":"https:\/\/novaiptv.to\/sv\/wp-json\/wp\/v2\/comments?post=7692"}],"version-history":[{"count":0,"href":"https:\/\/novaiptv.to\/sv\/wp-json\/wp\/v2\/pages\/7692\/revisions"}],"wp:featuredmedia":[{"embeddable":true,"href":"https:\/\/novaiptv.to\/sv\/wp-json\/wp\/v2\/media\/7694"}],"wp:attachment":[{"href":"https:\/\/novaiptv.to\/sv\/wp-json\/wp\/v2\/media?parent=7692"}],"curies":[{"name":"wp","href":"https:\/\/api.w.org\/{rel}","templated":true}]}}