{"id":3982,"date":"2024-02-01T14:09:42","date_gmt":"2024-02-01T14:09:42","guid":{"rendered":"https:\/\/novaiptv.org\/?page_id=3982"},"modified":"2024-02-01T14:09:42","modified_gmt":"2024-02-01T14:09:42","slug":"dizustu-bilgisayarlar-2025","status":"publish","type":"page","link":"https:\/\/novaiptv.to\/tr\/dizustu-bilgisayarlar-2025\/","title":{"rendered":"IPTV Player on Laptops &amp; PC"},"content":{"rendered":"<div data-elementor-type=\"wp-page\" data-elementor-id=\"3982\" class=\"elementor elementor-3982\" data-elementor-post-type=\"page\">\n\t\t\t\t<div class=\"elementor-element elementor-element-84018bc e-flex e-con-boxed e-con e-parent\" data-id=\"84018bc\" data-element_type=\"container\" data-e-type=\"container\">\n\t\t\t\t\t<div class=\"e-con-inner\">\n\t\t\t\t<div class=\"elementor-element elementor-element-7470269 elementor-widget elementor-widget-html\" data-id=\"7470269\" data-element_type=\"widget\" data-e-type=\"widget\" data-widget_type=\"html.default\">\n\t\t\t\t\t<!DOCTYPE html>\n<html lang=\"en\">\n<head>\n    <meta charset=\"UTF-8\">\n    <meta name=\"viewport\" content=\"width=device-width, initial-scale=1.0\">\n    <title>VLC Media Player IPTV Kurulum K\u0131lavuzu<\/title>\n    <style>\n        :root {\n            --primary-color: #ff8800;\n            --secondary-color: #ff6600;\n            --dark-color: #333333;\n            --light-color: #F3F3F3;\n            --text-color: #333333;\n            --light-text: #F3F3F3;\n            --success-color: #00c853;\n            --warning-color: #ff9100;\n        }\n        \n        * {\n            margin: 0;\n            padding: 0;\n            box-sizing: border-box;\n            font-family: 'Segoe UI', Tahoma, Geneva, Verdana, sans-serif;\n        }\n        \n        body {\n            background-color: var(--light-color);\n            color: var(--text-color);\n            line-height: 1.6;\n            padding: 20px 0;\n        }\n        \n        .container {\n            max-width: 900px;\n            margin: 0 auto;\n            padding: 20px;\n        }\n        \n        .header {\n            text-align: center;\n            margin-bottom: 40px;\n            position: relative;\n            padding-top: 30px;\n        }\n        \n        .logo-container {\n            display: flex;\n            justify-content: center;\n            align-items: center;\n            margin-bottom: 20px;\n        }\n        \n        .logo {\n            width: 120px;\n            height: 120px;\n            background: linear-gradient(135deg, var(--primary-color), var(--secondary-color));\n            border-radius: 20px;\n            display: flex;\n            justify-content: center;\n            align-items: center;\n            box-shadow: 0 10px 20px rgba(255, 136, 0, 0.3);\n        }\n        \n        .logo svg {\n            width: 70px;\n            height: 70px;\n            fill: white;\n        }\n        \n        h1 {\n            font-size: 2.5rem;\n            margin-bottom: 10px;\n            background: linear-gradient(90deg, var(--primary-color), var(--secondary-color));\n            -webkit-background-clip: text;\n            background-clip: text;\n            color: transparent;\n            display: inline-block;\n        }\n        \n        .subtitle {\n            font-size: 1.2rem;\n            color: #555555;\n            margin-bottom: 20px;\n        }\n        \n        .steps-container {\n            display: flex;\n            flex-direction: column;\n            gap: 30px;\n        }\n        \n        .step {\n            background-color: white;\n            border-radius: 15px;\n            padding: 25px;\n            position: relative;\n            overflow: hidden;\n            box-shadow: 0 5px 15px rgba(0, 0, 0, 0.1);\n            border-left: 4px solid var(--primary-color);\n            transition: transform 0.3s ease, box-shadow 0.3s ease;\n        }\n        \n        .step:hover {\n            transform: translateY(-5px);\n            box-shadow: 0 10px 25px rgba(0, 0, 0, 0.2);\n        }\n        \n        .step-number {\n            position: absolute;\n            top: -10px;\n            right: -10px;\n            width: 60px;\n            height: 60px;\n            background: linear-gradient(135deg, var(--primary-color), var(--secondary-color));\n            border-radius: 50%;\n            display: flex;\n            justify-content: center;\n            align-items: center;\n            font-size: 1.5rem;\n            font-weight: bold;\n            color: white;\n            box-shadow: 0 5px 10px rgba(255, 136, 0, 0.4);\n        }\n        \n        .step-title {\n            font-size: 1.5rem;\n            margin-bottom: 15px;\n            color: var(--primary-color);\n            padding-right: 50px;\n        }\n        \n        .step-content {\n            margin-left: 15px;\n        }\n        \n        .step-content p {\n            margin-bottom: 15px;\n        }\n        \n        ul, ol {\n            margin-left: 30px;\n            margin-bottom: 15px;\n        }\n        \n        li {\n            margin-bottom: 10px;\n        }\n        \n        .highlight {\n            color: var(--primary-color);\n            font-weight: 600;\n        }\n        \n        .note {\n            background-color: rgba(255, 145, 0, 0.1);\n            border-left: 3px solid var(--warning-color);\n            padding: 15px;\n            margin: 20px 0;\n            border-radius: 5px;\n        }\n        \n        .note-title {\n            color: var(--warning-color);\n            font-weight: bold;\n            margin-bottom: 5px;\n        }\n        \n        .tip {\n            background-color: rgba(0, 200, 83, 0.1);\n            border-left: 3px solid var(--success-color);\n            padding: 15px;\n            margin: 20px 0;\n            border-radius: 5px;\n        }\n        \n        .tip-title {\n            color: var(--success-color);\n            font-weight: bold;\n            margin-bottom: 5px;\n        }\n        \n        .illustration {\n            margin: 20px 0;\n            text-align: center;\n        }\n        \n        .illustration img {\n            max-width: 100%;\n            height: auto;\n            border-radius: 10px;\n            box-shadow: 0 5px 15px rgba(0, 0, 0, 0.15);\n        }\n        \n        .footer {\n            text-align: center;\n            margin-top: 50px;\n            padding: 20px;\n            color: #555555;\n            font-size: 0.9rem;\n        }\n        \n        .cta-container {\n            text-align: center;\n            margin: 40px 0;\n            padding: 30px;\n            background: linear-gradient(135deg, rgba(255, 136, 0, 0.1), rgba(255, 102, 0, 0.1));\n            border-radius: 15px;\n        }\n        \n        .cta-title {\n            font-size: 1.8rem;\n            margin-bottom: 15px;\n            color: var(--dark-color);\n        }\n        \n        .cta-description {\n            font-size: 1.1rem;\n            margin-bottom: 25px;\n            color: #555;\n        }\n        \n        .cta-button {\n            display: inline-block;\n            padding: 15px 40px;\n            background: linear-gradient(90deg, var(--primary-color), var(--secondary-color));\n            color: white;\n            text-decoration: none;\n            font-weight: bold;\n            border-radius: 30px;\n            box-shadow: 0 5px 15px rgba(255, 136, 0, 0.4);\n            transition: transform 0.3s ease, box-shadow 0.3s ease;\n        }\n        \n        .cta-button:hover {\n            transform: translateY(-3px);\n            box-shadow: 0 8px 20px rgba(255, 136, 0, 0.6);\n        }\n        \n        @media (max-width: 768px) {\n            .container {\n                padding: 15px;\n            }\n            \n            h1 {\n                font-size: 2rem;\n            }\n            \n            .step {\n                padding: 20px;\n            }\n            \n            .step-number {\n                width: 50px;\n                height: 50px;\n                font-size: 1.2rem;\n            }\n            \n            .step-title {\n                font-size: 1.3rem;\n            }\n        }\n    <\/style>\n<\/head>\n<body>\n    <div class=\"container\">\n        <div class=\"header\">\n            <div class=\"logo-container\">\n                <div class=\"logo\">\n                    <svg viewbox=\"0 0 24 24\" xmlns=\"http:\/\/www.w3.org\/2000\/svg\">\n                        <path d=\"M12,3.5C6.92,3.5 2.75,7 2.75,11.25C2.75,13.25 3.69,15.03 5.18,16.31C4.97,16.67 4.77,17.03 4.67,17.41C4.54,17.89 4.46,18.39 4.46,18.91C4.46,19.31 5.06,19.61 5.36,19.31C6.05,18.71 6.11,18.13 6.87,17.56C8.4,18.34 10.13,18.8 12,18.8C17.07,18.8 21.25,15.31 21.25,11.06C21.25,6.8 17.07,3.5 12,3.5M12,17.5C10.32,17.5 8.73,17.12 7.33,16.5C6.76,16.8 6.23,17.27 5.85,17.85C5.76,18 5.76,18.03 5.75,18.25C5.75,18.26 5.75,18.28 5.75,18.29C6.62,17.74 7.18,17.5 8.01,17.5C8.22,17.5 8.45,17.56 8.64,17.63C9.56,18.05 10.75,18.3 12,18.3C16.34,18.3 19.85,15.31 19.85,11.8C19.85,8.28 16.34,5.29 12,5.29C7.65,5.29 4.15,8.29 4.15,11.8C4.15,13.39 4.86,14.8 6.05,15.89C6.16,16 6.27,16.09 6.39,16.18C8.08,17.14 10,17.5 12,17.5M14.46,10.08L12.87,9.67V7.94C12.87,7.83 12.7,7.7 12.5,7.7C12.31,7.7 12.13,7.83 12.13,7.94V9.67L10.54,10.08C10.39,10.13 10.27,10.23 10.27,10.4C10.27,10.57 10.44,10.71 10.64,10.71H12.13V14.07C12.13,14.18 12.31,14.32 12.5,14.32C12.7,14.32 12.87,14.18 12.87,14.07V10.71H14.36C14.56,10.71 14.73,10.57 14.73,10.4C14.73,10.23 14.61,10.13 14.46,10.08Z\" \/>\n                    <\/svg>\n                <\/div>\n            <\/div>\n            <h1>VLC Media Player IPTV Kurulum K\u0131lavuzu<\/h1>\n            <p class=\"subtitle\">VLC Media Player ile binlerce kanal\u0131 kolayca izleyin<\/p>\n        <\/div>\n        \n        <div class=\"steps-container\">\n            <!-- Step 1 -->\n            <div class=\"step\">\n                <div class=\"step-number\">1<\/div>\n                <h2 class=\"step-title\">VLC Media Player&#039;\u0131 indirin<\/h2>\n                <div class=\"step-content\">\n                    <p>\u00d6ncelikle VLC Media Player&#039;\u0131 (e\u011fer y\u00fckl\u00fc de\u011filse) indirip kurman\u0131z gerekiyor.<\/p>\n                    \n                    <ol>\n                        <li>Resmi VLC web sitesini \u015fu adresten ziyaret edin: <span class=\"highlight\"><a href=\"https:\/\/www.videolan.org\/vlc\/index.html\" target=\"_blank\" rel=\"noopener\">https:\/\/www.videolan.org\/vlc\/index.html<\/a><\/span><\/li>\n                        <li>\u0130\u015fletim sisteminize (Windows, macOS, Linux vb.) uygun indirme butonuna t\u0131klay\u0131n.<\/li>\n                        <li>\u0130ndirdikten sonra y\u00fckleyiciyi \u00e7al\u0131\u015ft\u0131r\u0131n ve kurulumu tamamlamak i\u00e7in ekrandaki talimatlar\u0131 izleyin<\/li>\n                    <\/ol>\n                    \n                    <div class=\"tip\">\n                        <p class=\"tip-title\">Profesyonel \u0130pucu<\/p>\n                        <p>VLC, Windows, macOS, Linux, Android ve iOS dahil olmak \u00fczere hemen hemen t\u00fcm platformlarda kullan\u0131labilir ve bu da onu \u00e7ok y\u00f6nl\u00fc bir se\u00e7enek haline getirir <a href=\"https:\/\/novaiptv.to\/tr\/iptv\/usa\/\" title=\"IPTV ABD 2025 \u2013 Nova IPTV i\u00e7in Kapsaml\u0131 Rehber (En \u0130yi Planlar, Cihazlar ve Kurulum)\" data-wpil-monitor-id=\"112\">T\u00fcm cihazlar\u0131n\u0131zda IPTV izleme<\/a>.<\/p>\n                    <\/div>\n                <\/div>\n            <\/div>\n            \n            <!-- Step 2 -->\n            <div class=\"step\">\n                <div class=\"step-number\">2<\/div>\n                <h2 class=\"step-title\">VLC Player&#039;\u0131 a\u00e7\u0131n<\/h2>\n                <div class=\"step-content\">\n                    <p>Kurulum tamamland\u0131ktan sonra masa\u00fcst\u00fcn\u00fczden veya uygulamalar klas\u00f6r\u00fcn\u00fczden VLC Media Player&#039;\u0131 ba\u015flat\u0131n.<\/p>\n                    \n                    <div class=\"note\">\n                        <p class=\"note-title\">Not<\/p>\n                        <p>En iyi performans ve uyumluluk i\u00e7in VLC&#039;nin en son s\u00fcr\u00fcm\u00fcn\u00fc kulland\u0131\u011f\u0131n\u0131zdan emin olun. <a href=\"https:\/\/novaiptv.to\/tr\/nova-iptv\/\">IPTV ak\u0131\u015flar\u0131<\/a>.<\/p>\n                    <\/div>\n                <\/div>\n            <\/div>\n            \n            <!-- Step 3 -->\n            <div class=\"step\">\n                <div class=\"step-number\">3<\/div>\n                <h2 class=\"step-title\">Eri\u015fim A\u011f\u0131 Ak\u0131\u015f\u0131<\/h2>\n                <div class=\"step-content\">\n                    <p>A\u00e7mak i\u00e7in <a href=\"https:\/\/novaiptv.to\/tr\/android-tv-2025\/\">IPTV ak\u0131\u015f\u0131<\/a>, a\u011f ak\u0131\u015f\u0131 \u00f6zelli\u011fine eri\u015fmeniz gerekiyor:<\/p>\n                    \n                    <ol>\n                        <li>VLC men\u00fcs\u00fcnde, \u00fczerine t\u0131klay\u0131n <span class=\"highlight\">Medya<\/span><\/li>\n                        <li>Se\u00e7me <span class=\"highlight\">A\u00e7\u0131k A\u011f Ak\u0131\u015f\u0131<\/span> a\u00e7\u0131l\u0131r men\u00fcden<\/li>\n                        <li>Alternatif olarak, \u015fu klavye k\u0131sayolunu kullanabilirsiniz: <span class=\"highlight\">Ctrl+N<\/span> (Windows\/Linux) veya <span class=\"highlight\">Command+N<\/span> (macOS)<\/li>\n                    <\/ol>\n                <\/div>\n            <\/div>\n            \n            <!-- Step 4 -->\n            <div class=\"step\">\n                <div class=\"step-number\">4<\/div>\n                <h2 class=\"step-title\">IPTV URL&#039;nizi girin<\/h2>\n                <div class=\"step-content\">\n                    <p>A\u011f ak\u0131\u015f\u0131 ileti\u015fim kutusunda:<\/p>\n                    \n                    <ol>\n                        <li>Yap\u0131\u015ft\u0131r\u0131n <a class=\"wpil_keyword_link\" href=\"https:\/\/novaiptv.to\/tr\/\" title=\"IPTV aboneli\u011fi\" data-wpil-keyword-link=\"linked\">IPTV aboneli\u011fi<\/a> Sa\u011flanan alandaki URL (bu, abone olduktan sonra size g\u00f6nderilen URL&#039;dir)<\/li>\n                        <li>T\u0131klay\u0131n <span class=\"highlight\">Oynamak<\/span> kanallar\u0131n\u0131z\u0131 y\u00fcklemeye ba\u015flamak i\u00e7in d\u00fc\u011fme<\/li>\n                    <\/ol>\n                    \n                    <div class=\"tip\">\n                        <p class=\"tip-title\">Profesyonel \u0130pucu<\/p>\n                        <p>Bu oynatma listesini s\u0131k s\u0131k kullanmay\u0131 planl\u0131yorsan\u0131z, Oynat&#039;a t\u0131klamadan \u00f6nce &quot;Oynatma Listesi Olarak Kaydet&quot; se\u00e7ene\u011fini i\u015faretleyin. Bu, gelecekte IPTV kanallar\u0131n\u0131za h\u0131zl\u0131 bir \u015fekilde eri\u015fmenizi sa\u011flayacakt\u0131r.<\/p>\n                    <\/div>\n                <\/div>\n            <\/div>\n            \n            <!-- Step 5 -->\n            <div class=\"step\">\n                <div class=\"step-number\">5<\/div>\n                <h2 class=\"step-title\">Kanallar\u0131n Y\u00fcklenmesini Bekleyin<\/h2>\n                <div class=\"step-content\">\n                    <p>URL&#039;yi girip Oynat&#039;a bast\u0131ktan sonra:<\/p>\n                    \n                    <ol>\n                        <li>VLC, IPTV kanallar\u0131n\u0131z\u0131 y\u00fcklemeye ba\u015flayacak<\/li>\n                        <li>Bu i\u015flem aboneli\u011finizdeki kanal say\u0131s\u0131na ba\u011fl\u0131 olarak biraz zaman alabilir.<\/li>\n                        <li>\u00c7alma listesi i\u015flenirken sab\u0131rl\u0131 olun<\/li>\n                    <\/ol>\n                    \n                    <div class=\"note\">\n                        <p class=\"note-title\">Not<\/p>\n                        <p>Binlerce kanal i\u00e7eren daha b\u00fcy\u00fck \u00e7alma listelerinin ba\u015flang\u0131\u00e7ta y\u00fcklenmesi daha uzun s\u00fcrebilir. Bu normaldir.<\/p>\n                    <\/div>\n                <\/div>\n            <\/div>\n            \n            <!-- Step 6 -->\n            <div class=\"step\">\n                <div class=\"step-number\">6<\/div>\n                <h2 class=\"step-title\">Bir Kanal Se\u00e7in ve Keyfini \u00c7\u0131kar\u0131n<\/h2>\n                <div class=\"step-content\">\n                    <p>Kanallar y\u00fcklendikten sonra:<\/p>\n                    \n                    <ol>\n                        <li>Mevcut t\u00fcm kanallar\u0131n yer ald\u0131\u011f\u0131 bir \u00e7alma listesi g\u00f6receksiniz<\/li>\n                        <li>Belirli kanallar\u0131 bulmak i\u00e7in listeye g\u00f6z at\u0131n veya arama i\u015flevini kullan\u0131n<\/li>\n                        <li>\u0130zlemeye ba\u015flamak i\u00e7in bir kanala t\u0131klay\u0131n<\/li>\n                        <li>Keyfini \u00e7\u0131kar\u0131n <a href=\"https:\/\/novaiptv.to\/tr\/embarking-on-the-iptv-odyssey\/\">IPTV ak\u0131\u015f\u0131<\/a> deneyim!<\/li>\n                    <\/ol>\n                    \n                    <div class=\"tip\">\n                        <p class=\"tip-title\">Profesyonel \u0130pucu<\/p>\n                        <p>VLC&#039;de oynatma ayarlar\u0131n\u0131, videoya sa\u011f t\u0131klay\u0131p oynatma men\u00fcs\u00fcne eri\u015ferek yapabilirsiniz. Bu sayede video kalitesi, en boy oran\u0131 ve ses par\u00e7alar\u0131 gibi unsurlar\u0131 kontrol edebilirsiniz.<\/p>\n                    <\/div>\n                <\/div>\n            <\/div>\n        <\/div>\n        \n        <div class=\"cta-container\">\n            <h2 class=\"cta-title\">E\u011flence Deneyiminizi Bir \u00dcst Seviyeye Ta\u015f\u0131maya Haz\u0131r m\u0131s\u0131n\u0131z?<\/h2>\n            <p class=\"cta-description\">Son teknoloji \u00fcr\u00fcnlerimizi sipari\u015f edin <a href=\"https:\/\/novaiptv.to\/tr\/canli-sporlar-icin-en-iyi-iptv-aboneligi\/\">IPTV hizmetlerini \u015fimdi edinin ve canl\u0131 bir d\u00fcnyan\u0131n kilidini a\u00e7\u0131n<\/a> kanallar, VOD&#039;ler, diziler ve filmler! NovaIPTV ile, <a href=\"https:\/\/novaiptv.to\/tr\/iptv-odyssey-stratejileri\/\">kesintisiz yay\u0131n<\/a> ve sonsuz e\u011flence sizi bekliyor.<\/p>\n            <a href=\"#\" class=\"cta-button\">Gelece\u011fin TV&#039;sine bug\u00fcn kat\u0131l\u0131n!<\/a>\n        <\/div>\n        \n        <div class=\"footer\">\n            <p>\u00a9 2025 NovaIPTV | VLC Medya <a href=\"https:\/\/novaiptv.to\/tr\/nova-iptv-online-player\/\">Oyuncu IPTV<\/a> Kurulum K\u0131lavuzu<\/p>\n        <\/div>\n    <\/div>\n<\/body>\n<\/html>\t\t\t\t<\/div>\n\t\t\t\t<div class=\"elementor-element elementor-element-28a3148 elementor-widget elementor-widget-html\" data-id=\"28a3148\" data-element_type=\"widget\" data-e-type=\"widget\" data-widget_type=\"html.default\">\n\t\t\t\t\t<section style=\"max-width: 820px; margin: 54px auto; background: #181820; border-radius: 2.1em; box-shadow: 0 8px 32px rgba(18,17,34,0.13); padding: 3.3rem 3rem 3rem 3rem; text-align: center;\">\n  <h2 style=\"font-size: 2.3rem; margin-bottom: 0.6em; color:#fff; font-weight:800; letter-spacing:-0.5px; font-family: 'Montserrat',Arial,sans-serif;\">\n    \u00d6zel IPTV Eri\u015fimi mi Ar\u0131yorsunuz?\n  <\/h2>\n  <p style=\"font-size: 1.32rem; margin-bottom: 2em; color:#bdbdbd; font-weight: 400; font-family: 'Montserrat',Arial,sans-serif;\">\n    Premium kanallar, filmler ve sporlarla dolu bir d\u00fcnyay\u0131 ke\u015ffedin. <br>\n    \u0130zleme deneyiminizi bir \u00fcst seviyeye ta\u015f\u0131y\u0131n, se\u00e7kinlere kat\u0131l\u0131n.\n  <\/p>\n  <a href=\"https:\/\/panel.novaiptv.org\" style=\"display:inline-block; background: #fff; color:#191820; font-weight:700; font-size:1.25rem; border-radius:1.4em; padding: 1.1em 3.5em; text-decoration:none; box-shadow:0 2px 20px rgba(0,0,0,0.10); transition: box-shadow 0.16s, transform 0.16s; border:none; letter-spacing: 0.5px;\" onmouseover=\"this.style.boxShadow=&#039;0 6px 32px rgba(0,0,0,0.22)&#039;;this.style.transform=&#039;translateY(-2px)&#039;;\" onmouseout=\"this.style.boxShadow=&#039;0 2px 20px rgba(0,0,0,0.10)&#039;;this.style.transform=&#039;none&#039;;\" target=\"_blank\" rel=\"noopener\">\n    IPTV&#039;yi Hemen Sat\u0131n Al\u0131n\n  <\/a>\n<\/section>\t\t\t\t<\/div>\n\t\t\t\t\t<\/div>\n\t\t\t\t<\/div>\n\t\t\t\t<\/div>","protected":false},"excerpt":{"rendered":"<p>VLC Media Player IPTV Setup Guide VLC Media Player IPTV Setup Guide Stream thousands of channels easily with VLC Media Player 1 Download VLC Media Player First, you need to download and install VLC Media Player if you don&#8217;t already&#8230;<\/p>","protected":false},"author":1,"featured_media":0,"parent":0,"menu_order":0,"comment_status":"closed","ping_status":"closed","template":"","meta":{"footnotes":""},"class_list":["post-3982","page","type-page","status-publish","hentry"],"_links":{"self":[{"href":"https:\/\/novaiptv.to\/tr\/wp-json\/wp\/v2\/pages\/3982","targetHints":{"allow":["GET"]}}],"collection":[{"href":"https:\/\/novaiptv.to\/tr\/wp-json\/wp\/v2\/pages"}],"about":[{"href":"https:\/\/novaiptv.to\/tr\/wp-json\/wp\/v2\/types\/page"}],"author":[{"embeddable":true,"href":"https:\/\/novaiptv.to\/tr\/wp-json\/wp\/v2\/users\/1"}],"replies":[{"embeddable":true,"href":"https:\/\/novaiptv.to\/tr\/wp-json\/wp\/v2\/comments?post=3982"}],"version-history":[{"count":0,"href":"https:\/\/novaiptv.to\/tr\/wp-json\/wp\/v2\/pages\/3982\/revisions"}],"wp:attachment":[{"href":"https:\/\/novaiptv.to\/tr\/wp-json\/wp\/v2\/media?parent=3982"}],"curies":[{"name":"wp","href":"https:\/\/api.w.org\/{rel}","templated":true}]}}