{"id":3988,"date":"2024-02-01T14:15:46","date_gmt":"2024-02-01T14:15:46","guid":{"rendered":"https:\/\/novaiptv.org\/?page_id=3988"},"modified":"2024-02-01T14:15:46","modified_gmt":"2024-02-01T14:15:46","slug":"formulerz8-2025","status":"publish","type":"page","link":"https:\/\/novaiptv.to\/tr\/formulerz8-2025\/","title":{"rendered":"FormulerZ8"},"content":{"rendered":"<div data-elementor-type=\"wp-page\" data-elementor-id=\"3988\" class=\"elementor elementor-3988\" data-elementor-post-type=\"page\">\n\t\t\t\t<div class=\"elementor-element elementor-element-9c22580 e-flex e-con-boxed e-con e-parent\" data-id=\"9c22580\" data-element_type=\"container\" data-e-type=\"container\">\n\t\t\t\t\t<div class=\"e-con-inner\">\n\t\t\t\t<div class=\"elementor-element elementor-element-3cd2ecb elementor-widget elementor-widget-html\" data-id=\"3cd2ecb\" data-element_type=\"widget\" data-e-type=\"widget\" data-widget_type=\"html.default\">\n\t\t\t\t\t<div class=\"iptv-tutorial-wrapper\">\n    <style>\n        :root {\n            --primary-color: #00b0ff;\n            --secondary-color: #3d5afe;\n            --dark-color: #333333;\n            --light-color: #F3F3F3;\n            --text-color: #333333;\n            --light-text: #F3F3F3;\n            --success-color: #00c853;\n            --warning-color: #ff9100;\n        }\n        \n        * {\n            margin: 0;\n            padding: 0;\n            box-sizing: border-box;\n            font-family: 'Segoe UI', Tahoma, Geneva, Verdana, sans-serif;\n        }\n        \n        .iptv-tutorial-wrapper {\n            background-color: var(--light-color);\n            color: var(--text-color);\n            line-height: 1.6;\n            padding: 20px 0;\n        }\n        \n        .iptv-container {\n            max-width: 1000px;\n            margin: 0 auto;\n            padding: 20px;\n        }\n        \n        .iptv-header {\n            text-align: center;\n            margin-bottom: 40px;\n            position: relative;\n            padding-top: 30px;\n        }\n        \n        .logo-container {\n            display: flex;\n            justify-content: center;\n            align-items: center;\n            margin-bottom: 20px;\n        }\n        \n        .logo {\n            width: 120px;\n            height: 120px;\n            background: linear-gradient(135deg, var(--primary-color), var(--secondary-color));\n            border-radius: 20px;\n            display: flex;\n            justify-content: center;\n            align-items: center;\n            box-shadow: 0 10px 20px rgba(0, 176, 255, 0.3);\n        }\n        \n        .logo svg {\n            width: 70px;\n            height: 70px;\n            fill: white;\n        }\n        \n        h1 {\n            font-size: 2.5rem;\n            margin-bottom: 10px;\n            background: linear-gradient(90deg, var(--primary-color), var(--secondary-color));\n            -webkit-background-clip: text;\n            background-clip: text;\n            color: transparent;\n            display: inline-block;\n        }\n        \n        .subtitle {\n            font-size: 1.2rem;\n            color: #555555;\n            margin-bottom: 20px;\n        }\n        \n        .steps-container {\n            display: flex;\n            flex-direction: column;\n            gap: 30px;\n        }\n        \n        .step {\n            background-color: white;\n            border-radius: 15px;\n            padding: 25px;\n            position: relative;\n            overflow: hidden;\n            box-shadow: 0 5px 15px rgba(0, 0, 0, 0.1);\n            border-left: 4px solid var(--primary-color);\n            transition: transform 0.3s ease, box-shadow 0.3s ease;\n        }\n        \n        .step:hover {\n            transform: translateY(-5px);\n            box-shadow: 0 10px 25px rgba(0, 0, 0, 0.3);\n        }\n        \n        .step-number {\n            position: absolute;\n            top: -10px;\n            right: -10px;\n            width: 60px;\n            height: 60px;\n            background: linear-gradient(135deg, var(--primary-color), var(--secondary-color));\n            border-radius: 50%;\n            display: flex;\n            justify-content: center;\n            align-items: center;\n            font-size: 1.5rem;\n            font-weight: bold;\n            color: white;\n            box-shadow: 0 5px 10px rgba(0, 176, 255, 0.4);\n        }\n        \n        .step-title {\n            font-size: 1.5rem;\n            margin-bottom: 15px;\n            color: var(--primary-color);\n            padding-right: 50px;\n        }\n        \n        .step-content {\n            margin-left: 15px;\n        }\n        \n        .step-content p {\n            margin-bottom: 15px;\n        }\n        \n        ul, ol {\n            margin-left: 30px;\n            margin-bottom: 15px;\n        }\n        \n        li {\n            margin-bottom: 10px;\n        }\n        \n        .highlight {\n            color: var(--primary-color);\n            font-weight: 600;\n        }\n        \n        .note {\n            background-color: rgba(255, 145, 0, 0.1);\n            border-left: 3px solid var(--warning-color);\n            padding: 15px;\n            margin: 20px 0;\n            border-radius: 5px;\n        }\n        \n        .note-title {\n            color: var(--warning-color);\n            font-weight: bold;\n            margin-bottom: 5px;\n        }\n        \n        .tip {\n            background-color: rgba(0, 200, 83, 0.1);\n            border-left: 3px solid var(--success-color);\n            padding: 15px;\n            margin: 20px 0;\n            border-radius: 5px;\n        }\n        \n        .tip-title {\n            color: var(--success-color);\n            font-weight: bold;\n            margin-bottom: 5px;\n        }\n        \n        .illustration {\n            margin: 20px 0;\n            text-align: center;\n        }\n        \n        .illustration svg {\n            max-width: 100%;\n            height: auto;\n            border-radius: 10px;\n            box-shadow: 0 5px 15px rgba(0, 0, 0, 0.15);\n            background-color: #2D3748;\n        }\n        \n        .cta-container {\n            background-color: white;\n            border-radius: 15px;\n            padding: 25px;\n            margin-top: 40px;\n            text-align: center;\n            box-shadow: 0 5px 15px rgba(0, 0, 0, 0.1);\n            border-top: 4px solid var(--primary-color);\n        }\n        \n        .cta-title {\n            font-size: 1.8rem;\n            margin-bottom: 15px;\n            color: var(--primary-color);\n        }\n        \n        .cta-button {\n            display: inline-block;\n            background: linear-gradient(135deg, var(--primary-color), var(--secondary-color));\n            color: white;\n            padding: 12px 30px;\n            border-radius: 50px;\n            font-weight: bold;\n            text-decoration: none;\n            margin-top: 15px;\n            box-shadow: 0 5px 15px rgba(0, 176, 255, 0.3);\n            transition: transform 0.3s ease, box-shadow 0.3s ease;\n        }\n        \n        .cta-button:hover {\n            transform: translateY(-3px);\n            box-shadow: 0 8px 20px rgba(0, 176, 255, 0.4);\n        }\n        \n        .iptv-footer {\n            text-align: center;\n            margin-top: 50px;\n            padding: 20px;\n            color: #555555;\n            font-size: 0.9rem;\n        }\n        \n        @media (max-width: 768px) {\n            .iptv-container {\n                padding: 15px;\n            }\n            \n            h1 {\n                font-size: 2rem;\n            }\n            \n            .step {\n                padding: 20px;\n            }\n            \n            .step-number {\n                width: 50px;\n                height: 50px;\n                font-size: 1.2rem;\n            }\n            \n            .step-title {\n                font-size: 1.3rem;\n            }\n        }\n    <\/style>\n    <div class=\"iptv-container\">\n        <div class=\"iptv-header\">\n            <div class=\"logo-container\">\n                <div class=\"logo\">\n                    <svg viewbox=\"0 0 24 24\" xmlns=\"http:\/\/www.w3.org\/2000\/svg\">\n                        <path d=\"M21,17H3V5H21M21,3H3A2,2 0 0,0 1,5V17A2,2 0 0,0 3,19H8V21H16V19H21A2,2 0 0,0 23,17V5A2,2 0 0,0 21,3M9,7H15V15H9V7M10,8V14H14V8H10Z\" \/>\n                    <\/svg>\n                <\/div>\n            <\/div>\n            <h1>Avov Box\/Formuler IPTV Kurulum K\u0131lavuzu<\/h1>\n            <p class=\"subtitle\">Avov Box veya Formuler cihaz\u0131n\u0131z i\u00e7in basit kurulum talimatlar\u0131<\/p>\n        <\/div>\n        \n        <div class=\"steps-container\">\n            <!-- Step 1 -->\n            <div class=\"step\">\n                <div class=\"step-number\">1<\/div>\n                <h2 class=\"step-title\">Pazara Eri\u015fim<\/h2>\n                <div class=\"step-content\">\n                    <p>Avov Box veya Formuler cihaz\u0131n\u0131z\u0131n ana ekran\u0131ndan, \u00f6\u011fesini bulun ve t\u0131klay\u0131n <span class=\"highlight\">\"&quot;Pazar&quot;\"<\/span> simge.<\/p>\n                    \n                    <div class=\"illustration\">\n                        <svg width=\"600\" height=\"250\" viewbox=\"0 0 600 250\" xmlns=\"http:\/\/www.w3.org\/2000\/svg\">\n                            <rect width=\"600\" height=\"250\" fill=\"#1E293B\" rx=\"10\" \/>\n                            \n                            <!-- TV Screen -->\n                            <rect x=\"100\" y=\"30\" width=\"400\" height=\"220\" rx=\"5\" fill=\"#2D3748\" \/>\n                            <rect x=\"110\" y=\"40\" width=\"380\" height=\"200\" rx=\"2\" fill=\"#1A1A2E\" \/>\n                            \n                            <!-- Home Screen Icons -->\n                            <rect x=\"150\" y=\"70\" width=\"80\" height=\"80\" rx=\"10\" fill=\"#4A5568\" \/>\n                            <text x=\"170\" y=\"115\" font-family=\"Arial\" font-size=\"12\" fill=\"white\">Canl\u0131 TV<\/text>\n                            \n                            <rect x=\"260\" y=\"70\" width=\"80\" height=\"80\" rx=\"10\" fill=\"#3d5afe\" \/>\n                            <text x=\"275\" y=\"115\" font-family=\"Arial\" font-size=\"12\" fill=\"white\">Pazar<\/text>\n                            \n                            <rect x=\"370\" y=\"70\" width=\"80\" height=\"80\" rx=\"10\" fill=\"#4A5568\" \/>\n                            <text x=\"385\" y=\"115\" font-family=\"Arial\" font-size=\"12\" fill=\"white\">Uygulamalar<\/text>\n                            \n                            <rect x=\"150\" y=\"160\" width=\"80\" height=\"80\" rx=\"10\" fill=\"#4A5568\" \/>\n                            <text x=\"165\" y=\"205\" font-family=\"Arial\" font-size=\"12\" fill=\"white\">Filmler<\/text>\n                            \n                            <rect x=\"260\" y=\"160\" width=\"80\" height=\"80\" rx=\"10\" fill=\"#4A5568\" \/>\n                            <text x=\"265\" y=\"205\" font-family=\"Arial\" font-size=\"12\" fill=\"white\">Ayarlar<\/text>\n                            \n                            <rect x=\"370\" y=\"160\" width=\"80\" height=\"80\" rx=\"10\" fill=\"#4A5568\" \/>\n                            <text x=\"380\" y=\"205\" font-family=\"Arial\" font-size=\"12\" fill=\"white\">VOD<\/text>\n                            \n                            <!-- Highlight around Market -->\n                            <rect x=\"255\" y=\"65\" width=\"90\" height=\"90\" rx=\"15\" stroke=\"#00b0ff\" stroke-width=\"3\" fill=\"none\" stroke-dasharray=\"5,5\" \/>\n                        <\/svg>\n                    <\/div>\n                    \n                    <div class=\"tip\">\n                        <p class=\"tip-title\">Profesyonel \u0130pucu<\/p>\n                        <p>Ana ekran\u0131n\u0131zda Market simgesini g\u00f6rm\u00fcyorsan\u0131z, Uygulamalar b\u00f6l\u00fcm\u00fcne bak\u0131n veya uzaktan kumandan\u0131z\u0131n Men\u00fc d\u00fc\u011fmesini kullanarak t\u00fcm uygulamalara eri\u015fin.<\/p>\n                    <\/div>\n                <\/div>\n            <\/div>\n            \n            <!-- Step 2 -->\n            <div class=\"step\">\n                <div class=\"step-number\">2<\/div>\n                <h2 class=\"step-title\">TVOnline Uygulamas\u0131n\u0131 Bulun ve Y\u00fckleyin<\/h2>\n                <div class=\"step-content\">\n                    <p>Market&#039;te, \u00fccretsiz bir medya kontroll\u00fc uygulama olan &quot;TVOnline&quot; uygulamas\u0131n\u0131 aray\u0131n ve se\u00e7in. <a href=\"https:\/\/novaiptv.to\/tr\/2025in-en-iyi-iptv-aboneligi\/\">NOVA IPTV<\/a> hizmet.<\/p>\n                    \n                    <ol>\n                        <li>Pazar&#039;da gezinin ve bulun <span class=\"highlight\">TV\u00c7evrimi\u00e7i<\/span> uygulama.<\/li>\n                        <li>Se\u00e7mek i\u00e7in uygulamaya t\u0131klay\u0131n.<\/li>\n                        <li>T\u0131klay\u0131n <span class=\"highlight\">D\u00fczenlemek<\/span> Kurulumu ba\u015flatmak i\u00e7in d\u00fc\u011fmeye bas\u0131n.<\/li>\n                        <li>Kurulumun tamamlanmas\u0131n\u0131 bekleyin.<\/li>\n                    <\/ol>\n                    \n                    <div class=\"illustration\">\n                        <svg width=\"600\" height=\"250\" viewbox=\"0 0 600 250\" xmlns=\"http:\/\/www.w3.org\/2000\/svg\">\n                            <rect width=\"600\" height=\"250\" fill=\"#1E293B\" rx=\"10\" \/>\n                            \n                            <!-- TV Screen -->\n                            <rect x=\"100\" y=\"30\" width=\"400\" height=\"220\" rx=\"5\" fill=\"#2D3748\" \/>\n                            <rect x=\"110\" y=\"40\" width=\"380\" height=\"200\" rx=\"2\" fill=\"#1A1A2E\" \/>\n                            \n                            <!-- Market Screen -->\n                            <text x=\"280\" y=\"70\" font-family=\"Arial\" font-size=\"18\" fill=\"white\">Pazar<\/text>\n                            \n                            <!-- App Icons -->\n                            <rect x=\"150\" y=\"90\" width=\"80\" height=\"80\" rx=\"10\" fill=\"#4A5568\" \/>\n                            <text x=\"165\" y=\"135\" font-family=\"Arial\" font-size=\"12\" fill=\"white\">Oyun<\/text>\n                            \n                            <rect x=\"260\" y=\"90\" width=\"80\" height=\"80\" rx=\"10\" fill=\"#00b0ff\" \/>\n                            <text x=\"265\" y=\"135\" font-family=\"Arial\" font-size=\"12\" fill=\"white\">TV\u00c7evrimi\u00e7i<\/text>\n                            \n                            <rect x=\"370\" y=\"90\" width=\"80\" height=\"80\" rx=\"10\" fill=\"#4A5568\" \/>\n                            <text x=\"380\" y=\"135\" font-family=\"Arial\" font-size=\"12\" fill=\"white\">M\u00fczik<\/text>\n                            \n                            <!-- Install Button -->\n                            <rect x=\"240\" y=\"180\" width=\"120\" height=\"40\" rx=\"20\" fill=\"#00c853\" \/>\n                            <text x=\"270\" y=\"205\" font-family=\"Arial\" font-size=\"16\" fill=\"white\">D\u00fczenlemek<\/text>\n                            \n                            <!-- Highlight around TVOnline -->\n                            <rect x=\"255\" y=\"85\" width=\"90\" height=\"90\" rx=\"15\" stroke=\"#00b0ff\" stroke-width=\"3\" fill=\"none\" \/>\n                        <\/svg>\n                    <\/div>\n                    \n                    <div class=\"note\">\n                        <p class=\"note-title\">Not<\/p>\n                        <p>TVOnline <a href=\"https:\/\/novaiptv.to\/tr\/android-tv\/\">Uygulama \u00f6zellikle IPTV ile \u00e7al\u0131\u015fmak \u00fczere tasarlanm\u0131\u015ft\u0131r<\/a> Avov Box ve Formuler cihazlar\u0131nda hizmetler.<\/p>\n                    <\/div>\n                <\/div>\n            <\/div>\n            \n            <!-- Step 3 -->\n            <div class=\"step\">\n                <div class=\"step-number\">3<\/div>\n                <h2 class=\"step-title\">TVOnline Uygulamas\u0131n\u0131 Yap\u0131land\u0131r\u0131n<\/h2>\n                <div class=\"step-content\">\n                    <p>TVOnline uygulamas\u0131 y\u00fcklendikten sonra, bunu cihaz\u0131n\u0131zla yap\u0131land\u0131rman\u0131z gerekir. <a class=\"wpil_keyword_link\" href=\"https:\/\/novaiptv.to\/tr\/\"   title=\"IPTV aboneli\u011fi\" data-wpil-keyword-link=\"linked\">IPTV aboneli\u011fi<\/a> detaylar:<\/p>\n                    \n                    <ol>\n                        <li>Yeni olan\u0131 a\u00e7 <a href=\"https:\/\/novaiptv.to\/tr\/firestick\/\">TVOnline uygulamas\u0131 y\u00fcklendi<\/a>.<\/li>\n                        <li>Hizmet bilgilerinizi girmeniz istenecektir:<\/li>\n                        <ul>\n                            <li>Bir Sunucu ad\u0131 girin (\u00f6rne\u011fin, <a href=\"https:\/\/novaiptv.to\/tr\/terms\/\">\"&quot;NOVA IPTV&quot;)<\/a><\/li>\n                            <li>Girin <span class=\"highlight\">Portal ba\u011flant\u0131s\u0131<\/span> aktivasyon e-postan\u0131zda sa\u011flanan<\/li>\n                        <\/ul>\n                        <li>T\u0131klamak <span class=\"highlight\">Ba\u011flamak<\/span> izlemeye ba\u015flamak i\u00e7in.<\/li>\n                    <\/ol>\n                    \n                    <div class=\"illustration\">\n                        <svg width=\"600\" height=\"250\" viewbox=\"0 0 600 250\" xmlns=\"http:\/\/www.w3.org\/2000\/svg\">\n                            <rect width=\"600\" height=\"250\" fill=\"#1E293B\" rx=\"10\" \/>\n                            \n                            <!-- TV Screen -->\n                            <rect x=\"100\" y=\"30\" width=\"400\" height=\"220\" rx=\"5\" fill=\"#2D3748\" \/>\n                            <rect x=\"110\" y=\"40\" width=\"380\" height=\"200\" rx=\"2\" fill=\"#1A1A2E\" \/>\n                            \n                            <!-- Config Screen -->\n                            <text x=\"225\" y=\"70\" font-family=\"Arial\" font-size=\"18\" fill=\"white\">TVOnline Kurulumu<\/text>\n                            \n                            <!-- Form Fields -->\n                            <rect x=\"150\" y=\"90\" width=\"320\" height=\"40\" rx=\"5\" fill=\"#1A1A2E\" \/>\n                            <text x=\"160\" y=\"115\" font-family=\"Arial\" font-size=\"14\" fill=\"#A0AEC0\">Sunucu ad\u0131: <a href=\"https:\/\/novaiptv.to\/tr\/nova-iptv\/\">NOVA IPTV<\/a><\/text>\n                            \n                            <rect x=\"150\" y=\"140\" width=\"320\" height=\"40\" rx=\"5\" fill=\"#1A1A2E\" \/>\n                            <text x=\"160\" y=\"165\" font-family=\"Arial\" font-size=\"14\" fill=\"#A0AEC0\">Portal ba\u011flant\u0131s\u0131: http:\/\/portal.example.com\/tv<\/text>\n                            \n                            <!-- Connect Button -->\n                            <rect x=\"250\" y=\"190\" width=\"120\" height=\"40\" rx=\"20\" fill=\"#00b0ff\" \/>\n                            <text x=\"275\" y=\"215\" font-family=\"Arial\" font-size=\"16\" fill=\"white\">Ba\u011flamak<\/text>\n                        <\/svg>\n                    <\/div>\n                    \n                    <div class=\"tip\">\n                        <p class=\"tip-title\">Profesyonel \u0130pucu<\/p>\n                        <p>Ba\u011flant\u0131 sorunlar\u0131n\u0131 \u00f6nlemek i\u00e7in Portal ba\u011flant\u0131s\u0131n\u0131 etkinle\u015ftirme e-postan\u0131zda belirtildi\u011fi gibi kopyalay\u0131n. &quot;http:\/\/&quot; veya &quot;https:\/\/&quot; gibi \u00f6zel karakterler veya \u00f6nekler eklemeyi unutmay\u0131n.<\/p>\n                    <\/div>\n                <\/div>\n            <\/div>\n            \n            <!-- Step 4 -->\n            <div class=\"step\">\n                <div class=\"step-number\">4<\/div>\n                <h2 class=\"step-title\">Sorun giderme<\/h2>\n                <div class=\"step-content\">\n                    <p>Avov Box veya Formuler cihaz\u0131n\u0131zda kanallar\u0131 g\u00f6r\u00fcnt\u00fclerken herhangi bir sorun ya\u015f\u0131yorsan\u0131z, \u00f6nerilen sorun giderme ad\u0131mlar\u0131n\u0131 izleyin:<\/p>\n                    \n                    <ol>\n                        <li>TVOnline uygulamas\u0131n\u0131 kapat\u0131p tekrar a\u00e7arak yeniden ba\u015flat\u0131n.<\/li>\n                        <li>Avov Box veya Formuler cihaz\u0131n\u0131z\u0131 kapat\u0131p a\u00e7arak yeniden ba\u015flat\u0131n.<\/li>\n                        <li>\u0130nternet ba\u011flant\u0131n\u0131z\u0131n stabil olmas\u0131n\u0131 sa\u011flamak i\u00e7in Wi-Fi y\u00f6nlendiricinizi yeniden ba\u015flat\u0131n.<\/li>\n                    <\/ol>\n                    \n                    <div class=\"illustration\">\n                        <svg width=\"600\" height=\"250\" viewbox=\"0 0 600 250\" xmlns=\"http:\/\/www.w3.org\/2000\/svg\">\n                            <rect width=\"600\" height=\"250\" fill=\"#1E293B\" rx=\"10\" \/>\n                            \n                            <!-- Three panels for troubleshooting -->\n                            <rect x=\"120\" y=\"70\" width=\"100\" height=\"150\" rx=\"5\" fill=\"#2D3748\" \/>\n                            <rect x=\"250\" y=\"70\" width=\"100\" height=\"150\" rx=\"5\" fill=\"#2D3748\" \/>\n                            <rect x=\"380\" y=\"70\" width=\"100\" height=\"150\" rx=\"5\" fill=\"#2D3748\" \/>\n                            \n                            <!-- Restart App -->\n                            <text x=\"125\" y=\"60\" font-family=\"Arial\" font-size=\"12\" fill=\"white\">1. Uygulamay\u0131 yeniden ba\u015flat\u0131n<\/text>\n                            <rect x=\"145\" y=\"90\" width=\"50\" height=\"50\" rx=\"10\" fill=\"#00b0ff\" \/>\n                            <text x=\"150\" y=\"125\" font-family=\"Arial\" font-size=\"10\" fill=\"white\">TV\u00c7evrimi\u00e7i<\/text>\n                            <path d=\"M145,155 C145,165 195,165 195,155\" stroke=\"#00c853\" stroke-width=\"2\" fill=\"none\" \/>\n                            <polygon points=\"195,155 190,150 200,150\" fill=\"#00c853\" \/>\n                            \n                            <!-- Restart Device -->\n                            <text x=\"250\" y=\"60\" font-family=\"Arial\" font-size=\"12\" fill=\"white\">2. Cihaz\u0131 Yeniden Ba\u015flat\u0131n<\/text>\n                            <rect x=\"260\" y=\"90\" width=\"80\" height=\"40\" rx=\"5\" fill=\"#4A5568\" \/>\n                            <rect x=\"270\" y=\"130\" width=\"60\" height=\"60\" rx=\"5\" fill=\"#1A1A2E\" \/>\n                            <circle cx=\"300\" cy=\"110\" r=\"10\" fill=\"#ff9100\" \/>\n                            <path d=\"M250,190 C250,200 350,200 350,190\" stroke=\"#00c853\" stroke-width=\"2\" fill=\"none\" \/>\n                            <polygon points=\"350,190 345,185 355,185\" fill=\"#00c853\" \/>\n                            \n                            <!-- Restart Router -->\n                            <text x=\"380\" y=\"60\" font-family=\"Arial\" font-size=\"12\" fill=\"white\">3. Y\u00f6nlendiriciyi Yeniden Ba\u015flat\u0131n<\/text>\n                            <rect x=\"400\" y=\"90\" width=\"60\" height=\"60\" rx=\"5\" fill=\"#4A5568\" \/>\n                            <circle cx=\"415\" cy=\"105\" r=\"5\" fill=\"#00c853\" \/>\n                            <circle cx=\"430\" cy=\"105\" r=\"5\" fill=\"#00c853\" \/>\n                            <circle cx=\"445\" cy=\"105\" r=\"5\" fill=\"#ff9100\" \/>\n                            <path d=\"M380,160 C380,170 480,170 480,160\" stroke=\"#00c853\" stroke-width=\"2\" fill=\"none\" \/>\n                            <polygon points=\"480,160 475,155 485,155\" fill=\"#00c853\" \/>\n                        <\/svg>\n                    <\/div>\n                    \n                    <div class=\"note\">\n                        <p class=\"note-title\">Ortak Sorunlar<\/p>\n                        <p>Bu ad\u0131mlardan sonra sorun ya\u015famaya devam ederseniz \u015funlar\u0131 kontrol edin:<\/p>\n                        <ul>\n                            <li>\u0130nternet ba\u011flant\u0131 h\u0131z\u0131n\u0131z (tavsiye edilen minimum 10 Mbps)<\/li>\n                            <li>Aboneli\u011finizin aktif oldu\u011funu do\u011frulay\u0131n<\/li>\n                            <li>Portal URL&#039;sinin do\u011fru girildi\u011finden emin olun<\/li>\n                        <\/ul>\n                    <\/div>\n                <\/div>\n            <\/div>\n        <\/div>\n        \n        <!-- Call to Action -->\n        <div class=\"cta-container\">\n            <h2 class=\"cta-title\">E\u011flence Deneyiminizi Bir \u00dcst Seviyeye Ta\u015f\u0131maya Haz\u0131r m\u0131s\u0131n\u0131z?<\/h2>\n            <p>Son teknoloji \u00fcr\u00fcnlerimizi sipari\u015f edin <a href=\"https:\/\/novaiptv.to\/tr\/kanallar\/\">IPTV hizmetlerini \u015fimdi edinin ve canl\u0131 kanallar d\u00fcnyas\u0131n\u0131n kilidini a\u00e7\u0131n<\/a>, VOD&#039;ler, diziler ve filmler! NovaIPTV ile, <a href=\"https:\/\/novaiptv.to\/tr\/embarking-on-the-iptv-odyssey\/\">kesintisiz yay\u0131n<\/a> ve sonsuz e\u011flence sizi bekliyor.<\/p>\n            <a href=\"#\" class=\"cta-button\">IPTV&#039;yi Hemen Sipari\u015f Edin<\/a>\n        <\/div>\n        \n        <div class=\"iptv-footer\">\n            <p>\u00a9 2025 <a href=\"https:\/\/novaiptv.to\/tr\/nova-iptv-uk-premium-iptv-aboneligi\/\">NOVA IPTV<\/a> Kurulum K\u0131lavuzu | Bu k\u0131lavuz yaln\u0131zca e\u011fitim ama\u00e7l\u0131d\u0131r<\/p>\n        <\/div>\n    <\/div>\n<\/div>\t\t\t\t<\/div>\n\t\t\t\t\t<\/div>\n\t\t\t\t<\/div>\n\t\t\t\t<\/div>","protected":false},"excerpt":{"rendered":"<p>Avov Box\/Formuler IPTV Setup Guide Simple setup instructions for your Avov Box or Formuler device 1 Access the Market From the home screen of your Avov Box or Formuler device, locate and click on the &#8220;Market&#8221; icon. Live TV Market&#8230;<\/p>","protected":false},"author":1,"featured_media":0,"parent":0,"menu_order":0,"comment_status":"closed","ping_status":"closed","template":"","meta":{"footnotes":""},"class_list":["post-3988","page","type-page","status-publish","hentry"],"_links":{"self":[{"href":"https:\/\/novaiptv.to\/tr\/wp-json\/wp\/v2\/pages\/3988","targetHints":{"allow":["GET"]}}],"collection":[{"href":"https:\/\/novaiptv.to\/tr\/wp-json\/wp\/v2\/pages"}],"about":[{"href":"https:\/\/novaiptv.to\/tr\/wp-json\/wp\/v2\/types\/page"}],"author":[{"embeddable":true,"href":"https:\/\/novaiptv.to\/tr\/wp-json\/wp\/v2\/users\/1"}],"replies":[{"embeddable":true,"href":"https:\/\/novaiptv.to\/tr\/wp-json\/wp\/v2\/comments?post=3988"}],"version-history":[{"count":0,"href":"https:\/\/novaiptv.to\/tr\/wp-json\/wp\/v2\/pages\/3988\/revisions"}],"wp:attachment":[{"href":"https:\/\/novaiptv.to\/tr\/wp-json\/wp\/v2\/media?parent=3988"}],"curies":[{"name":"wp","href":"https:\/\/api.w.org\/{rel}","templated":true}]}}