{"id":7467,"date":"2025-06-07T15:35:10","date_gmt":"2025-06-07T15:35:10","guid":{"rendered":"https:\/\/novaiptv.org\/?page_id=7467"},"modified":"2025-06-07T15:35:10","modified_gmt":"2025-06-07T15:35:10","slug":"nova-iptv","status":"publish","type":"page","link":"https:\/\/novaiptv.to\/tr\/nova-iptv\/","title":{"rendered":"E\u011flencenizi Nova IPTV ile D\u00f6n\u00fc\u015ft\u00fcr\u00fcn - 2025&#039;in En \u0130yi Yay\u0131n Ak\u0131\u015f\u0131 \u00c7\u00f6z\u00fcm\u00fc"},"content":{"rendered":"<div data-elementor-type=\"wp-page\" data-elementor-id=\"7467\" class=\"elementor elementor-7467\" data-elementor-post-type=\"page\">\n\t\t\t\t<div class=\"elementor-element elementor-element-c03ed15 e-flex e-con-boxed e-con e-parent\" data-id=\"c03ed15\" data-element_type=\"container\" data-e-type=\"container\">\n\t\t\t\t\t<div class=\"e-con-inner\">\n\t\t\t\t<div class=\"elementor-element elementor-element-bd32176 elementor-widget elementor-widget-html\" data-id=\"bd32176\" data-element_type=\"widget\" data-e-type=\"widget\" data-widget_type=\"html.default\">\n\t\t\t\t\t<style>\n    .pricing-grid {\n  display: grid;\n  grid-template-columns: repeat(auto-fit, minmax(250px,1fr));\n  gap: 30px;\n  margin-top: 30px;\n}\n\n.pricing-card {\n  background: #fff;\n  border-radius: 18px;\n  box-shadow: 0 4px 24px rgba(0,0,0,0.08);\n  text-align: center;\n  padding: 32px 20px 28px 20px;\n  transition: transform 0.2s, box-shadow 0.2s;\n  border: 2px solid transparent;\n  position: relative;\n}\n\n.pricing-card:hover {\n  transform: translateY(-8px) scale(1.03);\n  box-shadow: 0 8px 32px rgba(0,123,255,0.12);\n}\n\n.pricing-card.featured {\n  background: #e6f2ff;\n  border: 2px solid #007bff;\n}\n\n.pricing-card .star {\n  position: absolute;\n  top: 18px;\n  right: 18px;\n  font-size: 26px;\n  color: #ffc107;\n}\n\n.pricing-title {\n  font-size: 2rem;\n  font-weight: 700;\n  margin-bottom: 8px;\n}\n\n.pricing-price {\n  font-size: 1.7rem;\n  color: #007bff;\n  font-weight: 700;\n  margin-bottom: 8px;\n}\n\n.pricing-desc {\n  color: #888;\n  margin-bottom: 18px;\n  font-size: 1.1rem;\n}\n\n.pricing-features {\n  list-style: none;\n  padding: 0;\n  margin: 0;\n  color: #222;\n  font-size: 1.05rem;\n  text-align: left;\n  margin-top: 10px;\n}\n\n.pricing-features li {\n  margin-bottom: 8px;\n  padding-left: 18px;\n  position: relative;\n}\n\n.pricing-features li:before {\n  content: '\u2714';\n  color: #007bff;\n  position: absolute;\n  left: 0;\n  font-size: 1rem;\n}\n<\/style>\n<!-- Nova IPTV Elementor Landing Page Template (SEO Optimized - Light Theme - 1200 Words Version) -->\n<section style=\"background:#ffffff; color:#111; font-family:sans-serif; padding:60px 20px;\">\n  <div style=\"max-width:1200px; margin:auto;\">\n\n    <!-- Table of Contents -->\n    \n\n    <!-- Hero Section -->\n    <div id=\"nova-iptv-intro\" style=\"text-align:center; padding-bottom:60px;\">\n      <h1 style=\"font-size:48px; margin-bottom:10px;\">E\u011flencenizi Nova IPTV ile D\u00f6n\u00fc\u015ft\u00fcr\u00fcn - 2025&#039;in En \u0130yi Yay\u0131n Ak\u0131\u015f\u0131 \u00c7\u00f6z\u00fcm\u00fc<\/h1>\n      <h2 style=\"font-size:24px; color:#555;\">T\u00fcm Cihazlar\u0131n\u0131zda \u00dcst\u00fcn Yay\u0131n Deneyimi Ya\u015fay\u0131n - Y\u0131ld\u0131r\u0131m H\u0131z\u0131nda ve K\u00fcresel Olarak Eri\u015filebilir<\/h2>\n      <p style=\"max-width:750px; margin:20px auto; font-size:18px; line-height:1.7;\">\n        E\u015fsiz bir e\u011flence deneyimi sunan devrim niteli\u011findeki bir yay\u0131n platformunu ke\u015ffedin. 18.000&#039;den fazla canl\u0131 kanala, 60.000 filme ve 8.400 diziye eri\u015fim sa\u011flayan Nova IPTV, dijital e\u011flencede yeni standartlar belirliyor. Son teknolojimiz, kristal netli\u011finde yay\u0131n kalitesi ve minimum ara belle\u011fe alma sa\u011flayarak, d\u00fcnya \u00e7ap\u0131nda milyonlarca izleyicinin tercihi haline geliyor.\n      <\/p>\n      <p style=\"max-width:750px; margin:0 auto 20px; font-size:18px; line-height:1.7;\">\n        \u0130ster evde olun ister d\u0131\u015far\u0131da, keyfini \u00e7\u0131kar\u0131n <a href=\"https:\/\/novaiptv.to\/tr\/embarking-on-the-iptv-odyssey\/\">kesintisiz yay\u0131n<\/a> t\u00fcm cihazlar\u0131n\u0131zda. Platformumuz, <a href=\"https:\/\/novaiptv.to\/tr\/2025in-en-iyi-iptv-oynaticilari\/\">Ak\u0131ll\u0131 TV&#039;ler<\/a>, Android, iOS, FireStick ve PC&#039;ler i\u00e7in benzersiz esneklik ve rahatl\u0131k sunar. Sezgisel kontrol paneli gezinmeyi kolayla\u015ft\u0131r\u0131rken, y\u0131ld\u0131r\u0131m h\u0131z\u0131nda arama ve favori y\u00f6netimi gibi geli\u015fmi\u015f \u00f6zellikler g\u00f6r\u00fcnt\u00fcleme deneyiminizi geli\u015ftirir.\n      <\/p>\n      <img decoding=\"async\" src=\"https:\/\/novaiptv.to\/wp-content\/uploads\/2025\/06\/image.webp\" alt=\"Nova IPTV premium yay\u0131n aray\u00fcz\u00fc\" style=\"max-width:100%; border-radius:10px; margin-top:20px;\">\n      <a href=\"http:\/\/panel.novaiptv.org\/\" style=\"padding:14px 28px; background:#007bff; color:#fff; border-radius:6px; font-size:18px; display:inline-block; margin-top:30px;\" target=\"_blank\" rel=\"noopener\">Premium Yay\u0131n Yolculu\u011funuza Ba\u015flay\u0131n<\/a>\n    <\/div>\n\n    <!-- Why Nova IPTV -->\n    <div id=\"why-nova-iptv\">\n      <h2 style=\"font-size:36px; text-align:center; margin-bottom:30px;\">Neden Nova IPTV&#039;yi Se\u00e7melisiniz?<\/h2>\n      <ul style=\"max-width:800px; margin:auto; list-style:none; padding:0;\">\n        <li style=\"margin:12px 0;\">\u2705 D\u00fcnya \u00e7ap\u0131nda yay\u0131n eri\u015fimi \u2013 co\u011frafi k\u0131s\u0131tlama yok<\/li>\n        <li style=\"margin:12px 0;\">\u2705 ,9% \u00e7al\u0131\u015fma s\u00fcresi garantisine sahip kurumsal d\u00fczeyde sunucular<\/li>\n        <li style=\"margin:12px 0;\">\u2705 \u00c7oklu cihaz ak\u0131\u015f\u0131 \u2013 ayn\u0131 anda 5 cihazda izleyin<\/li>\n        <li style=\"margin:12px 0;\">\u2705 Birden fazla platform arac\u0131l\u0131\u011f\u0131yla 7\/24 premium destek <a href=\"https:\/\/novaiptv.to\/tr\/kanallar\/\">kanallar<\/a><\/li>\n        <li style=\"margin:12px 0;\">\u2705 Otomatik i\u00e7erik g\u00fcncellemeleriyle ak\u0131ll\u0131 g\u00f6sterge paneli<\/li>\n        <li style=\"margin:12px 0;\">\u2705 Geli\u015fmi\u015f EPG (Elektronik Program Rehberi) entegrasyonu<\/li>\n        <li style=\"margin:12px 0;\">\u2705 Catch-up TV ve VOD (\u0130ste\u011fe Ba\u011fl\u0131 Video) \u00f6zellikleri<\/li>\n      <\/ul>\n      <p style=\"text-align:center; max-width:750px; margin:20px auto; font-size:16px;\">\n        Olarak tan\u0131nd\u0131 <a href=\"https:\/\/www.techradar.com\/best\/best-iptv\" target=\"_blank\" rel=\"dofollow noopener\" style=\"color:#007bff;\">\u00f6nde gelen yay\u0131n hizmeti sa\u011flay\u0131c\u0131s\u0131<\/a> sekt\u00f6r uzmanlar\u0131 taraf\u0131ndan.\n      <\/p>\n    <\/div>\n\n    <!-- Content Library -->\n    <div id=\"content-library\" style=\"margin-top:60px;\">\n      <h2 style=\"text-align:center; font-size:32px;\">Kapsaml\u0131 \u0130\u00e7erik K\u00fct\u00fcphanesi<\/h2>\n      <div style=\"max-width:800px; margin:auto;\">\n        <p style=\"margin-bottom:20px;\">En iyi e\u011flence deneyimini sunmak i\u00e7in geni\u015f i\u00e7erik k\u00fct\u00fcphanemiz \u00f6zenle haz\u0131rlanm\u0131\u015ft\u0131r:<\/p>\n        <div style=\"display:grid; grid-template-columns:repeat(auto-fit,minmax(300px,1fr)); gap:20px;\">\n          <div style=\"background:#f9f9f9; padding:20px; border-radius:10px;\">\n            <h3>Canl\u0131 TV Kanallar\u0131<\/h3>\n            <ul style=\"list-style:none; padding:0;\">\n              <li>\u2022 Premium Spor A\u011flar\u0131<\/li>\n              <li>\u2022 Uluslararas\u0131 Haber Kanallar\u0131<\/li>\n              <li>\u2022 E\u011flence ve Filmler<\/li>\n              <li>\u2022 \u00c7ocuk ve Aile \u0130\u00e7eri\u011fi<\/li>\n              <li>\u2022 M\u00fczik ve Ya\u015fam Tarz\u0131<\/li>\n            <\/ul>\n          <\/div>\n          <div style=\"background:#f9f9f9; padding:20px; border-radius:10px;\">\n            <h3>Filmler ve Diziler<\/h3>\n            <ul style=\"list-style:none; padding:0;\">\n              <li>\u2022 En Son Gi\u015fe Rekorlar\u0131 K\u0131ran Filmler<\/li>\n              <li>\u2022 Klasik Filmler<\/li>\n              <li>\u2022 Pop\u00fcler TV Programlar\u0131<\/li>\n              <li>\u2022 Belgeseller<\/li>\n              <li>\u2022 Ba\u011f\u0131ms\u0131z Filmler<\/li>\n            <\/ul>\n          <\/div>\n        <\/div>\n      <\/div>\n    <\/div>\n\n    <!-- Streaming Quality -->\n    <div id=\"streaming-quality\" style=\"margin-top:60px;\">\n      <h2 style=\"text-align:center; font-size:32px;\">Premium Ak\u0131\u015f Kalitesi<\/h2>\n      <div style=\"max-width:800px; margin:auto;\">\n        <p style=\"margin-bottom:20px;\">Geli\u015fmi\u015f teknolojimizle kristal netli\u011finde yay\u0131n deneyimi ya\u015fay\u0131n:<\/p>\n        <div style=\"display:grid; grid-template-columns:repeat(auto-fit,minmax(300px,1fr)); gap:20px;\">\n          <div style=\"background:#f9f9f9; padding:20px; border-radius:10px;\">\n            <h3>Ak\u0131\u015f Teknolojisi<\/h3>\n            <ul style=\"list-style:none; padding:0;\">\n              <li>\u2022 Uyarlanabilir Bit H\u0131z\u0131 Ak\u0131\u015f\u0131<\/li>\n              <li>\u2022 HD ve Full HD Kalitesi<\/li>\n              <li>\u2022 D\u00fc\u015f\u00fck Gecikmeli Oynatma<\/li>\n              <li>\u2022 Donma \u00d6nleyici Teknoloji<\/li>\n              <li>\u2022 Ak\u0131ll\u0131 Bant Geni\u015fli\u011fi Y\u00f6netimi<\/li>\n            <\/ul>\n          <\/div>\n          <div style=\"background:#f9f9f9; padding:20px; border-radius:10px;\">\n            <h3>Performans \u00d6zellikleri<\/h3>\n            <ul style=\"list-style:none; padding:0;\">\n              <li>\u2022 An\u0131nda Kanal De\u011fi\u015ftirme<\/li>\n              <li>\u2022 H\u0131zl\u0131 \u0130\u00e7erik Y\u00fckleme<\/li>\n              <li>\u2022 Arabelleksiz Yay\u0131n<\/li>\n              <li>\u2022 Kararl\u0131 Ba\u011flant\u0131<\/li>\n              <li>\u2022 Optimize Edilmi\u015f Sunucu A\u011f\u0131<\/li>\n            <\/ul>\n          <\/div>\n        <\/div>\n      <\/div>\n    <\/div>\n\n    <!-- Features Section -->\n    <div id=\"features\" style=\"margin-top:60px;\">\n      <h2 style=\"text-align:center; font-size:32px;\">Bizi Farkl\u0131 K\u0131lan Premium \u00d6zellikler<\/h2>\n      <div style=\"display:grid; grid-template-columns:repeat(auto-fit,minmax(300px,1fr)); gap:30px; margin-top:30px;\">\n        <div style=\"background:#f9f9f9; padding:20px; border-radius:10px;\">\n          <h3>Geli\u015fmi\u015f Ak\u0131\u015f Teknolojisi<\/h3>\n          <p>Son teknoloji sunucular\u0131m\u0131z ve uyarlanabilir bit h\u0131z\u0131 teknolojimizle ara belle\u011fe almadan yay\u0131n deneyimi ya\u015fay\u0131n. Ak\u0131ll\u0131 sistemimiz, internet ba\u011flant\u0131n\u0131za g\u00f6re kaliteyi otomatik olarak ayarlayarak her ko\u015fulda sorunsuz oynatma sa\u011flar.<\/p>\n        <\/div>\n        <div style=\"background:#f9f9f9; padding:20px; border-radius:10px;\">\n          <h3>\u00c7oklu Dil Deste\u011fi<\/h3>\n          <p>Kapsaml\u0131 altyaz\u0131 ve ses par\u00e7as\u0131 se\u00e7eneklerimizle birden fazla dilde i\u00e7eri\u011fe eri\u015fin. Platformumuz 50&#039;den fazla dili destekledi\u011finden, uluslararas\u0131 izleyiciler ve dil \u00f6\u011frenenler i\u00e7in m\u00fckemmeldir.<\/p>\n        <\/div>\n        <div style=\"background:#f9f9f9; padding:20px; border-radius:10px;\">\n          <h3>Ebeveyn Denetimleri<\/h3>\n          <p>\u00d6zelle\u015ftirilebilir i\u00e7erik k\u0131s\u0131tlamalar\u0131 ve g\u00f6r\u00fcnt\u00fcleme limitleriyle ailenizi g\u00fcvende tutun. Farkl\u0131 aile \u00fcyeleri i\u00e7in profiller olu\u015fturun ve hangi i\u00e7eriklere eri\u015febileceklerini kontrol edin.<\/p>\n        <\/div>\n      <\/div>\n    <\/div>\n\n    <!-- Security Section -->\n    <div id=\"security\" style=\"margin-top:60px;\">\n      <h2 style=\"text-align:center; font-size:32px;\">G\u00fcvenlik ve Gizlilik<\/h2>\n      <div style=\"max-width:800px; margin:auto;\">\n        <p style=\"margin-bottom:20px;\">G\u00fcvenli\u011finiz ve gizlili\u011finiz bizim i\u00e7in en \u00f6nemli \u00f6nceliktir:<\/p>\n        <div style=\"display:grid; grid-template-columns:repeat(auto-fit,minmax(300px,1fr)); gap:20px;\">\n          <div style=\"background:#f9f9f9; padding:20px; border-radius:10px;\">\n            <h3>G\u00fcvenlik \u00d6zellikleri<\/h3>\n            <ul style=\"list-style:none; padding:0;\">\n              <li>\u2022 \u015eifrelenmi\u015f Ba\u011flant\u0131lar<\/li>\n              <li>\u2022 G\u00fcvenli \u00d6deme \u0130\u015fleme<\/li>\n              <li>\u2022 Korunan Kullan\u0131c\u0131 Verileri<\/li>\n              <li>\u2022 D\u00fczenli G\u00fcvenlik G\u00fcncellemeleri<\/li>\n              <li>\u2022 K\u00f6t\u00fc Ama\u00e7l\u0131 Yaz\u0131l\u0131mlara Kar\u015f\u0131 Koruma<\/li>\n            <\/ul>\n          <\/div>\n          <div style=\"background:#f9f9f9; padding:20px; border-radius:10px;\">\n            <h3>Gizlilik Korumas\u0131<\/h3>\n            <ul style=\"list-style:none; padding:0;\">\n              <li>\u2022 Veri Toplama Yok<\/li>\n              <li>\u2022 Anonim G\u00f6r\u00fcnt\u00fcleme<\/li>\n              <li>\u2022 VPN Uyumlulu\u011fu<\/li>\n              <li>\u2022 \u00d6zel Tarama<\/li>\n              <li>\u2022 G\u00fcvenli Kimlik Do\u011frulama<\/li>\n            <\/ul>\n          <\/div>\n        <\/div>\n      <\/div>\n    <\/div>\n\n    <!-- Support Section -->\n    <div id=\"support\" style=\"margin-top:60px;\">\n      <h2 style=\"text-align:center; font-size:32px;\">7\/24 M\u00fc\u015fteri Deste\u011fi<\/h2>\n      <div style=\"max-width:800px; margin:auto;\">\n        <p style=\"margin-bottom:20px;\">\u00d6zel destek ekibimiz her zaman yard\u0131ma haz\u0131rd\u0131r:<\/p>\n        <div style=\"display:grid; grid-template-columns:repeat(auto-fit,minmax(300px,1fr)); gap:20px;\">\n          <div style=\"background:#f9f9f9; padding:20px; border-radius:10px;\">\n            <h3>Destek Kanallar\u0131<\/h3>\n            <ul style=\"list-style:none; padding:0;\">\n              <li>\u2022 Canl\u0131 Sohbet Deste\u011fi<\/li>\n              <li>\u2022 E-posta Deste\u011fi<\/li>\n              <li>\u2022 WhatsApp Deste\u011fi<\/li>\n              <li>\u2022 Telegram Deste\u011fi<\/li>\n              <li>\u2022 Bilgi Taban\u0131<\/li>\n            <\/ul>\n          <\/div>\n          <div style=\"background:#f9f9f9; padding:20px; border-radius:10px;\">\n            <h3>Destek \u00d6zellikleri<\/h3>\n            <ul style=\"list-style:none; padding:0;\">\n              <li>\u2022 H\u0131zl\u0131 Yan\u0131t S\u00fcresi<\/li>\n              <li>\u2022 Teknik Yard\u0131m<\/li>\n              <li>\u2022 Hesap Deste\u011fi<\/li>\n              <li>\u2022 Fatura Deste\u011fi<\/li>\n              <li>\u2022 Kurulum K\u0131lavuzu<\/li>\n            <\/ul>\n          <\/div>\n        <\/div>\n      <\/div>\n    <\/div>\n\n    <!-- Devices -->\n    <div id=\"devices\" style=\"margin-top:60px;\">\n      <h2 style=\"text-align:center; font-size:32px;\">Evrensel Cihaz Uyumlulu\u011fu<\/h2>\n      <p style=\"text-align:center; max-width:800px; margin:10px auto 30px;\">\n        E\u011flence <a href=\"https:\/\/novaiptv.to\/tr\/iptv-odyssey-stratejileri\/\">kesintisiz yay\u0131n<\/a> Optimize edilmi\u015f platformumuzla t\u00fcm favori cihazlar\u0131n\u0131zda:\n      <\/p>\n      <ul style=\"max-width:800px; margin:30px auto; list-style:none; padding:0; display:flex; flex-wrap:wrap; justify-content:space-around;\">\n        <li>\ud83d\udcf1 Android Ak\u0131ll\u0131 Telefonlar ve Tabletler<\/li>\n        <li>\ud83d\udcfa Ak\u0131ll\u0131 TV&#039;ler (Samsung, LG, Sony)<\/li>\n        <li>\ud83d\udd25 FireStick, Roku ve Fire TV<\/li>\n        <li>\ud83d\udcbb Windows ve macOS Bilgisayarlar<\/li>\n        <li>\ud83d\udcf2 TiviMate veya Smarters Player ile iOS<\/li>\n        <li>\ud83c\udfae MAG Kutular\u0131 ve <a href=\"https:\/\/novaiptv.to\/tr\/android-tv\/\">Android TV<\/a> Kutular<\/li>\n      <\/ul>\n    <\/div>\n\n    <!-- Plans -->\n    <div id=\"plans\" style=\"margin-top:60px;\">\n      <h2 style=\"text-align:center; font-size:32px;\">Esnek Abonelik Planlar\u0131<\/h2>\n      <p style=\"text-align:center; max-width:800px; margin:10px auto 30px;\">\n        E\u011flence ihtiya\u00e7lar\u0131n\u0131z i\u00e7in m\u00fckemmel plan\u0131 se\u00e7in; g\u00fcnl\u00fck izlemeden premium yay\u0131n ak\u0131\u015f\u0131na kadar.\n      <\/p>\n      <div class=\"pricing-grid\">\n  <div class=\"pricing-card\">\n    <div class=\"pricing-title\">1 Ay<\/div>\n    <div class=\"pricing-price\">$7.99<\/div>\n    <div class=\"pricing-desc\">Hizmetimizi denemek i\u00e7in m\u00fckemmel<\/div>\n    <ul class=\"pricing-features\">\n      <li>An\u0131nda Etkinle\u015ftirme<\/li>\n      <li>Full HD Yay\u0131n<\/li>\n      <li>T\u00fcm Kanallara Eri\u015fim<\/li>\n      <li>5 Cihaz<\/li>\n      <li>Premium Destek<\/li>\n    <\/ul>\n  <\/div>\n  <div class=\"pricing-card\">\n    <div class=\"pricing-title\">3 Ay<\/div>\n    <div class=\"pricing-price\">$22.99<\/div>\n    <div class=\"pricing-desc\">En pop\u00fcler se\u00e7im<\/div>\n    <ul class=\"pricing-features\">\n              <li>An\u0131nda Etkinle\u015ftirme<\/li>\n\n      <li>15%&#039;yi kaydedin<\/li>\n      <li>Premium Destek<\/li>\n      <li>Yakalama TV&#039;si<\/li>\n      <li>EPG Eri\u015fimi<\/li>\n    <\/ul>\n  <\/div>\n  <div class=\"pricing-card featured\">\n    <span class=\"star\">\u2605<\/span>\n    <div class=\"pricing-title\">12 Ay<\/div>\n    <div class=\"pricing-price\">$69.99<\/div>\n    <div class=\"pricing-desc\">Paran\u0131z\u0131n kar\u015f\u0131l\u0131\u011f\u0131nda en iyi de\u011feri al\u0131n<\/div>\n    <ul class=\"pricing-features\">\n              <li>An\u0131nda Etkinle\u015ftirme<\/li>\n\n      <li>35%&#039;yi kaydedin<\/li>\n      <li>Premium Destek<\/li>\n      <li>T\u00fcm Premium \u00d6zellikler<\/li>\n      <li>Erken Eri\u015fim<\/li>\n    <\/ul>\n  <\/div>\n  <div class=\"pricing-card\">\n    <div class=\"pricing-title\">24 Ay<\/div>\n    <div class=\"pricing-price\">$119.99<\/div>\n    <div class=\"pricing-desc\">En \u00fcst d\u00fczey tasarruf<\/div>\n    <ul class=\"pricing-features\">\n              <li>An\u0131nda Etkinle\u015ftirme<\/li>\n\n      <li>50%&#039;yi kaydedin<\/li>\n      <li>Premium Destek<\/li>\n      <li>T\u00fcm \u00d6zellikler<\/li>\n      <li>\u00d6ncelikli G\u00fcncellemeler<\/li>\n    <\/ul>\n  <\/div>\n<\/div>\n      \n      \n      <\/div>\n    <\/div>\n\n    <!-- APK Download -->\n    <div id=\"apk\" style=\"background:#f0f4fa; padding:40px; border-radius:10px; text-align:center; margin-top:60px;\">\n      <h2>Premium Yay\u0131n Ak\u0131\u015f\u0131 Uygulamam\u0131z\u0131 \u0130ndirin<\/h2>\n      <p>Y\u0131ld\u0131r\u0131m h\u0131z\u0131nda deneyim ya\u015fay\u0131n <a href=\"https:\/\/novaiptv.to\/tr\/android-tv-2025\/\">optimize edilmi\u015f Android&#039;imizle yay\u0131n yap\u0131n<\/a> Uygulaman\u0131n d\u00fczenli olarak g\u00fcncellenmesi en iyi performans\u0131 ve g\u00fcvenli\u011fi sa\u011flar.<\/p>\n      <div style=\"margin:20px 0;\">\n        <p>\u2713 Hafif Uygulama (8MB)<\/p>\n        <p>\u2713 Otomatik G\u00fcncellemeler<\/p>\n        <p>\u2713 Dahili Oynat\u0131c\u0131<\/p>\n        <p>\u2713 EPG Deste\u011fi<\/p>\n      <\/div>\n      <a href=\"https:\/\/novaiptv.to\/tr\/nova-iptv-android-app\/\" style=\"padding:14px 28px; background:#007bff; color:#fff; border-radius:6px; font-weight:bold;\">\ud83d\udce5 Premium Uygulamay\u0131 \u0130ndirin<\/a>\n    <\/div>\n\n    <!-- FAQ -->\n    <div id=\"faq\" style=\"margin-top:80px;\">\n      <h2 style=\"text-align:center; font-size:32px;\">S\u0131k\u00e7a Sorulan Sorular<\/h2>\n      <div style=\"max-width:800px; margin:auto;\">\n        <p><strong>m\u0131 <a href=\"https:\/\/novaiptv.to\/tr\/iptv-aboneligi-satin-al-abd-2025\/\">Nova IPTV<\/a> yasal?<\/strong><br>Hizmetimiz, \u00fccretsiz olarak da\u011f\u0131t\u0131labilecek i\u00e7eriklere eri\u015fim sa\u011flar. Kullan\u0131c\u0131lar, yerel d\u00fczenlemelere uymaktan sorumludur.<\/p>\n        <p><strong>VPN&#039;e ihtiyac\u0131m var m\u0131?<\/strong><br>Zorunlu olmamakla birlikte, \u015funu kullanman\u0131z\u0131 \u00f6neririz: <a href=\"https:\/\/nordvpn.com\" rel=\"dofollow noopener\" style=\"color:#007bff;\" target=\"_blank\">NordVPN<\/a> geli\u015fmi\u015f gizlilik ve s\u0131n\u0131rs\u0131z eri\u015fim i\u00e7in.<\/p>\n        <p><strong>Nas\u0131l abone olabilirim?<\/strong><br>Ziyaret etmek <a href=\"http:\/\/panel.novaiptv.org\/\" style=\"color:#007bff;\" target=\"_blank\" rel=\"noopener\">abonelik panelimiz<\/a> Tercih etti\u011finiz plan\u0131 se\u00e7in. Kurulum 5 dakikadan az s\u00fcrer.<\/p>\n        <p><strong>Hangi \u00f6deme y\u00f6ntemlerini kabul ediyorsunuz?<\/strong><br>Kolayl\u0131\u011f\u0131n\u0131z i\u00e7in t\u00fcm b\u00fcy\u00fck kredi kartlar\u0131n\u0131, PayPal&#039;\u0131 ve kripto para \u00f6demelerini kabul ediyoruz.<\/p>\n        <p><strong>Aboneli\u011fimi iptal edebilir miyim?<\/strong><br>Evet, istedi\u011finiz zaman iptal edebilirsiniz. Uzun vadeli taahh\u00fctlere gerek yok.<\/p>\n        <p><strong>Hangi internet h\u0131z\u0131na ihtiyac\u0131m var?<\/strong><br>HD yay\u0131n i\u00e7in minimum 10 Mbps \u00f6neriyoruz. Uyarlanabilir yay\u0131n teknolojimiz, ba\u011flant\u0131n\u0131za ba\u011fl\u0131 olarak optimum kalite sa\u011flar.<\/p>\n        <p><strong>Ka\u00e7 cihaz kullanabilirim?<\/strong><br>Tek bir abonelikle ayn\u0131 anda en fazla 5 cihazda yay\u0131n yapabilirsiniz.<\/p>\n        <p><strong>\u00dccretsiz deneme imkan\u0131 sunuyor musunuz?<\/strong><br>Evet, test etmeniz i\u00e7in 24 saatlik \u00fccretsiz deneme sunuyoruz <a href=\"https:\/\/novaiptv.to\/tr\/\">aboneli\u011fe ba\u015flamadan \u00f6nce hizmet<\/a>.<\/p>\n      <\/div>\n    <\/div>\n\n    <!-- Final CTA -->\n    <div id=\"cta\" style=\"text-align:center; margin-top:60px;\">\n      <h2>E\u011flence Deneyiminizi Bug\u00fcn D\u00f6n\u00fc\u015ft\u00fcr\u00fcn<\/h2>\n      <p style=\"max-width:700px; margin:auto; font-size:16px;\">\n        E\u011flencelerini y\u00fckselten milyonlarca memnun kullan\u0131c\u0131ya kat\u0131l\u0131n <a href=\"https:\/\/novaiptv.to\/tr\/iptv-aboneligi-satin-al-abd-2025\/\">Nova IPTV<\/a>. \u00dcst\u00fcn yay\u0131n kalitesini, kapsaml\u0131 i\u00e7erik k\u00fct\u00fcphanesini ve e\u015fsiz g\u00fcvenilirli\u011fi deneyimleyin.\n      <\/p>\n      <a href=\"http:\/\/panel.novaiptv.org\/\" style=\"padding:14px 28px; background:#007bff; color:#fff; border-radius:6px; font-size:18px; display:inline-block; margin-top:20px;\" target=\"_blank\" rel=\"noopener\">Premium Yay\u0131n Yolculu\u011funuza Ba\u015flay\u0131n<\/a>\n    <\/div>\n\n<\/section>\n\n\n\n\t\t\t\t<\/div>\n\t\t\t\t\t<\/div>\n\t\t\t\t<\/div>\n\t\t\t\t<\/div>","protected":false},"excerpt":{"rendered":"<p>Transform Your Entertainment with Nova IPTV \u2013 The Ultimate Streaming Solution for 2025 Experience Premium Streaming Across All Your Devices \u2013 Lightning Fast &#038; Globally Accessible Discover a revolutionary streaming platform that delivers an unparalleled entertainment experience. With access to&#8230;<\/p>","protected":false},"author":1,"featured_media":7473,"parent":0,"menu_order":0,"comment_status":"closed","ping_status":"closed","template":"","meta":{"footnotes":""},"class_list":["post-7467","page","type-page","status-publish","has-post-thumbnail","hentry"],"_links":{"self":[{"href":"https:\/\/novaiptv.to\/tr\/wp-json\/wp\/v2\/pages\/7467","targetHints":{"allow":["GET"]}}],"collection":[{"href":"https:\/\/novaiptv.to\/tr\/wp-json\/wp\/v2\/pages"}],"about":[{"href":"https:\/\/novaiptv.to\/tr\/wp-json\/wp\/v2\/types\/page"}],"author":[{"embeddable":true,"href":"https:\/\/novaiptv.to\/tr\/wp-json\/wp\/v2\/users\/1"}],"replies":[{"embeddable":true,"href":"https:\/\/novaiptv.to\/tr\/wp-json\/wp\/v2\/comments?post=7467"}],"version-history":[{"count":0,"href":"https:\/\/novaiptv.to\/tr\/wp-json\/wp\/v2\/pages\/7467\/revisions"}],"wp:featuredmedia":[{"embeddable":true,"href":"https:\/\/novaiptv.to\/tr\/wp-json\/wp\/v2\/media\/7473"}],"wp:attachment":[{"href":"https:\/\/novaiptv.to\/tr\/wp-json\/wp\/v2\/media?parent=7467"}],"curies":[{"name":"wp","href":"https:\/\/api.w.org\/{rel}","templated":true}]}}