{"id":7748,"date":"2025-07-19T11:13:10","date_gmt":"2025-07-19T11:13:10","guid":{"rendered":"https:\/\/novaiptv.org\/?page_id=7748"},"modified":"2025-07-19T11:13:10","modified_gmt":"2025-07-19T11:13:10","slug":"iptv-rehberi","status":"publish","type":"page","link":"https:\/\/novaiptv.to\/tr\/iptv-rehberi\/","title":{"rendered":"7 Surprising Truths About IPTVs &#038; The Best IPTV Services for 2025"},"content":{"rendered":"<div data-elementor-type=\"wp-page\" data-elementor-id=\"7748\" class=\"elementor elementor-7748\" data-elementor-post-type=\"page\">\n\t\t\t\t<div class=\"elementor-element elementor-element-6676031 e-flex e-con-boxed e-con e-parent\" data-id=\"6676031\" data-element_type=\"container\" data-e-type=\"container\">\n\t\t\t\t\t<div class=\"e-con-inner\">\n\t\t\t\t\t<\/div>\n\t\t\t\t<\/div>\n\t\t<div class=\"elementor-element elementor-element-c58c47b e-flex e-con-boxed e-con e-parent\" data-id=\"c58c47b\" data-element_type=\"container\" data-e-type=\"container\">\n\t\t\t\t\t<div class=\"e-con-inner\">\n\t\t\t\t<div class=\"elementor-element elementor-element-eac6538 elementor-widget elementor-widget-html\" data-id=\"eac6538\" data-element_type=\"widget\" data-e-type=\"widget\" data-widget_type=\"html.default\">\n\t\t\t\t\t<section class=\"iptv-article-section\">\n  <style>\n    .iptv-article-section{\n      --iptv-max-width: 960px;\n      --iptv-accent:#2563eb;\n      --iptv-bg:#0f1115;\n      --iptv-surface:#161a20;\n      --iptv-border:#2a3039;\n      --iptv-text:#e5e7eb;\n      --iptv-muted:#94a3b8;\n      --iptv-radius:14px;\n      --iptv-gradient:linear-gradient(135deg,#1e293b 0%,#0f172a 60%,#020617 100%);\n      background:var(--iptv-bg);\n      padding: clamp(2rem,4vw,3.5rem) 1.25rem;\n      font-family: \"Inter\", system-ui, -apple-system, BlinkMacSystemFont, \"Segoe UI\", Roboto, \"Helvetica Neue\", Arial, sans-serif;\n      line-height:1.6;\n      color:var(--iptv-text);\n    }\n    .iptv-article-section .iptv-container{\n      max-width:var(--iptv-max-width);\n      margin:0 auto;\n      background:var(--iptv-surface);\n      border:1px solid var(--iptv-border);\n      padding:clamp(1.75rem,2.5vw,2.5rem) clamp(1.5rem,2.5vw,3rem);\n      border-radius:var(--iptv-radius);\n      box-shadow:0 8px 28px -6px rgba(0,0,0,.55),0 0 0 1px rgba(255,255,255,0.02) inset;\n      background-image:\n        radial-gradient(circle at 15% 10%,rgba(59,130,246,.15),transparent 60%),\n        radial-gradient(circle at 85% 85%,rgba(56,189,248,.1),transparent 55%),\n        var(--iptv-gradient);\n      overflow:hidden;\n    }\n    .iptv-article-section img.logo{\n      display:block;\n      max-width:140px;\n      margin:0 0 1.25rem;\n      filter:drop-shadow(0 4px 10px rgba(0,0,0,.4));\n    }\n    .iptv-article-section h1,\n    .iptv-article-section h2,\n    .iptv-article-section h3{\n      font-weight:600;\n      line-height:1.25;\n      letter-spacing:-.02em;\n      scroll-margin-top:90px;\n    }\n    .iptv-article-section h1{\n      font-size:clamp(2.1rem,4.2vw,3.1rem);\n      background:linear-gradient(90deg,#60a5fa,#38bdf8 40%,#818cf8);\n      -webkit-background-clip:text;\n      color:transparent;\n      margin:0 0 1.2rem;\n    }\n    .iptv-article-section h2{\n      font-size:clamp(1.55rem,2.9vw,2.1rem);\n      margin:2.4rem 0 1rem;\n      color:#f1f5f9;\n      position:relative;\n    }\n    .iptv-article-section h2:after{\n      content:\"\";\n      position:absolute;\n      left:0;\n      bottom:-.55rem;\n      width:68px;\n      height:3px;\n      border-radius:3px;\n      background:linear-gradient(90deg,#3b82f6,#0ea5e9);\n      box-shadow:0 0 0 1px rgba(255,255,255,.05);\n    }\n    .iptv-article-section h3{\n      font-size:clamp(1.25rem,2.2vw,1.5rem);\n      margin:2.1rem 0 .85rem;\n      color:#e2e8f0;\n    }\n    .iptv-article-section p{\n      margin:0 0 1.05rem;\n      font-size:1.01rem;\n    }\n    .iptv-article-section p strong{color:#f8fafc;}\n    .iptv-article-section ul{\n      margin:0 0 1.4rem 1.15rem;\n      padding:0;\n      list-style:none;\n    }\n    .iptv-article-section ul li{\n      position:relative;\n      padding:.4rem .75rem .4rem 1.75rem;\n      margin:.25rem 0;\n      background:rgba(255,255,255,.04);\n      border:1px solid rgba(255,255,255,.07);\n      border-radius:10px;\n      font-size:.97rem;\n      line-height:1.45;\n      backdrop-filter:blur(4px);\n    }\n    .iptv-article-section ul li:before{\n      content:\"\";\n      position:absolute;\n      left:.7rem;\n      top:50%;\n      width:.55rem;\n      height:.55rem;\n      background:linear-gradient(135deg,#3b82f6,#0ea5e9);\n      border-radius:50%;\n      transform:translateY(-50%);\n      box-shadow:0 0 0 3px rgba(59,130,246,.15);\n    }\n    .iptv-article-section a{\n      color:#38bdf8;\n      text-decoration:none;\n      font-weight:500;\n      position:relative;\n    }\n    .iptv-article-section a:after{\n      content:\"\";\n      position:absolute;\n      left:0;\n      bottom:-2px;\n      width:100%;\n      height:2px;\n      background:linear-gradient(90deg,#3b82f6,#06b6d4);\n      transform:scaleX(0);\n      transform-origin:left;\n      transition:.35s cubic-bezier(.65,.05,.36,1);\n    }\n    .iptv-article-section a:hover:after{transform:scaleX(1);}\n    .iptv-article-section blockquote{\n      margin:2rem 0;\n      padding:1.25rem 1.5rem 1.25rem 1.25rem;\n      border-left:5px solid #38bdf8;\n      background:rgba(56,189,248,.08);\n      border-radius:0 14px 14px 0;\n      font-style:italic;\n    }\n    .iptv-article-section code{\n      background:#1e293b;\n      color:#f1f5f9;\n      padding:.2em .5em;\n      border-radius:6px;\n      font-size:.85rem;\n      font-family:ui-monospace, SFMono-Regular, Menlo, Monaco, \"Courier New\", monospace;\n    }\n    .iptv-meta{\n      font-size:.8rem;\n      letter-spacing:.06em;\n      text-transform:uppercase;\n      margin-bottom:1.2rem;\n      color:var(--iptv-muted);\n    }\n    .iptv-article-section hr{\n      border:none;\n      height:1px;\n      background:linear-gradient(90deg,transparent,#334155 20%,#334155 80%,transparent);\n      margin:2.75rem 0;\n    }\n    .iptv-article-section .iptv-grid{\n      display:grid;\n      gap:1.25rem;\n    }\n    .iptv-article-section strong{font-weight:600;}\n    @media (min-width:780px){\n      .iptv-article-section ul li{display:block;}\n    }\n  <\/style>\n  <div class=\"iptv-container\">\n\n    <h1>IPTV Nedir? IPTV Hizmetlerinin Arkas\u0131ndaki Kafa Kar\u0131\u015ft\u0131r\u0131c\u0131 Terimi Anlamak<\/h1>\n\n    <meta name=\"description\" content=\"&quot;IPTV&quot;ler hakk\u0131nda merakl\u0131 m\u0131s\u0131n\u0131z? Terimin ard\u0131ndaki ger\u00e7ek anlam\u0131 ke\u015ffedin ve 2025&#039;in en iyi IPTV hizmetlerini ke\u015ffedin. NovaIPTV ile daha ak\u0131ll\u0131 yay\u0131n yap\u0131n.\">\n\n    <h2>IPTV&#039;lere Giri\u015f \u2013 Yanl\u0131\u015f Anla\u015f\u0131lan Bir Terim<\/h2>\n    <p>&quot;IPTV&quot; aramas\u0131 yap\u0131yorsan\u0131z, yaln\u0131z de\u011filsiniz. Bir\u00e7ok ki\u015fi, yay\u0131n deneyimlerini geli\u015ftirmenin yollar\u0131n\u0131 ararken bu terimle kar\u015f\u0131la\u015f\u0131yor. Peki tam olarak ne? <strong>IPTV&#039;ler<\/strong>, ve bu arad\u0131\u011f\u0131n\u0131z \u015fey i\u00e7in do\u011fru isim mi?<\/p>\n    <p>Kar\u0131\u015f\u0131kl\u0131\u011f\u0131 giderelim:<\/p>\n    <ul>\n      <li>Do\u011fru terim \u015fudur: <strong>IPTV<\/strong>, anlam\u0131na gelir <em>\u0130nternet Protokol\u00fc Televizyonu<\/em>.<\/li>\n      <li>\u201c\u00c7o\u011ful olarak &quot;IPTV&quot; terimi, forumlarda ve pazar yerlerinde s\u0131k\u00e7a kullan\u0131lan bir kar\u0131\u015f\u0131kl\u0131kt\u0131r. Bu genellikle insanlar\u0131n <strong><a href=\"https:\/\/novaiptv.to\/tr\/iptv-odyssey-stratejileri\/\">IPTV hizmetleri<\/strong>, <strong>IPTV sa\u011flay\u0131c\u0131lar\u0131<\/strong>, veya IPTV ak\u0131\u015f\u0131n\u0131 etkinle\u015ftiren belirli cihazlar<\/a>.<\/li>\n      <li>\u00c7o\u011ful &quot;IPTV&quot; ifadesi bir \u00fcr\u00fcn t\u00fcr\u00fcne at\u0131fta bulunmaz. Bunun yerine, daha \u00e7ok <a href=\"https:\/\/novaiptv.to\/tr\/nova-iptv-fiyatlandirmasi\/\">IPTV abonelikleri<\/a>, yay\u0131n platformlar\u0131 veya bazen IPTV&#039;yi destekleyen cihazlar.<\/li>\n    <\/ul>\n    <p>Okumaya devam ederek, yaln\u0131zca &quot;IPTV&#039;lerin&quot; ard\u0131ndaki ger\u00e7ek anlam\u0131 anlamakla kalmayacak, ayn\u0131 zamanda NovaIPTV&#039;nin yay\u0131n deneyiminizi geleneksel TV&#039;den \u00e7ok daha iyi hale getirebilece\u011fini de ke\u015ffedeceksiniz.<\/p>\n\n    <h2>IPTV Nedir?<\/h2>\n    <p>\u0130nsanlar\u0131n &quot;IPTV&quot; derken neyi kastetti\u011fini ger\u00e7ekten anlamak i\u00e7in \u00f6ncelikle ne anlama geldi\u011fini inceleyelim <a href=\"https:\/\/en.wikipedia.org\/wiki\/Internet_Protocol_television\" target=\"_blank\" rel=\"noopener\"> IPTV <\/a> her \u015feyle ilgilidir.<\/p>\n\n    <h3>IPTV Nas\u0131l \u00c7al\u0131\u015f\u0131r?<\/h3>\n    <p>Geleneksel kablo veya uydu sinyalleri yerine, <strong>IPTV (\u0130nternet Protokol\u00fc Televizyonu)<\/strong> canl\u0131 TV sunar <a href=\"https:\/\/novaiptv.to\/tr\/kanallar\/\">kanallar<\/a> ve internet \u00fczerinden iste\u011fe ba\u011fl\u0131 i\u00e7erik. Bunu Netflix veya YouTube gibi d\u00fc\u015f\u00fcn\u00fcn, ancak t\u00fcm canl\u0131 televizyon ihtiya\u00e7lar\u0131n\u0131z i\u00e7in.<\/p>\n    <p>\u0130\u015fte nas\u0131l \u00e7al\u0131\u015ft\u0131\u011f\u0131:<\/p>\n    <ul>\n      <li>Bir <a href=\"https:\/\/novaiptv.to\/tr\/5-reasons-nova-iptv-is-the-top-streaming-service-now\/\" title=\"Nova IPTV&#039;nin \u015eu Anda En \u0130yi Yay\u0131n Ak\u0131\u015f\u0131 Hizmeti Olmas\u0131n\u0131n 5 Nedeni!\" data-wpil-monitor-id=\"189\">IPTV sa\u011flay\u0131c\u0131s\u0131 televizyon kanallar\u0131n\u0131 ve yay\u0131nlar\u0131n\u0131 bar\u0131nd\u0131r\u0131r<\/a> g\u00fcvenli sunucularda.<\/li>\n      <li>Ne zaman sen <a href=\"https:\/\/novaiptv.to\/tr\/iptv-aboneligi-satin-al-abd-2025\/\">IPTV aboneli\u011fi sat\u0131n al<\/a>, giri\u015f bilgilerinizi veya bir \u00e7alma listesi ba\u011flant\u0131s\u0131n\u0131 al\u0131rs\u0131n\u0131z.<\/li>\n      <li>Basit\u00e7e bir tane kullan\u0131n <a href=\"https:\/\/novaiptv.to\/tr\/firestick-icin-en-iyi-iptv-oynaticisi\/\">IPTV uygulamas\u0131<\/a> (Ak\u0131ll\u0131 TV&#039;nizde, Firestick&#039;inizde veya telefonunuzda) \u0130nternet ba\u011flant\u0131n\u0131z \u00fczerinden binlerce canl\u0131 kanala ve programa eri\u015fin.<\/li>\n    <\/ul>\n    <p>Eski TV anteninizi y\u00fcksek h\u0131zl\u0131 bir Wi-Fi ba\u011flant\u0131s\u0131yla de\u011fi\u015ftirdi\u011finizi hayal edin; kablo, kutu veya co\u011frafi s\u0131n\u0131rlama yok.<\/p>\n\n    <h3>Geleneksel Kablo\/Uyduya G\u00f6re Avantajlar\u0131<\/h3>\n    <p>\u0130nsanlar kablolu yay\u0131ndan televizyona ge\u00e7iyor <a href=\"https:\/\/novaiptv.to\/tr\/xtream-iptv-kanada-2025-rehberi\/\">IPTV hizmetleri<\/a> \u00e7ok iyi sebeplerden dolay\u0131:<\/p>\n    <ul>\n      <li><strong>Daha Geni\u015f Se\u00e7im<\/strong>: Binlerce k\u00fcresel kanala ve iste\u011fe ba\u011fl\u0131 i\u00e7eri\u011fe eri\u015fim.<\/li>\n      <li><strong>Hareket Halindeyken<\/strong>: Kullanmak <a href=\"https:\/\/novaiptv.to\/tr\/iptv\/canada\/\" title=\"IPTV Kanada 2025 \u2013 Nova IPTV i\u00e7in Kapsaml\u0131 Rehber (Planlar, Cihazlar ve \u00dccretsiz Deneme)\" data-wpil-monitor-id=\"152\">Hemen hemen her cihazda IPTV<\/a>, internetin oldu\u011fu her yerde.<\/li>\n      <li><strong>Esneklik<\/strong>: K\u0131sa veya uzun vadeli planlar aras\u0131ndan se\u00e7im yap\u0131n, kat\u0131 y\u0131ll\u0131k s\u00f6zle\u015fmeler yapmay\u0131n.<\/li>\n      <li><strong>Maliyet Tasarrufu<\/strong>: <a href=\"https:\/\/novaiptv.to\/tr\/2025in-en-iyi-iptv-aboneligi\/\">IPTV abonelikleri<\/a> genellikle geleneksel kablo veya uydu paketlerinden \u00e7ok daha ucuzdur.<\/li>\n      <li><strong>Zengin \u00d6zellikler<\/strong>: HD\/4K kalitesinin, Elektronik Program Rehberlerinin (EPG) ve hatta yakalama\/tekrar oynatma \u00f6zelliklerinin keyfini \u00e7\u0131kar\u0131n.<\/li>\n    <\/ul>\n\n    <h3>IPTV Kullanmak \u0130\u00e7in \u0130htiyac\u0131n\u0131z Olanlar<\/h3>\n    <p>IPTV&#039;ye ba\u015flamak d\u00fc\u015f\u00fcnd\u00fc\u011f\u00fcn\u00fczden daha kolay. \u0130htiyac\u0131n\u0131z olanlar \u015funlar:<\/p>\n    <ul>\n      <li><strong>G\u00fcvenilir bir IPTV sa\u011flay\u0131c\u0131s\u0131<\/strong> (NovaIPTV gibi)<\/li>\n      <li><strong>Kararl\u0131, y\u00fcksek h\u0131zl\u0131 internet ba\u011flant\u0131s\u0131<\/strong> (en az 10Mbps \u00f6nerilir)<\/li>\n      <li><strong>Uyumlu bir cihaz<\/strong> \u2013 Ak\u0131ll\u0131 TV, <a href=\"https:\/\/novaiptv.to\/tr\/fire-stick-2025inize-protonvpni-yukleyin\/\">Fire TV Stick<\/a>, MAG kutusu, Android telefon, tablet, iOS cihaz\u0131 veya PC.<\/li>\n      <li><strong>Bir <\/strong><a href=\"https:\/\/novaiptv.to\/tr\/iptv-smarters-lg-akilli-tv-2025\/\">IPTV uygulamas\u0131 \u2013 se\u00e7enekler aras\u0131nda Ak\u0131ll\u0131 IPTV, IPTV Smarters bulunur<\/a>, TiviMate veya di\u011ferleri.<\/li>\n    <\/ul>\n    <p>Hangi cihaz\u0131n en iyi oldu\u011funu bilmek ister misiniz? <a href=\"\/tr\/smart-tv-2025\/\">2025 Ak\u0131ll\u0131 TV Rehberi<\/a>.<\/p>\n\n    <h2>\u0130nsanlar Neden \u201cIPTV\u201d Ar\u0131yor?<\/h2>\n    <p>Pek \u00e7ok ki\u015finin neden &quot;IPTV&quot; yerine &quot;iptv&quot; aramas\u0131 yapt\u0131\u011f\u0131n\u0131 merak ediyor olabilirsiniz. \u0130\u015fte nedeni:<\/p>\n    <ul>\n      <li><strong>Yayg\u0131n yaz\u0131m hatalar\u0131 ve otomatik \u00f6neriler<\/strong>:Arama motorlar\u0131 genellikle &quot;iptvs&quot; ifadesini otomatik tamamlar \u00e7\u00fcnk\u00fc bir\u00e7ok kullan\u0131c\u0131 yanl\u0131\u015fl\u0131kla veya al\u0131\u015fkanl\u0131ktan dolay\u0131 bunu yazar.<\/li>\n      <li><strong>Genel referanslar<\/strong>:\u00c7evrimi\u00e7i pazar yerlerinde ve forumlarda insanlar \u015fu \u015fekilde ifade eder: <a href=\"https:\/\/novaiptv.to\/tr\/\">IPTV hizmetleri<\/a> topluca \u201cIPTV\u201d olarak an\u0131l\u0131r.\u201d<\/li>\n      <li><strong>Trend olan arama kal\u0131plar\u0131<\/strong>: Daha fazla kullan\u0131c\u0131 evde yay\u0131n yapma konusunda deneyim kazand\u0131k\u00e7a, &quot;en iyi&quot; gibi terimler <a href=\"https:\/\/novaiptv.to\/tr\/iptv-aboneligi-satin-al-abd-2025\/\">iptv&#039;ler<\/a> Firestick i\u00e7in, &quot;ucuz iptv&#039;ler&quot; veya &quot;2025&#039;te \u00e7al\u0131\u015fan iptv&#039;ler&quot; arama analizlerindeki trend.<\/li>\n    <\/ul>\n    <p>E\u011fer buradaysan\u0131z, kesinlikle en son ve en yeniyi ar\u0131yorsunuz demektir. <a class=\"wpil_keyword_link\" href=\"https:\/\/novaiptv.to\/tr\/\" title=\"en iyi IPTV\" data-wpil-keyword-link=\"linked\">en iyi IPTV<\/a> hizmetler, yaz\u0131m \u015fekli ne olursa olsun.<\/p>\n\n    <h2>IPTV&#039;ler ve IPTV Abonelikleri: Ger\u00e7ek Fark Nedir?<\/h2>\n    <p>A\u00e7\u0131kl\u0131\u011fa kavu\u015ftural\u0131m: &quot;IPTV&#039;ler&quot; cihazlara veya farkl\u0131 bir hizmet katman\u0131na at\u0131fta bulunmaz; tamamen <a href=\"https:\/\/novaiptv.to\/tr\/nova-iptv-uk-premium-iptv-aboneligi\/\">IPTV abonelikleri<\/a> ve sa\u011flay\u0131c\u0131lar.<\/p>\n    <p><a href=\"https:\/\/novaiptv.to\/tr\/iptv-ucretsiz-deneme-kanada-2025\/\"><\/a><a href=\"https:\/\/novaiptv.to\/tr\/iptv-ucretsiz-deneme-kanada-2025\/\"><\/a><strong>G\u00fcvenilir IPTV hizmeti ararken dikkat etmeniz gerekenler \u015funlard\u0131r:<\/strong><\/p>\n    <ul>\n      <li><strong>Geni\u015f Kanal Se\u00e7imi:<\/strong> Uluslararas\u0131, yerel, spor, e\u011flence, PPV, \u00e7ocuk, sinema.<\/li>\n      <li><strong>Y\u00fcksek Kaliteli Ak\u0131\u015flar:<\/strong> HD veya 4K se\u00e7enekleri sunar, minimum ara belle\u011fe alma.<\/li>\n      <li><strong>Kolay Kurulum:<\/strong> Basit bir \u00e7alma listesi veya portal URL&#039;si \u00e7o\u011fu cihazda \u00e7al\u0131\u015f\u0131r.<\/li>\n      <li><strong>7\/24 Destek:<\/strong> Sorunsuz bir \u015fekilde yay\u0131n ak\u0131\u015f\u0131n\u0131z\u0131 s\u00fcrd\u00fcrmeniz i\u00e7in sohbet veya e-posta yoluyla yard\u0131m al\u0131n.<\/li>\n    <\/ul>\n\n    <h3>NovaIPTV&#039;nin Teklifleri<\/h3>\n    <p>NovaIPTV \u015fu \u00f6zellikleriyle tan\u0131n\u0131r:<\/p>\n    <ul>\n      <li><strong>Kararl\u0131, y\u00fcksek kaliteli ak\u0131\u015flar<\/strong> 20.000&#039;den fazla kanaldan.<\/li>\n      <li><strong>Ultra h\u0131zl\u0131 sunucular<\/strong> En \u00f6nemli spor etkinlikleri s\u0131ras\u0131nda bile sorunsuz yay\u0131n i\u00e7in.<\/li>\n      <li><strong>Esnek planlar<\/strong> Her b\u00fct\u00e7eye uygun. \u015eimdi ke\u015ffedin <a href=\"\/tr\/plans\/\">Planlar sayfas\u0131<\/a>.<\/li>\n      <li><strong>Kullan\u0131c\u0131 dostu <\/strong><a href=\"https:\/\/novaiptv.to\/tr\/iptv-smarters-pro-kurulumu-2025\/\" title=\"NovaIPTV i\u00e7in IPTV Smarters Pro Kurulumu \u2014 Kurulum, EPG ve \u0130pu\u00e7lar\u0131\" data-wpil-monitor-id=\"10\">kurulum deste\u011fi \u2014 kurulumdan<\/a> canl\u0131 sohbet yard\u0131m\u0131na y\u00f6nelik k\u0131lavuzlar.<\/li>\n    <\/ul>\n    <p>&quot;IPTV&quot; mi ar\u0131yorsunuz? 2025&#039;in en g\u00fcvenilir IPTV sa\u011flay\u0131c\u0131lar\u0131ndan birine geldiniz.<\/p>\n\n    <h2>2025&#039;te En \u0130yi IPTV Hizmeti Nas\u0131l Se\u00e7ilir?<\/h2>\n    <p>Bu kadar \u00e7ok se\u00e7enek varken hangisinin do\u011fru oldu\u011funu nas\u0131l bileceksiniz? <a class=\"wpil_keyword_link\" href=\"https:\/\/novaiptv.to\/tr\/\" title=\"IPTV aboneli\u011fi\" data-wpil-keyword-link=\"linked\">IPTV aboneli\u011fi<\/a> Sizin i\u00e7in do\u011fru mu? \u015eu fakt\u00f6rleri akl\u0131n\u0131zda bulundurun:<\/p>\n    <ul>\n      <li><strong>Kararl\u0131l\u0131k ve \u00c7al\u0131\u015fma S\u00fcresi:<\/strong> Tutarl\u0131 hizmet \u00f6nemlidir; b\u00fcy\u00fck ma\u00e7 s\u0131ras\u0131nda bekleme yapmak istemezsiniz.<\/li>\n      <li><strong>Elektronik Program Rehberi (EPG):<\/strong> Dahili TV rehberi kanallar aras\u0131nda gezinmeyi kolayla\u015ft\u0131r\u0131r.<\/li>\n      <li><strong>Geni\u015f \u0130\u00e7erik K\u00fct\u00fcphanesi:<\/strong> Daha fazla kanal, daha fazla se\u00e7enek \u2014 k\u00fcresel kapsama alan\u0131 aray\u0131n.<\/li>\n      <li><strong>M\u00fc\u015fteri Deste\u011fi:<\/strong> \u0130htiyac\u0131n\u0131z oldu\u011funda duyarl\u0131 yard\u0131m.<\/li>\n      <li><strong>HD ve 4K Steam&#039;ler:<\/strong> En keskin g\u00f6r\u00fcnt\u00fcy\u00fc elde etmek i\u00e7in y\u00fcksek kaliteli se\u00e7enekleri tercih edin.<\/li>\n      <li><strong>Uyumluluk:<\/strong> Sa\u011flay\u0131c\u0131n\u0131n cihazlar\u0131n\u0131zla uyumlu oldu\u011fundan emin olun \u2014 Firestick, Smart TV, Android, vb.<\/li>\n    <\/ul>\n\n    <h3>Neden NovaIPTV&#039;yi Se\u00e7melisiniz?<\/h3>\n    <ul>\n      <li><strong>Kaya gibi sa\u011flam \u00e7al\u0131\u015fma s\u00fcresi<\/strong> ve sekt\u00f6r lideri g\u00fcvenilirlik.<\/li>\n      <li><strong>Tam EPG ve yakalama \u00f6zellikleri<\/strong> \u2014 b\u00f6ylece en sevdi\u011finiz program\u0131 asla ka\u00e7\u0131rmazs\u0131n\u0131z.<\/li>\n      <li><strong>T\u00fcm b\u00fcy\u00fck platformlarda yay\u0131nlay\u0131n<\/strong> - i\u00e7ermek <a href=\"\/tr\/smart-tv-2025\/\">Ak\u0131ll\u0131 TV&#039;ler<\/a>, <a href=\"\/tr\/smart-tv-2025\/\">Ate\u015f \u00e7ubu\u011fu<\/a>, <a href=\"\/tr\/ios-apple-2025\/\">Android\/iOS<\/a>.<\/li>\n      <li><strong>\u015eeffaf, uygun fiyatland\u0131rma<\/strong> \u2014 gizli \u00fccret yok.<\/li>\n      <li><strong>Risksiz deneme<\/strong> b\u00f6ylece fark\u0131 kendiniz g\u00f6rebilirsiniz.<\/li>\n    <\/ul>\n    <p>En son haberlerimizi ke\u015ffedin <a href=\"\/tr\/plans\/\">planlar ve teklifler<\/a> \u015eimdi.<\/p>\n\n    <h2>IPTV Kullan\u0131m\u0131 G\u00fcvenli ve Yasal m\u0131?<\/h2>\n    <p>\u201c&quot; <a href=\"https:\/\/novaiptv.to\/tr\/iptv-kanadada-yasal-mi\/\">IPTV<\/a> &quot;Yasal m\u0131?&quot; do\u011fru IPTV sa\u011flay\u0131c\u0131s\u0131n\u0131 bulduktan sonraki b\u00fcy\u00fck sorudur.<\/p>\n    <ul>\n      <li><strong>Yasall\u0131k hizmete ba\u011fl\u0131d\u0131r<\/strong>: Hepsi de\u011fil <a href=\"https:\/\/novaiptv.to\/tr\/the-best-iptv-reddit-services-in-canada-for-2025\/\">IPTV hizmetleri<\/a> me\u015frudur. \u0130yi de\u011ferlendirilmi\u015f, uyumlu bir IPTV sa\u011flay\u0131c\u0131s\u0131 se\u00e7ti\u011finizden emin olun.<\/li>\n      <li><strong>Ki\u015fisel gizlilik<\/strong>: \u00d6zellikle uluslararas\u0131 kaynaklardan gelen i\u00e7eriklerin yay\u0131nlanmas\u0131 gizlilik veya co\u011frafi k\u0131s\u0131tlamalara yol a\u00e7abilir.<\/li>\n    <\/ul>\n\n    <h3>Kendinizi bir VPN ile koruyun<\/h3>\n    <p>VPN (Sanal \u00d6zel A\u011f), etkinli\u011finizi \u015fifreler ve b\u00f6lgesel engellemelerden veya \u0130SS k\u0131s\u0131tlamalar\u0131ndan ka\u00e7\u0131nman\u0131za yard\u0131mc\u0131 olur. A\u015fa\u011f\u0131dakileri takip ederek g\u00fcvende kal\u0131n: <a href=\"\/tr\/vpn-setup\/\">VPN kurulum k\u0131lavuzu<\/a>.<\/p>\n    <p><strong>Profesyonel ipucu:<\/strong> Her zaman birle\u015ftirin <a class=\"wpil_keyword_link\" href=\"https:\/\/novaiptv.to\/tr\/blog\/2025te-iptv-ve-kablo-maliyet-karsilastirmasi\/\" title=\"IPTV aboneli\u011fi\" data-wpil-keyword-link=\"linked\">IPTV aboneli\u011fi<\/a> G\u00fcvenlik ve g\u00f6n\u00fcl rahatl\u0131\u011f\u0131 i\u00e7in sa\u011flam bir VPN ile.<\/p>\n\n    <h2>IPTV&#039;ler i\u00e7in Uyumlu Cihazlar<\/h2>\n    <p>Mevcut kurulumunuzda &quot;IPTV&quot;lerinizi kullan\u0131p kullanamayaca\u011f\u0131n\u0131z\u0131 m\u0131 merak ediyorsunuz? G\u00fcn\u00fcm\u00fczde IPTV hizmetleri son derece esnektir.<\/p>\n\n    <h3>Desteklenen Cihazlar \u015eunlar\u0131 \u0130\u00e7erir:<\/h3>\n    <ul>\n      <li><strong>Ak\u0131ll\u0131 TV&#039;ler<\/strong> (LG, Samsung, Sony ve daha fazlas\u0131)<\/li>\n      <li><strong>Amazon Firestick<\/strong> ve Fire TV<\/li>\n      <li><strong>Android telefonlar ve tabletler<\/strong><\/li>\n      <li><strong>iPhone, iPad, Apple TV<\/strong><\/li>\n      <li><strong>MAG kutular\u0131, Enigma2<\/strong><\/li>\n      <li><strong>Windows ve Mac PC&#039;ler<\/strong><\/li>\n    <\/ul>\n    <p>En iyi cihaz kurulumu hakk\u0131nda ayr\u0131nt\u0131lar i\u00e7in k\u0131lavuzlar\u0131m\u0131za bak\u0131n <a href=\"\/tr\/smart-tv-2025\/\">Ak\u0131ll\u0131 TV&#039;ler<\/a> Ve <a href=\"\/tr\/ios-apple-2025\/\">Apple cihazlar\u0131<\/a>.<\/p>\n\n    <h2>Son D\u00fc\u015f\u00fcnceler \u2013 IPTV Yanl\u0131\u015f Bir Terim Olabilir, Ama Do\u011fru Yerdesiniz<\/h2>\n    <p>&quot;IPTV&#039;ler&quot; teknik olarak do\u011fru olmasa da, araman\u0131z sizi do\u011fru yere getirdi. \u0130ster Firestick i\u00e7in IPTV&#039;yi ara\u015ft\u0131r\u0131yor olun, ister yeni bir yay\u0131n deneyimi ar\u0131yor olun, ister kar\u015f\u0131la\u015ft\u0131rma yapmak istiyor olun <a href=\"https:\/\/novaiptv.to\/tr\/2025in-en-iyi-ingiltere-iptv-hizmetleri\/\">en iyi IPTV hizmetleri<\/a> 2025 y\u0131l\u0131nda, <strong>NovaIPTV<\/strong> IPTV d\u00fcnyas\u0131nda g\u00fcvenilir orta\u011f\u0131n\u0131zd\u0131r.<\/p>\n    <p><strong>Yay\u0131n ak\u0131\u015f\u0131n\u0131z\u0131 bir \u00fcst seviyeye ta\u015f\u0131maya haz\u0131r m\u0131s\u0131n\u0131z?<\/strong><\/p>\n    <ul>\n      <li>Esnek \u00e7\u00f6z\u00fcmlerimizi ke\u015ffedin <a href=\"\/tr\/plans\/\">IPTV planlar\u0131<\/a>.<\/li>\n      <li>Yararl\u0131 okuyun <a href=\"https:\/\/novaiptv.to\/tr\/iptv\/usa\/\" title=\"IPTV ABD 2025 \u2013 Nova IPTV i\u00e7in Kapsaml\u0131 Rehber (En \u0130yi Planlar, Cihazlar ve Kurulum)\" data-wpil-monitor-id=\"118\">cihaz\u0131n\u0131z i\u00e7in kurulum k\u0131lavuzlar\u0131<\/a>.<\/li>\n      <li>Para iade garantisiyle risksiz IPTV&#039;nin keyfini \u00e7\u0131kar\u0131n.<\/li>\n    <\/ul>\n    <p>&quot;IPTV&quot; aramay\u0131 b\u0131rak\u0131n ve NovaIPTV ile daha ak\u0131ll\u0131 yay\u0131n ak\u0131\u015f\u0131na ba\u015flay\u0131n. Televizyonun gelece\u011fi burada - hemen al\u0131n <a href=\"\/tr\/plans\/\">IPTV aboneli\u011fi<\/a> Bug\u00fcn!<\/p>\n\n    <p><strong>Bu makaledeki dahili ba\u011flant\u0131lar:<\/strong><\/p>\n    <ul>\n      <li><a href=\"\/tr\/plans\/\">Planlar<\/a><\/li>\n      <li><a href=\"\/tr\/vpn-setup\/\">VPN Kurulumu<\/a><\/li>\n      <li><a href=\"\/tr\/smart-tv-2025\/\">Ak\u0131ll\u0131 TV 2025 Rehberi<\/a><\/li>\n      <li><a href=\"\/tr\/ios-apple-2025\/\">iOS \/ Apple 2025 Rehberi<\/a><\/li>\n    <\/ul>\n  <\/div>\n<\/section>\t\t\t\t<\/div>\n\t\t\t\t\t<\/div>\n\t\t\t\t<\/div>\n\t\t\t\t<\/div>","protected":false},"excerpt":{"rendered":"<p>What Are IPTVs? Understanding the Confusing Term Behind IPTV Services Introduction to IPTVs \u2013 A Misunderstood Term If you\u2019ve found yourself searching for \u201cIPTVs,\u201d you\u2019re not alone. Many people stumble across this term when looking for ways to upgrade their&#8230;<\/p>","protected":false},"author":1,"featured_media":7752,"parent":0,"menu_order":0,"comment_status":"closed","ping_status":"closed","template":"","meta":{"footnotes":""},"class_list":["post-7748","page","type-page","status-publish","has-post-thumbnail","hentry"],"_links":{"self":[{"href":"https:\/\/novaiptv.to\/tr\/wp-json\/wp\/v2\/pages\/7748","targetHints":{"allow":["GET"]}}],"collection":[{"href":"https:\/\/novaiptv.to\/tr\/wp-json\/wp\/v2\/pages"}],"about":[{"href":"https:\/\/novaiptv.to\/tr\/wp-json\/wp\/v2\/types\/page"}],"author":[{"embeddable":true,"href":"https:\/\/novaiptv.to\/tr\/wp-json\/wp\/v2\/users\/1"}],"replies":[{"embeddable":true,"href":"https:\/\/novaiptv.to\/tr\/wp-json\/wp\/v2\/comments?post=7748"}],"version-history":[{"count":0,"href":"https:\/\/novaiptv.to\/tr\/wp-json\/wp\/v2\/pages\/7748\/revisions"}],"wp:featuredmedia":[{"embeddable":true,"href":"https:\/\/novaiptv.to\/tr\/wp-json\/wp\/v2\/media\/7752"}],"wp:attachment":[{"href":"https:\/\/novaiptv.to\/tr\/wp-json\/wp\/v2\/media?parent=7748"}],"curies":[{"name":"wp","href":"https:\/\/api.w.org\/{rel}","templated":true}]}}