{"id":7773,"date":"2025-07-29T09:45:37","date_gmt":"2025-07-29T09:45:37","guid":{"rendered":"https:\/\/novaiptv.org\/?page_id=7773"},"modified":"2025-07-29T09:45:37","modified_gmt":"2025-07-29T09:45:37","slug":"iptv-nova-2025","status":"publish","type":"page","link":"https:\/\/novaiptv.to\/tr\/iptv-nova-2025\/","title":{"rendered":"IPTV Nova &#8211; Stream Your World in Stunning Clarity 2025"},"content":{"rendered":"<div data-elementor-type=\"wp-page\" data-elementor-id=\"7773\" class=\"elementor elementor-7773\" data-elementor-post-type=\"page\">\n\t\t\t\t<div class=\"elementor-element elementor-element-60fad05 e-flex e-con-boxed e-con e-parent\" data-id=\"60fad05\" data-element_type=\"container\" data-e-type=\"container\">\n\t\t\t\t\t<div class=\"e-con-inner\">\n\t\t\t\t<div class=\"elementor-element elementor-element-1e03b46 elementor-widget elementor-widget-html\" data-id=\"1e03b46\" data-element_type=\"widget\" data-e-type=\"widget\" data-widget_type=\"html.default\">\n\t\t\t\t\t<style>\n    * {\n      margin: 0;\n      padding: 0;\n      box-sizing: border-box;\n      font-family: 'Montserrat', sans-serif;\n    }\n    body {\n      background: #f0f4f8;\n      color: #1a202c;\n      line-height: 1.8;\n      overflow-x: hidden;\n    }\n    header {\n      background: linear-gradient(135deg, #6b46c1, #00c4b4);\n      color: white;\n      text-align: center;\n      padding: 5rem 1rem;\n      position: relative;\n      overflow: hidden;\n    }\n    header::before {\n      content: '';\n      position: absolute;\n      top: -20%;\n      left: -20%;\n      width: 140%;\n      height: 140%;\n      background: radial-gradient(circle, rgba(255,255,255,0.3), transparent);\n      transform: rotate(30deg);\n      z-index: 0;\n    }\n    h1 {\n      font-family: 'Playfair Display', serif;\n      font-size: 3.5rem;\n      font-weight: 700;\n      margin-bottom: 1.5rem;\n      position: relative;\n      z-index: 1;\n      text-shadow: 0 3px 6px rgba(0,0,0,0.3);\n    }\n    h2 {\n      font-family: 'Playfair Display', serif;\n      font-size: 2.3rem;\n      font-weight: 600;\n      color: #2d3748;\n      margin: 3.5rem 0 1.5rem;\n      text-align: center;\n      position: relative;\n    }\n    h2::after {\n      content: '';\n      display: block;\n      width: 60px;\n      height: 4px;\n      background: #00c4b4;\n      margin: 0.5rem auto;\n      border-radius: 2px;\n    }\n    h3 {\n      font-size: 1.6rem;\n      font-weight: 600;\n      color: #2d3748;\n      margin: 2rem 0 1rem;\n    }\n    section {\n      max-width: 1300px;\n      margin: 3rem auto;\n      padding: 0 2rem;\n    }\n    p {\n      font-size: 1.15rem;\n      margin-bottom: 1.3rem;\n      color: #4a5568;\n    }\n\n\n  \n\n    .cta-button {\n      display: inline-block;\n      background: linear-gradient(45deg, #ed8936, #f56565);\n      color: white;\n      padding: 1.2rem 3rem;\n      border-radius: 50px;\n      text-decoration: none;\n      font-weight: 600;\n      font-size: 1.2rem;\n      transition: transform 0.3s ease, box-shadow 0.3s ease;\n      box-shadow: 0 5px 15px rgba(0,0,0,0.2);\n      position: relative;\n      z-index: 1;\n    }\n    .cta-button:hover {\n      transform: translateY(-5px);\n      box-shadow: 0 8px 20px rgba(0,0,0,0.3);\n      background: linear-gradient(45deg, #f56565, #ed8936);\n    }\n    .pricing-grid {\n      display: grid;\n      grid-template-columns: repeat(auto-fit, minmax(300px, 1fr));\n      gap: 2rem;\n      margin-top: 2rem;\n    }\n    .pricing-card {\n      background: white;\n      padding: 2.5rem;\n      border-radius: 20px;\n      box-shadow: 0 8px 16px rgba(0,0,0,0.1);\n      text-align: center;\n      transition: transform 0.3s ease, box-shadow 0.3s ease;\n      position: relative;\n      overflow: hidden;\n    }\n    .pricing-card::before {\n      content: '';\n      position: absolute;\n      top: 0;\n      left: 0;\n      width: 100%;\n      height: 5px;\n      background: linear-gradient(90deg, #6b46c1, #00c4b4);\n    }\n    .pricing-card:hover {\n      transform: translateY(-8px);\n      box-shadow: 0 12px 24px rgba(0,0,0,0.2);\n    }\n    .pricing-card h3 {\n      font-size: 1.8rem;\n      color: #2d3748;\n    }\n    .pricing-card p {\n      font-size: 2rem;\n      font-weight: 700;\n      color: #2d3748;\n      margin: 1.2rem 0;\n    }\n    .highlight {\n      background: #e6fffa;\n      padding: 0.4rem 1rem;\n      border-radius: 20px;\n      font-size: 0.95rem;\n      color: #2d3748;\n      display: inline-block;\n      margin-bottom: 1.2rem;\n      font-weight: 600;\n    }\n    .feature-box {\n      display: flex;\n      align-items: center;\n      gap: 1rem;\n      margin-bottom: 1.5rem;\n    }\n    .feature-icon {\n      font-size: 2.5rem;\n      color: #00c4b4;\n    }\n    footer {\n      background: linear-gradient(135deg, #2d3748, #6b46c1);\n      color: white;\n      text-align: center;\n      padding: 2.5rem 1rem;\n      margin-top: 4rem;\n      font-size: 1.1rem;\n    }\n    .social-links a {\n      color: white;\n      margin: 0 0.5rem;\n      text-decoration: none;\n      font-size: 1.2rem;\n      transition: color 0.3s ease;\n    }\n    .social-links a:hover {\n      color: #00c4b4;\n    }\n    a.outbound {\n      color: #6b46c1;\n      text-decoration: underline;\n      transition: color 0.3s ease;\n    }\n    a.outbound:hover {\n      color: #00c4b4;\n    }\n    @media (max-width: 768px) {\n      h1 {\n        font-size: 2.5rem;\n      }\n      h2 {\n        font-size: 1.8rem;\n      }\n      h3 {\n        font-size: 1.4rem;\n      }\n      section {\n        padding: 0 1.5rem;\n      }\n      .pricing-grid {\n        grid-template-columns: 1fr;\n      }\n      .cta-button {\n        padding: 1rem 2rem;\n        font-size: 1rem;\n      }\n    }\n  <\/style>\n<\/head>\n<body>\n  <header>\n    <h1>IPTV Nova - 2025 Yay\u0131n Ak\u0131\u015f\u0131 Devriminiz<\/h1>\n    <p>En iyi yay\u0131n hizmetiyle canl\u0131 ve kesintisiz e\u011flencenin tad\u0131n\u0131 \u00e7\u0131kar\u0131n!<\/p>\n    <a href=\"https:\/\/panel.novaiptv.org\/\" class=\"cta-button\" target=\"_blank\" rel=\"noopener\">36 Saatlik \u00dccretsiz Denemenizi Ba\u015flat\u0131n<\/a>\n  <\/header>\n\n  <section>\n    <h2>IPTV Nova Nedir?<\/h2>\n    <p>IPTV Nova, 18.000&#039;den fazla canl\u0131 TV kanal\u0131 ve 50.000&#039;den fazla film, dizi ve \u00f6zel program\u0131 do\u011frudan cihazlar\u0131n\u0131za ula\u015ft\u0131rarak s\u0131n\u0131rs\u0131z bir e\u011flence d\u00fcnyas\u0131na a\u00e7\u0131lan kap\u0131n\u0131zd\u0131r. En son \u0130nternet Protokol\u00fc Televizyon teknolojisini kullanan bu hizmet, pahal\u0131 kablo aboneliklerine olan ihtiyac\u0131 ortadan kald\u0131rarak premium i\u00e7eriklerin keyfini uygun maliyetli bir \u015fekilde \u00e7\u0131karman\u0131z\u0131 sa\u011flar. Daha fazla bilgi edinin <a href=\"https:\/\/www.techradar.com\/news\/what-is-iptv\" class=\"outbound\" target=\"_blank\" rel=\"noopener\">IPTV nas\u0131l \u00e7al\u0131\u015f\u0131r<\/a> Geleneksel televizyona g\u00f6re avantajlar\u0131n\u0131 anlamak i\u00e7in.<\/p>\n    <p>Gi\u015fe rekorlar\u0131 k\u0131ran filmlerden canl\u0131 spor programlar\u0131na ve uluslararas\u0131 haberlere kadar, <a href=\"https:\/\/novaiptv.to\/tr\/iptv-aboneligi-satin-al-abd-2025\/\">IPTV Nova<\/a> Her izleyicinin tutkusuna hitap ediyor. \u015e\u0131k aray\u00fcz\u00fc ve g\u00fc\u00e7l\u00fc yay\u0131n teknolojisi, en sevdi\u011finiz programlar\u0131n her zaman elinizin alt\u0131nda olmas\u0131n\u0131 sa\u011flayarak 2025&#039;te TV deneyiminizi k\u00f6kten de\u011fi\u015ftiriyor.<\/p>\n    <p>\u0130ster sinema tutkunu, ister spor tutkunu, ister \u00e7ocuk dostu programlar arayan bir ebeveyn olun, bu hizmet ihtiya\u00e7lar\u0131n\u0131za uyum sa\u011flar. Esnek planlar ve kullan\u0131c\u0131 dostu bir kurulumla, <a href=\"https:\/\/novaiptv.to\/tr\/iptv-aboneligi-satin-al-abd-2025\/\">IPTV Nova<\/a> kablo kesmeyi basit ve \u00f6d\u00fcllendirici hale getirir.<\/p>\n  <\/section>\n\n  <section>\n    <h2>Neden Bu Yay\u0131n Ak\u0131\u015f\u0131 Hizmetini Se\u00e7melisiniz?<\/h2>\n    <p>IPTV Nova, yenilik\u00e7ili\u011fi rahatl\u0131kla bir araya getirerek TV keyfinizi yeniden tan\u0131ml\u0131yor. \u0130\u015fte onu yay\u0131n d\u00fcnyas\u0131nda farkl\u0131 k\u0131lan \u00f6zellikler.<\/p>\n    <div class=\"feature-box\">\n      <span class=\"feature-icon\">\ud83d\udcfa<\/span>\n      <p><strong>Geni\u015f \u0130\u00e7erik K\u00fct\u00fcphanesi<\/strong>: 18.000&#039;den fazla canl\u0131 yay\u0131na eri\u015fin <a href=\"https:\/\/novaiptv.to\/tr\/kanallar\/\">kanallar<\/a>, Spor, k\u00fcresel haberler ve ni\u015f uluslararas\u0131 programlar\u0131 kapsayan, sonsuz \u00e7e\u015fitlilikte bir program.<\/p>\n    <\/div>\n    <div class=\"feature-box\">\n      <span class=\"feature-icon\">\ud83c\udfa5<\/span>\n      <p><strong>\u0130ste\u011fe Ba\u011fl\u0131 Mutluluk<\/strong>*Wicked* ve *Silo Sezon 2* gibi hitlerle g\u00fcnl\u00fck olarak g\u00fcncellenen 50.000&#039;den fazla film ve diziyi izleyin.<\/p>\n    <\/div>\n    <div class=\"feature-box\">\n      <span class=\"feature-icon\">\u26a1<\/span>\n      <p><strong>P\u00fcr\u00fczs\u00fcz Ak\u0131\u015f<\/strong>: Standart Wi-Fi&#039;da bile antifriz teknolojisiyle 4K, FHD ve HD kalitesinin keyfini \u00e7\u0131kar\u0131n.<\/p>\n    <\/div>\n    <div class=\"feature-box\">\n      <span class=\"feature-icon\">\ud83d\udce1<\/span>\n      <p><strong>Ak\u0131ll\u0131 Navigasyon<\/strong>:\u0130stedi\u011finiz \u015fekilde kay\u0131t yapmak ve izlemek i\u00e7in sezgisel EPG ve bulut DVR&#039;\u0131 kullan\u0131n.<\/p>\n    <\/div>\n    <div class=\"feature-box\">\n      <span class=\"feature-icon\">\ud83d\udee0\ufe0f<\/span>\n      <p><strong>7\/24 Destek<\/strong>: Sorunsuz bir deneyim i\u00e7in canl\u0131 sohbet, e-posta veya k\u0131lavuzlar arac\u0131l\u0131\u011f\u0131yla an\u0131nda yard\u0131m al\u0131n.<\/p>\n    <\/div>\n    <p>Ara belle\u011fe almay\u0131 en aza indiren geli\u015fmi\u015f teknolojisi ve kullan\u0131m kolayl\u0131\u011f\u0131n\u0131 \u00f6n planda tutan tasar\u0131m\u0131yla IPTV Nova, birinci s\u0131n\u0131f bir izleme deneyimi sunar. Yay\u0131n trendlerini merak ediyor musunuz? \u015euraya g\u00f6z at\u0131n: <a href=\"https:\/\/www.cnet.com\/tech\/services-and-software\/best-iptv-services-2023\/\" class=\"outbound\" target=\"_blank\" rel=\"noopener\">en iyi IPTV hizmetlerine rehber<\/a> Sekt\u00f6re dair i\u00e7g\u00f6r\u00fcler i\u00e7in.<\/p>\n    <a href=\"https:\/\/panel.novaiptv.org\/\" class=\"cta-button\" target=\"_blank\" rel=\"noopener\">Fark\u0131 Ke\u015ffedin<\/a>\n  <\/section>\n\n  <section>\n    <h2>Her Cihazda Yay\u0131n Yap\u0131n<\/h2>\n    <p>IPTV Nova&#039;n\u0131n evrensel uyumlulu\u011fu sayesinde e\u011flenceniz her yerde sizinle. Ev sinemalar\u0131ndan mobil cihazlara kadar her yerde keyfini \u00e7\u0131kar\u0131n. <a href=\"https:\/\/novaiptv.to\/tr\/embarking-on-the-iptv-odyssey\/\">kesintisiz yay\u0131n<\/a> hayat seni nereye g\u00f6t\u00fcr\u00fcrse g\u00f6t\u00fcrs\u00fcn.<\/p>\n    <h3>Desteklenen Cihazlar<\/h3>\n    <ul>\n      <li><a href=\"https:\/\/novaiptv.to\/tr\/2025in-en-iyi-iptv-oynaticilari\/\"><strong>Ak\u0131ll\u0131 TV&#039;ler<\/strong>:<\/a> Muhte\u015fem b\u00fcy\u00fck ekran izleme deneyimi i\u00e7in Samsung, LG, Android TV ve daha fazlas\u0131.<\/li>\n      <li><strong>Ak\u0131\u015f Cihazlar\u0131<\/strong>: <a href=\"https:\/\/novaiptv.to\/tr\/fire-stick-2025inize-protonvpni-yukleyin\/\">Ate\u015f \u00c7ubu\u011fu<\/a>, Ta\u015f\u0131nabilirlik i\u00e7in Roku, Nvidia Shield ve Formuler Z8.<\/li>\n      <li><strong>Mobil Cihazlar<\/strong>: Hareket halindeyken e\u011flence i\u00e7in Android ve iOS.<\/li>\n      <li><strong>Bilgisayarlar<\/strong>: Taray\u0131c\u0131 tabanl\u0131 yay\u0131n esnekli\u011fi i\u00e7in Windows ve Mac.<\/li>\n      <li><a href=\"https:\/\/novaiptv.to\/tr\/android-tv-2025\/\"><strong>IPTV Uygulamalar\u0131<\/strong>:<\/a> IPTV Smarters Pro, TiviMate ve di\u011fer \u00f6nde gelen oynat\u0131c\u0131larla \u00e7al\u0131\u015f\u0131r.<\/li>\n    <\/ul>\n    <p>Kurulumu zahmetsizdir; bir uygulama indirin, kodunuzu girin ve dakikalar i\u00e7inde izlemeye ba\u015flay\u0131n. Karma\u015f\u0131k kurulumlara veya teknisyenlere gerek yok. Yay\u0131n kurulumunuzu optimize etme ipu\u00e7lar\u0131 i\u00e7in buray\u0131 inceleyin. <a href=\"https:\/\/www.lifewire.com\/how-to-set-up-iptv-4173240\" class=\"outbound\" target=\"_blank\" rel=\"noopener\">IPTV kurulum k\u0131lavuzu<\/a>.<\/p>\n  <\/section>\n\n  <section>\n    <h2>Her \u0130zleyici \u0130\u00e7in Uygun Fiyatl\u0131 Planlar<\/h2>\n    <p>IPTV Nova, her b\u00fct\u00e7eye uygun esnek fiyatland\u0131rma sunarak birinci s\u0131n\u0131f e\u011flenceyi eri\u015filebilir hale getiriyor. Sat\u0131n almadan \u00f6nce 36 saatlik deneme s\u00fcr\u00fcm\u00fcyle risksiz deneyin.<\/p>\n    <div class=\"pricing-grid\">\n      <div class=\"pricing-card\">\n        <h3>1 Ay<\/h3>\n        <p>$7.99<\/p>\n        <span class=\"highlight\">Deneyin<\/span>\n        <p>Geni\u015f i\u00e7erik k\u00fct\u00fcphanesini ke\u015ffetmek ve sorunsuz yay\u0131n yapmak i\u00e7in m\u00fckemmel.<\/p>\n        <a href=\"https:\/\/panel.novaiptv.org\/\" class=\"cta-button\" target=\"_blank\" rel=\"noopener\">Plan Se\u00e7in<\/a>\n      <\/div>\n      <div class=\"pricing-card\">\n        <h3>3 Ay<\/h3>\n        <p>$22.99<\/p>\n        <span class=\"highlight\">40%&#039;yi kaydedin<\/span>\n        <p>Tasarruf ve esneklik arayan s\u0131radan izleyiciler i\u00e7in idealdir.<\/p>\n        <a href=\"https:\/\/panel.novaiptv.org\/\" class=\"cta-button\" target=\"_blank\" rel=\"noopener\">Plan Se\u00e7in<\/a>\n      <\/div>\n      <div class=\"pricing-card\">\n        <h3>6 Ay<\/h3>\n        <p>$49.99<\/p>\n        <span class=\"highlight\">Harika De\u011fer<\/span>\n        <p>Daha b\u00fcy\u00fck tasarruflar ve kesintisiz e\u011flence i\u00e7in daha uzun vadeli taahh\u00fct.<\/p>\n        <a href=\"https:\/\/panel.novaiptv.org\/\" class=\"cta-button\" target=\"_blank\" rel=\"noopener\">Plan Se\u00e7in<\/a>\n      <\/div>\n      <div class=\"pricing-card\">\n        <h3>12 Ay<\/h3>\n        <p>$69.99<\/p>\n        <span class=\"highlight\">En \u0130yi F\u0131rsat<\/span>\n        <p>Bir y\u0131ll\u0131k premium yay\u0131n i\u00e7in en d\u00fc\u015f\u00fck fiyat\u0131 yakalay\u0131n.<\/p>\n        <a href=\"https:\/\/panel.novaiptv.org\/\" class=\"cta-button\" target=\"_blank\" rel=\"noopener\">Plan Se\u00e7in<\/a>\n      <\/div>\n    <\/div>\n    <p style=\"text-align: center; margin-top: 2rem;\">Taahh\u00fctte bulunmaya haz\u0131r de\u011fil misiniz? Bizimle ba\u015flay\u0131n <strong>36 saat \u00fccretsiz <\/strong><a href=\"https:\/\/novaiptv.to\/tr\/iptv-ucretsiz-deneme-kanada-2025\/\">milyonlarca insan\u0131n neden IPTV&#039;yi tercih etti\u011fini deneyin ve deneyimleyin<\/a> Nova.<\/p>\n    <a href=\"https:\/\/panel.novaiptv.org\/\" class=\"cta-button\" style=\"display: block; text-align: center;\" target=\"_blank\" rel=\"noopener\">\u015eimdi \u00dccretsiz Deneyin<\/a>\n  <\/section>\n\n  <section>\n    <h2>IPTV Nova ile Yay\u0131n Yapmak G\u00fcvenli mi?<\/h2>\n    <p>Bu hizmetin merkezinde g\u00fcvenlik ve g\u00fcvenilirlik yer almaktad\u0131r. <a href=\"https:\/\/novaiptv.to\/tr\/iptv-odyssey-stratejileri\/\">IPTV Nova, yay\u0131n ak\u0131\u015f\u0131 yapabilmenizi sa\u011flar<\/a> tam bir g\u00fcvenle.<\/p>\n    <ul>\n      <li><strong>Yasal \u0130\u00e7erik<\/strong>: \u0130\u00e7erik da\u011f\u0131t\u0131m haklar\u0131yla tam uyumlu, endi\u015fesiz izleme imkan\u0131.<\/li>\n      <li><strong>G\u00fcvenli Ak\u0131\u015f<\/strong>: AES-256-bit \u015fifreleme verilerinizi ve i\u015flemlerinizi korur.<\/li>\n      <li><strong>Gizlilik Korumas\u0131<\/strong>: \u0130ste\u011fe ba\u011fl\u0131 VPN deste\u011fi, etkinli\u011finizi \u0130SS&#039;lerden gizli tutar.<\/li>\n      <li><strong>G\u00fcvenilir Performans<\/strong>: \u00dc\u00e7 k\u0131tada Tier-1 sunucularla 99,9% \u00e7al\u0131\u015fma s\u00fcresi.<\/li>\n    <\/ul>\n    <p>Do\u011frulanmam\u0131\u015f sa\u011flay\u0131c\u0131lar\u0131n aksine, IPTV Nova g\u00fcvenli, yasal ve istikrarl\u0131 bir deneyim sunar. K\u00fcresel sunucu a\u011f\u0131m\u0131z, yo\u011fun saatlerde bile tutarl\u0131 performans sa\u011flar, b\u00f6ylece hi\u00e7bir an\u0131 ka\u00e7\u0131rmazs\u0131n\u0131z. G\u00fcvenli yay\u0131n ak\u0131\u015f\u0131 hakk\u0131nda daha fazla bilgi i\u00e7in buray\u0131 okuyun. <a href=\"https:\/\/www.pcmag.com\/how-to\/how-to-safely-stream-content-with-iptv\" class=\"outbound\" target=\"_blank\" rel=\"noopener\">g\u00fcvenli IPTV ak\u0131\u015f\u0131 k\u0131lavuzu<\/a>.<\/p>\n  <\/section>\n\n  <section>\n    <h2>Ak\u0131\u015f Yolculu\u011funuza Ba\u015flay\u0131n<\/h2>\n    <p>\u00dc\u00e7 kolay ad\u0131mda yay\u0131n devrimine kat\u0131l\u0131n:<\/p>\n    <ol>\n      <li><strong>Sitemizi ziyaret edin<\/strong>: Git <a href=\"https:\/\/novaiptv.to\/tr\/\">novaiptv.org<\/a> ve bir plan veya \u00fccretsiz deneme s\u00fcr\u00fcm\u00fc se\u00e7in.<\/li>\n      <li><strong>Bir Uygulama \u0130ndirin<\/strong>: D\u00fczenlemek <a href=\"https:\/\/novaiptv.to\/tr\/iptv-smarters-pro-lite-2025\/\">IPTV Smarters Pro<\/a>, TiviMate veya uyumlu bir oynat\u0131c\u0131.<\/li>\n      <li><strong>Etkinle\u015ftir ve \u0130zle<\/strong>: 18.000&#039;den fazla kanal ve 50.000&#039;den fazla ba\u015fl\u0131\u011fa eri\u015fmek i\u00e7in kodunuzu girin.<\/li>\n    <\/ol>\n    <p>IPTV Nova ile unutulmaz anlar yarat\u0131yorsunuz: Aile film geceleri, <a href=\"https:\/\/novaiptv.to\/tr\/canli-sporlar-icin-en-iyi-iptv-aboneligi\/\">canl\u0131 sporlar<\/a> Heyecan verici anlar veya k\u00fcresel haberleri takip etmek. Sezgisel tasar\u0131m\u0131m\u0131z, ilk kez kullan\u0131c\u0131lar\u0131n bile zahmetsizce yay\u0131n ak\u0131\u015f\u0131na ba\u015flamas\u0131n\u0131 sa\u011flar. 2025&#039;te IPTV Nova ile kablosuz yay\u0131na ge\u00e7i\u015fi benimseyen milyonlarca ki\u015fiye kat\u0131l\u0131n.<\/p>\n    <a href=\"https:\/\/panel.novaiptv.org\/\" class=\"cta-button\" target=\"_blank\" rel=\"noopener\">Devrime Kat\u0131l\u0131n<\/a>\n  <\/section>\t\t\t\t<\/div>\n\t\t\t\t\t<\/div>\n\t\t\t\t<\/div>\n\t\t\t\t<\/div>","protected":false},"excerpt":{"rendered":"<p>IPTV Nova &#8211; Your 2025 Streaming Revolution Experience vibrant, seamless entertainment with a top-rated streaming service! Launch Your 36-Hour Free Trial What is IPTV Nova? IPTV Nova is your gateway to a boundless entertainment universe, delivering over 18,000 live TV&#8230;<\/p>","protected":false},"author":1,"featured_media":7782,"parent":0,"menu_order":0,"comment_status":"closed","ping_status":"closed","template":"","meta":{"footnotes":""},"class_list":["post-7773","page","type-page","status-publish","has-post-thumbnail","hentry"],"_links":{"self":[{"href":"https:\/\/novaiptv.to\/tr\/wp-json\/wp\/v2\/pages\/7773","targetHints":{"allow":["GET"]}}],"collection":[{"href":"https:\/\/novaiptv.to\/tr\/wp-json\/wp\/v2\/pages"}],"about":[{"href":"https:\/\/novaiptv.to\/tr\/wp-json\/wp\/v2\/types\/page"}],"author":[{"embeddable":true,"href":"https:\/\/novaiptv.to\/tr\/wp-json\/wp\/v2\/users\/1"}],"replies":[{"embeddable":true,"href":"https:\/\/novaiptv.to\/tr\/wp-json\/wp\/v2\/comments?post=7773"}],"version-history":[{"count":0,"href":"https:\/\/novaiptv.to\/tr\/wp-json\/wp\/v2\/pages\/7773\/revisions"}],"wp:featuredmedia":[{"embeddable":true,"href":"https:\/\/novaiptv.to\/tr\/wp-json\/wp\/v2\/media\/7782"}],"wp:attachment":[{"href":"https:\/\/novaiptv.to\/tr\/wp-json\/wp\/v2\/media?parent=7773"}],"curies":[{"name":"wp","href":"https:\/\/api.w.org\/{rel}","templated":true}]}}