{"id":7998,"date":"2025-08-25T11:42:06","date_gmt":"2025-08-25T11:42:06","guid":{"rendered":"https:\/\/novaiptv.to\/?page_id=7998"},"modified":"2025-11-04T19:00:53","modified_gmt":"2025-11-04T19:00:53","slug":"iptv-aboneligi-satin-al-abd-2025","status":"publish","type":"page","link":"https:\/\/novaiptv.to\/tr\/iptv-aboneligi-satin-al-abd-2025\/","title":{"rendered":"IPTV Aboneli\u011fi ABD 2025 Sat\u0131n Al\u0131n: Premium Yay\u0131n Ak\u0131\u015f\u0131n\u0131n Kilidini Bug\u00fcn A\u00e7\u0131n"},"content":{"rendered":"<section class=\"nova-typo nova-typo--light\">\n <style>\n    \/* ========= TYPOGRAPHY-ONLY FIX (Scoped & Strong) ========= *\/\n    .nova-fix-typo{\n  \n      --h:#0f172a;        \/* headings *\/\n      --p:#111827;        \/* paragraph *\/\n      --muted:#475569;    \n      --link:#0b6bff;    \n      --link-h:#084ec8;   \n      font-family: system-ui,-apple-system,Segoe UI,Roboto,Inter,Arial,sans-serif;\n    }\n    .nova-fix-typo--dark{\n      --h:#ffffff; --p:#e5efff; --muted:#c6d3ea; --link:#3ea6ff; --link-h:#7fc5ff;\n    }\n\n    .nova-fix-typo :is(h1,h2,h3,h4,h5,h6,p,span,a,li,ul,ol,em,strong,small,table,td,th,figcaption){\n      color: inherit !important;\n      opacity: 1 !important;\n      filter: none !important;\n      text-shadow: none !important;\n    }\n\n    .nova-fix-typo :is(.wp-block-heading,h1,h2,h3,h4,h5,h6){\n      color: var(--h) !important;\n      line-height: 1.2 !important;\n      margin: .8em 0 .35em !important;\n      letter-spacing: .2px;\n      font-weight: 800 !important;\n    }\n    .nova-fix-typo h1{ font-size: clamp(28px,4vw,42px) !important; }\n    .nova-fix-typo h2{ font-size: clamp(22px,3vw,32px) !important; font-weight: 800 !important;}\n    .nova-fix-typo h3{ font-size: clamp(18px,2.2vw,22px) !important; font-weight: 750 !important;}\n\n    .nova-fix-typo p,\n    .nova-fix-typo .wp-block-paragraph{\n      color: var(--p) !important;\n      font-size: clamp(15.5px,1.1vw,17px) !important;\n      line-height: 1.75 !important;\n      margin: .5em 0 .9em !important;\n      font-weight: 500 !important;\n    }\n\n    .nova-fix-typo small,\n    .nova-fix-typo .has-small-font-size,\n    .nova-fix-typo .is-style-subtle,\n    .nova-fix-typo .wp-block-heading + p:first-of-type{\n      color: var(--muted) !important;\n    }\n\n    .nova-fix-typo a{\n      color: var(--link) !important;\n      text-decoration: none !important;\n      font-weight: 700 !important;\n    }\n    .nova-fix-typo a:hover,\n    .nova-fix-typo a:focus{\n      color: var(--link-h) !important;\n      text-decoration: underline !important;\n    }\n    .nova-fix-typo a:visited{ color: var(--link) !important; }\n\n    .nova-fix-typo :is(ul,ol){\n      color: var(--p) !important;\n      margin: .5em 0 .9em 1.2em !important;\n    }\n    .nova-fix-typo li{ margin: .35em 0 !important; }\n    .nova-fix-typo li::marker{ color: var(--muted) !important; }\n\n    .nova-fix-typo table,\n    .nova-fix-typo th,\n    .nova-fix-typo td{\n      color: var(--p) !important;\n      font-size: clamp(14.5px,1vw,16px) !important;\n      line-height: 1.6 !important;\n      font-weight: 600 !important;\n    }\n\n    .nova-fix-typo p img{ display:block; margin:.6em 0; height:auto; }\n\n    .nova-fix-typo [class*=\"has-text-color\"]{ color: var(--p) !important; }\n    .nova-fix-typo .has-link-color{ color: var(--link) !important; }\n  <\/style>\n\n\n\n  \n  <h1 class=\"wp-block-heading\"><\/h1>\n  \n\n  \n  <p>Milyonlarca ki\u015finin rakipsiz e\u011flence i\u00e7in neden 2025&#039;te ABD&#039;de IPTV aboneli\u011fi sat\u0131n almay\u0131 tercih etti\u011fini ke\u015ffedin. Nova IPTV ile ba\u015flay\u0131n - h\u0131zl\u0131, uygun fiyatl\u0131 ve t\u00fcm cihazlar\u0131n\u0131zla uyumlu.<\/p>\n  \n\n\n<\/section>\n\n  <!-- ===== Your content (unchanged) ===== -->\n\n  \n  <h1 class=\"wp-block-heading\"><\/h1>\n  \n\n  \n\n  \n\n  \n  <p><a href=\"https:\/\/subpanel.me\" target=\"_blank\" rel=\"noopener\">\ud83d\udc49 IPTV Aboneli\u011fini Hemen Sat\u0131n Al\u0131n<\/a><a href=\"https:\/\/novaiptv.to\/tr\/nova-iptv-fiyatlandirmasi\/\" data-type=\"page\" data-id=\"5796\">\ud83d\udcb2 Fiyatland\u0131rma Planlar\u0131n\u0131 G\u00f6r\u00fcnt\u00fcle<\/a><\/p>\n  \n\n  \n  <ul class=\"wp-block-list\">\n  <li><a href=\"\/tr\/#why-iptv-usa-2025\">ABD&#039;de IPTV 2025 Neden?<\/a><\/li>\n  \n\n  \n  <li><a href=\"\/tr\/#benefits-iptv-usa\">Faydalar<\/a><\/li>\n  \n\n  \n  <li><a href=\"\/tr\/#nova-features\">Nova IPTV \u00d6zellikleri<\/a><\/li>\n  \n\n  \n  <li><a href=\"\/tr\/#install-guides\">Kurulum K\u0131lavuzlar\u0131<\/a><\/li>\n  \n\n  \n  <li><a href=\"\/tr\/#pricing-usa-2025\">Fiyatland\u0131rma<\/a><\/li>\n  \n\n  \n  <li><a href=\"\/tr\/#testimonials\">Referanslar<\/a><\/li>\n  \n\n  \n  <li><a href=\"\/tr\/#comparison-2025\">Kar\u015f\u0131la\u015ft\u0131rmak<\/a><\/li>\n  \n\n  \n  <li><a href=\"\/tr\/#faq-iptv-usa-2025\">SSS<\/a><\/li>\n  <\/ul>\n  \n\n  \n  <h2 class=\"wp-block-heading\">IPTV&#039;nin ABD&#039;de 2025&#039;te Trend Olmas\u0131n\u0131n Sebebi: Televizyonun Gelece\u011fi<\/h2>\n  \n\n  \n  <p>2025 y\u0131l\u0131nda, Amerikal\u0131lar\u0131n televizyon izleme bi\u00e7imi b\u00fcy\u00fck bir d\u00f6n\u00fc\u015f\u00fcm ge\u00e7iriyor. Daha fazla insan televizyon sat\u0131n almay\u0131 tercih ettik\u00e7e, geleneksel kablolu TV&#039;nin modas\u0131 ge\u00e7iyor. <a class=\"wpil_keyword_link\" href=\"https:\/\/novaiptv.to\/tr\/\" title=\"IPTV aboneli\u011fi\" data-wpil-keyword-link=\"linked\">IPTV aboneli\u011fi<\/a> ABD 2025. Bu de\u011fi\u015fim, modern ya\u015fam tarzlar\u0131na uygun, esnek ve iste\u011fe ba\u011fl\u0131 i\u00e7erik talebiyle tetikleniyor. Artan kablo TV maliyetleri ve s\u0131n\u0131rl\u0131 se\u00e7eneklerle IPTV, ferahlat\u0131c\u0131 bir alternatif sunuyor.<\/p>\n  \n\n  \n  <p><a href=\"https:\/\/novaiptv.to\/tr\/2025in-en-iyi-iptv-hizmeti\/\" title=\"Nova IPTV 2025 \u2013 Resmi IPTV Yay\u0131n Hizmeti | Canl\u0131 TV&#039;yi \u00c7evrimi\u00e7i \u0130zleyin\" data-wpil-monitor-id=\"27\">IPTV teslimi<\/a>\u0130nternet \u00fczerinden canl\u0131 TV kanallar\u0131, filmler ve programlar izleyin; hantal kablolar veya pahal\u0131 donan\u0131mlar yok. Kablolardan kurtulma trendi ivme kazan\u0131rken, <a href=\"https:\/\/www.cordcuttersnews.com\/\" target=\"_blank\" rel=\"noreferrer noopener\">CordCutters Haberleri<\/a> IPTV&#039;nin ev e\u011flencesini nas\u0131l de\u011fi\u015ftirdi\u011fini vurgulay\u0131n. Y\u00fcksek h\u0131zl\u0131 internetin yayg\u0131n oldu\u011fu ABD&#039;de, <a class=\"wpil_keyword_link\" href=\"https:\/\/novaiptv.to\/tr\/2025te-iptv-ve-kablo-maliyet-karsilastirmasi\/\" title=\"IPTV aboneli\u011fi\" data-wpil-keyword-link=\"linked\">IPTV aboneli\u011fi<\/a> 2025 y\u0131l\u0131nda k\u00fcresel i\u00e7eri\u011fe kolayl\u0131kla eri\u015fim sa\u011flanacak.<\/p>\n  \n\n  \n  <p>Bu trend, Ak\u0131ll\u0131 TV&#039;ler, FireStick, Android ve iOS uygulamalar\u0131ndaki geli\u015fmelerle destekleniyor. Uygun fiyatl\u0131 bir IPTV aboneli\u011fi ar\u0131yorsan\u0131z, Nova IPTV g\u00fcvenilirli\u011fi ve kanal \u00e7e\u015fitlili\u011fiyle \u00f6ne \u00e7\u0131k\u0131yor. \u0130ster spor, ister film veya haber olsun, IPTV ihtiyac\u0131n\u0131z olan her \u015feyi sunuyor.<\/p>\n  \n\n  \n  <p>Ad\u0131m ad\u0131m kurulumu mu istiyorsunuz? <a href=\"https:\/\/novaiptv.to\/tr\/iptv-nova-2025\/\" data-type=\"page\" data-id=\"7773\">IPTV Nas\u0131l Kurulur<\/a> rehberli\u011fi yap\u0131n ve en son geli\u015fmeleri kontrol edin <a href=\"https:\/\/novaiptv.to\/tr\/nova-iptv-fiyatlandirmasi\/\" data-type=\"page\" data-id=\"5796\">fiyatland\u0131rma<\/a> Abone olmadan \u00f6nce.<\/p>\n  \n\n  \n  <h2 class=\"wp-block-heading\">ABD&#039;de IPTV Aboneli\u011fi Sat\u0131n Alman\u0131n 2025&#039;teki Faydalar\u0131<\/h2>\n  \n\n  \n  <p><img fetchpriority=\"high\" decoding=\"async\" src=\"https:\/\/novaiptv.to\/wp-content\/uploads\/2025\/08\/benefit.webp\" alt=\"2025&#039;te ABD&#039;de IPTV Aboneli\u011finin Faydalar\u0131\" width=\"1200\" height=\"600\"><\/p>\n  \n\n  \n  <p>Sat\u0131n almaya karar verdi\u011finizde <a href=\"https:\/\/novaiptv.to\/tr\/canli-sporlar-icin-en-iyi-iptv-aboneligi\/\">IPTV aboneli\u011fi<\/a> ABD 2025&#039;te geleneksel televizyonu geride b\u0131rakan avantajlar\u0131n kilidini a\u00e7acaks\u0131n\u0131z.<\/p>\n  \n\n  \n  <h3 class=\"wp-block-heading\">Maliyet Etkin E\u011flence<\/h3>\n  \n\n  \n  <p>Kablo faturalar\u0131 ayda $100&#039;\u00fc a\u015fabilir. Ucuz bir IPTV <a href=\"https:\/\/novaiptv.to\/tr\/2025in-en-iyi-ucretsiz-deneme-iptv-aboneligi\/\">abonelik<\/a> Nova IPTV gibi hizmetlerin maliyeti ise bunun \u00e7ok daha az bir k\u0131sm\u0131na denk geliyor; gizli \u00fccretler veya uzun vadeli s\u00f6zle\u015fmeler yok.<\/p>\n  \n\n  \n  <h3 class=\"wp-block-heading\">Geni\u015f Kanal \u00c7e\u015fitlili\u011fi<\/h3>\n  \n\n  \n  <p>Uluslararas\u0131 kanallar\u0131n, premium sporlar\u0131n ve iste\u011fe ba\u011fl\u0131 i\u00e7eriklerin keyfini \u00e7\u0131kar\u0131n. Nova IPTV, farkl\u0131 kitlelere uygun geni\u015f bir HD se\u00e7ene\u011fi yelpazesi sunar.<\/p>\n  \n\n  \n  <h3 class=\"wp-block-heading\">Y\u00fcksek Kaliteli Yay\u0131n<\/h3>\n  \n\n  \n  <p>\u00d6zellikle ABD&#039;deki y\u00fcksek h\u0131zl\u0131 ba\u011flant\u0131larda minimum ara belle\u011fe alma ile 4K ve HD yay\u0131nlar\u0131 bekleyin.<\/p>\n  \n\n  \n  <h3 class=\"wp-block-heading\">\u00c7oklu Cihaz Uyumlulu\u011fu<\/h3>\n  \n\n  \n  <p>Smart TV, FireStick, Android TV ve iOS&#039;ta sorunsuz \u00e7al\u0131\u015f\u0131r. Aileler, tercih ettikleri cihazlardan yay\u0131n izleyebilir.<\/p>\n  \n\n  \n  <h3 class=\"wp-block-heading\">\u0130ste\u011fe Ba\u011fl\u0131 Esneklik<\/h3>\n  \n\n  \n  <p>VOD k\u00fct\u00fcphaneleri, duraklatma ve tekrar oynatma \u00f6zellikleri program\u0131n\u0131za g\u00f6re izlemenize yard\u0131mc\u0131 olur.<\/p>\n  \n\n  \n  <ul class=\"wp-block-list\">\n  <li>Kablo TV&#039;ye k\u0131yasla 80%&#039;ye kadar tasarruf edin<\/li>\n  \n\n  \n  <li>10.000&#039;den fazla kanala ve 50.000&#039;den fazla VOD&#039;a eri\u015fin<\/li>\n  \n\n  \n  <li>Birden fazla cihazda yay\u0131n yap\u0131n<\/li>\n  \n\n  \n  <li>7\/24 m\u00fc\u015fteri deste\u011fi<\/li>\n  <\/ul>\n  \n\n  \n  <p><a href=\"https:\/\/subpanel.me\" target=\"_blank\" rel=\"noopener\">Dakikalar \u0130\u00e7inde \u0130zlemeye Ba\u015flay\u0131n<\/a><\/p>\n  \n\n  \n  <h2 class=\"wp-block-heading\">Nova IPTV \u00d6zellikleri: 2025 \u0130\u00e7in H\u0131zl\u0131, Uygun Fiyatl\u0131 ve \u00c7ok Y\u00f6nl\u00fc<\/h2>\n  \n\n  \n  <p><img decoding=\"async\" src=\"https:\/\/novaiptv.to\/wp-content\/uploads\/2025\/08\/features.webp\" alt=\"Nova IPTV, 2025&#039;te ABD izleyicilerine y\u00f6nelik\" width=\"1200\" height=\"600\"><\/p>\n  \n\n  \n  <p>2025&#039;te ABD&#039;de IPTV aboneli\u011fi mi sat\u0131n almak istiyorsunuz? Nova IPTV&#039;yi farkl\u0131 k\u0131lan \u00f6zellikler \u015funlard\u0131r.<\/p>\n  \n\n  \n  <h3 class=\"wp-block-heading\">Y\u0131ld\u0131r\u0131m H\u0131z\u0131nda Yay\u0131n<\/h3>\n  \n\n  \n  <p>ABD trafi\u011fi i\u00e7in optimize edilmi\u015f rotalar, yo\u011fun saatlerde bile ara belle\u011fe al\u0131nmayan ak\u0131\u015flar sa\u011flar.<\/p>\n  \n\n  \n  <h3 class=\"wp-block-heading\">Uygun Fiyatland\u0131rma<\/h3>\n  \n\n  \n  <p>Kaliteyi \u00f6d\u00fcn vermeden her b\u00fct\u00e7eye uygun planlar. <a href=\"https:\/\/novaiptv.to\/tr\/nova-iptv-fiyatlandirmasi\/\" data-type=\"page\" data-id=\"5796\">son fiyatland\u0131rma<\/a> ve mevsimsel teklifler.<\/p>\n  \n\n  \n  <h3 class=\"wp-block-heading\">Cihaz Uyumlulu\u011fu<\/h3>\n  \n\n  \n  <p><a class=\"wpil_keyword_link\" href=\"https:\/\/novaiptv.to\/tr\/\" title=\"En iyi IPTV\" data-wpil-keyword-link=\"linked\">En iyi IPTV<\/a> FireStick 2025 i\u00e7in ve Ak\u0131ll\u0131 TV&#039;ler, Android TV kutular\u0131 ve iOS cihazlar\u0131yla tamamen uyumludur.<\/p>\n  \n\n  \n  <h3 class=\"wp-block-heading\">Kapsaml\u0131 \u0130\u00e7erik K\u00fct\u00fcphanesi<\/h3>\n  \n\n  \n  <p>Haberlerden spora, e\u011flenceden VOD&#039;a kadar her \u015fey tek bir abonelikte. Okuyun <a href=\"\/tr\/ogretici\/\">m\u00fc\u015fteri yorumlar\u0131<\/a> Daha fazlas\u0131n\u0131 \u00f6\u011frenmek i\u00e7in.<\/p>\n  \n\n  \n  <h3 class=\"wp-block-heading\">G\u00fcvenli ve G\u00fcvenilir<\/h3>\n  \n\n  \n  <p>Gizlili\u011fe \u00f6nem veren kullan\u0131c\u0131lar i\u00e7in kararl\u0131 yay\u0131nlar ve VPN uyumlu yap\u0131land\u0131rma. Yard\u0131ma m\u0131 ihtiyac\u0131n\u0131z var? <a href=\"https:\/\/novaiptv.to\/tr\/iptv-rehberi\/\" data-type=\"page\" data-id=\"7748\">SSS<\/a>.<\/p>\n  \n\n  \n  <h2 class=\"wp-block-heading\">Nova IPTV Farkl\u0131 Cihazlara Nas\u0131l Kurulur (2025)<\/h2>\n  \n\n  \n  <p>Bu h\u0131zl\u0131 k\u0131lavuzlar\u0131 izleyin ve ard\u0131ndan \u015furaya ge\u00e7in: <a href=\"https:\/\/subpanel.me\" target=\"_blank\" rel=\"noopener\">Abone<\/a> Hesab\u0131n\u0131z\u0131 etkinle\u015ftirmek i\u00e7in. T\u00fcm e\u011fitimler i\u00e7in bkz. <a href=\"https:\/\/novaiptv.to\/tr\/2025in-en-iyi-iptv-aboneligi\/\" data-type=\"page\" data-id=\"7427\">IPTV Nas\u0131l Kurulur<\/a>.<\/p>\n  \n\n  \n  <h3 class=\"wp-block-heading\">Ak\u0131ll\u0131 TV (Samsung\/LG)<\/h3>\n  \n\n  \n  <ol class=\"wp-block-list\">\n  <li>Televizyonunuzun uygulama ma\u011fazas\u0131n\u0131 a\u00e7\u0131n.<\/li>\n  \n\n  \n  <li>\u201cIPTV Smarters Pro\u201d ifadesini aray\u0131n.<\/li>\n  \n\n  \n  <li>Uygulamay\u0131 y\u00fckleyin ve ba\u015flat\u0131n.<\/li>\n  \n\n  \n  <li>Nova IPTV kimlik bilgilerinizi girin (kullan\u0131c\u0131 ad\u0131, \u015fifre, sunucu URL&#039;si).<\/li>\n  \n\n  \n  <li>Yay\u0131n\u0131 ba\u015flat\u0131n.<\/li>\n  <\/ol>\n  \n\n  \n  <h3 class=\"wp-block-heading\">Ate\u015f \u00c7ubu\u011fu<\/h3>\n  \n\n  \n  <ol class=\"wp-block-list\">\n  <li>\u201cBilinmeyen Kaynaklardan Uygulamalar\u201d\u0131 etkinle\u015ftirin.<\/li>\n  \n\n  \n  <li>Amazon Appstore\u2019dan \u201cDownloader\u201d\u0131 y\u00fckleyin.<\/li>\n  \n\n  \n  <li>Nova IPTV APK URL&#039;sini girin.<\/li>\n  \n\n  \n  <li>Kurun ve oturum a\u00e7\u0131n.<\/li>\n  <\/ol>\n  \n\n  \n  <h3 class=\"wp-block-heading\">Android (Telefon\/TV Kutusu)<\/h3>\n  \n\n  \n  <p><img decoding=\"async\" src=\"https:\/\/novaiptv.to\/wp-content\/uploads\/2025\/08\/android.webp\" alt=\"Nova IPTV&#039;yi Android TV ve Android telefonlara y\u00fckleyin\" width=\"1200\" height=\"600\"><\/p>\n  \n\n  \n  <ol class=\"wp-block-list\">\n  <li>APK&#039;y\u0131 resmi web sitemizden indirin.<\/li>\n  \n\n  \n  <li>\u201cBilinmeyen uygulamalar\u0131 y\u00fckle\u201d se\u00e7ene\u011fini etkinle\u015ftirin.<\/li>\n  \n\n  \n  <li>Kurun ve giri\u015f yap\u0131n.<\/li>\n  <\/ol>\n  \n\n  \n  <h3 class=\"wp-block-heading\">iOS (iPhone\/iPad)<\/h3>\n  \n\n  \n  <ol class=\"wp-block-list\">\n  <li>Uyumlu bir tane y\u00fckleyin <a href=\"https:\/\/novaiptv.to\/tr\/firestick-icin-en-iyi-iptv-oynaticisi\/\">Uygulamadan IPTV oynat\u0131c\u0131s\u0131<\/a> Ma\u011faza.<\/li>\n  \n\n  \n  <li>Uzaktan \u00e7alma listenizi ekleyin (M3U URL).<\/li>\n  \n\n  \n  <li>Kaydedin ve yay\u0131na ba\u015flay\u0131n.<\/li>\n  <\/ol>\n  \n\n  \n  <p><a href=\"https:\/\/subpanel.me\" target=\"_blank\" rel=\"noopener\">\ud83d\udc49 IPTV Aboneli\u011fini Hemen Sat\u0131n Al\u0131n<\/a><\/p>\n  \n\n  \n  <h2 class=\"wp-block-heading\">ABD 2025 i\u00e7in Nova IPTV Fiyatland\u0131rma Planlar\u0131<\/h2>\n  \n\n  \n  <p>\u0130htiya\u00e7lar\u0131n\u0131za uygun bir plan se\u00e7in. T\u00fcm planlara canl\u0131 kanallara ve VOD&#039;ye eri\u015fim dahildir.<\/p>\n  \n\n  \n  <ul class=\"wp-block-list\">\n  <li><strong>Ayl\u0131k:<\/strong> $15 \u2013 Uzun vadeli bir yat\u0131r\u0131m yapmadan \u00f6nce deneyin.<\/li>\n  \n\n  \n  <li><strong>\u00dc\u00e7 ayl\u0131k:<\/strong> $40 \u2013 Daha uzun bir planla 10% tasarruf edin.<\/li>\n  \n\n  \n  <li><strong>Y\u0131ll\u0131k:<\/strong> $120 \u2013 En iyi de\u011fer.<\/li>\n  <\/ul>\n  \n\n  \n  <p>Ayr\u0131nt\u0131lara m\u0131 ihtiyac\u0131n\u0131z var? Tam metni ziyaret edin <a href=\"https:\/\/novaiptv.to\/tr\/nova-iptv-fiyatlandirmasi\/\" data-type=\"page\" data-id=\"5796\">\ud83d\udcb2 Fiyatland\u0131rma Sayfas\u0131<\/a> veya kontrol edin <a href=\"https:\/\/novaiptv.to\/tr\/iptv-rehberi\/\" data-type=\"page\" data-id=\"7748\">SSS<\/a>.<\/p>\n  \n\n  \n  <h2 class=\"wp-block-heading\">M\u00fc\u015fteri G\u00f6r\u00fc\u015fleri: Nova IPTV \u0130ncelemeleri<\/h2>\n  \n\n  \n  <p>Sat\u0131n almay\u0131 se\u00e7en kullan\u0131c\u0131lardan gelen ger\u00e7ek geri bildirimler <a href=\"https:\/\/novaiptv.to\/tr\/ucretsiz-iptv-denemesi-2025\/\" title=\"\u00dccretsiz IPTV Denemesi 2025 \u2013 Nova IPTV ile 36 Saatlik Testinize Ba\u015flay\u0131n\" data-wpil-monitor-id=\"52\">Nova ile IPTV aboneli\u011fi ABD 2025<\/a>.<\/p>\n  \n\n  \n  <p><img loading=\"lazy\" decoding=\"async\" src=\"https:\/\/novaiptv.to\/wp-content\/uploads\/2025\/08\/dan.webp\" alt=\"John D.&#039;nin FireStick&#039;teki Nova IPTV incelemesi\" width=\"96\" height=\"96\"><\/p>\n  \n\n  \n  <p>\u201c&quot;Nova <a href=\"https:\/\/novaiptv.to\/tr\/firestick-icin-en-iyi-iptv-oynaticisi\/\">IPTV, FireStick i\u00e7in en iyi IPTV&#039;dir<\/a> 2025! Kristal berrakl\u0131\u011f\u0131nda sular ve harika fiyatlar.\u201d \u2014 John D., New York<\/p>\n  \n\n  \n  <p><img loading=\"lazy\" decoding=\"async\" src=\"https:\/\/novaiptv.to\/wp-content\/uploads\/2025\/08\/sarah.webp\" alt=\"Sarah L.&#039;nin Android TV&#039;de Nova IPTV incelemesi\" width=\"96\" height=\"96\"><\/p>\n  \n\n  \n  <p>\u201c&quot;Android TV&#039;mde kusursuz. Kolay kurulum ve \u00e7ok say\u0131da kanal.&quot; \u2014 Sarah L., Kaliforniya<\/p>\n  \n\n  \n  <p><img loading=\"lazy\" decoding=\"async\" src=\"https:\/\/novaiptv.to\/wp-content\/uploads\/2025\/08\/mike.webp\" alt=\"Mike R.&#039;nin ucuz IPTV aboneli\u011fini \u00f6ven incelemesi\" width=\"96\" height=\"96\"><\/p>\n  \n\n  \n  <p>\u201c&quot;Uygun fiyatl\u0131 ve g\u00fcvenilir. Spor ve film i\u00e7in m\u00fckemmel.&quot; \u2014 Mike R., Teksas<\/p>\n  \n\n  \n  <p><a href=\"https:\/\/novaiptv.to\/tr\/2025in-en-iyi-iptv-aboneligi\/\" data-type=\"page\" data-id=\"7427\">Daha Fazla \u0130nceleme Oku<\/a><\/p>\n  \n\n  \n  <h2 class=\"wp-block-heading\">Nova IPTV ve Rakipleri: 2025&#039;te Neden Nova&#039;y\u0131 Se\u00e7melisiniz?<\/h2>\n  \n\n  \n  <p>IPTV aboneli\u011fi ABD 2025 sat\u0131n almadan \u00f6nce \u00f6zellikleri kar\u015f\u0131la\u015ft\u0131r\u0131n.<\/p>\n  \n\n  \n  <figure class=\"wp-block-table\"><table class=\"has-fixed-layout\"><thead><tr><th>\u00d6zellik<\/th><th>Nova IPTV<\/th><th>Rakip A<\/th><th>Rakip B<\/th><\/tr><\/thead><tbody><tr><td>Fiyat (Ayl\u0131k)<\/td><td>$15<\/td><td>$20<\/td><td>$18<\/td><\/tr><tr><td>Kanallar<\/td><td>10,000+<\/td><td>8,000<\/td><td>9,000<\/td><\/tr><tr><td>Cihaz Deste\u011fi<\/td><td>FireStick, Ak\u0131ll\u0131 TV, Android, iOS<\/td><td>S\u0131n\u0131rl\u0131<\/td><td>En<\/td><\/tr><tr><td>Ak\u0131\u015f Kalitesi<\/td><td>4K\/HD<\/td><td>Y\u00fcksek \u00e7\u00f6z\u00fcn\u00fcrl\u00fckl\u00fc<\/td><td>Y\u00fcksek \u00e7\u00f6z\u00fcn\u00fcrl\u00fckl\u00fc<\/td><\/tr><tr><td>M\u00fc\u015fteri Deste\u011fi<\/td><td>24\/7<\/td><td>\u00c7al\u0131\u015fma Saatleri<\/td><td>24\/7<\/td><\/tr><\/tbody><\/table><\/figure>\n  \n\n  \n  <p>Kablo kesmeyle ilgili daha geni\u015f ba\u011flam i\u00e7in bkz. <a href=\"https:\/\/www.techradar.com\/\" target=\"_blank\" rel=\"noreferrer noopener\">TechRadar IPTV Rehberi<\/a>.<\/p>\n  \n\n  \n  <p><a href=\"https:\/\/subpanel.me\" target=\"_blank\" rel=\"noopener\">Nova IPTV&#039;ye ge\u00e7in<\/a><\/p>\n  \n\n  \n  <h2 class=\"wp-block-heading\">SSS: IPTV Aboneli\u011fi ABD 2025 Sat\u0131n Al\u0131n<\/h2>\n  \n\n  \n  <p>Daha fazla sorunuz mu var? Ziyaret edin <a href=\"https:\/\/novaiptv.to\/tr\/iptv-rehberi\/\" data-type=\"page\" data-id=\"7748\">SSS sayfas\u0131<\/a> veya <a href=\"https:\/\/novaiptv.to\/tr\/ogretici\/\" data-type=\"page\" data-id=\"3860\">kurulum k\u0131lavuzlar\u0131<\/a>.<\/p>\n  \n\n  \n  <h3 class=\"wp-block-heading\">IPTV aboneli\u011fi ABD 2025&#039;i sat\u0131n alman\u0131n en iyi yolu nedir?<\/h3>\n  \n\n  \n  <p>Gibi g\u00fcvenilir bir sa\u011flay\u0131c\u0131 se\u00e7in <a href=\"https:\/\/novaiptv.to\/tr\/iptv\/usa\/\" title=\"IPTV ABD 2025 \u2013 Nova IPTV i\u00e7in Kapsaml\u0131 Rehber (En \u0130yi Planlar, Cihazlar ve Kurulum)\" data-wpil-monitor-id=\"103\">G\u00fc\u00e7l\u00fc cihazl\u0131 Nova IPTV<\/a> Destek ve h\u0131zl\u0131 aktivasyon. Resmi sayfadan abone olun ve dakikalar i\u00e7inde yay\u0131na ba\u015flay\u0131n.<\/p>\n  \n\n  \n  <h3 class=\"wp-block-heading\">Nova IPTV, FireStick 2025 i\u00e7in en iyi IPTV mi?<\/h3>\n  \n\n  \n  <p>Nova IPTV, kolay kurulumu ve istikrarl\u0131 performans\u0131 nedeniyle FireStick i\u00e7in yayg\u0131n olarak \u00f6nerilmektedir.<\/p>\n  \n\n  \n  <h3 class=\"wp-block-heading\">Ucuz IPTV aboneli\u011finin maliyeti ne kadar?<\/h3>\n  \n\n  \n  <p>Tipik planlar ayl\u0131k $10\u2013$15 aras\u0131nda de\u011fi\u015fmekte olup, kabloya k\u0131yasla daha y\u00fcksek de\u011fer sunmaktad\u0131r.<\/p>\n  \n\n  \n  <h3 class=\"wp-block-heading\">Android TV ve Smart TV&#039;de IPTV kullanabilir miyim?<\/h3>\n  \n\n  \n  <p>Evet\u2014Nova IPTV, uyumlu uygulamalar arac\u0131l\u0131\u011f\u0131yla Android TV kutular\u0131n\u0131 ve b\u00fcy\u00fck Ak\u0131ll\u0131 TV markalar\u0131n\u0131 destekler.<\/p>\n  \n\n  \n  <h3 class=\"wp-block-heading\">Nova IPTV incelemelerinde kullan\u0131c\u0131lar ne diyor?<\/h3>\n  \n\n  \n  <p>Kullan\u0131c\u0131lar, g\u00fcvenilirli\u011fi, uygun fiyatlar\u0131 ve cihazlar aras\u0131 uyumlulu\u011fu vurguluyor. Bkz. <a href=\"https:\/\/novaiptv.to\/tr\/terms\/\" data-type=\"page\" data-id=\"4079\">m\u00fc\u015fteri yorumlar\u0131<\/a>.<\/p>\n  \n\n  \n  <h3 class=\"wp-block-heading\">iOS i\u00e7in IPTV mevcut mu?<\/h3>\n  \n\n  \n  <p>Evet, iOS uyumlu bir IPTV oynat\u0131c\u0131s\u0131 kullan\u0131n ve izlemeye ba\u015flamak i\u00e7in oynatma listenizin URL&#039;sini ekleyin.<\/p>\n  \n\n  \n  <h3 class=\"wp-block-heading\">Planlar\u0131 nerede kar\u015f\u0131la\u015ft\u0131rabilirim veya yard\u0131m isteyebilirim?<\/h3>\n  \n\n  \n  <p>Bizimkini g\u00f6r\u00fcn <a href=\"https:\/\/novaiptv.to\/tr\/nova-iptv-fiyatlandirmasi\/\" data-type=\"page\" data-id=\"5796\">fiyatland\u0131rma<\/a>, ziyaret edin <a href=\"https:\/\/novaiptv.to\/tr\/terms\/\" data-type=\"page\" data-id=\"4079\">SSS<\/a>, veya destek ekibiyle ileti\u015fime ge\u00e7in.<\/p>\n  \n\n  \n  <p><a href=\"https:\/\/subpanel.me\" target=\"_blank\" rel=\"noopener\">\ud83d\udc49 IPTV Aboneli\u011fini Hemen Sat\u0131n Al\u0131n<\/a><a href=\"https:\/\/novaiptv.to\/tr\/nova-iptv-fiyatlandirmasi\/\" data-type=\"page\" data-id=\"5796\">\ud83d\udcb2 Fiyatland\u0131rma Planlar\u0131n\u0131 G\u00f6r\u00fcnt\u00fcle<\/a><\/p>\n  \n\n  \n  <h2 class=\"wp-block-heading\">IPTV Aboneli\u011fi ABD 2025 Sat\u0131n Almaya Haz\u0131r M\u0131s\u0131n\u0131z?<\/h2>\n  \n\n  \n  <p>Nova IPTV&#039;ye ge\u00e7en binlerce ki\u015fiye kat\u0131l\u0131n. Ak\u0131ll\u0131 TV, FireStick, Android ve iOS&#039;ta h\u0131zl\u0131, uygun fiyatl\u0131 ve g\u00fcvenilir yay\u0131nlar\u0131n keyfini \u00e7\u0131kar\u0131n.<a href=\"https:\/\/subpanel.me\" target=\"_blank\" rel=\"noopener\"> IPTV Aboneli\u011fini Hemen Sat\u0131n Al<\/a><\/p>\n  \n<\/section>","protected":false},"excerpt":{"rendered":"<p>Discover why millions are choosing to buy IPTV subscription USA 2025 for unbeatable entertainment. Get started with Nova IPTV \u2013 fast, affordable, and compatible with all your devices. \ud83d\udc49 Buy IPTV Subscription Now\ud83d\udcb2 View Pricing Plans Why IPTV in USA&#8230;<\/p>","protected":false},"author":1,"featured_media":8001,"parent":0,"menu_order":0,"comment_status":"closed","ping_status":"closed","template":"","meta":{"footnotes":""},"class_list":["post-7998","page","type-page","status-publish","has-post-thumbnail","hentry"],"_links":{"self":[{"href":"https:\/\/novaiptv.to\/tr\/wp-json\/wp\/v2\/pages\/7998","targetHints":{"allow":["GET"]}}],"collection":[{"href":"https:\/\/novaiptv.to\/tr\/wp-json\/wp\/v2\/pages"}],"about":[{"href":"https:\/\/novaiptv.to\/tr\/wp-json\/wp\/v2\/types\/page"}],"author":[{"embeddable":true,"href":"https:\/\/novaiptv.to\/tr\/wp-json\/wp\/v2\/users\/1"}],"replies":[{"embeddable":true,"href":"https:\/\/novaiptv.to\/tr\/wp-json\/wp\/v2\/comments?post=7998"}],"version-history":[{"count":0,"href":"https:\/\/novaiptv.to\/tr\/wp-json\/wp\/v2\/pages\/7998\/revisions"}],"wp:featuredmedia":[{"embeddable":true,"href":"https:\/\/novaiptv.to\/tr\/wp-json\/wp\/v2\/media\/8001"}],"wp:attachment":[{"href":"https:\/\/novaiptv.to\/tr\/wp-json\/wp\/v2\/media?parent=7998"}],"curies":[{"name":"wp","href":"https:\/\/api.w.org\/{rel}","templated":true}]}}